{"id":2435,"date":"2017-01-19T19:37:28","date_gmt":"2017-01-20T01:37:28","guid":{"rendered":"https:\/\/www.blackjackinfo.com\/?page_id=2435"},"modified":"2018-01-28T21:17:25","modified_gmt":"2018-01-29T03:17:25","slug":"kens-online-blackjack-experience","status":"publish","type":"page","link":"https:\/\/www.blackjackinfo.com\/fr\/kens-online-blackjack-experience\/","title":{"rendered":"L'exp\u00e9rience de Ken au Blackjack en ligne"},"content":{"rendered":"<p>Lorsque j'ai d\u00e9couvert l'id\u00e9e de parier sur des casinos en ligne, je me suis pos\u00e9 les questions habituelles...<\/p>\n<blockquote><p>Comment savez-vous que les jeux sont \u00e9quitables ?<br \/>\nComment savez-vous qu'ils vous paieront si vous gagnez ?<\/p><\/blockquote>\n<p>J'ai r\u00e9ussi \u00e0 r\u00e9pondre \u00e0 ces questions de mani\u00e8re satisfaisante et je joue d\u00e9sormais en ligne. En fait, \u00e0 l'heure o\u00f9 j'\u00e9cris ces lignes, j'ai jou\u00e9 dans 51 casinos en ligne diff\u00e9rents. Et j'ai gagn\u00e9 de l'argent en jouant. En tant que webmaster d'un site d'information sur les jeux d'argent tr\u00e8s populaire, je re\u00e7ois beaucoup de questions par courrier \u00e9lectronique. De nombreux visiteurs curieux posent les deux grandes questions ci-dessus. Voici donc mon point de vue sur l'industrie des jeux d'argent en ligne, les bons et les mauvais c\u00f4t\u00e9s.<\/p>\n<h2 class=\"gbs-heading\">Les jeux sont-ils \u00e9quitables ?<\/h2>\n<p>Je garde des traces m\u00e9ticuleuses de mon jeu en suivant le montant total des paris que je fais. C'est beaucoup de travail, mais je continue \u00e0 le faire pour plusieurs raisons. La plupart du temps, je joue lorsque des bonus sont en jeu, et les conditions d'encaissement des bonus imposent g\u00e9n\u00e9ralement un certain volume de jeu. Je veux \u00e9galement pouvoir suivre le pourcentage de paris perdus dans l'ensemble.<\/p>\n<p>Compte tenu du grand nombre de parties que j'ai enregistr\u00e9es, je peux affirmer en toute confiance que les jeux auxquels j'ai jou\u00e9 sont \u00e9quitables. En d'autres termes, ils reproduisent fid\u00e8lement les jeux que l'on trouve dans les casinos terrestres. J'ai pari\u00e9 plus de $300 000 en ligne et j'ai perdu au total 0,6% de cette somme. La plupart de ces jeux ont \u00e9t\u00e9 r\u00e9alis\u00e9s au blackjack, avec des marges de la maison allant jusqu'\u00e0 environ 0,5%. Mais j'ai aussi jou\u00e9 aux machines \u00e0 sous en ligne, avec une marge inconnue mais certainement plus \u00e9lev\u00e9e. Perdre 0,6% est un peu \u00e9lev\u00e9, mais c'est raisonnable pour un peu de malchance.<\/p>\n<p><strong>Mise \u00e0 jour<\/strong>: Mon jeu au d\u00e9but de l'ann\u00e9e 2002 a \u00e9t\u00e9 tr\u00e8s rentable. Le total de mes mises a atteint le demi-million de dollars, et je suis en fait en avance sur les jeux sans tenir compte des bonus. C'est assez surprenant pour moi, mais c'est vrai.<\/p>\n<p>Ainsi, dans les casinos o\u00f9 j'ai jou\u00e9, il semble que les jeux soient l\u00e9gitimes. Bien s\u00fbr, il serait tr\u00e8s facile pour un logiciel de jeu en ligne d'\u00eatre programm\u00e9 pour vous tromper. Et je suis certain que certains casinos en ligne le font. Ce n'est pas une co\u00efncidence si je n'ai pas jou\u00e9 sur ces sites. Si vous choisissez un site r\u00e9put\u00e9, je pense que vous pouvez faire confiance aux jeux sans vous inqui\u00e9ter. En particulier, il y a quatre fournisseurs de logiciels majeurs qui, \u00e0 mon avis, sont solides comme le roc. Pour plus d'informations, lisez la suite. En r\u00e9sum\u00e9, je n'ai aucune raison de croire que j'ai d\u00e9j\u00e0 \u00e9t\u00e9 tromp\u00e9 en ligne.<\/p>\n<p>Les op\u00e9rateurs de casinos en ligne les plus avis\u00e9s savent qu'ils peuvent gagner beaucoup plus d'argent en proposant un jeu l\u00e9gitime pendant de nombreuses ann\u00e9es qu'en trompant quelques joueurs \u00e0 court terme. C'est pourquoi la taille et la r\u00e9putation sont importantes.<\/p>\n<p>Comment se fait-il que j'ai perdu 0,6% de mes paris, mais que j'ai quand m\u00eame gagn\u00e9 de l'argent ?<br \/>\nUn seul mot : primes. Continuez \u00e0 lire et je vous expliquerai.<\/p>\n<p><strong>Mise \u00e0 jour<\/strong>: Maintenant que j'ai pris de l'avance au lieu d'avoir 0,6% dans le trou, les primes ne sont que du pur profit.<\/p>\n<p>Mais d'abord, qu'en est-il de la r\u00e9ception de vos gains ? ...<\/p>\n<h2 class=\"gbs-heading\">Serez-vous pay\u00e9 ?<\/h2>\n<p>S'il est un domaine des jeux d'argent en ligne qui m'a d\u00e9\u00e7u, c'est bien le fait que j'ai eu quelques probl\u00e8mes pour r\u00e9cup\u00e9rer mes gains. N\u00e9anmoins, je n'ai jamais \u00e9t\u00e9 d\u00e9pouill\u00e9. Au fil des ans, j'ai effectu\u00e9 des centaines de transactions d'encaissement. J'ai eu des probl\u00e8mes avec cinq d'entre elles. J'ai r\u00e9ussi \u00e0 r\u00e9cup\u00e9rer mes gains \u00e0 chaque fois, mais il m'a fallu passer quelques coups de fil et envoyer des courriels au service client\u00e8le. Si vous choisissez de jouer en ligne, assurez-vous de bien conserver vos donn\u00e9es, sinon vous serez \u00e0 leur merci.<\/p>\n<p><strong>Mise \u00e0 jour<\/strong>: Je n'ai eu aucun probl\u00e8me d'encaissement depuis 2003. Peut-\u00eatre que les retards d'encaissement appartiennent au pass\u00e9.<\/p>\n<p>Quels \u00e9taient donc mes cinq probl\u00e8mes ?<\/p>\n<p>Le paiement le plus lent a \u00e9t\u00e9 effectu\u00e9 au Fairplay Casino, aujourd'hui disparu. Je suppose que je devrais \u00eatre reconnaissant d'avoir re\u00e7u mon argent d'un casino qui a fait faillite \u00e0 cause d'une mauvaise gestion. Heureusement, on ne me devait pas grand-chose quand le casino a ferm\u00e9 ses portes. Quatre mois apr\u00e8s leur fermeture, j'ai re\u00e7u un virement bancaire pour les derniers $35 qu'ils me devaient.<\/p>\n<p>Le casino Lucky Nugget a \u00e9t\u00e9 presque aussi lent, puisqu'il m'a fallu pr\u00e8s de quatre mois pour collecter $85. Lucky Nugget est l'un des premiers casinos auxquels j'ai jou\u00e9, et j'\u00e9tais encore assez m\u00e9fiant \u00e0 l'\u00e9gard des jeux. J'ai re\u00e7u un bonus substantiel de 1T4T110, j'ai jou\u00e9 un peu plus que le montant requis et j'ai encaiss\u00e9 1T4T85 de mes 1T4T100 initiaux pour une perte nette de 1T4T15. Je reste persuad\u00e9 qu'ils ont intentionnellement mal g\u00e9r\u00e9 mon encaissement puisque j'ai jou\u00e9 \u00e0 peine assez pour me qualifier pour mon bonus. Le\u00e7on apprise : Jouez un peu plus lorsque des bonus sont impliqu\u00e9s, ou mieux encore, beaucoup plus.<br \/>\nEnsuite, Captain Cooks Casino, o\u00f9 j'ai attendu 7 semaines pour un transfert PayPal de $349. Leurs all\u00e9gations de divers retards sont assez transparentes, d'autant plus que leur propri\u00e9t\u00e9 s\u0153ur, Illustrated Casino, me donnait du fil \u00e0 retordre au m\u00eame moment.<br \/>\nIllustrated Casino, affili\u00e9 \u00e0 Captain Cooks, a mis 6 semaines pour effectuer un transfert PayPal de $393, cr\u00e9dit\u00e9 par hasard le jour m\u00eame o\u00f9 mon fiasco avec Captain Cooks a \u00e9t\u00e9 r\u00e9solu.<\/p>\n<p>Mon probl\u00e8me le plus r\u00e9cent concerne King Solomon's, o\u00f9 j'ai re\u00e7u un bonus gratuit de $50 pour essayer leur nouveau logiciel. J'ai port\u00e9 le solde \u00e0 $250 et j'ai encaiss\u00e9, mais seule une partie de mon encaissement a \u00e9t\u00e9 cr\u00e9dit\u00e9e sur d'anciens achats par carte de cr\u00e9dit. Deux mois d'appels t\u00e9l\u00e9phoniques et d'e-mails plus tard, j'ai finalement re\u00e7u le reste de mon cr\u00e9dit.<\/p>\n<p>Ces \u00e9pisodes brossent un tableau plut\u00f4t sombre. La bonne nouvelle, c'est que mes autres encaissements ont \u00e9t\u00e9 trait\u00e9s sans probl\u00e8me. En 2004, les d\u00e9lais de paiement moyens ont sembl\u00e9 s'am\u00e9liorer un peu partout. La plupart des paiements sont effectu\u00e9s dans les deux jours, certains en quelques minutes. Dans certains cas, il faut encore plusieurs jours, mais dans l'ensemble, les transactions sont plus rapides que jamais. Aujourd'hui, la plupart de mes transactions sont effectu\u00e9es via Neteller, une sorte de portefeuille en ligne similaire \u00e0 PayPal. (Note de la r\u00e9daction : Neteller s'est finalement retir\u00e9 du march\u00e9 am\u00e9ricain).<\/p>\n<p>Revenons \u00e0 la question : Serez-vous pay\u00e9 ? La r\u00e9ponse est courte : Oui, j'ai toujours \u00e9t\u00e9 pay\u00e9.<\/p>\n<p>Vous trouverez d'autres observations sur les questions de paiement dans la section suivante, Choix d'un casino...<\/p>\n<h2 class=\"gbs-heading\">Choisir un casino<\/h2>\n<p>J'ai entendu dire qu'il y avait plus de 1400 casinos en ligne sur Internet. Je ne peux pas confirmer ce chiffre, mais je sais qu'il existe un tr\u00e8s grand nombre de sites. Et, bien s\u00fbr, chaque site pr\u00e9tend offrir des jeux \u00e9quitables et des paiements rapides. Il est tr\u00e8s important de savoir quels sites sont r\u00e9ellement dignes de confiance. Ma m\u00e9thode est simple : S'en tenir aux sites les plus importants et les plus r\u00e9put\u00e9s. Les casinos en ligne ne deviennent pas populaires sans traiter leurs joueurs \u00e9quitablement.<\/p>\n<p>La premi\u00e8re chose que je souhaite savoir \u00e0 propos d'un casino en ligne est la suivante : Qui a cr\u00e9\u00e9 le logiciel ? Il y a six ou sept soci\u00e9t\u00e9s qui sont largement utilis\u00e9es pour les logiciels de jeux en ligne, ainsi que de nombreux fournisseurs de logiciels de second rang moins populaires. La quasi-totalit\u00e9 de mes jeux se sont d\u00e9roul\u00e9s sur des sites utilisant l'un des quatre grands fournisseurs de logiciels.<\/p>\n<p>MicroGaming : Il s'agit sans doute du fournisseur de logiciels le plus populaire, de nombreux casinos utilisant le logiciel de MicroGaming. Il propose un tr\u00e8s grand nombre de jeux, dont plusieurs grandes machines \u00e0 sous progressives. Le blackjack est excellent, avec de nombreuses vari\u00e9t\u00e9s disponibles.<\/p>\n<p>Cryptologic : Bien qu'ayant \u00e9t\u00e9 un acteur majeur dans le domaine des logiciels de jeux en ligne, la part de march\u00e9 de Cryptologic s'est r\u00e9duite car de nombreux casinos ont \u00e9t\u00e9 abandonn\u00e9s au profit d'autres fournisseurs de logiciels. La marque de casino phare d'Intercasino est toujours un excellent endroit pour jouer. Je n'ai jamais eu de retard ou de probl\u00e8me de paiement avec les casinos propuls\u00e9s par Cryptologic. Une caract\u00e9ristique int\u00e9ressante de leurs jeux est le blackjack multi-joueurs.<\/p>\n<p>Boss Media : C'est le logiciel que je pr\u00e9f\u00e9rais pour jouer. Il est attrayant, rapide et facile. Cependant, ces derni\u00e8res ann\u00e9es, les progr\u00e8s r\u00e9alis\u00e9s par la concurrence n'ont pas \u00e9t\u00e9 r\u00e9percut\u00e9s par Boss Media. Il est toujours bon, mais ce n'est plus mon pr\u00e9f\u00e9r\u00e9. Ce qui est bien, c'est que certains des casinos Boss Media proposent un jeu de blackjack exceptionnel. Certains ne proposent que six jeux, mais quelques-uns offrent encore un jeu \u00e0 un seul jeu avec S17 et DAS. C'est le meilleur jeu sur le net. L'e-cash est g\u00e9r\u00e9 par une soci\u00e9t\u00e9 externe appel\u00e9e WebDollar. Je n'ai jamais eu de probl\u00e8me avec les sites g\u00e9r\u00e9s par Boss Media.<\/p>\n<p>Playtech : Un autre fournisseur de logiciel exceptionnel, avec de nombreux casinos r\u00e9put\u00e9s. C'est actuellement ma plateforme logicielle pr\u00e9f\u00e9r\u00e9e, avec de nombreux jeux int\u00e9ressants et de bons jackpots progressifs. Il y a un jeu de vid\u00e9o poker \u00e0 25c appel\u00e9 MegaJacks qui est souvent assez \u00e9lev\u00e9 pour \u00eatre un jeu rentable.<\/p>\n<p>Parmi les fournisseurs de logiciels de second rang, j'ai \u00e9galement jou\u00e9 sur des sites utilisant le logiciel Real Time Gaming. Bien que le logiciel ne soit pas mauvais, j'ai vu un certain nombre de plaintes sur les forums de discussion concernant des joueurs ayant des difficult\u00e9s \u00e0 percevoir leurs gains. Beaucoup de ces sites semblent \u00eatre sous-bancaris\u00e9s et n\u00e9gocient parfois avec les joueurs pour qu'ils r\u00e9cup\u00e8rent leurs gains au fil du temps. Ce n'est pas l'id\u00e9e que je me fais de la mani\u00e8re dont les choses sont cens\u00e9es fonctionner. Je ne vous remercie pas.<\/p>\n<p><strong>Mise \u00e0 jour<\/strong>: Il y a quelques tr\u00e8s bons casinos Real Time Gaming, j'ai donc ajout\u00e9 une poign\u00e9e de casinos r\u00e9put\u00e9s aux annonceurs ici. Je suis cependant tr\u00e8s exigeant et n'approuve que les meilleurs.<\/p>\n<p>Le deuxi\u00e8me \u00e9l\u00e9ment qui vous int\u00e9resse lorsque vous d\u00e9cidez de d\u00e9poser ou non dans un casino donn\u00e9 est la fa\u00e7on dont vous pouvez le contacter en cas de besoin. Je choisis de ne jouer que sur des sites qui offrent une assistance t\u00e9l\u00e9phonique gratuite. S'ils n'offrent qu'une assistance par courrier \u00e9lectronique, je me dis qu'ils ne doivent pas \u00eatre tr\u00e8s importants.<\/p>\n<p>Enfin, j'examine les proc\u00e9dures d'encaissement pour voir ce qui est disponible et le montant des frais impliqu\u00e9s. Les casinos Cryptologic et Boss Media facturent tous deux $1 pour la plupart des types de transactions. Les retraits sur les sites MicroGaming et Playtech sont g\u00e9n\u00e9ralement gratuits.<\/p>\n<p>Prochainement, j'aborderai la question de l'utilisation des bonus pour faire des b\u00e9n\u00e9fices en ligne...<\/p>\n<h2 class=\"gbs-heading\">Qu'en est-il des primes ?<\/h2>\n<p>Alors que les casinos terrestres offrent aux joueurs des repas, des boissons et des chambres gratuites en \u00e9change de leurs jeux, les casinos en ligne ont tendance \u00e0 offrir le seul substitut disponible : de l'argent liquide. Presque tous les casinos en ligne proposent un bonus d'inscription, qui consiste \u00e0 vous offrir des jetons suppl\u00e9mentaires en \u00e9change de votre premier d\u00e9p\u00f4t. Ces bonus peuvent \u00eatre tr\u00e8s lucratifs dans certains cas. De nombreux sites proposent \u00e9galement des promotions permanentes au cours desquelles ils offrent des jetons suppl\u00e9mentaires.<\/p>\n<p>Si vous jouez avec un bonus, veillez \u00e0 lire les petits caract\u00e8res, ce que l'on appelle les \"termes et conditions\". Parfois, vous devez envoyer un courrier \u00e9lectronique au casino pour recevoir le bonus. Parfois, vous devrez jouer une ou plusieurs fois sur votre d\u00e9p\u00f4t avant de pouvoir b\u00e9n\u00e9ficier du bonus. Enfin, dans presque tous les cas, vous devrez miser plusieurs fois le montant du d\u00e9p\u00f4t et du bonus avant de pouvoir retirer l'argent.<\/p>\n<p>Cependant, dans la plupart des cas, un joueur intelligent peut s'attendre \u00e0 faire un bon profit gr\u00e2ce au bonus. Prenons l'exemple d'un casino MicroGaming proposant une offre de bonus \" Achetez $50, recevez $50 gratuitement \". Supposons que le bonus vous oblige \u00e0 miser le d\u00e9p\u00f4t et le bonus 20 fois avant d'effectuer un retrait. Vous achetez donc $50, ils ajoutent $50, vous commencez avec un solde de $100. Vous devrez miser au moins $2000 avant d'effectuer un retrait. Par exemple, vous pouvez jouer au Blackjack \u00e0 $10 par main pendant 200 mains. La plupart des jeux de blackjack disponibles en ligne ont un avantage de la maison inf\u00e9rieur \u00e0 0,5% si vous utilisez la bonne strat\u00e9gie de base. Ainsi, pour vos $2000 en action, la perte attendue n'est que de $2000 X 0,005, soit $10. Le casino vous a pay\u00e9 $50 pour lui donner $10 en pertes attendues. Ce n'est pas une mauvaise affaire !<\/p>\n<p><strong>Mise \u00e0 jour<\/strong>: Ces offres sont devenues moins lucratives qu'\u00e0 l'\u00e9poque o\u00f9 ce texte a \u00e9t\u00e9 \u00e9crit. De nombreux casinos interdisent d\u00e9sormais de jouer au blackjack pour satisfaire aux exigences de mise du bonus. Au lieu de cela, vous devrez jouer \u00e0 certains jeux dont la marge de la maison est plus \u00e9lev\u00e9e. Lisez attentivement les conditions.<\/p>\n<p>Bien s\u00fbr, ce $10 est la perte moyenne d'un joueur de strat\u00e9gie de base parfait. Votre chance d\u00e9terminera ce qu'il adviendra de votre bankroll. Vous pouvez perdre les $100, ou gagner $100 ou plus. Mais, \u00e0 long terme, vous garderez environ $40 de ce bonus de $50.<\/p>\n<p>Cependant... Les bonus sont devenus le fl\u00e9au de l'industrie des casinos en ligne, certains joueurs \u00e9tant consid\u00e9r\u00e9s par les casinos comme des \"abuseurs de bonus\". Dans la plupart des cas, il s'agit de joueurs qui respectent les termes et conditions \u00e0 la lettre, encaissent le bonus et ne sont plus jamais revus. Les sites en ligne r\u00e9put\u00e9s savent que certains joueurs joueront uniquement pour le bonus, l'encaisseront et ne reviendront plus jamais jouer. C'est le prix \u00e0 payer pour attirer de nouveaux joueurs dans leur casino. Cependant, certains des sites les plus douteux utiliseront toutes les excuses possibles pour \u00e9viter de payer un joueur qui semble n'\u00eatre l\u00e0 que pour le bonus.<\/p>\n<p>Assurez-vous absolument de respecter toutes les conditions mentionn\u00e9es. Et je vous recommande de jouer bien plus que le minimum requis pour encaisser le bonus. N'oubliez pas qu'\u00e0 long terme, votre avantage est \u00e9norme. Bien s\u00fbr, il se peut que vous tombiez sur une s\u00e9rie de mauvaises cartes et que vous perdiez ces $100. Mais il vous arrivera aussi de tomber sur une bonne s\u00e9rie de cartes et de la transformer en $1000 (il est vrai que ce n'est probablement pas le cas avec des paris plats de $10). Si je jouais notre bonus d'exemple, je miserais probablement au moins $3000, et probablement $4000 ou $5000.<\/p>\n<p>Bien entendu, si vous vous en tenez \u00e0 la cr\u00e8me des casinos en ligne, ces derniers vous paieront de toute fa\u00e7on rapidement. Ils comprennent que si un joueur remplit les conditions, le bonus lui revient de droit. S'ils paient rapidement, ils gagneront peut-\u00eatre un joueur pour longtemps.<\/p>\n<p>Les bonus sont l'un des derniers grands cadeaux que vous \u00eates susceptible de voir. Je ne pense pas que les gros bonus disponibles aujourd'hui existeront encore dans quelques ann\u00e9es. Ils sont tout simplement trop chers pour les casinos. Alors, profitez-en tant que vous le pouvez.<\/p>\n<p><strong>Mise \u00e0 jour<\/strong>: Les bonus les plus lucratifs ont en effet disparu. Les bonus d'aujourd'hui sont parfaits pour essayer les casinos, mais ils ne constituent plus un moyen rapide de faire un profit certain. Lisez tout de m\u00eame les conditions et profitez de l'offre disponible.<\/p>","protected":false},"excerpt":{"rendered":"<p>When I was first introduced to the idea of wagering at online casinos, I had the usual questions&#8230; How do you know the games are fair? How do you know they&#8217;ll actually pay you if you win? I&#8217;ve managed to answer those questions to my satisfaction, and now I do play online. In fact, as [&hellip;]<\/p>\n","protected":false},"author":3,"featured_media":0,"parent":0,"menu_order":0,"comment_status":"closed","ping_status":"closed","template":"page-new.php","meta":{"_acf_changed":false,"footnotes":""},"tags":[],"class_list":["post-2435","page","type-page","status-publish","hentry"],"acf":[],"yoast_head":"<!-- This site is optimized with the Yoast SEO plugin v26.6 - https:\/\/yoast.com\/wordpress\/plugins\/seo\/ -->\n<title>Ken&#039;s Online Blackjack Experience<\/title>\n<meta name=\"description\" content=\"When I was first introduced to the idea of wagering at online casinos, I had the usual questions... How do you know the games are fair? How do you know\" \/>\n<meta name=\"robots\" content=\"index, follow, max-snippet:-1, max-image-preview:large, max-video-preview:-1\" \/>\n<link rel=\"canonical\" href=\"https:\/\/www.blackjackinfo.com\/fr\/kens-online-blackjack-experience\/\" \/>\n<meta property=\"og:locale\" content=\"fr_FR\" \/>\n<meta property=\"og:type\" content=\"article\" \/>\n<meta property=\"og:title\" content=\"Ken&#039;s Online Blackjack Experience\" \/>\n<meta property=\"og:description\" content=\"When I was first introduced to the idea of wagering at online casinos, I had the usual questions... How do you know the games are fair? How do you know\" \/>\n<meta property=\"og:url\" content=\"https:\/\/www.blackjackinfo.com\/fr\/kens-online-blackjack-experience\/\" \/>\n<meta property=\"og:site_name\" content=\"BlackjackInfo.com\" \/>\n<meta property=\"article:modified_time\" content=\"2018-01-29T03:17:25+00:00\" \/>\n<meta name=\"twitter:label1\" content=\"Dur\u00e9e de lecture estim\u00e9e\" \/>\n\t<meta name=\"twitter:data1\" content=\"11 minutes\" \/>\n<script type=\"application\/ld+json\" class=\"yoast-schema-graph\">{\"@context\":\"https:\/\/schema.org\",\"@graph\":[{\"@type\":\"WebPage\",\"@id\":\"https:\/\/www.blackjackinfo.com\/kens-online-blackjack-experience\/\",\"url\":\"https:\/\/www.blackjackinfo.com\/kens-online-blackjack-experience\/\",\"name\":\"Ken's Online Blackjack Experience\",\"isPartOf\":{\"@id\":\"https:\/\/www.blackjackinfo.com\/#website\"},\"datePublished\":\"2017-01-20T01:37:28+00:00\",\"dateModified\":\"2018-01-29T03:17:25+00:00\",\"description\":\"When I was first introduced to the idea of wagering at online casinos, I had the usual questions... How do you know the games are fair? How do you know\",\"breadcrumb\":{\"@id\":\"https:\/\/www.blackjackinfo.com\/kens-online-blackjack-experience\/#breadcrumb\"},\"inLanguage\":\"fr-FR\",\"potentialAction\":[{\"@type\":\"ReadAction\",\"target\":[\"https:\/\/www.blackjackinfo.com\/kens-online-blackjack-experience\/\"]}]},{\"@type\":\"BreadcrumbList\",\"@id\":\"https:\/\/www.blackjackinfo.com\/kens-online-blackjack-experience\/#breadcrumb\",\"itemListElement\":[{\"@type\":\"ListItem\",\"position\":1,\"name\":\"Home\",\"item\":\"https:\/\/www.blackjackinfo.com\/\"},{\"@type\":\"ListItem\",\"position\":2,\"name\":\"Ken&#8217;s Online Blackjack Experience\"}]},{\"@type\":\"WebSite\",\"@id\":\"https:\/\/www.blackjackinfo.com\/#website\",\"url\":\"https:\/\/www.blackjackinfo.com\/\",\"name\":\"BlackjackInfo.com\",\"description\":\"Because Winning is More Fun!\",\"potentialAction\":[{\"@type\":\"SearchAction\",\"target\":{\"@type\":\"EntryPoint\",\"urlTemplate\":\"https:\/\/www.blackjackinfo.com\/?s={search_term_string}\"},\"query-input\":{\"@type\":\"PropertyValueSpecification\",\"valueRequired\":true,\"valueName\":\"search_term_string\"}}],\"inLanguage\":\"fr-FR\"}]}<\/script>\n<!-- \/ Yoast SEO plugin. -->","yoast_head_json":{"title":"L'exp\u00e9rience de Ken au Blackjack en ligne","description":"Lorsque j'ai d\u00e9couvert l'id\u00e9e de parier sur des casinos en ligne, je me suis pos\u00e9 les questions habituelles... Comment savoir si les jeux sont \u00e9quitables ? Comment savoir si les jeux sont \u00e9quitables ?","robots":{"index":"index","follow":"follow","max-snippet":"max-snippet:-1","max-image-preview":"max-image-preview:large","max-video-preview":"max-video-preview:-1"},"canonical":"https:\/\/www.blackjackinfo.com\/fr\/kens-online-blackjack-experience\/","og_locale":"fr_FR","og_type":"article","og_title":"Ken's Online Blackjack Experience","og_description":"When I was first introduced to the idea of wagering at online casinos, I had the usual questions... How do you know the games are fair? How do you know","og_url":"https:\/\/www.blackjackinfo.com\/fr\/kens-online-blackjack-experience\/","og_site_name":"BlackjackInfo.com","article_modified_time":"2018-01-29T03:17:25+00:00","twitter_misc":{"Dur\u00e9e de lecture estim\u00e9e":"11 minutes"},"schema":{"@context":"https:\/\/schema.org","@graph":[{"@type":"WebPage","@id":"https:\/\/www.blackjackinfo.com\/kens-online-blackjack-experience\/","url":"https:\/\/www.blackjackinfo.com\/kens-online-blackjack-experience\/","name":"L'exp\u00e9rience de Ken au Blackjack en ligne","isPartOf":{"@id":"https:\/\/www.blackjackinfo.com\/#website"},"datePublished":"2017-01-20T01:37:28+00:00","dateModified":"2018-01-29T03:17:25+00:00","description":"Lorsque j'ai d\u00e9couvert l'id\u00e9e de parier sur des casinos en ligne, je me suis pos\u00e9 les questions habituelles... Comment savoir si les jeux sont \u00e9quitables ? Comment savoir si les jeux sont \u00e9quitables ?","breadcrumb":{"@id":"https:\/\/www.blackjackinfo.com\/kens-online-blackjack-experience\/#breadcrumb"},"inLanguage":"fr-FR","potentialAction":[{"@type":"ReadAction","target":["https:\/\/www.blackjackinfo.com\/kens-online-blackjack-experience\/"]}]},{"@type":"BreadcrumbList","@id":"https:\/\/www.blackjackinfo.com\/kens-online-blackjack-experience\/#breadcrumb","itemListElement":[{"@type":"ListItem","position":1,"name":"Home","item":"https:\/\/www.blackjackinfo.com\/"},{"@type":"ListItem","position":2,"name":"Ken&#8217;s Online Blackjack Experience"}]},{"@type":"WebSite","@id":"https:\/\/www.blackjackinfo.com\/#website","url":"https:\/\/www.blackjackinfo.com\/","name":"BlackjackInfo.com","description":"Parce que gagner, c'est plus amusant !","potentialAction":[{"@type":"SearchAction","target":{"@type":"EntryPoint","urlTemplate":"https:\/\/www.blackjackinfo.com\/?s={search_term_string}"},"query-input":{"@type":"PropertyValueSpecification","valueRequired":true,"valueName":"search_term_string"}}],"inLanguage":"fr-FR"}]}},"_links":{"self":[{"href":"https:\/\/www.blackjackinfo.com\/fr\/wp-json\/wp\/v2\/pages\/2435","targetHints":{"allow":["GET"]}}],"collection":[{"href":"https:\/\/www.blackjackinfo.com\/fr\/wp-json\/wp\/v2\/pages"}],"about":[{"href":"https:\/\/www.blackjackinfo.com\/fr\/wp-json\/wp\/v2\/types\/page"}],"author":[{"embeddable":true,"href":"https:\/\/www.blackjackinfo.com\/fr\/wp-json\/wp\/v2\/users\/3"}],"replies":[{"embeddable":true,"href":"https:\/\/www.blackjackinfo.com\/fr\/wp-json\/wp\/v2\/comments?post=2435"}],"version-history":[{"count":7,"href":"https:\/\/www.blackjackinfo.com\/fr\/wp-json\/wp\/v2\/pages\/2435\/revisions"}],"predecessor-version":[{"id":2445,"href":"https:\/\/www.blackjackinfo.com\/fr\/wp-json\/wp\/v2\/pages\/2435\/revisions\/2445"}],"wp:attachment":[{"href":"https:\/\/www.blackjackinfo.com\/fr\/wp-json\/wp\/v2\/media?parent=2435"}],"wp:term":[{"taxonomy":"post_tag","embeddable":true,"href":"https:\/\/www.blackjackinfo.com\/fr\/wp-json\/wp\/v2\/tags?post=2435"}],"curies":[{"name":"wp","href":"https:\/\/api.w.org\/{rel}","templated":true}]}}