{"id":2447,"date":"2017-01-19T20:22:34","date_gmt":"2017-01-20T02:22:34","guid":{"rendered":"https:\/\/www.blackjackinfo.com\/?page_id=2447"},"modified":"2018-06-22T02:39:49","modified_gmt":"2018-06-22T07:39:49","slug":"guide-du-blackjack-en-ligne","status":"publish","type":"page","link":"https:\/\/www.blackjackinfo.com\/fr\/online-blackjack\/online-blackjack-guide\/","title":{"rendered":"Guide du Blackjack en ligne"},"content":{"rendered":"<p>Lorsqu'il s'agit de jouer au blackjack en ligne, il est parfois difficile de savoir o\u00f9 jouer et comment s'y prendre. Les casinos en ligne \u00e9tant de plus en plus populaires, nous avons d\u00e9cid\u00e9 d'\u00e9laborer un guide contenant des conseils sur la fa\u00e7on d'aborder le jeu en ligne de mani\u00e8re l\u00e9gale et s\u00fbre, afin que nos visiteurs puissent simplement profiter d'une exp\u00e9rience authentique.<\/p>\n<div class=\"section-small\">\n      <h2 class=\"mB30 strong-underline\"><span>Casinos en ligne recommand\u00e9s<\/span><\/h2>\n      <div class=\"row\">\n            <div class=\"col-sm-4 mB30\">\n          <div class=\"recommended-casino text-center\" style=\"background:#263b1a;\">\n            <div class=\"buttons-upper\"> <a rel=\"nofollow\" href=\"\/goto\/goto\/\" class=\"btn btn-wire mR10\">VISITER LE SITE WEB<\/a> <\/div>\n            <p class=\"plan-logo\"> <img decoding=\"async\" src=\"https:\/\/www.blackjackinfo.com\/files\/bovada.png\" data-no-auto-translation=\"\"><\/p>\n            <div class=\"casino-title\">\n              <h2 class=\"white mB0\">Bovada<\/h2>\n              <div class=\"star-rating recommended\"><i class=\"fa fa-star\" aria-hidden=\"true\"><\/i><i class=\"fa fa-star\" aria-hidden=\"true\"><\/i><i class=\"fa fa-star\" aria-hidden=\"true\"><\/i><i class=\"fa fa-star\" aria-hidden=\"true\"><\/i><i class=\"fa fa-star-half-o\" aria-hidden=\"true\"><\/i>\n              <\/div>\n            <\/div>\n          <\/div>\n        <\/div>\n            <div class=\"col-sm-4 mB30\">\n          <div class=\"recommended-casino text-center\" style=\"background:#263b1a;\">\n            <div class=\"buttons-upper\"> <a rel=\"nofollow\" href=\"\/goto\/goto\/\" class=\"btn btn-wire mR10\">VISITER LE SITE WEB<\/a> <\/div>\n            <p class=\"plan-logo\"> <img decoding=\"async\" src=\"https:\/\/www.blackjackinfo.com\/files\/vegas_casino_online.png\" data-no-auto-translation=\"\"><\/p>\n            <div class=\"casino-title\">\n              <h2 class=\"white mB0\">Casino en ligne de Vegas<\/h2>\n              <div class=\"star-rating recommended\"><i class=\"fa fa-star\" aria-hidden=\"true\"><\/i><i class=\"fa fa-star\" aria-hidden=\"true\"><\/i><i class=\"fa fa-star\" aria-hidden=\"true\"><\/i><i class=\"fa fa-star\" aria-hidden=\"true\"><\/i><i class=\"fa fa-star-half-o\" aria-hidden=\"true\"><\/i>\n              <\/div>\n            <\/div>\n          <\/div>\n        <\/div>\n            <div class=\"col-sm-4 mB30\">\n          <div class=\"recommended-casino text-center\" style=\"background:#263b1a;\">\n            <div class=\"buttons-upper\"> <a rel=\"nofollow\" href=\"\/goto\/goto\/\" class=\"btn btn-wire mR10\">VISITER LE SITE WEB<\/a> <\/div>\n            <p class=\"plan-logo\"> <img decoding=\"async\" src=\"https:\/\/www.blackjackinfo.com\/files\/red-dog-casino-logo-e1601018305105.png\" data-no-auto-translation=\"\"><\/p>\n            <div class=\"casino-title\">\n              <h2 class=\"white mB0\">Red Dog Casino<\/h2>\n              <div class=\"star-rating recommended\"><i class=\"fa fa-star\" aria-hidden=\"true\"><\/i><i class=\"fa fa-star\" aria-hidden=\"true\"><\/i><i class=\"fa fa-star\" aria-hidden=\"true\"><\/i><i class=\"fa fa-star\" aria-hidden=\"true\"><\/i><i class=\"fa fa-star-o\" aria-hidden=\"true\"><\/i>\n              <\/div>\n            <\/div>\n          <\/div>\n        <\/div><\/div><\/div>\n<p>&nbsp;<\/p>\n<h2 class=\"gbs-heading\">Guide pour jouer au Blackjack en ligne avec de l'argent r\u00e9el<\/h2>\n<p>Bien qu'il existe un grand nombre de casinos en ligne offrant diverses incitations \u00e0 jouer, nous sommes tr\u00e8s s\u00e9lectifs dans le choix de ceux que nous listons et nous recommandons les suivants en raison de leur r\u00e9putation \u00e9tablie, de leur logiciel digne de confiance et de leur service client\u00e8le.<\/p>\n<p>Si vous vivez aux \u00c9tats-Unis, lisez notre article <a href=\"https:\/\/www.blackjackinfo.com\/online-blackjack\/is-it-legal-to-play-online-blackjack-in-the-us\/\">Est-il l\u00e9gal de jouer au blackjack en ligne aux \u00c9tats-Unis ?<\/a><\/p>\n<h3 class=\"gbs-heading\">\u00c9tape 1 : Cr\u00e9er un compte de joueur et acc\u00e9der \u00e0 l'infrastructure de jeu.<\/h3>\n<p>Bien que tous les casinos en ligne ne fonctionnent pas de la m\u00eame mani\u00e8re, les \u00e9tapes sont g\u00e9n\u00e9ralement les m\u00eames et commencent par l'enregistrement de l'utilisateur. Il s'agit d'une proc\u00e9dure assez simple qui vous demandera de fournir vos donn\u00e9es personnelles et vos informations de paiement.<\/p>\n<p>Ensuite, il est temps d'acc\u00e9der \u00e0 l'installation de jeu. Il y a normalement deux fa\u00e7ons d'y parvenir :<\/p>\n<ul>\n<li><b>Jeu instantan\u00e9<\/b>. Cette option vous permet de jouer dans votre navigateur et son menu de jeux sera simplement mis \u00e0 votre disposition sans qu'aucun t\u00e9l\u00e9chargement suppl\u00e9mentaire ne soit n\u00e9cessaire.<\/li>\n<li><b>T\u00e9l\u00e9charger le logiciel<\/b>. De nombreux casinos vous demanderont de t\u00e9l\u00e9charger leur logiciel particulier sur votre ordinateur, \u00e0 partir duquel vous pourrez acc\u00e9der aux installations de jeu. Ce logiciel est normalement de l'ordre d'environ 5 m\u00e9gaoctets et les exigences sont assez minimes ; il fonctionnera sans probl\u00e8me sur la majorit\u00e9 des ordinateurs.<\/li>\n<\/ul>\n<figure id=\"attachment_3004\" aria-describedby=\"caption-attachment-3004\" style=\"width: 300px\" class=\"wp-caption aligncenter\"><img loading=\"lazy\" decoding=\"async\" class=\"wp-image-3004 size-medium\" src=\"https:\/\/www.blackjackinfo.com\/files\/bovada-registration-300x169.jpg\" alt=\"\" width=\"300\" height=\"169\" srcset=\"https:\/\/www.blackjackinfo.com\/files\/bovada-registration-300x169.jpg 300w, https:\/\/www.blackjackinfo.com\/files\/bovada-registration.jpg 416w\" sizes=\"auto, (max-width: 300px) 100vw, 300px\" data-no-auto-translation=\"\" \/><figcaption id=\"caption-attachment-3004\" class=\"wp-caption-text\">Enregistrement Bovada<\/figcaption><\/figure>\n<h3 class=\"gbs-heading\">\u00c9tape 2 : Bonus et approvisionnement de votre compte<\/h3>\n<p>Tous les casinos en ligne proposent des bonus promotionnels et des incitations \u00e0 s'inscrire, mais soyez tr\u00e8s prudent car certains d'entre eux exigent une valeur de passage tr\u00e8s \u00e9lev\u00e9e, ce qui rend les gains presque impossibles. Veillez \u00e0 lire les conditions g\u00e9n\u00e9rales et, si l'exigence d'un playthrough est trop \u00e9lev\u00e9e, il est pr\u00e9f\u00e9rable de ne pas demander de promotion du tout.<\/p>\n<p>Selon le casino, vous pourrez d\u00e9poser de l'argent sur votre compte de jeu par carte de d\u00e9bit, carte de cr\u00e9dit ou via un interm\u00e9diaire financier. Cela d\u00e9pend de ce que le casino autorise et des r\u00e8gles de l'interm\u00e9diaire financier lui-m\u00eame.<\/p>\n<p>Dans la plupart des cas, les casinos en ligne acceptent \u00e9galement les paiements par le biais de portefeuilles \u00e9lectroniques tels que Neteller, Paypal, Skrill et autres. <a href=\"https:\/\/www.blackjackinfo.com\/banking\/bitcoin\/\">Bitcoin<\/a>.<\/p>\n<figure id=\"attachment_3006\" aria-describedby=\"caption-attachment-3006\" style=\"width: 300px\" class=\"wp-caption aligncenter\"><img loading=\"lazy\" decoding=\"async\" class=\"wp-image-3006 size-medium\" src=\"https:\/\/www.blackjackinfo.com\/files\/bovada-deposit-options-300x144.jpg\" alt=\"\" width=\"300\" height=\"144\" srcset=\"https:\/\/www.blackjackinfo.com\/files\/bovada-deposit-options-300x144.jpg 300w, https:\/\/www.blackjackinfo.com\/files\/bovada-deposit-options.jpg 489w\" sizes=\"auto, (max-width: 300px) 100vw, 300px\" data-no-auto-translation=\"\" \/><figcaption id=\"caption-attachment-3006\" class=\"wp-caption-text\">Options de d\u00e9p\u00f4t de Bovada<\/figcaption><\/figure>\n<h3 class=\"gbs-heading\">\u00c9tape 3 : Jouer le jeu !<\/h3>\n<p>Maintenant que vous avez cr\u00e9\u00e9 votre compte, acc\u00e9d\u00e9 \u00e0 l'espace de jeu et d\u00e9pos\u00e9 de l'argent pour jouer, il est temps de vous plonger dans le plaisir du jeu.  Selon le casino dans lequel vous jouez, vous remarquerez peut-\u00eatre qu'il existe de nombreuses variantes de blackjack parmi lesquelles vous pouvez choisir.  Si vous souhaitez comprendre les diff\u00e9rences avec le jeu de blackjack standard, lisez notre article sur les variantes de blackjack. <a href=\"https:\/\/www.blackjackinfo.com\/online-blackjack\/online-blackjack-variations\/\">variations de blackjack en ligne<\/a> pour une analyse plus compl\u00e8te.<\/p>\n<p>Quelle que soit la forme de blackjack en ligne que vous choisissez de jouer, nous vous recommandons de suivre les conseils suivants <a href=\"https:\/\/www.blackjackinfo.com\/blackjack-basic-strategy-engine\/\">strat\u00e9gie de base<\/a> et en employant \u00e9galement un <a href=\"https:\/\/www.blackjackinfo.com\/blackjack-school\/lesson-07-money-management-part-1\/\">syst\u00e8me de gestion de l'argent<\/a> qui vous convient.<\/p>\n<figure id=\"attachment_3008\" aria-describedby=\"caption-attachment-3008\" style=\"width: 300px\" class=\"wp-caption aligncenter\"><img loading=\"lazy\" decoding=\"async\" class=\"wp-image-3008 size-medium\" src=\"https:\/\/www.blackjackinfo.com\/files\/bovada-blackjack-300x210.jpg\" alt=\"bovada blackjack\" width=\"300\" height=\"210\" srcset=\"https:\/\/www.blackjackinfo.com\/files\/bovada-blackjack-300x210.jpg 300w, https:\/\/www.blackjackinfo.com\/files\/bovada-blackjack-768x539.jpg 768w, https:\/\/www.blackjackinfo.com\/files\/bovada-blackjack-1024x718.jpg 1024w, https:\/\/www.blackjackinfo.com\/files\/bovada-blackjack-610x428.jpg 610w, https:\/\/www.blackjackinfo.com\/files\/bovada-blackjack.jpg 1065w\" sizes=\"auto, (max-width: 300px) 100vw, 300px\" data-no-auto-translation=\"\" \/><figcaption id=\"caption-attachment-3008\" class=\"wp-caption-text\">Bovada Blackjack<\/figcaption><\/figure>\n<figure id=\"attachment_3007\" aria-describedby=\"caption-attachment-3007\" style=\"width: 300px\" class=\"wp-caption aligncenter\"><img loading=\"lazy\" decoding=\"async\" class=\"wp-image-3007 size-medium\" style=\"float: right;\" src=\"https:\/\/www.blackjackinfo.com\/files\/bovada-games-300x144.jpg\" alt=\"Bovada Games\" width=\"300\" height=\"144\" srcset=\"https:\/\/www.blackjackinfo.com\/files\/bovada-games-300x144.jpg 300w, https:\/\/www.blackjackinfo.com\/files\/bovada-games.jpg 486w\" sizes=\"auto, (max-width: 300px) 100vw, 300px\" data-no-auto-translation=\"\" \/><figcaption id=\"caption-attachment-3007\" class=\"wp-caption-text\">Bovada Games<\/figcaption><\/figure>\n<h3 class=\"gbs-heading\">\u00c9tape 4 : Retrait des fonds<\/h3>\n<p>Si vous souhaitez retirer de l'argent, faites-en la demande en utilisant le service en ligne pr\u00e9vu \u00e0 cet effet.<\/p>\n<p>Si vous n'avez pas v\u00e9rifi\u00e9 votre compte (ce qui peut \u00eatre demand\u00e9 apr\u00e8s l'inscription), vous devrez dans la plupart des cas fournir une forme d'identification telle qu'une pi\u00e8ce d'identit\u00e9 gouvernementale ou un scan de la carte de cr\u00e9dit utilis\u00e9e.<\/p>\n<p>Notez \u00e9galement que certains casinos peuvent facturer des frais pour des retraits multiples au cours du m\u00eame mois. Contactez l'assistance pour clarifier tout probl\u00e8me de cette nature.<\/p>\n<h3 class=\"gbs-heading\">\u00c9tape 5 : D\u00e9clarer vos gains de jeux et payer vos imp\u00f4ts (le cas \u00e9ch\u00e9ant)<\/h3>\n<p>Le produit des jeux est souvent consid\u00e9r\u00e9 comme un revenu imposable, ce qui signifie qu'il doit \u00eatre d\u00e9clar\u00e9 \u00e0 l'autorit\u00e9 fiscale comp\u00e9tente de votre juridiction. N'oubliez pas de le faire avec pr\u00e9cision et dans les d\u00e9lais, car vous ne voudrez pas vous exposer \u00e0 une p\u00e9nalit\u00e9 (amende et\/ou emprisonnement) de la part de l'autorit\u00e9 comp\u00e9tente.<\/p>\n<p><a href=\"https:\/\/www.blackjackinfo.com\/online-blackjack\/tax-implications-online-blackjack\/\">Plus d'informations<\/a>.<\/p>\n<h3 class=\"gbs-heading\">Soutien \u00e0 la client\u00e8le<\/h3>\n<p>M\u00eame s'il s'agit d'une \u00e9vidence, vous devez toujours contacter le service client\u00e8le si vous avez des questions ou des inqui\u00e9tudes.<\/p>","protected":false},"excerpt":{"rendered":"<p>When it comes to playing blackjack online, it can get pretty confusing selecting where to play and how to go about doing so. As web based casinos have become more popular, we have decided to put together a guide with tips on how to approach playing online in a legal and safe manner so our [&hellip;]<\/p>\n","protected":false},"author":3,"featured_media":3046,"parent":1928,"menu_order":0,"comment_status":"closed","ping_status":"closed","template":"","meta":{"_acf_changed":false,"footnotes":""},"tags":[],"class_list":["post-2447","page","type-page","status-publish","has-post-thumbnail","hentry"],"acf":[],"yoast_head":"<!-- This site is optimized with the Yoast SEO plugin v26.6 - https:\/\/yoast.com\/wordpress\/plugins\/seo\/ -->\n<title>Online Blackjack Guide<\/title>\n<meta name=\"description\" content=\"Looking to play blackjack online? This comprehensive guide will walk you through the necessary steps for a safe and genuine experience\" \/>\n<meta name=\"robots\" content=\"index, follow, max-snippet:-1, max-image-preview:large, max-video-preview:-1\" \/>\n<link rel=\"canonical\" href=\"https:\/\/www.blackjackinfo.com\/fr\/blackjack-en-ligne\/guide-du-blackjack-en-ligne\/\" \/>\n<meta property=\"og:locale\" content=\"fr_FR\" \/>\n<meta property=\"og:type\" content=\"article\" \/>\n<meta property=\"og:title\" content=\"Online Blackjack Guide\" \/>\n<meta property=\"og:description\" content=\"Looking to play blackjack online? This comprehensive guide will walk you through the necessary steps for a safe and genuine experience\" \/>\n<meta property=\"og:url\" content=\"https:\/\/www.blackjackinfo.com\/fr\/blackjack-en-ligne\/guide-du-blackjack-en-ligne\/\" \/>\n<meta property=\"og:site_name\" content=\"BlackjackInfo.com\" \/>\n<meta property=\"article:modified_time\" content=\"2018-06-22T07:39:49+00:00\" \/>\n<meta property=\"og:image\" content=\"https:\/\/www.blackjackinfo.com\/files\/online-blackjack-guide-featured-image.jpg\" \/>\n\t<meta property=\"og:image:width\" content=\"455\" \/>\n\t<meta property=\"og:image:height\" content=\"213\" \/>\n\t<meta property=\"og:image:type\" content=\"image\/jpeg\" \/>\n<meta name=\"twitter:label1\" content=\"Dur\u00e9e de lecture estim\u00e9e\" \/>\n\t<meta name=\"twitter:data1\" content=\"4 minutes\" \/>\n<script type=\"application\/ld+json\" class=\"yoast-schema-graph\">{\"@context\":\"https:\/\/schema.org\",\"@graph\":[{\"@type\":\"WebPage\",\"@id\":\"https:\/\/www.blackjackinfo.com\/online-blackjack\/online-blackjack-guide\/\",\"url\":\"https:\/\/www.blackjackinfo.com\/online-blackjack\/online-blackjack-guide\/\",\"name\":\"Online Blackjack Guide\",\"isPartOf\":{\"@id\":\"https:\/\/www.blackjackinfo.com\/#website\"},\"primaryImageOfPage\":{\"@id\":\"https:\/\/www.blackjackinfo.com\/online-blackjack\/online-blackjack-guide\/#primaryimage\"},\"image\":{\"@id\":\"https:\/\/www.blackjackinfo.com\/online-blackjack\/online-blackjack-guide\/#primaryimage\"},\"thumbnailUrl\":\"https:\/\/www.blackjackinfo.com\/files\/online-blackjack-guide-featured-image.jpg\",\"datePublished\":\"2017-01-20T02:22:34+00:00\",\"dateModified\":\"2018-06-22T07:39:49+00:00\",\"description\":\"Looking to play blackjack online? This comprehensive guide will walk you through the necessary steps for a safe and genuine experience\",\"breadcrumb\":{\"@id\":\"https:\/\/www.blackjackinfo.com\/online-blackjack\/online-blackjack-guide\/#breadcrumb\"},\"inLanguage\":\"fr-FR\",\"potentialAction\":[{\"@type\":\"ReadAction\",\"target\":[\"https:\/\/www.blackjackinfo.com\/online-blackjack\/online-blackjack-guide\/\"]}]},{\"@type\":\"ImageObject\",\"inLanguage\":\"fr-FR\",\"@id\":\"https:\/\/www.blackjackinfo.com\/online-blackjack\/online-blackjack-guide\/#primaryimage\",\"url\":\"https:\/\/www.blackjackinfo.com\/files\/online-blackjack-guide-featured-image.jpg\",\"contentUrl\":\"https:\/\/www.blackjackinfo.com\/files\/online-blackjack-guide-featured-image.jpg\",\"width\":455,\"height\":213},{\"@type\":\"BreadcrumbList\",\"@id\":\"https:\/\/www.blackjackinfo.com\/online-blackjack\/online-blackjack-guide\/#breadcrumb\",\"itemListElement\":[{\"@type\":\"ListItem\",\"position\":1,\"name\":\"Home\",\"item\":\"https:\/\/www.blackjackinfo.com\/\"},{\"@type\":\"ListItem\",\"position\":2,\"name\":\"Online Blackjack for Real Money\",\"item\":\"https:\/\/www.blackjackinfo.com\/online-blackjack\/\"},{\"@type\":\"ListItem\",\"position\":3,\"name\":\"Online Blackjack Guide\"}]},{\"@type\":\"WebSite\",\"@id\":\"https:\/\/www.blackjackinfo.com\/#website\",\"url\":\"https:\/\/www.blackjackinfo.com\/\",\"name\":\"BlackjackInfo.com\",\"description\":\"Because Winning is More Fun!\",\"potentialAction\":[{\"@type\":\"SearchAction\",\"target\":{\"@type\":\"EntryPoint\",\"urlTemplate\":\"https:\/\/www.blackjackinfo.com\/?s={search_term_string}\"},\"query-input\":{\"@type\":\"PropertyValueSpecification\",\"valueRequired\":true,\"valueName\":\"search_term_string\"}}],\"inLanguage\":\"fr-FR\"}]}<\/script>\n<!-- \/ Yoast SEO plugin. -->","yoast_head_json":{"title":"Guide du Blackjack en ligne","description":"Vous souhaitez jouer au blackjack en ligne ? Ce guide complet vous guidera \u00e0 travers les \u00e9tapes n\u00e9cessaires pour une exp\u00e9rience s\u00fbre et authentique.","robots":{"index":"index","follow":"follow","max-snippet":"max-snippet:-1","max-image-preview":"max-image-preview:large","max-video-preview":"max-video-preview:-1"},"canonical":"https:\/\/www.blackjackinfo.com\/fr\/blackjack-en-ligne\/guide-du-blackjack-en-ligne\/","og_locale":"fr_FR","og_type":"article","og_title":"Online Blackjack Guide","og_description":"Looking to play blackjack online? This comprehensive guide will walk you through the necessary steps for a safe and genuine experience","og_url":"https:\/\/www.blackjackinfo.com\/fr\/blackjack-en-ligne\/guide-du-blackjack-en-ligne\/","og_site_name":"BlackjackInfo.com","article_modified_time":"2018-06-22T07:39:49+00:00","og_image":[{"width":455,"height":213,"url":"https:\/\/www.blackjackinfo.com\/files\/online-blackjack-guide-featured-image.jpg","type":"image\/jpeg"}],"twitter_misc":{"Dur\u00e9e de lecture estim\u00e9e":"4 minutes"},"schema":{"@context":"https:\/\/schema.org","@graph":[{"@type":"WebPage","@id":"https:\/\/www.blackjackinfo.com\/online-blackjack\/online-blackjack-guide\/","url":"https:\/\/www.blackjackinfo.com\/online-blackjack\/online-blackjack-guide\/","name":"Guide du Blackjack en ligne","isPartOf":{"@id":"https:\/\/www.blackjackinfo.com\/#website"},"primaryImageOfPage":{"@id":"https:\/\/www.blackjackinfo.com\/online-blackjack\/online-blackjack-guide\/#primaryimage"},"image":{"@id":"https:\/\/www.blackjackinfo.com\/online-blackjack\/online-blackjack-guide\/#primaryimage"},"thumbnailUrl":"https:\/\/www.blackjackinfo.com\/files\/online-blackjack-guide-featured-image.jpg","datePublished":"2017-01-20T02:22:34+00:00","dateModified":"2018-06-22T07:39:49+00:00","description":"Vous souhaitez jouer au blackjack en ligne ? Ce guide complet vous guidera \u00e0 travers les \u00e9tapes n\u00e9cessaires pour une exp\u00e9rience s\u00fbre et authentique.","breadcrumb":{"@id":"https:\/\/www.blackjackinfo.com\/online-blackjack\/online-blackjack-guide\/#breadcrumb"},"inLanguage":"fr-FR","potentialAction":[{"@type":"ReadAction","target":["https:\/\/www.blackjackinfo.com\/online-blackjack\/online-blackjack-guide\/"]}]},{"@type":"ImageObject","inLanguage":"fr-FR","@id":"https:\/\/www.blackjackinfo.com\/online-blackjack\/online-blackjack-guide\/#primaryimage","url":"https:\/\/www.blackjackinfo.com\/files\/online-blackjack-guide-featured-image.jpg","contentUrl":"https:\/\/www.blackjackinfo.com\/files\/online-blackjack-guide-featured-image.jpg","width":455,"height":213},{"@type":"BreadcrumbList","@id":"https:\/\/www.blackjackinfo.com\/online-blackjack\/online-blackjack-guide\/#breadcrumb","itemListElement":[{"@type":"ListItem","position":1,"name":"Home","item":"https:\/\/www.blackjackinfo.com\/"},{"@type":"ListItem","position":2,"name":"Online Blackjack for Real Money","item":"https:\/\/www.blackjackinfo.com\/online-blackjack\/"},{"@type":"ListItem","position":3,"name":"Online Blackjack Guide"}]},{"@type":"WebSite","@id":"https:\/\/www.blackjackinfo.com\/#website","url":"https:\/\/www.blackjackinfo.com\/","name":"BlackjackInfo.com","description":"Parce que gagner, c'est plus amusant !","potentialAction":[{"@type":"SearchAction","target":{"@type":"EntryPoint","urlTemplate":"https:\/\/www.blackjackinfo.com\/?s={search_term_string}"},"query-input":{"@type":"PropertyValueSpecification","valueRequired":true,"valueName":"search_term_string"}}],"inLanguage":"fr-FR"}]}},"_links":{"self":[{"href":"https:\/\/www.blackjackinfo.com\/fr\/wp-json\/wp\/v2\/pages\/2447","targetHints":{"allow":["GET"]}}],"collection":[{"href":"https:\/\/www.blackjackinfo.com\/fr\/wp-json\/wp\/v2\/pages"}],"about":[{"href":"https:\/\/www.blackjackinfo.com\/fr\/wp-json\/wp\/v2\/types\/page"}],"author":[{"embeddable":true,"href":"https:\/\/www.blackjackinfo.com\/fr\/wp-json\/wp\/v2\/users\/3"}],"replies":[{"embeddable":true,"href":"https:\/\/www.blackjackinfo.com\/fr\/wp-json\/wp\/v2\/comments?post=2447"}],"version-history":[{"count":8,"href":"https:\/\/www.blackjackinfo.com\/fr\/wp-json\/wp\/v2\/pages\/2447\/revisions"}],"predecessor-version":[{"id":3942,"href":"https:\/\/www.blackjackinfo.com\/fr\/wp-json\/wp\/v2\/pages\/2447\/revisions\/3942"}],"up":[{"embeddable":true,"href":"https:\/\/www.blackjackinfo.com\/fr\/wp-json\/wp\/v2\/pages\/1928"}],"wp:featuredmedia":[{"embeddable":true,"href":"https:\/\/www.blackjackinfo.com\/fr\/wp-json\/wp\/v2\/media\/3046"}],"wp:attachment":[{"href":"https:\/\/www.blackjackinfo.com\/fr\/wp-json\/wp\/v2\/media?parent=2447"}],"wp:term":[{"taxonomy":"post_tag","embeddable":true,"href":"https:\/\/www.blackjackinfo.com\/fr\/wp-json\/wp\/v2\/tags?post=2447"}],"curies":[{"name":"wp","href":"https:\/\/api.w.org\/{rel}","templated":true}]}}