{"id":2701,"date":"2017-03-06T22:03:37","date_gmt":"2017-03-07T04:03:37","guid":{"rendered":"https:\/\/www.blackjackinfo.com\/?page_id=2701\/"},"modified":"2017-03-08T06:18:09","modified_gmt":"2017-03-08T12:18:09","slug":"strategie-de-blackjack","status":"publish","type":"page","link":"https:\/\/www.blackjackinfo.com\/fr\/strategia-di-blackjack\/","title":{"rendered":"Strat\u00e9gies de Blackjack"},"content":{"rendered":"<p>Calculez gratuitement la strat\u00e9gie de base du blackjack pour chaque combinaison de r\u00e8gles.<br \/>\nVous pouvez choisir les r\u00e8gles du jeu \u00e0 l'aide du panneau de contr\u00f4le suivant.<\/p>","protected":false},"excerpt":{"rendered":"<p>Calcola gratuitamente la strategia base del blackjack per ogni insieme di regole. Scegli le regole esatte del gioco usando il pannello di controllo di seguito.<\/p>","protected":false},"author":4,"featured_media":0,"parent":0,"menu_order":0,"comment_status":"open","ping_status":"open","template":"","meta":{"_acf_changed":false,"footnotes":""},"tags":[],"class_list":["post-2701","page","type-page","status-publish","hentry"],"acf":[],"yoast_head":"<!-- This site is optimized with the Yoast SEO plugin v26.6 - https:\/\/yoast.com\/wordpress\/plugins\/seo\/ -->\n<title>Strategia di Blackjack<\/title>\n<meta name=\"description\" content=\"Calcola gratuitamente la strategia base del blackjack per ogni insieme di regole. Scegli le regole esatte del gioco usando il pannello di controllo di\" \/>\n<meta name=\"robots\" content=\"index, follow, max-snippet:-1, max-image-preview:large, max-video-preview:-1\" \/>\n<link rel=\"canonical\" href=\"https:\/\/www.it.blackjackinfo.com\/strategia-di-blackjack\/\" \/>\n<meta property=\"og:locale\" content=\"fr_FR\" \/>\n<meta property=\"og:type\" content=\"article\" \/>\n<meta property=\"og:title\" content=\"Strategia di Blackjack\" \/>\n<meta property=\"og:description\" content=\"Calcola gratuitamente la strategia base del blackjack per ogni insieme di regole. Scegli le regole esatte del gioco usando il pannello di controllo di\" \/>\n<meta property=\"og:url\" content=\"https:\/\/www.it.blackjackinfo.com\/strategia-di-blackjack\/\" \/>\n<meta property=\"og:site_name\" content=\"BlackjackInfo.com\" \/>\n<meta property=\"article:modified_time\" content=\"2017-03-08T12:18:09+00:00\" \/>\n<script type=\"application\/ld+json\" class=\"yoast-schema-graph\">{\"@context\":\"https:\/\/schema.org\",\"@graph\":[{\"@type\":\"WebPage\",\"@id\":\"https:\/\/www.it.blackjackinfo.com\/strategia-di-blackjack\/\",\"url\":\"https:\/\/www.it.blackjackinfo.com\/strategia-di-blackjack\/\",\"name\":\"Strategia di Blackjack\",\"isPartOf\":{\"@id\":\"https:\/\/www.blackjackinfo.com\/#website\"},\"datePublished\":\"2017-03-07T04:03:37+00:00\",\"dateModified\":\"2017-03-08T12:18:09+00:00\",\"description\":\"Calcola gratuitamente la strategia base del blackjack per ogni insieme di regole. Scegli le regole esatte del gioco usando il pannello di controllo di\",\"breadcrumb\":{\"@id\":\"https:\/\/www.it.blackjackinfo.com\/strategia-di-blackjack\/#breadcrumb\"},\"inLanguage\":\"fr-FR\",\"potentialAction\":[{\"@type\":\"ReadAction\",\"target\":[\"https:\/\/www.it.blackjackinfo.com\/strategia-di-blackjack\/\"]}]},{\"@type\":\"BreadcrumbList\",\"@id\":\"https:\/\/www.it.blackjackinfo.com\/strategia-di-blackjack\/#breadcrumb\",\"itemListElement\":[{\"@type\":\"ListItem\",\"position\":1,\"name\":\"Home\",\"item\":\"https:\/\/www.blackjackinfo.com\/\"},{\"@type\":\"ListItem\",\"position\":2,\"name\":\"Strategia di Blackjack\"}]},{\"@type\":\"WebSite\",\"@id\":\"https:\/\/www.blackjackinfo.com\/#website\",\"url\":\"https:\/\/www.blackjackinfo.com\/\",\"name\":\"BlackjackInfo.com\",\"description\":\"Because Winning is More Fun!\",\"potentialAction\":[{\"@type\":\"SearchAction\",\"target\":{\"@type\":\"EntryPoint\",\"urlTemplate\":\"https:\/\/www.blackjackinfo.com\/?s={search_term_string}\"},\"query-input\":{\"@type\":\"PropertyValueSpecification\",\"valueRequired\":true,\"valueName\":\"search_term_string\"}}],\"inLanguage\":\"fr-FR\"}]}<\/script>\n<!-- \/ Yoast SEO plugin. -->","yoast_head_json":{"title":"Strat\u00e9gies de Blackjack","description":"Calculez gratuitement la strat\u00e9gie de base du blackjack pour chaque combinaison de r\u00e8gles. Trouvez les r\u00e8gles du jeu en utilisant le panneau de contr\u00f4le de l'ordinateur.","robots":{"index":"index","follow":"follow","max-snippet":"max-snippet:-1","max-image-preview":"max-image-preview:large","max-video-preview":"max-video-preview:-1"},"canonical":"https:\/\/www.it.blackjackinfo.com\/strategia-di-blackjack\/","og_locale":"fr_FR","og_type":"article","og_title":"Strategia di Blackjack","og_description":"Calcola gratuitamente la strategia base del blackjack per ogni insieme di regole. Scegli le regole esatte del gioco usando il pannello di controllo di","og_url":"https:\/\/www.it.blackjackinfo.com\/strategia-di-blackjack\/","og_site_name":"BlackjackInfo.com","article_modified_time":"2017-03-08T12:18:09+00:00","schema":{"@context":"https:\/\/schema.org","@graph":[{"@type":"WebPage","@id":"https:\/\/www.it.blackjackinfo.com\/strategia-di-blackjack\/","url":"https:\/\/www.it.blackjackinfo.com\/strategia-di-blackjack\/","name":"Strat\u00e9gies de Blackjack","isPartOf":{"@id":"https:\/\/www.blackjackinfo.com\/#website"},"datePublished":"2017-03-07T04:03:37+00:00","dateModified":"2017-03-08T12:18:09+00:00","description":"Calculez gratuitement la strat\u00e9gie de base du blackjack pour chaque combinaison de r\u00e8gles. Trouvez les r\u00e8gles du jeu en utilisant le panneau de contr\u00f4le de l'ordinateur.","breadcrumb":{"@id":"https:\/\/www.it.blackjackinfo.com\/strategia-di-blackjack\/#breadcrumb"},"inLanguage":"fr-FR","potentialAction":[{"@type":"ReadAction","target":["https:\/\/www.it.blackjackinfo.com\/strategia-di-blackjack\/"]}]},{"@type":"BreadcrumbList","@id":"https:\/\/www.it.blackjackinfo.com\/strategia-di-blackjack\/#breadcrumb","itemListElement":[{"@type":"ListItem","position":1,"name":"Home","item":"https:\/\/www.blackjackinfo.com\/"},{"@type":"ListItem","position":2,"name":"Strategia di Blackjack"}]},{"@type":"WebSite","@id":"https:\/\/www.blackjackinfo.com\/#website","url":"https:\/\/www.blackjackinfo.com\/","name":"BlackjackInfo.com","description":"Parce que gagner, c'est plus amusant !","potentialAction":[{"@type":"SearchAction","target":{"@type":"EntryPoint","urlTemplate":"https:\/\/www.blackjackinfo.com\/?s={search_term_string}"},"query-input":{"@type":"PropertyValueSpecification","valueRequired":true,"valueName":"search_term_string"}}],"inLanguage":"fr-FR"}]}},"_links":{"self":[{"href":"https:\/\/www.blackjackinfo.com\/fr\/wp-json\/wp\/v2\/pages\/2701","targetHints":{"allow":["GET"]}}],"collection":[{"href":"https:\/\/www.blackjackinfo.com\/fr\/wp-json\/wp\/v2\/pages"}],"about":[{"href":"https:\/\/www.blackjackinfo.com\/fr\/wp-json\/wp\/v2\/types\/page"}],"author":[{"embeddable":true,"href":"https:\/\/www.blackjackinfo.com\/fr\/wp-json\/wp\/v2\/users\/4"}],"replies":[{"embeddable":true,"href":"https:\/\/www.blackjackinfo.com\/fr\/wp-json\/wp\/v2\/comments?post=2701"}],"version-history":[{"count":4,"href":"https:\/\/www.blackjackinfo.com\/fr\/wp-json\/wp\/v2\/pages\/2701\/revisions"}],"predecessor-version":[{"id":2710,"href":"https:\/\/www.blackjackinfo.com\/fr\/wp-json\/wp\/v2\/pages\/2701\/revisions\/2710"}],"wp:attachment":[{"href":"https:\/\/www.blackjackinfo.com\/fr\/wp-json\/wp\/v2\/media?parent=2701"}],"wp:term":[{"taxonomy":"post_tag","embeddable":true,"href":"https:\/\/www.blackjackinfo.com\/fr\/wp-json\/wp\/v2\/tags?post=2701"}],"curies":[{"name":"wp","href":"https:\/\/api.w.org\/{rel}","templated":true}]}}