{"id":2715,"date":"2017-03-09T22:35:52","date_gmt":"2017-03-10T04:35:52","guid":{"rendered":"https:\/\/www.blackjackinfo.com\/?page_id=2715\/"},"modified":"2018-04-18T01:59:16","modified_gmt":"2018-04-18T06:59:16","slug":"ecole-de-blackjack-2","status":"publish","type":"page","link":"https:\/\/www.blackjackinfo.com\/fr\/scuola-di-blackjack\/","title":{"rendered":"L'\u00e9cole de Blackjack de GameMaster"},"content":{"rendered":"<h2 style=\"text-align: center;\">Bienvenue \u00e0 l'\u00e9cole de blackjack de GameMaster<\/h2>\n<p class=\"entry-meta text-right\">de GameMaster, liste autoris\u00e9e.<\/p>\n<h3 class=\"gbs-heading\">Une br\u00e8ve introduction.<\/h3>\n<p class=\"intro\">Nous sommes tr\u00e8s fiers et satisfaits d'annoncer la r\u00e9vision compl\u00e8te de la <strong>\u00e9cole de blackjack de GameMaster<\/strong>. Pour ceux qui ne connaissent pas mon \"\u00e9cole\", il s'agit d'une s\u00e9rie de 24 le\u00e7ons \u00e9crites qui vous apprendront \u00e0 jouer et \u00e0 gagner au Blackjack. <strong>Nous avons rassembl\u00e9, dans ces textes, l'ensemble du programme scolaire en l'adaptant, en le perfectionnant et en y ajoutant de nouvelles ressources.<\/strong>.<\/p>\n<p>Lorsque l'\u00c9tat du Missouri a l\u00e9galis\u00e9 le jeu d'argent en 1994, j'ai mis au point un cours qui expliquait aux gens comment obtenir un avantage, au blackjack, par rapport au jeu en salle. Ce cours, que j'ai suivi chez moi, a co\u00fbt\u00e9 au d\u00e9part $400 et comprenait le mat\u00e9riel pour les exercices, quatre sessions en \"classe\" d'environ 2 heures chacune, che venivano distribuite in un periodo di quattro settimane, e una sessione di gioco in un casino del luogo, dove andavo con i miei studenti per poter accertare le loro abilit\u00e0 durante l'impeto della battaglia.<\/p>\n<p>En 1995, j'ai \u00e9t\u00e9 l'un des fondateurs de l'Institut d'\u00e9tudes de march\u00e9. <strong>Rolling Good Times en ligne<\/strong> (rgtonline.com), le premier \"E-zine\" sur internet du jeu d'azzardo et quello fu l'inizio per la conversione del mio corso en una serie di lezioni scritte presentate gratuitamente su internet come se fosse una \"scuola\". Fin de l'ann\u00e9e, ces le\u00e7ons ont \u00e9t\u00e9 consid\u00e9r\u00e9es comme invariables et jusqu'\u00e0 aujourd'hui, elles ont \u00e9t\u00e9 publi\u00e9es sur plus de 120 sites, \u00e0 propos du jeu d'azzard.<\/p>\n<p><strong>En juillet 1997, nous avons ouvert notre site principal.<\/strong>Le site GameMaster Online, de ce matin \u00e0 aujourd'hui, est au service de la communaut\u00e9 du blackjack et du jeu d'argent, avec des centaines d'articles sur la fa\u00e7on de \"gagner\" au casino. Je pense que cette \u00e9cole est le point focal de beaucoup de ces efforts.<\/p>\n<h3 class=\"gbs-heading\">Delle volte si ha solo bisogno di un posto da cui partire.<\/h3>\n<p><strong>Le Blackjack est un jeu d'adresse et c'est l'endroit id\u00e9al pour apprendre l'art n\u00e9cessaire pour battre le banco.<\/strong><\/p>\n<p><strong>Les 24 le\u00e7ons que vous pouvez lire ici portent, pas \u00e0 pas, \u00e0 travers le processus d'apprentissage, sur la meilleure fa\u00e7on de manier une main, sur la fa\u00e7on de contenir les cartes, et sur la fa\u00e7on et le moment d'utiliser correctement et des centaines d'autres \"trucs de la vie\".<\/strong>. Le chemin est long, mais vous ne voulez pas le parcourir en une seule nuit. \u00c9tudiez calmement, faites ce que nous vous disons et commencez tout de suite \u00e0 jouer et \u00e0 gagner au Blackjack.<\/p>\n<p>Il commence par <a href=\"https:\/\/www.it.blackjackinfo.com\/it\/scuola-di-blackjack\/blackjack-lezione-01.php\">Lezione 1<\/a> et ensuite, vous pourrez vous concentrer sur ce que vous voulez. L'id\u00e9e de jouer au blackjack dans un casino n'appartient qu'\u00e0 vous.<\/p>","protected":false},"excerpt":{"rendered":"<p>Benvenuti alla Scuola di Blackjack di GameMaster di GameMaster, ristampa autorizzata. Una breve introduzione. Sono molto fiero e soddisfatto di annunciare la revisione completa della scuola di blackjack di GameMaster. Per coloro che non hanno familiarit\u00e0 con la mia &#8220;scuola&#8221;, si tratta di una serie di 24 lezioni scritte che vi insegneranno a giocare e [&hellip;]<\/p>\n","protected":false},"author":4,"featured_media":0,"parent":0,"menu_order":0,"comment_status":"open","ping_status":"open","template":"page-blacjack-school-it.php","meta":{"_acf_changed":false,"footnotes":""},"tags":[],"class_list":["post-2715","page","type-page","status-publish","hentry"],"acf":[],"yoast_head":"<!-- This site is optimized with the Yoast SEO plugin v26.6 - https:\/\/yoast.com\/wordpress\/plugins\/seo\/ -->\n<title>La Scuola di Blackjack di GameMaster<\/title>\n<meta name=\"description\" content=\"Benvenuti alla Scuola di Blackjack di GameMaster di GameMaster, ristampa autorizzata. Una breve introduzione. Sono molto fiero e soddisfatto di annunciare\" \/>\n<meta name=\"robots\" content=\"index, follow, max-snippet:-1, max-image-preview:large, max-video-preview:-1\" \/>\n<link rel=\"canonical\" href=\"https:\/\/www.it.blackjackinfo.com\/scuola-di-blackjack\/\" \/>\n<meta property=\"og:locale\" content=\"fr_FR\" \/>\n<meta property=\"og:type\" content=\"article\" \/>\n<meta property=\"og:title\" content=\"La Scuola di Blackjack di GameMaster\" \/>\n<meta property=\"og:description\" content=\"Benvenuti alla Scuola di Blackjack di GameMaster di GameMaster, ristampa autorizzata. Una breve introduzione. Sono molto fiero e soddisfatto di annunciare\" \/>\n<meta property=\"og:url\" content=\"https:\/\/www.it.blackjackinfo.com\/scuola-di-blackjack\/\" \/>\n<meta property=\"og:site_name\" content=\"BlackjackInfo.com\" \/>\n<meta property=\"article:modified_time\" content=\"2018-04-18T06:59:16+00:00\" \/>\n<meta name=\"twitter:label1\" content=\"Dur\u00e9e de lecture estim\u00e9e\" \/>\n\t<meta name=\"twitter:data1\" content=\"2 minutes\" \/>\n<script type=\"application\/ld+json\" class=\"yoast-schema-graph\">{\"@context\":\"https:\/\/schema.org\",\"@graph\":[{\"@type\":\"WebPage\",\"@id\":\"https:\/\/www.it.blackjackinfo.com\/scuola-di-blackjack\/\",\"url\":\"https:\/\/www.it.blackjackinfo.com\/scuola-di-blackjack\/\",\"name\":\"La Scuola di Blackjack di GameMaster\",\"isPartOf\":{\"@id\":\"https:\/\/www.blackjackinfo.com\/#website\"},\"datePublished\":\"2017-03-10T04:35:52+00:00\",\"dateModified\":\"2018-04-18T06:59:16+00:00\",\"description\":\"Benvenuti alla Scuola di Blackjack di GameMaster di GameMaster, ristampa autorizzata. Una breve introduzione. Sono molto fiero e soddisfatto di annunciare\",\"breadcrumb\":{\"@id\":\"https:\/\/www.it.blackjackinfo.com\/scuola-di-blackjack\/#breadcrumb\"},\"inLanguage\":\"fr-FR\",\"potentialAction\":[{\"@type\":\"ReadAction\",\"target\":[\"https:\/\/www.it.blackjackinfo.com\/scuola-di-blackjack\/\"]}]},{\"@type\":\"BreadcrumbList\",\"@id\":\"https:\/\/www.it.blackjackinfo.com\/scuola-di-blackjack\/#breadcrumb\",\"itemListElement\":[{\"@type\":\"ListItem\",\"position\":1,\"name\":\"Home\",\"item\":\"https:\/\/www.blackjackinfo.com\/\"},{\"@type\":\"ListItem\",\"position\":2,\"name\":\"La Scuola di Blackjack di GameMaster\"}]},{\"@type\":\"WebSite\",\"@id\":\"https:\/\/www.blackjackinfo.com\/#website\",\"url\":\"https:\/\/www.blackjackinfo.com\/\",\"name\":\"BlackjackInfo.com\",\"description\":\"Because Winning is More Fun!\",\"potentialAction\":[{\"@type\":\"SearchAction\",\"target\":{\"@type\":\"EntryPoint\",\"urlTemplate\":\"https:\/\/www.blackjackinfo.com\/?s={search_term_string}\"},\"query-input\":{\"@type\":\"PropertyValueSpecification\",\"valueRequired\":true,\"valueName\":\"search_term_string\"}}],\"inLanguage\":\"fr-FR\"}]}<\/script>\n<!-- \/ Yoast SEO plugin. -->","yoast_head_json":{"title":"L'\u00e9cole de Blackjack de GameMaster","description":"Bienvenue \u00e0 l'\u00e9cole de blackjack de GameMaster di GameMaster, liste autoris\u00e9e. Une br\u00e8ve introduction. Nous sommes tr\u00e8s fiers et satisfaits d'annoncer","robots":{"index":"index","follow":"follow","max-snippet":"max-snippet:-1","max-image-preview":"max-image-preview:large","max-video-preview":"max-video-preview:-1"},"canonical":"https:\/\/www.it.blackjackinfo.com\/scuola-di-blackjack\/","og_locale":"fr_FR","og_type":"article","og_title":"La Scuola di Blackjack di GameMaster","og_description":"Benvenuti alla Scuola di Blackjack di GameMaster di GameMaster, ristampa autorizzata. Una breve introduzione. Sono molto fiero e soddisfatto di annunciare","og_url":"https:\/\/www.it.blackjackinfo.com\/scuola-di-blackjack\/","og_site_name":"BlackjackInfo.com","article_modified_time":"2018-04-18T06:59:16+00:00","twitter_misc":{"Dur\u00e9e de lecture estim\u00e9e":"2 minutes"},"schema":{"@context":"https:\/\/schema.org","@graph":[{"@type":"WebPage","@id":"https:\/\/www.it.blackjackinfo.com\/scuola-di-blackjack\/","url":"https:\/\/www.it.blackjackinfo.com\/scuola-di-blackjack\/","name":"L'\u00e9cole de Blackjack de GameMaster","isPartOf":{"@id":"https:\/\/www.blackjackinfo.com\/#website"},"datePublished":"2017-03-10T04:35:52+00:00","dateModified":"2018-04-18T06:59:16+00:00","description":"Bienvenue \u00e0 l'\u00e9cole de blackjack de GameMaster di GameMaster, liste autoris\u00e9e. Une br\u00e8ve introduction. Nous sommes tr\u00e8s fiers et satisfaits d'annoncer","breadcrumb":{"@id":"https:\/\/www.it.blackjackinfo.com\/scuola-di-blackjack\/#breadcrumb"},"inLanguage":"fr-FR","potentialAction":[{"@type":"ReadAction","target":["https:\/\/www.it.blackjackinfo.com\/scuola-di-blackjack\/"]}]},{"@type":"BreadcrumbList","@id":"https:\/\/www.it.blackjackinfo.com\/scuola-di-blackjack\/#breadcrumb","itemListElement":[{"@type":"ListItem","position":1,"name":"Home","item":"https:\/\/www.blackjackinfo.com\/"},{"@type":"ListItem","position":2,"name":"La Scuola di Blackjack di GameMaster"}]},{"@type":"WebSite","@id":"https:\/\/www.blackjackinfo.com\/#website","url":"https:\/\/www.blackjackinfo.com\/","name":"BlackjackInfo.com","description":"Parce que gagner, c'est plus amusant !","potentialAction":[{"@type":"SearchAction","target":{"@type":"EntryPoint","urlTemplate":"https:\/\/www.blackjackinfo.com\/?s={search_term_string}"},"query-input":{"@type":"PropertyValueSpecification","valueRequired":true,"valueName":"search_term_string"}}],"inLanguage":"fr-FR"}]}},"_links":{"self":[{"href":"https:\/\/www.blackjackinfo.com\/fr\/wp-json\/wp\/v2\/pages\/2715","targetHints":{"allow":["GET"]}}],"collection":[{"href":"https:\/\/www.blackjackinfo.com\/fr\/wp-json\/wp\/v2\/pages"}],"about":[{"href":"https:\/\/www.blackjackinfo.com\/fr\/wp-json\/wp\/v2\/types\/page"}],"author":[{"embeddable":true,"href":"https:\/\/www.blackjackinfo.com\/fr\/wp-json\/wp\/v2\/users\/4"}],"replies":[{"embeddable":true,"href":"https:\/\/www.blackjackinfo.com\/fr\/wp-json\/wp\/v2\/comments?post=2715"}],"version-history":[{"count":8,"href":"https:\/\/www.blackjackinfo.com\/fr\/wp-json\/wp\/v2\/pages\/2715\/revisions"}],"predecessor-version":[{"id":2723,"href":"https:\/\/www.blackjackinfo.com\/fr\/wp-json\/wp\/v2\/pages\/2715\/revisions\/2723"}],"wp:attachment":[{"href":"https:\/\/www.blackjackinfo.com\/fr\/wp-json\/wp\/v2\/media?parent=2715"}],"wp:term":[{"taxonomy":"post_tag","embeddable":true,"href":"https:\/\/www.blackjackinfo.com\/fr\/wp-json\/wp\/v2\/tags?post=2715"}],"curies":[{"name":"wp","href":"https:\/\/api.w.org\/{rel}","templated":true}]}}