{"id":2736,"date":"2017-03-10T00:13:16","date_gmt":"2017-03-10T06:13:16","guid":{"rendered":"https:\/\/www.blackjackinfo.com\/?page_id=2736\/"},"modified":"2018-04-18T02:07:13","modified_gmt":"2018-04-18T07:07:13","slug":"lecon-2-appliquer-la-strategie-de-base","status":"publish","type":"page","link":"https:\/\/www.blackjackinfo.com\/fr\/scuola-di-blackjack\/lezione-2-imparare-la-strategia-base\/","title":{"rendered":"Niveau 2 - Mettre en \u0153uvre la strat\u00e9gie de base"},"content":{"rendered":"<p class=\"gbs-intro\"><b>Il s'agit d'une le\u00e7on tr\u00e8s simple - Vi mostrer\u00f2 come memorizzare perfettamente la strategia base che avete scelto in man\u00ec cos\u00ec perfetta che non avrete bisogno di pensare quale \u00e8 la mossa giusta da fare perch\u00e8 la farete automaticamente.<\/b> Cette capacit\u00e9 se d\u00e9veloppe gr\u00e2ce \u00e0 beaucoup de pratique et \u00e0 de nombreux exercices pratiques qui mettent bien en \u00e9vidence la strat\u00e9gie de base, de la m\u00eame mani\u00e8re que l'on obtient son propre nom. (Je n'ai pas dit que c'\u00e9tait une chose facile, mais seulement simple).<\/p>\n<p>En r\u00e9alit\u00e9, nous pouvons rendre ces heures de pratique un peu plus divertissantes et int\u00e9ressantes - et m\u00eame stimulantes - en utilisant diverses m\u00e9thodes d'entra\u00eenement. Si vous \u00eates une personne comp\u00e9titive, les exercices \u00e0 temps se rapprochent de votre cas ; il est tr\u00e8s amusant de voir si vous pouvez obtenir un nouveau \"record personnel\" dans chacun d'entre eux. Mais ne vous inqui\u00e9tez pas, vous ne devez pas \u00eatre une personne super intelligente pour mettre en place une strat\u00e9gie de base parfaite. Vous devez faire les exercices avec calme et faire tout ce que vous pouvez pendant la journ\u00e9e et si vous y arrivez, la connaissance de la strat\u00e9gie de base sera assimil\u00e9e. Reconnaissez que vous impartissez une technique que vous \u00eates en mesure d'utiliser pour le reste de votre vie. Si vous ne d\u00e9pensez que quelques heures, vous pourrez \u00e0 l'avenir gagner des centaines d'heures de jeu r\u00e9mun\u00e9rateur ; cela me semble donc une bonne affaire.<\/p>\n<p>Nous commen\u00e7ons tout de suite.<\/p>\n<p><b>Flashcards<\/b> - Vous devez avoir un exemplaire de ces cartes et les utiliser r\u00e9guli\u00e8rement. Commencez \u00e0 mesurer le temps lorsque vous vous exercez avec ces cartons ; un bon objectif est d'ex\u00e9cuter \u00e0 voix haute toutes les phrases sans s'arr\u00eater et de terminer toutes les flashcards en moins de deux minutes. La tension introduite avec le temps permet de \"forcer\" l'apprentissage des flashcards, ce qui permet de m\u00e9moriser les r\u00e9sultats obtenus pour v\u00e9rifier ult\u00e9rieurement les progr\u00e8s accomplis. Si vous avez un cronom\u00e8tre, c'est encore mieux, car vous pouvez l'utiliser non seulement avec les flashcards, mais aussi avec beaucoup d'autres exercices. Si vous n'en avez pas, n'allez pas en acheter un ; le temps approximatif est tout ce qui vous int\u00e9resse dans cette section, et un orologio da polso vous conviendra parfaitement.<br \/>\n<b>Exercice de reconstruction de la base strat\u00e9gique<\/b> - Tamponnez le module suivant et faites-en diverses copies. <a href=\"https:\/\/www.blackjackinfo.com\/blackjack-school\/blackjack-school-downloads\/\">Questa risorsa pu\u00f2 essere scaricata (per ragioni di stampa).<\/a> Notez qu'il s'agit, avec un seul \"espace\", du module que nous avons utilis\u00e9 dans la le\u00e7on 1 pour cr\u00e9er les r\u00e8gles pour chaque main initiale du joueur. Il s'agit maintenant d'\u00e9crire la r\u00e8gle pour chaque main et d'en v\u00e9rifier l'exactitude. Rappelez-vous le vieil adage : \"Se leggo dimentico ; se faccio ricordo\" (si vous lisez, c'est que vous avez peur). Cet exercice servira uniquement \u00e0 cette fin. Cronometratevi mentre riempite il modulo e verificate se terminate entro 60 secondi con una precisione del 100%.<\/p>\n<table class=\"bs-rule-table\">\n<tbody>\n<tr>\n<th>Vostra Mano<\/th>\n<th>D\u00e9cision<\/th>\n<\/tr>\n<tr>\n<td>5-8<\/td>\n<td>_______________________________<\/td>\n<\/tr>\n<tr>\n<td>9<\/td>\n<td>_______________________________<\/td>\n<\/tr>\n<tr>\n<td>10<\/td>\n<td>_______________________________<\/td>\n<\/tr>\n<tr>\n<td>11<\/td>\n<td>_______________________________<\/td>\n<\/tr>\n<tr>\n<td>12<\/td>\n<td>_______________________________<\/td>\n<\/tr>\n<tr>\n<td>13-16<\/td>\n<td>_______________________________<\/td>\n<\/tr>\n<tr>\n<td>17+<\/td>\n<td>_______________________________<\/td>\n<\/tr>\n<tr>\n<td>A,2<\/td>\n<td>_______________________________<\/td>\n<\/tr>\n<tr>\n<td>A,3<\/td>\n<td>_______________________________<\/td>\n<\/tr>\n<tr>\n<td>A,4<\/td>\n<td>_______________________________<\/td>\n<\/tr>\n<tr>\n<td>A,5<\/td>\n<td>_______________________________<\/td>\n<\/tr>\n<tr>\n<td>A,6<\/td>\n<td>_______________________________<\/td>\n<\/tr>\n<tr>\n<td>A,7<\/td>\n<td>_______________________________<\/td>\n<\/tr>\n<tr>\n<td>A,8-A,9<\/td>\n<td>_______________________________<\/td>\n<\/tr>\n<tr>\n<td>2,2<\/td>\n<td>_______________________________<\/td>\n<\/tr>\n<tr>\n<td>3,3<\/td>\n<td>_______________________________<\/td>\n<\/tr>\n<tr>\n<td>4,4<\/td>\n<td>_______________________________<\/td>\n<\/tr>\n<tr>\n<td>5,5<\/td>\n<td>_______________________________<\/td>\n<\/tr>\n<tr>\n<td>6,6<\/td>\n<td>_______________________________<\/td>\n<\/tr>\n<tr>\n<td>7,7<\/td>\n<td>_______________________________<\/td>\n<\/tr>\n<tr>\n<td>8,8<\/td>\n<td>_______________________________<\/td>\n<\/tr>\n<tr>\n<td>9,9<\/td>\n<td>_______________________________<\/td>\n<\/tr>\n<tr>\n<td>10,10<\/td>\n<td>_______________________________<\/td>\n<\/tr>\n<tr>\n<td>A,A<\/td>\n<td>_______________________________<\/td>\n<\/tr>\n<tr>\n<td><\/td>\n<td><\/td>\n<\/tr>\n<\/tbody>\n<\/table>\n<p>&nbsp;<br \/>\n<b>Exercice D\u00e9cision Strat\u00e9gies Base<\/b> - J'ai cr\u00e9\u00e9 de nombreuses fa\u00e7ons de commencer pour le joueur avec la carte correspondante de la banque. Utilisez votre \"Matrice de la strat\u00e9gie de base\" de la le\u00e7on 1 pour faire une \"copie par correspondance\" et la distinguer comme telle. Ensuite, utilisez l'autre copie et remplissez les colonnes avec la mousse appropri\u00e9e. Utilisez votre copie pour la correction afin de v\u00e9rifier les erreurs. La vitesse dans ce cas est nulle, vous devez donc travailler avec l'objectif de terminer le travail en moins de deux minutes sans commettre d'erreur, c'est-\u00e0-dire avec la pr\u00e9cision du 100%.<\/p>\n<hr \/>\n<p><em>(Indiquer la position correcte sous \"D\u00e9cision\")<\/em><br \/>\n<b>F=Fermarsi T=Tirare D=Dividere R=Raddoppiare<\/b><\/p>\n<hr \/>\n<table class=\"bs-rule-table\">\n<tbody>\n<tr>\n<th><em>Giocatore<\/em><\/th>\n<th><em>Banco<\/em><\/th>\n<th><em>D\u00e9cision<\/em><\/th>\n<th><em>Giocatore<\/em><\/th>\n<th><em>Banco<\/em><\/th>\n<th><em>D\u00e9cision<\/em><\/th>\n<th><em>Giocatore<\/em><\/th>\n<th><em>Banco<\/em><\/th>\n<th><em>D\u00e9cision<\/em><\/th>\n<\/tr>\n<tr>\n<td>8,3<\/td>\n<td>A<\/td>\n<td>____<\/td>\n<td>2,3,6<\/td>\n<td>4<\/td>\n<td>____<\/td>\n<td>A,4,2<\/td>\n<td>3<\/td>\n<td>____<\/td>\n<\/tr>\n<tr>\n<td>6,6<\/td>\n<td>4<\/td>\n<td>____<\/td>\n<td>9,9<\/td>\n<td>7<\/td>\n<td>____<\/td>\n<td>7,6<\/td>\n<td>3<\/td>\n<td>____<\/td>\n<\/tr>\n<tr>\n<td>5,4<\/td>\n<td>6<\/td>\n<td>____<\/td>\n<td>10,3<\/td>\n<td>3<\/td>\n<td>____<\/td>\n<td>8,2<\/td>\n<td>A<\/td>\n<td>____<\/td>\n<\/tr>\n<tr>\n<td>7,7<\/td>\n<td>7<\/td>\n<td>____<\/td>\n<td>9,8<\/td>\n<td>7<\/td>\n<td>____<\/td>\n<td>8,8<\/td>\n<td>10<\/td>\n<td>____<\/td>\n<\/tr>\n<tr>\n<td>9,6<\/td>\n<td>8<\/td>\n<td>____<\/td>\n<td>A,7<\/td>\n<td>2<\/td>\n<td>____<\/td>\n<td>10,7<\/td>\n<td>2<\/td>\n<td>____<\/td>\n<\/tr>\n<tr>\n<td>7,5<\/td>\n<td>3<\/td>\n<td>____<\/td>\n<td>A,4<\/td>\n<td>5<\/td>\n<td>____<\/td>\n<td>9,3<\/td>\n<td>3<\/td>\n<td>____<\/td>\n<\/tr>\n<tr>\n<td>A,2<\/td>\n<td>5<\/td>\n<td>____<\/td>\n<td>6,4<\/td>\n<td>10<\/td>\n<td>____<\/td>\n<td>7,4<\/td>\n<td>A<\/td>\n<td>____<\/td>\n<\/tr>\n<tr>\n<td>3,3<\/td>\n<td>4<\/td>\n<td>____<\/td>\n<td>A,4<\/td>\n<td>5<\/td>\n<td>____<\/td>\n<td>6,3<\/td>\n<td>7<\/td>\n<td>____<\/td>\n<\/tr>\n<tr>\n<td>9,2<\/td>\n<td>10<\/td>\n<td>____<\/td>\n<td>10,8<\/td>\n<td>6<\/td>\n<td>____<\/td>\n<td>A,6<\/td>\n<td>5<\/td>\n<td>____<\/td>\n<\/tr>\n<tr>\n<td>5,5<\/td>\n<td>9<\/td>\n<td>____<\/td>\n<td>6,8<\/td>\n<td>7<\/td>\n<td>____<\/td>\n<td>A,9<\/td>\n<td>6<\/td>\n<td>____<\/td>\n<\/tr>\n<tr>\n<td>A,7<\/td>\n<td>6<\/td>\n<td>____<\/td>\n<td>9,7<\/td>\n<td>8<\/td>\n<td>____<\/td>\n<td>10,4<\/td>\n<td>5<\/td>\n<td>____<\/td>\n<\/tr>\n<tr>\n<td>6,3<\/td>\n<td>4<\/td>\n<td>____<\/td>\n<td>A,2,5<\/td>\n<td>6<\/td>\n<td>____<\/td>\n<td>9,9<\/td>\n<td>9<\/td>\n<td>____<\/td>\n<\/tr>\n<tr>\n<td>5,2<\/td>\n<td>2<\/td>\n<td>____<\/td>\n<td>3,6<\/td>\n<td>4<\/td>\n<td>____<\/td>\n<td>2,4<\/td>\n<td>2<\/td>\n<td>____<\/td>\n<\/tr>\n<tr>\n<td>10,2<\/td>\n<td>3<\/td>\n<td>____<\/td>\n<td>7,8<\/td>\n<td>9<\/td>\n<td>____<\/td>\n<td>6,5<\/td>\n<td>2<\/td>\n<td>____<\/td>\n<\/tr>\n<tr>\n<td>9,9<\/td>\n<td>7<\/td>\n<td>____<\/td>\n<td>10,3<\/td>\n<td>3<\/td>\n<td>____<\/td>\n<td>7,7<\/td>\n<td>2<\/td>\n<td>____<\/td>\n<\/tr>\n<tr>\n<td>10,4<\/td>\n<td>9<\/td>\n<td>____<\/td>\n<td>A,4<\/td>\n<td>4<\/td>\n<td>____<\/td>\n<td>3,4<\/td>\n<td>5<\/td>\n<td>____<\/td>\n<\/tr>\n<tr>\n<td>6,5<\/td>\n<td>9<\/td>\n<td>____<\/td>\n<td>10,5<\/td>\n<td>7<\/td>\n<td>____<\/td>\n<td>4,4<\/td>\n<td>6<\/td>\n<td>____<\/td>\n<\/tr>\n<tr>\n<td>A,6<\/td>\n<td>2<\/td>\n<td>____<\/td>\n<td>5,2<\/td>\n<td>10<\/td>\n<td>____<\/td>\n<td>A,2,4<\/td>\n<td>6<\/td>\n<td>____<\/td>\n<\/tr>\n<tr>\n<td>4,4<\/td>\n<td>6<\/td>\n<td>____<\/td>\n<td>8,8<\/td>\n<td>8<\/td>\n<td>____<\/td>\n<td>10,2,A<\/td>\n<td>3<\/td>\n<td>____<\/td>\n<\/tr>\n<tr>\n<td>10,10<\/td>\n<td>5<\/td>\n<td>____<\/td>\n<td>A,A<\/td>\n<td>7<\/td>\n<td>____<\/td>\n<td>8,2<\/td>\n<td>10<\/td>\n<td>____<\/td>\n<\/tr>\n<tr>\n<td>8,6<\/td>\n<td>7<\/td>\n<td>____<\/td>\n<td>8,3<\/td>\n<td>10<\/td>\n<td>____<\/td>\n<td>6,6<\/td>\n<td>6<\/td>\n<td>____<\/td>\n<\/tr>\n<tr>\n<td>7,9<\/td>\n<td>10<\/td>\n<td>____<\/td>\n<td>5,5<\/td>\n<td>10<\/td>\n<td>____<\/td>\n<td>5,4<\/td>\n<td>2<\/td>\n<td>____<\/td>\n<\/tr>\n<tr>\n<td>10,2,A<\/td>\n<td>3<\/td>\n<td>____<\/td>\n<td>A,5,A<\/td>\n<td>3<\/td>\n<td>____<\/td>\n<td>A,7<\/td>\n<td>3<\/td>\n<td>____<\/td>\n<\/tr>\n<tr>\n<td>A,2,2<\/td>\n<td>6<\/td>\n<td>____<\/td>\n<td>2,2<\/td>\n<td>7<\/td>\n<td>____<\/td>\n<td>3,3<\/td>\n<td>2<\/td>\n<td>____<\/td>\n<\/tr>\n<tr>\n<td>2,6<\/td>\n<td>4<\/td>\n<td>____<\/td>\n<td>A,5<\/td>\n<td>4<\/td>\n<td>____<\/td>\n<td>7,8<\/td>\n<td>7<\/td>\n<td>____<\/td>\n<\/tr>\n<tr>\n<td>9,A<\/td>\n<td>6<\/td>\n<td>____<\/td>\n<td>6,6<\/td>\n<td>2<\/td>\n<td>____<\/td>\n<td>9,9<\/td>\n<td>7<\/td>\n<td>____<\/td>\n<\/tr>\n<tr>\n<td>10,6<\/td>\n<td>3<\/td>\n<td>____<\/td>\n<td>3,7<\/td>\n<td>9<\/td>\n<td>____<\/td>\n<td>2,5,4<\/td>\n<td>2<\/td>\n<td>____<\/td>\n<\/tr>\n<tr>\n<td>7,7<\/td>\n<td>6<\/td>\n<td>____<\/td>\n<td>3,3<\/td>\n<td>2<\/td>\n<td>____<\/td>\n<td>10,4<\/td>\n<td>6<\/td>\n<td>____<\/td>\n<\/tr>\n<tr>\n<td>A,A<\/td>\n<td>9<\/td>\n<td>____<\/td>\n<td>5,5<\/td>\n<td>9<\/td>\n<td>____<\/td>\n<td>9,3<\/td>\n<td>5<\/td>\n<td>____<\/td>\n<\/tr>\n<tr>\n<td>2,2<\/td>\n<td>2<\/td>\n<td>____<\/td>\n<td>A,6<\/td>\n<td>3<\/td>\n<td>____<\/td>\n<td>A,2<\/td>\n<td>6<\/td>\n<td>____<\/td>\n<\/tr>\n<tr>\n<td>9,4<\/td>\n<td>4<\/td>\n<td>____<\/td>\n<td>10,6<\/td>\n<td>7<\/td>\n<td>____<\/td>\n<td>9,8<\/td>\n<td>7<\/td>\n<td>____<\/td>\n<\/tr>\n<tr>\n<td>A,3,4<\/td>\n<td>9<\/td>\n<td>____<\/td>\n<td>6,6<\/td>\n<td>3<\/td>\n<td>____<\/td>\n<td>A,4,A<\/td>\n<td>2<\/td>\n<td>____<\/td>\n<\/tr>\n<tr>\n<td>A,4,2<\/td>\n<td>6<\/td>\n<td>____<\/td>\n<td>9,4<\/td>\n<td>2<\/td>\n<td>____<\/td>\n<td>7,5<\/td>\n<td>3<\/td>\n<td>____<\/td>\n<\/tr>\n<tr>\n<td>8,8<\/td>\n<td>10<\/td>\n<td>____<\/td>\n<td>A,4<\/td>\n<td>10<\/td>\n<td>____<\/td>\n<td>2,2<\/td>\n<td>6<\/td>\n<td>____<\/td>\n<\/tr>\n<tr>\n<td>5,5<\/td>\n<td>8<\/td>\n<td>____<\/td>\n<td>6,4<\/td>\n<td>9<\/td>\n<td>____<\/td>\n<td>3,3<\/td>\n<td>7<\/td>\n<td>____<\/td>\n<\/tr>\n<tr>\n<td>A,8<\/td>\n<td>6<\/td>\n<td>____<\/td>\n<td>8,3<\/td>\n<td>A<\/td>\n<td>____<\/td>\n<td>6,6<\/td>\n<td>2<\/td>\n<td>____<\/td>\n<\/tr>\n<tr>\n<td>5,2<\/td>\n<td>2<\/td>\n<td>____<\/td>\n<td>9,9<\/td>\n<td>10<\/td>\n<td>____<\/td>\n<td>2,9<\/td>\n<td>10<\/td>\n<td>____<\/td>\n<\/tr>\n<tr>\n<td>A,4<\/td>\n<td>6<\/td>\n<td>____<\/td>\n<td>7,5<\/td>\n<td>4<\/td>\n<td>____<\/td>\n<td>9,7<\/td>\n<td>5<\/td>\n<td>____<\/td>\n<\/tr>\n<tr>\n<td>2,3,4,A<\/td>\n<td>6<\/td>\n<td>____<\/td>\n<td>7,7<\/td>\n<td>9<\/td>\n<td>____<\/td>\n<td>5,4<\/td>\n<td>3<\/td>\n<td>____<\/td>\n<\/tr>\n<tr>\n<td>A,A<\/td>\n<td>A<\/td>\n<td>____<\/td>\n<td>9,3<\/td>\n<td>7<\/td>\n<td>____<\/td>\n<td>7,4<\/td>\n<td>10<\/td>\n<td>____<\/td>\n<\/tr>\n<\/tbody>\n<\/table>\n<hr \/>\n<p><b>L'importance de la vitesse<\/b> - J'insiste sur la vitesse dans mes cours, car la capacit\u00e9 de faire quelque chose rapidement et de mani\u00e8re pr\u00e9cise \u00e9quivaut \u00e0 bien conna\u00eetre la mati\u00e8re en question. Le jeu de votre main ne doit pas \u00eatre \"automatique\", car une fois que vous avez essay\u00e9 d'introduire les cartes, vous \u00eates trop impliqu\u00e9 dans le conteggio pour penser \u00e0 la bonne voie. Capite il senso ?<br \/>\n<b>Exercice avec la carte num\u00e9ro 1<\/b> - Si vous avez un exemplaire de votre matrice de strat\u00e9gie de base \u00e0 port\u00e9e de main, sortez un jeu de cartes et participez \u00e0 cet exercice. Datez une carte \u00e0 la banque et apr\u00e8s deux cartes \u00e0 vous pour commencer votre travail. Gagnez la main en suivant la strat\u00e9gie de base correcte et, sans toucher \u00e0 la main de la banque, prenez ensuite toutes les cartes utilis\u00e9es et r\u00e9cup\u00e9r\u00e9es par le chef d'entreprise. Continuez ainsi jusqu'\u00e0 ce que vous n'ayez pas fini tout le travail, mettez-les de c\u00f4t\u00e9 et recommencez. Cet exercice vous aidera \u00e0 prendre des d\u00e9cisions comme si vous \u00e9tiez dans un casino. Gardez votre Matrice chaque fois que vous avez un doute, afin de ne pas commettre d'erreur et de jouer correctement.<br \/>\n<b>Exercice avec la carte num\u00e9ro 2<\/b> - Certaines mains du joueur, comme celle de l'A-7, sont difficiles \u00e0 ma\u00eetriser. Nous commen\u00e7ons donc un exercice comme celui pr\u00e9sent\u00e9 ci-dessus, mais nous utilisons la main du joueur de mani\u00e8re \u00e0 ce qu'elle soit toujours la m\u00eame et nous ne changeons que la carte du croupier \u00e0 la fin de chaque partie. Nous continuons \u00e0 tirer ou \u00e0 radier comme pr\u00e9c\u00e9demment. Cet exercice est particuli\u00e8rement indiqu\u00e9 pour s'exercer avec les mains \"molles\" (celles qui contiennent un Asso). Dans ce cas, le temps n'est pas important, mais la pr\u00e9cision doit l'\u00eatre.<br \/>\n<b>Exercice avec la carte num\u00e9ro 3<\/b> - Il s'agit d'une variante de l'exercice ci-dessus. Dans ce cas, conservez la carte de la banque de mani\u00e8re \u00e0 ce qu'elle soit toujours la m\u00eame - nous disons un 6 - apr\u00e8s avoir distribu\u00e9 deux cartes pour le joueur. Glissez la main et d\u00e9posez, \u00e0 la fin de la main, uniquement les cartes utilis\u00e9es pour la main du joueur. \"Ammucchiate\" il vostro mazzo inserendo molte coppie in modo che possiate esercitarvi adeguatamente anche sulla divisione.<\/p>\n<h3>Compensations pour la maison<\/h3>\n<ul>\n<li>Consacrez environ une demi-heure par jour aux exercices avec les flashcards et aux calculs.<\/li>\n<li>Il n'y a qu'un seul <b>\"Esercizio di Ricostruzione della Strategia Base\" (exercice de reconstruction de la base strat\u00e9gique)<\/b> chaque jour. Les r\u00e9sultats et les donn\u00e9es sont calcul\u00e9s et enregistr\u00e9s sur le brouillard.<\/li>\n<li>Il n'y a qu'un seul <b>\"Exercice de d\u00e9cision de la strat\u00e9gie de base\".<\/b> au cours de la journ\u00e9e et de saisir, comme un seul homme, la date et l'heure de l'enregistrement sur le brouillard d\u00e9j\u00e0 compil\u00e9.<\/li>\n<li>Vous pouvez vous entra\u00eener \u00e0 peu pr\u00e8s une demi-heure par jour en faisant les 3 exercices avec la carte. Travaillez surtout avec les mains qui, pour vous, sont les plus difficiles \u00e0 ma\u00eetriser.<\/li>\n<\/ul>","protected":false},"excerpt":{"rendered":"<p>Si tratta di una lezione veramente semplice \u2013 Vi mostrer\u00f2 come memorizzare perfettamente la strategia base che avete scelto in maniera cos\u00ec perfetta che non avrete bisogno di pensare quale \u00e8 la mossa giusta da fare perch\u00e8 la farete automaticamente. Questa abilit\u00e0 si sviluppa attraverso molta pratica e molte ore di esercizi ripetitivi che vi [&hellip;]<\/p>\n","protected":false},"author":4,"featured_media":0,"parent":2715,"menu_order":0,"comment_status":"open","ping_status":"open","template":"page-blacjack-school-it.php","meta":{"_acf_changed":false,"footnotes":""},"tags":[],"class_list":["post-2736","page","type-page","status-publish","hentry"],"acf":[],"yoast_head":"<!-- This site is optimized with the Yoast SEO plugin v26.6 - https:\/\/yoast.com\/wordpress\/plugins\/seo\/ -->\n<title>Lezione 2 - Imparare la Strategia Base<\/title>\n<meta name=\"description\" content=\"Si tratta di una lezione veramente semplice \u2013 Vi mostrer\u00f2 come memorizzare perfettamente la strategia base che avete scelto in maniera cos\u00ec perfetta che\" \/>\n<meta name=\"robots\" content=\"index, follow, max-snippet:-1, max-image-preview:large, max-video-preview:-1\" \/>\n<link rel=\"canonical\" href=\"https:\/\/www.blackjackinfo.com\/fr\/ecole-de-blackjack\/lecon-02-apprendre-la-strategie-de-base\/\" \/>\n<meta property=\"og:locale\" content=\"fr_FR\" \/>\n<meta property=\"og:type\" content=\"article\" \/>\n<meta property=\"og:title\" content=\"Lezione 2 - Imparare la Strategia Base\" \/>\n<meta property=\"og:description\" content=\"Si tratta di una lezione veramente semplice \u2013 Vi mostrer\u00f2 come memorizzare perfettamente la strategia base che avete scelto in maniera cos\u00ec perfetta che\" \/>\n<meta property=\"og:url\" content=\"https:\/\/www.blackjackinfo.com\/fr\/ecole-de-blackjack\/lecon-02-apprendre-la-strategie-de-base\/\" \/>\n<meta property=\"og:site_name\" content=\"BlackjackInfo.com\" \/>\n<meta property=\"article:modified_time\" content=\"2018-04-18T07:07:13+00:00\" \/>\n<meta name=\"twitter:label1\" content=\"Dur\u00e9e de lecture estim\u00e9e\" \/>\n\t<meta name=\"twitter:data1\" content=\"5 minutes\" \/>\n<script type=\"application\/ld+json\" class=\"yoast-schema-graph\">{\"@context\":\"https:\/\/schema.org\",\"@graph\":[{\"@type\":\"WebPage\",\"@id\":\"https:\/\/www.blackjackinfo.com\/blackjack-school\/lesson-02-learning-basic-strategy\/\",\"url\":\"https:\/\/www.blackjackinfo.com\/blackjack-school\/lesson-02-learning-basic-strategy\/\",\"name\":\"Lezione 2 - Imparare la Strategia Base\",\"isPartOf\":{\"@id\":\"https:\/\/www.blackjackinfo.com\/#website\"},\"datePublished\":\"2017-03-10T06:13:16+00:00\",\"dateModified\":\"2018-04-18T07:07:13+00:00\",\"description\":\"Si tratta di una lezione veramente semplice \u2013 Vi mostrer\u00f2 come memorizzare perfettamente la strategia base che avete scelto in maniera cos\u00ec perfetta che\",\"breadcrumb\":{\"@id\":\"https:\/\/www.blackjackinfo.com\/blackjack-school\/lesson-02-learning-basic-strategy\/#breadcrumb\"},\"inLanguage\":\"fr-FR\",\"potentialAction\":[{\"@type\":\"ReadAction\",\"target\":[\"https:\/\/www.blackjackinfo.com\/blackjack-school\/lesson-02-learning-basic-strategy\/\"]}]},{\"@type\":\"BreadcrumbList\",\"@id\":\"https:\/\/www.blackjackinfo.com\/blackjack-school\/lesson-02-learning-basic-strategy\/#breadcrumb\",\"itemListElement\":[{\"@type\":\"ListItem\",\"position\":1,\"name\":\"Home\",\"item\":\"https:\/\/www.blackjackinfo.com\/\"},{\"@type\":\"ListItem\",\"position\":2,\"name\":\"La Scuola di Blackjack di GameMaster\",\"item\":\"https:\/\/www.it.blackjackinfo.com\/scuola-di-blackjack\/\"},{\"@type\":\"ListItem\",\"position\":3,\"name\":\"Lezione 2 &#8211; Imparare la Strategia Base\"}]},{\"@type\":\"WebSite\",\"@id\":\"https:\/\/www.blackjackinfo.com\/#website\",\"url\":\"https:\/\/www.blackjackinfo.com\/\",\"name\":\"BlackjackInfo.com\",\"description\":\"Because Winning is More Fun!\",\"potentialAction\":[{\"@type\":\"SearchAction\",\"target\":{\"@type\":\"EntryPoint\",\"urlTemplate\":\"https:\/\/www.blackjackinfo.com\/?s={search_term_string}\"},\"query-input\":{\"@type\":\"PropertyValueSpecification\",\"valueRequired\":true,\"valueName\":\"search_term_string\"}}],\"inLanguage\":\"fr-FR\"}]}<\/script>\n<!-- \/ Yoast SEO plugin. -->","yoast_head_json":{"title":"Niveau 2 - Mettre en \u0153uvre la strat\u00e9gie de base","description":"Il s'agit d'une le\u00e7on tr\u00e8s simple - Vi mostrer\u00f2 come memorizzare perfettamente la strategia base che avete scelto in maniera cos\u00ec perfetta che","robots":{"index":"index","follow":"follow","max-snippet":"max-snippet:-1","max-image-preview":"max-image-preview:large","max-video-preview":"max-video-preview:-1"},"canonical":"https:\/\/www.blackjackinfo.com\/fr\/ecole-de-blackjack\/lecon-02-apprendre-la-strategie-de-base\/","og_locale":"fr_FR","og_type":"article","og_title":"Lezione 2 - Imparare la Strategia Base","og_description":"Si tratta di una lezione veramente semplice \u2013 Vi mostrer\u00f2 come memorizzare perfettamente la strategia base che avete scelto in maniera cos\u00ec perfetta che","og_url":"https:\/\/www.blackjackinfo.com\/fr\/ecole-de-blackjack\/lecon-02-apprendre-la-strategie-de-base\/","og_site_name":"BlackjackInfo.com","article_modified_time":"2018-04-18T07:07:13+00:00","twitter_misc":{"Dur\u00e9e de lecture estim\u00e9e":"5 minutes"},"schema":{"@context":"https:\/\/schema.org","@graph":[{"@type":"WebPage","@id":"https:\/\/www.blackjackinfo.com\/blackjack-school\/lesson-02-learning-basic-strategy\/","url":"https:\/\/www.blackjackinfo.com\/blackjack-school\/lesson-02-learning-basic-strategy\/","name":"Niveau 2 - Mettre en \u0153uvre la strat\u00e9gie de base","isPartOf":{"@id":"https:\/\/www.blackjackinfo.com\/#website"},"datePublished":"2017-03-10T06:13:16+00:00","dateModified":"2018-04-18T07:07:13+00:00","description":"Il s'agit d'une le\u00e7on tr\u00e8s simple - Vi mostrer\u00f2 come memorizzare perfettamente la strategia base che avete scelto in maniera cos\u00ec perfetta che","breadcrumb":{"@id":"https:\/\/www.blackjackinfo.com\/blackjack-school\/lesson-02-learning-basic-strategy\/#breadcrumb"},"inLanguage":"fr-FR","potentialAction":[{"@type":"ReadAction","target":["https:\/\/www.blackjackinfo.com\/blackjack-school\/lesson-02-learning-basic-strategy\/"]}]},{"@type":"BreadcrumbList","@id":"https:\/\/www.blackjackinfo.com\/blackjack-school\/lesson-02-learning-basic-strategy\/#breadcrumb","itemListElement":[{"@type":"ListItem","position":1,"name":"Home","item":"https:\/\/www.blackjackinfo.com\/"},{"@type":"ListItem","position":2,"name":"La Scuola di Blackjack di GameMaster","item":"https:\/\/www.it.blackjackinfo.com\/scuola-di-blackjack\/"},{"@type":"ListItem","position":3,"name":"Lezione 2 &#8211; Imparare la Strategia Base"}]},{"@type":"WebSite","@id":"https:\/\/www.blackjackinfo.com\/#website","url":"https:\/\/www.blackjackinfo.com\/","name":"BlackjackInfo.com","description":"Parce que gagner, c'est plus amusant !","potentialAction":[{"@type":"SearchAction","target":{"@type":"EntryPoint","urlTemplate":"https:\/\/www.blackjackinfo.com\/?s={search_term_string}"},"query-input":{"@type":"PropertyValueSpecification","valueRequired":true,"valueName":"search_term_string"}}],"inLanguage":"fr-FR"}]}},"_links":{"self":[{"href":"https:\/\/www.blackjackinfo.com\/fr\/wp-json\/wp\/v2\/pages\/2736","targetHints":{"allow":["GET"]}}],"collection":[{"href":"https:\/\/www.blackjackinfo.com\/fr\/wp-json\/wp\/v2\/pages"}],"about":[{"href":"https:\/\/www.blackjackinfo.com\/fr\/wp-json\/wp\/v2\/types\/page"}],"author":[{"embeddable":true,"href":"https:\/\/www.blackjackinfo.com\/fr\/wp-json\/wp\/v2\/users\/4"}],"replies":[{"embeddable":true,"href":"https:\/\/www.blackjackinfo.com\/fr\/wp-json\/wp\/v2\/comments?post=2736"}],"version-history":[{"count":3,"href":"https:\/\/www.blackjackinfo.com\/fr\/wp-json\/wp\/v2\/pages\/2736\/revisions"}],"predecessor-version":[{"id":2739,"href":"https:\/\/www.blackjackinfo.com\/fr\/wp-json\/wp\/v2\/pages\/2736\/revisions\/2739"}],"up":[{"embeddable":true,"href":"https:\/\/www.blackjackinfo.com\/fr\/wp-json\/wp\/v2\/pages\/2715"}],"wp:attachment":[{"href":"https:\/\/www.blackjackinfo.com\/fr\/wp-json\/wp\/v2\/media?parent=2736"}],"wp:term":[{"taxonomy":"post_tag","embeddable":true,"href":"https:\/\/www.blackjackinfo.com\/fr\/wp-json\/wp\/v2\/tags?post=2736"}],"curies":[{"name":"wp","href":"https:\/\/api.w.org\/{rel}","templated":true}]}}