{"id":2742,"date":"2017-03-10T00:33:49","date_gmt":"2017-03-10T06:33:49","guid":{"rendered":"https:\/\/www.blackjackinfo.com\/?page_id=2742\/"},"modified":"2018-04-18T02:07:14","modified_gmt":"2018-04-18T07:07:14","slug":"lezione-3-contare-le-carte-le-basi","status":"publish","type":"page","link":"https:\/\/www.blackjackinfo.com\/fr\/scuola-di-blackjack\/lezione-3-contare-le-carte-le-basi\/","title":{"rendered":"Lezione 3 - Contare le Carte, Le Basi"},"content":{"rendered":"<p class=\"intro\"><b>Au cours de cette le\u00e7on, nous avons d\u00e9couvert le myst\u00e8re qui semblait entourer le contenu de la carte.<\/b> D\u00e9couvrez qu'il n'est pas n\u00e9cessaire d'\u00eatre un g\u00e9nie pour tenir la trace de toutes les cartes dans un sabot avec six personnes ; il suffit de conna\u00eetre quelques d\u00e9tails du contenu des cartes.<\/p>\n<p><b>Le premier \"secret\" est que vous ne devez pas m\u00e9moriser les cartes dans le magasin.<\/b> En outre, chaque carte est assortie d'un montant ou d'une valeur et tout ce qu'il faut faire, c'est sommer ensemble ces valeurs et convertir cette information en une donn\u00e9e utilisable. Les valeurs attribu\u00e9es aux cartes d\u00e9pendent du type de syst\u00e8me de contr\u00f4le qu'un joueur d\u00e9cide d'utiliser. Dans cette \u00e9cole, le syst\u00e8me \"Haut \/ Bas\" ou \"Plus \/ Moins\" est utilis\u00e9, mais si vous avez l'intention d'en utiliser un autre, tous les \u00e9l\u00e9ments que vous avez appris peuvent \u00eatre appliqu\u00e9s diff\u00e9remment.<\/p>\n<p><b>L'autre grand \"secret\", en ce qui concerne le contenu des cartes, est la mani\u00e8re de proc\u00e9der au Blackjack.<\/b> Je pense que beaucoup de personnes qui ont utilis\u00e9 le syst\u00e8me de saisie des cartes ont obtenu d'excellents r\u00e9sultats \u00e0 la maison, mais une fois qu'elles ont \u00e9t\u00e9 confront\u00e9es \u00e0 toutes les distractions du casino, leur capacit\u00e9 \u00e0 conserver la trace des cartes, \u00e0 jouer correctement avec leur main, \u00e0 effectuer la saisie dans un temps utile, diminue consid\u00e9rablement. Vous avez demand\u00e9 \u00e0 ce que l'on vous dise que vous devez bien conna\u00eetre la strat\u00e9gie de base quant au nom que vous portez ? Il faut donc commencer par comprendre pourquoi c'est n\u00e9cessaire ; il n'y a pas d'autres raisons de penser quand on est sur la \"page verte\".<\/p>\n<h3>Rechercher un syst\u00e8me<\/h3>\n<p><b>Il existe de nombreuses diff\u00e9rences entre les diff\u00e9rents syst\u00e8mes de saisie des cartes et, comme pour la plupart des choses de la vie, chacun a ses avantages et ses inconv\u00e9nients.<\/b> Je vous ai demand\u00e9 de classer les plus connus et je vous ai aid\u00e9 \u00e0 trouver ce qui correspond le mieux \u00e0 vos caract\u00e9ristiques. Il est probable que le facteur le plus important dans la recherche d'un syst\u00e8me soit le type de jeu que vous allez apprendre. Par exemple, si vous jouez surtout dans la r\u00e9gion de Reno\/Tahoe, vous devez choisir un syst\u00e8me qui vous permet de jouer avec un seul jeu de cartes. Si vous jouez dans la ville d'Atlantic City, vous devez utiliser un syst\u00e8me qui soit efficace pour les jeux avec plus de cartes.<\/p>\n<p><b>Un autre facteur important dans la s\u00e9lection d'un syst\u00e8me est le temps dont vous disposez pour jouer au Blackjack.<\/b> Il est probable que cela vous surprenne, mais un joueur qui a l'intention de passer beaucoup de temps dans les tavoli doit essayer un syst\u00e8me tr\u00e8s simple. Je dis cela parce que, m\u00eame si cela est en r\u00e9alit\u00e9 assez facile, cela demande une bonne concentration et plus le syst\u00e8me est simple, plus il sera facile de se concentrer pendant une longue p\u00e9riode de temps. D'autre part, si vous avez l'intention de jouer pendant 3 ou 4 heures chaque semaine, un syst\u00e8me plus difficile peut fonctionner correctement, car un syst\u00e8me compliqu\u00e9 en solitaire est plus puissant et optimise le temps que vous passez aux toilettes. Or, certains d'entre vous, les \"Tipi A\", commencent \u00e0 penser qu'ils passent beaucoup de temps dans les tavoli et utilisent un syst\u00e8me tr\u00e8s puissant (et compliqu\u00e9) pour gagner le plus d'argent possible dans leur propre jeu. Le probl\u00e8me dans ce cas est que, dans ces conditions, les erreurs commencent \u00e0 s'insinuer et que cela peut entra\u00eener une perte de votre avantage. Il principio base che si applica \u00e8 : <\/p>\n<p><b>\"Sceglilo Semplice, Stupido\"<\/b>. Si vous voulez obtenir le maximum d'un jeu, faites ce que je vous ai dit, imprimez deux syst\u00e8mes d'enregistrement. L'un pour les jeux dans lesquels il y a plusieurs cartes et l'autre pour les jeux avec une seule carte. Il n'est pas si difficile d'apprendre \u00e0 contenir les cartes et, lorsque vous les ajouterez \u00e0 vos jeux, vous remarquerez que les exercices que vous avez appris \u00e0 faire peuvent vous permettre d'appliquer cette strat\u00e9gie efficace.<\/p>\n<p><b>Les syst\u00e8mes de gestion des cartes sont \u00e9valu\u00e9s en fonction de deux facteurs principaux : l'efficacit\u00e9 des paris (Betting Efficiency, BE) et l'efficacit\u00e9 du jeu (Playing Efficiency, PE).<\/b> L'anomalie des syst\u00e8mes de contr\u00f4le est que, pour la plus grande partie des vols, si l'on augmente la BE, on diminue, dans le m\u00eame temps, la PE. Cela est d\u00fb au r\u00f4le inhabituel qu'un Asso joue dans la partie. En ce qui concerne les questions de concurrence, l'Asso est une carte tr\u00e8s puissante ; c'est la composante principale d'un \"blackjack\" qui se joue \u00e0 3 contre 2. Mais pour jouer un coup, l'Asso a une valeur limit\u00e9e. Quante volte avete raddoppiato un 11 e avete ottenuto un Asso ? Ou vous avez un 12... excentrique, vraiment ? Vous avez un 14, vous avez un Asso et vous avez un 15 ; rien ne vous emp\u00eache de vous plaindre, n'est-ce pas ? Certes, c'est tr\u00e8s bien d'avoir un 10 et d'avoir un Asso, mais c'est l'une des rares fois o\u00f9 l'Asso participe au jeu d'une main.<\/p>\n<p><b>La mani\u00e8re dont un syst\u00e8me de contr\u00f4le traite l'Asso d\u00e9termine en grande partie le BE et le PE de ce syst\u00e8me.<\/b> Si vous avez besoin d'une plus grande efficacit\u00e9 dans la recherche - comme dans un jeu avec plus de joueurs - vous pouvez utiliser un syst\u00e8me qui contient l'Asso comme une carte \"grande\" ; si le jeu que vous avez choisi est un jeu avec un seul mazzo, vous pouvez utiliser un syst\u00e8me qui traite l'Asso comme une carte \"neutre\" (et vous pouvez tracer les assiettes avec un \"conteggio laterale\", un truc que vous avez appris plus haut).)<\/p>\n<p><b>Les jeux avec le plus grand nombre de personnes sont battus principalement par l'utilisation de gros objets.<\/b> En quelques mots, il faut payer un peu quand la banque a un risque et beaucoup plus quand le risque est le v\u00f4tre. Un syst\u00e8me de contr\u00f4le avec un facteur \u00e9lev\u00e9 indique quand il faut alourdir la note. Dans un jeu avec un seul mazzo, un PE \u00e9lev\u00e9 ne permet pas de gagner autant, mais il permet de gagner plus que d'habitude. Ne vous inqui\u00e9tez pas ; les casinos savent que leurs jeux sont vuln\u00e9rables et c'est pour cette raison qu'ils recherchent en permanence des personnes capables de se battre. Une grosse tache dans les poches est un signe pour identifier les conteneurs de cartes et, selon l'endroit o\u00f9 l'on joue, le fait d'\u00eatre reconnu comme un conteneur peut entra\u00eener l'exclusion de la personne par le casino. Je me permets de vous dire que ce que vous venez de dire est tout \u00e0 fait l\u00e9gal, mais tous les casinos ne pensent pas de la m\u00eame mani\u00e8re. Nous n'avons pas de droits sur le contenu des cartes et nous pouvons \u00eatre le meilleur fournisseur de cartes au monde, mais si les casinos ne vous permettent pas de jouer, votre capacit\u00e9 est r\u00e9duite.<\/p>\n<p><b>Pour vous aider \u00e0 choisir le contenu \u00e0 utiliser, visitez la s\u00e9rie d'articles intitul\u00e9e \"Syst\u00e8mes de comptage\" dans le menu Blackjack de la page du GameMaster OnLine et lisez les syst\u00e8mes qui ont \u00e9t\u00e9 recens\u00e9s ici.<\/b> Comme indiqu\u00e9 pr\u00e9c\u00e9demment, nous prenons en compte le param\u00e8tre \"High \/ Low\", mais nous pouvons \u00e9galement utiliser n'importe quel autre param\u00e8tre. Si vous jouez avec un seul appareil, le param\u00e8tre Hi-Opt 1 est probablement le meilleur pour commencer ; utilisez plut\u00f4t le param\u00e8tre High \/ Low si vous voulez jouer avec plusieurs appareils. M\u00eame si l'on parle de \"true count\", tous ces syst\u00e8mes sont efficaces, ind\u00e9pendamment du jeu que l'on joue. La plupart des jeux \"non bilogiques\" ne n\u00e9cessitent pas l'utilisation du comptage r\u00e9el, mais cela ne pose pas de probl\u00e8me majeur, c'est pourquoi nous commen\u00e7ons par les jeux \"bilogiques\". Pour tous ceux qui souhaitent approfondir cette question, nous vous conseillons le conte du \"Zen\" d'Arnold Snyder, mais vous pouvez acheter son livre, \"Blackbelt in Blackjack\", pour comprendre ce que vous avez appris.<\/p>\n<p><b>Dans la prochaine le\u00e7on<\/b> vous montrera comment mettre en place un syst\u00e8me de contr\u00f4le avec le \"point\" de valeur suivant :<br \/>\n2, 3, 4, 5, 6 = +1<br \/>\n7, 8, 9 = 0<br \/>\n10, J, Q, K, A = -1<\/p>\n<p><b>Le syst\u00e8me a une efficacit\u00e9 de recherche de 97% et une efficacit\u00e9 de jeu de 51%.<\/b> Le plus grand syst\u00e8me au monde poss\u00e8de 98% de BE et 70% de PE, et ce que vous imaginez est facile \u00e0 utiliser pendant une longue p\u00e9riode de temps, est excellent pour stimuler vos probabilit\u00e9s quand vous faites une recherche et est \"OK\" pour jouer correctement d'une main. (A propos, il existe une troisi\u00e8me valeur pour les syst\u00e8mes de contr\u00f4le, \u00e0 savoir l'assurance de l'efficacit\u00e9 (Insurance Efficiency). Si la strat\u00e9gie de base consiste \u00e0 ne pas prendre l'assurance, une fois que la quantit\u00e9 de douze, qui se trouve dans le panier, atteint un certain point, il convient de l'assurer. Le syst\u00e8me de comptage High \/ Low a une efficacit\u00e9 d'assurance de 0,76, ce qui signifie qu'environ les 3\/4 du temps sont consacr\u00e9s \u00e0 l'assurance (en accord avec le \"true count\"), en effectuant la s\u00e9lection correctement. Mais... nous allons trop loin, copiez donc vos compteurs \u00e0 la maison et terminez la le\u00e7on.<\/p>\n<h3>Compensations pour la maison<\/h3>\n<ul>\n<li>Continuez \u00e0 travailler avec vos <b>cartes flash<\/b> \u00e0 tout moment de la journ\u00e9e.<\/li>\n<li>Il n'y a qu'un seul <b>\"Esercizio di Ricostruzione della Strategia Base\" (exercice de reconstruction de la base strat\u00e9gique)<\/b> chaque jour et continuez \u00e0 augmenter la vitesse.<\/li>\n<li>Il n'y a qu'un seul <b>\"Exercice d\u00e9cisionnel de la strat\u00e9gie de base\"<\/b> par jour et se concentrer pour terminer en moins de 2 minutes.<\/li>\n<li>Allenatevi con i tre <b>\"Les exercices avec les cartes\"<\/b> et se concentrer sur sa propre main quand il s'agit de mettre en place une strat\u00e9gie de base correcte.<\/li>\n<\/ul>\n<p>L'\u00e9cole est actuellement ferm\u00e9e. Arrivez \u00e0 l'avenir.<\/p>","protected":false},"excerpt":{"rendered":"<p>Tramite questa lezione vi sveler\u00f2 il mistero che sembra circondare il concetto del conteggio delle carte. Scoprirete che non dovrete essere un genio per tenere traccia di tutte le carte in un sabot con sei mazzi; avrete bisogno solamente di conoscere pochi segreti del conteggio delle carte. Il primo &#8220;segreto&#8221; \u00e8 che non dovete memorizzare [&hellip;]<\/p>\n","protected":false},"author":4,"featured_media":0,"parent":2715,"menu_order":0,"comment_status":"open","ping_status":"open","template":"page-blacjack-school-it.php","meta":{"_acf_changed":false,"footnotes":""},"tags":[],"class_list":["post-2742","page","type-page","status-publish","hentry"],"acf":[],"yoast_head":"<!-- This site is optimized with the Yoast SEO plugin v26.6 - https:\/\/yoast.com\/wordpress\/plugins\/seo\/ -->\n<title>Lezione 3 - Contare le Carte, Le Basi<\/title>\n<meta name=\"description\" content=\"Tramite questa lezione vi sveler\u00f2 il mistero che sembra circondare il concetto del conteggio delle carte. Scoprirete che non dovrete essere un genio per\" \/>\n<meta name=\"robots\" content=\"index, follow, max-snippet:-1, max-image-preview:large, max-video-preview:-1\" \/>\n<link rel=\"canonical\" href=\"https:\/\/www.blackjackinfo.com\/fr\/ecole-de-blackjack\/lecon-03-compter-les-cartes-les-bases\/\" \/>\n<meta property=\"og:locale\" content=\"fr_FR\" \/>\n<meta property=\"og:type\" content=\"article\" \/>\n<meta property=\"og:title\" content=\"Lezione 3 - Contare le Carte, Le Basi\" \/>\n<meta property=\"og:description\" content=\"Tramite questa lezione vi sveler\u00f2 il mistero che sembra circondare il concetto del conteggio delle carte. Scoprirete che non dovrete essere un genio per\" \/>\n<meta property=\"og:url\" content=\"https:\/\/www.blackjackinfo.com\/fr\/ecole-de-blackjack\/lecon-03-compter-les-cartes-les-bases\/\" \/>\n<meta property=\"og:site_name\" content=\"BlackjackInfo.com\" \/>\n<meta property=\"article:modified_time\" content=\"2018-04-18T07:07:14+00:00\" \/>\n<meta name=\"twitter:label1\" content=\"Dur\u00e9e de lecture estim\u00e9e\" \/>\n\t<meta name=\"twitter:data1\" content=\"7 minutes\" \/>\n<script type=\"application\/ld+json\" class=\"yoast-schema-graph\">{\"@context\":\"https:\/\/schema.org\",\"@graph\":[{\"@type\":\"WebPage\",\"@id\":\"https:\/\/www.blackjackinfo.com\/blackjack-school\/lesson-03-counting-cards-the-basics\/\",\"url\":\"https:\/\/www.blackjackinfo.com\/blackjack-school\/lesson-03-counting-cards-the-basics\/\",\"name\":\"Lezione 3 - Contare le Carte, Le Basi\",\"isPartOf\":{\"@id\":\"https:\/\/www.blackjackinfo.com\/#website\"},\"datePublished\":\"2017-03-10T06:33:49+00:00\",\"dateModified\":\"2018-04-18T07:07:14+00:00\",\"description\":\"Tramite questa lezione vi sveler\u00f2 il mistero che sembra circondare il concetto del conteggio delle carte. Scoprirete che non dovrete essere un genio per\",\"breadcrumb\":{\"@id\":\"https:\/\/www.blackjackinfo.com\/blackjack-school\/lesson-03-counting-cards-the-basics\/#breadcrumb\"},\"inLanguage\":\"fr-FR\",\"potentialAction\":[{\"@type\":\"ReadAction\",\"target\":[\"https:\/\/www.blackjackinfo.com\/blackjack-school\/lesson-03-counting-cards-the-basics\/\"]}]},{\"@type\":\"BreadcrumbList\",\"@id\":\"https:\/\/www.blackjackinfo.com\/blackjack-school\/lesson-03-counting-cards-the-basics\/#breadcrumb\",\"itemListElement\":[{\"@type\":\"ListItem\",\"position\":1,\"name\":\"Home\",\"item\":\"https:\/\/www.blackjackinfo.com\/\"},{\"@type\":\"ListItem\",\"position\":2,\"name\":\"La Scuola di Blackjack di GameMaster\",\"item\":\"https:\/\/www.it.blackjackinfo.com\/scuola-di-blackjack\/\"},{\"@type\":\"ListItem\",\"position\":3,\"name\":\"Lezione 3 &#8211; Contare le Carte, Le Basi\"}]},{\"@type\":\"WebSite\",\"@id\":\"https:\/\/www.blackjackinfo.com\/#website\",\"url\":\"https:\/\/www.blackjackinfo.com\/\",\"name\":\"BlackjackInfo.com\",\"description\":\"Because Winning is More Fun!\",\"potentialAction\":[{\"@type\":\"SearchAction\",\"target\":{\"@type\":\"EntryPoint\",\"urlTemplate\":\"https:\/\/www.blackjackinfo.com\/?s={search_term_string}\"},\"query-input\":{\"@type\":\"PropertyValueSpecification\",\"valueRequired\":true,\"valueName\":\"search_term_string\"}}],\"inLanguage\":\"fr-FR\"}]}<\/script>\n<!-- \/ Yoast SEO plugin. -->","yoast_head_json":{"title":"Lezione 3 - Contare le Carte, Le Basi","description":"Au cours de cette le\u00e7on, nous avons d\u00e9couvert le myst\u00e8re qui semble entourer le contenu de la carte. D\u00e9couvrez qu'il n'est pas n\u00e9cessaire d'\u00eatre un g\u00e9nie pour","robots":{"index":"index","follow":"follow","max-snippet":"max-snippet:-1","max-image-preview":"max-image-preview:large","max-video-preview":"max-video-preview:-1"},"canonical":"https:\/\/www.blackjackinfo.com\/fr\/ecole-de-blackjack\/lecon-03-compter-les-cartes-les-bases\/","og_locale":"fr_FR","og_type":"article","og_title":"Lezione 3 - Contare le Carte, Le Basi","og_description":"Tramite questa lezione vi sveler\u00f2 il mistero che sembra circondare il concetto del conteggio delle carte. Scoprirete che non dovrete essere un genio per","og_url":"https:\/\/www.blackjackinfo.com\/fr\/ecole-de-blackjack\/lecon-03-compter-les-cartes-les-bases\/","og_site_name":"BlackjackInfo.com","article_modified_time":"2018-04-18T07:07:14+00:00","twitter_misc":{"Dur\u00e9e de lecture estim\u00e9e":"7 minutes"},"schema":{"@context":"https:\/\/schema.org","@graph":[{"@type":"WebPage","@id":"https:\/\/www.blackjackinfo.com\/blackjack-school\/lesson-03-counting-cards-the-basics\/","url":"https:\/\/www.blackjackinfo.com\/blackjack-school\/lesson-03-counting-cards-the-basics\/","name":"Lezione 3 - Contare le Carte, Le Basi","isPartOf":{"@id":"https:\/\/www.blackjackinfo.com\/#website"},"datePublished":"2017-03-10T06:33:49+00:00","dateModified":"2018-04-18T07:07:14+00:00","description":"Au cours de cette le\u00e7on, nous avons d\u00e9couvert le myst\u00e8re qui semble entourer le contenu de la carte. D\u00e9couvrez qu'il n'est pas n\u00e9cessaire d'\u00eatre un g\u00e9nie pour","breadcrumb":{"@id":"https:\/\/www.blackjackinfo.com\/blackjack-school\/lesson-03-counting-cards-the-basics\/#breadcrumb"},"inLanguage":"fr-FR","potentialAction":[{"@type":"ReadAction","target":["https:\/\/www.blackjackinfo.com\/blackjack-school\/lesson-03-counting-cards-the-basics\/"]}]},{"@type":"BreadcrumbList","@id":"https:\/\/www.blackjackinfo.com\/blackjack-school\/lesson-03-counting-cards-the-basics\/#breadcrumb","itemListElement":[{"@type":"ListItem","position":1,"name":"Home","item":"https:\/\/www.blackjackinfo.com\/"},{"@type":"ListItem","position":2,"name":"La Scuola di Blackjack di GameMaster","item":"https:\/\/www.it.blackjackinfo.com\/scuola-di-blackjack\/"},{"@type":"ListItem","position":3,"name":"Lezione 3 &#8211; Contare le Carte, Le Basi"}]},{"@type":"WebSite","@id":"https:\/\/www.blackjackinfo.com\/#website","url":"https:\/\/www.blackjackinfo.com\/","name":"BlackjackInfo.com","description":"Parce que gagner, c'est plus amusant !","potentialAction":[{"@type":"SearchAction","target":{"@type":"EntryPoint","urlTemplate":"https:\/\/www.blackjackinfo.com\/?s={search_term_string}"},"query-input":{"@type":"PropertyValueSpecification","valueRequired":true,"valueName":"search_term_string"}}],"inLanguage":"fr-FR"}]}},"_links":{"self":[{"href":"https:\/\/www.blackjackinfo.com\/fr\/wp-json\/wp\/v2\/pages\/2742","targetHints":{"allow":["GET"]}}],"collection":[{"href":"https:\/\/www.blackjackinfo.com\/fr\/wp-json\/wp\/v2\/pages"}],"about":[{"href":"https:\/\/www.blackjackinfo.com\/fr\/wp-json\/wp\/v2\/types\/page"}],"author":[{"embeddable":true,"href":"https:\/\/www.blackjackinfo.com\/fr\/wp-json\/wp\/v2\/users\/4"}],"replies":[{"embeddable":true,"href":"https:\/\/www.blackjackinfo.com\/fr\/wp-json\/wp\/v2\/comments?post=2742"}],"version-history":[{"count":3,"href":"https:\/\/www.blackjackinfo.com\/fr\/wp-json\/wp\/v2\/pages\/2742\/revisions"}],"predecessor-version":[{"id":2745,"href":"https:\/\/www.blackjackinfo.com\/fr\/wp-json\/wp\/v2\/pages\/2742\/revisions\/2745"}],"up":[{"embeddable":true,"href":"https:\/\/www.blackjackinfo.com\/fr\/wp-json\/wp\/v2\/pages\/2715"}],"wp:attachment":[{"href":"https:\/\/www.blackjackinfo.com\/fr\/wp-json\/wp\/v2\/media?parent=2742"}],"wp:term":[{"taxonomy":"post_tag","embeddable":true,"href":"https:\/\/www.blackjackinfo.com\/fr\/wp-json\/wp\/v2\/tags?post=2742"}],"curies":[{"name":"wp","href":"https:\/\/api.w.org\/{rel}","templated":true}]}}