{"id":2746,"date":"2017-03-10T00:52:10","date_gmt":"2017-03-10T06:52:10","guid":{"rendered":"https:\/\/www.blackjackinfo.com\/?page_id=2746\/"},"modified":"2018-04-18T02:07:14","modified_gmt":"2018-04-18T07:07:14","slug":"lezione-4-conteggio-carte-come-fare","status":"publish","type":"page","link":"https:\/\/www.blackjackinfo.com\/fr\/scuola-di-blackjack\/lezione-4-conteggio-carte-come-fare\/","title":{"rendered":"Lezione 4 - Conteggio Carte - Come fare"},"content":{"rendered":"<p class=\"intro\">Vous avez d\u00e9j\u00e0 choisi le syst\u00e8me de contr\u00f4le que vous pr\u00e9f\u00e9rez, et m\u00eame s'il est diff\u00e9rent du contr\u00f4le Hi \/ Lo, les m\u00e9thodes utilis\u00e9es pour l'appliquer sont les m\u00eames dans tous les cas. Il suffit d'une l\u00e9g\u00e8re modification et tout est parfait.<\/p>\n<p><b>Le syst\u00e8me de contr\u00f4le Hi \/ Lo associe une \"contribution\" \u00e0 tous les types de cartes qui se trouvent dans le r\u00e9seau.<\/b> Le premier pas vers le contenu des cartes consiste \u00e0 m\u00e9moriser ces valeurs. Eccoli qui :<\/p>\n<table class=\"gbs-ctable\">\n<tbody>\n<tr>\n<th>Carta<\/th>\n<th>Punteggio<\/th>\n<\/tr>\n<tr>\n<td>2<\/td>\n<td>+1<\/td>\n<\/tr>\n<tr>\n<td>3<\/td>\n<td>+1<\/td>\n<\/tr>\n<tr>\n<td>4<\/td>\n<td>+1<\/td>\n<\/tr>\n<tr>\n<td>5<\/td>\n<td>+1<\/td>\n<\/tr>\n<tr>\n<td>6<\/td>\n<td>+1<\/td>\n<\/tr>\n<tr>\n<td>7<\/td>\n<td>0<\/td>\n<\/tr>\n<tr>\n<td>8<\/td>\n<td>0<\/td>\n<\/tr>\n<tr>\n<td>9<\/td>\n<td>0<\/td>\n<\/tr>\n<tr>\n<td>10<\/td>\n<td>-1<\/td>\n<\/tr>\n<tr>\n<td>J<\/td>\n<td>-1<\/td>\n<\/tr>\n<tr>\n<td>Q<\/td>\n<td>-1<\/td>\n<\/tr>\n<tr>\n<td>K<\/td>\n<td>-1<\/td>\n<\/tr>\n<tr>\n<td>A<\/td>\n<td>-1<\/td>\n<\/tr>\n<\/tbody>\n<\/table>\n<p>Un peu de math\u00e9matique simple permet de dire que dans un ensemble de cartes, il y a le m\u00eame nombre de cartes avec une valeur \"positive\" et avec une valeur \"n\u00e9gative\". Le type de cartes ayant cette caract\u00e9ristique est appel\u00e9 \"bilanciati\" et, \u00e9tant donn\u00e9 que toutes les cartes ont une valeur de 1 ou 0, elles sont appel\u00e9es aussi cartes de \"niveau 1\".<\/p>\n<h3>Le potentiel de la carte de cr\u00e9dit<\/h3>\n<p>Le contexte Hi \/ Lo reconna\u00eet que les cartes qui vont de 2 \u00e0 6 sont d'une grande valeur pour la banque, parce que ces cartes transforment une position difficile de la banque (12 - 16) dans laquelle il est co\u00fbteux de tirer, en une bonne position. Par exemple, un 5 peut transformer une case de 12-16 en une case de 17-21, et c'est donc la carte la plus importante pour la banque. D'autre part, un Asso est le plus important pour le joueur, car il constitue la base d'un \"blackjack\" qui rapporte 3 sur 2. Si les cartes \"piccole\" sont jou\u00e9es, il n'y a pas plus de disponibilit\u00e9 pour le banco et si dans le mazzo il y a le m\u00eame nombre de cartes de valeur positive et n\u00e9gative, un contenu \"positif\" indique qu'il y a beaucoup de cartes de valeur sup\u00e9rieure ou d'Asso qui se trouvent encore dans le mazzo. Cette situation est favorable au joueur car la possibilit\u00e9 de faire un blackjack et les situations dans lesquelles le joueur radiodiffuse ou divise ont les plus grandes chances de recevoir une carte de valeur.<br \/>\nNaturellement, la banque a la m\u00eame possibilit\u00e9 que vous d'obtenir une carte haute. Mais sachez que la banque n'a pas de paiement de 3 \u00e0 2 quand elle r\u00e9alise un blackjack, qu'elle ne peut pas radier ni diviser et qu'elle doit toujours tirer avec 16 ou avec une somme inf\u00e9rieure. Inoltre, come imparerete in una prossima lezione, conoscere la quantit\u00e0 delle carte di valore 10 rimaste ancora nel mazzo, vi d\u00e0 la cognizione di quando risulta conveniente effettuare l'assicurazione.<\/p>\n<h3>Imparare i Valori dei Punteggi<\/h3>\n<p><b>Il s'agit de l'unique exercice dont vous avez besoin pour conna\u00eetre les valeurs des points du syst\u00e8me de contr\u00f4le des cartes de votre entreprise.<\/b> C'est l'unique outil que nous utilisons lorsque nous devons changer le contexte d'un jeu avec un mazzo \u00e0 un autre avec plus de mazzos et vice-versa. Prenez un jeu de cartes, posez une carte \u00e0 chaque fois et pour chacune d'entre elles, la valeur qu'elle repr\u00e9sente. Si une carte a une valeur positive, ne dites pas \"Plus 1\" ; dites seulement \"un\", car cela implique d\u00e9j\u00e0 un \"plus\". Si une carte a une valeur n\u00e9gative, il faut dire \"M 1\", mais pas \"moins 1\", car il s'agit de r\u00e9parer une erreur. Pour les cartes de valeur \"neutre\" ou nulle, ne dites rien - car elles seront compl\u00e8tement ignor\u00e9es par le syst\u00e8me Hi \/ Lo.<br \/>\n<b>Alors, \u00e0 quoi cela ressemble-t-il ? Voici un exemple rapide :<\/b><\/p>\n<table class=\"gbs-table\">\n<tbody>\n<tr>\n<td>A (Asso)<\/td>\n<td>(M-1)<\/td>\n<\/tr>\n<tr>\n<td>9<\/td>\n<td><\/td>\n<\/tr>\n<tr>\n<td>5<\/td>\n<td>(1)<\/td>\n<\/tr>\n<tr>\n<td>6<\/td>\n<td>(1)<\/td>\n<\/tr>\n<tr>\n<td>7<\/td>\n<td><\/td>\n<\/tr>\n<tr>\n<td>K (Re)<\/td>\n<td>(M-1)<\/td>\n<\/tr>\n<tr>\n<td>2<\/td>\n<td>(1)<\/td>\n<\/tr>\n<tr>\n<td>10<\/td>\n<td>(M-1)<\/td>\n<\/tr>\n<\/tbody>\n<\/table>\n<p>&nbsp;<br \/>\n<b>Je note que je n'ai pas pris la trace des cartes, mais je me limite \u00e0 indiquer la valeur de l'engagement associ\u00e9 \u00e0 chacune d'entre elles.<\/b> Il est n\u00e9cessaire de se pencher sur la question jusqu'\u00e0 ce qu'il n'y ait pas d'impact n\u00e9gatif sur la vie quotidienne, mais ne pas se pr\u00e9occuper de la situation n'est pas une bonne chose.<\/p>\n<h3>Conteggio alla rovescia di un mazzo<\/h3>\n<p><b>Si vous avez d\u00e9j\u00e0 m\u00e9moris\u00e9 tous les param\u00e8tres des cartes en fonction du syst\u00e8me que vous avez choisi, vous pouvez entamer le contact avec la salle de bain d'un immeuble.<\/b> Prenez trois cartes sans les garder (afin de ne pas commettre d'erreurs) et faites-en une partie. Ou encore, faites pivoter les cartes une \u00e0 une et calculez le total de leurs valeurs. Vous avez besoin d'un peu d'alg\u00e8bre ? Si vous ajoutez +1 \u00e0 -1, le r\u00e9sultat est 0. La m\u00eame chose s'applique ici, gardez-le \u00e0 l'esprit et proc\u00e9dez \u00e0 l'assemblage du puzzle.<br \/>\nVoici un exemple :<\/p>\n<table class=\"gbs-table\">\n<tbody>\n<tr>\n<td>1\u00b0 carta<\/td>\n<td>A (Asso)<\/td>\n<td>Le contexte : M-1<\/td>\n<\/tr>\n<tr>\n<td>2\u00b0<\/td>\n<td>K (Re)<\/td>\n<td>M-2<\/td>\n<\/tr>\n<tr>\n<td>3\u00b0<\/td>\n<td>10<\/td>\n<td>M-3<\/td>\n<\/tr>\n<tr>\n<td>4\u00b0<\/td>\n<td>6<\/td>\n<td>M-2 (assicuratevi di sapere perch\u00e8)<\/td>\n<\/tr>\n<tr>\n<td>5\u00b0<\/td>\n<td>Q (Donna)<\/td>\n<td>M-3<\/td>\n<\/tr>\n<tr>\n<td>6\u00b0<\/td>\n<td>5<\/td>\n<td>M-2<\/td>\n<\/tr>\n<tr>\n<td>7\u00b0<\/td>\n<td>3<\/td>\n<td>M-1<\/td>\n<\/tr>\n<tr>\n<td>8\u00b0<\/td>\n<td>6<\/td>\n<td>Uguale (non si usa lo \"zero\")<\/td>\n<\/tr>\n<tr>\n<td>9\u00b0<\/td>\n<td>4<\/td>\n<td>1 (di nuovo, nessun \"pi\u00f9\")<\/td>\n<\/tr>\n<\/tbody>\n<\/table>\n<p><b>Capito ? Bene. Vous n'\u00eates pas encore tr\u00e8s rapides, n'est-ce pas ?<\/b> Ne vous inqui\u00e9tez pas, lavez \u00e0 la vitesse la plus \u00e9lev\u00e9e. Lorsque vous avez termin\u00e9 le travail, le contenu ne doit pas d\u00e9passer les trois cartes que nous avons utilis\u00e9es au d\u00e9but. Nous gardons ces trois cartes, nous v\u00e9rifions la pr\u00e9cision de notre calcul, nous les rempla\u00e7ons et nous recommen\u00e7ons. Prenez l'habitude d'\u00e9liminer \u00e0 chaque fois trois cartes pour l'exercice, car vous risquez de commettre d'\u00e9ventuelles erreurs pendant le calcul.<br \/>\n<b>Pour l'instant, la pr\u00e9cision est la chose la plus importante ; gardez-la \u00e0 l'esprit lorsque vous cr\u00e9ez un panier de cartes pour trois ou quatre fois sans erreur.<\/b> Ce que vous avez appris de cette mani\u00e8re s'appelle le \"comptage en cours d'ex\u00e9cution\". La prochaine fois, nous nous interrogerons sur la vitesse ; pouvez-vous croire que vous parviendrez \u00e0 contenir un panier de cartes en moins de 20 secondes ? Dans les f\u00eates, les belles jeunes filles sont affam\u00e9es de ces choses-l\u00e0 ...<\/p>\n<h3>Compensations pour la maison<\/h3>\n<ul>\n<li>Continuez \u00e0 faire les exercices de la <b>Construction de la base strat\u00e9gique<\/b> e della <b>Strat\u00e9gies de base d\u00e9cisionnelle<\/b>. Vous ne pouvez pas gagner si vous ne pouvez pas suivre la bonne strat\u00e9gie de base.<\/li>\n<li><b>Commencez \u00e0 utiliser les moyens mis \u00e0 votre disposition par votre syst\u00e8me d'information.<\/b> Et quand on se souvient - et seulement \u00e0 ce moment-l\u00e0 - on commence \u00e0 faire le conte \u00e0 la racine d'un mazzo.<\/li>\n<\/ul>\n<p>Rendez-vous \u00e0 l'avenir. <b>Esercitatevi !<\/b><\/p>","protected":false},"excerpt":{"rendered":"<p>Ormai avrete scelto il sistema di conteggio preferito ed anche se \u00e8 differente dal conteggio Hi \/ Lo che andremo ad affrontare, i metodi usati per impararlo sono gli stessi in entrambi i casi. Ci sar\u00e0 solo bisogno di qualche aggiustamento e tutto andr\u00e0 per il meglio. Il sistema di conteggio Hi \/ Lo assegna [&hellip;]<\/p>\n","protected":false},"author":4,"featured_media":0,"parent":2715,"menu_order":0,"comment_status":"open","ping_status":"open","template":"page-blacjack-school-it.php","meta":{"_acf_changed":false,"footnotes":""},"tags":[],"class_list":["post-2746","page","type-page","status-publish","hentry"],"acf":[],"yoast_head":"<!-- This site is optimized with the Yoast SEO plugin v26.6 - https:\/\/yoast.com\/wordpress\/plugins\/seo\/ -->\n<title>Lezione 4 - Conteggio Carte - Come fare<\/title>\n<meta name=\"description\" content=\"Ormai avrete scelto il sistema di conteggio preferito ed anche se \u00e8 differente dal conteggio Hi \/ Lo che andremo ad affrontare, i metodi usati per\" \/>\n<meta name=\"robots\" content=\"index, follow, max-snippet:-1, max-image-preview:large, max-video-preview:-1\" \/>\n<link rel=\"canonical\" href=\"https:\/\/www.blackjackinfo.com\/fr\/ecole-de-blackjack\/lecon-04-compter-les-cartes-comment-faire\/\" \/>\n<meta property=\"og:locale\" content=\"fr_FR\" \/>\n<meta property=\"og:type\" content=\"article\" \/>\n<meta property=\"og:title\" content=\"Lezione 4 - Conteggio Carte - Come fare\" \/>\n<meta property=\"og:description\" content=\"Ormai avrete scelto il sistema di conteggio preferito ed anche se \u00e8 differente dal conteggio Hi \/ Lo che andremo ad affrontare, i metodi usati per\" \/>\n<meta property=\"og:url\" content=\"https:\/\/www.blackjackinfo.com\/fr\/ecole-de-blackjack\/lecon-04-compter-les-cartes-comment-faire\/\" \/>\n<meta property=\"og:site_name\" content=\"BlackjackInfo.com\" \/>\n<meta property=\"article:modified_time\" content=\"2018-04-18T07:07:14+00:00\" \/>\n<meta name=\"twitter:label1\" content=\"Dur\u00e9e de lecture estim\u00e9e\" \/>\n\t<meta name=\"twitter:data1\" content=\"4 minutes\" \/>\n<script type=\"application\/ld+json\" class=\"yoast-schema-graph\">{\"@context\":\"https:\/\/schema.org\",\"@graph\":[{\"@type\":\"WebPage\",\"@id\":\"https:\/\/www.blackjackinfo.com\/blackjack-school\/lesson-04-card-counting-how-to-do-it\/\",\"url\":\"https:\/\/www.blackjackinfo.com\/blackjack-school\/lesson-04-card-counting-how-to-do-it\/\",\"name\":\"Lezione 4 - Conteggio Carte - Come fare\",\"isPartOf\":{\"@id\":\"https:\/\/www.blackjackinfo.com\/#website\"},\"datePublished\":\"2017-03-10T06:52:10+00:00\",\"dateModified\":\"2018-04-18T07:07:14+00:00\",\"description\":\"Ormai avrete scelto il sistema di conteggio preferito ed anche se \u00e8 differente dal conteggio Hi \/ Lo che andremo ad affrontare, i metodi usati per\",\"breadcrumb\":{\"@id\":\"https:\/\/www.blackjackinfo.com\/blackjack-school\/lesson-04-card-counting-how-to-do-it\/#breadcrumb\"},\"inLanguage\":\"fr-FR\",\"potentialAction\":[{\"@type\":\"ReadAction\",\"target\":[\"https:\/\/www.blackjackinfo.com\/blackjack-school\/lesson-04-card-counting-how-to-do-it\/\"]}]},{\"@type\":\"BreadcrumbList\",\"@id\":\"https:\/\/www.blackjackinfo.com\/blackjack-school\/lesson-04-card-counting-how-to-do-it\/#breadcrumb\",\"itemListElement\":[{\"@type\":\"ListItem\",\"position\":1,\"name\":\"Home\",\"item\":\"https:\/\/www.blackjackinfo.com\/\"},{\"@type\":\"ListItem\",\"position\":2,\"name\":\"La Scuola di Blackjack di GameMaster\",\"item\":\"https:\/\/www.it.blackjackinfo.com\/scuola-di-blackjack\/\"},{\"@type\":\"ListItem\",\"position\":3,\"name\":\"Lezione 4 &#8211; Conteggio Carte &#8211; Come fare\"}]},{\"@type\":\"WebSite\",\"@id\":\"https:\/\/www.blackjackinfo.com\/#website\",\"url\":\"https:\/\/www.blackjackinfo.com\/\",\"name\":\"BlackjackInfo.com\",\"description\":\"Because Winning is More Fun!\",\"potentialAction\":[{\"@type\":\"SearchAction\",\"target\":{\"@type\":\"EntryPoint\",\"urlTemplate\":\"https:\/\/www.blackjackinfo.com\/?s={search_term_string}\"},\"query-input\":{\"@type\":\"PropertyValueSpecification\",\"valueRequired\":true,\"valueName\":\"search_term_string\"}}],\"inLanguage\":\"fr-FR\"}]}<\/script>\n<!-- \/ Yoast SEO plugin. -->","yoast_head_json":{"title":"Lezione 4 - Conteggio Carte - Come fare","description":"Vous avez peut-\u00eatre choisi le syst\u00e8me de contr\u00f4le que vous pr\u00e9f\u00e9rez, m\u00eame s'il est diff\u00e9rent du contr\u00f4le Hi \/ Lo que vous allez essayer, les m\u00e9thodes utilis\u00e9es pour le contr\u00f4le de la qualit\u00e9 et de la s\u00e9curit\u00e9.","robots":{"index":"index","follow":"follow","max-snippet":"max-snippet:-1","max-image-preview":"max-image-preview:large","max-video-preview":"max-video-preview:-1"},"canonical":"https:\/\/www.blackjackinfo.com\/fr\/ecole-de-blackjack\/lecon-04-compter-les-cartes-comment-faire\/","og_locale":"fr_FR","og_type":"article","og_title":"Lezione 4 - Conteggio Carte - Come fare","og_description":"Ormai avrete scelto il sistema di conteggio preferito ed anche se \u00e8 differente dal conteggio Hi \/ Lo che andremo ad affrontare, i metodi usati per","og_url":"https:\/\/www.blackjackinfo.com\/fr\/ecole-de-blackjack\/lecon-04-compter-les-cartes-comment-faire\/","og_site_name":"BlackjackInfo.com","article_modified_time":"2018-04-18T07:07:14+00:00","twitter_misc":{"Dur\u00e9e de lecture estim\u00e9e":"4 minutes"},"schema":{"@context":"https:\/\/schema.org","@graph":[{"@type":"WebPage","@id":"https:\/\/www.blackjackinfo.com\/blackjack-school\/lesson-04-card-counting-how-to-do-it\/","url":"https:\/\/www.blackjackinfo.com\/blackjack-school\/lesson-04-card-counting-how-to-do-it\/","name":"Lezione 4 - Conteggio Carte - Come fare","isPartOf":{"@id":"https:\/\/www.blackjackinfo.com\/#website"},"datePublished":"2017-03-10T06:52:10+00:00","dateModified":"2018-04-18T07:07:14+00:00","description":"Vous avez peut-\u00eatre choisi le syst\u00e8me de contr\u00f4le que vous pr\u00e9f\u00e9rez, m\u00eame s'il est diff\u00e9rent du contr\u00f4le Hi \/ Lo que vous allez essayer, les m\u00e9thodes utilis\u00e9es pour le contr\u00f4le de la qualit\u00e9 et de la s\u00e9curit\u00e9.","breadcrumb":{"@id":"https:\/\/www.blackjackinfo.com\/blackjack-school\/lesson-04-card-counting-how-to-do-it\/#breadcrumb"},"inLanguage":"fr-FR","potentialAction":[{"@type":"ReadAction","target":["https:\/\/www.blackjackinfo.com\/blackjack-school\/lesson-04-card-counting-how-to-do-it\/"]}]},{"@type":"BreadcrumbList","@id":"https:\/\/www.blackjackinfo.com\/blackjack-school\/lesson-04-card-counting-how-to-do-it\/#breadcrumb","itemListElement":[{"@type":"ListItem","position":1,"name":"Home","item":"https:\/\/www.blackjackinfo.com\/"},{"@type":"ListItem","position":2,"name":"La Scuola di Blackjack di GameMaster","item":"https:\/\/www.it.blackjackinfo.com\/scuola-di-blackjack\/"},{"@type":"ListItem","position":3,"name":"Lezione 4 &#8211; Conteggio Carte &#8211; Come fare"}]},{"@type":"WebSite","@id":"https:\/\/www.blackjackinfo.com\/#website","url":"https:\/\/www.blackjackinfo.com\/","name":"BlackjackInfo.com","description":"Parce que gagner, c'est plus amusant !","potentialAction":[{"@type":"SearchAction","target":{"@type":"EntryPoint","urlTemplate":"https:\/\/www.blackjackinfo.com\/?s={search_term_string}"},"query-input":{"@type":"PropertyValueSpecification","valueRequired":true,"valueName":"search_term_string"}}],"inLanguage":"fr-FR"}]}},"_links":{"self":[{"href":"https:\/\/www.blackjackinfo.com\/fr\/wp-json\/wp\/v2\/pages\/2746","targetHints":{"allow":["GET"]}}],"collection":[{"href":"https:\/\/www.blackjackinfo.com\/fr\/wp-json\/wp\/v2\/pages"}],"about":[{"href":"https:\/\/www.blackjackinfo.com\/fr\/wp-json\/wp\/v2\/types\/page"}],"author":[{"embeddable":true,"href":"https:\/\/www.blackjackinfo.com\/fr\/wp-json\/wp\/v2\/users\/4"}],"replies":[{"embeddable":true,"href":"https:\/\/www.blackjackinfo.com\/fr\/wp-json\/wp\/v2\/comments?post=2746"}],"version-history":[{"count":2,"href":"https:\/\/www.blackjackinfo.com\/fr\/wp-json\/wp\/v2\/pages\/2746\/revisions"}],"predecessor-version":[{"id":2748,"href":"https:\/\/www.blackjackinfo.com\/fr\/wp-json\/wp\/v2\/pages\/2746\/revisions\/2748"}],"up":[{"embeddable":true,"href":"https:\/\/www.blackjackinfo.com\/fr\/wp-json\/wp\/v2\/pages\/2715"}],"wp:attachment":[{"href":"https:\/\/www.blackjackinfo.com\/fr\/wp-json\/wp\/v2\/media?parent=2746"}],"wp:term":[{"taxonomy":"post_tag","embeddable":true,"href":"https:\/\/www.blackjackinfo.com\/fr\/wp-json\/wp\/v2\/tags?post=2746"}],"curies":[{"name":"wp","href":"https:\/\/api.w.org\/{rel}","templated":true}]}}