{"id":2754,"date":"2017-03-12T20:13:22","date_gmt":"2017-03-13T01:13:22","guid":{"rendered":"https:\/\/www.blackjackinfo.com\/?page_id=2754\/"},"modified":"2018-04-18T02:07:14","modified_gmt":"2018-04-18T07:07:14","slug":"lezione-5-conteggio-carte-trucchi","status":"publish","type":"page","link":"https:\/\/www.blackjackinfo.com\/fr\/scuola-di-blackjack\/lezione-5-conteggio-carte-trucchi\/","title":{"rendered":"Lezione 5 - Conteggio Carte - I Trucchi"},"content":{"rendered":"<p class=\"intro\">Non, il n'y a pas eu d'apprentissage des gestes dans cette le\u00e7on. <b>Il a montr\u00e9 quelques m\u00e9thodes int\u00e9ressantes pour s'occuper du contenu et a ensuite enseign\u00e9 les m\u00e9thodes utilis\u00e9es pour garder la trace des cartes lorsqu'elles sont distribu\u00e9es par le croupier.<\/b>. D\u00e9velopper la v\u00e9locit\u00e9 dans le jeu est un \u00e9l\u00e9ment important de votre exercice, car si vous n'avez pas la possibilit\u00e9 de jouer rapidement \u00e0 la maison, vous ne pourrez certainement pas jouer le r\u00f4le de croupier dans un casino. Un conteggio inesatto pu\u00f2 causare la perdita del vostro vantaggio rispetto al banco ed \u00e8 abbastanza frustrante \"perdere il conto\" quando si ha a che fare con un croupier veloce.<\/p>\n<p><b>\u00c0 ce stade, vous devez conna\u00eetre les valeurs des points d'appui de chaque carte et vous devez avoir sauvegard\u00e9 un certain nombre d'\u00e9l\u00e9ments \u00e0 la recherche d'un mazzo.<\/b> Nous sommes s\u00fbrs que vous \u00eates encore beaucoup plus nombreux, mais vous allez tout de m\u00eame y arriver, car la pr\u00e9cision, pour l'instant, est le facteur le plus important. La v\u00e9locit\u00e9 na\u00eet uniquement du travail et des exercices que vous avez pr\u00e9sent\u00e9s cette semaine.<\/p>\n<h3 class=\"gbs-heading\">Exercice des valeurs de l'entreprise<\/h3>\n<p>De m\u00eame que vous avez imparti les droits d'utilisation de chaque carte, en fonction du syst\u00e8me que vous souhaitez utiliser, vous devez \u00e9galement impartir les droits d'utilisation de chaque groupe de cartes. <b>Il s'agit de l'un des principaux \"trucs\" du traitement des cartes : la possibilit\u00e9 de contenir les cartes dans une coppia.<\/b> Avec une pratique discr\u00e8te, vous pouvez voir une main de Donna et Jack comme \"20\" et M-2. Cette capacit\u00e9 augmentera consid\u00e9rablement la vitesse de votre jeu. V\u00e9rifiez les valeurs des cycles en utilisant la m\u00e9thode de mesure Hi \/ Lo :<\/p>\n<h3 class=\"gbs-heading\">Valeur du don pour une main nue<\/h3>\n<p><img loading=\"lazy\" decoding=\"async\" class=\"card\" src=\"https:\/\/www.blackjackinfo.com\/img\/cards\/as.gif\" alt=\"Ace of Spades\" width=\"71\" height=\"96\" data-no-auto-translation=\"\" \/> <img loading=\"lazy\" decoding=\"async\" class=\"card\" src=\"https:\/\/www.blackjackinfo.com\/img\/cards\/kh.gif\" alt=\"King of Hearts\" width=\"71\" height=\"96\" data-no-auto-translation=\"\" \/> <span class=\"points\">-2<\/span><br \/>\n<img loading=\"lazy\" decoding=\"async\" class=\"card\" src=\"https:\/\/www.blackjackinfo.com\/img\/cards\/jc.gif\" alt=\"Jack of Clubs\" width=\"71\" height=\"96\" data-no-auto-translation=\"\" \/> <img loading=\"lazy\" decoding=\"async\" class=\"card\" src=\"https:\/\/www.blackjackinfo.com\/img\/cards\/th.gif\" alt=\"Ten of Hearts\" width=\"71\" height=\"96\" data-no-auto-translation=\"\" \/> <span class=\"points\">-2<\/span><\/p>\n<hr \/>\n<p><img loading=\"lazy\" decoding=\"async\" class=\"card\" src=\"https:\/\/www.blackjackinfo.com\/img\/cards\/qd.gif\" alt=\"Queen of Diamonds\" width=\"71\" height=\"96\" data-no-auto-translation=\"\" \/> <img loading=\"lazy\" decoding=\"async\" class=\"card\" src=\"https:\/\/www.blackjackinfo.com\/img\/cards\/9c.gif\" alt=\"Nine of Clubs\" width=\"71\" height=\"96\" data-no-auto-translation=\"\" \/> <span class=\"points\">-1<\/span><br \/>\n<img loading=\"lazy\" decoding=\"async\" class=\"card\" src=\"https:\/\/www.blackjackinfo.com\/img\/cards\/as.gif\" alt=\"Ace of Spades\" width=\"71\" height=\"96\" data-no-auto-translation=\"\" \/> <img loading=\"lazy\" decoding=\"async\" class=\"card\" src=\"https:\/\/www.blackjackinfo.com\/img\/cards\/7d.gif\" alt=\"Seven of Diamonds\" width=\"71\" height=\"96\" data-no-auto-translation=\"\" \/> <span class=\"points\">-1<\/span><\/p>\n<hr \/>\n<p><img loading=\"lazy\" decoding=\"async\" class=\"card\" src=\"https:\/\/www.blackjackinfo.com\/img\/cards\/8s.gif\" alt=\"Eight of Spades\" width=\"71\" height=\"96\" data-no-auto-translation=\"\" \/> <img loading=\"lazy\" decoding=\"async\" class=\"card\" src=\"https:\/\/www.blackjackinfo.com\/img\/cards\/9c.gif\" alt=\"Nine of Clubs\" width=\"71\" height=\"96\" data-no-auto-translation=\"\" \/> <span class=\"points\">0<\/span><br \/>\n<img loading=\"lazy\" decoding=\"async\" class=\"card\" src=\"https:\/\/www.blackjackinfo.com\/img\/cards\/kc.gif\" alt=\"King of Clubs\" width=\"71\" height=\"96\" data-no-auto-translation=\"\" \/> <img loading=\"lazy\" decoding=\"async\" class=\"card\" src=\"https:\/\/www.blackjackinfo.com\/img\/cards\/3c.gif\" alt=\"Three of Clubs\" width=\"71\" height=\"96\" data-no-auto-translation=\"\" \/> <span class=\"points\">0<\/span><\/p>\n<hr \/>\n<p><img loading=\"lazy\" decoding=\"async\" class=\"card\" src=\"https:\/\/www.blackjackinfo.com\/img\/cards\/7d.gif\" alt=\"Seven of Diamonds\" width=\"71\" height=\"96\" data-no-auto-translation=\"\" \/> <img loading=\"lazy\" decoding=\"async\" class=\"card\" src=\"https:\/\/www.blackjackinfo.com\/img\/cards\/3h.gif\" alt=\"Three of Hearts\" width=\"71\" height=\"96\" data-no-auto-translation=\"\" \/> <span class=\"points\">+1<\/span><br \/>\n<img loading=\"lazy\" decoding=\"async\" class=\"card\" src=\"https:\/\/www.blackjackinfo.com\/img\/cards\/9d.gif\" alt=\"Nine of Diamonds\" width=\"71\" height=\"96\" data-no-auto-translation=\"\" \/> <img loading=\"lazy\" decoding=\"async\" class=\"card\" src=\"https:\/\/www.blackjackinfo.com\/img\/cards\/6c.gif\" alt=\"Six of Clubs\" width=\"71\" height=\"96\" data-no-auto-translation=\"\" \/> <span class=\"points\">+1<\/span><\/p>\n<hr \/>\n<p><img loading=\"lazy\" decoding=\"async\" class=\"card\" src=\"https:\/\/www.blackjackinfo.com\/img\/cards\/4d.gif\" alt=\"Four of Diamonds\" width=\"71\" height=\"96\" data-no-auto-translation=\"\" \/> <img loading=\"lazy\" decoding=\"async\" class=\"card\" src=\"https:\/\/www.blackjackinfo.com\/img\/cards\/5s.gif\" alt=\"Five of Spades\" width=\"71\" height=\"96\" data-no-auto-translation=\"\" \/> <span class=\"points\">+2<\/span><br \/>\n<img loading=\"lazy\" decoding=\"async\" class=\"card\" src=\"https:\/\/www.blackjackinfo.com\/img\/cards\/2s.gif\" alt=\"Two of Spades\" width=\"71\" height=\"96\" data-no-auto-translation=\"\" \/> <img loading=\"lazy\" decoding=\"async\" class=\"card\" src=\"https:\/\/www.blackjackinfo.com\/img\/cards\/6d.gif\" alt=\"Six of Diamonds\" width=\"71\" height=\"96\" data-no-auto-translation=\"\" \/> <span class=\"points\">+2<\/span><\/p>\n<hr \/>\n<p><b>Important !<\/b> Assurez-vous d'avoir bien compris que chaque coppie est \u00e9valu\u00e9e comme indiqu\u00e9 dans le tableau et ne pas penser que si vous impliquez un contenu diff\u00e9rent, ces coppies pourraient avoir des valeurs diff\u00e9rentes.<br \/>\nSi vous avez compris tout ce qui vient d'\u00eatre dit, commencez par prendre un jeu de cartes et faites deux cartes \u00e0 la fois. NON memorizzate il running count, ripetete solamente i valori di ogni coppia in modo da abituarvi alle addizioni e sottrazioni richieste. Il faut le faire si l'on n'est pas encore familiaris\u00e9 avec les valeurs de toutes les unit\u00e9s possibles. Ensuite, exercez-vous encore plus.<br \/>\n<b>En r\u00e9alisant, de cette mani\u00e8re, une bonne base, vous consentirez \u00e0 augmenter plus rapidement votre vitesse, et le temps utilis\u00e9 pour cet exercice sera donc tr\u00e8s court.<\/b> Pour les \"Tipi A\" : il est possible de jouer tout en augmentant les valeurs de trois cartes simultan\u00e9ment. Il s'agit d'une technique tr\u00e8s utile pour la formation, en particulier si vous pouvez jouer en solo contre le banco, car vous avez toujours 3 cartes sous la main : la carte d'entr\u00e9e et la carte d'achat du concessionnaire. La plupart d'entre vous pr\u00e9f\u00e8rent commencer \u00e0 jouer sur le stand o\u00f9 se trouvent d'autres joueurs, de mani\u00e8re \u00e0 ce que le jeu soit plus lent, mais comme j'aime \u00e0 le dire, conna\u00eetre les valeurs de 3 cartes ne suffit pas.<\/p>\n<h3 class=\"gbs-heading\">Visite \u00e0 la Rovescia delle Coppie<\/h3>\n<p>De nouveau, il faut rassembler trois cartes dans le cas d'un jeu de cartes et les conserver \u00e0 l'\u00e9cart. (Non sbirciate !) Ou bien, mettez les cartes deux par deux, prenez un conteggio (cumulativo) du mazzo et v\u00e9rifiez jusqu'au bout la justesse de vos calculs en ajoutant les trois cartes ripost\u00e9es dans la disparit\u00e9 pr\u00e9c\u00e9dente. Cet exercice est la m\u00e9thode fondamentale pour am\u00e9liorer le contenu des cartes.<br \/>\n<b>Progressivement, la vitesse de votre v\u00e9hicule augmente jusqu'au point o\u00f9 vous pouvez voler le plus rapidement possible avec les cartes.<\/b> Pour obtenir des r\u00e9sultats encore plus rapides, placez votre main \u00e0 l'extr\u00e9mit\u00e9 sinistr\u00e9e de l'appareil, \u00e0 l'int\u00e9rieur, et tirez la carte \u00e0 l'ext\u00e9rieur - deux fois de suite - de l'appareil avec votre main \u00e0 l'extr\u00e9mit\u00e9 oppos\u00e9e. (Faire l'inverse si l'on est un homme). Aiutatevi con il vostro pollice e potrete andare pi\u00f9 veloci. Quelle est la vitesse appropri\u00e9e ? Personnellement, je termine le jeu en 10,5 secondes, mais il m'est arriv\u00e9 de devoir maintenir la vitesse d'un jeu qui, avec 2 ou 3 joueurs, est de 20 secondes, alors que 15 secondes sont pr\u00e9f\u00e9rables (c'est facile \u00e0 trouver si vous \u00eates allenate).<\/p>\n<h3 class=\"gbs-heading\">Ajouter au panier<\/h3>\n<p><b>La m\u00e9thode utilis\u00e9e pour introduire les cartes dans le jeu est le v\u00e9ritable secret de cet art.<\/b> Pour les jeux o\u00f9 les cartes sont distribu\u00e9es aux joueurs de la mani\u00e8re d\u00e9crite ci-dessus, le diagramme ci-dessous indique la marche \u00e0 suivre. Les jeux pour lesquels les cartes sont distribu\u00e9es de mani\u00e8re copieuse (principalement un seul mazzo) requi\u00e8rent une m\u00e9thodologie diff\u00e9rente que nous \u00e9tudierons lors de la prochaine session.<br \/>\n<img loading=\"lazy\" decoding=\"async\" src=\"https:\/\/www.blackjackinfo.com\/img\/Blackjack-School\/Full-Blackjack-Table-400x253.gif\" alt=\"Card Counting Order\" width=\"400\" height=\"253\" data-no-auto-translation=\"\" \/><br \/>\n<b>De nombreux croupiers gardent leur carte \u00e0 port\u00e9e de main et ne la d\u00e9couvrent que lorsque chaque joueur a re\u00e7u une partie de leur carte.<\/b> La proc\u00e9dure de saisie dans un tiroir sifflet consiste \u00e0 commencer la saisie lorsque le joueur \u00e0 la \"premi\u00e8re base\" re\u00e7oit la deuxi\u00e8me carte, puis \u00e0 saisir les copies de chaque joueur lorsque les cartes sont distribu\u00e9es. Terminez l'op\u00e9ration avec la carte de l'\u00e9tablissement et continuez ensuite \u00e0 enregistrer chaque fois qu'un joueur \"choisit\" une carte. Enfin, contatez la carte coperta de la banque et toutes les cartes qui seront \u00e9ventuellement tir\u00e9es.<br \/>\n<b>Vous pouvez noter que cette m\u00e9thode de contr\u00f4le avec les coppies permet de garder la t\u00eate au sol de mani\u00e8re naturelle.<\/b> La plupart des gens pensent que les joueurs ne m\u00e9morisent qu'une seule carte \u00e0 la fois, c'est pourquoi les employ\u00e9s du service de surveillance du casino cherchent \u00e0 identifier les joueurs qui suivent chaque carte qui arrive. Ma m\u00e9thode permet d'\u00e9carter le regard de la table lorsque la premi\u00e8re carte est arriv\u00e9e et de surveiller ensuite l'arriv\u00e9e de la deuxi\u00e8me carte et la formation des coppies. Ce sch\u00e9ma est tout \u00e0 fait naturel, car la plupart des joueurs sont int\u00e9ress\u00e9s par le fait de voir quelles sont les mains des autres.<\/p>\n<h3 class=\"gbs-heading\">Compensations pour la maison<\/h3>\n<p><b>En plus de poursuivre les exercices de la strat\u00e9gie de base, commencez \u00e0 jouer au Blackjack dans une sorte de \"table de cuisine\".<\/b> Si vous pouvez convaincre quelqu'un que vous \u00eates un croupier, c'est bien, mais si vous ne pouvez pas le faire, donnez vos cartes comme s'il y avait quatre joueurs, de la mani\u00e8re dont ils seront distribu\u00e9s au casino dans lequel vous jouez. N'assumez pas le r\u00f4le de croupier ; vous devez tout voir de la perspective du joueur, et donc envoyer une carte \u00e0 un joueur immagin\u00e9 en premier lieu, puis \u00e0 vous et ensuite \u00e0 d'autres joueurs immagin\u00e9s \u00e0 votre droite. Terminez \u00e0 l'autre extr\u00e9mit\u00e9 par la carte de la banque et distribuez ensuite la deuxi\u00e8me carte \u00e0 tous les joueurs. Commencez \u00e0 jouer comme indiqu\u00e9 ci-dessus et terminez avec la carte de pointage du revendeur. Enfin, faites jouer TUTTI et QUATTRO les joueurs selon la strat\u00e9gie de base appropri\u00e9e et gardez le r\u00e9sultat. Ind\u00e9cis, hein ? Ne vous pr\u00e9occupez pas, avec la pratique, tout est pr\u00eat. Apr\u00e8s avoir termin\u00e9 la premi\u00e8re partie, vous en faites une autre et vous gardez ensuite les cartes pour v\u00e9rifier que le contenu est correct.<br \/>\n<b>Cet exercice constitue la base de tous nos autres exercices, y compris le d\u00e9veloppement de la vitesse, de l\u00e0 \u00e0 maintenant.<\/b> Comme vous le savez, ce type de \"sovraccarico\" rend ensuite le jeu et le contr\u00f4le des cartes tr\u00e8s simples dans un v\u00e9ritable casino ; tout ce dont vous avez besoin est l\u00e0, vous pouvez le d\u00e9poser, le contr\u00f4ler et le jouer.<\/p>","protected":false},"excerpt":{"rendered":"<p>No, non vi insegner\u00f2 i trucchi in questa lezione, ma vi mostrer\u00f2 alcuni modi interessanti per allenarvi con il conteggio e poi vi insegner\u00f2 i metodi che si usano per tenere traccia delle carte quando vengono distribuite dal croupier. Sviluppare la velocit\u00e0 nel conteggio \u00e8 una componente importante della vostra esercitazione, perch\u00e8 se non siete [&hellip;]<\/p>\n","protected":false},"author":4,"featured_media":0,"parent":2715,"menu_order":0,"comment_status":"open","ping_status":"open","template":"page-blacjack-school-it.php","meta":{"_acf_changed":false,"footnotes":""},"tags":[],"class_list":["post-2754","page","type-page","status-publish","hentry"],"acf":[],"yoast_head":"<!-- This site is optimized with the Yoast SEO plugin v26.6 - https:\/\/yoast.com\/wordpress\/plugins\/seo\/ -->\n<title>Lezione 5 - Conteggio Carte - I Trucchi<\/title>\n<meta name=\"description\" content=\"No, non vi insegner\u00f2 i trucchi in questa lezione, ma vi mostrer\u00f2 alcuni modi interessanti per allenarvi con il conteggio e poi vi insegner\u00f2 i metodi che\" \/>\n<meta name=\"robots\" content=\"index, follow, max-snippet:-1, max-image-preview:large, max-video-preview:-1\" \/>\n<link rel=\"canonical\" href=\"https:\/\/www.blackjackinfo.com\/fr\/ecole-de-blackjack\/lecon-05-compter-les-cartes-les-astuces\/\" \/>\n<meta property=\"og:locale\" content=\"fr_FR\" \/>\n<meta property=\"og:type\" content=\"article\" \/>\n<meta property=\"og:title\" content=\"Lezione 5 - Conteggio Carte - I Trucchi\" \/>\n<meta property=\"og:description\" content=\"No, non vi insegner\u00f2 i trucchi in questa lezione, ma vi mostrer\u00f2 alcuni modi interessanti per allenarvi con il conteggio e poi vi insegner\u00f2 i metodi che\" \/>\n<meta property=\"og:url\" content=\"https:\/\/www.blackjackinfo.com\/fr\/ecole-de-blackjack\/lecon-05-compter-les-cartes-les-astuces\/\" \/>\n<meta property=\"og:site_name\" content=\"BlackjackInfo.com\" \/>\n<meta property=\"article:modified_time\" content=\"2018-04-18T07:07:14+00:00\" \/>\n<meta property=\"og:image\" content=\"https:\/\/www.blackjackinfo.com\/img\/cards\/as.gif\" \/>\n<meta name=\"twitter:label1\" content=\"Dur\u00e9e de lecture estim\u00e9e\" \/>\n\t<meta name=\"twitter:data1\" content=\"6 minutes\" \/>\n<script type=\"application\/ld+json\" class=\"yoast-schema-graph\">{\"@context\":\"https:\/\/schema.org\",\"@graph\":[{\"@type\":\"WebPage\",\"@id\":\"https:\/\/www.blackjackinfo.com\/blackjack-school\/lesson-05-card-counting-the-tricks\/\",\"url\":\"https:\/\/www.blackjackinfo.com\/blackjack-school\/lesson-05-card-counting-the-tricks\/\",\"name\":\"Lezione 5 - Conteggio Carte - I Trucchi\",\"isPartOf\":{\"@id\":\"https:\/\/www.blackjackinfo.com\/#website\"},\"primaryImageOfPage\":{\"@id\":\"https:\/\/www.blackjackinfo.com\/blackjack-school\/lesson-05-card-counting-the-tricks\/#primaryimage\"},\"image\":{\"@id\":\"https:\/\/www.blackjackinfo.com\/blackjack-school\/lesson-05-card-counting-the-tricks\/#primaryimage\"},\"thumbnailUrl\":\"https:\/\/www.blackjackinfo.com\/img\/cards\/as.gif\",\"datePublished\":\"2017-03-13T01:13:22+00:00\",\"dateModified\":\"2018-04-18T07:07:14+00:00\",\"description\":\"No, non vi insegner\u00f2 i trucchi in questa lezione, ma vi mostrer\u00f2 alcuni modi interessanti per allenarvi con il conteggio e poi vi insegner\u00f2 i metodi che\",\"breadcrumb\":{\"@id\":\"https:\/\/www.blackjackinfo.com\/blackjack-school\/lesson-05-card-counting-the-tricks\/#breadcrumb\"},\"inLanguage\":\"fr-FR\",\"potentialAction\":[{\"@type\":\"ReadAction\",\"target\":[\"https:\/\/www.blackjackinfo.com\/blackjack-school\/lesson-05-card-counting-the-tricks\/\"]}]},{\"@type\":\"ImageObject\",\"inLanguage\":\"fr-FR\",\"@id\":\"https:\/\/www.blackjackinfo.com\/blackjack-school\/lesson-05-card-counting-the-tricks\/#primaryimage\",\"url\":\"https:\/\/www.blackjackinfo.com\/img\/cards\/as.gif\",\"contentUrl\":\"https:\/\/www.blackjackinfo.com\/img\/cards\/as.gif\"},{\"@type\":\"BreadcrumbList\",\"@id\":\"https:\/\/www.blackjackinfo.com\/blackjack-school\/lesson-05-card-counting-the-tricks\/#breadcrumb\",\"itemListElement\":[{\"@type\":\"ListItem\",\"position\":1,\"name\":\"Home\",\"item\":\"https:\/\/www.blackjackinfo.com\/\"},{\"@type\":\"ListItem\",\"position\":2,\"name\":\"La Scuola di Blackjack di GameMaster\",\"item\":\"https:\/\/www.it.blackjackinfo.com\/scuola-di-blackjack\/\"},{\"@type\":\"ListItem\",\"position\":3,\"name\":\"Lezione 5 &#8211; Conteggio Carte &#8211; I Trucchi\"}]},{\"@type\":\"WebSite\",\"@id\":\"https:\/\/www.blackjackinfo.com\/#website\",\"url\":\"https:\/\/www.blackjackinfo.com\/\",\"name\":\"BlackjackInfo.com\",\"description\":\"Because Winning is More Fun!\",\"potentialAction\":[{\"@type\":\"SearchAction\",\"target\":{\"@type\":\"EntryPoint\",\"urlTemplate\":\"https:\/\/www.blackjackinfo.com\/?s={search_term_string}\"},\"query-input\":{\"@type\":\"PropertyValueSpecification\",\"valueRequired\":true,\"valueName\":\"search_term_string\"}}],\"inLanguage\":\"fr-FR\"}]}<\/script>\n<!-- \/ Yoast SEO plugin. -->","yoast_head_json":{"title":"Lezione 5 - Conteggio Carte - I Trucchi","description":"Non, il ne s'agit pas d'enseigner les trucs dans cette le\u00e7on, mais de montrer quelques m\u00e9thodes int\u00e9ressantes pour apprendre le contenu, puis d'enseigner les m\u00e9thodes qui permettent d'am\u00e9liorer la qualit\u00e9 de la vie et de l'environnement.","robots":{"index":"index","follow":"follow","max-snippet":"max-snippet:-1","max-image-preview":"max-image-preview:large","max-video-preview":"max-video-preview:-1"},"canonical":"https:\/\/www.blackjackinfo.com\/fr\/ecole-de-blackjack\/lecon-05-compter-les-cartes-les-astuces\/","og_locale":"fr_FR","og_type":"article","og_title":"Lezione 5 - Conteggio Carte - I Trucchi","og_description":"No, non vi insegner\u00f2 i trucchi in questa lezione, ma vi mostrer\u00f2 alcuni modi interessanti per allenarvi con il conteggio e poi vi insegner\u00f2 i metodi che","og_url":"https:\/\/www.blackjackinfo.com\/fr\/ecole-de-blackjack\/lecon-05-compter-les-cartes-les-astuces\/","og_site_name":"BlackjackInfo.com","article_modified_time":"2018-04-18T07:07:14+00:00","og_image":[{"url":"https:\/\/www.blackjackinfo.com\/img\/cards\/as.gif","type":"","width":"","height":""}],"twitter_misc":{"Dur\u00e9e de lecture estim\u00e9e":"6 minutes"},"schema":{"@context":"https:\/\/schema.org","@graph":[{"@type":"WebPage","@id":"https:\/\/www.blackjackinfo.com\/blackjack-school\/lesson-05-card-counting-the-tricks\/","url":"https:\/\/www.blackjackinfo.com\/blackjack-school\/lesson-05-card-counting-the-tricks\/","name":"Lezione 5 - Conteggio Carte - I Trucchi","isPartOf":{"@id":"https:\/\/www.blackjackinfo.com\/#website"},"primaryImageOfPage":{"@id":"https:\/\/www.blackjackinfo.com\/blackjack-school\/lesson-05-card-counting-the-tricks\/#primaryimage"},"image":{"@id":"https:\/\/www.blackjackinfo.com\/blackjack-school\/lesson-05-card-counting-the-tricks\/#primaryimage"},"thumbnailUrl":"https:\/\/www.blackjackinfo.com\/img\/cards\/as.gif","datePublished":"2017-03-13T01:13:22+00:00","dateModified":"2018-04-18T07:07:14+00:00","description":"Non, il ne s'agit pas d'enseigner les trucs dans cette le\u00e7on, mais de montrer quelques m\u00e9thodes int\u00e9ressantes pour apprendre le contenu, puis d'enseigner les m\u00e9thodes qui permettent d'am\u00e9liorer la qualit\u00e9 de la vie et de l'environnement.","breadcrumb":{"@id":"https:\/\/www.blackjackinfo.com\/blackjack-school\/lesson-05-card-counting-the-tricks\/#breadcrumb"},"inLanguage":"fr-FR","potentialAction":[{"@type":"ReadAction","target":["https:\/\/www.blackjackinfo.com\/blackjack-school\/lesson-05-card-counting-the-tricks\/"]}]},{"@type":"ImageObject","inLanguage":"fr-FR","@id":"https:\/\/www.blackjackinfo.com\/blackjack-school\/lesson-05-card-counting-the-tricks\/#primaryimage","url":"https:\/\/www.blackjackinfo.com\/img\/cards\/as.gif","contentUrl":"https:\/\/www.blackjackinfo.com\/img\/cards\/as.gif"},{"@type":"BreadcrumbList","@id":"https:\/\/www.blackjackinfo.com\/blackjack-school\/lesson-05-card-counting-the-tricks\/#breadcrumb","itemListElement":[{"@type":"ListItem","position":1,"name":"Home","item":"https:\/\/www.blackjackinfo.com\/"},{"@type":"ListItem","position":2,"name":"La Scuola di Blackjack di GameMaster","item":"https:\/\/www.it.blackjackinfo.com\/scuola-di-blackjack\/"},{"@type":"ListItem","position":3,"name":"Lezione 5 &#8211; Conteggio Carte &#8211; I Trucchi"}]},{"@type":"WebSite","@id":"https:\/\/www.blackjackinfo.com\/#website","url":"https:\/\/www.blackjackinfo.com\/","name":"BlackjackInfo.com","description":"Parce que gagner, c'est plus amusant !","potentialAction":[{"@type":"SearchAction","target":{"@type":"EntryPoint","urlTemplate":"https:\/\/www.blackjackinfo.com\/?s={search_term_string}"},"query-input":{"@type":"PropertyValueSpecification","valueRequired":true,"valueName":"search_term_string"}}],"inLanguage":"fr-FR"}]}},"_links":{"self":[{"href":"https:\/\/www.blackjackinfo.com\/fr\/wp-json\/wp\/v2\/pages\/2754","targetHints":{"allow":["GET"]}}],"collection":[{"href":"https:\/\/www.blackjackinfo.com\/fr\/wp-json\/wp\/v2\/pages"}],"about":[{"href":"https:\/\/www.blackjackinfo.com\/fr\/wp-json\/wp\/v2\/types\/page"}],"author":[{"embeddable":true,"href":"https:\/\/www.blackjackinfo.com\/fr\/wp-json\/wp\/v2\/users\/4"}],"replies":[{"embeddable":true,"href":"https:\/\/www.blackjackinfo.com\/fr\/wp-json\/wp\/v2\/comments?post=2754"}],"version-history":[{"count":5,"href":"https:\/\/www.blackjackinfo.com\/fr\/wp-json\/wp\/v2\/pages\/2754\/revisions"}],"predecessor-version":[{"id":2760,"href":"https:\/\/www.blackjackinfo.com\/fr\/wp-json\/wp\/v2\/pages\/2754\/revisions\/2760"}],"up":[{"embeddable":true,"href":"https:\/\/www.blackjackinfo.com\/fr\/wp-json\/wp\/v2\/pages\/2715"}],"wp:attachment":[{"href":"https:\/\/www.blackjackinfo.com\/fr\/wp-json\/wp\/v2\/media?parent=2754"}],"wp:term":[{"taxonomy":"post_tag","embeddable":true,"href":"https:\/\/www.blackjackinfo.com\/fr\/wp-json\/wp\/v2\/tags?post=2754"}],"curies":[{"name":"wp","href":"https:\/\/api.w.org\/{rel}","templated":true}]}}