{"id":2759,"date":"2017-03-12T20:36:24","date_gmt":"2017-03-13T01:36:24","guid":{"rendered":"https:\/\/www.blackjackinfo.com\/?page_id=2759\/"},"modified":"2018-04-18T02:07:14","modified_gmt":"2018-04-18T07:07:14","slug":"lezione-6-conteggio-gioco-con-un-solo-mazzo","status":"publish","type":"page","link":"https:\/\/www.blackjackinfo.com\/fr\/scuola-di-blackjack\/lezione-6-conteggio-gioco-con-un-solo-mazzo\/","title":{"rendered":"Lezione 6 - Conteggio - Gioco con un solo mazzo"},"content":{"rendered":"<p class=\"gbs-intro\"><b>Chaque interlocuteur doit avoir une bonne connaissance de la fa\u00e7on de jouer au Blackjack avec un seul jeu.<\/b>M\u00eame si vous devez trouver le 90% de votre temps avec le jeu avec le plus grand nombre de cartes, quand vous \u00eates en mesure de gagner le jeu avec une seule carte, cela peut s'av\u00e9rer tr\u00e8s avantageux. L'avantage principal du jeu sera plus \u00e9vident lorsque nous nous int\u00e9resserons aux strat\u00e9gies de recherche, mais, pour l'instant, prenez le temps de r\u00e9fl\u00e9chir \u00e0 mes paroles : toutes les \"grosses\" victoires que vous obtiendrez au Blackjack proviendront probablement d'un jeu avec un seul mazzo.<\/p>\n<p><b>La plupart d'entre vous - en particulier ceux qui vivent \u00e0 proximit\u00e9 d'Atlantic City - devraient perdre leur temps en jouant, avec l'id\u00e9e de faire 5 ou 6 voyages par an dans des zones telles que Reno ou Laughlin.<\/b> Il est beaucoup plus int\u00e9ressant pour vous de jouer 60 ou 70 heures par an avec un seul mazzo que de jouer plusieurs centaines d'heures aux jeux de hasard qu'offre actuellement Atlantic City. Certains de mes \u00e9tudiants originaires de la r\u00e9gion de St. Louis peuvent se rendre \u00e0 Reno en passant un s\u00e9jour de 3 ou 4 jours pour moins de $300, ce qui comprend le vol et le retour \u00e0 l'h\u00f4tel, et si, en solitaire, ils gagnent chaque jour un peu d'argent au Blackjack, en solitaire, ils rentrent \u00e0 la maison avec $1000 de revenus nets et bien plus encore. Pour les habitants de la C\u00f4te d'Azur, il est conseill\u00e9 de se rendre en mode analogique \u00e0 Tunica, dans le Massachusetts.<\/p>\n<h3 class=\"gbs-heading\">Conteggio al Tavolo<\/h3>\n<p><b>Pour jouer avec un seul jeu, vous devez d'abord utiliser une autre m\u00e9thode de distribution des cartes sur le plateau o\u00f9 elles sont distribu\u00e9es.<\/b> Comme vous pouvez le constater dans la le\u00e7on 5, il existe une approche tr\u00e8s structur\u00e9e pour le contr\u00f4le, de mani\u00e8re \u00e0 ce que vous soyez s\u00fbrs de ne pas vous tromper. Je n'ai jamais ressenti la premi\u00e8re fois que j'ai jou\u00e9 avec un seul mazzo ; j'\u00e9tais \u00e0 Las Vegas et j'ai jou\u00e9 en solo avec quatre mazzos \u00e0 Atlantic City. Lors de la deuxi\u00e8me ou troisi\u00e8me partie, le croupier avait un \"Blackjack\" et tout le monde a jou\u00e9 avec sa carte \u00e0 l'int\u00e9rieur. Tout ce que j'ai dit \u00e0 propos de la vitesse a \u00e9t\u00e9 mis \u00e0 l'\u00e9preuve, mais j'ai commenc\u00e9 \u00e0 le dire avant que la main suivante ne soit distribu\u00e9e. C'est un type de situation \u00e0 laquelle il faut \u00eatre pr\u00eat et seul l'allenamento peut aider.<br \/>\n<b>Les cartes au jeu avec un seul mazzo peuvent \u00eatre jou\u00e9es pour diff\u00e9rentes raisons, nous prenons en m\u00eame temps une main et nous nous assurons de savoir comment contenir les cartes.<\/b> Commencez par utiliser nos deux cartes, puis la carte de la banque. Contate ogni carta chiesta dai giocatori presenti. Si un joueur radicalement diff\u00e9rent doit retirer ses deux cartes, nous pourrons les contenir. Cependant, la carte du \"raddoppio\" est distribu\u00e9e seule, et nous ne pouvons donc pas l'utiliser. Si un joueur divise un groupe, les cartes sont alors r\u00e9parties et il peut les contenir et conserver m\u00eame la carte qui est \"distribu\u00e9e\". Lors d'un jeu avec un seul mazzo, un joueur indique qu'il a l'intention de \"fermer\" en pla\u00e7ant les cartes sur la table de jeu, de sorte que nous n'avons pas la possibilit\u00e9 de les ouvrir et que, par cons\u00e9quent, nous ne pouvons plus les conserver. Si vous \u00eates un joueur de football, jouez vos cartes car vous ne pourrez pas les garder avant de les avoir vues. Le jeu se termine avec la main du croupier, vous devez donc conserver la carte copi\u00e9e quand elle est d\u00e9couverte en m\u00eame temps que toutes les autres cartes qui se trouvent finalement dans sa main.<br \/>\n<b>Ora arriva la parte difficile.<\/b> Il croupier inizier\u00e0 dalla \"terza base\" e girer\u00e0 ogni carta \"coperta\" (come pure le carte coperte del raddoppio) da sotto le scommesse e le metter\u00e0 accanto alle carte della mano. Contatele appena le vedete. Une main typique sera utilis\u00e9e de cette mani\u00e8re :<br \/>\n<img loading=\"lazy\" decoding=\"async\" src=\"https:\/\/www.blackjackinfo.com\/img\/Blackjack-School\/Hand-Example-Before-400x400.gif\" alt=\"Hand Example Before\" width=\"400\" height=\"400\" data-no-auto-translation=\"\" \/><\/p>\n<p><img loading=\"lazy\" decoding=\"async\" src=\"https:\/\/www.blackjackinfo.com\/img\/Blackjack-School\/Hand-Example-After-400x400.gif\" alt=\"Hand Example After\" width=\"400\" height=\"400\" data-no-auto-translation=\"\" \/><br \/>\nComme vous pouvez le voir, ce joueur avait une main de 7 et demandait une carte. Le croupier a lanc\u00e9 la balle et paiera la main gauche du joueur. Conservez les deux cartes qui viennent d'\u00eatre d\u00e9couvertes, mais ne conservez pas le Re de nouveau, car c'est ce que vous auriez d\u00fb faire quand le joueur a jou\u00e9 avec une carte.<br \/>\nCela pourrait cr\u00e9er un peu de confusion, mais une fois que vous avez bien compris l'id\u00e9e, quand vous observez le vrai jeu en action, vous entrez rapidement dans le sch\u00e9ma de votre fonctionnement. Vous pouvez vous contenter de regarder autour de vous et d'observer jusqu'\u00e0 ce que vous ne soyez pas s\u00fbr d'avoir assimil\u00e9 la technique, mais cela ne changera pas grand-chose. L'id\u00e9al est de pouvoir compter sur quelqu'un qui peut jouer au croupier, mais assurez-vous d'utiliser la proc\u00e9dure d\u00e9crite plus haut.<\/p>\n<h3 class=\"gbs-heading\">Am\u00e9liorer votre vitesse et votre r\u00e9sistance<\/h3>\n<p><b>Il s'agit en quelque sorte de l'analogie d'un pugiliste lorsque l'on parle de la pratique de la lutte contre les cartes ; un pugiliste est plus sensible \u00e0 la vitesse qu'\u00e0 la r\u00e9sistance.<\/b> Les pugilistes utilisent deux sacs diff\u00e9rents, un \"sac rapide\" pour les pugnaces, comme le jab, et un autre sac, plus grand et plus lourd, pour les pugnaces plus puissants. Le contenu de la fourchette d'un seul chien est votre \"sac rapide\" ; vous devez vous exercer avec lui le plus rapidement possible, tout en conservant l'\u00e9quilibre du contenu. Pour construire votre propre r\u00e9sistance, commencez par utiliser deux jeux de cartes m\u00e9lang\u00e9s entre eux (ne pas h\u00e9siter \u00e0 assembler 3 cartes, comme un seul, pour v\u00e9rifier la pr\u00e9cision du contenu). Lorsque vous commencez \u00e0 faire deux cartons en 40 secondes, continuez avec 6 cartons. Mettez les deux et six cartes dans le m\u00eame sac, puis mettez-les en place en faisant 5 ou 6 piles de cartes sur la table et continuez jusqu'\u00e0 la fin, le plus rapidement possible. Votre objectif, dans ce cas, est de terminer l'exercice en moins de 2 minutes ; l'id\u00e9al serait d'arriver en 1:30. La raison pour laquelle nous utilisons plus de jeux, m\u00eame si nous jouons avec un seul jeu, est due au fait que nous devons maintenir le contenu pendant une longue p\u00e9riode de temps et que nous devons nous adapter \u00e0 des oscillations importantes dans le contenu. Le nombre d'op\u00e9rations pour un seul appareil est g\u00e9n\u00e9ralement inf\u00e9rieur ou \u00e9gal \u00e0 10, mais ces chiffres peuvent \u00e9galement \u00eatre obtenus dans un conteneur avec plusieurs appareils, et il convient de les r\u00e9duire. Se d\u00e9placer de cette mani\u00e8re avec beaucoup de distractions \u00e0 l'int\u00e9rieur est une excellente chose. Vous pouvez aussi faire appel au frisson des enfants, \u00e0 l'acc\u00e8s \u00e0 la t\u00e9l\u00e9vision ou \u00e0 votre propre canne qui a la capacit\u00e9 et le d\u00e9veloppement de tenir la trace du contenu, m\u00eame quand vous \u00eates dans un casino.<\/p>\n<h3 class=\"gbs-heading\">Quelques trucs en plus<\/h3>\n<p><b>Imparate a contare all'indietro partendo da un numero dispari e scalando di due in due.<\/b> Tout le monde sait lire \"2, 4, 6\", etc., mais certains d'entre nous peuvent lire \"11, 9, 7, 5, 3\" tr\u00e8s rapidement. C'est un bon exercice \u00e0 faire avec un guide. Commencez par 25 jusqu'\u00e0 M5, puis recommencez \u00e0 nouveau ; ainsi, vous \"imprimez\" dans votre test et vous pouvez vous servir de la table de jeu quand le r\u00e9sultat est \u00e9lev\u00e9 et que vous utilisez tous les 20 ou le Blackjack. Si vous vous ennuyez, faites le m\u00eame exercice en partant d'un nombre \u00e9gal, ce qui est suffisant pour vous maintenir en forme.<br \/>\n<b>Lorsque, pour une raison quelconque, votre contenu est interrompu, r\u00e9p\u00e9tez-le de plus en plus souvent.<\/b> Supposons que vous soyez \u00e0 la maison et que la petite Margaux ou votre fils, Corky (il n'est pas vrai que tous les vendeurs de cartes sont des passionn\u00e9s de vin), ait une question de \"vie ou de mort\" \u00e0 vous poser. Si vous arrivez \u00e0 une \u00e9mission de M6, ne mettez que \"M6, M6, M6\" dans votre esprit et remontez la pente. Sachez que vous faites de grands progr\u00e8s quand vous pouvez PARLER avec eux et observer le contenu en m\u00eame temps ! La pratique permet d'y arriver.<\/p>\n<h3 class=\"gbs-heading\">Compensations pour la maison<\/h3>\n<p>Continuez \u00e0 travailler sur la vitesse avec le contact \u00e0 la roulette d'un mazzo, mais travaillez aussi dans les exercices avec deux mazzos. Lorsque vous parvenez \u00e0 faire passer deux pi\u00e8ces sans erreur en moins de 40 secondes, continuez \u00e0 utiliser la prise de contact avec la zone de rotation de deux pi\u00e8ces.<br \/>\n<b>Important :<\/b> Tout ce que vous avez appris ci-dessus s'applique \u00e9galement aux jeux avec deux joueurs, mais vous devez savoir que la strat\u00e9gie de base change un peu lorsque vous jouez avec moins de quatre joueurs. Gardez la Le\u00e7on 1 pour am\u00e9liorer la strat\u00e9gie de base avec un seul joueur.<br \/>\nNous allons commencer par parler de l'unique raison pour laquelle vous jouez au Blackjack : le Soldi.<br \/>\nA pr\u00e9sent, l'\u00e9cole est ferm\u00e9e.<\/p>","protected":false},"excerpt":{"rendered":"<p>Ogni contatore dovrebbe avere una buona conoscenza di come giocare a Blackjack con un solo mazzo, anche se trascorrete il 90% del vostro tempo con il gioco a pi\u00f9 mazzi, perch\u00e8 quando siete in grado di padroneggiare il gioco con un solo mazzo, ci\u00f2 pu\u00f2 essere molto vantaggioso. Il vantaggio primario del gioco diventer\u00e0 pi\u00f9 [&hellip;]<\/p>\n","protected":false},"author":4,"featured_media":0,"parent":2715,"menu_order":0,"comment_status":"open","ping_status":"open","template":"page-blacjack-school-it.php","meta":{"_acf_changed":false,"footnotes":""},"tags":[],"class_list":["post-2759","page","type-page","status-publish","hentry"],"acf":[],"yoast_head":"<!-- This site is optimized with the Yoast SEO plugin v26.6 - https:\/\/yoast.com\/wordpress\/plugins\/seo\/ -->\n<title>Lezione 6 - Conteggio - Gioco con un solo mazzo<\/title>\n<meta name=\"description\" content=\"Ogni contatore dovrebbe avere una buona conoscenza di come giocare a Blackjack con un solo mazzo, anche se trascorrete il 90% del vostro tempo con il\" \/>\n<meta name=\"robots\" content=\"index, follow, max-snippet:-1, max-image-preview:large, max-video-preview:-1\" \/>\n<link rel=\"canonical\" href=\"https:\/\/www.blackjackinfo.com\/fr\/ecole-de-blackjack\/lecon-06-comptage-des-cartes-jeu-a-un-seul-jeu\/\" \/>\n<meta property=\"og:locale\" content=\"fr_FR\" \/>\n<meta property=\"og:type\" content=\"article\" \/>\n<meta property=\"og:title\" content=\"Lezione 6 - Conteggio - Gioco con un solo mazzo\" \/>\n<meta property=\"og:description\" content=\"Ogni contatore dovrebbe avere una buona conoscenza di come giocare a Blackjack con un solo mazzo, anche se trascorrete il 90% del vostro tempo con il\" \/>\n<meta property=\"og:url\" content=\"https:\/\/www.blackjackinfo.com\/fr\/ecole-de-blackjack\/lecon-06-comptage-des-cartes-jeu-a-un-seul-jeu\/\" \/>\n<meta property=\"og:site_name\" content=\"BlackjackInfo.com\" \/>\n<meta property=\"article:modified_time\" content=\"2018-04-18T07:07:14+00:00\" \/>\n<meta property=\"og:image\" content=\"https:\/\/www.blackjackinfo.com\/img\/Blackjack-School\/Hand-Example-Before-400x400.gif\" \/>\n<meta name=\"twitter:label1\" content=\"Dur\u00e9e de lecture estim\u00e9e\" \/>\n\t<meta name=\"twitter:data1\" content=\"6 minutes\" \/>\n<script type=\"application\/ld+json\" class=\"yoast-schema-graph\">{\"@context\":\"https:\/\/schema.org\",\"@graph\":[{\"@type\":\"WebPage\",\"@id\":\"https:\/\/www.blackjackinfo.com\/blackjack-school\/lesson-06-card-counting-single-deck-play\/\",\"url\":\"https:\/\/www.blackjackinfo.com\/blackjack-school\/lesson-06-card-counting-single-deck-play\/\",\"name\":\"Lezione 6 - Conteggio - Gioco con un solo mazzo\",\"isPartOf\":{\"@id\":\"https:\/\/www.blackjackinfo.com\/#website\"},\"primaryImageOfPage\":{\"@id\":\"https:\/\/www.blackjackinfo.com\/blackjack-school\/lesson-06-card-counting-single-deck-play\/#primaryimage\"},\"image\":{\"@id\":\"https:\/\/www.blackjackinfo.com\/blackjack-school\/lesson-06-card-counting-single-deck-play\/#primaryimage\"},\"thumbnailUrl\":\"https:\/\/www.blackjackinfo.com\/img\/Blackjack-School\/Hand-Example-Before-400x400.gif\",\"datePublished\":\"2017-03-13T01:36:24+00:00\",\"dateModified\":\"2018-04-18T07:07:14+00:00\",\"description\":\"Ogni contatore dovrebbe avere una buona conoscenza di come giocare a Blackjack con un solo mazzo, anche se trascorrete il 90% del vostro tempo con il\",\"breadcrumb\":{\"@id\":\"https:\/\/www.blackjackinfo.com\/blackjack-school\/lesson-06-card-counting-single-deck-play\/#breadcrumb\"},\"inLanguage\":\"fr-FR\",\"potentialAction\":[{\"@type\":\"ReadAction\",\"target\":[\"https:\/\/www.blackjackinfo.com\/blackjack-school\/lesson-06-card-counting-single-deck-play\/\"]}]},{\"@type\":\"ImageObject\",\"inLanguage\":\"fr-FR\",\"@id\":\"https:\/\/www.blackjackinfo.com\/blackjack-school\/lesson-06-card-counting-single-deck-play\/#primaryimage\",\"url\":\"https:\/\/www.blackjackinfo.com\/img\/Blackjack-School\/Hand-Example-Before-400x400.gif\",\"contentUrl\":\"https:\/\/www.blackjackinfo.com\/img\/Blackjack-School\/Hand-Example-Before-400x400.gif\"},{\"@type\":\"BreadcrumbList\",\"@id\":\"https:\/\/www.blackjackinfo.com\/blackjack-school\/lesson-06-card-counting-single-deck-play\/#breadcrumb\",\"itemListElement\":[{\"@type\":\"ListItem\",\"position\":1,\"name\":\"Home\",\"item\":\"https:\/\/www.blackjackinfo.com\/\"},{\"@type\":\"ListItem\",\"position\":2,\"name\":\"La Scuola di Blackjack di GameMaster\",\"item\":\"https:\/\/www.it.blackjackinfo.com\/scuola-di-blackjack\/\"},{\"@type\":\"ListItem\",\"position\":3,\"name\":\"Lezione 6 &#8211; Conteggio &#8211; Gioco con un solo mazzo\"}]},{\"@type\":\"WebSite\",\"@id\":\"https:\/\/www.blackjackinfo.com\/#website\",\"url\":\"https:\/\/www.blackjackinfo.com\/\",\"name\":\"BlackjackInfo.com\",\"description\":\"Because Winning is More Fun!\",\"potentialAction\":[{\"@type\":\"SearchAction\",\"target\":{\"@type\":\"EntryPoint\",\"urlTemplate\":\"https:\/\/www.blackjackinfo.com\/?s={search_term_string}\"},\"query-input\":{\"@type\":\"PropertyValueSpecification\",\"valueRequired\":true,\"valueName\":\"search_term_string\"}}],\"inLanguage\":\"fr-FR\"}]}<\/script>\n<!-- \/ Yoast SEO plugin. -->","yoast_head_json":{"title":"Lezione 6 - Conteggio - Gioco con un solo mazzo","description":"Tout le monde doit avoir une bonne connaissance de la fa\u00e7on de jouer au Blackjack avec un seul jeu, m\u00eame si vous essayez de gagner le 90% de votre temps avec le","robots":{"index":"index","follow":"follow","max-snippet":"max-snippet:-1","max-image-preview":"max-image-preview:large","max-video-preview":"max-video-preview:-1"},"canonical":"https:\/\/www.blackjackinfo.com\/fr\/ecole-de-blackjack\/lecon-06-comptage-des-cartes-jeu-a-un-seul-jeu\/","og_locale":"fr_FR","og_type":"article","og_title":"Lezione 6 - Conteggio - Gioco con un solo mazzo","og_description":"Ogni contatore dovrebbe avere una buona conoscenza di come giocare a Blackjack con un solo mazzo, anche se trascorrete il 90% del vostro tempo con il","og_url":"https:\/\/www.blackjackinfo.com\/fr\/ecole-de-blackjack\/lecon-06-comptage-des-cartes-jeu-a-un-seul-jeu\/","og_site_name":"BlackjackInfo.com","article_modified_time":"2018-04-18T07:07:14+00:00","og_image":[{"url":"https:\/\/www.blackjackinfo.com\/img\/Blackjack-School\/Hand-Example-Before-400x400.gif","type":"","width":"","height":""}],"twitter_misc":{"Dur\u00e9e de lecture estim\u00e9e":"6 minutes"},"schema":{"@context":"https:\/\/schema.org","@graph":[{"@type":"WebPage","@id":"https:\/\/www.blackjackinfo.com\/blackjack-school\/lesson-06-card-counting-single-deck-play\/","url":"https:\/\/www.blackjackinfo.com\/blackjack-school\/lesson-06-card-counting-single-deck-play\/","name":"Lezione 6 - Conteggio - Gioco con un solo mazzo","isPartOf":{"@id":"https:\/\/www.blackjackinfo.com\/#website"},"primaryImageOfPage":{"@id":"https:\/\/www.blackjackinfo.com\/blackjack-school\/lesson-06-card-counting-single-deck-play\/#primaryimage"},"image":{"@id":"https:\/\/www.blackjackinfo.com\/blackjack-school\/lesson-06-card-counting-single-deck-play\/#primaryimage"},"thumbnailUrl":"https:\/\/www.blackjackinfo.com\/img\/Blackjack-School\/Hand-Example-Before-400x400.gif","datePublished":"2017-03-13T01:36:24+00:00","dateModified":"2018-04-18T07:07:14+00:00","description":"Tout le monde doit avoir une bonne connaissance de la fa\u00e7on de jouer au Blackjack avec un seul jeu, m\u00eame si vous essayez de gagner le 90% de votre temps avec le","breadcrumb":{"@id":"https:\/\/www.blackjackinfo.com\/blackjack-school\/lesson-06-card-counting-single-deck-play\/#breadcrumb"},"inLanguage":"fr-FR","potentialAction":[{"@type":"ReadAction","target":["https:\/\/www.blackjackinfo.com\/blackjack-school\/lesson-06-card-counting-single-deck-play\/"]}]},{"@type":"ImageObject","inLanguage":"fr-FR","@id":"https:\/\/www.blackjackinfo.com\/blackjack-school\/lesson-06-card-counting-single-deck-play\/#primaryimage","url":"https:\/\/www.blackjackinfo.com\/img\/Blackjack-School\/Hand-Example-Before-400x400.gif","contentUrl":"https:\/\/www.blackjackinfo.com\/img\/Blackjack-School\/Hand-Example-Before-400x400.gif"},{"@type":"BreadcrumbList","@id":"https:\/\/www.blackjackinfo.com\/blackjack-school\/lesson-06-card-counting-single-deck-play\/#breadcrumb","itemListElement":[{"@type":"ListItem","position":1,"name":"Home","item":"https:\/\/www.blackjackinfo.com\/"},{"@type":"ListItem","position":2,"name":"La Scuola di Blackjack di GameMaster","item":"https:\/\/www.it.blackjackinfo.com\/scuola-di-blackjack\/"},{"@type":"ListItem","position":3,"name":"Lezione 6 &#8211; Conteggio &#8211; Gioco con un solo mazzo"}]},{"@type":"WebSite","@id":"https:\/\/www.blackjackinfo.com\/#website","url":"https:\/\/www.blackjackinfo.com\/","name":"BlackjackInfo.com","description":"Parce que gagner, c'est plus amusant !","potentialAction":[{"@type":"SearchAction","target":{"@type":"EntryPoint","urlTemplate":"https:\/\/www.blackjackinfo.com\/?s={search_term_string}"},"query-input":{"@type":"PropertyValueSpecification","valueRequired":true,"valueName":"search_term_string"}}],"inLanguage":"fr-FR"}]}},"_links":{"self":[{"href":"https:\/\/www.blackjackinfo.com\/fr\/wp-json\/wp\/v2\/pages\/2759","targetHints":{"allow":["GET"]}}],"collection":[{"href":"https:\/\/www.blackjackinfo.com\/fr\/wp-json\/wp\/v2\/pages"}],"about":[{"href":"https:\/\/www.blackjackinfo.com\/fr\/wp-json\/wp\/v2\/types\/page"}],"author":[{"embeddable":true,"href":"https:\/\/www.blackjackinfo.com\/fr\/wp-json\/wp\/v2\/users\/4"}],"replies":[{"embeddable":true,"href":"https:\/\/www.blackjackinfo.com\/fr\/wp-json\/wp\/v2\/comments?post=2759"}],"version-history":[{"count":4,"href":"https:\/\/www.blackjackinfo.com\/fr\/wp-json\/wp\/v2\/pages\/2759\/revisions"}],"predecessor-version":[{"id":2764,"href":"https:\/\/www.blackjackinfo.com\/fr\/wp-json\/wp\/v2\/pages\/2759\/revisions\/2764"}],"up":[{"embeddable":true,"href":"https:\/\/www.blackjackinfo.com\/fr\/wp-json\/wp\/v2\/pages\/2715"}],"wp:attachment":[{"href":"https:\/\/www.blackjackinfo.com\/fr\/wp-json\/wp\/v2\/media?parent=2759"}],"wp:term":[{"taxonomy":"post_tag","embeddable":true,"href":"https:\/\/www.blackjackinfo.com\/fr\/wp-json\/wp\/v2\/tags?post=2759"}],"curies":[{"name":"wp","href":"https:\/\/api.w.org\/{rel}","templated":true}]}}