{"id":2766,"date":"2017-03-12T20:50:19","date_gmt":"2017-03-13T01:50:19","guid":{"rendered":"https:\/\/www.blackjackinfo.com\/?page_id=2766\/"},"modified":"2018-04-18T02:07:14","modified_gmt":"2018-04-18T07:07:14","slug":"lezione-7-gestione-dei-soldi-parte-1","status":"publish","type":"page","link":"https:\/\/www.blackjackinfo.com\/fr\/scuola-di-blackjack\/lezione-7-gestione-dei-soldi-parte-1\/","title":{"rendered":"Lezione 7 - Gestion des soldats - Parte 1"},"content":{"rendered":"<h3 class=\"gbs-heading\">La Predica<\/h3>\n<p class=\"intro\"><b>En particulier, sur ces pages de GameMaster Online, on parle souvent des pr\u00e9dictions, surtout parce qu'on n'aime pas penser que les gens r\u00e9galent leurs propres soldats au casino.<\/b> Je ne veux pas dire que je ne perds pas, car je n'ai pas non plus les journ\u00e9es, mais ce que je veux dire, c'est que les casinos devraient gagner un peu d'argent pour chaque centenaire qui me revient. Vous devez d\u00e9velopper ce type d'acquisition et le seul fait que vous lisez d\u00e8s \u00e0 pr\u00e9sent ces suggestions montre que vous \u00eates motiv\u00e9s pour apprendre, c'est donc un bon d\u00e9but. Les casinos gagnent de l'argent gr\u00e2ce aux joueurs qui acceptent de le d\u00e9penser. M\u00eame si vous avez appris tout ce que j'ai enseign\u00e9 jusqu'\u00e0 pr\u00e9sent, vous n'\u00eates pas encore pr\u00eat \u00e0 jouer, vous devez donc vous d\u00e9sint\u00e9resser du jeu et penser \u00e0 construire votre propre machine \u00e0 jouer dans la journ\u00e9e o\u00f9 vous \u00eates pr\u00eat \u00e0 jouer. Il n'est pas possible de jouer au Blackjack si l'on joue avec des sommes d'argent en jeu. Vous devez disposer d'une certaine quantit\u00e9 de monnaie d'\u00e9change, qui constitue un \"extra\" - une monnaie qui, si elle est perdue, n'influencera en rien votre style de vie. En proc\u00e9dant de la sorte, il convient d'utiliser la bonne m\u00e9thode et d'utiliser les mains exactement comme elles devraient l'\u00eatre. C'est ce qui portera les $$$ au casino. Pensons \u00e0 ce qui a \u00e9t\u00e9 dit plus haut.<\/p>\n<h3 class=\"gbs-heading\">Qu'en est-il de la gestion des ressources humaines ?<\/h3>\n<p><b>Poich\u00e8 si applica al gioco del Blackjack quando si contano le carte, diremo che la gesti\u00f3n dei soldi \u00e8 una metodo di scommessa che minimizza le perdite e massimizza i guadagni.<\/b> Le jeu de Blackjack comporte un risque de perte. L'avantage qu'a un joueur sur le casino est important et les incertitudes concernant la disponibilit\u00e9 mon\u00e9taire du joueur peuvent \u00eatre v\u00e9rifi\u00e9es \u00e0 une vitesse impressionnante. Une gestion ad\u00e9quate des fonds propres est assur\u00e9ment n\u00e9cessaire dans tous les aspects du jeu afin d'offrir les meilleures possibilit\u00e9s d'\u00e9chapper \u00e0 l'ineffable \"long terme\". Certains d'entre vous se lancent dans la carri\u00e8re de receveur de cartes avec une grande sinc\u00e9rit\u00e9 et ne s'en tiennent pas plus longtemps \u00e0 l'\u00e9cart. Certains d'entre vous, cependant, commencent avec une perte et ont besoin de plus d'heures de jeu avant de voir une victoire ; c'est la r\u00e9alit\u00e9 des choses. Ce que vous avez appris au cours des quatre ou cinq derni\u00e8res le\u00e7ons, c'est \u00e0 poursuivre le jeu jusqu'\u00e0 ce que votre objectif, \u00e0 long terme, se concr\u00e9tise et ait ses effets b\u00e9n\u00e9fiques.<\/p>\n<h3 class=\"gbs-heading\">Il True Count<\/h3>\n<p><b>Toutes les d\u00e9cisions relatives \u00e0 vos \u00e9chantillons sont prises sur la base de ce que l'on appelle le \"d\u00e9compte r\u00e9el\" ou, plus pr\u00e9cis\u00e9ment, le \"contenu du mazzo rimasto\".<\/b> Si cela s'applique \u00e0 tous ceux qui jouent avec plus de cartes, ceux qui jouent avec une seule carte doivent faire preuve d'une attention inhabituelle - m\u00eame si vous avez besoin de conna\u00eetre les choses que vous voulez dire. Si vous poss\u00e9dez une carte de valeur minime, vous avez un compte (appel\u00e9 compte courant) de 6 dans la premi\u00e8re partie d'un jeu. Les joueurs qui jouent avec un seul mazzo ont un compte r\u00e9el \u00e0 peu pr\u00e8s inf\u00e9rieur \u00e0 6, car il y a un peu moins d'un mazzo \u00e0 jouer. Si vous jouez avec plusieurs joueurs, le nombre de joueurs de droite (compte r\u00e9el) est \u00e0 peu pr\u00e8s \u00e9gal \u00e0 1, car il y a un peu moins de 6 joueurs \u00e0 jouer. Avez-vous compris comment cela fonctionne ? Nous \"normalisons\" le contenu en divisant le nombre de pi\u00e8ces en cours par le nombre total de pi\u00e8ces restantes. Nous vous proposons un autre exemple pour mieux comprendre ce concept. Si vous jouez avec un seul mazzo, \u00e0 la premi\u00e8re main, un compte courant de 2 (ricordez, n'utilisez pas le \"+\" pour indiquer un nombre positif) est converti en un compte r\u00e9el de 2, en arrondi. Si vous jouez avec deux joueurs et que vous avez obtenu un compte courant de 12 apr\u00e8s la premi\u00e8re action, le compte r\u00e9el est \u00e9gal \u00e0 2. Les comptes r\u00e9els valent 2, mais il faut un compte courant plus \u00e9lev\u00e9 pour obtenir ce r\u00e9sultat dans le jeu avec deux joueurs.<\/p>\n<p><b>POUR OBTENIR LE NOMBRE R\u00c9EL, DIVISEZ LE NOMBRE \"EN COURS\" PAR LE NOMBRE DE JEUX EN COURS.<\/b><br \/>\n<b>Il n'est pas n\u00e9cessaire de se confondre avec cette affirmation. Ce que cela signifie, c'est le nombre de cartes manquantes, qu'elles soient ou non jou\u00e9es de mani\u00e8re effective.<\/b> Dans le cadre d'un jeu avec plusieurs joueurs, un ou plusieurs joueurs peuvent \u00eatre \u00e9tiquet\u00e9s hors du croupier, mais cela n'est pas pertinent \u00e0 la fin du calcul du d\u00e9compte r\u00e9el. La base du calcul est le nombre total de cartes avec lequel le jeu a commenc\u00e9 et qui est \u00e9gal au nombre de cartes qui ont \u00e9t\u00e9 jou\u00e9es. Un exemple : si dans un jeu avec sept mazzi, deux mazzi sont d\u00e9j\u00e0 jou\u00e9s et partag\u00e9s, un compte courant de 8 se traduit par un compte r\u00e9el de 2 parce qu'il y a encore quatre mazzi manquants dans le sabot. Le croupier pourrait se tromper avant que tous les quatre jeux manquants ne soient jou\u00e9s, mais pour le calcul de la conversion en compte r\u00e9el, cela n'a pas d'importance.<br \/>\nFaites ce petit test avec moi pour voir si vous ma\u00eetrisez le principe.<\/p>\n<table class=\"gbs-ctable\">\n<tbody>\n<tr>\n<th><\/th>\n<th>Mazzi Rimasti<\/th>\n<th>Compte courant<\/th>\n<th>Compte r\u00e9el<\/th>\n<\/tr>\n<tr>\n<td>1.<\/td>\n<td>4<\/td>\n<td>8<\/td>\n<td>2<\/td>\n<\/tr>\n<tr>\n<td>2.<\/td>\n<td>2<\/td>\n<td>10<\/td>\n<td>5<\/td>\n<\/tr>\n<tr>\n<td>3.<\/td>\n<td>5<\/td>\n<td>5<\/td>\n<td>1<\/td>\n<\/tr>\n<tr>\n<td>4.<\/td>\n<td>3<\/td>\n<td>12<\/td>\n<td>4<\/td>\n<\/tr>\n<\/tbody>\n<\/table>\n<h3 class=\"gbs-heading\">Stima del Numero di Mazzi Rimasti<\/h3>\n<p><b>Les casinos sont tr\u00e8s gentils lorsqu'il s'agit d'offrir un cadeau qui indique les jeux de hasard qu'il est encore possible de jouer au sabot. Non, il ne s'agit pas du sabot, mais de la bo\u00eete \u00e0 malices que l'on peut trouver sur chaque table o\u00f9 l'on joue avec plus de jeux.<\/b> Toutes les cartes utilis\u00e9es sont normalement d\u00e9pos\u00e9es par le croupier dans la bo\u00eete \u00e0 cartes, o\u00f9 chacun peut les r\u00e9cup\u00e9rer. Les joueurs utilisent donc cet outil et, apr\u00e8s quelques recherches, d\u00e9terminent les cartes \u00e0 jouer. Lors d'un jeu avec sept cartes, s'il y a deux cartes dans la bo\u00eete de d\u00e9part, il doit y avoir quatre cartes dans le sabot, \u00e0 condition qu'il n'y ait pas de carte sur le tiroir. Il convient d'adopter ces cartes si l'erreur d'\u00e9valuation n'est pas trop importante. L'obtention de ces informations est l'un de nos d\u00e9fis pour la maison, et ne doit donc pas nous pr\u00e9occuper pour l'instant. Arriv\u00e9s \u00e0 ce point, le plus important est le m\u00e9canisme de calcul du nombre r\u00e9el gr\u00e2ce \u00e0 cette m\u00e9thode. Nous vous invitons \u00e0 vous familiariser avec cette m\u00e9thode en suivant une explication assez simple.<\/p>\n<p>Nous jouons avec sept pi\u00e8ces, le compte courant est M-6 et il y a trois pi\u00e8ces dans la bo\u00eete de d\u00e9part. Cela signifie qu'il y a encore trois jeux \u00e0 faire, donc on divise le compte courant par 3 et notre vrai compte est M-2. Si, le calcul est le m\u00eame m\u00eame pour les jeux n\u00e9gatifs - surtout de la m\u00eame mani\u00e8re. Capitaine ? Faites ce test pour voir si vous avez compris la le\u00e7on.<br \/>\nNous avons l'intention de jouer avec six joueurs. Il n'y a que le nombre de pi\u00e8ces dans la bo\u00eete de jeu, il faut donc faire le calcul pour d\u00e9terminer le nombre de pi\u00e8ces que l'on peut mettre dans le sabot.<\/p>\n<table class=\"gbs-ctable\">\n<tbody>\n<tr>\n<th><\/th>\n<th>Mazzi Giocati<\/th>\n<th>Compte courant<\/th>\n<th>Compte r\u00e9el<\/th>\n<\/tr>\n<tr>\n<td><b>1.<\/b><\/td>\n<td>2<\/td>\n<td>4<\/td>\n<td>?<\/td>\n<\/tr>\n<tr>\n<td><b>2.<\/b><\/td>\n<td>4<\/td>\n<td>8<\/td>\n<td>?<\/td>\n<\/tr>\n<tr>\n<td><b>3.<\/b><\/td>\n<td>5<\/td>\n<td>5<\/td>\n<td>?<\/td>\n<\/tr>\n<tr>\n<td><b>4.<\/b><\/td>\n<td>1<\/td>\n<td>5<\/td>\n<td>?<\/td>\n<\/tr>\n<tr>\n<td><b>5.<\/b><\/td>\n<td>2.5<\/td>\n<td>7<\/td>\n<td>?<\/td>\n<\/tr>\n<tr>\n<td><b>6.<\/b><\/td>\n<td>2<\/td>\n<td>0<\/td>\n<td>?<\/td>\n<\/tr>\n<tr>\n<td><b>7.<\/b><\/td>\n<td>3.5<\/td>\n<td>M-5<\/td>\n<td>?<\/td>\n<\/tr>\n<tr>\n<td><b>8.<\/b><\/td>\n<td>1.5<\/td>\n<td>9<\/td>\n<td>?<\/td>\n<\/tr>\n<tr>\n<td><b>9.<\/b><\/td>\n<td>3<\/td>\n<td>M-3<\/td>\n<td>?<\/td>\n<\/tr>\n<tr>\n<td><b>10.<\/b><\/td>\n<td>4.5<\/td>\n<td>2<\/td>\n<td>?<\/td>\n<\/tr>\n<\/tbody>\n<\/table>\n<p><b>Le Risposte<\/b><\/p>\n<p><b>1.<\/b> 1 (2 mazzi giocati, 4 mazzi rimasti, 4 \/ 4 = 1)<br \/>\n<b>2.<\/b> 4 (4 mazzi giocati, 2 mazzi rimasti, 8 \/ 2 = 4)<br \/>\n<b>3.<\/b> 5<br \/>\n<b>4.<\/b> 1<br \/>\n<b>5.<\/b> 2<br \/>\n<b>6.<\/b> 0<br \/>\n<b>7.<\/b> M-2<br \/>\n<b>8.<\/b> 2<br \/>\n<b>9.<\/b>M-1<br \/>\n<b>10.<\/b> Un po' sopra uno (ma arrotondiamo sempre \"per difetto\" in modo da essere prudenti, cos\u00ec lo chiameremo \"uno\").<\/p>\n<p><b>Je suis rest\u00e9 avec les yeux ferm\u00e9s, et j'ai donc bien fait de m'en tenir l\u00e0 pour cette saison.<\/b> Mais il n'y a pas de quoi s'inqui\u00e9ter ; vous pouvez apprendre ce qui pr\u00e9c\u00e8de - il suffit d'un peu de pratique. Pour ce qui est de la pratique, il convient de faire le sort de vos produits \u00e0 la maison et de \"calibrer\" vos yeux.<\/p>\n<h3 class=\"gbs-heading\">Compensations pour la maison<\/h3>\n<p>Stimuler le nombre de cartes rang\u00e9es dans une bo\u00eete de carton n'est qu'un exercice r\u00e9p\u00e9titif et monotone. Si l'on garde un peu plus longtemps une bo\u00eete de 52 cartes, on peut savoir si l'on a ajout\u00e9 10 ou 12 cartes. C'est donc le mode d'\u00e9talonnage des yeux qui est utilis\u00e9. Commencez par une seule carte et restez vigilant pendant quelques secondes. Ensuite, prenez un autre r\u00e9cipient et placez-le au-dessus du premier, puis gardez la pile form\u00e9e pendant un moment. Ensuite, prendre un troisi\u00e8me mazzo et le placer toujours au-dessus des deux autres et le garder encore une fois pendant un moment. A la fin, prendre une carte - sans prendre les cartes - en regardant seulement \u00e0 l'occiput ce qu'est une carte et en la prenant, puis en la regardant pour voir comment elle est remplac\u00e9e par le num\u00e9ro de la carte. Ou bien, placez la carte que vous avez accept\u00e9e et prenez deux cartes, contactez-nous pour savoir si vous avez commis des erreurs d'\u00e9valuation, puis recommencez \u00e0 z\u00e9ro. Ou encore, faites une pile de cartes avec cinq cartes et prenez une carte et une autre, puis trois cartes et ainsi de suite. Vous serez surpris de constater que vous avez reconnu rapidement les cartes qui se trouvent sur le pilier. Une variante int\u00e9ressante de cet exercice consiste \u00e0 avoir un ami qui cr\u00e9e des piles de diff\u00e9rentes dimensions (\u00e0 l'int\u00e9rieur d'un petit tas) pendant que vous \u00eates loin de la place et quand vous revenez, vous devez d\u00e9terminer la dimension de chaque pile.<\/p>\n<p>Insistez, car vous devez \u00eatre pr\u00e9cis avec ce calcul, car vos revenus ne d\u00e9pendent que de lui.<\/p>\n<p>Nous vous donnons rendez-vous au printemps prochain pour parler de l'utilisation du vrai comptage.<\/p>","protected":false},"excerpt":{"rendered":"<p>La Predica Molto spesso, su queste pagine di GameMaster Online, vi far\u00f2 frequentemente delle prediche, principalmente perch\u00e8 odio pensare che la gente regali i propri soldi ai casino. Non sto dicendo che io non perdo, perch\u00e8 anche io ho le giornate no, ma ci\u00f2 che voglio dire \u00e8 che i casino devono sudare un bel [&hellip;]<\/p>\n","protected":false},"author":4,"featured_media":0,"parent":2715,"menu_order":0,"comment_status":"open","ping_status":"open","template":"page-blacjack-school-it.php","meta":{"_acf_changed":false,"footnotes":""},"tags":[],"class_list":["post-2766","page","type-page","status-publish","hentry"],"acf":[],"yoast_head":"<!-- This site is optimized with the Yoast SEO plugin v26.6 - https:\/\/yoast.com\/wordpress\/plugins\/seo\/ -->\n<title>Lezione 7 - Gestione dei Soldi - Parte 1<\/title>\n<meta name=\"description\" content=\"La Predica Molto spesso, su queste pagine di GameMaster Online, vi far\u00f2 frequentemente delle prediche, principalmente perch\u00e8 odio pensare che la gente\" \/>\n<meta name=\"robots\" content=\"index, follow, max-snippet:-1, max-image-preview:large, max-video-preview:-1\" \/>\n<link rel=\"canonical\" href=\"https:\/\/www.it.blackjackinfo.com\/scuola-di-blackjack\/lezione-7-gestione-dei-soldi-parte-1\/\" \/>\n<meta property=\"og:locale\" content=\"fr_FR\" \/>\n<meta property=\"og:type\" content=\"article\" \/>\n<meta property=\"og:title\" content=\"Lezione 7 - Gestione dei Soldi - Parte 1\" \/>\n<meta property=\"og:description\" content=\"La Predica Molto spesso, su queste pagine di GameMaster Online, vi far\u00f2 frequentemente delle prediche, principalmente perch\u00e8 odio pensare che la gente\" \/>\n<meta property=\"og:url\" content=\"https:\/\/www.it.blackjackinfo.com\/scuola-di-blackjack\/lezione-7-gestione-dei-soldi-parte-1\/\" \/>\n<meta property=\"og:site_name\" content=\"BlackjackInfo.com\" \/>\n<meta property=\"article:modified_time\" content=\"2018-04-18T07:07:14+00:00\" \/>\n<meta name=\"twitter:label1\" content=\"Dur\u00e9e de lecture estim\u00e9e\" \/>\n\t<meta name=\"twitter:data1\" content=\"7 minutes\" \/>\n<script type=\"application\/ld+json\" class=\"yoast-schema-graph\">{\"@context\":\"https:\/\/schema.org\",\"@graph\":[{\"@type\":\"WebPage\",\"@id\":\"https:\/\/www.it.blackjackinfo.com\/scuola-di-blackjack\/lezione-7-gestione-dei-soldi-parte-1\/\",\"url\":\"https:\/\/www.it.blackjackinfo.com\/scuola-di-blackjack\/lezione-7-gestione-dei-soldi-parte-1\/\",\"name\":\"Lezione 7 - Gestione dei Soldi - Parte 1\",\"isPartOf\":{\"@id\":\"https:\/\/www.blackjackinfo.com\/#website\"},\"datePublished\":\"2017-03-13T01:50:19+00:00\",\"dateModified\":\"2018-04-18T07:07:14+00:00\",\"description\":\"La Predica Molto spesso, su queste pagine di GameMaster Online, vi far\u00f2 frequentemente delle prediche, principalmente perch\u00e8 odio pensare che la gente\",\"breadcrumb\":{\"@id\":\"https:\/\/www.it.blackjackinfo.com\/scuola-di-blackjack\/lezione-7-gestione-dei-soldi-parte-1\/#breadcrumb\"},\"inLanguage\":\"fr-FR\",\"potentialAction\":[{\"@type\":\"ReadAction\",\"target\":[\"https:\/\/www.it.blackjackinfo.com\/scuola-di-blackjack\/lezione-7-gestione-dei-soldi-parte-1\/\"]}]},{\"@type\":\"BreadcrumbList\",\"@id\":\"https:\/\/www.it.blackjackinfo.com\/scuola-di-blackjack\/lezione-7-gestione-dei-soldi-parte-1\/#breadcrumb\",\"itemListElement\":[{\"@type\":\"ListItem\",\"position\":1,\"name\":\"Home\",\"item\":\"https:\/\/www.blackjackinfo.com\/\"},{\"@type\":\"ListItem\",\"position\":2,\"name\":\"La Scuola di Blackjack di GameMaster\",\"item\":\"https:\/\/www.it.blackjackinfo.com\/scuola-di-blackjack\/\"},{\"@type\":\"ListItem\",\"position\":3,\"name\":\"Lezione 7 &#8211; Gestione dei Soldi &#8211; Parte 1\"}]},{\"@type\":\"WebSite\",\"@id\":\"https:\/\/www.blackjackinfo.com\/#website\",\"url\":\"https:\/\/www.blackjackinfo.com\/\",\"name\":\"BlackjackInfo.com\",\"description\":\"Because Winning is More Fun!\",\"potentialAction\":[{\"@type\":\"SearchAction\",\"target\":{\"@type\":\"EntryPoint\",\"urlTemplate\":\"https:\/\/www.blackjackinfo.com\/?s={search_term_string}\"},\"query-input\":{\"@type\":\"PropertyValueSpecification\",\"valueRequired\":true,\"valueName\":\"search_term_string\"}}],\"inLanguage\":\"fr-FR\"}]}<\/script>\n<!-- \/ Yoast SEO plugin. -->","yoast_head_json":{"title":"Lezione 7 - Gestion des soldats - Parte 1","description":"La pr\u00e9diction Tr\u00e8s souvent, sur ces pages de GameMaster Online, on parle des pr\u00e9dictions, principalement parce qu'on n'aime pas penser que les gens...","robots":{"index":"index","follow":"follow","max-snippet":"max-snippet:-1","max-image-preview":"max-image-preview:large","max-video-preview":"max-video-preview:-1"},"canonical":"https:\/\/www.it.blackjackinfo.com\/scuola-di-blackjack\/lezione-7-gestione-dei-soldi-parte-1\/","og_locale":"fr_FR","og_type":"article","og_title":"Lezione 7 - Gestione dei Soldi - Parte 1","og_description":"La Predica Molto spesso, su queste pagine di GameMaster Online, vi far\u00f2 frequentemente delle prediche, principalmente perch\u00e8 odio pensare che la gente","og_url":"https:\/\/www.it.blackjackinfo.com\/scuola-di-blackjack\/lezione-7-gestione-dei-soldi-parte-1\/","og_site_name":"BlackjackInfo.com","article_modified_time":"2018-04-18T07:07:14+00:00","twitter_misc":{"Dur\u00e9e de lecture estim\u00e9e":"7 minutes"},"schema":{"@context":"https:\/\/schema.org","@graph":[{"@type":"WebPage","@id":"https:\/\/www.it.blackjackinfo.com\/scuola-di-blackjack\/lezione-7-gestione-dei-soldi-parte-1\/","url":"https:\/\/www.it.blackjackinfo.com\/scuola-di-blackjack\/lezione-7-gestione-dei-soldi-parte-1\/","name":"Lezione 7 - Gestion des soldats - Parte 1","isPartOf":{"@id":"https:\/\/www.blackjackinfo.com\/#website"},"datePublished":"2017-03-13T01:50:19+00:00","dateModified":"2018-04-18T07:07:14+00:00","description":"La pr\u00e9diction Tr\u00e8s souvent, sur ces pages de GameMaster Online, on parle des pr\u00e9dictions, principalement parce qu'on n'aime pas penser que les gens...","breadcrumb":{"@id":"https:\/\/www.it.blackjackinfo.com\/scuola-di-blackjack\/lezione-7-gestione-dei-soldi-parte-1\/#breadcrumb"},"inLanguage":"fr-FR","potentialAction":[{"@type":"ReadAction","target":["https:\/\/www.it.blackjackinfo.com\/scuola-di-blackjack\/lezione-7-gestione-dei-soldi-parte-1\/"]}]},{"@type":"BreadcrumbList","@id":"https:\/\/www.it.blackjackinfo.com\/scuola-di-blackjack\/lezione-7-gestione-dei-soldi-parte-1\/#breadcrumb","itemListElement":[{"@type":"ListItem","position":1,"name":"Home","item":"https:\/\/www.blackjackinfo.com\/"},{"@type":"ListItem","position":2,"name":"La Scuola di Blackjack di GameMaster","item":"https:\/\/www.it.blackjackinfo.com\/scuola-di-blackjack\/"},{"@type":"ListItem","position":3,"name":"Lezione 7 &#8211; Gestione dei Soldi &#8211; Parte 1"}]},{"@type":"WebSite","@id":"https:\/\/www.blackjackinfo.com\/#website","url":"https:\/\/www.blackjackinfo.com\/","name":"BlackjackInfo.com","description":"Parce que gagner, c'est plus amusant !","potentialAction":[{"@type":"SearchAction","target":{"@type":"EntryPoint","urlTemplate":"https:\/\/www.blackjackinfo.com\/?s={search_term_string}"},"query-input":{"@type":"PropertyValueSpecification","valueRequired":true,"valueName":"search_term_string"}}],"inLanguage":"fr-FR"}]}},"_links":{"self":[{"href":"https:\/\/www.blackjackinfo.com\/fr\/wp-json\/wp\/v2\/pages\/2766","targetHints":{"allow":["GET"]}}],"collection":[{"href":"https:\/\/www.blackjackinfo.com\/fr\/wp-json\/wp\/v2\/pages"}],"about":[{"href":"https:\/\/www.blackjackinfo.com\/fr\/wp-json\/wp\/v2\/types\/page"}],"author":[{"embeddable":true,"href":"https:\/\/www.blackjackinfo.com\/fr\/wp-json\/wp\/v2\/users\/4"}],"replies":[{"embeddable":true,"href":"https:\/\/www.blackjackinfo.com\/fr\/wp-json\/wp\/v2\/comments?post=2766"}],"version-history":[{"count":2,"href":"https:\/\/www.blackjackinfo.com\/fr\/wp-json\/wp\/v2\/pages\/2766\/revisions"}],"predecessor-version":[{"id":2768,"href":"https:\/\/www.blackjackinfo.com\/fr\/wp-json\/wp\/v2\/pages\/2766\/revisions\/2768"}],"up":[{"embeddable":true,"href":"https:\/\/www.blackjackinfo.com\/fr\/wp-json\/wp\/v2\/pages\/2715"}],"wp:attachment":[{"href":"https:\/\/www.blackjackinfo.com\/fr\/wp-json\/wp\/v2\/media?parent=2766"}],"wp:term":[{"taxonomy":"post_tag","embeddable":true,"href":"https:\/\/www.blackjackinfo.com\/fr\/wp-json\/wp\/v2\/tags?post=2766"}],"curies":[{"name":"wp","href":"https:\/\/api.w.org\/{rel}","templated":true}]}}