{"id":2769,"date":"2017-03-12T21:11:45","date_gmt":"2017-03-13T02:11:45","guid":{"rendered":"https:\/\/www.blackjackinfo.com\/?page_id=2769\/"},"modified":"2018-04-18T02:07:14","modified_gmt":"2018-04-18T07:07:14","slug":"lezione-8-gestione-dei-soldi-parte-2","status":"publish","type":"page","link":"https:\/\/www.blackjackinfo.com\/fr\/scuola-di-blackjack\/lezione-8-gestione-dei-soldi-parte-2\/","title":{"rendered":"Lezione 8 - Gestion des soldats - Parte 2"},"content":{"rendered":"<h3 class=\"gbs-heading\">Quelques mots sur Mazzo Singolo<\/h3>\n<p class=\"intro\"><b>Dans la le\u00e7on pr\u00e9c\u00e9dente, j'ai appris \u00e0 calculer le \"true count\" pour un jeu avec plusieurs mazzos, mais j'ai voulu comprendre que le concept de true count s'applique aussi aux jeux avec un seul mazzo.<\/b> La conversion se fait un peu diff\u00e9remment, mais le r\u00e9sultat est le m\u00eame ; vous terminez toujours avec un contenu standardis\u00e9 pour le mazzo rimanente. Si vous ne recevez qu'une seule carte dans un jeu avec un seul mazzo, par exemple un 5, vous aurez alors un \"compte courant\" de 1 et un compte r\u00e9el de 1. Ceci, en fait, parce qu'il y a un seul mazzo avec lequel le jeu commence et que le compte r\u00e9el se calcule en divisant le compte courant par le nombre de mazzos qui se trouvent dans le jeu. Si, apr\u00e8s avoir jou\u00e9 avec plusieurs mains, le compte courant est de 6 et que les trois quarts du jeu sont rest\u00e9s en place, il faut diviser 6 par 0,75 pour d\u00e9terminer le vrai compte. Dans ce cas, le nombre r\u00e9el est 8. Si l'on se trouve \u00e0 l'extr\u00e9mit\u00e9 du jeu, le nombre r\u00e9el serait 6 divis\u00e9 par 0,50 = 12. Avez-vous compris ce concept ? Dans un jeu avec un seul mazzo, il faut diviser par les fractions, ce qui n'est pas tr\u00e8s facile \u00e0 calculer, mais tous les joueurs de cartes pour un jeu avec un seul mazzo ont d\u00fb s'int\u00e9resser \u00e0 ce point afin de pouvoir le calculer correctement quand ils jouent.<\/p>\n<h3 class=\"gbs-heading\">Commencer avec le True Count<\/h3>\n<p><b>Pour chaque incr\u00e9ment de 1 dans le compte r\u00e9el, tel que calcul\u00e9 par la m\u00e9thode de calcul Hi \/ Lo, le gain du joueur augmente d'environ 0,5% en consid\u00e9rant un jeu moyen de Blackjack.<\/b> Si le casino a un gain de 0,40% sur la base de la strat\u00e9gie du joueur (6 maigres, un double pour chaque carte initiale, un double accept\u00e9 apr\u00e8s la division, le croupier fermant avec A-6), il est n\u00e9cessaire d'avoir un compte r\u00e9el de 1 pour obtenir la \"parit\u00e9\" avec le casino. Le fait d'\u00eatre \u00e0 \u00e9galit\u00e9 signifie que le joueur qui utilise la strat\u00e9gie de base correcte ne perdra pas autant que ce qu'il perdra - dans une longue p\u00e9riode - avec un vrai compte de 1. Un compte r\u00e9el de 2 donne au client un gain de 0,5% par rapport \u00e0 la banque ; un compte r\u00e9el de 3 donne un gain de 1% et ainsi de suite.<\/p>\n<p><b>L'avantage qu'un joueur a face aux cartes qui doivent encore \u00eatre distribu\u00e9es d\u00e9termine sa position.<\/b> Les entrepreneurs n'ach\u00e8tent qu'une petite quantit\u00e9 de leur capital pour chaque personne, car s'ils vincent pendant une longue p\u00e9riode, ils risquent de perdre chaque personne. En accordant une importance proportionnelle \u00e0 leur valeur (appel\u00e9e \"le principe de Kelly\"), ils augmentent leur potentiel et minimisent les risques. La plupart des gens interpr\u00e8tent le principe de Kelly de mani\u00e8re masculine, en croyant que l'importance de la somme \u00e0 d\u00e9penser est directement proportionnelle \u00e0 la valeur. Ils pensent que si vous avez un probl\u00e8me avec le 1%, vous devez alors mettre en \u00e9vidence le 1% de votre \"disponibilit\u00e9\" et que cela n'est pas correct. Ce qui n'est pas pris en compte, c'est la possibilit\u00e9 de radier, de diviser les copies qui sont des actions qui se v\u00e9rifient naturellement pendant le jeu et qui augmentent le risque ou la \"variante\" d'une main. Pour une variante de jeu avec les r\u00e8gles \u00e9num\u00e9r\u00e9es ci-dessus, la recommandation optimale est le 76% de la valeur du joueur. Voici un tableau des scores optimaux qui convient \u00e9galement \u00e0 la plupart des jeux avec plus de joueurs :<\/p>\n<table class=\"gbs-ctable\">\n<tbody>\n<tr>\n<td><b>Compte r\u00e9el<\/b><\/td>\n<td><b>Vantaggio<\/b><\/td>\n<td><b>% Scommessa Ottimale<\/b><\/td>\n<\/tr>\n<tr>\n<td>-1 o di meno<\/td>\n<td>-1.00% o di pi\u00f9<\/td>\n<td>0%<\/td>\n<\/tr>\n<tr>\n<td>0<\/td>\n<td>-0.50%<\/td>\n<td>0%<\/td>\n<\/tr>\n<tr>\n<td>1<\/td>\n<td>0%<\/td>\n<td>0%<\/td>\n<\/tr>\n<tr>\n<td>2<\/td>\n<td>0,5%x76%<\/td>\n<td>.38%<\/td>\n<\/tr>\n<tr>\n<td>3<\/td>\n<td>1.0%x76%<\/td>\n<td>.76%<\/td>\n<\/tr>\n<tr>\n<td>4<\/td>\n<td>1.5%x76%<\/td>\n<td>1.14%<\/td>\n<\/tr>\n<tr>\n<td>5<\/td>\n<td>2.0%x76%<\/td>\n<td>1.52%<\/td>\n<\/tr>\n<tr>\n<td>6<\/td>\n<td>2.5%x76%<\/td>\n<td>1.90%<\/td>\n<\/tr>\n<tr>\n<td>7<\/td>\n<td>3.0%x76%<\/td>\n<td>2.28%<\/td>\n<\/tr>\n<\/tbody>\n<\/table>\n<p>En utilisant ce tableau, vous pouvez calculer la somme optimale pour chaque budget ; il suffit de multiplier la valeur dans la derni\u00e8re colonne pour augmenter le budget. Ainsi, pour un budget de $3000, la commission optimale lorsque le nombre r\u00e9el est 2 est de 0,0038 X $3000 = $11,40.<\/p>\n<h3 class=\"gbs-heading\">Quelques consid\u00e9rations pratiques<\/h3>\n<p><b>En premier lieu, il n'est pas pratique d'utiliser des unit\u00e9s mineures de $1, car l'\u00e9lan de ces unit\u00e9s est alors interrompu par un d\u00e9calage. In secondo luogo, risulta pi\u00f9 appropriato scommettere in unit\u00e0 di $5 in questo modo assomiglierete al giocatore medio, inoltre ci\u00f2 ridurr\u00e0 il calcolo che \u00e8 necessario fare.<\/b> En plus de cela, il faut savoir qu'il est impossible d'effectuer des calculs sur votre score optimal lorsque vous \u00eates assis sur la table de jeu, m\u00eame si le budget varie au cours de la partie. En outre, il n'est pas possible de jouer uniquement lorsque le compte r\u00e9el est de 2 ou plus de 2 ; vous devez \u00e9galement proc\u00e9der \u00e0 des \u00e9changes lorsque la maison de jeu a une valeur pour vous. Tous ces probl\u00e8mes et le jeu avec les maigres n\u00e9gatifs diminuent votre pourcentage de r\u00e9ussite, mais conna\u00eetre les conditions qui peuvent vous co\u00fbter cher, c'est prendre des mesures pour minimiser l'impact sur vos clients.<\/p>\n<h3 class=\"gbs-heading\">Lo Scarto delle Scommesse<\/h3>\n<p><b>Le jeu d'un seul ch\u00e2teau qui a des r\u00e8gles d\u00e9centes et dans lequel trente cartes ou plus sont utilis\u00e9es avant une erreur peut \u00eatre battu avec une carte de 1 \u00e0 4.<\/b> Un jeu \u00e0 deux cartes dans lequel une ou plusieurs cartes sont utilis\u00e9es avant d'\u00eatre m\u00e9lang\u00e9es peut, \u00e0 lui seul, \u00eatre battu avec une carte de 1 \u00e0 6. Un jeu \u00e0 quatre cartes ou plus n\u00e9cessite une carte de 1 \u00e0 12 pour obtenir un gain. Nous parlerons de l'\u00e9valuation du type de jeu dans une prochaine le\u00e7on, mais j'ai voulu jeter les bases de la gestion de vos propres gains et vous donner une id\u00e9e de ce qu'il faut faire pour gagner au Blackjack. La carte est imprim\u00e9e en unit\u00e9s de commande, c'est-\u00e0-dire que si vous jouez avec les cartes de $5, vous disposerez d'une carte de $5 \u00e0 $60 si vous jouez avec deux cartes. Si un fournisseur doit disposer d'un budget d'environ 50 points de valeur maximale dans son budget, une carte de ce type n\u00e9cessitera un budget de $3000.<br \/>\nAvec un budget de $3000, la programmation des commandes se fera comme suit :<\/p>\n<table class=\"gbs-ctable\">\n<tbody>\n<tr>\n<td><b>Compte r\u00e9el<\/b><\/td>\n<td><b>Scommessa del Giocatore<\/b><\/td>\n<td><b>Scommessa Ottimale<\/b><\/td>\n<\/tr>\n<tr>\n<td>0 o di meno<\/td>\n<td>$5<\/td>\n<td>$0<\/td>\n<\/tr>\n<tr>\n<td>1<\/td>\n<td>$5<\/td>\n<td>$0<\/td>\n<\/tr>\n<tr>\n<td>2<\/td>\n<td>$10<\/td>\n<td>$11.20<\/td>\n<\/tr>\n<tr>\n<td>3<\/td>\n<td>$20<\/td>\n<td>$22.80<\/td>\n<\/tr>\n<tr>\n<td>4<\/td>\n<td>$40<\/td>\n<td>$34.20<\/td>\n<\/tr>\n<tr>\n<td>5<\/td>\n<td>$50<\/td>\n<td>$45.60<\/td>\n<\/tr>\n<tr>\n<td>6<\/td>\n<td>$60<\/td>\n<td>$57.00<\/td>\n<\/tr>\n<\/tbody>\n<\/table>\n<p>La programmation sur les seuils susmentionn\u00e9s permet d'augmenter les seuils de mani\u00e8re \u00e0 ce que le volume augmente, ce qui donne l'impression d'\u00eatre un v\u00e9ritable \"joueur d'\u00e9checs\".<\/p>\n<p><b>RISPARMIERETE MOLTI SOLDI ET TROVERETE SITUAZIONI PIU' VANTAGGIOSE SE LASCERETE IL TAVOLO QUANDO IL CONTEGGIO TRUE COUNT VA SOTTO -1. MAIS NE L\u00c2CHEZ QUE SI VOUS AVEZ PERDU UNE MAIN ; AUCUN JOUEUR DE TENNIS NE L\u00c8VERA UN TIROIR APR\u00c8S UNE VICTOIRE.<\/b><\/p>\n<p>Vous avez fait un peu de m\u00e9nage ? Si c'est le cas, ne vous pr\u00e9occupez pas du fait que, dans les prochains mois, nous confierons tout ce mat\u00e9riel dans un bel emballage facile \u00e0 manipuler. Come al solito fate i vostri compiti, e poi uscite.<\/p>\n<h3 class=\"gbs-heading\">Compensations pour la maison<\/h3>\n<p>Personne. Que diriez-vous d'une pause ?<\/p>","protected":false},"excerpt":{"rendered":"<p>Qualche parola sul Mazzo Singolo Nella lezione precedente, vi ho insegnato a calcolare il &#8220;true count&#8221; per un gioco con pi\u00f9 mazzi, ma intendo sottolineare che il concetto di true count si applica anche ai giochi con un solo mazzo. La conversione si f\u00e0 un po&#8217; differentemente, ma il risultato \u00e8 lo stesso; terminerete sempre [&hellip;]<\/p>\n","protected":false},"author":4,"featured_media":0,"parent":2715,"menu_order":0,"comment_status":"open","ping_status":"open","template":"page-blacjack-school-it.php","meta":{"_acf_changed":false,"footnotes":""},"tags":[],"class_list":["post-2769","page","type-page","status-publish","hentry"],"acf":[],"yoast_head":"<!-- This site is optimized with the Yoast SEO plugin v26.6 - https:\/\/yoast.com\/wordpress\/plugins\/seo\/ -->\n<title>Lezione 8 - Gestione dei Soldi - Parte 2<\/title>\n<meta name=\"description\" content=\"Qualche parola sul Mazzo Singolo Nella lezione precedente, vi ho insegnato a calcolare il &quot;true count&quot; per un gioco con pi\u00f9 mazzi, ma intendo sottolineare\" \/>\n<meta name=\"robots\" content=\"index, follow, max-snippet:-1, max-image-preview:large, max-video-preview:-1\" \/>\n<link rel=\"canonical\" href=\"https:\/\/www.blackjackinfo.com\/fr\/ecole-de-blackjack\/lecon-08-gestion-de-largent-partie-2\/\" \/>\n<meta property=\"og:locale\" content=\"fr_FR\" \/>\n<meta property=\"og:type\" content=\"article\" \/>\n<meta property=\"og:title\" content=\"Lezione 8 - Gestione dei Soldi - Parte 2\" \/>\n<meta property=\"og:description\" content=\"Qualche parola sul Mazzo Singolo Nella lezione precedente, vi ho insegnato a calcolare il &quot;true count&quot; per un gioco con pi\u00f9 mazzi, ma intendo sottolineare\" \/>\n<meta property=\"og:url\" content=\"https:\/\/www.blackjackinfo.com\/fr\/ecole-de-blackjack\/lecon-08-gestion-de-largent-partie-2\/\" \/>\n<meta property=\"og:site_name\" content=\"BlackjackInfo.com\" \/>\n<meta property=\"article:modified_time\" content=\"2018-04-18T07:07:14+00:00\" \/>\n<meta name=\"twitter:label1\" content=\"Dur\u00e9e de lecture estim\u00e9e\" \/>\n\t<meta name=\"twitter:data1\" content=\"5 minutes\" \/>\n<script type=\"application\/ld+json\" class=\"yoast-schema-graph\">{\"@context\":\"https:\/\/schema.org\",\"@graph\":[{\"@type\":\"WebPage\",\"@id\":\"https:\/\/www.blackjackinfo.com\/blackjack-school\/lesson-08-money-management-part-2\/\",\"url\":\"https:\/\/www.blackjackinfo.com\/blackjack-school\/lesson-08-money-management-part-2\/\",\"name\":\"Lezione 8 - Gestione dei Soldi - Parte 2\",\"isPartOf\":{\"@id\":\"https:\/\/www.blackjackinfo.com\/#website\"},\"datePublished\":\"2017-03-13T02:11:45+00:00\",\"dateModified\":\"2018-04-18T07:07:14+00:00\",\"description\":\"Qualche parola sul Mazzo Singolo Nella lezione precedente, vi ho insegnato a calcolare il \\\"true count\\\" per un gioco con pi\u00f9 mazzi, ma intendo sottolineare\",\"breadcrumb\":{\"@id\":\"https:\/\/www.blackjackinfo.com\/blackjack-school\/lesson-08-money-management-part-2\/#breadcrumb\"},\"inLanguage\":\"fr-FR\",\"potentialAction\":[{\"@type\":\"ReadAction\",\"target\":[\"https:\/\/www.blackjackinfo.com\/blackjack-school\/lesson-08-money-management-part-2\/\"]}]},{\"@type\":\"BreadcrumbList\",\"@id\":\"https:\/\/www.blackjackinfo.com\/blackjack-school\/lesson-08-money-management-part-2\/#breadcrumb\",\"itemListElement\":[{\"@type\":\"ListItem\",\"position\":1,\"name\":\"Home\",\"item\":\"https:\/\/www.blackjackinfo.com\/\"},{\"@type\":\"ListItem\",\"position\":2,\"name\":\"La Scuola di Blackjack di GameMaster\",\"item\":\"https:\/\/www.it.blackjackinfo.com\/scuola-di-blackjack\/\"},{\"@type\":\"ListItem\",\"position\":3,\"name\":\"Lezione 8 &#8211; Gestione dei Soldi &#8211; Parte 2\"}]},{\"@type\":\"WebSite\",\"@id\":\"https:\/\/www.blackjackinfo.com\/#website\",\"url\":\"https:\/\/www.blackjackinfo.com\/\",\"name\":\"BlackjackInfo.com\",\"description\":\"Because Winning is More Fun!\",\"potentialAction\":[{\"@type\":\"SearchAction\",\"target\":{\"@type\":\"EntryPoint\",\"urlTemplate\":\"https:\/\/www.blackjackinfo.com\/?s={search_term_string}\"},\"query-input\":{\"@type\":\"PropertyValueSpecification\",\"valueRequired\":true,\"valueName\":\"search_term_string\"}}],\"inLanguage\":\"fr-FR\"}]}<\/script>\n<!-- \/ Yoast SEO plugin. -->","yoast_head_json":{"title":"Lezione 8 - Gestion des soldats - Parte 2","description":"Quelques mots sur Mazzo Singolo Dans la le\u00e7on pr\u00e9c\u00e9dente, j'ai appris \u00e0 calculer le \"nombre r\u00e9el\" pour un jeu avec plusieurs joueurs, mais j'avais l'intention de m'en tenir \u00e0 l'essentiel.","robots":{"index":"index","follow":"follow","max-snippet":"max-snippet:-1","max-image-preview":"max-image-preview:large","max-video-preview":"max-video-preview:-1"},"canonical":"https:\/\/www.blackjackinfo.com\/fr\/ecole-de-blackjack\/lecon-08-gestion-de-largent-partie-2\/","og_locale":"fr_FR","og_type":"article","og_title":"Lezione 8 - Gestione dei Soldi - Parte 2","og_description":"Qualche parola sul Mazzo Singolo Nella lezione precedente, vi ho insegnato a calcolare il \"true count\" per un gioco con pi\u00f9 mazzi, ma intendo sottolineare","og_url":"https:\/\/www.blackjackinfo.com\/fr\/ecole-de-blackjack\/lecon-08-gestion-de-largent-partie-2\/","og_site_name":"BlackjackInfo.com","article_modified_time":"2018-04-18T07:07:14+00:00","twitter_misc":{"Dur\u00e9e de lecture estim\u00e9e":"5 minutes"},"schema":{"@context":"https:\/\/schema.org","@graph":[{"@type":"WebPage","@id":"https:\/\/www.blackjackinfo.com\/blackjack-school\/lesson-08-money-management-part-2\/","url":"https:\/\/www.blackjackinfo.com\/blackjack-school\/lesson-08-money-management-part-2\/","name":"Lezione 8 - Gestion des soldats - Parte 2","isPartOf":{"@id":"https:\/\/www.blackjackinfo.com\/#website"},"datePublished":"2017-03-13T02:11:45+00:00","dateModified":"2018-04-18T07:07:14+00:00","description":"Quelques mots sur Mazzo Singolo Dans la le\u00e7on pr\u00e9c\u00e9dente, j'ai appris \u00e0 calculer le \"nombre r\u00e9el\" pour un jeu avec plusieurs joueurs, mais j'avais l'intention de m'en tenir \u00e0 l'essentiel.","breadcrumb":{"@id":"https:\/\/www.blackjackinfo.com\/blackjack-school\/lesson-08-money-management-part-2\/#breadcrumb"},"inLanguage":"fr-FR","potentialAction":[{"@type":"ReadAction","target":["https:\/\/www.blackjackinfo.com\/blackjack-school\/lesson-08-money-management-part-2\/"]}]},{"@type":"BreadcrumbList","@id":"https:\/\/www.blackjackinfo.com\/blackjack-school\/lesson-08-money-management-part-2\/#breadcrumb","itemListElement":[{"@type":"ListItem","position":1,"name":"Home","item":"https:\/\/www.blackjackinfo.com\/"},{"@type":"ListItem","position":2,"name":"La Scuola di Blackjack di GameMaster","item":"https:\/\/www.it.blackjackinfo.com\/scuola-di-blackjack\/"},{"@type":"ListItem","position":3,"name":"Lezione 8 &#8211; Gestione dei Soldi &#8211; Parte 2"}]},{"@type":"WebSite","@id":"https:\/\/www.blackjackinfo.com\/#website","url":"https:\/\/www.blackjackinfo.com\/","name":"BlackjackInfo.com","description":"Parce que gagner, c'est plus amusant !","potentialAction":[{"@type":"SearchAction","target":{"@type":"EntryPoint","urlTemplate":"https:\/\/www.blackjackinfo.com\/?s={search_term_string}"},"query-input":{"@type":"PropertyValueSpecification","valueRequired":true,"valueName":"search_term_string"}}],"inLanguage":"fr-FR"}]}},"_links":{"self":[{"href":"https:\/\/www.blackjackinfo.com\/fr\/wp-json\/wp\/v2\/pages\/2769","targetHints":{"allow":["GET"]}}],"collection":[{"href":"https:\/\/www.blackjackinfo.com\/fr\/wp-json\/wp\/v2\/pages"}],"about":[{"href":"https:\/\/www.blackjackinfo.com\/fr\/wp-json\/wp\/v2\/types\/page"}],"author":[{"embeddable":true,"href":"https:\/\/www.blackjackinfo.com\/fr\/wp-json\/wp\/v2\/users\/4"}],"replies":[{"embeddable":true,"href":"https:\/\/www.blackjackinfo.com\/fr\/wp-json\/wp\/v2\/comments?post=2769"}],"version-history":[{"count":2,"href":"https:\/\/www.blackjackinfo.com\/fr\/wp-json\/wp\/v2\/pages\/2769\/revisions"}],"predecessor-version":[{"id":2771,"href":"https:\/\/www.blackjackinfo.com\/fr\/wp-json\/wp\/v2\/pages\/2769\/revisions\/2771"}],"up":[{"embeddable":true,"href":"https:\/\/www.blackjackinfo.com\/fr\/wp-json\/wp\/v2\/pages\/2715"}],"wp:attachment":[{"href":"https:\/\/www.blackjackinfo.com\/fr\/wp-json\/wp\/v2\/media?parent=2769"}],"wp:term":[{"taxonomy":"post_tag","embeddable":true,"href":"https:\/\/www.blackjackinfo.com\/fr\/wp-json\/wp\/v2\/tags?post=2769"}],"curies":[{"name":"wp","href":"https:\/\/api.w.org\/{rel}","templated":true}]}}