{"id":2772,"date":"2017-03-12T21:26:18","date_gmt":"2017-03-13T02:26:18","guid":{"rendered":"https:\/\/www.blackjackinfo.com\/?page_id=2772\/"},"modified":"2018-04-18T02:07:14","modified_gmt":"2018-04-18T07:07:14","slug":"lezione-9-gestione-dei-soldi-parte-3","status":"publish","type":"page","link":"https:\/\/www.blackjackinfo.com\/fr\/scuola-di-blackjack\/lezione-9-gestione-dei-soldi-parte-3\/","title":{"rendered":"Lezione 9 - Gestion des soldats - Parte 3"},"content":{"rendered":"<h3 class=\"gbs-heading\">Aspettativa e Deviazione Standard<\/h3>\n<p class=\"intro\">Si vous tirez \u00e0 l'arc une somme d'argent 100 fois, vous pouvez la tirer. <b>aspetterete<\/b> de trouver 50 fois un test et 50 fois une croix. Mais la r\u00e9alit\u00e9 pourrait \u00eatre diff\u00e9rente ; la confusion de cette r\u00e9alit\u00e9 est appel\u00e9e \"d\u00e9viation standard\".<\/p>\n<p><b>La d\u00e9viation standard est un terme math\u00e9matique utilis\u00e9 pour pr\u00e9dire le r\u00e9sultat d'une situation.<\/b> Lors du lancement pr\u00e9c\u00e9dent de la moneta, nous avions pr\u00e9vu de v\u00e9rifier 50 fois le test et 50 fois le crochet, mais pour deux tiers du temps, le r\u00e9sultat r\u00e9el sera compris entre 45 et 55 dans tous les cas. Par cons\u00e9quent, un r\u00e9sultat de 55 essais et 45 croisements, ou dans cet intervalle, n'est pas rare ; il s'\u00e9l\u00e8ve donc \u00e0 68,3% delle volte. Cette erreur \u00e9quivaut \u00e0 une d\u00e9viation standard par rapport \u00e0 notre pr\u00e9vision, c'est-\u00e0-dire que si nous ne disposons que de quelques centaines de \"preuves\" consistantes dans le cadre d'un tirage de 100 voltes de la monnaie, nous pourrions comparer nos r\u00e9sultats \u00e0 une courbe de campagne dans laquelle la plus grande partie des r\u00e9sultats se situerait entre 55 et 45 dans tous les cas. Ce qui risque d'\u00eatre difficile, c'est d'avoir de nombreuses preuves que le r\u00e9sultat est effectivement 50-50 ! Vous avez compris ? Oui. Vous avez besoin de ma\u00eetriser ce concept de mani\u00e8re \u00e0 \u00e9viter l'angoisse qui se produit lorsque l'on v\u00e9rifie les pertes qui, dans ce jeu, sont in\u00e9vitables.<\/p>\n<p><b>Il n'y a rien qui ait caus\u00e9 plus d'abus de la part des joueurs de Blackjack que la mauvaise compr\u00e9hension de la v\u00e9rification normale de la d\u00e9viation standard.<\/b> Les personnes qui poss\u00e8dent les cartes et qui les utilisent durablement aspirent de mani\u00e8re irr\u00e9aliste \u00e0 gagner chaque fois qu'elles jouent, ce qui fait que lorsqu'elles perdent diverses fois, elles se rendent compte de ce qu'elles ont gagn\u00e9. Si, par la suite, vous vous obstinez \u00e0 d\u00e9passer vos disponibilit\u00e9s et \u00e0 jouer avec vos mains quand vous les laissez tomber, vous n'avez plus rien \u00e0 perdre.<\/p>\n<h3 class=\"gbs-heading\">LA PAZIENZA E L'ABILITA' CI FANNO VINCERE - LE IMPRESSIONI E LE SPERANZE NON CI FANNO VINCERE. LES RECETTES NE FONCTIONNENT PAS AVEC LE BLACKJACK.<\/h3>\n<p><b>Enfin, quelles sont vos attentes - quelle est la meilleure chose qui puisse vous aider ?<\/b> Si vous stabilisez un budget d'environ 50 euros, en jouant correctement la strat\u00e9gie de base toutes les fois et en ne d\u00e9passant pas la limite, vous aurez de tr\u00e8s bonnes possibilit\u00e9s de gagner de l'argent au Blackjack - si le jeu dans le casino que vous fr\u00e9quentez est un jeu qui peut \u00eatre battu. Avez-vous d\u00e9j\u00e0 dit que c'\u00e9tait facile ?<\/p>\n<p><b>Le tableau ci-dessous pr\u00e9sente les r\u00e9sultats possibles, en fonction du nombre d'heures de jeu, pour un jeu \u00e9questre.<\/b> Dans le cadre des pr\u00e9visions, les r\u00e9sultats possibles en dollars sont indiqu\u00e9s pour une d\u00e9viation standard (68,3% de vol\u00e9e) et deux d\u00e9viations standard qui correspondent aux cas pour 95% de vol\u00e9e. Tre deviazioni standard coprono i casi per il 99.7% delle volte.<\/p>\n<hr \/>\n<p class=\"ctr\"><b>Vincite Previste \/ Deviazione Standard<\/b><br \/>\nIpotesi : $12 pour les m\u00e9dias, 50 hommes par jour,<br \/>\nla valeur des m\u00e9dias est de 1,25%.<\/p>\n<table class=\"gbs-ctable\">\n<caption>\u00a0<\/caption>\n<tbody>\n<tr>\n<th><\/th>\n<th><\/th>\n<th colspan=\"2\" align=\"center\">R\u00e9sultats<\/th>\n<\/tr>\n<tr>\n<th>Durata<\/th>\n<th>Vincite Previste<\/th>\n<th>68.3% delle volte<\/th>\n<th>95% delle volte<\/th>\n<\/tr>\n<tr>\n<td>3 minerais<\/td>\n<td>$22.50<\/td>\n<td>+$191 \u00e0 -$147<\/td>\n<td>+$360 \u00e0 -$316<\/td>\n<\/tr>\n<tr>\n<td>12 minerai<\/td>\n<td>$90.00<\/td>\n<td>+$428 \u00e0 -$248<\/td>\n<td>+$766 \u00e0 -$586<\/td>\n<\/tr>\n<tr>\n<td>48 minerais<\/td>\n<td>$360.00<\/td>\n<td>+$1,036 \u00e0 -$316<\/td>\n<td>+$1,710 \u00e0 -$992<\/td>\n<\/tr>\n<tr>\n<td>90 minerais<\/td>\n<td>$675.00<\/td>\n<td>+$1,600 \u00e0 -$250<\/td>\n<td>+$2,525 \u00e0 -$1,175<\/td>\n<\/tr>\n<\/tbody>\n<\/table>\n<hr \/>\n<p><b>Parlons un peu de cela. Si vous jouez diverses centaines de \"sessions\" de 3 heures chacune, le co\u00fbt moyen de ces sessions est de $22,50 environ.<\/b> (Ceci est d\u00fb au fait que nous utilisons un intervalle de commutation entre $5 et $60 qui a d\u00e9j\u00e0 \u00e9t\u00e9 discut\u00e9 dans les le\u00e7ons pr\u00e9c\u00e9dentes). Certaines sessions ne permettent pas d'atteindre le niveau de $22.50 ; environ les deux derni\u00e8res sessions se situent entre une victoire de $191 et une d\u00e9faite de $147. La plupart des sessions restantes pourraient \u00eatre des sessions sup\u00e9rieures \u00e0 $360 ou des sessions plus longues que $316, et certaines d'entre elles sont les plus longues de ces sessions ! Avez-vous d\u00e9j\u00e0 pens\u00e9 qu'il fallait un budget de $3000 pour conserver une part du march\u00e9 entre $5 et $60 ? Pour \u00eatre efficace, il faut \u00eatre en mesure d'absorber les pertes qui sont souvent les m\u00eames que celles auxquelles on s'attend. Ces pertes sont r\u00e9elles ; elles se produisent une fois ou l'autre et si vous n'\u00eates pas pr\u00e9par\u00e9, vous commencerez \u00e0 ressentir de la frustration et \u00e0 perdre votre calme tout en r\u00e9duisant votre budget.<\/p>\n<p><b>Gardez les r\u00e9sultats pour 90 heures de jeu. La plupart d'entre vous sont - dans la plus petite des situations - sur le point d'atteindre la parit\u00e9 apr\u00e8s plusieurs heures.<\/b> Certains d'entre vous se trouvent parmi les $2500, mais d'autres pourraient se trouver parmi les $1175 ou m\u00eame plus loin. Ragazzi, dans ce cas, je ne veux pas conna\u00eetre le nom avec lequel vous avez identifi\u00e9 le vieux GameMaster ! Ma pu\u00f2 succedere e se capita non potr\u00e0 considerarsi raro, quindi chiedetevi fin d'ora se siete in grado di giocare in maniera disciplinata per 90 ore, stando ancora in perdita e continuando a giocare e scommettere come vi ho insegnato. C'est triste \u00e0 dire, mais beaucoup d'entre vous ne sont pas en mesure de le supporter et deviennent une autre victime de la d\u00e9viance standard. C'est pourquoi je ne crains pas que les casinos tombent en panne, m\u00eame si tous les joueurs du monde poss\u00e8dent les cartes - certains n'ont pas la possibilit\u00e9 de continuer ainsi jusqu'\u00e0 la fin. Je ne veux pas \u00eatre trop n\u00e9gatif, mais c'est la r\u00e9alit\u00e9. Cependant, si vous suivez ce que je vous ai enseign\u00e9, les pourcentages jusqu'\u00e0 la fin commenceront \u00e0 changer en votre faveur. Comme je l'ai dit tout seul \u00e0 mes \u00e9tudiants, \"i soldi arrivano a 'pezzi' nel Blackjack\". Il ne s'agit pas d'un moyen lent et co\u00fbteux de gagner de l'argent ; votre budget est souvent comparable \u00e0 celui des montagnes russes et il sera difficile de le g\u00e9rer si vous l'affrontez d'un point de vue \u00e9motionnel.<\/p>\n<p><b>Apprenez \u00e0 comprendre le concept de d\u00e9viation standard et continuez \u00e0 \"calibrer\" vos yeux en faisant des exercices pour la stimulation de ces maux.<\/b> Comme je l'ai dit pr\u00e9c\u00e9demment, il faut \u00eatre pr\u00e9cis avec une marge d'erreur d'un demi-million pour calculer le nombre r\u00e9el.<\/p>","protected":false},"excerpt":{"rendered":"<p>Aspettativa e Deviazione Standard Se tirate in aria una moneta 100 volte, vi aspetterete di trovare 50 volte testa e 50 volte croce. Ma la realt\u00e0 potrebbe essere differente; la misura di questa realt\u00e0 viene chiamata &#8220;deviazione standard&#8221;. La Deviazione Standard \u00e8 un termine matematico usato per predire il risultato di una situazione. Nel lancio [&hellip;]<\/p>\n","protected":false},"author":4,"featured_media":0,"parent":2715,"menu_order":0,"comment_status":"open","ping_status":"open","template":"page-blacjack-school-it.php","meta":{"_acf_changed":false,"footnotes":""},"tags":[],"class_list":["post-2772","page","type-page","status-publish","hentry"],"acf":[],"yoast_head":"<!-- This site is optimized with the Yoast SEO plugin v26.6 - https:\/\/yoast.com\/wordpress\/plugins\/seo\/ -->\n<title>Lezione 9 - Gestione dei Soldi - Parte 3<\/title>\n<meta name=\"description\" content=\"Aspettativa e Deviazione Standard Se tirate in aria una moneta 100 volte, vi aspetterete di trovare 50 volte testa e 50 volte croce. Ma la realt\u00e0 potrebbe\" \/>\n<meta name=\"robots\" content=\"index, follow, max-snippet:-1, max-image-preview:large, max-video-preview:-1\" \/>\n<link rel=\"canonical\" href=\"https:\/\/www.blackjackinfo.com\/fr\/ecole-de-blackjack\/lecon-09-gestion-de-largent-partie-3\/\" \/>\n<meta property=\"og:locale\" content=\"fr_FR\" \/>\n<meta property=\"og:type\" content=\"article\" \/>\n<meta property=\"og:title\" content=\"Lezione 9 - Gestione dei Soldi - Parte 3\" \/>\n<meta property=\"og:description\" content=\"Aspettativa e Deviazione Standard Se tirate in aria una moneta 100 volte, vi aspetterete di trovare 50 volte testa e 50 volte croce. Ma la realt\u00e0 potrebbe\" \/>\n<meta property=\"og:url\" content=\"https:\/\/www.blackjackinfo.com\/fr\/ecole-de-blackjack\/lecon-09-gestion-de-largent-partie-3\/\" \/>\n<meta property=\"og:site_name\" content=\"BlackjackInfo.com\" \/>\n<meta property=\"article:modified_time\" content=\"2018-04-18T07:07:14+00:00\" \/>\n<meta name=\"twitter:label1\" content=\"Dur\u00e9e de lecture estim\u00e9e\" \/>\n\t<meta name=\"twitter:data1\" content=\"4 minutes\" \/>\n<script type=\"application\/ld+json\" class=\"yoast-schema-graph\">{\"@context\":\"https:\/\/schema.org\",\"@graph\":[{\"@type\":\"WebPage\",\"@id\":\"https:\/\/www.blackjackinfo.com\/blackjack-school\/lesson-09-money-management-part-3\/\",\"url\":\"https:\/\/www.blackjackinfo.com\/blackjack-school\/lesson-09-money-management-part-3\/\",\"name\":\"Lezione 9 - Gestione dei Soldi - Parte 3\",\"isPartOf\":{\"@id\":\"https:\/\/www.blackjackinfo.com\/#website\"},\"datePublished\":\"2017-03-13T02:26:18+00:00\",\"dateModified\":\"2018-04-18T07:07:14+00:00\",\"description\":\"Aspettativa e Deviazione Standard Se tirate in aria una moneta 100 volte, vi aspetterete di trovare 50 volte testa e 50 volte croce. Ma la realt\u00e0 potrebbe\",\"breadcrumb\":{\"@id\":\"https:\/\/www.blackjackinfo.com\/blackjack-school\/lesson-09-money-management-part-3\/#breadcrumb\"},\"inLanguage\":\"fr-FR\",\"potentialAction\":[{\"@type\":\"ReadAction\",\"target\":[\"https:\/\/www.blackjackinfo.com\/blackjack-school\/lesson-09-money-management-part-3\/\"]}]},{\"@type\":\"BreadcrumbList\",\"@id\":\"https:\/\/www.blackjackinfo.com\/blackjack-school\/lesson-09-money-management-part-3\/#breadcrumb\",\"itemListElement\":[{\"@type\":\"ListItem\",\"position\":1,\"name\":\"Home\",\"item\":\"https:\/\/www.blackjackinfo.com\/\"},{\"@type\":\"ListItem\",\"position\":2,\"name\":\"La Scuola di Blackjack di GameMaster\",\"item\":\"https:\/\/www.it.blackjackinfo.com\/scuola-di-blackjack\/\"},{\"@type\":\"ListItem\",\"position\":3,\"name\":\"Lezione 9 &#8211; Gestione dei Soldi &#8211; Parte 3\"}]},{\"@type\":\"WebSite\",\"@id\":\"https:\/\/www.blackjackinfo.com\/#website\",\"url\":\"https:\/\/www.blackjackinfo.com\/\",\"name\":\"BlackjackInfo.com\",\"description\":\"Because Winning is More Fun!\",\"potentialAction\":[{\"@type\":\"SearchAction\",\"target\":{\"@type\":\"EntryPoint\",\"urlTemplate\":\"https:\/\/www.blackjackinfo.com\/?s={search_term_string}\"},\"query-input\":{\"@type\":\"PropertyValueSpecification\",\"valueRequired\":true,\"valueName\":\"search_term_string\"}}],\"inLanguage\":\"fr-FR\"}]}<\/script>\n<!-- \/ Yoast SEO plugin. -->","yoast_head_json":{"title":"Lezione 9 - Gestion des soldats - Parte 3","description":"Aspettativa e Deviazione Standard Si vous tirez \u00e0 l'arc une monnaie de 100 voltes, vous pensez trouver 50 voltes de test et 50 voltes de croche. Mais la r\u00e9alit\u00e9 pourrait \u00eatre","robots":{"index":"index","follow":"follow","max-snippet":"max-snippet:-1","max-image-preview":"max-image-preview:large","max-video-preview":"max-video-preview:-1"},"canonical":"https:\/\/www.blackjackinfo.com\/fr\/ecole-de-blackjack\/lecon-09-gestion-de-largent-partie-3\/","og_locale":"fr_FR","og_type":"article","og_title":"Lezione 9 - Gestione dei Soldi - Parte 3","og_description":"Aspettativa e Deviazione Standard Se tirate in aria una moneta 100 volte, vi aspetterete di trovare 50 volte testa e 50 volte croce. Ma la realt\u00e0 potrebbe","og_url":"https:\/\/www.blackjackinfo.com\/fr\/ecole-de-blackjack\/lecon-09-gestion-de-largent-partie-3\/","og_site_name":"BlackjackInfo.com","article_modified_time":"2018-04-18T07:07:14+00:00","twitter_misc":{"Dur\u00e9e de lecture estim\u00e9e":"4 minutes"},"schema":{"@context":"https:\/\/schema.org","@graph":[{"@type":"WebPage","@id":"https:\/\/www.blackjackinfo.com\/blackjack-school\/lesson-09-money-management-part-3\/","url":"https:\/\/www.blackjackinfo.com\/blackjack-school\/lesson-09-money-management-part-3\/","name":"Lezione 9 - Gestion des soldats - Parte 3","isPartOf":{"@id":"https:\/\/www.blackjackinfo.com\/#website"},"datePublished":"2017-03-13T02:26:18+00:00","dateModified":"2018-04-18T07:07:14+00:00","description":"Aspettativa e Deviazione Standard Si vous tirez \u00e0 l'arc une monnaie de 100 voltes, vous pensez trouver 50 voltes de test et 50 voltes de croche. Mais la r\u00e9alit\u00e9 pourrait \u00eatre","breadcrumb":{"@id":"https:\/\/www.blackjackinfo.com\/blackjack-school\/lesson-09-money-management-part-3\/#breadcrumb"},"inLanguage":"fr-FR","potentialAction":[{"@type":"ReadAction","target":["https:\/\/www.blackjackinfo.com\/blackjack-school\/lesson-09-money-management-part-3\/"]}]},{"@type":"BreadcrumbList","@id":"https:\/\/www.blackjackinfo.com\/blackjack-school\/lesson-09-money-management-part-3\/#breadcrumb","itemListElement":[{"@type":"ListItem","position":1,"name":"Home","item":"https:\/\/www.blackjackinfo.com\/"},{"@type":"ListItem","position":2,"name":"La Scuola di Blackjack di GameMaster","item":"https:\/\/www.it.blackjackinfo.com\/scuola-di-blackjack\/"},{"@type":"ListItem","position":3,"name":"Lezione 9 &#8211; Gestione dei Soldi &#8211; Parte 3"}]},{"@type":"WebSite","@id":"https:\/\/www.blackjackinfo.com\/#website","url":"https:\/\/www.blackjackinfo.com\/","name":"BlackjackInfo.com","description":"Parce que gagner, c'est plus amusant !","potentialAction":[{"@type":"SearchAction","target":{"@type":"EntryPoint","urlTemplate":"https:\/\/www.blackjackinfo.com\/?s={search_term_string}"},"query-input":{"@type":"PropertyValueSpecification","valueRequired":true,"valueName":"search_term_string"}}],"inLanguage":"fr-FR"}]}},"_links":{"self":[{"href":"https:\/\/www.blackjackinfo.com\/fr\/wp-json\/wp\/v2\/pages\/2772","targetHints":{"allow":["GET"]}}],"collection":[{"href":"https:\/\/www.blackjackinfo.com\/fr\/wp-json\/wp\/v2\/pages"}],"about":[{"href":"https:\/\/www.blackjackinfo.com\/fr\/wp-json\/wp\/v2\/types\/page"}],"author":[{"embeddable":true,"href":"https:\/\/www.blackjackinfo.com\/fr\/wp-json\/wp\/v2\/users\/4"}],"replies":[{"embeddable":true,"href":"https:\/\/www.blackjackinfo.com\/fr\/wp-json\/wp\/v2\/comments?post=2772"}],"version-history":[{"count":1,"href":"https:\/\/www.blackjackinfo.com\/fr\/wp-json\/wp\/v2\/pages\/2772\/revisions"}],"predecessor-version":[{"id":2773,"href":"https:\/\/www.blackjackinfo.com\/fr\/wp-json\/wp\/v2\/pages\/2772\/revisions\/2773"}],"up":[{"embeddable":true,"href":"https:\/\/www.blackjackinfo.com\/fr\/wp-json\/wp\/v2\/pages\/2715"}],"wp:attachment":[{"href":"https:\/\/www.blackjackinfo.com\/fr\/wp-json\/wp\/v2\/media?parent=2772"}],"wp:term":[{"taxonomy":"post_tag","embeddable":true,"href":"https:\/\/www.blackjackinfo.com\/fr\/wp-json\/wp\/v2\/tags?post=2772"}],"curies":[{"name":"wp","href":"https:\/\/api.w.org\/{rel}","templated":true}]}}