{"id":2776,"date":"2017-03-12T21:41:15","date_gmt":"2017-03-13T02:41:15","guid":{"rendered":"https:\/\/www.blackjackinfo.com\/?page_id=2776\/"},"modified":"2018-04-18T02:07:13","modified_gmt":"2018-04-18T07:07:13","slug":"lezione-11-valutazione-dei-giochi","status":"publish","type":"page","link":"https:\/\/www.blackjackinfo.com\/fr\/scuola-di-blackjack\/lezione-11-valutazione-dei-giochi\/","title":{"rendered":"Lezione 11 - Valutazione dei Giochi"},"content":{"rendered":"<p class=\"intro\"><b>M\u00eame si tous les jeux de Blackjack peuvent \u00eatre d\u00e9finitivement bons, la r\u00e9compense que vous obtenez dans des situations marginales peut ne pas \u00eatre \u00e0 la hauteur du temps et du risque encourus.<\/b> Il faut donc \u00e9valuer un jeu de diff\u00e9rentes mani\u00e8res avant de le jouer. Les deux principaux domaines d'int\u00e9r\u00eat sont les r\u00e8gles du jeu, y compris le nombre de cartes utilis\u00e9es et le positionnement de la carte de s\u00e9paration que nous appelons \"p\u00e9n\u00e9tration\".<\/p>\n<p>Le changement des r\u00e8gles exige un changement de la strat\u00e9gie de base, et il n'y a donc pas de diff\u00e9rence entre la strat\u00e9gie de base et celle de l'Union europ\u00e9enne. <a href=\"https:\/\/www.blackjackinfo.com\/it\/bjbse.php\">\"Calcolatore de la base strat\u00e9gique\"<\/a>. Les modifications des r\u00e8gles peuvent avoir une incidence sur la classification des produits.<\/p>\n<h3 class=\"gbs-heading\">Effetti della Variazione delle Regole sul Vantaggio del Giocatore<\/h3>\n<p>(Supposons que nous jouions avec 6 joueurs, que la division soit consentie pour les deux premi\u00e8res cartes, que la division ne soit pas consentie, que la division des coppies soit consentie, que les Assi soient inclus, que l'assurance soit disponible et que le banc soit ferm\u00e9 avec un Asso-6. Cela donne un avantage de -0,54% pour le joueur).<\/p>\n<table class=\"gbs-ctable\">\n<tbody>\n<tr>\n<th>Des changements qui aident le joueur<\/th>\n<th>Changements de probabilit\u00e9<\/th>\n<\/tr>\n<tr>\n<td>Raddoppio dopo divisione concesso<\/td>\n<td>+.14%<\/td>\n<\/tr>\n<tr>\n<td>Ridivisioni Assi<\/td>\n<td>+.07%<\/td>\n<\/tr>\n<tr>\n<td>R\u00e9serves anticip\u00e9es par rapport \u00e0 l'ensemble<\/td>\n<td>+.70%<\/td>\n<\/tr>\n<tr>\n<td>Resa anticipata vs 10<\/td>\n<td>+.30%<\/td>\n<\/tr>\n<tr>\n<td>R\u00e9sa posticipata<\/td>\n<td>+.08%<\/td>\n<\/tr>\n<tr>\n<td>Un Solo Mazzo<\/td>\n<td>+.50%<\/td>\n<\/tr>\n<tr>\n<td>Due Mazzi<\/td>\n<td>+.20%<\/td>\n<\/tr>\n<tr>\n<td>Quattro Mazzi<\/td>\n<td>+.05%<\/td>\n<\/tr>\n<\/tbody>\n<\/table>\n<table class=\"gbs-ctable\">\n<tbody>\n<tr>\n<th>Les changements qui affectent le joueur<\/th>\n<th>Changements de probabilit\u00e9<\/th>\n<\/tr>\n<tr>\n<td>Banco tira con un A-6<\/td>\n<td>-.20%<\/td>\n<\/tr>\n<tr>\n<td>Raddoppio Solo con 11<\/td>\n<td>-.46%<\/td>\n<\/tr>\n<tr>\n<td>Raddoppio Solo con 10,11<\/td>\n<td>-.09%<\/td>\n<\/tr>\n<tr>\n<td>Raddoppio Solo con 9,10,11<\/td>\n<td>-.09%<\/td>\n<\/tr>\n<tr>\n<td>Aucune divulgation d'informations sur les enfants<\/td>\n<td>-.04%<\/td>\n<\/tr>\n<tr>\n<td>Aucune assurance (si la carte est contenue)<\/td>\n<td>-.40%<\/td>\n<\/tr>\n<\/tbody>\n<\/table>\n<p><b>Pour d\u00e9terminer la valeur du casino par rapport \u00e0 vous au d\u00e9but de la partie, il suffit d'ajouter ou de supprimer la variation des prix par rapport au jeu \"de base\" indiqu\u00e9 ci-dessus.<\/b> Par exemple, si vous jouez avec deux jeux avec les m\u00eames r\u00e8gles du jeu de base ci-dessus, la valeur du casino est calcul\u00e9e comme suit.<\/p>\n<div class=\"ctr\">\n<p class=\"gbs-big\">Base Gioco -.54%<br \/>\nDue Mazzi +.20%<br \/>\n_____________________<br \/>\nVantaggio del Giocatore -.34%<\/p>\n<h3 class=\"gbs-heading\">Effetti della Penetrazione del Mazzo<\/h3>\n<p><b>Le fait que le croupier distribue \u00e0 tout moment les cartes du mazzo(i) avant de les jouer peut avoir un grand effet sur vos chances.<\/b> La r\u00e9ponse r\u00e9side dans le fait qu'avec une p\u00e9n\u00e9tration peu profonde, les cong\u00e9s \"importants\" qui permettent d'obtenir plus de r\u00e9sultats se v\u00e9rifient moins dans les cas o\u00f9 l'erreur se produit rapidement. Le tableau ci-dessous montre en pourcentage la fr\u00e9quence \u00e0 laquelle les r\u00e9sultats sont obtenus en fonction du degr\u00e9 de p\u00e9n\u00e9tration.<\/p>\n<table class=\"gbs-ctable\">\n<tbody>\n<tr>\n<th colspan=\"6\">Fr\u00e9quence Pourcentage par...<\/th>\n<\/tr>\n<tr>\n<td>Compte r\u00e9el<\/td>\n<td>50%<\/td>\n<td>65%<\/td>\n<td>75%<\/td>\n<td>85% penetrazione<\/td>\n<\/tr>\n<tr>\n<td>+1<\/td>\n<td>15<\/td>\n<td>15<\/td>\n<td>13<\/td>\n<td>13<\/td>\n<\/tr>\n<tr>\n<td>+2<\/td>\n<td>8<\/td>\n<td>7<\/td>\n<td>8<\/td>\n<td>8<\/td>\n<\/tr>\n<tr>\n<td>+3<\/td>\n<td>3<\/td>\n<td>4<\/td>\n<td>4<\/td>\n<td>5<\/td>\n<\/tr>\n<tr>\n<td>+4<\/td>\n<td>1.5<\/td>\n<td>2.5<\/td>\n<td>3<\/td>\n<td>4<\/td>\n<\/tr>\n<tr>\n<td>+5<\/td>\n<td>1<\/td>\n<td>1<\/td>\n<td>2<\/td>\n<td>2<\/td>\n<\/tr>\n<tr>\n<td>+6<\/td>\n<td>.5<\/td>\n<td>1<\/td>\n<td>2<\/td>\n<td>2<\/td>\n<\/tr>\n<tr>\n<td>+7<\/td>\n<td>0<\/td>\n<td>.5<\/td>\n<td>1<\/td>\n<td>1.5<\/td>\n<\/tr>\n<tr>\n<td>+8<\/td>\n<td>0<\/td>\n<td>0<\/td>\n<td>.5<\/td>\n<td>1<\/td>\n<\/tr>\n<tr>\n<td>+9<\/td>\n<td>0<\/td>\n<td>0<\/td>\n<td>0<\/td>\n<td>.5<\/td>\n<\/tr>\n<tr>\n<td>+10<\/td>\n<td>0<\/td>\n<td>0<\/td>\n<td>0<\/td>\n<td>.5<\/td>\n<\/tr>\n<\/tbody>\n<\/table>\n<p><b>Nous vous pr\u00e9sentons ce que vous cherchez \u00e0 dire dans ce tableau.<\/b> Si vous jouez \u00e0 un jeu avec seulement le 50% de p\u00e9n\u00e9tration, pour 100 hommes, seuls 29 ont, en moyenne, un nombre de vrais comptes \u00e9gal ou sup\u00e9rieur \u00e0 1. Si vous avez besoin d'un nombre de vrais comptes \u00e9gal \u00e0 1 pour \u00eatre sur un pied d'\u00e9galit\u00e9 avec la banque, il n'y a que 14 hommes pour lesquels vous avez un avantage. Gardez aussi les statistiques pour un jeu avec le 85% de p\u00e9n\u00e9tration. Dans ce cas, environ 37,5% des hommes se situent au niveau de la parit\u00e9 ou de l'avantage, et pr\u00e8s d'un quart des hommes sont en votre faveur.<\/p>\n<h3 class=\"gbs-heading\">SI VOUS JOUEZ AVEC UN NIVEAU DE P\u00c9N\u00c9TRATION INF\u00c9RIEUR \u00c0 65%, VOUS PERDEZ SEULEMENT DU TEMPS ET DE L'ARGENT.<\/h3>\n<p><b>M\u00eame si un jeu n'offre pas les meilleurs r\u00e9sultats, il est toujours possible de penser \u00e0 le battre si l'on dispose d'une bonne p\u00e9n\u00e9tration.<\/b> Il faut toujours jouer un jeu dont le r\u00e9sultat est inf\u00e9rieur \u00e0 1, car on perd beaucoup de temps \u00e0 jouer et \u00e0 faire des d\u00e9g\u00e2ts dans ce que l'on appelle la \"zone de profit\".<\/p>\n<h3 class=\"gbs-heading\">Compensations pour la maison<\/h3>\n<p>Calculez la valeur initiale du joueur pour les points suivants :<\/p>\n<ul>\n<li>Un solo mazzo, raddoppio solo con i 10 e 11 e il banco tira con un A-6. Ridivisione permessa (ad eccezione degli Assi) e assicurazione disponibile.<\/li>\n<li>Sei mazzi, il banco si ferma con un A-6, raddoppio consentito per ogni due carte iniziali, raddoppio dopo la divisione consentito, divisioni successive permesse, inclusi gli Assi e assicurazione disponibile.<\/li>\n<li>Deux cartes, une seule pour chacune des deux cartes initiales, divisions successives de copies non permises, une seule apr\u00e8s la division non concesso, r\u00e9sa en ritardo et assicurazione disponibile.<\/li>\n<\/ul>\n<p>Nous publierons les r\u00e9ponses corrig\u00e9es de ce quiz dans la prochaine le\u00e7on.<\/p>","protected":false},"excerpt":{"rendered":"<p>Sebbene tutti i giochi di Blackjack possono essere in definitiva sconfitti, la ricompensa che andrete a guadagnare dalle situazioni marginali potrebbe non ricompensarvi adeguatamente per il tempo e il rischio corso. Perci\u00f2, dovreste valutare un gioco in diversi modi prima di giocarlo. Due aree principali di interesse sono le regole del gioco, incluso il numero [&hellip;]<\/p>\n","protected":false},"author":4,"featured_media":0,"parent":2715,"menu_order":0,"comment_status":"open","ping_status":"open","template":"page-blacjack-school-it.php","meta":{"_acf_changed":false,"footnotes":""},"tags":[],"class_list":["post-2776","page","type-page","status-publish","hentry"],"acf":[],"yoast_head":"<!-- This site is optimized with the Yoast SEO plugin v26.6 - https:\/\/yoast.com\/wordpress\/plugins\/seo\/ -->\n<title>Lezione 11 - Valutazione dei Giochi<\/title>\n<meta name=\"description\" content=\"Sebbene tutti i giochi di Blackjack possono essere in definitiva sconfitti, la ricompensa che andrete a guadagnare dalle situazioni marginali potrebbe non\" \/>\n<meta name=\"robots\" content=\"index, follow, max-snippet:-1, max-image-preview:large, max-video-preview:-1\" \/>\n<link rel=\"canonical\" href=\"https:\/\/www.blackjackinfo.com\/fr\/ecole-de-blackjack\/lecon-11-evaluation-des-jeux\/\" \/>\n<meta property=\"og:locale\" content=\"fr_FR\" \/>\n<meta property=\"og:type\" content=\"article\" \/>\n<meta property=\"og:title\" content=\"Lezione 11 - Valutazione dei Giochi\" \/>\n<meta property=\"og:description\" content=\"Sebbene tutti i giochi di Blackjack possono essere in definitiva sconfitti, la ricompensa che andrete a guadagnare dalle situazioni marginali potrebbe non\" \/>\n<meta property=\"og:url\" content=\"https:\/\/www.blackjackinfo.com\/fr\/ecole-de-blackjack\/lecon-11-evaluation-des-jeux\/\" \/>\n<meta property=\"og:site_name\" content=\"BlackjackInfo.com\" \/>\n<meta property=\"article:modified_time\" content=\"2018-04-18T07:07:13+00:00\" \/>\n<meta name=\"twitter:label1\" content=\"Dur\u00e9e de lecture estim\u00e9e\" \/>\n\t<meta name=\"twitter:data1\" content=\"3 minutes\" \/>\n<script type=\"application\/ld+json\" class=\"yoast-schema-graph\">{\"@context\":\"https:\/\/schema.org\",\"@graph\":[{\"@type\":\"WebPage\",\"@id\":\"https:\/\/www.blackjackinfo.com\/blackjack-school\/lesson-11-evaluating-games\/\",\"url\":\"https:\/\/www.blackjackinfo.com\/blackjack-school\/lesson-11-evaluating-games\/\",\"name\":\"Lezione 11 - Valutazione dei Giochi\",\"isPartOf\":{\"@id\":\"https:\/\/www.blackjackinfo.com\/#website\"},\"datePublished\":\"2017-03-13T02:41:15+00:00\",\"dateModified\":\"2018-04-18T07:07:13+00:00\",\"description\":\"Sebbene tutti i giochi di Blackjack possono essere in definitiva sconfitti, la ricompensa che andrete a guadagnare dalle situazioni marginali potrebbe non\",\"breadcrumb\":{\"@id\":\"https:\/\/www.blackjackinfo.com\/blackjack-school\/lesson-11-evaluating-games\/#breadcrumb\"},\"inLanguage\":\"fr-FR\",\"potentialAction\":[{\"@type\":\"ReadAction\",\"target\":[\"https:\/\/www.blackjackinfo.com\/blackjack-school\/lesson-11-evaluating-games\/\"]}]},{\"@type\":\"BreadcrumbList\",\"@id\":\"https:\/\/www.blackjackinfo.com\/blackjack-school\/lesson-11-evaluating-games\/#breadcrumb\",\"itemListElement\":[{\"@type\":\"ListItem\",\"position\":1,\"name\":\"Home\",\"item\":\"https:\/\/www.blackjackinfo.com\/\"},{\"@type\":\"ListItem\",\"position\":2,\"name\":\"La Scuola di Blackjack di GameMaster\",\"item\":\"https:\/\/www.it.blackjackinfo.com\/scuola-di-blackjack\/\"},{\"@type\":\"ListItem\",\"position\":3,\"name\":\"Lezione 11 &#8211; Valutazione dei Giochi\"}]},{\"@type\":\"WebSite\",\"@id\":\"https:\/\/www.blackjackinfo.com\/#website\",\"url\":\"https:\/\/www.blackjackinfo.com\/\",\"name\":\"BlackjackInfo.com\",\"description\":\"Because Winning is More Fun!\",\"potentialAction\":[{\"@type\":\"SearchAction\",\"target\":{\"@type\":\"EntryPoint\",\"urlTemplate\":\"https:\/\/www.blackjackinfo.com\/?s={search_term_string}\"},\"query-input\":{\"@type\":\"PropertyValueSpecification\",\"valueRequired\":true,\"valueName\":\"search_term_string\"}}],\"inLanguage\":\"fr-FR\"}]}<\/script>\n<!-- \/ Yoast SEO plugin. -->","yoast_head_json":{"title":"Lezione 11 - Valutazione dei Giochi","description":"M\u00eame si tous les jeux de Blackjack peuvent \u00eatre d\u00e9finitivement rat\u00e9s, la r\u00e9compense que vous obtiendrez dans des situations marginales ne sera pas la m\u00eame.","robots":{"index":"index","follow":"follow","max-snippet":"max-snippet:-1","max-image-preview":"max-image-preview:large","max-video-preview":"max-video-preview:-1"},"canonical":"https:\/\/www.blackjackinfo.com\/fr\/ecole-de-blackjack\/lecon-11-evaluation-des-jeux\/","og_locale":"fr_FR","og_type":"article","og_title":"Lezione 11 - Valutazione dei Giochi","og_description":"Sebbene tutti i giochi di Blackjack possono essere in definitiva sconfitti, la ricompensa che andrete a guadagnare dalle situazioni marginali potrebbe non","og_url":"https:\/\/www.blackjackinfo.com\/fr\/ecole-de-blackjack\/lecon-11-evaluation-des-jeux\/","og_site_name":"BlackjackInfo.com","article_modified_time":"2018-04-18T07:07:13+00:00","twitter_misc":{"Dur\u00e9e de lecture estim\u00e9e":"3 minutes"},"schema":{"@context":"https:\/\/schema.org","@graph":[{"@type":"WebPage","@id":"https:\/\/www.blackjackinfo.com\/blackjack-school\/lesson-11-evaluating-games\/","url":"https:\/\/www.blackjackinfo.com\/blackjack-school\/lesson-11-evaluating-games\/","name":"Lezione 11 - Valutazione dei Giochi","isPartOf":{"@id":"https:\/\/www.blackjackinfo.com\/#website"},"datePublished":"2017-03-13T02:41:15+00:00","dateModified":"2018-04-18T07:07:13+00:00","description":"M\u00eame si tous les jeux de Blackjack peuvent \u00eatre d\u00e9finitivement rat\u00e9s, la r\u00e9compense que vous obtiendrez dans des situations marginales ne sera pas la m\u00eame.","breadcrumb":{"@id":"https:\/\/www.blackjackinfo.com\/blackjack-school\/lesson-11-evaluating-games\/#breadcrumb"},"inLanguage":"fr-FR","potentialAction":[{"@type":"ReadAction","target":["https:\/\/www.blackjackinfo.com\/blackjack-school\/lesson-11-evaluating-games\/"]}]},{"@type":"BreadcrumbList","@id":"https:\/\/www.blackjackinfo.com\/blackjack-school\/lesson-11-evaluating-games\/#breadcrumb","itemListElement":[{"@type":"ListItem","position":1,"name":"Home","item":"https:\/\/www.blackjackinfo.com\/"},{"@type":"ListItem","position":2,"name":"La Scuola di Blackjack di GameMaster","item":"https:\/\/www.it.blackjackinfo.com\/scuola-di-blackjack\/"},{"@type":"ListItem","position":3,"name":"Lezione 11 &#8211; Valutazione dei Giochi"}]},{"@type":"WebSite","@id":"https:\/\/www.blackjackinfo.com\/#website","url":"https:\/\/www.blackjackinfo.com\/","name":"BlackjackInfo.com","description":"Parce que gagner, c'est plus amusant !","potentialAction":[{"@type":"SearchAction","target":{"@type":"EntryPoint","urlTemplate":"https:\/\/www.blackjackinfo.com\/?s={search_term_string}"},"query-input":{"@type":"PropertyValueSpecification","valueRequired":true,"valueName":"search_term_string"}}],"inLanguage":"fr-FR"}]}},"_links":{"self":[{"href":"https:\/\/www.blackjackinfo.com\/fr\/wp-json\/wp\/v2\/pages\/2776","targetHints":{"allow":["GET"]}}],"collection":[{"href":"https:\/\/www.blackjackinfo.com\/fr\/wp-json\/wp\/v2\/pages"}],"about":[{"href":"https:\/\/www.blackjackinfo.com\/fr\/wp-json\/wp\/v2\/types\/page"}],"author":[{"embeddable":true,"href":"https:\/\/www.blackjackinfo.com\/fr\/wp-json\/wp\/v2\/users\/4"}],"replies":[{"embeddable":true,"href":"https:\/\/www.blackjackinfo.com\/fr\/wp-json\/wp\/v2\/comments?post=2776"}],"version-history":[{"count":2,"href":"https:\/\/www.blackjackinfo.com\/fr\/wp-json\/wp\/v2\/pages\/2776\/revisions"}],"predecessor-version":[{"id":2778,"href":"https:\/\/www.blackjackinfo.com\/fr\/wp-json\/wp\/v2\/pages\/2776\/revisions\/2778"}],"up":[{"embeddable":true,"href":"https:\/\/www.blackjackinfo.com\/fr\/wp-json\/wp\/v2\/pages\/2715"}],"wp:attachment":[{"href":"https:\/\/www.blackjackinfo.com\/fr\/wp-json\/wp\/v2\/media?parent=2776"}],"wp:term":[{"taxonomy":"post_tag","embeddable":true,"href":"https:\/\/www.blackjackinfo.com\/fr\/wp-json\/wp\/v2\/tags?post=2776"}],"curies":[{"name":"wp","href":"https:\/\/api.w.org\/{rel}","templated":true}]}}