{"id":2779,"date":"2017-03-12T21:47:47","date_gmt":"2017-03-13T02:47:47","guid":{"rendered":"https:\/\/www.blackjackinfo.com\/?page_id=2779\/"},"modified":"2018-04-18T02:07:13","modified_gmt":"2018-04-18T07:07:13","slug":"lezione-12-tattiche-da-gioco-del-casino","status":"publish","type":"page","link":"https:\/\/www.blackjackinfo.com\/fr\/scuola-di-blackjack\/lezione-12-tattiche-da-gioco-del-casino\/","title":{"rendered":"Lezione 12 - Tattiche da Gioco del Casino"},"content":{"rendered":"<h3 class=\"gbs-heading\">Quelles sont les techniques de jeu du casino ?<\/h3>\n<p class=\"intro\"><b>C'est un fait bien triste que les joueurs du casino, qu'il s'agisse des joueurs de table ou de leurs casquettes, n'appr\u00e9cient pas les jeux de Blackjack qu'ils jouent avec les cartes.<\/b> Sanno benissimo che il gioco pu\u00f2 essere sconfitto da un bravo giocatore, di conseguenza la loro reazione verso un giocatore che vince e che quindi \u00e8 sospettato di essere un contatore dipende da quanta paranoia hanno, pu\u00f2 variare da un controllo rigoroso ('caldo') fino all'allontanamento a titolo definitivo di quel giocatore. En cons\u00e9quence, un joueur esp\u00e9r\u00e9 doit reconna\u00eetre ses capacit\u00e9s et appara\u00eetre, pendant qu'il joue, comme un autre \"perdant\". Les tables de jeu du casino vous aident \u00e0 ma\u00eetriser nos techniques et vous permettent de continuer \u00e0 jouer.<\/p>\n<h3 class=\"gbs-heading\">Le profil du casino pour un client<\/h3>\n<p>Les sorciers du Casino croient avoir d\u00e9fini le profil des joueurs de cartes et pensent pouvoir les individualiser gr\u00e2ce \u00e0 leur comportement. M\u00eame si la liste est longue, voici quelques-uns de leurs avantages :<\/p>\n<ol>\n<li>Les conteneurs de cartes sont uniquement des jeunes, des hommes de race blanche (probablement avec la barbe) qui travaillent de mani\u00e8re tr\u00e8s d\u00e9contract\u00e9e en raison de la quantit\u00e9 de deniers qu'ils portent \u00e0 l'int\u00e9rieur.<\/li>\n<li>Les consommateurs de cartes \"explorent\" d'abord les tavernes pour trouver un contexte favorable avant de s'attabler.<\/li>\n<li>Un contatore cambier\u00e0 $200-300 di fiches, ma dopo scommetter\u00e0 solo $5 o $10 alla prima mano.<\/li>\n<li>Les contr\u00f4leurs ne parlent \u00e0 personne ; ils ont toujours le regard fix\u00e9 sur la bo\u00eete de sortie et analysent le tiroir en v\u00e9rifiant le contenu.<\/li>\n<li>Les conteneurs ne fument pas et ne boivent pas d'alcool.<\/li>\n<li>Les \u00e9lecteurs r\u00e9fl\u00e9chissent un peu avant de faire leur choix.<\/li>\n<li>Un interlocuteur n'a aucune h\u00e9sitation quand il doit jouer d'une main \"difficile\".<\/li>\n<li>Un contatore ne prend pas toujours l'assurance quand il a tir\u00e9 une petite somme, mais il la prend quand la somme est \u00e9lev\u00e9e, ind\u00e9pendamment de sa main.<\/li>\n<li>Un client modifie ses prix en plus d'un \"pari\".<\/li>\n<li>Les joueurs ne donnent pas la main au croupier.<\/li>\n<li>Un contatore ritira una grossa puntata e l'abbassa su una 'patta' o quando lo shoe termina.<\/li>\n<li>Un contatore fait toujours une puntata minima \u00e0 la premi\u00e8re main d'une nouvelle chaussure qui vient d'\u00eatre d\u00e9chir\u00e9e.<\/li>\n<\/ol>\n<h3 class=\"gbs-heading\">Mimetizzazione di un Contatore di Carte<\/h3>\n<p><b>Pour gagner de l'argent au Blackjack, vous devez v\u00e9rifier le mode d'acc\u00e8s au casino.<\/b> M\u00eame si les premi\u00e8res fois que vous jouez en tant que joueur, vous sentez la pr\u00e9sence d'un gros \"C\" rouge sur votre fronti\u00e8re, en r\u00e9alit\u00e9 il n'y en a pas et si vous \u00e9vitez de commettre des erreurs de la part des \"principaux\", les responsables du casino ne vous pr\u00eateront probablement aucune attention.<\/p>\n<p><b>Si vous jouez avec de grosses sommes, il est probable que vous soyez not\u00e9s aussi bien pour les gains que pour les pertes ; les sommes \u00e9lev\u00e9es des joueurs sont toujours not\u00e9es.<\/b> Mais si vous avez commenc\u00e9 avec la carte $5 et $60 que je vous ai conseill\u00e9e, vous ne serez probablement pas satisfait. Quanto spesso giocherete in un particolare casino ha molto a che fare con questo. Il faut savoir que la plupart des casinos ne disposent que de deux \u00e9quipes, et donc diviser votre jeu entre les casinos et les \u00e9quipes. <b>\u00c9VITER DE JOUER D'UN POSTE \u00c0 L'AUTRE.<\/b> Cercate di fare delle sessioni abbastanza corte, ed impiegheranno molto tempo, sia a cominciare che a capire cosa state facendo.<\/p>\n<p>La v\u00e9ritable astuce pour gagner la confiance du personnel du casino est d'appara\u00eetre comme s'il s'agissait d'un autre joueur. Voici quelques-unes des techniques que j'utilise en solo.<\/p>\n<ol>\n<li>Vestitevi in modo appropriato secondo il livello delle vostre puntate. Une \"balena\" doit ressembler \u00e0 une personne prosp\u00e8re et non, comme le dit quelqu'un, \"\u00e0 un supplice des pieds\". Si vous entrez dans un casino en un jour, pendant la saison, habillez-vous comme une personne d'affaires qui n'a pas travaill\u00e9 au bureau. NON vestitevi come un turista (un travestimento molto efficace) se viranno di nuovo la settimana seguente.<\/li>\n<li>Lorsque vous entrez dans un casino, dirigez-vous directement vers une table dans laquelle le croupier m\u00e9lange les cartes et vous vous asseyez. Parlez avec le croupier ou dites-lui simplement \"ciao\".<\/li>\n<li>Si vous jouez avec une taille minimale de $5, changez moins de $100, mais plus de $40. N'utilisez pas les termes \"rose\" ou \"vert\", \"nickel\" ou \"quart\". Remplacer les fiches par des fiches de $5 ou de $25.<\/li>\n<li>Ne commandez rien de la part des cam\u00e9ristes en place pour le casino ; ils sont trop lents et si le mazzo est n\u00e9gatif, vous devrez vous contenter de jouer pendant que vous aspirez \u00e0 un cocktail. Enfin, ordonnez des boissons alcoolis\u00e9es au bar (O'Doul's, succ\u00e9dan\u00e9 d'arancia, ou toute autre chose avec du citron vert) et portez-les avec vous.<\/li>\n<li>Veillez \u00e0 ce qu'il y ait toujours une case dans l'apposition cercl\u00e9e pour les chutes. Rappelez-vous que seuls les joueurs pensent \u00e0 ce qu'il faut faire ; les joueurs d'argent se contentent de quelque chose l\u00e0. Si vous jouez au blackjack ou au jeu de balle, vous devez commander la premi\u00e8re pi\u00e8ce pendant que le croupier joue de son c\u00f4t\u00e9. Gr\u00e2ce \u00e0 cette pratique, le montant de votre mise sera le plus \u00e9lev\u00e9 possible, mais il ne semble pas que vous ayez \u00e0 vous inqui\u00e9ter outre mesure du sort de vos mises.<\/li>\n<li>Les joueurs de tennis n'ont pas le droit de jouer un tour apr\u00e8s une victoire. Si le r\u00e9sultat est inf\u00e9rieur \u00e0 -1, continuez \u00e0 jouer avec la touche minimale jusqu'\u00e0 ce que vous perdiez une main.<\/li>\n<li>Estimez avant de jouer une main \"difficile\". Parler \u00e0 la carte aide.<\/li>\n<li>Si vous avez achet\u00e9 un v\u00e9hicule avec le prix minimum et que le concessionnaire vous propose un Asso, vous avez l'assurance de le faire. Ne vous pr\u00e9occupez pas des \"prix \u00e0 l'\u00e9quilibre\" ; avec les gestions, le sort est fait de ne pas savoir comment fonctionnent les choses. Cela aura pour effet de ralentir, \u00e0 l'avenir, le croupier lors de ses chiamates pour l'assurance et de lui donner plus de temps pour calculer le vrai compte. Il est bon d'appliquer cette assurance \"minimale\" lorsqu'un joueur garde la table de jeu.<\/li>\n<li>Si vous avez l'intention de jouer une somme pour le croupier (quelque chose que vous devez faire avec parcimonie), aspirez jusqu'\u00e0 ce que le montant soit \u00e9lev\u00e9 et que vous ayez gagn\u00e9 une belle somme. Dans cette situation, le fait de placer une somme pour le croupier semble vouloir dire au croupier de l'aider \u00e0 gagner la main.<\/li>\n<li>Une ou deux fois par session, une nouvelle chaussure est mise en place avec une distance double ou triple par rapport \u00e0 la distance minimale.<\/li>\n<li>Ne cherchez pas \u00e0 modifier la strat\u00e9gie de base correcte dans le but d'\u00e9touffer votre confiance ; la plupart des joueurs de casino ne savent pas exactement quelle est la meilleure fa\u00e7on de jouer. En fait, la strat\u00e9gie de base correcte d'un joueur semble \u00eatre une idiotie pour eux - tirer un 12 contre un 2 ou un 3, ou encore radier un A-7 contre un 4, c'est de la science-fiction ! (Pour eux.)<\/li>\n<li>Vous ne parlez pas \u00e0 d'autres personnes du tavolo de vos propres capacit\u00e9s et vous n'aidez pas d'autres personnes \u00e0 jouer correctement avec leurs mains. Vous ne vous souvenez pas d'avoir lu un livre de Blackjack. Ne cherchez pas \u00e0 \u00eatre s\u00fbrs de vous, mais n'agissez jamais comme des perdants quand vous \u00eates au contraire des vainqueurs - les joueurs de blackjack ont envie de gagner !<\/li>\n<li>Il n'est pas question d'en d\u00e9noncer un, mais un \"marsupio\" est l'un des accessoires les plus d\u00e9sarmants qu'un d\u00e9tenteur de carte puisse utiliser. Avec un marsupio et une poign\u00e9e d'objets, aucun vigile ne pourra jamais penser qu'il s'agit d'un teneur de carte du sang rouge qui d\u00e9stabilise les casinos. Je pense que si mon mode habituel de r\u00e9citation consiste \u00e0 porter des v\u00eatements l\u00e9gers, je peux en prendre un et l'utiliser. Je pr\u00e9f\u00e8re \u00eatre riche qu'aimable.<\/li>\n<\/ol>\n<h3 class=\"gbs-heading\">Compensations pour la maison<\/h3>\n<p>D\u00e9couvrez les r\u00e9sultats de l'exercice de l'autre semestre.<br \/>\nCalculez la valeur initiale du casino pour les variantes de jeu suivantes :<\/p>\n<ul>\n<li>Un mazzo, raddoppio solo con i 10 o 11, il banco tira con A-6. <b>Risposta : 0.33%<\/b><\/li>\n<li>Deux maigres, un seul pour chacune des deux cartes initiales, le banc se ferme avec A-6, des divisions successives de l'\u00e9quipe, y compris les Assi, un seul apr\u00e8s la division conc\u00e9d\u00e9e. <b>Risposta : 0.33%<\/b><\/li>\n<li>Due mazzi, raddoppio per ognuna delle due carte iniziali, nessuna divisione successiva delle coppie, nessun raddoppio dopo la divisione, il banco si ferma con un A-6, resa posticipata. <b>Risposta : 0.30% (Non avevo specificato se il banco si fermava o tirava con un A-6 ; questa cifra \u00e8 corretta nel caso in cui il banco si ferma.)<\/b><\/li>\n<\/ul>","protected":false},"excerpt":{"rendered":"<p>Quali sono le Tattiche di Gioco del Casino? E&#8217; un fatto molto triste che agli impiegati del casino, sia agli addetti al tavolo che ai loro capi non piacciano i giocatori che contano le carte nei loro giochi di Blackjack. Sanno benissimo che il gioco pu\u00f2 essere sconfitto da un bravo giocatore, di conseguenza la [&hellip;]<\/p>\n","protected":false},"author":4,"featured_media":0,"parent":2715,"menu_order":0,"comment_status":"open","ping_status":"open","template":"page-blacjack-school-it.php","meta":{"_acf_changed":false,"footnotes":""},"tags":[],"class_list":["post-2779","page","type-page","status-publish","hentry"],"acf":[],"yoast_head":"<!-- This site is optimized with the Yoast SEO plugin v26.6 - https:\/\/yoast.com\/wordpress\/plugins\/seo\/ -->\n<title>Lezione 12 - Tattiche da Gioco del Casino<\/title>\n<meta name=\"description\" content=\"Quali sono le Tattiche di Gioco del Casino? E&#039; un fatto molto triste che agli impiegati del casino, sia agli addetti al tavolo che ai loro capi non\" \/>\n<meta name=\"robots\" content=\"index, follow, max-snippet:-1, max-image-preview:large, max-video-preview:-1\" \/>\n<link rel=\"canonical\" href=\"https:\/\/www.blackjackinfo.com\/fr\/ecole-de-blackjack\/lecon-12-tactiques-de-jeu-de-casino\/\" \/>\n<meta property=\"og:locale\" content=\"fr_FR\" \/>\n<meta property=\"og:type\" content=\"article\" \/>\n<meta property=\"og:title\" content=\"Lezione 12 - Tattiche da Gioco del Casino\" \/>\n<meta property=\"og:description\" content=\"Quali sono le Tattiche di Gioco del Casino? E&#039; un fatto molto triste che agli impiegati del casino, sia agli addetti al tavolo che ai loro capi non\" \/>\n<meta property=\"og:url\" content=\"https:\/\/www.blackjackinfo.com\/fr\/ecole-de-blackjack\/lecon-12-tactiques-de-jeu-de-casino\/\" \/>\n<meta property=\"og:site_name\" content=\"BlackjackInfo.com\" \/>\n<meta property=\"article:modified_time\" content=\"2018-04-18T07:07:13+00:00\" \/>\n<meta name=\"twitter:label1\" content=\"Dur\u00e9e de lecture estim\u00e9e\" \/>\n\t<meta name=\"twitter:data1\" content=\"6 minutes\" \/>\n<script type=\"application\/ld+json\" class=\"yoast-schema-graph\">{\"@context\":\"https:\/\/schema.org\",\"@graph\":[{\"@type\":\"WebPage\",\"@id\":\"https:\/\/www.blackjackinfo.com\/blackjack-school\/lesson-12-casino-playing-tactics\/\",\"url\":\"https:\/\/www.blackjackinfo.com\/blackjack-school\/lesson-12-casino-playing-tactics\/\",\"name\":\"Lezione 12 - Tattiche da Gioco del Casino\",\"isPartOf\":{\"@id\":\"https:\/\/www.blackjackinfo.com\/#website\"},\"datePublished\":\"2017-03-13T02:47:47+00:00\",\"dateModified\":\"2018-04-18T07:07:13+00:00\",\"description\":\"Quali sono le Tattiche di Gioco del Casino? E' un fatto molto triste che agli impiegati del casino, sia agli addetti al tavolo che ai loro capi non\",\"breadcrumb\":{\"@id\":\"https:\/\/www.blackjackinfo.com\/blackjack-school\/lesson-12-casino-playing-tactics\/#breadcrumb\"},\"inLanguage\":\"fr-FR\",\"potentialAction\":[{\"@type\":\"ReadAction\",\"target\":[\"https:\/\/www.blackjackinfo.com\/blackjack-school\/lesson-12-casino-playing-tactics\/\"]}]},{\"@type\":\"BreadcrumbList\",\"@id\":\"https:\/\/www.blackjackinfo.com\/blackjack-school\/lesson-12-casino-playing-tactics\/#breadcrumb\",\"itemListElement\":[{\"@type\":\"ListItem\",\"position\":1,\"name\":\"Home\",\"item\":\"https:\/\/www.blackjackinfo.com\/\"},{\"@type\":\"ListItem\",\"position\":2,\"name\":\"La Scuola di Blackjack di GameMaster\",\"item\":\"https:\/\/www.it.blackjackinfo.com\/scuola-di-blackjack\/\"},{\"@type\":\"ListItem\",\"position\":3,\"name\":\"Lezione 12 &#8211; Tattiche da Gioco del Casino\"}]},{\"@type\":\"WebSite\",\"@id\":\"https:\/\/www.blackjackinfo.com\/#website\",\"url\":\"https:\/\/www.blackjackinfo.com\/\",\"name\":\"BlackjackInfo.com\",\"description\":\"Because Winning is More Fun!\",\"potentialAction\":[{\"@type\":\"SearchAction\",\"target\":{\"@type\":\"EntryPoint\",\"urlTemplate\":\"https:\/\/www.blackjackinfo.com\/?s={search_term_string}\"},\"query-input\":{\"@type\":\"PropertyValueSpecification\",\"valueRequired\":true,\"valueName\":\"search_term_string\"}}],\"inLanguage\":\"fr-FR\"}]}<\/script>\n<!-- \/ Yoast SEO plugin. -->","yoast_head_json":{"title":"Lezione 12 - Tattiche da Gioco del Casino","description":"Quelles sont les r\u00e8gles de jeu du casino ? C'est un fait bien triste que les joueurs de casino, qu'il s'agisse des joueurs de table ou des joueurs de casinos, n'aient pas le droit de jouer au casino.","robots":{"index":"index","follow":"follow","max-snippet":"max-snippet:-1","max-image-preview":"max-image-preview:large","max-video-preview":"max-video-preview:-1"},"canonical":"https:\/\/www.blackjackinfo.com\/fr\/ecole-de-blackjack\/lecon-12-tactiques-de-jeu-de-casino\/","og_locale":"fr_FR","og_type":"article","og_title":"Lezione 12 - Tattiche da Gioco del Casino","og_description":"Quali sono le Tattiche di Gioco del Casino? E' un fatto molto triste che agli impiegati del casino, sia agli addetti al tavolo che ai loro capi non","og_url":"https:\/\/www.blackjackinfo.com\/fr\/ecole-de-blackjack\/lecon-12-tactiques-de-jeu-de-casino\/","og_site_name":"BlackjackInfo.com","article_modified_time":"2018-04-18T07:07:13+00:00","twitter_misc":{"Dur\u00e9e de lecture estim\u00e9e":"6 minutes"},"schema":{"@context":"https:\/\/schema.org","@graph":[{"@type":"WebPage","@id":"https:\/\/www.blackjackinfo.com\/blackjack-school\/lesson-12-casino-playing-tactics\/","url":"https:\/\/www.blackjackinfo.com\/blackjack-school\/lesson-12-casino-playing-tactics\/","name":"Lezione 12 - Tattiche da Gioco del Casino","isPartOf":{"@id":"https:\/\/www.blackjackinfo.com\/#website"},"datePublished":"2017-03-13T02:47:47+00:00","dateModified":"2018-04-18T07:07:13+00:00","description":"Quelles sont les r\u00e8gles de jeu du casino ? C'est un fait bien triste que les joueurs de casino, qu'il s'agisse des joueurs de table ou des joueurs de casinos, n'aient pas le droit de jouer au casino.","breadcrumb":{"@id":"https:\/\/www.blackjackinfo.com\/blackjack-school\/lesson-12-casino-playing-tactics\/#breadcrumb"},"inLanguage":"fr-FR","potentialAction":[{"@type":"ReadAction","target":["https:\/\/www.blackjackinfo.com\/blackjack-school\/lesson-12-casino-playing-tactics\/"]}]},{"@type":"BreadcrumbList","@id":"https:\/\/www.blackjackinfo.com\/blackjack-school\/lesson-12-casino-playing-tactics\/#breadcrumb","itemListElement":[{"@type":"ListItem","position":1,"name":"Home","item":"https:\/\/www.blackjackinfo.com\/"},{"@type":"ListItem","position":2,"name":"La Scuola di Blackjack di GameMaster","item":"https:\/\/www.it.blackjackinfo.com\/scuola-di-blackjack\/"},{"@type":"ListItem","position":3,"name":"Lezione 12 &#8211; Tattiche da Gioco del Casino"}]},{"@type":"WebSite","@id":"https:\/\/www.blackjackinfo.com\/#website","url":"https:\/\/www.blackjackinfo.com\/","name":"BlackjackInfo.com","description":"Parce que gagner, c'est plus amusant !","potentialAction":[{"@type":"SearchAction","target":{"@type":"EntryPoint","urlTemplate":"https:\/\/www.blackjackinfo.com\/?s={search_term_string}"},"query-input":{"@type":"PropertyValueSpecification","valueRequired":true,"valueName":"search_term_string"}}],"inLanguage":"fr-FR"}]}},"_links":{"self":[{"href":"https:\/\/www.blackjackinfo.com\/fr\/wp-json\/wp\/v2\/pages\/2779","targetHints":{"allow":["GET"]}}],"collection":[{"href":"https:\/\/www.blackjackinfo.com\/fr\/wp-json\/wp\/v2\/pages"}],"about":[{"href":"https:\/\/www.blackjackinfo.com\/fr\/wp-json\/wp\/v2\/types\/page"}],"author":[{"embeddable":true,"href":"https:\/\/www.blackjackinfo.com\/fr\/wp-json\/wp\/v2\/users\/4"}],"replies":[{"embeddable":true,"href":"https:\/\/www.blackjackinfo.com\/fr\/wp-json\/wp\/v2\/comments?post=2779"}],"version-history":[{"count":1,"href":"https:\/\/www.blackjackinfo.com\/fr\/wp-json\/wp\/v2\/pages\/2779\/revisions"}],"predecessor-version":[{"id":2780,"href":"https:\/\/www.blackjackinfo.com\/fr\/wp-json\/wp\/v2\/pages\/2779\/revisions\/2780"}],"up":[{"embeddable":true,"href":"https:\/\/www.blackjackinfo.com\/fr\/wp-json\/wp\/v2\/pages\/2715"}],"wp:attachment":[{"href":"https:\/\/www.blackjackinfo.com\/fr\/wp-json\/wp\/v2\/media?parent=2779"}],"wp:term":[{"taxonomy":"post_tag","embeddable":true,"href":"https:\/\/www.blackjackinfo.com\/fr\/wp-json\/wp\/v2\/tags?post=2779"}],"curies":[{"name":"wp","href":"https:\/\/api.w.org\/{rel}","templated":true}]}}