{"id":2781,"date":"2017-03-12T22:05:47","date_gmt":"2017-03-13T03:05:47","guid":{"rendered":"https:\/\/www.blackjackinfo.com\/?page_id=2781\/"},"modified":"2018-04-18T02:07:13","modified_gmt":"2018-04-18T07:07:13","slug":"lezione-13-il-corso-avanzato-parte-1","status":"publish","type":"page","link":"https:\/\/www.blackjackinfo.com\/fr\/scuola-di-blackjack\/lezione-13-il-corso-avanzato-parte-1\/","title":{"rendered":"Lezione 13 - Il Corso Avanzato - Parte 1"},"content":{"rendered":"<p class=\"intro\"><b>Le moyen le plus puissant (et le plus l\u00e9gal) pour augmenter la valeur de la banque consiste \u00e0 varier les montants en fonction du nombre r\u00e9el.<\/b> Des am\u00e9liorations ult\u00e9rieures de 0,2 \u00e0 0,3% sont possibles pour tous ceux qui modifient le jeu de leurs propres mains \u00e0 la seconde du comptage r\u00e9el. Sans aucun doute, vous avez d\u00e9j\u00e0 connu des situations o\u00f9 le compte \u00e9tait tr\u00e8s \u00e9lev\u00e9 et o\u00f9 vous saviez qu'en tirant votre 12 contre le 3 du croupier, vous auriez pu obtenir une carte vierge. Il y a un point, d\u00e9termin\u00e9 par le d\u00e9compte r\u00e9el, o\u00f9 il est plus pratique de fermer avec un 12 contre un 3 que de tirer. C'est ce qu'on appelle la \"variation de la strat\u00e9gie de base\" et nous en discuterons beaucoup au cours de ces le\u00e7ons.<\/p>\n<h3 class=\"gbs-heading\">Variations de la strat\u00e9gie de base<\/h3>\n<p><b>La modification de votre jeu par la variation du d\u00e9compte r\u00e9el acc\u00e8dera \u00e0 la 10% environ deux fois. Si le contexte se d\u00e9grade, on radie moins, on tire davantage avec des mains \"difficiles\" et on divise moins souvent les pi\u00e8ces.<\/b> \u00c0 l'instar du contenu de la vente, raddoppierete pi\u00f9 spesso, tirerete di meno con le mani 'difficili' e diverete pi\u00f9 coppie. Pour chaque strat\u00e9gie de base de jeu, il n'y a qu'une variation. Par exemple, la variante de la main 10, 6 contre 10 consiste \u00e0 fermer la porte et \u00e0 tirer ; on ne radie jamais et on ne peut pas diviser. Un autre exemple est 5,4 contre 2. La strat\u00e9gie de base pr\u00e9voit de tirer, mais si le contenu est tr\u00e8s \u00e9lev\u00e9, cette main sera \u00e9cras\u00e9e. Un bon exemple pour le c\u00f4t\u00e9 n\u00e9gatif est un A-2 contre un 5 ; la strat\u00e9gie de base dit de tirer, mais si le contenu est inf\u00e9rieur \u00e0 0, il faut tirer. Une fa\u00e7on simple de le dire est \"Raddoppia Asso-2 contro 5 con maggiore o uguale a 0\". Traducendolo con la 'scorciatoia' di una flashcard diventa A-2 contro 5 = 0. (Esatto, ritorneremo indietro di nuovo alle nostre vecchie amiche, le flashcard.)<\/p>\n<h3 class=\"gbs-heading\">La force des variations de la strat\u00e9gie de base<\/h3>\n<p><b>La valeur de chaque variation est d\u00e9termin\u00e9e par la quantit\u00e9 d'\u00e9nergie utilis\u00e9e dans les m\u00e9dias.<\/b> Si vous jouez 100 000 parties de Blackjack par an (environ 20 heures par an), vous pouvez esp\u00e9rer voir une main de 16 contre une de 10 environ 3500 fois (3,5%). En r\u00e9alit\u00e9, il s'agit d'une des situations les plus graves. Dans ce cas, chaque variation a une valeur consid\u00e9rable, simplement parce que l'utilisateur est relativement \u00e9conome. Par contre, il arrive que l'on ait un 9,9 contre un 2 seulement 43 fois dans les 100.000 minutes par exemple, donc la variation dans ce cas a une valeur minime, parce que l'on a l'habitude de l'utiliser. La fr\u00e9quence des mani ci permetter\u00e0 di ordinare, in modo prioritario, l'apprendimento delle variazioni della strategia base.<\/p>\n<p><b>L'une des variations les plus importantes de la strat\u00e9gie de base est la question de l'assurance.<\/b> \u00c9tant donn\u00e9 que la banque re\u00e7oit un Asso environ 7,5% de temps en temps, il est tr\u00e8s important de savoir quand il convient de s'assurer. Si vous jouez avec plusieurs joueurs, vous n'avez pas int\u00e9r\u00eat \u00e0 vous assurer quand le nombre r\u00e9el est sup\u00e9rieur ou inf\u00e9rieur \u00e0 3. Dans ce cas, vous devez toujours vous assurer, ind\u00e9pendamment des cartes que vous poss\u00e9dez, que vous n'avez aucun rapport avec votre main. Le syst\u00e8me de contr\u00f4le High\/Low a une \"efficacit\u00e9 de contr\u00f4le\" comparable \u00e0 celle du 80%, ce qui signifie que 8 fois sur 10, la bonne d\u00e9cision est prise en mati\u00e8re de contr\u00f4le, en se basant sur la valeur du compte r\u00e9el.<\/p>\n<p>Come detto precedentemente, <b>La valeur consid\u00e9r\u00e9e est le r\u00e9sultat de l'apprentissage des variations qui concernent les mains initiales de 12 \u00e0 16 sur chaque autre carte, parce que ces mains sont celles qui se v\u00e9rifient le plus rapidement.<\/b> Cependant, \u00e0 un certain moment du jeu, le 54% de toutes vos mains est \"difficile\". Nous devons faire une remarque importante : les variations de la strat\u00e9gie de base ne s'appliquent pas seulement aux deux cartes initiales, mais aussi aux \u00e9quipes compos\u00e9es de 3 cartes ou plus. Vous pouvez utiliser A, 2, 10, 3 contre 10 si le contenu est sup\u00e9rieur ou inf\u00e9rieur \u00e0 0, de la m\u00eame mani\u00e8re que vous pouvez utiliser un 10, 6. Raddoppiare (o non raddoppiare) \u00e8 la prossima cosa da affrontare in ordine di importanza e la divisione o la non divisione delle coppie \u00e8 meno importante.<\/p>\n<h3 class=\"gbs-heading\">La valeur des variations de la base strat\u00e9gique<\/h3>\n<p><b>Nous pouvons affirmer avec certitude que l'utilisation de ces variations augmentera les chances de succ\u00e8s du 10% dans les jeux avec les autres joueurs.<\/b> Mais il y a aussi un autre avantage. En utilisant ces variations au casino, vous deviendrez un \"joueur d'argent\". Tirer, certaines fois, avec 16 contre un 10 et fermer d'autres fois est un comportement typique des joueurs d'argent. Pour les joueurs du casino qui connaissent la strat\u00e9gie de base correcte (diamine, seulement quelques uns !), voir un raddoppio sur un A,7 contre un 2 est une erreur, de m\u00eame que fermer avec 15 contre un 10 est une erreur. Tuttavia, tutte queste situazioni sono - con alcuni punteggi - il modo corretto di giocare.<\/p>\n<p>Si vous jouez avec un seul jeu, la valeur des variations de la strat\u00e9gie de base augmente de fa\u00e7on vertigineuse jusqu'\u00e0 25%, voire plus. Si vous perdez votre temps avec ces jeux, n'h\u00e9sitez pas \u00e0 nous en faire part.<\/p>\n<p>Dans la prochaine le\u00e7on, nous vous montrerons comment appliquer ces variations.<\/p>","protected":false},"excerpt":{"rendered":"<p>Il modo pi\u00f9 potente (e legale) di superare il vantaggio del banco consiste nel variare le scommesse a seconda del true count. Ulteriori miglioramenti dallo 0.2 al 0.3% sono possibili per coloro che variano il gioco delle proprie mani a seconda del true count. Senza dubbio avrete avuto delle situazioni nelle quali il conteggio era [&hellip;]<\/p>\n","protected":false},"author":4,"featured_media":0,"parent":2715,"menu_order":0,"comment_status":"open","ping_status":"open","template":"page-blacjack-school-it.php","meta":{"_acf_changed":false,"footnotes":""},"tags":[],"class_list":["post-2781","page","type-page","status-publish","hentry"],"acf":[],"yoast_head":"<!-- This site is optimized with the Yoast SEO plugin v26.6 - https:\/\/yoast.com\/wordpress\/plugins\/seo\/ -->\n<title>Lezione 13 - Il Corso Avanzato - Parte 1<\/title>\n<meta name=\"description\" content=\"Il modo pi\u00f9 potente (e legale) di superare il vantaggio del banco consiste nel variare le scommesse a seconda del true count. Ulteriori miglioramenti\" \/>\n<meta name=\"robots\" content=\"index, follow, max-snippet:-1, max-image-preview:large, max-video-preview:-1\" \/>\n<link rel=\"canonical\" href=\"https:\/\/www.blackjackinfo.com\/fr\/ecole-de-blackjack\/lecon-13-cours-avance-partie-1\/\" \/>\n<meta property=\"og:locale\" content=\"fr_FR\" \/>\n<meta property=\"og:type\" content=\"article\" \/>\n<meta property=\"og:title\" content=\"Lezione 13 - Il Corso Avanzato - Parte 1\" \/>\n<meta property=\"og:description\" content=\"Il modo pi\u00f9 potente (e legale) di superare il vantaggio del banco consiste nel variare le scommesse a seconda del true count. Ulteriori miglioramenti\" \/>\n<meta property=\"og:url\" content=\"https:\/\/www.blackjackinfo.com\/fr\/ecole-de-blackjack\/lecon-13-cours-avance-partie-1\/\" \/>\n<meta property=\"og:site_name\" content=\"BlackjackInfo.com\" \/>\n<meta property=\"article:modified_time\" content=\"2018-04-18T07:07:13+00:00\" \/>\n<meta name=\"twitter:label1\" content=\"Dur\u00e9e de lecture estim\u00e9e\" \/>\n\t<meta name=\"twitter:data1\" content=\"4 minutes\" \/>\n<script type=\"application\/ld+json\" class=\"yoast-schema-graph\">{\"@context\":\"https:\/\/schema.org\",\"@graph\":[{\"@type\":\"WebPage\",\"@id\":\"https:\/\/www.blackjackinfo.com\/blackjack-school\/lesson-13-advanced-course-part-1\/\",\"url\":\"https:\/\/www.blackjackinfo.com\/blackjack-school\/lesson-13-advanced-course-part-1\/\",\"name\":\"Lezione 13 - Il Corso Avanzato - Parte 1\",\"isPartOf\":{\"@id\":\"https:\/\/www.blackjackinfo.com\/#website\"},\"datePublished\":\"2017-03-13T03:05:47+00:00\",\"dateModified\":\"2018-04-18T07:07:13+00:00\",\"description\":\"Il modo pi\u00f9 potente (e legale) di superare il vantaggio del banco consiste nel variare le scommesse a seconda del true count. Ulteriori miglioramenti\",\"breadcrumb\":{\"@id\":\"https:\/\/www.blackjackinfo.com\/blackjack-school\/lesson-13-advanced-course-part-1\/#breadcrumb\"},\"inLanguage\":\"fr-FR\",\"potentialAction\":[{\"@type\":\"ReadAction\",\"target\":[\"https:\/\/www.blackjackinfo.com\/blackjack-school\/lesson-13-advanced-course-part-1\/\"]}]},{\"@type\":\"BreadcrumbList\",\"@id\":\"https:\/\/www.blackjackinfo.com\/blackjack-school\/lesson-13-advanced-course-part-1\/#breadcrumb\",\"itemListElement\":[{\"@type\":\"ListItem\",\"position\":1,\"name\":\"Home\",\"item\":\"https:\/\/www.blackjackinfo.com\/\"},{\"@type\":\"ListItem\",\"position\":2,\"name\":\"La Scuola di Blackjack di GameMaster\",\"item\":\"https:\/\/www.it.blackjackinfo.com\/scuola-di-blackjack\/\"},{\"@type\":\"ListItem\",\"position\":3,\"name\":\"Lezione 13 &#8211; Il Corso Avanzato &#8211; Parte 1\"}]},{\"@type\":\"WebSite\",\"@id\":\"https:\/\/www.blackjackinfo.com\/#website\",\"url\":\"https:\/\/www.blackjackinfo.com\/\",\"name\":\"BlackjackInfo.com\",\"description\":\"Because Winning is More Fun!\",\"potentialAction\":[{\"@type\":\"SearchAction\",\"target\":{\"@type\":\"EntryPoint\",\"urlTemplate\":\"https:\/\/www.blackjackinfo.com\/?s={search_term_string}\"},\"query-input\":{\"@type\":\"PropertyValueSpecification\",\"valueRequired\":true,\"valueName\":\"search_term_string\"}}],\"inLanguage\":\"fr-FR\"}]}<\/script>\n<!-- \/ Yoast SEO plugin. -->","yoast_head_json":{"title":"Lezione 13 - Il Corso Avanzato - Parte 1","description":"Le moyen le plus puissant (et le plus l\u00e9gal) de r\u00e9duire la valeur de la banque consiste \u00e0 varier les montants en fonction du nombre r\u00e9el. Am\u00e9liorations ult\u00e9rieures","robots":{"index":"index","follow":"follow","max-snippet":"max-snippet:-1","max-image-preview":"max-image-preview:large","max-video-preview":"max-video-preview:-1"},"canonical":"https:\/\/www.blackjackinfo.com\/fr\/ecole-de-blackjack\/lecon-13-cours-avance-partie-1\/","og_locale":"fr_FR","og_type":"article","og_title":"Lezione 13 - Il Corso Avanzato - Parte 1","og_description":"Il modo pi\u00f9 potente (e legale) di superare il vantaggio del banco consiste nel variare le scommesse a seconda del true count. Ulteriori miglioramenti","og_url":"https:\/\/www.blackjackinfo.com\/fr\/ecole-de-blackjack\/lecon-13-cours-avance-partie-1\/","og_site_name":"BlackjackInfo.com","article_modified_time":"2018-04-18T07:07:13+00:00","twitter_misc":{"Dur\u00e9e de lecture estim\u00e9e":"4 minutes"},"schema":{"@context":"https:\/\/schema.org","@graph":[{"@type":"WebPage","@id":"https:\/\/www.blackjackinfo.com\/blackjack-school\/lesson-13-advanced-course-part-1\/","url":"https:\/\/www.blackjackinfo.com\/blackjack-school\/lesson-13-advanced-course-part-1\/","name":"Lezione 13 - Il Corso Avanzato - Parte 1","isPartOf":{"@id":"https:\/\/www.blackjackinfo.com\/#website"},"datePublished":"2017-03-13T03:05:47+00:00","dateModified":"2018-04-18T07:07:13+00:00","description":"Le moyen le plus puissant (et le plus l\u00e9gal) de r\u00e9duire la valeur de la banque consiste \u00e0 varier les montants en fonction du nombre r\u00e9el. Am\u00e9liorations ult\u00e9rieures","breadcrumb":{"@id":"https:\/\/www.blackjackinfo.com\/blackjack-school\/lesson-13-advanced-course-part-1\/#breadcrumb"},"inLanguage":"fr-FR","potentialAction":[{"@type":"ReadAction","target":["https:\/\/www.blackjackinfo.com\/blackjack-school\/lesson-13-advanced-course-part-1\/"]}]},{"@type":"BreadcrumbList","@id":"https:\/\/www.blackjackinfo.com\/blackjack-school\/lesson-13-advanced-course-part-1\/#breadcrumb","itemListElement":[{"@type":"ListItem","position":1,"name":"Home","item":"https:\/\/www.blackjackinfo.com\/"},{"@type":"ListItem","position":2,"name":"La Scuola di Blackjack di GameMaster","item":"https:\/\/www.it.blackjackinfo.com\/scuola-di-blackjack\/"},{"@type":"ListItem","position":3,"name":"Lezione 13 &#8211; Il Corso Avanzato &#8211; Parte 1"}]},{"@type":"WebSite","@id":"https:\/\/www.blackjackinfo.com\/#website","url":"https:\/\/www.blackjackinfo.com\/","name":"BlackjackInfo.com","description":"Parce que gagner, c'est plus amusant !","potentialAction":[{"@type":"SearchAction","target":{"@type":"EntryPoint","urlTemplate":"https:\/\/www.blackjackinfo.com\/?s={search_term_string}"},"query-input":{"@type":"PropertyValueSpecification","valueRequired":true,"valueName":"search_term_string"}}],"inLanguage":"fr-FR"}]}},"_links":{"self":[{"href":"https:\/\/www.blackjackinfo.com\/fr\/wp-json\/wp\/v2\/pages\/2781","targetHints":{"allow":["GET"]}}],"collection":[{"href":"https:\/\/www.blackjackinfo.com\/fr\/wp-json\/wp\/v2\/pages"}],"about":[{"href":"https:\/\/www.blackjackinfo.com\/fr\/wp-json\/wp\/v2\/types\/page"}],"author":[{"embeddable":true,"href":"https:\/\/www.blackjackinfo.com\/fr\/wp-json\/wp\/v2\/users\/4"}],"replies":[{"embeddable":true,"href":"https:\/\/www.blackjackinfo.com\/fr\/wp-json\/wp\/v2\/comments?post=2781"}],"version-history":[{"count":2,"href":"https:\/\/www.blackjackinfo.com\/fr\/wp-json\/wp\/v2\/pages\/2781\/revisions"}],"predecessor-version":[{"id":2783,"href":"https:\/\/www.blackjackinfo.com\/fr\/wp-json\/wp\/v2\/pages\/2781\/revisions\/2783"}],"up":[{"embeddable":true,"href":"https:\/\/www.blackjackinfo.com\/fr\/wp-json\/wp\/v2\/pages\/2715"}],"wp:attachment":[{"href":"https:\/\/www.blackjackinfo.com\/fr\/wp-json\/wp\/v2\/media?parent=2781"}],"wp:term":[{"taxonomy":"post_tag","embeddable":true,"href":"https:\/\/www.blackjackinfo.com\/fr\/wp-json\/wp\/v2\/tags?post=2781"}],"curies":[{"name":"wp","href":"https:\/\/api.w.org\/{rel}","templated":true}]}}