{"id":2784,"date":"2017-03-12T22:12:34","date_gmt":"2017-03-13T03:12:34","guid":{"rendered":"https:\/\/www.blackjackinfo.com\/?page_id=2784\/"},"modified":"2018-04-18T02:07:13","modified_gmt":"2018-04-18T07:07:13","slug":"lezione-14-il-corso-avanzato-parte-2","status":"publish","type":"page","link":"https:\/\/www.blackjackinfo.com\/fr\/scuola-di-blackjack\/lezione-14-il-corso-avanzato-parte-2\/","title":{"rendered":"Lezione 14 - Il Corso Avanzato - Parte 2"},"content":{"rendered":"<h3 class=\"gbs-heading\">Variations de la strat\u00e9gie de base : Tirare o Fermarsi ?<\/h3>\n<p class=\"intro\"><b>La d\u00e9cision la plus commune que chaque joueur doit prendre au jeu de Blackjack est de savoir s'il faut tirer ou fermer. En cons\u00e9quence, il s'agit de la variation de la base strat\u00e9gique la plus commune que vous devez impartir \u00e0 tous les autres.<\/b> La premi\u00e8re est avec une main de 16 contre une 10 du banco. Vous devez fermer si le compte est \u00e9gal ou sup\u00e9rieur \u00e0 0 et tirer s'il est inf\u00e9rieur \u00e0 0. Cela signifie que si le compte courant est sup\u00e9rieur ou inf\u00e9rieur \u00e0 0, il faut fermer. Si le chiffre relatif \u00e0 la \"d\u00e9cision\" est \u00e9gal \u00e0 0, il n'est pas n\u00e9cessaire de calculer l'effectif r\u00e9el - l'effectif courant est bascul\u00e9 dans cette situation. Il n'y a pas de probl\u00e8me dans ce cas. Presque toutes les variations de la strat\u00e9gie de base s'appliquent au d\u00e9compte r\u00e9el, mais pour celles o\u00f9 le nombre de d\u00e9cisions est \u00e9gal \u00e0 0, le d\u00e9compte courant suffit.<\/p>\n<p>La deuxi\u00e8me main dans l'ordre d'importance est le 15 contre le 10 du banco. Si vous jouez avec quatre ou plus de pi\u00e8ces, le nombre d\u00e9cisionnel est un nombre vrai de 4. Ces variations et les autres vues pr\u00e9c\u00e9demment peuvent \u00eatre facilement assimil\u00e9es gr\u00e2ce \u00e0 l'utilisation de cartes flash. Il n'est pas n\u00e9cessaire de les rendre car\u00e9n\u00e9es ou sophistiqu\u00e9es ; il suffit qu'elles soient pr\u00e9cises. Il suffit de faire un petit quadratino avec les cartes manille et de les faire fonctionner correctement de mani\u00e8re uniforme. Une flashcard typique se pr\u00e9sente comme suit<\/p>\n<div class=\"text-center\">\n<img loading=\"lazy\" decoding=\"async\" src=\"\/img\/Blackjack-School\/flashcard1.jpg\" width=\"144\" height=\"144\" alt=\"Flash Card 1\" data-no-auto-translation=\"\">\n<\/div>\n<p>Imaginez les 10 et les 16 plac\u00e9s dans la zone centrale d'un carr\u00e9 de 2\u2033 X 2\u2033, le 0 dans l'angle inf\u00e9rieur de fa\u00e7on \u00e0 ce que le pollice sinistro puisse copier le num\u00e9ro. Lorsque vous proc\u00e9dez \u00e0 l'examen de la pile, dites \"s\u00e9diments contre 10, fermer \u00e0 z\u00e9ro\" (ou plus de 0). Pour une main de 15 contre 10, une carte sera comme celle-ci<\/p>\n<div class=\"text-center\">\n<img loading=\"lazy\" decoding=\"async\" src=\"\/img\/Blackjack-School\/flashcard2.jpg\" width=\"144\" height=\"144\" alt=\"Flash Card 2\" data-no-auto-translation=\"\">\n<\/div>\n<p>Quand vous arrivez \u00e0 cette carte, dites \"15 contre 10 ; fermez \u00e0 4\".<\/p>\n<p>Avec le passage du temps, il n'est pas n\u00e9cessaire de rappeler que l'on doit fermer avec un 15 contre un 10, en disant \"15 contre 10 \u00e8 4\".<\/p>\n<p><b>Voici les num\u00e9ros que vous devez utiliser.<\/b> Les chiffres publi\u00e9s dans le livre de Stanford Wong \"Professional Blackjack\" peuvent varier un peu, car ceux que j'ai indiqu\u00e9s sont sp\u00e9cifiques \u00e0 un jeu avec deux cartes o\u00f9 la banque est ferm\u00e9e avec A-6, et certains ont \u00e9t\u00e9 modifi\u00e9s en fonction de la th\u00e9orie de jeu de l'\"aversion au risque\" qui a \u00e9t\u00e9 \u00e9labor\u00e9e il y a environ 15 ans. Ces num\u00e9ros fonctionnent parfaitement ; ils ont \u00e9t\u00e9 test\u00e9s pendant des milliers d'heures, par moi et mes \u00e9tudiants, dans des casinos. NON usateli, comunque, per il gioco con un solo mazzo. Le jeu avec un seul mazzo n\u00e9cessite des co\u00fbts diff\u00e9rents et sera examin\u00e9 lors d'une prochaine session.<\/p>\n<hr \/>\n<p class=\"ctr\"><b>Variazioni Strategia Base : 6 Mazzi, Le Banco si ferma con A-6<\/b><\/p>\n<table class=\"gbs-ctable\">\n<tbody>\n<tr>\n<td class=\"w20\">12 vs. 2<\/td>\n<td class=\"w30\">Fermeture avec 3 ou plus<\/td>\n<\/tr>\n<tr>\n<td>12 vs. 3<\/td>\n<td>Fermarsi con 2 o superiore<\/td>\n<\/tr>\n<tr>\n<td>12 vs. 4<\/td>\n<td>Fermer avec 0 ou plus<\/td>\n<td class=\"smaller\">(Si, si le d\u00e9compte des courses est n\u00e9gatif, tirez un 12 contre un 4, ce qui aura pour effet d'impressionner les autres joueurs du tavolo !)<\/td>\n<\/tr>\n<tr>\n<td>12 contre 5<\/td>\n<td>Fermeture avec -1 ou plus<\/td>\n<td class=\"smaller\">(Cela signifie qu'il faut tirer lorsque le contenu est inf\u00e9rieur \u00e0 -1).<\/td>\n<\/tr>\n<tr>\n<td>13 vs. 2<\/td>\n<td>Fermeture avec -1 ou plus<\/td>\n<\/tr>\n<tr>\n<td>14 contre A<\/td>\n<td>Fermeture \u00e0 9 ou plus<\/td>\n<\/tr>\n<tr>\n<td>15 vs. 7<\/td>\n<td>Fermeture \u00e0 10 ou plus<\/td>\n<\/tr>\n<tr>\n<td>15 vs. 8<\/td>\n<td>Fermeture \u00e0 10 ou plus<\/td>\n<\/tr>\n<tr>\n<td>15 vs. 9<\/td>\n<td>Fermeture \u00e0 8 ou plus<\/td>\n<\/tr>\n<tr>\n<td>15 contre 10<\/td>\n<td>Fermeture avec 4 ou plus<\/td>\n<\/tr>\n<tr>\n<td>15 contre A<\/td>\n<td>Fermeture \u00e0 9 ou plus<\/td>\n<\/tr>\n<tr>\n<td>16 vs. 7<\/td>\n<td>Fermeture \u00e0 9 ou plus<\/td>\n<\/tr>\n<tr>\n<td>16 contre 8<\/td>\n<td>Fermeture avec 7 ou plus<\/td>\n<\/tr>\n<tr>\n<td>16 vs. 9<\/td>\n<td>Fermeture avec 5 ou plus<\/td>\n<\/tr>\n<tr>\n<td>16 contre 10<\/td>\n<td>Fermer avec 0 ou plus<\/td>\n<\/tr>\n<tr>\n<td>16 contre A<\/td>\n<td>Fermeture \u00e0 8 ou plus<\/td>\n<\/tr>\n<\/tbody>\n<\/table>\n<hr \/>\n<p>Et pour finir, un jeu \u00e9trange : Fermarsi con un A-7 contro un Asso con 1 o superiore.<\/p>\n<h3 class=\"gbs-heading\">Compensations pour la maison<\/h3>\n<p>Construisez un ensemble de flashcards et commencez \u00e0 apprendre ces variations.<\/p>","protected":false},"excerpt":{"rendered":"<p>Variazioni della Strategia Base: Tirare o Fermarsi? La decisione pi\u00f9 comune che ogni giocatore deve fare al tavolo da Blackjack \u00e8 se tirare o fermarsi, di conseguenza ci\u00f2 diventer\u00e0 la variazione della strategia base pi\u00f9 comune che dovreste imparare fra tutte le altre. La prima \u00e8 con una mano di 16 contro un 10 del [&hellip;]<\/p>\n","protected":false},"author":4,"featured_media":0,"parent":2715,"menu_order":0,"comment_status":"open","ping_status":"open","template":"page-blacjack-school-it.php","meta":{"_acf_changed":false,"footnotes":""},"tags":[],"class_list":["post-2784","page","type-page","status-publish","hentry"],"acf":[],"yoast_head":"<!-- This site is optimized with the Yoast SEO plugin v26.6 - https:\/\/yoast.com\/wordpress\/plugins\/seo\/ -->\n<title>Lezione 14 - Il Corso Avanzato - Parte 2<\/title>\n<meta name=\"description\" content=\"Variazioni della Strategia Base: Tirare o Fermarsi? La decisione pi\u00f9 comune che ogni giocatore deve fare al tavolo da Blackjack \u00e8 se tirare o fermarsi, di\" \/>\n<meta name=\"robots\" content=\"index, follow, max-snippet:-1, max-image-preview:large, max-video-preview:-1\" \/>\n<link rel=\"canonical\" href=\"https:\/\/www.blackjackinfo.com\/fr\/ecole-de-blackjack\/lecon-14-cours-avance-partie-2\/\" \/>\n<meta property=\"og:locale\" content=\"fr_FR\" \/>\n<meta property=\"og:type\" content=\"article\" \/>\n<meta property=\"og:title\" content=\"Lezione 14 - Il Corso Avanzato - Parte 2\" \/>\n<meta property=\"og:description\" content=\"Variazioni della Strategia Base: Tirare o Fermarsi? La decisione pi\u00f9 comune che ogni giocatore deve fare al tavolo da Blackjack \u00e8 se tirare o fermarsi, di\" \/>\n<meta property=\"og:url\" content=\"https:\/\/www.blackjackinfo.com\/fr\/ecole-de-blackjack\/lecon-14-cours-avance-partie-2\/\" \/>\n<meta property=\"og:site_name\" content=\"BlackjackInfo.com\" \/>\n<meta property=\"article:modified_time\" content=\"2018-04-18T07:07:13+00:00\" \/>\n<meta name=\"twitter:label1\" content=\"Dur\u00e9e de lecture estim\u00e9e\" \/>\n\t<meta name=\"twitter:data1\" content=\"3 minutes\" \/>\n<script type=\"application\/ld+json\" class=\"yoast-schema-graph\">{\"@context\":\"https:\/\/schema.org\",\"@graph\":[{\"@type\":\"WebPage\",\"@id\":\"https:\/\/www.blackjackinfo.com\/blackjack-school\/lesson-14-advanced-course-part-2\/\",\"url\":\"https:\/\/www.blackjackinfo.com\/blackjack-school\/lesson-14-advanced-course-part-2\/\",\"name\":\"Lezione 14 - Il Corso Avanzato - Parte 2\",\"isPartOf\":{\"@id\":\"https:\/\/www.blackjackinfo.com\/#website\"},\"datePublished\":\"2017-03-13T03:12:34+00:00\",\"dateModified\":\"2018-04-18T07:07:13+00:00\",\"description\":\"Variazioni della Strategia Base: Tirare o Fermarsi? La decisione pi\u00f9 comune che ogni giocatore deve fare al tavolo da Blackjack \u00e8 se tirare o fermarsi, di\",\"breadcrumb\":{\"@id\":\"https:\/\/www.blackjackinfo.com\/blackjack-school\/lesson-14-advanced-course-part-2\/#breadcrumb\"},\"inLanguage\":\"fr-FR\",\"potentialAction\":[{\"@type\":\"ReadAction\",\"target\":[\"https:\/\/www.blackjackinfo.com\/blackjack-school\/lesson-14-advanced-course-part-2\/\"]}]},{\"@type\":\"BreadcrumbList\",\"@id\":\"https:\/\/www.blackjackinfo.com\/blackjack-school\/lesson-14-advanced-course-part-2\/#breadcrumb\",\"itemListElement\":[{\"@type\":\"ListItem\",\"position\":1,\"name\":\"Home\",\"item\":\"https:\/\/www.blackjackinfo.com\/\"},{\"@type\":\"ListItem\",\"position\":2,\"name\":\"La Scuola di Blackjack di GameMaster\",\"item\":\"https:\/\/www.it.blackjackinfo.com\/scuola-di-blackjack\/\"},{\"@type\":\"ListItem\",\"position\":3,\"name\":\"Lezione 14 &#8211; Il Corso Avanzato &#8211; Parte 2\"}]},{\"@type\":\"WebSite\",\"@id\":\"https:\/\/www.blackjackinfo.com\/#website\",\"url\":\"https:\/\/www.blackjackinfo.com\/\",\"name\":\"BlackjackInfo.com\",\"description\":\"Because Winning is More Fun!\",\"potentialAction\":[{\"@type\":\"SearchAction\",\"target\":{\"@type\":\"EntryPoint\",\"urlTemplate\":\"https:\/\/www.blackjackinfo.com\/?s={search_term_string}\"},\"query-input\":{\"@type\":\"PropertyValueSpecification\",\"valueRequired\":true,\"valueName\":\"search_term_string\"}}],\"inLanguage\":\"fr-FR\"}]}<\/script>\n<!-- \/ Yoast SEO plugin. -->","yoast_head_json":{"title":"Lezione 14 - Il Corso Avanzato - Parte 2","description":"Variations de la strat\u00e9gie de base : Tirer ou fermer ? La d\u00e9cision la plus commune que chaque joueur doit prendre au tournoi de Blackjack est de savoir si l'on doit tirer ou fermer, d'o\u00f9 l'importance de la strat\u00e9gie de base.","robots":{"index":"index","follow":"follow","max-snippet":"max-snippet:-1","max-image-preview":"max-image-preview:large","max-video-preview":"max-video-preview:-1"},"canonical":"https:\/\/www.blackjackinfo.com\/fr\/ecole-de-blackjack\/lecon-14-cours-avance-partie-2\/","og_locale":"fr_FR","og_type":"article","og_title":"Lezione 14 - Il Corso Avanzato - Parte 2","og_description":"Variazioni della Strategia Base: Tirare o Fermarsi? La decisione pi\u00f9 comune che ogni giocatore deve fare al tavolo da Blackjack \u00e8 se tirare o fermarsi, di","og_url":"https:\/\/www.blackjackinfo.com\/fr\/ecole-de-blackjack\/lecon-14-cours-avance-partie-2\/","og_site_name":"BlackjackInfo.com","article_modified_time":"2018-04-18T07:07:13+00:00","twitter_misc":{"Dur\u00e9e de lecture estim\u00e9e":"3 minutes"},"schema":{"@context":"https:\/\/schema.org","@graph":[{"@type":"WebPage","@id":"https:\/\/www.blackjackinfo.com\/blackjack-school\/lesson-14-advanced-course-part-2\/","url":"https:\/\/www.blackjackinfo.com\/blackjack-school\/lesson-14-advanced-course-part-2\/","name":"Lezione 14 - Il Corso Avanzato - Parte 2","isPartOf":{"@id":"https:\/\/www.blackjackinfo.com\/#website"},"datePublished":"2017-03-13T03:12:34+00:00","dateModified":"2018-04-18T07:07:13+00:00","description":"Variations de la strat\u00e9gie de base : Tirer ou fermer ? La d\u00e9cision la plus commune que chaque joueur doit prendre au tournoi de Blackjack est de savoir si l'on doit tirer ou fermer, d'o\u00f9 l'importance de la strat\u00e9gie de base.","breadcrumb":{"@id":"https:\/\/www.blackjackinfo.com\/blackjack-school\/lesson-14-advanced-course-part-2\/#breadcrumb"},"inLanguage":"fr-FR","potentialAction":[{"@type":"ReadAction","target":["https:\/\/www.blackjackinfo.com\/blackjack-school\/lesson-14-advanced-course-part-2\/"]}]},{"@type":"BreadcrumbList","@id":"https:\/\/www.blackjackinfo.com\/blackjack-school\/lesson-14-advanced-course-part-2\/#breadcrumb","itemListElement":[{"@type":"ListItem","position":1,"name":"Home","item":"https:\/\/www.blackjackinfo.com\/"},{"@type":"ListItem","position":2,"name":"La Scuola di Blackjack di GameMaster","item":"https:\/\/www.it.blackjackinfo.com\/scuola-di-blackjack\/"},{"@type":"ListItem","position":3,"name":"Lezione 14 &#8211; Il Corso Avanzato &#8211; Parte 2"}]},{"@type":"WebSite","@id":"https:\/\/www.blackjackinfo.com\/#website","url":"https:\/\/www.blackjackinfo.com\/","name":"BlackjackInfo.com","description":"Parce que gagner, c'est plus amusant !","potentialAction":[{"@type":"SearchAction","target":{"@type":"EntryPoint","urlTemplate":"https:\/\/www.blackjackinfo.com\/?s={search_term_string}"},"query-input":{"@type":"PropertyValueSpecification","valueRequired":true,"valueName":"search_term_string"}}],"inLanguage":"fr-FR"}]}},"_links":{"self":[{"href":"https:\/\/www.blackjackinfo.com\/fr\/wp-json\/wp\/v2\/pages\/2784","targetHints":{"allow":["GET"]}}],"collection":[{"href":"https:\/\/www.blackjackinfo.com\/fr\/wp-json\/wp\/v2\/pages"}],"about":[{"href":"https:\/\/www.blackjackinfo.com\/fr\/wp-json\/wp\/v2\/types\/page"}],"author":[{"embeddable":true,"href":"https:\/\/www.blackjackinfo.com\/fr\/wp-json\/wp\/v2\/users\/4"}],"replies":[{"embeddable":true,"href":"https:\/\/www.blackjackinfo.com\/fr\/wp-json\/wp\/v2\/comments?post=2784"}],"version-history":[{"count":3,"href":"https:\/\/www.blackjackinfo.com\/fr\/wp-json\/wp\/v2\/pages\/2784\/revisions"}],"predecessor-version":[{"id":2787,"href":"https:\/\/www.blackjackinfo.com\/fr\/wp-json\/wp\/v2\/pages\/2784\/revisions\/2787"}],"up":[{"embeddable":true,"href":"https:\/\/www.blackjackinfo.com\/fr\/wp-json\/wp\/v2\/pages\/2715"}],"wp:attachment":[{"href":"https:\/\/www.blackjackinfo.com\/fr\/wp-json\/wp\/v2\/media?parent=2784"}],"wp:term":[{"taxonomy":"post_tag","embeddable":true,"href":"https:\/\/www.blackjackinfo.com\/fr\/wp-json\/wp\/v2\/tags?post=2784"}],"curies":[{"name":"wp","href":"https:\/\/api.w.org\/{rel}","templated":true}]}}