{"id":2788,"date":"2017-03-12T22:18:35","date_gmt":"2017-03-13T03:18:35","guid":{"rendered":"https:\/\/www.blackjackinfo.com\/?page_id=2788\/"},"modified":"2018-04-18T02:07:13","modified_gmt":"2018-04-18T07:07:13","slug":"lezione-15-il-corso-avanzato-parte-3","status":"publish","type":"page","link":"https:\/\/www.blackjackinfo.com\/fr\/scuola-di-blackjack\/lezione-15-il-corso-avanzato-parte-3\/","title":{"rendered":"Lezione 15 - Il Corso Avanzato - Parte 3"},"content":{"rendered":"<h3 class=\"gbs-heading\">Variations de la strat\u00e9gie de base : Raddoppio ?<\/h3>\n<p class=\"intro\"><b>L'opportunit\u00e9 de radier votre carte en lieu et place d'une seule carte suppl\u00e9mentaire est une option puissante pour le joueur, si elle est utilis\u00e9e correctement.<\/b> Je ne peux pas vous dire combien de fois j'ai vu des joueurs qui ont jou\u00e9 avec une main de 7 ou 8 contre un 6 de la banque et qui, une fois perdus, se sont plaints de la d\u00e9faite. Si le banc est tr\u00e8s vuln\u00e9rable lorsqu'il affiche un 6, le fait de passer une \u00e9preuve suppl\u00e9mentaire modifie la math\u00e9matique de la main, et tous les radicaux doivent \u00eatre consid\u00e9r\u00e9s avec pr\u00e9cision. Par exemple, lors d'un jeu avec six joueurs o\u00f9 la banque est ferm\u00e9e avec A-6, utiliser sa propre main de 8 contre le 6 de la banque donne un b\u00e9n\u00e9fice total de 10,31 TTP3T alors que l'utiliser donne un b\u00e9n\u00e9fice de 12,31 TTP3T et le risque est faible !<\/p>\n<p><b>Ceci \u00e9tant dit, il y a un moment o\u00f9 il est pratique d'utiliser un 8 contre un 6 du banco et o\u00f9 il y a une quantit\u00e9 plus grande que la normale de 10 qui se trouvent encore dans le mazzo.<\/b> Ce point est d\u00e9termin\u00e9, naturellement, par le compte r\u00e9el. Lorsque le compte r\u00e9el augmente en devenant plus positif, il convient alors de radiodiffuser. Au contraire, plus le contenu est n\u00e9gatif, plus il convient de tirer d'une certaine mani\u00e8re, plut\u00f4t que de radier.<br \/>\n<b>De m\u00eame que vous avez utilis\u00e9 les flashcards pour introduire les variations de lecture et d'\u00e9criture, construisez un autre ensemble de ces cartes pour le radiodiffuseur.<\/b> Cliquez sur les chiffres que vous souhaitez obtenir :<\/p>\n<h3 class=\"gbs-heading\">Variazioni Strategia Base Sei mazzi, il banco si ferma con A-6<\/h3>\n<p class=\"ctr\"><b>Raddoppio Leggero<\/b><\/p>\n<table class=\"gbs-ctable\">\n<tbody>\n<tr>\n<td class=\"w20\">A-2 vs. 4<\/td>\n<td class=\"w20\">Raddoppiare con 3.<\/td>\n<td class=\"smaller\">(Capito ? La strat\u00e9gie de base pr\u00e9voit de TIRER un A-2 contre un 4, mais si le d\u00e9compte r\u00e9el est de 3 ou plus, il faut radier).<\/td>\n<\/tr>\n<tr>\n<td>A-2 vs. 5<\/td>\n<td>Raddoppiare con 0.<\/td>\n<td class=\"smaller\">i(Non vi confondete in questo caso. La strat\u00e9gie de base pr\u00e9voit de RADDOPPIARE un A-2 contre un 5, mais si le r\u00e9sultat est n\u00e9gatif, on tire ; on radie seulement si le r\u00e9sultat est sup\u00e9rieur ou inf\u00e9rieur \u00e0 0).<\/td>\n<\/tr>\n<tr>\n<td>A-2 vs. 6<\/td>\n<td>Raddoppiare con -1.<\/td>\n<td class=\"smaller\">(ou sup\u00e9rieur. Jusqu'\u00e0 ce que le conteneur soit inf\u00e9rieur \u00e0 -1, vous devez radier ; lorsque le conteneur est inf\u00e9rieur \u00e0 -1, vous devez tirer - ensuite, vous devez fermer le tiroir si le conteneur ne s'am\u00e9liore pas).<\/td>\n<\/tr>\n<tr>\n<td>A-3 vs. 4<\/td>\n<td>Raddoppiare con 1.<\/td>\n<\/tr>\n<tr>\n<td>A-3 vs. 5<\/td>\n<td>Raddoppiare con -1.<\/td>\n<\/tr>\n<tr>\n<td>A-4 vs. 4<\/td>\n<td>Raddoppiare con 0.<\/td>\n<\/tr>\n<tr>\n<td>A-7 vs. 2<\/td>\n<td>Raddoppiare con 1.<\/td>\n<\/tr>\n<tr>\n<td>A-8 vs. 4<\/td>\n<td>Raddoppiare con 5.<\/td>\n<\/tr>\n<tr>\n<td>A-8 vs. 5<\/td>\n<td>Raddoppiare con 2.<\/td>\n<\/tr>\n<tr>\n<td>A-8 vs. 6<\/td>\n<td>Raddoppiare con 1.<\/td>\n<\/tr>\n<tr>\n<td>A-9 vs. 5<\/td>\n<td>Raddoppiare con 6.<\/td>\n<\/tr>\n<tr>\n<td>A-9 vs. 6<\/td>\n<td>Raddoppiare con 5.<\/td>\n<\/tr>\n<\/tbody>\n<\/table>\n<p class=\"ctr\"><b>Raddoppio Difficile<\/b><\/p>\n<table class=\"gbs-ctable\">\n<tbody>\n<tr>\n<td>8 contre 5<\/td>\n<td>Raddoppiare con 6.<\/td>\n<\/tr>\n<tr>\n<td>8 contre 6<\/td>\n<td>Raddoppiare con 3.<\/td>\n<\/tr>\n<tr>\n<td>9 contre 2<\/td>\n<td>Raddoppiare con 2.<\/td>\n<\/tr>\n<tr>\n<td>9 contre 3<\/td>\n<td>Raddoppiare con 0.<\/td>\n<\/tr>\n<tr>\n<td>9 contre 7<\/td>\n<td>Raddoppiare con 6.<\/td>\n<\/tr>\n<tr>\n<td>10 contre 9<\/td>\n<td>Raddoppiare con -2.<\/td>\n<\/tr>\n<tr>\n<td>11 contre A<\/td>\n<td>Raddoppiare con 1.<\/td>\n<\/tr>\n<\/tbody>\n<\/table>\n<h3 class=\"gbs-heading\">Compensations pour la maison<\/h3>\n<p>Cr\u00e9ez une s\u00e9rie de flashcards pour ces variations et commencez \u00e0 travailler pour la variante avec laquelle vous jouez.<\/p>","protected":false},"excerpt":{"rendered":"<p>Variazioni della Strategia Base: Raddoppio? L&#8217;opportunit\u00e0 di raddoppiare la vostra puntata in cambio di ricevere una sola ulteriore carta \u00e8 un&#8217;opzione potente per il giocatore, se viene utilizzata correttamente. Non posso dirvi quante volte noto giocatori che raddoppiano con una mano di 7 o 8 contro un 6 del banco e poi quando perdono si [&hellip;]<\/p>\n","protected":false},"author":4,"featured_media":0,"parent":2715,"menu_order":0,"comment_status":"open","ping_status":"open","template":"page-blacjack-school-it.php","meta":{"_acf_changed":false,"footnotes":""},"tags":[],"class_list":["post-2788","page","type-page","status-publish","hentry"],"acf":[],"yoast_head":"<!-- This site is optimized with the Yoast SEO plugin v26.6 - https:\/\/yoast.com\/wordpress\/plugins\/seo\/ -->\n<title>Lezione 15 - Il Corso Avanzato - Parte 3<\/title>\n<meta name=\"description\" content=\"Variazioni della Strategia Base: Raddoppio? L&#039;opportunit\u00e0 di raddoppiare la vostra puntata in cambio di ricevere una sola ulteriore carta \u00e8 un&#039;opzione\" \/>\n<meta name=\"robots\" content=\"index, follow, max-snippet:-1, max-image-preview:large, max-video-preview:-1\" \/>\n<link rel=\"canonical\" href=\"https:\/\/www.blackjackinfo.com\/fr\/ecole-de-blackjack\/lecon-15-cours-avance-partie-3\/\" \/>\n<meta property=\"og:locale\" content=\"fr_FR\" \/>\n<meta property=\"og:type\" content=\"article\" \/>\n<meta property=\"og:title\" content=\"Lezione 15 - Il Corso Avanzato - Parte 3\" \/>\n<meta property=\"og:description\" content=\"Variazioni della Strategia Base: Raddoppio? L&#039;opportunit\u00e0 di raddoppiare la vostra puntata in cambio di ricevere una sola ulteriore carta \u00e8 un&#039;opzione\" \/>\n<meta property=\"og:url\" content=\"https:\/\/www.blackjackinfo.com\/fr\/ecole-de-blackjack\/lecon-15-cours-avance-partie-3\/\" \/>\n<meta property=\"og:site_name\" content=\"BlackjackInfo.com\" \/>\n<meta property=\"article:modified_time\" content=\"2018-04-18T07:07:13+00:00\" \/>\n<meta name=\"twitter:label1\" content=\"Dur\u00e9e de lecture estim\u00e9e\" \/>\n\t<meta name=\"twitter:data1\" content=\"2 minutes\" \/>\n<script type=\"application\/ld+json\" class=\"yoast-schema-graph\">{\"@context\":\"https:\/\/schema.org\",\"@graph\":[{\"@type\":\"WebPage\",\"@id\":\"https:\/\/www.blackjackinfo.com\/blackjack-school\/lesson-15-advanced-course-part-3\/\",\"url\":\"https:\/\/www.blackjackinfo.com\/blackjack-school\/lesson-15-advanced-course-part-3\/\",\"name\":\"Lezione 15 - Il Corso Avanzato - Parte 3\",\"isPartOf\":{\"@id\":\"https:\/\/www.blackjackinfo.com\/#website\"},\"datePublished\":\"2017-03-13T03:18:35+00:00\",\"dateModified\":\"2018-04-18T07:07:13+00:00\",\"description\":\"Variazioni della Strategia Base: Raddoppio? L'opportunit\u00e0 di raddoppiare la vostra puntata in cambio di ricevere una sola ulteriore carta \u00e8 un'opzione\",\"breadcrumb\":{\"@id\":\"https:\/\/www.blackjackinfo.com\/blackjack-school\/lesson-15-advanced-course-part-3\/#breadcrumb\"},\"inLanguage\":\"fr-FR\",\"potentialAction\":[{\"@type\":\"ReadAction\",\"target\":[\"https:\/\/www.blackjackinfo.com\/blackjack-school\/lesson-15-advanced-course-part-3\/\"]}]},{\"@type\":\"BreadcrumbList\",\"@id\":\"https:\/\/www.blackjackinfo.com\/blackjack-school\/lesson-15-advanced-course-part-3\/#breadcrumb\",\"itemListElement\":[{\"@type\":\"ListItem\",\"position\":1,\"name\":\"Home\",\"item\":\"https:\/\/www.blackjackinfo.com\/\"},{\"@type\":\"ListItem\",\"position\":2,\"name\":\"La Scuola di Blackjack di GameMaster\",\"item\":\"https:\/\/www.it.blackjackinfo.com\/scuola-di-blackjack\/\"},{\"@type\":\"ListItem\",\"position\":3,\"name\":\"Lezione 15 &#8211; Il Corso Avanzato &#8211; Parte 3\"}]},{\"@type\":\"WebSite\",\"@id\":\"https:\/\/www.blackjackinfo.com\/#website\",\"url\":\"https:\/\/www.blackjackinfo.com\/\",\"name\":\"BlackjackInfo.com\",\"description\":\"Because Winning is More Fun!\",\"potentialAction\":[{\"@type\":\"SearchAction\",\"target\":{\"@type\":\"EntryPoint\",\"urlTemplate\":\"https:\/\/www.blackjackinfo.com\/?s={search_term_string}\"},\"query-input\":{\"@type\":\"PropertyValueSpecification\",\"valueRequired\":true,\"valueName\":\"search_term_string\"}}],\"inLanguage\":\"fr-FR\"}]}<\/script>\n<!-- \/ Yoast SEO plugin. -->","yoast_head_json":{"title":"Lezione 15 - Il Corso Avanzato - Parte 3","description":"Variations de la strat\u00e9gie de base : Raddoppio ? L'opportunit\u00e9 de radier votre carte en lieu et place d'une seule carte suppl\u00e9mentaire est une option.","robots":{"index":"index","follow":"follow","max-snippet":"max-snippet:-1","max-image-preview":"max-image-preview:large","max-video-preview":"max-video-preview:-1"},"canonical":"https:\/\/www.blackjackinfo.com\/fr\/ecole-de-blackjack\/lecon-15-cours-avance-partie-3\/","og_locale":"fr_FR","og_type":"article","og_title":"Lezione 15 - Il Corso Avanzato - Parte 3","og_description":"Variazioni della Strategia Base: Raddoppio? L'opportunit\u00e0 di raddoppiare la vostra puntata in cambio di ricevere una sola ulteriore carta \u00e8 un'opzione","og_url":"https:\/\/www.blackjackinfo.com\/fr\/ecole-de-blackjack\/lecon-15-cours-avance-partie-3\/","og_site_name":"BlackjackInfo.com","article_modified_time":"2018-04-18T07:07:13+00:00","twitter_misc":{"Dur\u00e9e de lecture estim\u00e9e":"2 minutes"},"schema":{"@context":"https:\/\/schema.org","@graph":[{"@type":"WebPage","@id":"https:\/\/www.blackjackinfo.com\/blackjack-school\/lesson-15-advanced-course-part-3\/","url":"https:\/\/www.blackjackinfo.com\/blackjack-school\/lesson-15-advanced-course-part-3\/","name":"Lezione 15 - Il Corso Avanzato - Parte 3","isPartOf":{"@id":"https:\/\/www.blackjackinfo.com\/#website"},"datePublished":"2017-03-13T03:18:35+00:00","dateModified":"2018-04-18T07:07:13+00:00","description":"Variations de la strat\u00e9gie de base : Raddoppio ? L'opportunit\u00e9 de radier votre carte en lieu et place d'une seule carte suppl\u00e9mentaire est une option.","breadcrumb":{"@id":"https:\/\/www.blackjackinfo.com\/blackjack-school\/lesson-15-advanced-course-part-3\/#breadcrumb"},"inLanguage":"fr-FR","potentialAction":[{"@type":"ReadAction","target":["https:\/\/www.blackjackinfo.com\/blackjack-school\/lesson-15-advanced-course-part-3\/"]}]},{"@type":"BreadcrumbList","@id":"https:\/\/www.blackjackinfo.com\/blackjack-school\/lesson-15-advanced-course-part-3\/#breadcrumb","itemListElement":[{"@type":"ListItem","position":1,"name":"Home","item":"https:\/\/www.blackjackinfo.com\/"},{"@type":"ListItem","position":2,"name":"La Scuola di Blackjack di GameMaster","item":"https:\/\/www.it.blackjackinfo.com\/scuola-di-blackjack\/"},{"@type":"ListItem","position":3,"name":"Lezione 15 &#8211; Il Corso Avanzato &#8211; Parte 3"}]},{"@type":"WebSite","@id":"https:\/\/www.blackjackinfo.com\/#website","url":"https:\/\/www.blackjackinfo.com\/","name":"BlackjackInfo.com","description":"Parce que gagner, c'est plus amusant !","potentialAction":[{"@type":"SearchAction","target":{"@type":"EntryPoint","urlTemplate":"https:\/\/www.blackjackinfo.com\/?s={search_term_string}"},"query-input":{"@type":"PropertyValueSpecification","valueRequired":true,"valueName":"search_term_string"}}],"inLanguage":"fr-FR"}]}},"_links":{"self":[{"href":"https:\/\/www.blackjackinfo.com\/fr\/wp-json\/wp\/v2\/pages\/2788","targetHints":{"allow":["GET"]}}],"collection":[{"href":"https:\/\/www.blackjackinfo.com\/fr\/wp-json\/wp\/v2\/pages"}],"about":[{"href":"https:\/\/www.blackjackinfo.com\/fr\/wp-json\/wp\/v2\/types\/page"}],"author":[{"embeddable":true,"href":"https:\/\/www.blackjackinfo.com\/fr\/wp-json\/wp\/v2\/users\/4"}],"replies":[{"embeddable":true,"href":"https:\/\/www.blackjackinfo.com\/fr\/wp-json\/wp\/v2\/comments?post=2788"}],"version-history":[{"count":1,"href":"https:\/\/www.blackjackinfo.com\/fr\/wp-json\/wp\/v2\/pages\/2788\/revisions"}],"predecessor-version":[{"id":2789,"href":"https:\/\/www.blackjackinfo.com\/fr\/wp-json\/wp\/v2\/pages\/2788\/revisions\/2789"}],"up":[{"embeddable":true,"href":"https:\/\/www.blackjackinfo.com\/fr\/wp-json\/wp\/v2\/pages\/2715"}],"wp:attachment":[{"href":"https:\/\/www.blackjackinfo.com\/fr\/wp-json\/wp\/v2\/media?parent=2788"}],"wp:term":[{"taxonomy":"post_tag","embeddable":true,"href":"https:\/\/www.blackjackinfo.com\/fr\/wp-json\/wp\/v2\/tags?post=2788"}],"curies":[{"name":"wp","href":"https:\/\/api.w.org\/{rel}","templated":true}]}}