{"id":2794,"date":"2017-03-12T22:29:13","date_gmt":"2017-03-13T03:29:13","guid":{"rendered":"https:\/\/www.blackjackinfo.com\/?page_id=2794\/"},"modified":"2018-04-18T02:07:13","modified_gmt":"2018-04-18T07:07:13","slug":"lezione-18-blackjack-avanzato-con-un-solo-mazzo","status":"publish","type":"page","link":"https:\/\/www.blackjackinfo.com\/fr\/scuola-di-blackjack\/lezione-18-blackjack-avanzato-con-un-solo-mazzo\/","title":{"rendered":"Lezione 18 - Blackjack Avanzato con un Solo Mazzo"},"content":{"rendered":"<p class=\"intro\">Si une grande partie du contenu des cartes rel\u00e8ve de la science - la science des math\u00e9matiques - quand on joue avec un seul mazzo, le tout s'apparente davantage \u00e0 une forme d'art. <b>La conversion au comptage r\u00e9el devient difficile si l'on veut calculer rapidement, les \u00e9carts pour les nombres \u00e9lev\u00e9s (de plus de 4 \u00e0 1) sont difficiles \u00e0 obtenir et il est compliqu\u00e9 de maintenir un contexte pr\u00e9cis avec les cartes toutes copi\u00e9es, alors que nous n'avons m\u00eame pas la possibilit\u00e9 de contenir les cartes copi\u00e9es.<\/b> Malgr\u00e9 cela, vous vous sentez pr\u00eat \u00e0 jouer avec un seul mazzo et, bien que vous ayez test\u00e9 les jeux avec d'autres mazzos dans votre r\u00e9gion, vous avez gagn\u00e9 vos imp\u00f4ts et fait 2 ou 3 voyages par an \u00e0 Reno. Non, je ne suis pas un employ\u00e9 de la Chambre de commerce de Reno, mais je peux vous dire que c'est un endroit formidable pour faire des achats dans les bars de Blackjack, et qu'il est relativement peu co\u00fbteux et facile \u00e0 trouver dans tous les \u00c9tats membres de l'Union europ\u00e9enne. Il est certain que la plupart de leurs r\u00e8gles sont sans \u00e9quivoque (raddoppio consentito solo con il 10 e l'11, nessun raddoppio dopo la divisione e il banco tira con un A-6) et que cela permet au casino d'avoir une valeur de 0.5% que nous sommes les seuls \u00e0 vouloir combattre, mais il faut une carte de +1 pour \u00eatre en parit\u00e9 avec le banco et c'est la v\u00e9ritable attraction du jeu avec un seul mazzo. Il convient de pr\u00e9ciser que certains casinos de Reno (comme ceux de Tahoe et de Laughlin) acceptent de payer un suppl\u00e9ment pour chacune des deux premi\u00e8res cartes. En cons\u00e9quence, la valeur du casino est d'environ 0,2% et le jeu devient donc tr\u00e8s avantageux.<\/p>\n<p><b>La m\u00e9thode pour d\u00e9terminer si un jeu avec un seul mazzo est \u00e0 notre avantage consiste \u00e0 savoir quelles cartes sont utilis\u00e9es avant le tir.<\/b> Si vous jouez un jeu avec le 60% de p\u00e9n\u00e9tration et un score de 5 \u00e0 1, il est tr\u00e8s facile d'obtenir, \u00e0 long terme, un pourcentage de gain de 1,5% sur tous les gains r\u00e9alis\u00e9s, en appliquant simplement la strat\u00e9gie de base et en modifiant les scores en fonction du contexte. Si, en outre, vous modifiez \u00e9galement le jeu de votre main en fonction du d\u00e9compte r\u00e9el, le montant de la r\u00e9compense augmentera de 2%. Il s'agit l\u00e0 d'un v\u00e9ritable jeu d'argent pour les passionn\u00e9s de Blackjack, il vaut donc la peine de s'y int\u00e9resser.<\/p>\n<h3 class=\"gbs-heading\">Quel syst\u00e8me de contr\u00f4le ?<\/h3>\n<p><b>Utilisez deux syst\u00e8mes diff\u00e9rents pour contenir les cartes ; le syst\u00e8me Hi\/Lo pour les jeux avec plus de mazzis et le syst\u00e8me 'Hi-Opt 1' pour les jeux avec un seul mazzi.<\/b> Ce dernier contient les cartes 3 \u00e0 6 avec +1 ; les cartes 7,8,9 et asso avec 0 et les cartes 10 avec -1. S'il n'y a que quatre assiettes qui peuvent \u00eatre utilis\u00e9es dans le jeu avec un seul mazzo, j'ai l'impression que l'utilisation de l'assiette dans le conteneur am\u00e9liore le jeu de la main, et qu'il est encore possible de \"r\u00e9golier\" le conteneur pour effectuer mes r\u00e9parations. Nous parlons, pour un moment, du contenu s\u00e9par\u00e9 des assiettes. Dans une distribution normale, on s'attend \u00e0 ce qu'une personne soit pr\u00e9sente \u00e0 chaque quart de tour de jeu, mais cela n'est pas toujours le cas. Par exemple, si un quart de cercle a \u00e9t\u00e9 jou\u00e9 et qu'aucun asso n'a \u00e9t\u00e9 utilis\u00e9, le cercle restant est \"riche\" d'un asso. Il est possible - en cas de probl\u00e8me d'escroquerie - d'ajouter temporairement un +1 au compte, et en cas de probl\u00e8me de jeu, le d\u00e9compte r\u00e9el sans cet ajout est correct. Quel est le concept ? Si l'on a jou\u00e9 un quart de tour et que l'on a utilis\u00e9 2 assiettes, le tour restant est \"pauvre\" d'une assiette, ce qui diminue le compte de 1 (cio\u00e8, \"aggiungere\" un peu moins de 1 au compte) uniquement pour les jeux de cartes, parce que ma possibilit\u00e9 de gagner un blackjack est diminu\u00e9e. Il s'agit d'une am\u00e9lioration importante pour votre jeu, mais je vous conseille de ne l'utiliser qu'avec le mazzo unico, car la r\u00e9g\u00e9n\u00e9ration des cartes est tr\u00e8s on\u00e9reuse mentalement.<br \/>\nSi vous souhaitez utiliser le syst\u00e8me Hi-Opt, utilisez les m\u00eames techniques que celles utilis\u00e9es pour le syst\u00e8me Hi\/Lo. Toutes mes techniques de pointe sont cependant bas\u00e9es sur le syst\u00e8me Hi\/Lo, qui semble \u00eatre la m\u00e9thode la plus utilis\u00e9e.<\/p>\n<p><b>L'objectif le plus difficile \u00e0 atteindre dans le cadre d'un jeu avec un seul mazzo est de calculer le nombre r\u00e9el.<\/b> Avant tout, vous devez \"calibrer\" vos yeux pour mesurer le nombre de cartes que vous utilisez. Aujourd'hui, dans de nombreux casinos, le croupier place les cartes \u00e0 gratter dans un \u00e9chafaudage, \u00e0 la diff\u00e9rence des temps anciens o\u00f9 les cartes \u00e9taient plac\u00e9es en dessous, ce qui rend la stimulation du jeu plus facile. La partie vraiment difficile est de faire la division math\u00e9matique riche. Dans le jeu avec le plus grand nombre de mazzis, nous avons divis\u00e9 presque toujours un nombre int\u00e9rieur (le nombre courant) par un autre nombre qui \u00e9tait presque \u00e9gal \u00e0 1. Dichiaratamente, alcune personone hanno problemi a dividere velocemente 17 per 2.5, ma non ci vorr\u00e0 molto se vi ci allenate. Avec un seul mazzo, il faut toujours diviser par une fraction ou un d\u00e9cimale et ce n'est pas simple. Par exemple, si vous jouez avec un puzzle solo et qu'un quart de puzzle est utilis\u00e9, avec un compte courant de 3, le vrai compte est 3 divis\u00e9 par 0,75 = 4. Il s'agit d'un exemple fondamentalement simple. Proposez de diviser un compte courant de 5 par 0,5. La r\u00e9ponse est donc 10, mais quanti di voi hanno detto 2.5 o 1 ? Seul l'all\u00e8gement sera effectu\u00e9 de mani\u00e8re \u00e0 ce que cela devienne un processus automatique.<\/p>\n<h3 class=\"gbs-heading\">Compensations pour la maison<\/h3>\n<p>Continuez d'appliquer les chiffres de d\u00e9cision pour les variations de la strat\u00e9gie de base avec le syst\u00e8me Hi\/Lo dans le jeu avec le plus grand nombre de joueurs. Pour les \"personnes qui ont r\u00e9ussi\", commencez \u00e0 utiliser le contenu Hi-Opt 1.<\/p>","protected":false},"excerpt":{"rendered":"<p>Sebbene gran parte del conteggio delle carte sia una scienza \u2013 la scienza dei matematici \u2013 quando si gioca con un solo mazzo il tutto assomiglia di pi\u00f9 ad una forma d&#8217;arte. La conversione al True count diventa difficile se si desidera calcolarlo rapidamente, gli scarti per le puntate grosse (da oltre 4 a 1) [&hellip;]<\/p>\n","protected":false},"author":4,"featured_media":0,"parent":2715,"menu_order":0,"comment_status":"open","ping_status":"open","template":"page-blacjack-school-it.php","meta":{"_acf_changed":false,"footnotes":""},"tags":[],"class_list":["post-2794","page","type-page","status-publish","hentry"],"acf":[],"yoast_head":"<!-- This site is optimized with the Yoast SEO plugin v26.6 - https:\/\/yoast.com\/wordpress\/plugins\/seo\/ -->\n<title>Lezione 18 - Blackjack Avanzato con un Solo Mazzo<\/title>\n<meta name=\"description\" content=\"Sebbene gran parte del conteggio delle carte sia una scienza \u2013 la scienza dei matematici \u2013 quando si gioca con un solo mazzo il tutto assomiglia di pi\u00f9 ad\" \/>\n<meta name=\"robots\" content=\"index, follow, max-snippet:-1, max-image-preview:large, max-video-preview:-1\" \/>\n<link rel=\"canonical\" href=\"https:\/\/www.blackjackinfo.com\/fr\/ecole-de-blackjack\/lecon-18-blackjack-avance-a-un-seul-jeu-partie-1\/\" \/>\n<meta property=\"og:locale\" content=\"fr_FR\" \/>\n<meta property=\"og:type\" content=\"article\" \/>\n<meta property=\"og:title\" content=\"Lezione 18 - Blackjack Avanzato con un Solo Mazzo\" \/>\n<meta property=\"og:description\" content=\"Sebbene gran parte del conteggio delle carte sia una scienza \u2013 la scienza dei matematici \u2013 quando si gioca con un solo mazzo il tutto assomiglia di pi\u00f9 ad\" \/>\n<meta property=\"og:url\" content=\"https:\/\/www.blackjackinfo.com\/fr\/ecole-de-blackjack\/lecon-18-blackjack-avance-a-un-seul-jeu-partie-1\/\" \/>\n<meta property=\"og:site_name\" content=\"BlackjackInfo.com\" \/>\n<meta property=\"article:modified_time\" content=\"2018-04-18T07:07:13+00:00\" \/>\n<meta name=\"twitter:label1\" content=\"Dur\u00e9e de lecture estim\u00e9e\" \/>\n\t<meta name=\"twitter:data1\" content=\"4 minutes\" \/>\n<script type=\"application\/ld+json\" class=\"yoast-schema-graph\">{\"@context\":\"https:\/\/schema.org\",\"@graph\":[{\"@type\":\"WebPage\",\"@id\":\"https:\/\/www.blackjackinfo.com\/blackjack-school\/lesson-18-advanced-single-deck-blackjack-part-1\/\",\"url\":\"https:\/\/www.blackjackinfo.com\/blackjack-school\/lesson-18-advanced-single-deck-blackjack-part-1\/\",\"name\":\"Lezione 18 - Blackjack Avanzato con un Solo Mazzo\",\"isPartOf\":{\"@id\":\"https:\/\/www.blackjackinfo.com\/#website\"},\"datePublished\":\"2017-03-13T03:29:13+00:00\",\"dateModified\":\"2018-04-18T07:07:13+00:00\",\"description\":\"Sebbene gran parte del conteggio delle carte sia una scienza \u2013 la scienza dei matematici \u2013 quando si gioca con un solo mazzo il tutto assomiglia di pi\u00f9 ad\",\"breadcrumb\":{\"@id\":\"https:\/\/www.blackjackinfo.com\/blackjack-school\/lesson-18-advanced-single-deck-blackjack-part-1\/#breadcrumb\"},\"inLanguage\":\"fr-FR\",\"potentialAction\":[{\"@type\":\"ReadAction\",\"target\":[\"https:\/\/www.blackjackinfo.com\/blackjack-school\/lesson-18-advanced-single-deck-blackjack-part-1\/\"]}]},{\"@type\":\"BreadcrumbList\",\"@id\":\"https:\/\/www.blackjackinfo.com\/blackjack-school\/lesson-18-advanced-single-deck-blackjack-part-1\/#breadcrumb\",\"itemListElement\":[{\"@type\":\"ListItem\",\"position\":1,\"name\":\"Home\",\"item\":\"https:\/\/www.blackjackinfo.com\/\"},{\"@type\":\"ListItem\",\"position\":2,\"name\":\"La Scuola di Blackjack di GameMaster\",\"item\":\"https:\/\/www.it.blackjackinfo.com\/scuola-di-blackjack\/\"},{\"@type\":\"ListItem\",\"position\":3,\"name\":\"Lezione 18 &#8211; Blackjack Avanzato con un Solo Mazzo\"}]},{\"@type\":\"WebSite\",\"@id\":\"https:\/\/www.blackjackinfo.com\/#website\",\"url\":\"https:\/\/www.blackjackinfo.com\/\",\"name\":\"BlackjackInfo.com\",\"description\":\"Because Winning is More Fun!\",\"potentialAction\":[{\"@type\":\"SearchAction\",\"target\":{\"@type\":\"EntryPoint\",\"urlTemplate\":\"https:\/\/www.blackjackinfo.com\/?s={search_term_string}\"},\"query-input\":{\"@type\":\"PropertyValueSpecification\",\"valueRequired\":true,\"valueName\":\"search_term_string\"}}],\"inLanguage\":\"fr-FR\"}]}<\/script>\n<!-- \/ Yoast SEO plugin. -->","yoast_head_json":{"title":"Lezione 18 - Blackjack Avanzato con un Solo Mazzo","description":"Si une grande partie du contenu des cartes est une science - la science des math\u00e9matiques - quand on joue avec une seule carte, le tout s'assimile de plus en plus \u00e0 une science.","robots":{"index":"index","follow":"follow","max-snippet":"max-snippet:-1","max-image-preview":"max-image-preview:large","max-video-preview":"max-video-preview:-1"},"canonical":"https:\/\/www.blackjackinfo.com\/fr\/ecole-de-blackjack\/lecon-18-blackjack-avance-a-un-seul-jeu-partie-1\/","og_locale":"fr_FR","og_type":"article","og_title":"Lezione 18 - Blackjack Avanzato con un Solo Mazzo","og_description":"Sebbene gran parte del conteggio delle carte sia una scienza \u2013 la scienza dei matematici \u2013 quando si gioca con un solo mazzo il tutto assomiglia di pi\u00f9 ad","og_url":"https:\/\/www.blackjackinfo.com\/fr\/ecole-de-blackjack\/lecon-18-blackjack-avance-a-un-seul-jeu-partie-1\/","og_site_name":"BlackjackInfo.com","article_modified_time":"2018-04-18T07:07:13+00:00","twitter_misc":{"Dur\u00e9e de lecture estim\u00e9e":"4 minutes"},"schema":{"@context":"https:\/\/schema.org","@graph":[{"@type":"WebPage","@id":"https:\/\/www.blackjackinfo.com\/blackjack-school\/lesson-18-advanced-single-deck-blackjack-part-1\/","url":"https:\/\/www.blackjackinfo.com\/blackjack-school\/lesson-18-advanced-single-deck-blackjack-part-1\/","name":"Lezione 18 - Blackjack Avanzato con un Solo Mazzo","isPartOf":{"@id":"https:\/\/www.blackjackinfo.com\/#website"},"datePublished":"2017-03-13T03:29:13+00:00","dateModified":"2018-04-18T07:07:13+00:00","description":"Si une grande partie du contenu des cartes est une science - la science des math\u00e9matiques - quand on joue avec une seule carte, le tout s'assimile de plus en plus \u00e0 une science.","breadcrumb":{"@id":"https:\/\/www.blackjackinfo.com\/blackjack-school\/lesson-18-advanced-single-deck-blackjack-part-1\/#breadcrumb"},"inLanguage":"fr-FR","potentialAction":[{"@type":"ReadAction","target":["https:\/\/www.blackjackinfo.com\/blackjack-school\/lesson-18-advanced-single-deck-blackjack-part-1\/"]}]},{"@type":"BreadcrumbList","@id":"https:\/\/www.blackjackinfo.com\/blackjack-school\/lesson-18-advanced-single-deck-blackjack-part-1\/#breadcrumb","itemListElement":[{"@type":"ListItem","position":1,"name":"Home","item":"https:\/\/www.blackjackinfo.com\/"},{"@type":"ListItem","position":2,"name":"La Scuola di Blackjack di GameMaster","item":"https:\/\/www.it.blackjackinfo.com\/scuola-di-blackjack\/"},{"@type":"ListItem","position":3,"name":"Lezione 18 &#8211; Blackjack Avanzato con un Solo Mazzo"}]},{"@type":"WebSite","@id":"https:\/\/www.blackjackinfo.com\/#website","url":"https:\/\/www.blackjackinfo.com\/","name":"BlackjackInfo.com","description":"Parce que gagner, c'est plus amusant !","potentialAction":[{"@type":"SearchAction","target":{"@type":"EntryPoint","urlTemplate":"https:\/\/www.blackjackinfo.com\/?s={search_term_string}"},"query-input":{"@type":"PropertyValueSpecification","valueRequired":true,"valueName":"search_term_string"}}],"inLanguage":"fr-FR"}]}},"_links":{"self":[{"href":"https:\/\/www.blackjackinfo.com\/fr\/wp-json\/wp\/v2\/pages\/2794","targetHints":{"allow":["GET"]}}],"collection":[{"href":"https:\/\/www.blackjackinfo.com\/fr\/wp-json\/wp\/v2\/pages"}],"about":[{"href":"https:\/\/www.blackjackinfo.com\/fr\/wp-json\/wp\/v2\/types\/page"}],"author":[{"embeddable":true,"href":"https:\/\/www.blackjackinfo.com\/fr\/wp-json\/wp\/v2\/users\/4"}],"replies":[{"embeddable":true,"href":"https:\/\/www.blackjackinfo.com\/fr\/wp-json\/wp\/v2\/comments?post=2794"}],"version-history":[{"count":1,"href":"https:\/\/www.blackjackinfo.com\/fr\/wp-json\/wp\/v2\/pages\/2794\/revisions"}],"predecessor-version":[{"id":2795,"href":"https:\/\/www.blackjackinfo.com\/fr\/wp-json\/wp\/v2\/pages\/2794\/revisions\/2795"}],"up":[{"embeddable":true,"href":"https:\/\/www.blackjackinfo.com\/fr\/wp-json\/wp\/v2\/pages\/2715"}],"wp:attachment":[{"href":"https:\/\/www.blackjackinfo.com\/fr\/wp-json\/wp\/v2\/media?parent=2794"}],"wp:term":[{"taxonomy":"post_tag","embeddable":true,"href":"https:\/\/www.blackjackinfo.com\/fr\/wp-json\/wp\/v2\/tags?post=2794"}],"curies":[{"name":"wp","href":"https:\/\/api.w.org\/{rel}","templated":true}]}}