{"id":2796,"date":"2017-03-12T23:00:34","date_gmt":"2017-03-13T04:00:34","guid":{"rendered":"https:\/\/www.blackjackinfo.com\/?page_id=2796\/"},"modified":"2018-04-18T02:07:13","modified_gmt":"2018-04-18T07:07:13","slug":"lezione-19-blackjack-avanzato-con-un-solo-mazzo","status":"publish","type":"page","link":"https:\/\/www.blackjackinfo.com\/fr\/scuola-di-blackjack\/lezione-19-blackjack-avanzato-con-un-solo-mazzo\/","title":{"rendered":"Lezione 19 - Blackjack Avanzato con un Solo Mazzo"},"content":{"rendered":"<h3 class=\"gbs-heading\">Variazioni Strategia Base<\/h3>\n<p class=\"intro\"><b>Les casinos qui proposent des jeux de Blackjack avec un seul mazzo sont conscients du fait que ce jeu peut \u00eatre facilement d\u00e9tourn\u00e9 par un fournisseur qui utilise un grand nombre de cartes, alors jouez avec une carte entre 1 et 12, comme je l'ai indiqu\u00e9 pour les jeux avec 6 cartes, et obtenez probablement un gros lot d'une seule carte que vous pourrez utiliser imm\u00e9diatement dans le casino.<\/b> Cela ne veut pas dire que l'on se retrouve avec des \"individus\" si l'on met plus de 5 fiches dans une main, mais je pense qu'il est juste de dire que pour gagner de l'argent avec un bon jeu avec un seul mazzo, il faut un sac d'objets plus grand que celui dont on a besoin pour un jeu \u00e0 6 mazzos, Il faut donc commencer par ce qui est le plus logique et modifier le jeu de sa propre main en fonction du contexte.<\/p>\n<p><b>Si vous savez comment contenir les cartes, vous pouvez utiliser le contenu pour savoir ce qu'il faut faire avec chaque main, mais vous pouvez aussi l'utiliser pour vous aider \u00e0 jouer avec plus de pr\u00e9cision avec chaque main.<\/b> Si vous avez \u00e9tudi\u00e9 mon cours jusqu'\u00e0 ce point, vous savez que l'un des facteurs cl\u00e9s si vous voulez jouer au Blackjack est de jouer le tavolo quand le True Count est \u00e0 -1 ou plus bas, mais cette tactique n'est pas tr\u00e8s pratique avec un seul jeu, car seules quelques mains sont distribu\u00e9es avant de jouer.<\/p>\n<p><b>En cons\u00e9quence, il faut jouer encore plus avec les maigres \"n\u00e9gatifs\", mais la bonne nouvelle, c'est qu'une erreur n'est pas toujours trop \u00e9loign\u00e9e.<\/b> Dans le m\u00eame temps, nous savons que la valeur du casino augmente lorsque le nombre de joueurs diminue. Par cons\u00e9quent, nous devons neutraliser le plus possible ces effets n\u00e9gatifs. Si vous voulez participer au jeu, avec un seul mazzo, avec beaucoup d'effets n\u00e9gatifs, ce que vous devez faire, c'est de faire avancer le jeu \u00e0 la main, en tirant un 12 contre le 5 de la banque et ainsi de suite. Avec un contenu bas, nous devons \u00e9viter de radier ou de diviser les coppies, et \u00e0 leur place, nous devons donc les tirer. Cependant, il n'est pas n\u00e9cessaire de tirer sur la balle pour l'am\u00e9liorer, mais il est n\u00e9cessaire d'appliquer les variations de la strat\u00e9gie de base pour les valeurs \"basses\", telles que -2, -3 et ainsi de suite. Un intervalle r\u00e9aliste pour le comptage r\u00e9el avec un seul appareil est compris entre -6 et +6, ce qui permet au 85% d'\u00eatre utilis\u00e9 par toutes les personnes qui jouent, tout en favorisant la p\u00e9n\u00e9tration du 63%, qui est tr\u00e8s bonne. Dans une prochaine le\u00e7on, nous parlerons de l'importance de la p\u00e9n\u00e9tration, mais pour l'instant, nous nous en tiendrons \u00e0 ce que nous avons dit.<\/p>\n<p><b>Certains joueurs pr\u00e9f\u00e8rent n'utiliser que les indices pour les hommes les plus probables, avec l'id\u00e9e qu'ils obtiendront un homme comme un A, 4 contre un 5 moins de 100 fois sur 100 000 parties de jeu, mais qu'ils obtiendront encore plus souvent un 16 contre un 10.<\/b> Dans ce livre, <a href=\"https:\/\/www.blackjackinfo.com\/store\/blackjack-attack.html\">\"Attaque de blackjack<\/a> Dans la deuxi\u00e8me \u00e9dition, Don Schlesinger consacre un chapitre \u00e0 ce qu'il appelle les \"Illustrations 18\" qui sont, selon lui, les variations les plus importantes de la strat\u00e9gie de base. Nous n'avons pas le droit de reproduire le travail original des autres auteurs, c'est pourquoi nous avons ajout\u00e9 au livre un aper\u00e7u complet si nous croyons ne pas pouvoir m\u00e9moriser toutes les variations qui ont \u00e9t\u00e9 \u00e9labor\u00e9es depuis le d\u00e9but. Une autre id\u00e9e qu'il vaut la peine d'envisager est de ne pas imposer les indices sous -2, avec le principe logique que, avec de tels efforts, il est probable que l'on obtienne le minimum consenti, c'est-\u00e0-dire que chaque erreur de jeu commise par vous, pendant une longue p\u00e9riode, ne co\u00fbte pas grand-chose. En revanche, vous pouvez vous contenter d'impartir uniquement les indicateurs gr\u00e2ce auxquels vous pouvez obtenir les montants suppl\u00e9mentaires, comme les radiodiffusions et les divisions, avec l'id\u00e9e qu'en d\u00e9pensant plus d'argent sur la table, vous devez vous servir de votre main de mani\u00e8re correcte.<\/p>\n<p><b>Personnellement, je suis d'avis que s'il y a quelque chose \u00e0 faire dans ce jeu, ce sera toujours et toujours le cas.<\/b> (Ok, je sais que je suis fanatique de ces choses, mais qu'est-ce que je peux faire ?) Si les jeux avec un seul mazzo se trouvent l\u00e0 o\u00f9 vous passez la plus grande partie de votre temps, il est probable que vous n'ayez pas envie de vous forcer \u00e0 m\u00e9moriser les 90 indices pr\u00e9sent\u00e9s ici. Mais si ce n'est pas votre jeu principal, un intervalle entre -2 et +6 avec quelques modifications judicieuses sera probablement suffisant. N'oubliez pas que certains de ces indices sont similaires \u00e0 ceux des jeux avec six cartes, c'est pourquoi vous ne devez pas commencer \u00e0 frapper le bouton pour changer de carte. Imprimez les num\u00e9ros qui vous semblent importants pour le poste et le mode de jeu.<br \/>\n<b>Au lieu de parler de la variation de chaque poste, comme je l'ai fait dans la section avec le plus grand nombre de postes, ce qu'il faut faire est d'extraire la matrice de la base strat\u00e9gique qui affiche un \"indice\" num\u00e9rique pour chaque poste appropri\u00e9.<\/b> Ne vous inqui\u00e9tez pas si vous avez des difficult\u00e9s \u00e0 comprendre, car, tanto, verr\u00e0 spiegata pi\u00f9 in basso.<\/p>\n<hr \/>\n<p><b>Matrice Variazioni Strategia Base<\/b><br \/>\nMazzo Unico, H17, Da2, no das, nessuna resa<br \/>\n<b><a>(cliquez sur ce lien pour acc\u00e9der \u00e0 une autre page contenant ces informations)<\/a><\/b><\/p>\n<h3 class=\"gbs-heading\">Utilisation de la Matrice<\/h3>\n<p>(Note du GM : La strat\u00e9gie de base pour ce jeu est disponible sur BlackjackInfo.com : <a href=\"https:\/\/www.blackjackinfo.com\/it\/bjbse.php?numdecks=1+deck&amp;soft17=h17&amp;dbl=all&amp;das=no&amp;surr=ns&amp;peek=yes\">1D, H17, DA2, NDAS Strat\u00e9gie de base<\/a>)<\/p>\n<p>La r\u00e8gle g\u00e9n\u00e9rale pour comprendre la matrice des variations de la strat\u00e9gie de base est la suivante : <b>Si le num\u00e9ro d'une case est \u00e9gal ou inf\u00e9rieur \u00e0 0, il s'agit alors de faire la mousse de la base strat\u00e9gique que vous devez suivre jusqu'\u00e0 ce que le contenu soit plus grand que le num\u00e9ro affich\u00e9.<\/b> Par exemple, dans le cas de A, 6 contre 2, on radie jusqu'\u00e0 ce que le nombre soit sup\u00e9rieur ou inf\u00e9rieur \u00e0 0. Si le nombre est n\u00e9gatif, on tire. Dans le cas d'un 9 contre un 4, on radie jusqu'\u00e0 ce que le contenu soit \u00e9gal \u00e0 -2 ou sup\u00e9rieur (on note que -1 est \"plus grand\" que -2). Pour une main de 9,9 contre un Asso, on ferme jusqu'\u00e0 ce que le conteggio soit 0 ou inf\u00e9rieur \u00e0 celui-ci. Si le contenu est plus grand que 0, divisez les 9. Le eccezioni a questa regola generale sono state annotate.<\/p>\n<p><b>Il est tr\u00e8s facile d'utiliser la matrice si vous avez m\u00e9moris\u00e9 la base strat\u00e9gique pour ce type de jeu, mais si vous ne l'avez pas encore fait, vous devez l'apprendre avant d'utiliser ce mode de jeu avanc\u00e9.<\/b> Pour chaque combinaison de la main du joueur et de la carte de la banque, vous pouvez choisir une action sp\u00e9cifique telle que tirer, fermer, radier, etc. ou un num\u00e9ro. Le num\u00e9ro est un \"point d'action\" bas\u00e9 sur le compte r\u00e9el qui indique la variation. Ce que cette variation repr\u00e9sente pour une situation peut pr\u00eater \u00e0 confusion, mais si vous \u00e9tudiez la m\u00e9thode en question, vous pouvez vous en rendre compte tout seul. Un bon exemple de ce qui a \u00e9t\u00e9 dit pr\u00e9c\u00e9demment est A, 7 contre le 2 de la banque. Dans la matrice, vous trouvez en correspondance le num\u00e9ro 1, et vous devez donc tirer, fermer ou faire quelque chose d'autre ? Bien s\u00fbr, \"quelque chose d'autre\" est la r\u00e9ponse appropri\u00e9e, et il faut donc radier, comme avec un A,7 contre 3, 4, 5 et 6. La logique joue un r\u00f4le dans ce cas, c'est-\u00e0-dire que si un jeu semble irrationnel, il est probable qu'il soit rat\u00e9. Tirereste veramente un A,7 contro un 2 ? Bien s\u00fbr, on pourrait le faire, mais il s'agit d\u00e9j\u00e0 d'un jeu de strat\u00e9gie de base, et le radiodiffuseur est tout ce qu'il y a de plus normal. En cons\u00e9quence, ce que vous dites, c'est que vous devez radier un A,7 contre le 2 de la banque quand le compte vrai est de 1 ou plus de 1. Si le compte vrai est inf\u00e9rieur \u00e0 1, utilisez le jeu de la base strat\u00e9gique, qui sugg\u00e8re de fermer. Contre un 3, la Strategia Base propose de radier l'A,7. Mais l'indice dans ce cas est -1, ce qui signifie qu'il faut remplacer un A,7 contre 3 uniquement si le nombre de vrais comptes est \u00e9gal ou sup\u00e9rieur \u00e0 -1. Si ce n'est pas le cas, il faut fermer.<\/p>\n<p><b>Nous parlons d'une autre variation qui pourrait pr\u00eater \u00e0 confusion : 8, 8 contro 10.<\/b> La note correspondante est \"Stand@6\", c'est-\u00e0-dire que si le nombre r\u00e9el est de 6 ou plus, vous ne divisez pas les 8, mais vous les fermez. Une autre fa\u00e7on de faire qui peut g\u00e9n\u00e9rer beaucoup de questions est 7, 7 contre 10. Si, la Strategia Base est correcte quand on dit de fermer avec 7, 7 contre le 10 dans un jeu avec un seul mazzo, c'est surtout parce que le croupier n'a pas une bonne main, comme un 20 a une main \"difficile\" et que nous pensons que le croupier s'est tromp\u00e9. Si vous avez d\u00e9j\u00e0 deux des quatre 7 qui se trouvent dans le jeu, les probabilit\u00e9s augmentent consid\u00e9rablement si vous voulez battre l'\u00e9ventuel 20 du croupier avec un autre 7, et les math\u00e9maticiens disent qu'il est pr\u00e9f\u00e9rable de fermer les yeux et d'attendre. Si, en revanche, le r\u00e9sultat est inf\u00e9rieur \u00e0 0, il faut tirer. Cela signifie que si le compte courant est de -1 ou inf\u00e9rieur, il faut tirer avec un 7,7 contre 10, sans diviser. Si le nombre est sup\u00e9rieur ou inf\u00e9rieur \u00e0 0, il faut arr\u00eater.<\/p>\n<p><b>En ce qui concerne la section des difficult\u00e9s totales, il y a 2 types diff\u00e9rents de 16 : un 10,6 et un 9,7.<\/b> Dans la ligne 10,6, il y a un \"4\" en correspondance avec le 10 de la banque et un \"0\" dans la ligne 9,7. C'est ce que l'on appelle une \"composition-dipendente\" de jeu que j'ai inclus pour de bonnes raisons. Tout d'abord, le 16 contre le 10 est relativement peu probable et, gr\u00e2ce aux chiffres, on peut se rendre compte qu'il y a une diff\u00e9rence dans la mani\u00e8re dont les deux 16 doivent \u00eatre jou\u00e9s. La variation de la matrice indique qu'il faut rester \u00e0 9,7 et 0 ou plus, mais rester \u00e0 10,6 uniquement si le nombre r\u00e9el est de 4 ou plus. Ceci est tr\u00e8s diff\u00e9rent de ce que nous faisons avec un 16 contre un 10 dans plus de jeux, o\u00f9 nous fermons seulement quand le contenu est sup\u00e9rieur \u00e0 0 (c'est-\u00e0-dire un compte courant de 1). Une petite remarque en passant : il y a beaucoup de confusion autour de ce jeu dans la partie \u00e0 plusieurs joueurs, mais ce qu'il faut faire, c'est fermer avec un 16 contre 10 quand le compte courant est de 1 ou plus, et en m\u00eame temps faire un tour. Ce qui se passe quand le compteur est \u00e0 0 n'a pas d'importance car la valeur pr\u00e9vue est la m\u00eame dans tous les jeux. La m\u00eame chose se produit pour une main de 9,7 contre 10 quand on joue avec un seul jeu de cartes.<\/p>\n<p><b>Dans tous les cas, pourquoi faut-il fermer avec 10,6 contre 10 uniquement lorsque le nombre r\u00e9el est de 4 ou sup\u00e9rieur \u00e0 4 ?<\/b> Tout ce qu'il faut faire, c'est avec le nombre total de 10 qui se trouvent dans un labyrinthe, qui sont s\u00e9duisants et que vous n'avez pas encore dans votre main et que le banco n'a pas d'autre pour vous. Il y a donc deux fois 10 en moins pour vous que vous pouvez utiliser et deux fois 10 en moins pour le croupier que vous pouvez avoir sur votre carte \"coperta\", car la d\u00e9cision de tirer pour \u00eatre plus agressif a un impact sur la d\u00e9cision de fermer. Attention, une main de 16 n'est jamais grande, ind\u00e9pendamment de la fa\u00e7on dont on joue, et tout ce que l'on peut faire, c'est diminuer les d\u00e9g\u00e2ts. Tirer 10, 6 contre 10 jusqu'\u00e0 ce que le True Count soit plus grand ou plus petit que 4 aide beaucoup dans ce processus.<\/p>\n<p>Dans le cas du 6,6, vous trouverez une note sur la carte 7 de la banque, comme celle-ci : Split@&lt;0, ce qui signifie : &quot;diviser un groupe de 6 contre 7, si le r\u00e9sultat est inf\u00e9rieur \u00e0 0&quot;.<\/p>\n<p><b>Il n'est pas question de parler de la variation la plus importante de toutes, \u00e0 savoir l'assurance.<\/b> Nous pensons que la strat\u00e9gie de base correcte consiste \u00e0 ne jamais prendre l'assurance (m\u00eame si vous avez un \"blackjack\" et que la carte du croupier est un Asso, qui peut dire tout ce que quelqu'un d'autre peut dire), mais dans un jeu avec un seul mazzo, la recommandation relative \u00e0 l'assurance est gagnante avec un compte r\u00e9el de 1,4 ou plus.<\/p>\n<h3 class=\"gbs-heading\">Impl\u00e9menter les modifications de la strat\u00e9gie de base<\/h3>\n<p><b>Une fois que vous avez choisi les variations de la strat\u00e9gie de base que vous souhaitez apprendre, vous pouvez cr\u00e9er une s\u00e9rie de cartes-\u00e9clair adapt\u00e9es \u00e0 cet objectif.<\/b> La le\u00e7on 14 de \"La Scuola di Blackjack di GameMaster\" a d\u00e9j\u00e0 expliqu\u00e9 comment proc\u00e9der, et il n'est pas possible de comprendre \u00e0 nouveau l'importance de la valeur de ces cartes. Construisez un ensemble de cartes et emportez-les avec vous, ou \u00e9tudiez-les intens\u00e9ment avant chaque session de jeu si le jeu avec un seul mazzo n'est pas votre jeu \"principal\".<\/p>","protected":false},"excerpt":{"rendered":"<p>Variazioni Strategia Base I Casino che offrono i giochi di Blackjack con un solo mazzo sono consapevoli del fatto che pu\u00f2 essere facilmente sconfitto da un contatore che usa un ampio scarto di scommesse, quindi provate a giocare con uno scarto tra 1 e 12 come vi ho indicato per i giochi con 6-mazzi ed [&hellip;]<\/p>\n","protected":false},"author":4,"featured_media":0,"parent":2715,"menu_order":0,"comment_status":"open","ping_status":"open","template":"page-blacjack-school-it.php","meta":{"_acf_changed":false,"footnotes":""},"tags":[],"class_list":["post-2796","page","type-page","status-publish","hentry"],"acf":[],"yoast_head":"<!-- This site is optimized with the Yoast SEO plugin v26.6 - https:\/\/yoast.com\/wordpress\/plugins\/seo\/ -->\n<title>Lezione 19 - Blackjack Avanzato con un Solo Mazzo<\/title>\n<meta name=\"description\" content=\"Variazioni Strategia Base I Casino che offrono i giochi di Blackjack con un solo mazzo sono consapevoli del fatto che pu\u00f2 essere facilmente sconfitto da\" \/>\n<meta name=\"robots\" content=\"index, follow, max-snippet:-1, max-image-preview:large, max-video-preview:-1\" \/>\n<link rel=\"canonical\" href=\"https:\/\/www.blackjackinfo.com\/fr\/ecole-de-blackjack\/lecon-19-blackjack-avance-a-un-seul-jeu-partie-2\/\" \/>\n<meta property=\"og:locale\" content=\"fr_FR\" \/>\n<meta property=\"og:type\" content=\"article\" \/>\n<meta property=\"og:title\" content=\"Lezione 19 - Blackjack Avanzato con un Solo Mazzo\" \/>\n<meta property=\"og:description\" content=\"Variazioni Strategia Base I Casino che offrono i giochi di Blackjack con un solo mazzo sono consapevoli del fatto che pu\u00f2 essere facilmente sconfitto da\" \/>\n<meta property=\"og:url\" content=\"https:\/\/www.blackjackinfo.com\/fr\/ecole-de-blackjack\/lecon-19-blackjack-avance-a-un-seul-jeu-partie-2\/\" \/>\n<meta property=\"og:site_name\" content=\"BlackjackInfo.com\" \/>\n<meta property=\"article:modified_time\" content=\"2018-04-18T07:07:13+00:00\" \/>\n<meta name=\"twitter:label1\" content=\"Dur\u00e9e de lecture estim\u00e9e\" \/>\n\t<meta name=\"twitter:data1\" content=\"9 minutes\" \/>\n<script type=\"application\/ld+json\" class=\"yoast-schema-graph\">{\"@context\":\"https:\/\/schema.org\",\"@graph\":[{\"@type\":\"WebPage\",\"@id\":\"https:\/\/www.blackjackinfo.com\/blackjack-school\/lesson-19-advanced-single-deck-blackjack-part-2\/\",\"url\":\"https:\/\/www.blackjackinfo.com\/blackjack-school\/lesson-19-advanced-single-deck-blackjack-part-2\/\",\"name\":\"Lezione 19 - Blackjack Avanzato con un Solo Mazzo\",\"isPartOf\":{\"@id\":\"https:\/\/www.blackjackinfo.com\/#website\"},\"datePublished\":\"2017-03-13T04:00:34+00:00\",\"dateModified\":\"2018-04-18T07:07:13+00:00\",\"description\":\"Variazioni Strategia Base I Casino che offrono i giochi di Blackjack con un solo mazzo sono consapevoli del fatto che pu\u00f2 essere facilmente sconfitto da\",\"breadcrumb\":{\"@id\":\"https:\/\/www.blackjackinfo.com\/blackjack-school\/lesson-19-advanced-single-deck-blackjack-part-2\/#breadcrumb\"},\"inLanguage\":\"fr-FR\",\"potentialAction\":[{\"@type\":\"ReadAction\",\"target\":[\"https:\/\/www.blackjackinfo.com\/blackjack-school\/lesson-19-advanced-single-deck-blackjack-part-2\/\"]}]},{\"@type\":\"BreadcrumbList\",\"@id\":\"https:\/\/www.blackjackinfo.com\/blackjack-school\/lesson-19-advanced-single-deck-blackjack-part-2\/#breadcrumb\",\"itemListElement\":[{\"@type\":\"ListItem\",\"position\":1,\"name\":\"Home\",\"item\":\"https:\/\/www.blackjackinfo.com\/\"},{\"@type\":\"ListItem\",\"position\":2,\"name\":\"La Scuola di Blackjack di GameMaster\",\"item\":\"https:\/\/www.it.blackjackinfo.com\/scuola-di-blackjack\/\"},{\"@type\":\"ListItem\",\"position\":3,\"name\":\"Lezione 19 &#8211; Blackjack Avanzato con un Solo Mazzo\"}]},{\"@type\":\"WebSite\",\"@id\":\"https:\/\/www.blackjackinfo.com\/#website\",\"url\":\"https:\/\/www.blackjackinfo.com\/\",\"name\":\"BlackjackInfo.com\",\"description\":\"Because Winning is More Fun!\",\"potentialAction\":[{\"@type\":\"SearchAction\",\"target\":{\"@type\":\"EntryPoint\",\"urlTemplate\":\"https:\/\/www.blackjackinfo.com\/?s={search_term_string}\"},\"query-input\":{\"@type\":\"PropertyValueSpecification\",\"valueRequired\":true,\"valueName\":\"search_term_string\"}}],\"inLanguage\":\"fr-FR\"}]}<\/script>\n<!-- \/ Yoast SEO plugin. -->","yoast_head_json":{"title":"Lezione 19 - Blackjack Avanzato con un Solo Mazzo","description":"Variazioni Strategia Base I Casino che offrono i giochi di Blackjack con un solo mazzo sono consapevoli del fatto che pu\u00f2 essere facilmente sconfitto da","robots":{"index":"index","follow":"follow","max-snippet":"max-snippet:-1","max-image-preview":"max-image-preview:large","max-video-preview":"max-video-preview:-1"},"canonical":"https:\/\/www.blackjackinfo.com\/fr\/ecole-de-blackjack\/lecon-19-blackjack-avance-a-un-seul-jeu-partie-2\/","og_locale":"fr_FR","og_type":"article","og_title":"Lezione 19 - Blackjack Avanzato con un Solo Mazzo","og_description":"Variazioni Strategia Base I Casino che offrono i giochi di Blackjack con un solo mazzo sono consapevoli del fatto che pu\u00f2 essere facilmente sconfitto da","og_url":"https:\/\/www.blackjackinfo.com\/fr\/ecole-de-blackjack\/lecon-19-blackjack-avance-a-un-seul-jeu-partie-2\/","og_site_name":"BlackjackInfo.com","article_modified_time":"2018-04-18T07:07:13+00:00","twitter_misc":{"Dur\u00e9e de lecture estim\u00e9e":"9 minutes"},"schema":{"@context":"https:\/\/schema.org","@graph":[{"@type":"WebPage","@id":"https:\/\/www.blackjackinfo.com\/blackjack-school\/lesson-19-advanced-single-deck-blackjack-part-2\/","url":"https:\/\/www.blackjackinfo.com\/blackjack-school\/lesson-19-advanced-single-deck-blackjack-part-2\/","name":"Lezione 19 - Blackjack Avanzato con un Solo Mazzo","isPartOf":{"@id":"https:\/\/www.blackjackinfo.com\/#website"},"datePublished":"2017-03-13T04:00:34+00:00","dateModified":"2018-04-18T07:07:13+00:00","description":"Variazioni Strategia Base I Casino che offrono i giochi di Blackjack con un solo mazzo sono consapevoli del fatto che pu\u00f2 essere facilmente sconfitto da","breadcrumb":{"@id":"https:\/\/www.blackjackinfo.com\/blackjack-school\/lesson-19-advanced-single-deck-blackjack-part-2\/#breadcrumb"},"inLanguage":"fr-FR","potentialAction":[{"@type":"ReadAction","target":["https:\/\/www.blackjackinfo.com\/blackjack-school\/lesson-19-advanced-single-deck-blackjack-part-2\/"]}]},{"@type":"BreadcrumbList","@id":"https:\/\/www.blackjackinfo.com\/blackjack-school\/lesson-19-advanced-single-deck-blackjack-part-2\/#breadcrumb","itemListElement":[{"@type":"ListItem","position":1,"name":"Home","item":"https:\/\/www.blackjackinfo.com\/"},{"@type":"ListItem","position":2,"name":"La Scuola di Blackjack di GameMaster","item":"https:\/\/www.it.blackjackinfo.com\/scuola-di-blackjack\/"},{"@type":"ListItem","position":3,"name":"Lezione 19 &#8211; Blackjack Avanzato con un Solo Mazzo"}]},{"@type":"WebSite","@id":"https:\/\/www.blackjackinfo.com\/#website","url":"https:\/\/www.blackjackinfo.com\/","name":"BlackjackInfo.com","description":"Parce que gagner, c'est plus amusant !","potentialAction":[{"@type":"SearchAction","target":{"@type":"EntryPoint","urlTemplate":"https:\/\/www.blackjackinfo.com\/?s={search_term_string}"},"query-input":{"@type":"PropertyValueSpecification","valueRequired":true,"valueName":"search_term_string"}}],"inLanguage":"fr-FR"}]}},"_links":{"self":[{"href":"https:\/\/www.blackjackinfo.com\/fr\/wp-json\/wp\/v2\/pages\/2796","targetHints":{"allow":["GET"]}}],"collection":[{"href":"https:\/\/www.blackjackinfo.com\/fr\/wp-json\/wp\/v2\/pages"}],"about":[{"href":"https:\/\/www.blackjackinfo.com\/fr\/wp-json\/wp\/v2\/types\/page"}],"author":[{"embeddable":true,"href":"https:\/\/www.blackjackinfo.com\/fr\/wp-json\/wp\/v2\/users\/4"}],"replies":[{"embeddable":true,"href":"https:\/\/www.blackjackinfo.com\/fr\/wp-json\/wp\/v2\/comments?post=2796"}],"version-history":[{"count":1,"href":"https:\/\/www.blackjackinfo.com\/fr\/wp-json\/wp\/v2\/pages\/2796\/revisions"}],"predecessor-version":[{"id":2797,"href":"https:\/\/www.blackjackinfo.com\/fr\/wp-json\/wp\/v2\/pages\/2796\/revisions\/2797"}],"up":[{"embeddable":true,"href":"https:\/\/www.blackjackinfo.com\/fr\/wp-json\/wp\/v2\/pages\/2715"}],"wp:attachment":[{"href":"https:\/\/www.blackjackinfo.com\/fr\/wp-json\/wp\/v2\/media?parent=2796"}],"wp:term":[{"taxonomy":"post_tag","embeddable":true,"href":"https:\/\/www.blackjackinfo.com\/fr\/wp-json\/wp\/v2\/tags?post=2796"}],"curies":[{"name":"wp","href":"https:\/\/api.w.org\/{rel}","templated":true}]}}