{"id":2800,"date":"2017-03-12T23:10:29","date_gmt":"2017-03-13T04:10:29","guid":{"rendered":"https:\/\/www.blackjackinfo.com\/?page_id=2800\/"},"modified":"2018-04-18T02:07:14","modified_gmt":"2018-04-18T07:07:14","slug":"lezione-21-sconfiggere-il-gioco-con-due-mazzi","status":"publish","type":"page","link":"https:\/\/www.blackjackinfo.com\/fr\/scuola-di-blackjack\/lezione-21-sconfiggere-il-gioco-con-due-mazzi\/","title":{"rendered":"Lezione 21 - Sconfiggere il Gioco con Due Mazzi"},"content":{"rendered":"<p class=\"intro\"><b>\u00c0 premi\u00e8re vue, il semble logique qu'un grand joueur gagne mieux avec un jeu qui utilise moins de mazzi, mais ce n'est pas toujours le cas lorsque les jeux sont confront\u00e9s \u00e0 deux mazzi ou \u00e0 six mazzi.<\/b> Le jeu comporte de nombreuses variantes, dont les plus importantes sont les r\u00e8gles du jeu, la somme minimale demand\u00e9e et le type de contr\u00f4le exerc\u00e9 par le personnel du casino. Si vous ne poss\u00e9dez pas les cartes, \u00e9vitez de jouer avec les deux joueurs. Certains d'entre vous pourraient \u00eatre surpris par cette affirmation, mais je me base sur le fait que la plupart des casinos ont moins de revenus g\u00e9n\u00e9r\u00e9s par leurs jeux avec deux joueurs, et qu'ils ont besoin de mises minimales tr\u00e8s \u00e9lev\u00e9es. En cons\u00e9quence, le gain important du casino peut \u00eatre similaire \u00e0 celui d'un jeu avec deux cartes, mais vous devez engager davantage chaque personne pour le privil\u00e8ge que vous obtenez. Si un joueur qui ne poss\u00e8de pas de carte ne peut pas obtenir de gain \u00e0 long terme dans le cadre d'un jeu de casino, il doit alors en engager davantage sur des bases coh\u00e9rentes et le casino peut probablement r\u00e9cup\u00e9rer vos gains.<\/p>\n<p>Ora non fraintendetemi ; <b>Si les r\u00e8gles sont les m\u00eames, un jeu qui utilise deux cartes a un avantage minime pour le casino par rapport \u00e0 un jeu qui n'en utilise pas, m\u00eame si les strat\u00e9gies sont presque identiques.<\/b> Si les chutes minimes sont les m\u00eames (ou si elles se situent toujours dans votre niveau de confort), jouez avec les 2 mousses. A propos, c'est un point important. La strat\u00e9gie de base appropri\u00e9e pour un jeu avec deux joueurs s'apparente beaucoup \u00e0 celle avec quatre ou six joueurs, beaucoup plus qu'\u00e0 celle avec un seul joueur. Les quelques diff\u00e9rences entre un jeu avec deux mazzis et celui avec sept mazzis avec les m\u00eames r\u00e8gles (le mazzi tombe ou se ferme avec un soft 17, le raddoppio dopo la division est concesso, etc.) r\u00e9sident principalement dans le fait de diviser les coppies et, comme les coppies sont de la main rare, il est \u00e9vident que l'impact est consid\u00e9rable. On peut s'interroger sur ce point, qui est donc v\u00e9rifi\u00e9, mais je pense que le seul changement est la division d'un groupe de 7 contre 8 dans le jeu \u00e0 deux joueurs. Dans le jeu avec sept joueurs, il n'y a pas de division. Dans tous les cas, il ne s'agit pas d'une main qui reste en place tous les jours.<\/p>\n<div class=\"bji-note\"><b>Note du curateur de BlackjackInfo.com :<\/b><br \/>\nIl n'y a certainement qu'un petit nombre de changements dans la strat\u00e9gie entre le jeu \u00e0 6 joueurs et celui \u00e0 2 joueurs. Dans le jeu avec 2 maillons S17 : diviser 77 contre 8, diviser 66 contre 7, et diviser 9 contre 2. Si le jeu est H17, divisez aussi A3 contre 4.<\/div>\n<p><b>Mon opinion est que vous pouvez commencer \u00e0 jouer \u00e0 l'aveuglette et ensuite \u00e0 l'avance avec le jeu \u00e0 6 ou \u00e0 2 joueurs sans vous pr\u00e9occuper de jouer de mani\u00e8re inappropri\u00e9e, mais la question la plus importante est de savoir si vous le voulez ou non.<\/b> Nous avons d\u00e9j\u00e0 examin\u00e9 la situation pour un joueur qui n'a pas de contact, et c'est pourquoi nous pr\u00eatons maintenant attention \u00e0 tous ceux qui nous contactent. M\u00eame dans cette situation, le jeu avec deux mazzis n'est pas n\u00e9cessairement une bonne id\u00e9e et nous devons nous demander comment la main qui nous pousse \u00e0 avancer peut le faire.<\/p>\n<p><b>Pour une raison quelconque, de nombreux casinos consid\u00e8rent leurs jeux avec deux mazzi comme des jeux \"premium\",<\/b> Ils ont donc des gains moins importants, une p\u00e9n\u00e9tration moins favorable et sont moins surveill\u00e9s par les \"pit critters\", comme ils l'ont dit plus haut. Certains casinos semblent penser que les joueurs se font massacrer en masse lors de leurs jeux \u00e0 deux balles, mais ce n'est pas le cas. Nous connaissons certains jeux qui sont tr\u00e8s faciles \u00e0 battre, mais qui sont peu nombreux et proches des deux autres. <b>En r\u00e9alit\u00e9, configurer le jeu avec deux jeux n\u00e9cessite un effort suppl\u00e9mentaire et un jeu brillant de la part du joueur.<\/b> Mais nous sommes arriv\u00e9s sin qui pour profiter des risques et nous les avons fait.<\/p>\n<p><b>L'avantage principal de jouer avec les deux mazzis est la volatilit\u00e9 du contenu.<\/b> \u00c0 la diff\u00e9rence d'un jeu avec 4 ou 6 maillons, le comptage en cours, qui est converti en comptage r\u00e9el (le comptage pour le mazzo rimanente) dans un jeu avec deux mazzos, peut augmenter ou diminuer rapidement, mais il augmente encore plus rapidement \u00e0 cause de l'erreur. Ceci est donc bon quand le contexte est n\u00e9gatif, mais pas bon quand le contexte est \"positif\". Le jeu \u00e0 deux joueurs est tr\u00e8s rapide et le joueur courageux ne prend pas d'avantage, mais cela n\u00e9cessite une bonne capacit\u00e9 de conversion en nombre r\u00e9el et une aptitude \u00e0 anticiper ce qui va se passer, car il y a toujours des raisons de penser que nous ne tirons pas toujours sur la corde raide quand nous sommes en contact.<\/p>\n<h3 class=\"gbs-heading\">La Chiave : Penetrazione<\/h3>\n<p><b>Si l'on n'utilise que 104 cartes, contre les 312 d'un jeu \u00e0 deux joueurs, une seule carte de plus dans la p\u00e9n\u00e9tration pourrait faire une grande diff\u00e9rence par rapport \u00e0 ce que l'on peut obtenir dans le jeu.<\/b> Dans les cours de mon \u00e9cole de blackjack, j'ai dit que vous perdriez votre temps si vous jouiez avec des cartes de 6 o\u00f9 moins de 65% des cartes \u00e9taient distribu\u00e9es avant la partie. <b>Dans le cas des deux mazots, le 65% de p\u00e9n\u00e9tration est acceptable, le 75% est fantastique et le 80% ou sup\u00e9rieur est ph\u00e9nom\u00e9nal.<\/b> Ce qui r\u00e9ussira le mieux sera probablement une p\u00e9n\u00e9tration \u00e0 l'int\u00e9rieur du 50%. Pour cela, il faut d'abord unir deux cartes et ensuite n'en utiliser qu'une seule ! J'esp\u00e8re que vous r\u00e9ussirez.<\/p>\n<p><b>La p\u00e9n\u00e9tration est tr\u00e8s importante, mais il s'agit d'un sujet avec lequel il faut se familiariser.<\/b> Si vous jouez avec deux jeux et que le jeu se fait avec A-6, raddoppio pour chacune des deux cartes initiales, raddoppio apr\u00e8s la division, etc. Si l'on utilise un \"intervalle\" d'ench\u00e8res compris entre 1 et 8 (je l'ai dit plus haut) et que le casino ne distribue que 50% des cartes, le gain \u00e0 long terme d\u00e9termin\u00e9 par les simulations que j'ai effectu\u00e9es gr\u00e2ce \u00e0 l'Analizzatore Statistico del Blackjack sera de 0,64%. Si la p\u00e9n\u00e9tration atteint 60%, l'avantage pour le joueur est de 0,95% et avec une p\u00e9n\u00e9tration de 75%, il est de 1,47%. Il ne s'agit pas d'un simple m\u00e2le.<br \/>\nNous disposons d'un logo qui permet de mieux m\u00e9moriser :<\/p>\n<table class=\"gbs-ctable\">\n<tbody>\n<tr>\n<th colspan=\"2\">L'impact de la p\u00e9n\u00e9tration<br \/>\nnel Gioco con Due Mazzi<\/th>\n<\/tr>\n<tr>\n<td>Pourcentage de p\u00e9n\u00e9tration<\/td>\n<td>Vantaggio Teorico del Giocatore<\/td>\n<\/tr>\n<tr>\n<td>50%<\/td>\n<td>0.64%<\/td>\n<\/tr>\n<tr>\n<td>60%<\/td>\n<td>0.95%<\/td>\n<\/tr>\n<tr>\n<td>66%<\/td>\n<td>1.14%<\/td>\n<\/tr>\n<tr>\n<td>75%<\/td>\n<td>1.47%<\/td>\n<\/tr>\n<\/tbody>\n<\/table>\n<p>Un \"truc\" qui revient souvent dans mes jeux est, si possible, de laisser le tavolo quand le True Count est \u00e0 -1 ou plus en bas. C'est tr\u00e8s facile \u00e0 r\u00e9aliser dans un jeu \u00e0 6 joueurs, mais pas aussi facile dans un jeu \u00e0 2 joueurs. <b>Par cons\u00e9quent, vous devez accepter de bonne gr\u00e2ce le fait que vous jouez avec tous les types d'armes, ce qui rend le facteur de p\u00e9n\u00e9tration encore plus important.<\/b> On parle alors de \"jeu complet\" et les chiffres cit\u00e9s plus haut sont calcul\u00e9s dans ces conditions. \u00c0 cet \u00e9gard, il convient de noter que le logiciel de simulation joue parfaitement au Blackjack, mais pas les humains. Voici pourquoi j'ai utilis\u00e9 le terme de valeur \"th\u00e9orique\" du joueur ; il s'agit de la meilleure chose que l'on puisse faire, une raison pour laquelle vous devez faire des calculs avec le 10%, mais moins pour des questions de r\u00e9alit\u00e9.<\/p>\n<h3 class=\"gbs-heading\">Cominciamo<\/h3>\n<p>Si vous n'avez jamais jou\u00e9 avec deux mazzis en tant que conteneur de cartes, il vous faudra, pour commencer, proc\u00e9der \u00e0 une classification de la base. M\u00eame si vous n'avez pas le m\u00eame monde que pour le jeu \u00e0 6, voici quelques diff\u00e9rences \u00e0 prendre en compte :<\/p>\n<ul>\n<li>La plupart, mais pas tous, des jeux avec deux mazzis sont distribu\u00e9s avec les cartes copi\u00e9es, ce qui n\u00e9cessite une m\u00e9thode diff\u00e9rente pour contenir les cartes.<\/li>\n<li>S'il est difficile d'enlever le tabouret quand le contenu est en suspens, il convient d'appliquer de nombreuses variations \"n\u00e9gatives\" de la strat\u00e9gie de base.<\/li>\n<li>La plupart des jeux \u00e0 deux joueurs n\u00e9cessitent que le joueur tire avec un soft 17 (nous supposons que vous avez les id\u00e9es suivantes pendant toute cette s\u00e9rie), et il faut donc modifier quelque peu la strat\u00e9gie de base. Vous pouvez l'obtenir sur www.blackjackinfo.com.<\/li>\n<li>La p\u00e9n\u00e9tration \u00e9tant un facteur crucial, il convient de v\u00e9rifier \u00e0 l'avance, dans le casino o\u00f9 l'on se trouve, s'il vaut la peine de s'asseoir sur le tabouret. V\u00e9rifiez \u00e9galement les r\u00e8gles lorsque vous \u00eates l\u00e0.<\/li>\n<\/ul>\n<p>Nous commen\u00e7ons \u00e0 faire vos concours \u00e0 la maison en nous basant sur ce qui est en haut de l'affiche et la prochaine fois, nous reviendrons avec un piano qui nous indiquera comment participer \u00e0 ce jeu avec deux mascottes.<\/p>","protected":false},"excerpt":{"rendered":"<p>A prima vista, appare logico che un bravo giocatore riesca meglio con un gioco che usa meno mazzi, ma questo non \u00e8 sempre il caso quando si confrontano i giochi con due mazzi e con sei mazzi. Entrano in gioco molte variabili, non ultime delle quali le regole del gioco, la scommessa minima richiesta e [&hellip;]<\/p>\n","protected":false},"author":4,"featured_media":0,"parent":2715,"menu_order":0,"comment_status":"open","ping_status":"open","template":"page-blacjack-school-it.php","meta":{"_acf_changed":false,"footnotes":""},"tags":[],"class_list":["post-2800","page","type-page","status-publish","hentry"],"acf":[],"yoast_head":"<!-- This site is optimized with the Yoast SEO plugin v26.6 - https:\/\/yoast.com\/wordpress\/plugins\/seo\/ -->\n<title>Lezione 21 - Sconfiggere il Gioco con Due Mazzi<\/title>\n<meta name=\"description\" content=\"A prima vista, appare logico che un bravo giocatore riesca meglio con un gioco che usa meno mazzi, ma questo non \u00e8 sempre il caso quando si confrontano i\" \/>\n<meta name=\"robots\" content=\"index, follow, max-snippet:-1, max-image-preview:large, max-video-preview:-1\" \/>\n<link rel=\"canonical\" href=\"https:\/\/www.blackjackinfo.com\/fr\/ecole-de-blackjack\/lecon-21-battre-le-jeu-a-deux-etages-partie-1\/\" \/>\n<meta property=\"og:locale\" content=\"fr_FR\" \/>\n<meta property=\"og:type\" content=\"article\" \/>\n<meta property=\"og:title\" content=\"Lezione 21 - Sconfiggere il Gioco con Due Mazzi\" \/>\n<meta property=\"og:description\" content=\"A prima vista, appare logico che un bravo giocatore riesca meglio con un gioco che usa meno mazzi, ma questo non \u00e8 sempre il caso quando si confrontano i\" \/>\n<meta property=\"og:url\" content=\"https:\/\/www.blackjackinfo.com\/fr\/ecole-de-blackjack\/lecon-21-battre-le-jeu-a-deux-etages-partie-1\/\" \/>\n<meta property=\"og:site_name\" content=\"BlackjackInfo.com\" \/>\n<meta property=\"article:modified_time\" content=\"2018-04-18T07:07:14+00:00\" \/>\n<meta name=\"twitter:label1\" content=\"Dur\u00e9e de lecture estim\u00e9e\" \/>\n\t<meta name=\"twitter:data1\" content=\"6 minutes\" \/>\n<script type=\"application\/ld+json\" class=\"yoast-schema-graph\">{\"@context\":\"https:\/\/schema.org\",\"@graph\":[{\"@type\":\"WebPage\",\"@id\":\"https:\/\/www.blackjackinfo.com\/blackjack-school\/lesson-21-beating-the-double-deck-game-part-1\/\",\"url\":\"https:\/\/www.blackjackinfo.com\/blackjack-school\/lesson-21-beating-the-double-deck-game-part-1\/\",\"name\":\"Lezione 21 - Sconfiggere il Gioco con Due Mazzi\",\"isPartOf\":{\"@id\":\"https:\/\/www.blackjackinfo.com\/#website\"},\"datePublished\":\"2017-03-13T04:10:29+00:00\",\"dateModified\":\"2018-04-18T07:07:14+00:00\",\"description\":\"A prima vista, appare logico che un bravo giocatore riesca meglio con un gioco che usa meno mazzi, ma questo non \u00e8 sempre il caso quando si confrontano i\",\"breadcrumb\":{\"@id\":\"https:\/\/www.blackjackinfo.com\/blackjack-school\/lesson-21-beating-the-double-deck-game-part-1\/#breadcrumb\"},\"inLanguage\":\"fr-FR\",\"potentialAction\":[{\"@type\":\"ReadAction\",\"target\":[\"https:\/\/www.blackjackinfo.com\/blackjack-school\/lesson-21-beating-the-double-deck-game-part-1\/\"]}]},{\"@type\":\"BreadcrumbList\",\"@id\":\"https:\/\/www.blackjackinfo.com\/blackjack-school\/lesson-21-beating-the-double-deck-game-part-1\/#breadcrumb\",\"itemListElement\":[{\"@type\":\"ListItem\",\"position\":1,\"name\":\"Home\",\"item\":\"https:\/\/www.blackjackinfo.com\/\"},{\"@type\":\"ListItem\",\"position\":2,\"name\":\"La Scuola di Blackjack di GameMaster\",\"item\":\"https:\/\/www.it.blackjackinfo.com\/scuola-di-blackjack\/\"},{\"@type\":\"ListItem\",\"position\":3,\"name\":\"Lezione 21 &#8211; Sconfiggere il Gioco con Due Mazzi\"}]},{\"@type\":\"WebSite\",\"@id\":\"https:\/\/www.blackjackinfo.com\/#website\",\"url\":\"https:\/\/www.blackjackinfo.com\/\",\"name\":\"BlackjackInfo.com\",\"description\":\"Because Winning is More Fun!\",\"potentialAction\":[{\"@type\":\"SearchAction\",\"target\":{\"@type\":\"EntryPoint\",\"urlTemplate\":\"https:\/\/www.blackjackinfo.com\/?s={search_term_string}\"},\"query-input\":{\"@type\":\"PropertyValueSpecification\",\"valueRequired\":true,\"valueName\":\"search_term_string\"}}],\"inLanguage\":\"fr-FR\"}]}<\/script>\n<!-- \/ Yoast SEO plugin. -->","yoast_head_json":{"title":"Lezione 21 - Sconfiggere il Gioco con Due Mazzi","description":"\u00c0 premi\u00e8re vue, il semble logique qu'un grand joueur gagne mieux avec un jeu qui utilise moins de mazzi, mais ce n'est pas toujours le cas quand il s'agit d'affronter les","robots":{"index":"index","follow":"follow","max-snippet":"max-snippet:-1","max-image-preview":"max-image-preview:large","max-video-preview":"max-video-preview:-1"},"canonical":"https:\/\/www.blackjackinfo.com\/fr\/ecole-de-blackjack\/lecon-21-battre-le-jeu-a-deux-etages-partie-1\/","og_locale":"fr_FR","og_type":"article","og_title":"Lezione 21 - Sconfiggere il Gioco con Due Mazzi","og_description":"A prima vista, appare logico che un bravo giocatore riesca meglio con un gioco che usa meno mazzi, ma questo non \u00e8 sempre il caso quando si confrontano i","og_url":"https:\/\/www.blackjackinfo.com\/fr\/ecole-de-blackjack\/lecon-21-battre-le-jeu-a-deux-etages-partie-1\/","og_site_name":"BlackjackInfo.com","article_modified_time":"2018-04-18T07:07:14+00:00","twitter_misc":{"Dur\u00e9e de lecture estim\u00e9e":"6 minutes"},"schema":{"@context":"https:\/\/schema.org","@graph":[{"@type":"WebPage","@id":"https:\/\/www.blackjackinfo.com\/blackjack-school\/lesson-21-beating-the-double-deck-game-part-1\/","url":"https:\/\/www.blackjackinfo.com\/blackjack-school\/lesson-21-beating-the-double-deck-game-part-1\/","name":"Lezione 21 - Sconfiggere il Gioco con Due Mazzi","isPartOf":{"@id":"https:\/\/www.blackjackinfo.com\/#website"},"datePublished":"2017-03-13T04:10:29+00:00","dateModified":"2018-04-18T07:07:14+00:00","description":"\u00c0 premi\u00e8re vue, il semble logique qu'un grand joueur gagne mieux avec un jeu qui utilise moins de mazzi, mais ce n'est pas toujours le cas quand il s'agit d'affronter les","breadcrumb":{"@id":"https:\/\/www.blackjackinfo.com\/blackjack-school\/lesson-21-beating-the-double-deck-game-part-1\/#breadcrumb"},"inLanguage":"fr-FR","potentialAction":[{"@type":"ReadAction","target":["https:\/\/www.blackjackinfo.com\/blackjack-school\/lesson-21-beating-the-double-deck-game-part-1\/"]}]},{"@type":"BreadcrumbList","@id":"https:\/\/www.blackjackinfo.com\/blackjack-school\/lesson-21-beating-the-double-deck-game-part-1\/#breadcrumb","itemListElement":[{"@type":"ListItem","position":1,"name":"Home","item":"https:\/\/www.blackjackinfo.com\/"},{"@type":"ListItem","position":2,"name":"La Scuola di Blackjack di GameMaster","item":"https:\/\/www.it.blackjackinfo.com\/scuola-di-blackjack\/"},{"@type":"ListItem","position":3,"name":"Lezione 21 &#8211; Sconfiggere il Gioco con Due Mazzi"}]},{"@type":"WebSite","@id":"https:\/\/www.blackjackinfo.com\/#website","url":"https:\/\/www.blackjackinfo.com\/","name":"BlackjackInfo.com","description":"Parce que gagner, c'est plus amusant !","potentialAction":[{"@type":"SearchAction","target":{"@type":"EntryPoint","urlTemplate":"https:\/\/www.blackjackinfo.com\/?s={search_term_string}"},"query-input":{"@type":"PropertyValueSpecification","valueRequired":true,"valueName":"search_term_string"}}],"inLanguage":"fr-FR"}]}},"_links":{"self":[{"href":"https:\/\/www.blackjackinfo.com\/fr\/wp-json\/wp\/v2\/pages\/2800","targetHints":{"allow":["GET"]}}],"collection":[{"href":"https:\/\/www.blackjackinfo.com\/fr\/wp-json\/wp\/v2\/pages"}],"about":[{"href":"https:\/\/www.blackjackinfo.com\/fr\/wp-json\/wp\/v2\/types\/page"}],"author":[{"embeddable":true,"href":"https:\/\/www.blackjackinfo.com\/fr\/wp-json\/wp\/v2\/users\/4"}],"replies":[{"embeddable":true,"href":"https:\/\/www.blackjackinfo.com\/fr\/wp-json\/wp\/v2\/comments?post=2800"}],"version-history":[{"count":3,"href":"https:\/\/www.blackjackinfo.com\/fr\/wp-json\/wp\/v2\/pages\/2800\/revisions"}],"predecessor-version":[{"id":2803,"href":"https:\/\/www.blackjackinfo.com\/fr\/wp-json\/wp\/v2\/pages\/2800\/revisions\/2803"}],"up":[{"embeddable":true,"href":"https:\/\/www.blackjackinfo.com\/fr\/wp-json\/wp\/v2\/pages\/2715"}],"wp:attachment":[{"href":"https:\/\/www.blackjackinfo.com\/fr\/wp-json\/wp\/v2\/media?parent=2800"}],"wp:term":[{"taxonomy":"post_tag","embeddable":true,"href":"https:\/\/www.blackjackinfo.com\/fr\/wp-json\/wp\/v2\/tags?post=2800"}],"curies":[{"name":"wp","href":"https:\/\/api.w.org\/{rel}","templated":true}]}}