{"id":2807,"date":"2017-03-12T23:23:13","date_gmt":"2017-03-13T04:23:13","guid":{"rendered":"https:\/\/www.blackjackinfo.com\/?page_id=2807\/"},"modified":"2018-04-18T02:07:14","modified_gmt":"2018-04-18T07:07:14","slug":"lezione-23-sconfiggere-il-gioco-con-due-mazzi","status":"publish","type":"page","link":"https:\/\/www.blackjackinfo.com\/fr\/scuola-di-blackjack\/lezione-23-sconfiggere-il-gioco-con-due-mazzi\/","title":{"rendered":"Lezione 23 - Sconfiggere il Gioco con Due Mazzi"},"content":{"rendered":"<h3 class=\"gbs-heading\">Variazioni Strategia Base per il Doppio Mazzo<\/h3>\n<p><b>Pour jouer au Blackjack avec la double carte, il faut trouver d'abord un jeu qui offre une p\u00e9n\u00e9tration d\u00e9cente avec une somme minimale qui permet de r\u00e9aliser un intervalle de somme de 1 \u00e0 8,<\/b> en s'inspirant \u00e0 l'int\u00e9rieur des principes fondamentaux de la gestion des ressources en fonction du budget total de l'entreprise. Une autre \"freccia nel vostro arco\", pour ainsi dire, est de varier le jeu de votre main en fonction du contexte.<\/p>\n<p><b>Si vous \u00eates en mesure de contenir les cartes, vous pouvez utiliser le contenu pour calculer le chiffre que vous devez attribuer \u00e0 chaque personne, mais vous pouvez \u00e9galement utiliser le contenu pour jouer avec plus de pr\u00e9cision avec chaque personne.<\/b> Si vous avez \u00e9tudi\u00e9 mon cours jusqu'ici, vous savez que l'un des facteurs cl\u00e9s pour gagner au Blackjack est de perdre le jeu quand le True Count est \u00e0 -1 ou plus en bas, Mais cette technique n'est pas r\u00e9alisable dans la plupart des jeux avec deux cartes, car les cartes ne sont distribu\u00e9es que pour quelques tours de table avant d'\u00eatre m\u00e9lang\u00e9es de nouveau, par rapport au jeu avec deux cartes.<\/p>\n<p><b>En cons\u00e9quence, nous devons nous reposer et jouer avec beaucoup plus de maux \"n\u00e9gatifs\", mais la note positive est qu'une erreur n'est pas toujours trop longue.<\/b> Mais, dans le m\u00eame temps, nous savons que la valeur du casino augmente lorsque le conteggio s'effondre, et nous devons donc neutraliser cet effet dans la mesure du possible. Il est probable que nous devrons jouer beaucoup plus de jeux n\u00e9gatifs avec les deux joueurs, mais ce que nous devons faire, c'est augmenter le nombre de jeux pour les hommes, comme tirer le 12 contre le 5 du banco et ainsi de suite. Avec un contenu bas, nous devons \u00e9galement \u00e9viter de radier et de diviser les coppies en utilisant, \u00e0 leur place, des cartons. Mais nous ne voulons pas nous engager dans des jeux aussi importants que ceux-ci, c'est pourquoi nous avons besoin d'introduire les variations de la strat\u00e9gie de base pour les nombres \"bas\", comme -2, -3 et ainsi de suite. <b>Un intervalle r\u00e9aliste pour la plupart des jeux avec la double maquette est un True Count entre -6 et +6 qui se situe dans le 85% de toutes les mains qui jouent en mai, en supposant une p\u00e9n\u00e9tration de 50-60%.<\/b><\/p>\n<p>Certains joueurs pr\u00e9f\u00e8rent utiliser uniquement les indices pour les mains principales, avec l'id\u00e9e qu'ils joueront une main comme A, 4 contre un 5 moins de 100 fois sur 100 000 mains de jeu, mais qu'ils joueront un 16 contre un 10 beaucoup plus fr\u00e9quemment. Dans la deuxi\u00e8me \u00e9dition de son livre, \"Blackjack Attack\", Don Schlesinger a consacr\u00e9 un chapitre \u00e0 ce qu'il appelle les \"Illustri 18\" qui sont, selon lui, les variations de la strat\u00e9gie de base les plus importantes. Je n'ai pas le courage de reproduire le travail original des autres auteurs, c'est pourquoi j'ai ajout\u00e9 au livre un aper\u00e7u complet si je ne peux pas m\u00e9moriser toutes les variations que j'ai faites depuis le d\u00e9but. Une autre id\u00e9e qu'il vaut la peine d'envisager est de ne pas imposer les indices sous -2, avec le principe logique que, avec de tels efforts, il est probable que l'on obtienne le minimum consenti, c'est-\u00e0-dire que chaque erreur de jeu commise par vous, pendant une longue p\u00e9riode, ne co\u00fbte pas grand-chose. En revanche, vous pouvez vous contenter d'appliquer les indicateurs qui vous permettent d'obtenir des montants suppl\u00e9mentaires, comme les radiodiffusions et les divisions, en pensant qu'en d\u00e9pensant plus d'argent sur le march\u00e9, il faut faire preuve d'un bon sens de l'observation.<br \/>\nPersonnellement, je suis d'avis que s'il y a quelque chose \u00e0 faire dans ce jeu, ce sera toujours et encore le cas. (D'accord, je sais que je suis fanatique de ces choses, mais qu'est-ce que je peux faire ?) Si les jeux avec deux joueurs se trouvent l\u00e0 o\u00f9 vous passez la plus grande partie de votre temps, il est probable que cela vaille la peine de s'efforcer de m\u00e9moriser les 90 indices qui sont pr\u00e9sent\u00e9s. Mais si ce n'est pas votre jeu principal, un intervalle entre -2 et +6 avec quelques modifications judicieuses sera probablement suffisant. N'oubliez pas que certaines de ces indications sont similaires \u00e0 celles des jeux avec six cartes, et que vous ne devez donc pas commencer par tirer sur le bouton pour changer de carte. <b>Imparate quei numeri che pensate siano importanti per il posto e il modo in cui giocherete.<\/b><\/p>\n<p>Au lieu de parler de la variation de chaque main, comme je l'ai fait dans la section avec le plus grand nombre de personnes, ce qu'il faut faire, c'est reproduire la matrice de la base strat\u00e9gique qui affiche un \"indice\" num\u00e9rique pour chaque main appropri\u00e9e. Ne vous inqui\u00e9tez pas si vous avez des difficult\u00e9s \u00e0 comprendre, car, tanto, verr\u00e0 spiegata pi\u00f9 in basso<\/p>\n<p><b>Variazioni Strategia Base<\/b><br \/>\nDoppio-Mazzo, H17, Da2, no das, nessuna resa<br \/>\n<b><a href=\"https:\/\/www.blackjackinfo.com\/files\/Blackjack-School\/DD-BS-Variations.htm\">(cliquez sur ce lien pour acc\u00e9der \u00e0 une autre page contenant ces informations)<\/a><\/b><\/p>\n<h3 class=\"gbs-heading\">Utilisation de la Matrice<\/h3>\n<p>(Note du GM : La strat\u00e9gie de base pour ce jeu est disponible sur BlackjackInfo.com : <a href=\"https:\/\/www.blackjackinfo.com\/it\/bjbse.php?numdecks=2+decks&amp;soft17=h17&amp;dbl=all&amp;das=no&amp;surr=ns&amp;peek=yes\">2D, H17, DA2, NDAS Strat\u00e9gie de base<\/a>)<\/p>\n<p><b>Il est tr\u00e8s facile d'utiliser la matrice si vous avez m\u00e9moris\u00e9 la base strat\u00e9gique pour ce type de jeu, mais si vous ne l'avez pas encore fait, vous pouvez l'utiliser avant d'utiliser ce mode de jeu avanc\u00e9.<\/b> Pour chaque combinaison de la main du joueur et de la carte de la banque, vous pouvez choisir une action sp\u00e9cifique telle que tirer, fermer, radier, etc. ou un num\u00e9ro. Le num\u00e9ro est un \"point d'action\" bas\u00e9 sur le compte r\u00e9el qui indique la variation. Ce que cette variation repr\u00e9sente pour une situation peut pr\u00eater \u00e0 confusion, mais si vous \u00e9tudiez la m\u00e9thode en question, vous pouvez vous en rendre compte tout seul. Un bon exemple de ce qui a \u00e9t\u00e9 dit pr\u00e9c\u00e9demment est A, 7 contre le 2 de la banque. Dans la matrice, vous trouvez en correspondance le num\u00e9ro 2, et vous devez donc tirer, fermer ou faire quelque chose d'autre ? Bien s\u00fbr, \"quelque chose d'autre\" est la r\u00e9ponse appropri\u00e9e, et il faut donc radier, comme avec un A,7 contre 3, 4, 5 et 6. La logique joue un r\u00f4le dans ce cas, c'est-\u00e0-dire que si un jeu semble irrationnel, il est probable qu'il soit rat\u00e9. Tirereste veramente un A,7 contro un 2 ? Bien s\u00fbr, on pourrait le faire, mais il s'agit d\u00e9j\u00e0 d'un jeu de strat\u00e9gie de base, et le radiodiffuseur est tout ce qu'il y a de plus normal. En cons\u00e9quence, ce que vous dites, c'est que vous devez radier un A,7 contre le 2 de la banque quand le nombre r\u00e9el est de 2 ou plus de 2. Si le nombre r\u00e9el est inf\u00e9rieur \u00e0 2, utilisez le jeu de la base strat\u00e9gique, qui sugg\u00e8re de fermer. Contre un 3, la Strategia Base propose de radier l'A,7. Mais l'indice dans ce cas est de -2, ce qui signifie qu'il faut remplacer un A,7 contre 3 uniquement si le nombre de vrais comptes est de -2 ou plus. Si ce n'est pas le cas, il faut fermer. Nous parlons d'une autre variation qui pourrait pr\u00eater \u00e0 confusion : 8, 8 contre 10. La note correspondante est \"Stand@6\", c'est-\u00e0-dire que si le nombre r\u00e9el est de 6 ou plus, on ne divise pas les 8, mais on les ferme.<\/p>\n<p>La r\u00e8gle g\u00e9n\u00e9rale pour comprendre la matrice des variations de la strat\u00e9gie de base est la suivante : <b>Si le num\u00e9ro d'une case est \u00e9gal ou inf\u00e9rieur \u00e0 0, il s'agit alors de faire la mousse de la base strat\u00e9gique que vous devez suivre jusqu'\u00e0 ce que le contenu soit plus grand que le num\u00e9ro affich\u00e9.<\/b> Par exemple, dans le cas de A,4 contre 4, il faut radier jusqu'\u00e0 ce que le contenu soit sup\u00e9rieur ou inf\u00e9rieur \u00e0 0. Si le contenu est n\u00e9gatif, il faut tirer. Dans le cas d'un 9 contre un 4, on radiodiffuse jusqu'\u00e0 ce que le contenu soit \u00e9gal \u00e0 -3 ou sup\u00e9rieur (on note que -1 est \"plus grand\" que -2).<\/p>\n<p>Il n'est pas question de parler de la variation la plus importante de toutes, \u00e0 savoir l'assurance. <b>Nous esp\u00e9rons que la strat\u00e9gie de base correcte consiste \u00e0 ne jamais prendre l'assurance (m\u00eame lorsque vous avez un \"blackjack\" et que la carte du croupier est un Asso, qui peut faire tout ce que quelqu'un d'autre peut faire).<\/b>En revanche, dans un jeu avec deux joueurs, la recommandation relative \u00e0 l'assurance est gagnante avec un nombre de tours de 2 (2,4 si vous pouvez obtenir ce degr\u00e9 de pr\u00e9cision) ou plus.<\/p>\n<h3 class=\"gbs-heading\">Impl\u00e9menter les modifications de la strat\u00e9gie de base<\/h3>\n<p><b>Une fois que vous avez choisi les variations de la strat\u00e9gie de base que vous souhaitez apprendre, vous pouvez cr\u00e9er une s\u00e9rie de cartes-\u00e9clair adapt\u00e9es \u00e0 cet objectif.<\/b> La mani\u00e8re de proc\u00e9der a \u00e9t\u00e9 expliqu\u00e9e en d\u00e9tail dans la Le\u00e7on 14 de \"La Scuola di Blackjack di GameMaster\" et vous ne pouvez pas ignorer une nouvelle fois l'importance de la valeur de ces cartes. Construisez un ensemble de cartes et emportez-les avec vous, ou \u00e9tudiez-les intens\u00e9ment avant chaque session de jeu si le jeu avec deux cartes n'est pas votre jeu \"principal\".<\/p>","protected":false},"excerpt":{"rendered":"<p>Variazioni Strategia Base per il Doppio Mazzo Vincere al gioco del Blackjack con il doppio-mazzo richiede che si trovi dapprima un gioco che offra una penetrazione decente con una scommessa minima che ci consenta di realizzare un intervallo di scommessa da 1 a 8, rimanendo all&#8217;interno dei principi ragionevoli per la gestione dei soldi in [&hellip;]<\/p>\n","protected":false},"author":4,"featured_media":0,"parent":2715,"menu_order":0,"comment_status":"open","ping_status":"open","template":"page-blacjack-school-it.php","meta":{"_acf_changed":false,"footnotes":""},"tags":[],"class_list":["post-2807","page","type-page","status-publish","hentry"],"acf":[],"yoast_head":"<!-- This site is optimized with the Yoast SEO plugin v26.6 - https:\/\/yoast.com\/wordpress\/plugins\/seo\/ -->\n<title>Lezione 23 - Sconfiggere il Gioco con Due Mazzi<\/title>\n<meta name=\"description\" content=\"Variazioni Strategia Base per il Doppio Mazzo Vincere al gioco del Blackjack con il doppio-mazzo richiede che si trovi dapprima un gioco che offra una\" \/>\n<meta name=\"robots\" content=\"index, follow, max-snippet:-1, max-image-preview:large, max-video-preview:-1\" \/>\n<link rel=\"canonical\" href=\"https:\/\/www.blackjackinfo.com\/fr\/ecole-de-blackjack\/lecon-23-battre-le-jeu-a-deux-etages-partie-3\/\" \/>\n<meta property=\"og:locale\" content=\"fr_FR\" \/>\n<meta property=\"og:type\" content=\"article\" \/>\n<meta property=\"og:title\" content=\"Lezione 23 - Sconfiggere il Gioco con Due Mazzi\" \/>\n<meta property=\"og:description\" content=\"Variazioni Strategia Base per il Doppio Mazzo Vincere al gioco del Blackjack con il doppio-mazzo richiede che si trovi dapprima un gioco che offra una\" \/>\n<meta property=\"og:url\" content=\"https:\/\/www.blackjackinfo.com\/fr\/ecole-de-blackjack\/lecon-23-battre-le-jeu-a-deux-etages-partie-3\/\" \/>\n<meta property=\"og:site_name\" content=\"BlackjackInfo.com\" \/>\n<meta property=\"article:modified_time\" content=\"2018-04-18T07:07:14+00:00\" \/>\n<meta name=\"twitter:label1\" content=\"Dur\u00e9e de lecture estim\u00e9e\" \/>\n\t<meta name=\"twitter:data1\" content=\"6 minutes\" \/>\n<script type=\"application\/ld+json\" class=\"yoast-schema-graph\">{\"@context\":\"https:\/\/schema.org\",\"@graph\":[{\"@type\":\"WebPage\",\"@id\":\"https:\/\/www.blackjackinfo.com\/blackjack-school\/lesson-23-beating-the-double-deck-game-part-3\/\",\"url\":\"https:\/\/www.blackjackinfo.com\/blackjack-school\/lesson-23-beating-the-double-deck-game-part-3\/\",\"name\":\"Lezione 23 - Sconfiggere il Gioco con Due Mazzi\",\"isPartOf\":{\"@id\":\"https:\/\/www.blackjackinfo.com\/#website\"},\"datePublished\":\"2017-03-13T04:23:13+00:00\",\"dateModified\":\"2018-04-18T07:07:14+00:00\",\"description\":\"Variazioni Strategia Base per il Doppio Mazzo Vincere al gioco del Blackjack con il doppio-mazzo richiede che si trovi dapprima un gioco che offra una\",\"breadcrumb\":{\"@id\":\"https:\/\/www.blackjackinfo.com\/blackjack-school\/lesson-23-beating-the-double-deck-game-part-3\/#breadcrumb\"},\"inLanguage\":\"fr-FR\",\"potentialAction\":[{\"@type\":\"ReadAction\",\"target\":[\"https:\/\/www.blackjackinfo.com\/blackjack-school\/lesson-23-beating-the-double-deck-game-part-3\/\"]}]},{\"@type\":\"BreadcrumbList\",\"@id\":\"https:\/\/www.blackjackinfo.com\/blackjack-school\/lesson-23-beating-the-double-deck-game-part-3\/#breadcrumb\",\"itemListElement\":[{\"@type\":\"ListItem\",\"position\":1,\"name\":\"Home\",\"item\":\"https:\/\/www.blackjackinfo.com\/\"},{\"@type\":\"ListItem\",\"position\":2,\"name\":\"La Scuola di Blackjack di GameMaster\",\"item\":\"https:\/\/www.it.blackjackinfo.com\/scuola-di-blackjack\/\"},{\"@type\":\"ListItem\",\"position\":3,\"name\":\"Lezione 23 &#8211; Sconfiggere il Gioco con Due Mazzi\"}]},{\"@type\":\"WebSite\",\"@id\":\"https:\/\/www.blackjackinfo.com\/#website\",\"url\":\"https:\/\/www.blackjackinfo.com\/\",\"name\":\"BlackjackInfo.com\",\"description\":\"Because Winning is More Fun!\",\"potentialAction\":[{\"@type\":\"SearchAction\",\"target\":{\"@type\":\"EntryPoint\",\"urlTemplate\":\"https:\/\/www.blackjackinfo.com\/?s={search_term_string}\"},\"query-input\":{\"@type\":\"PropertyValueSpecification\",\"valueRequired\":true,\"valueName\":\"search_term_string\"}}],\"inLanguage\":\"fr-FR\"}]}<\/script>\n<!-- \/ Yoast SEO plugin. -->","yoast_head_json":{"title":"Lezione 23 - Sconfiggere il Gioco con Due Mazzi","description":"Variazioni Strategia Base per il Doppio Mazzo Vincere al gioco del Blackjack con il doppio-mazzo richiede si trovi dapprima un gioco che offra una","robots":{"index":"index","follow":"follow","max-snippet":"max-snippet:-1","max-image-preview":"max-image-preview:large","max-video-preview":"max-video-preview:-1"},"canonical":"https:\/\/www.blackjackinfo.com\/fr\/ecole-de-blackjack\/lecon-23-battre-le-jeu-a-deux-etages-partie-3\/","og_locale":"fr_FR","og_type":"article","og_title":"Lezione 23 - Sconfiggere il Gioco con Due Mazzi","og_description":"Variazioni Strategia Base per il Doppio Mazzo Vincere al gioco del Blackjack con il doppio-mazzo richiede che si trovi dapprima un gioco che offra una","og_url":"https:\/\/www.blackjackinfo.com\/fr\/ecole-de-blackjack\/lecon-23-battre-le-jeu-a-deux-etages-partie-3\/","og_site_name":"BlackjackInfo.com","article_modified_time":"2018-04-18T07:07:14+00:00","twitter_misc":{"Dur\u00e9e de lecture estim\u00e9e":"6 minutes"},"schema":{"@context":"https:\/\/schema.org","@graph":[{"@type":"WebPage","@id":"https:\/\/www.blackjackinfo.com\/blackjack-school\/lesson-23-beating-the-double-deck-game-part-3\/","url":"https:\/\/www.blackjackinfo.com\/blackjack-school\/lesson-23-beating-the-double-deck-game-part-3\/","name":"Lezione 23 - Sconfiggere il Gioco con Due Mazzi","isPartOf":{"@id":"https:\/\/www.blackjackinfo.com\/#website"},"datePublished":"2017-03-13T04:23:13+00:00","dateModified":"2018-04-18T07:07:14+00:00","description":"Variazioni Strategia Base per il Doppio Mazzo Vincere al gioco del Blackjack con il doppio-mazzo richiede si trovi dapprima un gioco che offra una","breadcrumb":{"@id":"https:\/\/www.blackjackinfo.com\/blackjack-school\/lesson-23-beating-the-double-deck-game-part-3\/#breadcrumb"},"inLanguage":"fr-FR","potentialAction":[{"@type":"ReadAction","target":["https:\/\/www.blackjackinfo.com\/blackjack-school\/lesson-23-beating-the-double-deck-game-part-3\/"]}]},{"@type":"BreadcrumbList","@id":"https:\/\/www.blackjackinfo.com\/blackjack-school\/lesson-23-beating-the-double-deck-game-part-3\/#breadcrumb","itemListElement":[{"@type":"ListItem","position":1,"name":"Home","item":"https:\/\/www.blackjackinfo.com\/"},{"@type":"ListItem","position":2,"name":"La Scuola di Blackjack di GameMaster","item":"https:\/\/www.it.blackjackinfo.com\/scuola-di-blackjack\/"},{"@type":"ListItem","position":3,"name":"Lezione 23 &#8211; Sconfiggere il Gioco con Due Mazzi"}]},{"@type":"WebSite","@id":"https:\/\/www.blackjackinfo.com\/#website","url":"https:\/\/www.blackjackinfo.com\/","name":"BlackjackInfo.com","description":"Parce que gagner, c'est plus amusant !","potentialAction":[{"@type":"SearchAction","target":{"@type":"EntryPoint","urlTemplate":"https:\/\/www.blackjackinfo.com\/?s={search_term_string}"},"query-input":{"@type":"PropertyValueSpecification","valueRequired":true,"valueName":"search_term_string"}}],"inLanguage":"fr-FR"}]}},"_links":{"self":[{"href":"https:\/\/www.blackjackinfo.com\/fr\/wp-json\/wp\/v2\/pages\/2807","targetHints":{"allow":["GET"]}}],"collection":[{"href":"https:\/\/www.blackjackinfo.com\/fr\/wp-json\/wp\/v2\/pages"}],"about":[{"href":"https:\/\/www.blackjackinfo.com\/fr\/wp-json\/wp\/v2\/types\/page"}],"author":[{"embeddable":true,"href":"https:\/\/www.blackjackinfo.com\/fr\/wp-json\/wp\/v2\/users\/4"}],"replies":[{"embeddable":true,"href":"https:\/\/www.blackjackinfo.com\/fr\/wp-json\/wp\/v2\/comments?post=2807"}],"version-history":[{"count":3,"href":"https:\/\/www.blackjackinfo.com\/fr\/wp-json\/wp\/v2\/pages\/2807\/revisions"}],"predecessor-version":[{"id":2810,"href":"https:\/\/www.blackjackinfo.com\/fr\/wp-json\/wp\/v2\/pages\/2807\/revisions\/2810"}],"up":[{"embeddable":true,"href":"https:\/\/www.blackjackinfo.com\/fr\/wp-json\/wp\/v2\/pages\/2715"}],"wp:attachment":[{"href":"https:\/\/www.blackjackinfo.com\/fr\/wp-json\/wp\/v2\/media?parent=2807"}],"wp:term":[{"taxonomy":"post_tag","embeddable":true,"href":"https:\/\/www.blackjackinfo.com\/fr\/wp-json\/wp\/v2\/tags?post=2807"}],"curies":[{"name":"wp","href":"https:\/\/api.w.org\/{rel}","templated":true}]}}