{"id":3173,"date":"2017-10-08T04:23:35","date_gmt":"2017-10-08T09:23:35","guid":{"rendered":"https:\/\/www.blackjackinfo.com\/?page_id=3173"},"modified":"2026-04-07T08:48:08","modified_gmt":"2026-04-07T13:48:08","slug":"blackjackinfo-blackjack-strategy-trainer","status":"publish","type":"page","link":"https:\/\/www.blackjackinfo.com\/fr\/blackjackinfo-blackjack-strategy-trainer\/","title":{"rendered":"Entra\u00eeneur \u00e0 la strat\u00e9gie du blackjack"},"content":{"rendered":"<div class=\"wp-block-group container\"><div class=\"wp-block-group__inner-container is-layout-constrained wp-block-group-is-layout-constrained\">\n<p>Il s'agit de la version mise \u00e0 jour de l'ancien formateur flash de strat\u00e9gie de blackjack qui a \u00e9t\u00e9 cr\u00e9\u00e9 par la l\u00e9gende du blackjack.&nbsp;<a href=\"https:\/\/www.blackjackinfo.com\/about\/#who-is-ken-smith\">Ken Smith<\/a>. <\/p>\n\n\n\n<p>Si vous trouvez des bogues, veuillez laisser un <a href=\"#wpd-threads\">commentaire<\/a> ci-dessous ! Vos commentaires sont tr\u00e8s appr\u00e9ci\u00e9s. <strong>Cliquez sur le bouton plein \u00e9cran <img loading=\"lazy\" decoding=\"async\" src=\"https:\/\/www.blackjackinfo.com\/content\/plugins\/blackjack-strategy-trainer\/dist\/icons\/fullscreen-enter.svg\" alt=\"\" width=\"28\" height=\"28\" data-no-auto-translation=\"\" \/>&nbsp;(en haut \u00e0 droite du jeu) pour une meilleure exp\u00e9rience.<\/strong><\/p>\n\n\n\n<p class=\"bs-callout bs-callout-info\">Le formateur a \u00e9t\u00e9 mis \u00e0 jour pour \u00eatre plus rapide et mieux adapt\u00e9 aux t\u00e9l\u00e9phones portables. Si vous pr\u00e9f\u00e9rez l'ancienne version, <a href=\"https:\/\/www.blackjackinfo.com\/blackjack-strategy-trainer-2\/\">cliquez ici<\/a>.<\/p>\n<\/div><\/div>\n\n\n\n<div id=\"blackjack-trainer\"><div role=\"status\" aria-live=\"polite\" style=\"min-height:320px;display:flex;align-items:center;justify-content:center;padding:24px;background:#0f1a0d;color:#d4af37\"><span style=\"font-family:Inter,system-ui,sans-serif;font-size:16px;font-weight:600;letter-spacing:0.08em;text-transform:uppercase;text-align:center\">Chargement de Blackjack Trainer...<\/span><\/div><\/div>\n\n\n\n<div class=\"wp-block-group container pT40\"><div class=\"wp-block-group__inner-container is-layout-constrained wp-block-group-is-layout-constrained\">\n<h2 class=\"wp-block-heading\">Comment utiliser le simulateur<\/h2>\n\n\n\n<p>Jouez chaque main comme vous le feriez normalement. Apr\u00e8s chaque d\u00e9cision, le formateur vous indique le <a href=\"https:\/\/www.blackjackinfo.com\/blackjack-basic-strategy-engine\/\">une strat\u00e9gie de base correcte<\/a> et vous montre o\u00f9 vous vous \u00eates tromp\u00e9 si vous faites une erreur.<\/p>\n\n\n\n<p>Le diagramme de strat\u00e9gie int\u00e9gr\u00e9 <img loading=\"lazy\" decoding=\"async\" src=\"https:\/\/www.blackjackinfo.com\/content\/plugins\/blackjack-strategy-trainer\/dist\/icons\/strategy-chart.svg\" alt=\"\" width=\"20\" height=\"20\" data-no-auto-translation=\"\" \/> vous donne une r\u00e9f\u00e9rence visuelle compl\u00e8te pour les mains fortes, les mains faibles et les paires. Si vous souhaitez rev\u00e9rifier un coup, ouvrez le tableau et comparez le jeu correct avec la carte du croupier.<\/p>\n\n\n\n<p>L'affichage de la pr\u00e9cision <span class=\"bjt-inline-accuracy\" style=\"display:inline-flex;align-items:center;gap:0.2em;padding:0.2em 0.7em;border:1px solid rgba(15,23,42,0.12);border-radius:4px;background:#f8fafc;color:#475569;font-size:0.82em;font-weight:600;line-height:1.2;vertical-align:-0.12em;box-shadow:inset 0 1px 0 rgba(255,255,255,0.9);white-space:nowrap\"><span style=\"color:#4ade80\">18<\/span> \/ 22 - 82%<\/span> indique la fr\u00e9quence \u00e0 laquelle vous choisissez le bon coup. Cliquez sur ce bouton pour obtenir une analyse d\u00e9taill\u00e9e de vos r\u00e9sultats, y compris votre pr\u00e9cision globale, vos performances par type de main et les erreurs que vous commettez le plus souvent.<\/p>\n\n\n\n<h3 class=\"wp-block-heading\">L'importance de la strat\u00e9gie de base<\/h3>\n\n\n\n<p>La strat\u00e9gie de base est la fa\u00e7on math\u00e9matiquement correcte de jouer au blackjack en fonction de votre main et de la carte sup\u00e9rieure du croupier. Elle ne garantit pas une victoire \u00e0 chaque main, mais elle r\u00e9duit les erreurs co\u00fbteuses et vous permet de prendre les meilleures d\u00e9cisions \u00e0 long terme.<\/p>\n\n\n\n<p>La plupart des joueurs perdent de l'argent suppl\u00e9mentaire en s'arr\u00eatant, en frappant, en divisant ou en doublant au mauvais endroit. S'entra\u00eener avec des commentaires en direct permet d'acqu\u00e9rir les bonnes habitudes beaucoup plus rapidement.<\/p>\n\n\n\n<h3 class=\"wp-block-heading\">Ce que vous apprendrez<\/h3>\n\n\n\n<p>Ce formateur vous aide \u00e0 vous am\u00e9liorer dans les parties les plus importantes de la strat\u00e9gie du blackjack :<\/p>\n\n\n\n<ul class=\"wp-block-list\">\n<li>Totaux bruts<\/li>\n\n\n\n<li>Totaux souples<\/li>\n\n\n\n<li>S\u00e9paration de paires<\/li>\n\n\n\n<li>Doubler les d\u00e9cisions<\/li>\n\n\n\n<li>D\u00e9cisions de renonciation<\/li>\n\n\n\n<li>Changements de strat\u00e9gie en fonction des r\u00e8gles<\/li>\n<\/ul>\n\n\n\n<h3 class=\"wp-block-heading\">Personnaliser les r\u00e8gles<\/h3>\n\n\n\n<p>La strat\u00e9gie du blackjack change en fonction du jeu. Cliquez sur l'ic\u00f4ne des param\u00e8tres en haut \u00e0 gauche pour vous entra\u00eener avec diff\u00e9rentes r\u00e8gles, notamment :<\/p>\n\n\n\n<ul class=\"wp-block-list\">\n<li>Nombre d'\u00e9tages (6 par d\u00e9faut)<\/li>\n\n\n\n<li>Le croupier frappe ou reste sur un soft 17 (par d\u00e9faut reste)<\/li>\n\n\n\n<li>Restrictions au double down (deux cartes par d\u00e9faut)<\/li>\n\n\n\n<li>Double apr\u00e8s fractionnement - (par d\u00e9faut Autoris\u00e9)<\/li>\n\n\n\n<li>Possibilit\u00e9 de rachat (par d\u00e9faut : aucune)<\/li>\n\n\n\n<li>R\u00e8gles relatives aux coups de pied du croupier (par d\u00e9faut : Oui)<\/li>\n\n\n\n<li>Entra\u00eeneur de strat\u00e9gie (activ\u00e9 par d\u00e9faut)<\/li>\n<\/ul>\n\n\n\n<p>Cela signifie que vous pouvez vous entra\u00eener pour les tables sp\u00e9cifiques que vous jouez r\u00e9ellement.<\/p>\n\n\n\n<h3 class=\"wp-block-heading\">Utiliser le diagramme de strat\u00e9gie et les statistiques<\/h3>\n\n\n\n<p>Le tableau de strat\u00e9gie int\u00e9gr\u00e9 vous donne une r\u00e9f\u00e9rence visuelle compl\u00e8te pour les mains fortes, les mains faibles et les paires. Si vous souhaitez \u00e9tudier d'abord et jouer ensuite, il s'agit d'un outil de consultation rapide. Si vous pr\u00e9f\u00e9rez apprendre par la pratique, vous pouvez l'utiliser apr\u00e8s une erreur pour renforcer le bon mouvement.<\/p>\n\n\n\n<p>L'affichage des statistiques permet de suivre votre pr\u00e9cision globale et de mettre en \u00e9vidence les erreurs que vous commettez le plus souvent, afin que vous sachiez exactement sur quoi travailler ensuite. <\/p>\n\n\n\n<p>Pour en savoir plus, visitez notre <a href=\"http:\/\/localhost:8000\/blackjack-basic-strategy-engine\/\">page sur la strat\u00e9gie de base du blackjack<\/a>.<\/p>\n<\/div><\/div>","protected":false},"excerpt":{"rendered":"<p>This is the updated version of the old flash blackjack strategy trainer which was created by blackjack legend&nbsp;Ken Smith. If you find any bugs please leave a comment below! Your feedback is greatly appreciated. Click on the full screen button &nbsp;(found at the top right of the game) for the best experience. The trainer has [&hellip;]<\/p>\n","protected":false},"author":4,"featured_media":0,"parent":0,"menu_order":0,"comment_status":"open","ping_status":"closed","template":"page-full-width.php","meta":{"_acf_changed":false,"footnotes":""},"tags":[],"class_list":["post-3173","page","type-page","status-publish","hentry"],"acf":[],"yoast_head":"<!-- This site is optimized with the Yoast SEO plugin v26.6 - https:\/\/yoast.com\/wordpress\/plugins\/seo\/ -->\n<title>Blackjack Strategy Trainer - Interactive Practice Tool<\/title>\n<meta name=\"description\" content=\"Learn how to play basic blackjack strategy with our interactive game. It will teach you basic strategy and warns if you make any mistakes.\" \/>\n<meta name=\"robots\" content=\"index, follow, max-snippet:-1, max-image-preview:large, max-video-preview:-1\" \/>\n<link rel=\"canonical\" href=\"https:\/\/www.blackjackinfo.com\/fr\/blackjackinfo-blackjack-strategy-trainer\/\" \/>\n<meta property=\"og:locale\" content=\"fr_FR\" \/>\n<meta property=\"og:type\" content=\"article\" \/>\n<meta property=\"og:title\" content=\"Blackjack Strategy Trainer - Interactive Practice Tool\" \/>\n<meta property=\"og:description\" content=\"Learn how to play basic blackjack strategy with our interactive game. It will teach you basic strategy and warns if you make any mistakes.\" \/>\n<meta property=\"og:url\" content=\"https:\/\/www.blackjackinfo.com\/fr\/blackjackinfo-blackjack-strategy-trainer\/\" \/>\n<meta property=\"og:site_name\" content=\"BlackjackInfo.com\" \/>\n<meta property=\"article:modified_time\" content=\"2026-04-07T13:48:08+00:00\" \/>\n<script type=\"application\/ld+json\" class=\"yoast-schema-graph\">{\"@context\":\"https:\/\/schema.org\",\"@graph\":[{\"@type\":\"WebPage\",\"@id\":\"https:\/\/www.blackjackinfo.com\/blackjackinfo-blackjack-strategy-trainer\/\",\"url\":\"https:\/\/www.blackjackinfo.com\/blackjackinfo-blackjack-strategy-trainer\/\",\"name\":\"Blackjack Strategy Trainer - Interactive Practice Tool\",\"isPartOf\":{\"@id\":\"https:\/\/www.blackjackinfo.com\/#website\"},\"datePublished\":\"2017-10-08T09:23:35+00:00\",\"dateModified\":\"2026-04-07T13:48:08+00:00\",\"description\":\"Learn how to play basic blackjack strategy with our interactive game. It will teach you basic strategy and warns if you make any mistakes.\",\"breadcrumb\":{\"@id\":\"https:\/\/www.blackjackinfo.com\/blackjackinfo-blackjack-strategy-trainer\/#breadcrumb\"},\"inLanguage\":\"fr-FR\",\"potentialAction\":[{\"@type\":\"ReadAction\",\"target\":[\"https:\/\/www.blackjackinfo.com\/blackjackinfo-blackjack-strategy-trainer\/\"]}]},{\"@type\":\"BreadcrumbList\",\"@id\":\"https:\/\/www.blackjackinfo.com\/blackjackinfo-blackjack-strategy-trainer\/#breadcrumb\",\"itemListElement\":[{\"@type\":\"ListItem\",\"position\":1,\"name\":\"Home\",\"item\":\"https:\/\/www.blackjackinfo.com\/\"},{\"@type\":\"ListItem\",\"position\":2,\"name\":\"Blackjack Strategy Trainer\"}]},{\"@type\":\"WebSite\",\"@id\":\"https:\/\/www.blackjackinfo.com\/#website\",\"url\":\"https:\/\/www.blackjackinfo.com\/\",\"name\":\"BlackjackInfo.com\",\"description\":\"Because Winning is More Fun!\",\"potentialAction\":[{\"@type\":\"SearchAction\",\"target\":{\"@type\":\"EntryPoint\",\"urlTemplate\":\"https:\/\/www.blackjackinfo.com\/?s={search_term_string}\"},\"query-input\":{\"@type\":\"PropertyValueSpecification\",\"valueRequired\":true,\"valueName\":\"search_term_string\"}}],\"inLanguage\":\"fr-FR\"}]}<\/script>\n<!-- \/ Yoast SEO plugin. -->","yoast_head_json":{"title":"Blackjack Strategy Trainer - Outil d'entra\u00eenement interactif","description":"Apprenez \u00e0 jouer \u00e0 la strat\u00e9gie de base du blackjack avec notre jeu interactif. Il vous enseignera la strat\u00e9gie de base et vous avertira si vous faites des erreurs.","robots":{"index":"index","follow":"follow","max-snippet":"max-snippet:-1","max-image-preview":"max-image-preview:large","max-video-preview":"max-video-preview:-1"},"canonical":"https:\/\/www.blackjackinfo.com\/fr\/blackjackinfo-blackjack-strategy-trainer\/","og_locale":"fr_FR","og_type":"article","og_title":"Blackjack Strategy Trainer - Interactive Practice Tool","og_description":"Learn how to play basic blackjack strategy with our interactive game. It will teach you basic strategy and warns if you make any mistakes.","og_url":"https:\/\/www.blackjackinfo.com\/fr\/blackjackinfo-blackjack-strategy-trainer\/","og_site_name":"BlackjackInfo.com","article_modified_time":"2026-04-07T13:48:08+00:00","schema":{"@context":"https:\/\/schema.org","@graph":[{"@type":"WebPage","@id":"https:\/\/www.blackjackinfo.com\/blackjackinfo-blackjack-strategy-trainer\/","url":"https:\/\/www.blackjackinfo.com\/blackjackinfo-blackjack-strategy-trainer\/","name":"Blackjack Strategy Trainer - Outil d'entra\u00eenement interactif","isPartOf":{"@id":"https:\/\/www.blackjackinfo.com\/#website"},"datePublished":"2017-10-08T09:23:35+00:00","dateModified":"2026-04-07T13:48:08+00:00","description":"Apprenez \u00e0 jouer \u00e0 la strat\u00e9gie de base du blackjack avec notre jeu interactif. Il vous enseignera la strat\u00e9gie de base et vous avertira si vous faites des erreurs.","breadcrumb":{"@id":"https:\/\/www.blackjackinfo.com\/blackjackinfo-blackjack-strategy-trainer\/#breadcrumb"},"inLanguage":"fr-FR","potentialAction":[{"@type":"ReadAction","target":["https:\/\/www.blackjackinfo.com\/blackjackinfo-blackjack-strategy-trainer\/"]}]},{"@type":"BreadcrumbList","@id":"https:\/\/www.blackjackinfo.com\/blackjackinfo-blackjack-strategy-trainer\/#breadcrumb","itemListElement":[{"@type":"ListItem","position":1,"name":"Home","item":"https:\/\/www.blackjackinfo.com\/"},{"@type":"ListItem","position":2,"name":"Blackjack Strategy Trainer"}]},{"@type":"WebSite","@id":"https:\/\/www.blackjackinfo.com\/#website","url":"https:\/\/www.blackjackinfo.com\/","name":"BlackjackInfo.com","description":"Parce que gagner, c'est plus amusant !","potentialAction":[{"@type":"SearchAction","target":{"@type":"EntryPoint","urlTemplate":"https:\/\/www.blackjackinfo.com\/?s={search_term_string}"},"query-input":{"@type":"PropertyValueSpecification","valueRequired":true,"valueName":"search_term_string"}}],"inLanguage":"fr-FR"}]}},"_links":{"self":[{"href":"https:\/\/www.blackjackinfo.com\/fr\/wp-json\/wp\/v2\/pages\/3173","targetHints":{"allow":["GET"]}}],"collection":[{"href":"https:\/\/www.blackjackinfo.com\/fr\/wp-json\/wp\/v2\/pages"}],"about":[{"href":"https:\/\/www.blackjackinfo.com\/fr\/wp-json\/wp\/v2\/types\/page"}],"author":[{"embeddable":true,"href":"https:\/\/www.blackjackinfo.com\/fr\/wp-json\/wp\/v2\/users\/4"}],"replies":[{"embeddable":true,"href":"https:\/\/www.blackjackinfo.com\/fr\/wp-json\/wp\/v2\/comments?post=3173"}],"version-history":[{"count":36,"href":"https:\/\/www.blackjackinfo.com\/fr\/wp-json\/wp\/v2\/pages\/3173\/revisions"}],"predecessor-version":[{"id":10446,"href":"https:\/\/www.blackjackinfo.com\/fr\/wp-json\/wp\/v2\/pages\/3173\/revisions\/10446"}],"wp:attachment":[{"href":"https:\/\/www.blackjackinfo.com\/fr\/wp-json\/wp\/v2\/media?parent=3173"}],"wp:term":[{"taxonomy":"post_tag","embeddable":true,"href":"https:\/\/www.blackjackinfo.com\/fr\/wp-json\/wp\/v2\/tags?post=3173"}],"curies":[{"name":"wp","href":"https:\/\/api.w.org\/{rel}","templated":true}]}}