{"id":383,"date":"2013-12-30T17:57:36","date_gmt":"2013-12-30T23:57:36","guid":{"rendered":"http:\/\/www.blackjackinfo.com\/blog\/?page_id=383"},"modified":"2018-06-22T02:37:25","modified_gmt":"2018-06-22T07:37:25","slug":"le-jeu-avec-un-avantage","status":"publish","type":"page","link":"https:\/\/www.blackjackinfo.com\/fr\/gambling-with-an-edge\/","title":{"rendered":"Jouer avec un avantage"},"content":{"rendered":"<p><img loading=\"lazy\" decoding=\"async\" class=\"alignright\" alt=\"Gambling with an Edge\" src=\"\/img\/gwae.jpg\" width=\"170\" height=\"170\" data-no-auto-translation=\"\" \/>Bienvenue aux auditeurs de l'\u00e9mission de radio et du podcast Gambling with an Edge. Merci d'avoir visit\u00e9 BlackjackInfo.com !<\/p>\n<p>Je suis <a title=\"\u00c0 propos de Ken Smith\" href=\"\/ken-smith\/\">Ken Smith<\/a>J'ai \u00e9t\u00e9 invit\u00e9e \u00e0 l'\u00e9mission du 2 janvier 2014.  J'ai parl\u00e9 avec les animateurs <a title=\"Site de Bob Dancer\" href=\"http:\/\/www.bobdancer.com\">Bob Dancer<\/a> et <a title=\"Site de Richard Munchkin\" href=\"http:\/\/www.richardmunchkin.com\">Richard Munchkin<\/a> sur les tournois de blackjack, mes nouvelles cartes strat\u00e9giques et les jeux d'argent en ligne dans le New Jersey et le Delaware.<\/p>\n<p>Si vous l'avez manqu\u00e9, voici un lien vers un fichier MP3 de l'\u00e9mission.  Cliquez pour \u00e9couter, ou faites un clic droit pour le t\u00e9l\u00e9charger :<\/p>\n<p><a title=\"Jouer avec un avantage, avec Ken Smith\" href=\"\/files\/Gambling-With-An-Edge-Guest-Ken-Smith.mp3\">Jouer avec un avantage, avec l'invit\u00e9 Ken Smith<\/a> (format MP3, 55 minutes)<\/p>\n<p>Si vous ne connaissez pas encore cette \u00e9mission de radio, je vous recommande vivement de la d\u00e9couvrir.  Vous pouvez consulter les anciens \u00e9pisodes \u00e0 l'adresse suivante <a href=\"http:\/\/www.richardmunchkin.com\">Le blog de Richard Munchkin<\/a>ou si vous \u00eates un utilisateur d'iTunes, vous pouvez <a href=\"https:\/\/itunes.apple.com\/us\/podcast\/gambling-with-an-edge\/id459476611?mt=2&#038;uo=4&#038;at=11lbew\">s'abonner au podcast sur iTunes<\/a>.<\/p>\n<p>Les d\u00e9tails des points dont nous avons discut\u00e9 sont \u00e9num\u00e9r\u00e9s ci-dessous.  En outre, ne manquez pas de faire d\u00e9filer vers le bas un article que j'ai \u00e9crit sp\u00e9cialement pour les auditeurs de l'\u00e9mission, expliquant un changement simple que vous pouvez faire en 2014 et qui pourrait valoir des centaines d'euros.<\/p>\n<div class=\"clearfix\">\n<h3 style=\"text-align: center;\">Tournois de Blackjack<\/h3>\n<p><a href=\"https:\/\/www.blackjacktournaments.com\/\"><img loading=\"lazy\" decoding=\"async\" class=\"alignleft size-full wp-image-401\" alt=\"BlackjackTournaments.com\" src=\"\/files\/BlackjackTournaments-285x190.png\" width=\"285\" height=\"190\" data-no-auto-translation=\"\" \/><\/a>La meilleure source d'informations sur les tournois de jeux de table est\u00a0<a title=\"BlackjackTournaments.com\" href=\"https:\/\/www.blackjacktournaments.com\">BlackjackTournaments.com<\/a>.  Le site propose une liste consultable des \u00e9v\u00e9nements \u00e0 venir, ainsi qu'une communaut\u00e9 de joueurs tr\u00e8s talentueux qui discutent du jeu.\n<\/div>\n<div class=\"clearfix\">\n<h3 style=\"text-align: center\">Mes livres \u00e9lectroniques sur la strat\u00e9gie du tournoi de blackjack<\/h3>\n<p><a href=\"http:\/\/deepnettech.com\/estore\/index.php?main_page=product_info&amp;products_id=59\"><img loading=\"lazy\" decoding=\"async\" class=\"alignleft  wp-image-393\" alt=\"How To Win More Blackjack Tournaments\" src=\"\/files\/HowToWinMoreBlackjackTournaments.jpg\" width=\"175\" height=\"265\" data-no-auto-translation=\"\" \/><\/a><strong>Comment gagner plus de tournois de blackjack<\/strong><\/p>\n<p>Le volume I de ma paire de livres comprend des informations utiles pour un large \u00e9ventail d'experts en tournois, du d\u00e9butant \u00e0 l'exp\u00e9riment\u00e9.<\/p>\n<p>Le livre est au format PDF et sera imm\u00e9diatement envoy\u00e9 par courrier \u00e9lectronique.<\/p>\n<p>Achetez le livre sur le site de mon \u00e9diteur : <a title=\"Comment gagner plus de tournois de blackjack\" href=\"http:\/\/deepnettech.com\/estore\/index.php?main_page=product_info&amp;products_id=59\">Achetez le volume I ici<\/a>.\n<\/div>\n<div class=\"clearfix\">\n<a href=\"http:\/\/deepnettech.com\/estore\/index.php?main_page=product_info&amp;cPath=2&amp;products_id=84\"><img loading=\"lazy\" decoding=\"async\" class=\"alignleft  wp-image-392\" alt=\"How To Win Even More Blackjack Tournaments - Volume II\" src=\"\/files\/HowToWinEvenMoreBlackjackTournaments.jpg\" width=\"160\" height=\"245\" data-no-auto-translation=\"\" \/><\/a><strong>Comment gagner encore plus de tournois de blackjack<\/strong><\/p>\n<p>Le volume II comprend davantage de conseils pour les tournois, toujours adapt\u00e9s \u00e0 tous les niveaux de comp\u00e9tence.<\/p>\n<p>Les discussions sur les tournois qui utilisent un format d'accumulation sont particuli\u00e8rement int\u00e9ressantes.<\/p>\n<p>Il est disponible au format PDF, imm\u00e9diatement livr\u00e9 par courrier \u00e9lectronique.<\/p>\n<p>Achetez le livre sur le site de mon \u00e9diteur : <a title=\"Comment gagner encore plus de tournois de blackjack - Volume II\" href=\"http:\/\/deepnettech.com\/estore\/index.php?main_page=product_info&amp;cPath=2&amp;products_id=84\">Acheter le volume II ici<\/a>ou obtenir un <a title=\"Offre group\u00e9e des deux livres \u00e9lectroniques\" href=\"http:\/\/deepnettech.com\/estore\/index.php?main_page=product_info&amp;cPath=2&amp;products_id=85\">offre group\u00e9e des deux livres<\/a> \u00e0 un prix sp\u00e9cial.\n<\/div>\n<div class=\"clearfix\">\n<a href=\"http:\/\/www.amazon.com\/dp\/0935926224\/?tag=theblackjacbasic\"><img loading=\"lazy\" decoding=\"async\" class=\"alignleft size-full wp-image-406\" alt=\"Casino Tournament Strategy\" src=\"\/files\/CTS-Small.jpg\" width=\"100\" height=\"151\" data-no-auto-translation=\"\" \/><\/a>Je recommande \u00e9galement l'ouvrage original et approfondi de Stanford Wong sur le jeu en tournoi. Il fait partie de la biblioth\u00e8que de tout joueur de tournoi s\u00e9rieux.<\/p>\n<p>Vous pouvez l'obtenir \u00e0 l'adresse suivante <a title=\"Casino Tournament Strategy, sur Amazon\" href=\"http:\/\/www.amazon.com\/dp\/0935926224\/?tag=theblackjacbasic\">Amazon<\/a>.\n<\/div>\n<div class=\"clearfix\">\n<h2 style=\"text-align: center;\">Cartes de strat\u00e9gie<\/h2>\n<p><a href=\"\/card\/advanced-strategy-card-instructions\/\"><img loading=\"lazy\" decoding=\"async\" class=\"alignleft size-full wp-image-412\" alt=\"Blackjack Advanced Strategy Cards\" src=\"\/files\/blackjack-advanced-strategy-cards-cover-100x152.jpg\" width=\"100\" height=\"152\" data-no-auto-translation=\"\" \/><\/a>Mon <a title=\"Cartes de strat\u00e9gie avanc\u00e9e\" href=\"\/card\/advanced-strategy-cards.php\">Cartes de strat\u00e9gie avanc\u00e9e pour le Blackjack<\/a> comprennent des index de comptage de cartes pour le syst\u00e8me populaire Hi-Lo en plus de la strat\u00e9gie de base habituelle.  Le jeu de douze cartes comprend tous les indices de -5 \u00e0 +5.  Voir la page des d\u00e9tails pour plus d'informations.\n<\/div>\n<div class=\"clearfix\">\n<a href=\"\/card\/basic-strategy-card-instructions\/\"><img loading=\"lazy\" decoding=\"async\" class=\"alignleft size-thumbnail wp-image-416\" alt=\"Set of Six Blackjack Strategy Cards\" src=\"\/files\/SixCards-300x198-150x150.png\" width=\"150\" height=\"150\" data-no-auto-translation=\"\" \/><\/a>\u00c0 la recherche de <a title=\"Cartes de strat\u00e9gie de base\" href=\"\/card\/basic-strategy-cards.php\">cartes de strat\u00e9gie de base du blackjack ordinaire<\/a>?  J'en ai aussi, dans un jeu de six cartes, ou des cartes individuelles pour diff\u00e9rentes r\u00e8gles.<\/p>\n<p>Si vous souhaitez simplement disposer gratuitement d'un graphique strat\u00e9gique pr\u00e9cis, consultez mon <a title=\"Moteur de strat\u00e9gie de base pour le blackjack\" href=\"\/blackjack-basic-strategy-engine\/\">Moteur de strat\u00e9gie de base pour le blackjack<\/a>.\n<\/div>\n<div class=\"clearfix\">\n<h2 style=\"text-align: center;\">Jeux d'argent en ligne dans le New Jersey et le Delaware<\/h2>\n<p>Si vous vivez dans le New Jersey ou le Delaware, ces nouveaux sites vous int\u00e9resseront.<\/p>\n<ul>\n<li><a title=\"Casinos en ligne du New Jersey\" href=\"http:\/\/www.new-jersey-online-casinos.com\/\">New-Jersey-Online-Casinos.com<\/a><\/li>\n<li><a title=\"Casinos en ligne du Delaware\" href=\"http:\/\/www.delaware-online-casinos.com\/\">Delaware-Online-Casinos.com<\/a><\/li>\n<\/ul>\n<\/div>\n<div class=\"clearfix\">\nEt maintenant, un article bonus, avec une astuce pour vous faire gagner plus d'argent l'ann\u00e9e prochaine...<\/p>\n<h2 style=\"text-align: center;\">Un changement simple pour am\u00e9liorer les r\u00e9sultats de votre casino<\/h2>\n<p>Dans l'environnement des casinos d'aujourd'hui, conna\u00eetre la meilleure strat\u00e9gie pour les jeux n'est qu'une partie du puzzle.  Pour les joueurs de machines \u00e0 sous et les joueurs de jeux de table, les coupons et le courrier marketing peuvent apporter une contribution substantielle \u00e0 votre chiffre d'affaires.  Pour tirer le meilleur parti de votre courrier publicitaire, vous devez comprendre comment fonctionne le syst\u00e8me de marketing des casinos.<\/p>\n<p>M\u00eame les joueurs exp\u00e9riment\u00e9s partent souvent du principe que la valeur de votre courrier marketing est bas\u00e9e sur le montant total de votre jeu.  Ce n'est presque jamais le cas.  La plupart des casinos utilisent une forme ou une autre de \"moyenne th\u00e9orique journali\u00e8re\" ou \"ADT\" pour d\u00e9terminer votre valeur en tant que joueur.  La \"perte th\u00e9orique\" ou \"Theo\" est le montant que le casino s'attend \u00e0 gagner de vous en fonction des jeux auxquels vous jouez, du montant de vos mises et de la dur\u00e9e de votre jeu.  Cette notion vous est probablement famili\u00e8re.  Ce que beaucoup de joueurs ne comprennent pas, c'est comment cette valeur est calcul\u00e9e en moyenne pour tous les jours o\u00f9 vous jouez.<\/p>\n<p>Imaginez un joueur qui se rend dans un casino un seul jour par mois et qui joue suffisamment pour g\u00e9n\u00e9rer une perte th\u00e9orique de $1000.  Imaginez ensuite un autre joueur qui se rend dans le m\u00eame casino 10 jours diff\u00e9rents au cours du m\u00eame mois et qui g\u00e9n\u00e8re une perte th\u00e9orique totale de $4000.  On pourrait penser que le second joueur b\u00e9n\u00e9ficierait de meilleures offres de courrier, car il a le potentiel de perdre quatre fois plus en un mois.  Mais le premier joueur recevra des offres de jeu gratuit ou de match play plus g\u00e9n\u00e9reuses, car son TDA est de $1000 par rapport au TDA de $400 du second joueur.<\/p>\n<p>Le courrier marketing du casino est bas\u00e9 sur l'id\u00e9e suivante : \"Combien ce client pourrait-il perdre le jour o\u00f9 nous l'attirerons \u00e0 nouveau avec une offre de coupon ?\"  Si vous \u00e9talez votre jeu sur plusieurs jours diff\u00e9rents, vous recevrez des offres moins importantes que quelqu'un dont l'action est concentr\u00e9e sur un nombre r\u00e9duit de jours.<\/p>\n<p>Une mauvaise compr\u00e9hension de ce concept peut conduire \u00e0 toute une s\u00e9rie d'erreurs.  Si vous vous rendez dans un casino pour y passer la nuit, vous pouvez \u00eatre tent\u00e9 de vous lever et de jouer un peu plus avant de quitter l'h\u00f4tel.  Mais ce jeu abr\u00e9g\u00e9 a pour effet de diviser votre mise th\u00e9orique par deux, puisque vous disposez maintenant de deux jours de jeu.<\/p>\n<p>Le conseil simple qui peut am\u00e9liorer votre courrier marketing est le suivant...\u00a0 <strong>Ne jouez pas le jour de la caisse, \u00e0 moins que vous n'ayez l'intention de jouer une journ\u00e9e enti\u00e8re.  En fait, essayez de ne pas jouer le jour o\u00f9 vous n'avez pas l'intention de jouer beaucoup.<\/strong>\u00a0 Les offres de jeu gratuit et de match play que vous obtenez devraient \u00eatre sensiblement plus \u00e9lev\u00e9es apr\u00e8s quelques mois de meilleure gestion de votre moyenne quotidienne.\n<\/div>\n<h2 style=\"text-align: center;\">Rester connect\u00e9<\/h2>\n<p>Si vous voulez rester au courant de mes nombreux projets en ce moment, voici deux bons moyens...<\/p>\n<p>S'abonner \u00e0 la lettre d'information gratuite <a title=\"Bulletin d&#039;information de BlackjackInfo\" href=\"\/cgi-bin\/dada\/mail.cgi\">Bulletin d'information \u00e9lectronique de BlackjackInfo<\/a>ou <a title=\"Fil Twitter de BlackjackInfo\" href=\"http:\/\/twitter.com\/BlackjackInfo\">me suivre sur Twitter<\/a>.<\/p>\n<p>En attendant, vous pouvez visiter le site <a title=\"BlackjackInfo.com\" href=\"\/\">Site principal de BlackjackInfo<\/a>ou essayez notre <a title=\"Entra\u00eeneur \u00e0 la strat\u00e9gie du blackjack\" href=\"\/blackjack-strategy-trainer\/\">Entra\u00eeneur \u00e0 la strat\u00e9gie du blackjack<\/a>.<\/p>","protected":false},"excerpt":{"rendered":"<p>Welcome, listeners from the Gambling with an Edge radio show and podcast. Thanks for visiting BlackjackInfo.com! I&#8217;m Ken Smith, and I was a guest on the show on January 2nd, 2014.\u00a0 I spoke with hosts Bob Dancer and Richard Munchkin about blackjack tournaments, my new strategy cards, and online gambling in New Jersey and Delaware. [&hellip;]<\/p>\n","protected":false},"author":2,"featured_media":0,"parent":0,"menu_order":0,"comment_status":"open","ping_status":"closed","template":"","meta":{"_acf_changed":false,"footnotes":""},"tags":[],"class_list":["post-383","page","type-page","status-publish","hentry"],"acf":[],"yoast_head":"<!-- This site is optimized with the Yoast SEO plugin v26.6 - https:\/\/yoast.com\/wordpress\/plugins\/seo\/ -->\n<title>Gambling With An Edge<\/title>\n<meta name=\"description\" content=\"Ken Smith appeared as a guest on the Gambling With an Edge radio broadcast with hosts Richard Munchkin and Bob Dancer. See the details or listen here.\" \/>\n<meta name=\"robots\" content=\"index, follow, max-snippet:-1, max-image-preview:large, max-video-preview:-1\" \/>\n<link rel=\"canonical\" href=\"https:\/\/www.blackjackinfo.com\/fr\/le-jeu-avec-un-avantage\/\" \/>\n<meta property=\"og:locale\" content=\"fr_FR\" \/>\n<meta property=\"og:type\" content=\"article\" \/>\n<meta property=\"og:title\" content=\"Gambling With An Edge\" \/>\n<meta property=\"og:description\" content=\"Ken Smith appeared as a guest on the Gambling With an Edge radio broadcast with hosts Richard Munchkin and Bob Dancer. See the details or listen here.\" \/>\n<meta property=\"og:url\" content=\"https:\/\/www.blackjackinfo.com\/fr\/le-jeu-avec-un-avantage\/\" \/>\n<meta property=\"og:site_name\" content=\"BlackjackInfo.com\" \/>\n<meta property=\"article:modified_time\" content=\"2018-06-22T07:37:25+00:00\" \/>\n<meta name=\"twitter:label1\" content=\"Dur\u00e9e de lecture estim\u00e9e\" \/>\n\t<meta name=\"twitter:data1\" content=\"5 minutes\" \/>\n<script type=\"application\/ld+json\" class=\"yoast-schema-graph\">{\"@context\":\"https:\/\/schema.org\",\"@graph\":[{\"@type\":\"WebPage\",\"@id\":\"https:\/\/www.blackjackinfo.com\/gambling-with-an-edge\/\",\"url\":\"https:\/\/www.blackjackinfo.com\/gambling-with-an-edge\/\",\"name\":\"Gambling With An Edge\",\"isPartOf\":{\"@id\":\"https:\/\/www.blackjackinfo.com\/#website\"},\"datePublished\":\"2013-12-30T23:57:36+00:00\",\"dateModified\":\"2018-06-22T07:37:25+00:00\",\"description\":\"Ken Smith appeared as a guest on the Gambling With an Edge radio broadcast with hosts Richard Munchkin and Bob Dancer. See the details or listen here.\",\"breadcrumb\":{\"@id\":\"https:\/\/www.blackjackinfo.com\/gambling-with-an-edge\/#breadcrumb\"},\"inLanguage\":\"fr-FR\",\"potentialAction\":[{\"@type\":\"ReadAction\",\"target\":[\"https:\/\/www.blackjackinfo.com\/gambling-with-an-edge\/\"]}]},{\"@type\":\"BreadcrumbList\",\"@id\":\"https:\/\/www.blackjackinfo.com\/gambling-with-an-edge\/#breadcrumb\",\"itemListElement\":[{\"@type\":\"ListItem\",\"position\":1,\"name\":\"Home\",\"item\":\"https:\/\/www.blackjackinfo.com\/\"},{\"@type\":\"ListItem\",\"position\":2,\"name\":\"Gambling With An Edge\"}]},{\"@type\":\"WebSite\",\"@id\":\"https:\/\/www.blackjackinfo.com\/#website\",\"url\":\"https:\/\/www.blackjackinfo.com\/\",\"name\":\"BlackjackInfo.com\",\"description\":\"Because Winning is More Fun!\",\"potentialAction\":[{\"@type\":\"SearchAction\",\"target\":{\"@type\":\"EntryPoint\",\"urlTemplate\":\"https:\/\/www.blackjackinfo.com\/?s={search_term_string}\"},\"query-input\":{\"@type\":\"PropertyValueSpecification\",\"valueRequired\":true,\"valueName\":\"search_term_string\"}}],\"inLanguage\":\"fr-FR\"}]}<\/script>\n<!-- \/ Yoast SEO plugin. -->","yoast_head_json":{"title":"Jouer avec un avantage","description":"Ken Smith a \u00e9t\u00e9 invit\u00e9 \u00e0 l'\u00e9mission de radio Gambling With an Edge, anim\u00e9e par Richard Munchkin et Bob Dancer. Voir les d\u00e9tails ou \u00e9couter ici.","robots":{"index":"index","follow":"follow","max-snippet":"max-snippet:-1","max-image-preview":"max-image-preview:large","max-video-preview":"max-video-preview:-1"},"canonical":"https:\/\/www.blackjackinfo.com\/fr\/le-jeu-avec-un-avantage\/","og_locale":"fr_FR","og_type":"article","og_title":"Gambling With An Edge","og_description":"Ken Smith appeared as a guest on the Gambling With an Edge radio broadcast with hosts Richard Munchkin and Bob Dancer. See the details or listen here.","og_url":"https:\/\/www.blackjackinfo.com\/fr\/le-jeu-avec-un-avantage\/","og_site_name":"BlackjackInfo.com","article_modified_time":"2018-06-22T07:37:25+00:00","twitter_misc":{"Dur\u00e9e de lecture estim\u00e9e":"5 minutes"},"schema":{"@context":"https:\/\/schema.org","@graph":[{"@type":"WebPage","@id":"https:\/\/www.blackjackinfo.com\/gambling-with-an-edge\/","url":"https:\/\/www.blackjackinfo.com\/gambling-with-an-edge\/","name":"Jouer avec un avantage","isPartOf":{"@id":"https:\/\/www.blackjackinfo.com\/#website"},"datePublished":"2013-12-30T23:57:36+00:00","dateModified":"2018-06-22T07:37:25+00:00","description":"Ken Smith a \u00e9t\u00e9 invit\u00e9 \u00e0 l'\u00e9mission de radio Gambling With an Edge, anim\u00e9e par Richard Munchkin et Bob Dancer. Voir les d\u00e9tails ou \u00e9couter ici.","breadcrumb":{"@id":"https:\/\/www.blackjackinfo.com\/gambling-with-an-edge\/#breadcrumb"},"inLanguage":"fr-FR","potentialAction":[{"@type":"ReadAction","target":["https:\/\/www.blackjackinfo.com\/gambling-with-an-edge\/"]}]},{"@type":"BreadcrumbList","@id":"https:\/\/www.blackjackinfo.com\/gambling-with-an-edge\/#breadcrumb","itemListElement":[{"@type":"ListItem","position":1,"name":"Home","item":"https:\/\/www.blackjackinfo.com\/"},{"@type":"ListItem","position":2,"name":"Gambling With An Edge"}]},{"@type":"WebSite","@id":"https:\/\/www.blackjackinfo.com\/#website","url":"https:\/\/www.blackjackinfo.com\/","name":"BlackjackInfo.com","description":"Parce que gagner, c'est plus amusant !","potentialAction":[{"@type":"SearchAction","target":{"@type":"EntryPoint","urlTemplate":"https:\/\/www.blackjackinfo.com\/?s={search_term_string}"},"query-input":{"@type":"PropertyValueSpecification","valueRequired":true,"valueName":"search_term_string"}}],"inLanguage":"fr-FR"}]}},"_links":{"self":[{"href":"https:\/\/www.blackjackinfo.com\/fr\/wp-json\/wp\/v2\/pages\/383","targetHints":{"allow":["GET"]}}],"collection":[{"href":"https:\/\/www.blackjackinfo.com\/fr\/wp-json\/wp\/v2\/pages"}],"about":[{"href":"https:\/\/www.blackjackinfo.com\/fr\/wp-json\/wp\/v2\/types\/page"}],"author":[{"embeddable":true,"href":"https:\/\/www.blackjackinfo.com\/fr\/wp-json\/wp\/v2\/users\/2"}],"replies":[{"embeddable":true,"href":"https:\/\/www.blackjackinfo.com\/fr\/wp-json\/wp\/v2\/comments?post=383"}],"version-history":[{"count":70,"href":"https:\/\/www.blackjackinfo.com\/fr\/wp-json\/wp\/v2\/pages\/383\/revisions"}],"predecessor-version":[{"id":2241,"href":"https:\/\/www.blackjackinfo.com\/fr\/wp-json\/wp\/v2\/pages\/383\/revisions\/2241"}],"wp:attachment":[{"href":"https:\/\/www.blackjackinfo.com\/fr\/wp-json\/wp\/v2\/media?parent=383"}],"wp:term":[{"taxonomy":"post_tag","embeddable":true,"href":"https:\/\/www.blackjackinfo.com\/fr\/wp-json\/wp\/v2\/tags?post=383"}],"curies":[{"name":"wp","href":"https:\/\/api.w.org\/{rel}","templated":true}]}}