{"id":4273,"date":"2018-07-27T19:38:54","date_gmt":"2018-07-28T00:38:54","guid":{"rendered":"https:\/\/www.blackjackinfo.com\/?page_id=4273"},"modified":"2018-11-02T01:52:14","modified_gmt":"2018-11-02T06:52:14","slug":"est-il-legal-de-jouer-au-blackjack-en-ligne-au-canada","status":"publish","type":"page","link":"https:\/\/www.blackjackinfo.com\/fr\/online-blackjack\/is-it-legal-to-play-online-blackjack-in-canada\/","title":{"rendered":"Est-il l\u00e9gal de jouer au Blackjack en ligne au Canada ?"},"content":{"rendered":"<h2><strong>L\u00e9galit\u00e9 des casinos au Canada - La situation actuelle<\/strong><\/h2>\n<p><img loading=\"lazy\" decoding=\"async\" class=\"alignright size-medium wp-image-4696\" src=\"\/files\/is_it_legal_to_play_online_blackjack_in_canada-300x214.png\" alt=\"is_it_legal_to_play_online_blackjack_in_canada\" width=\"300\" height=\"214\" srcset=\"https:\/\/www.blackjackinfo.com\/files\/is_it_legal_to_play_online_blackjack_in_canada-300x214.png 300w, https:\/\/www.blackjackinfo.com\/files\/is_it_legal_to_play_online_blackjack_in_canada.png 350w\" sizes=\"auto, (max-width: 300px) 100vw, 300px\" data-no-auto-translation=\"\" \/>Le Canada est divis\u00e9 en trois territoires et dix provinces. Chacune de ces provinces s'est vu confier l'importante responsabilit\u00e9 de superviser les jeux d'argent sur son territoire, qu'il s'agisse de jeux d'argent au niveau du casino ou de jeux de hasard. <a href=\"https:\/\/www.worldcasinodirectory.com\/canada\">terrestre<\/a> et <a href=\"https:\/\/www.blackjackinfo.com\/online-blackjack\/#recommended-casinos\" target=\"_blank\" rel=\"noopener\">casinos en ligne<\/a> rel\u00e8ve de la juridiction locale.<\/p>\n<p>Il appartient aux gouvernements provinciaux de d\u00e9cider quels types de jeux d'argent devraient \u00eatre l\u00e9gaux dans leur juridiction. <strong>Jusqu'\u00e0 pr\u00e9sent, la plupart des jeux d'argent terrestres ont \u00e9t\u00e9 l\u00e9galis\u00e9s<\/strong>Les casinos de bingo et les autres casinos rel\u00e8vent de l'autorit\u00e9 des \u00c9tats, tandis que les courses de chevaux sont g\u00e9n\u00e9ralement examin\u00e9es par les gouvernements f\u00e9d\u00e9raux.<\/p>\n<p>Les diff\u00e9rents casinos qui offrent des services de jeu dans les diff\u00e9rentes provinces doivent obtenir des autorisations du gouvernement provincial pour exercer leurs activit\u00e9s. Ces autorisations sont en fait des lois adopt\u00e9es par les l\u00e9gislateurs dans le but de prot\u00e9ger les joueurs canadiens en obligeant tous les casinos \u00e0 s'enregistrer. <strong>Cela signifie qu'ils doivent respecter les lois sur l'\u00e9quit\u00e9 et la transparence, sous peine d'en subir les cons\u00e9quences.<\/strong><\/p>\n<h2><strong>Le Blackjack en ligne est-il l\u00e9gal ?<\/strong><\/h2>\n<p><img loading=\"lazy\" decoding=\"async\" class=\"alignright size-medium wp-image-4698\" src=\"\/files\/is_online_blackjack_legal-300x214.png\" alt=\"is_online_blackjack_legal\" width=\"300\" height=\"214\" srcset=\"https:\/\/www.blackjackinfo.com\/files\/is_online_blackjack_legal-300x214.png 300w, https:\/\/www.blackjackinfo.com\/files\/is_online_blackjack_legal.png 350w\" sizes=\"auto, (max-width: 300px) 100vw, 300px\" data-no-auto-translation=\"\" \/>En tant que joueur canadien, vous serez heureux d'apprendre que vous pouvez <strong>ne peuvent pas \u00eatre poursuivis pour avoir jou\u00e9 au blackjack en ligne parce que c'est l\u00e9gal<\/strong>. Les casinos offshore sont \u00e9galement \u00e0 l'abri des poursuites, mais ceux qui sont situ\u00e9s dans l'une des provinces canadiennes sans y avoir obtenu de licence peuvent \u00eatre poursuivis et l'ont d\u00e9j\u00e0 \u00e9t\u00e9 par le pass\u00e9.<\/p>\n<p>La plupart des provinces, telles que <a href=\"https:\/\/www.olg.ca\/about\/index.jsp\" target=\"_blank\" rel=\"noopener\">Ontario<\/a>, <a href=\"https:\/\/lotoquebec.com\/portail\/en\" target=\"_blank\" rel=\"noopener\">Qu\u00e9bec<\/a>, <a href=\"https:\/\/lgamanitoba.ca\/\" target=\"_blank\" rel=\"noopener\">Manitoba<\/a> et <a href=\"https:\/\/www.bclc.com\/\" target=\"_blank\" rel=\"noopener\">Colombie-Britannique<\/a> ont l\u00e9galis\u00e9 la plupart des formes de jeux d'argent. Cependant, les lois canadiennes sur les jeux d'argent n'autorisent les casinos en ligne \u00e0 offrir leurs services aux joueurs de diff\u00e9rentes provinces que dans les cas o\u00f9 il existe un accord interprovincial entre les deux provinces. Par ailleurs, les casinos en ligne offshore ne peuvent pas \u00eatre poursuivis s'ils disposent d'une licence valide leur permettant d'offrir des services de casino en ligne aux joueurs canadiens.<\/p>\n<p>En fait, dans l'histoire des casinos en ligne canadiens, une seule soci\u00e9t\u00e9 a \u00e9t\u00e9 poursuivie en vertu des lois canadiennes sur les casinos. Il s'agit de Starnet, une soci\u00e9t\u00e9 enregistr\u00e9e dans les Cara\u00efbes.<em>ill\u00e9galement<\/em>L'un de leurs bureaux \u00e9tait situ\u00e9 \u00e0 Vancouver.\u00a0 <a href=\"https:\/\/www.theglobeandmail.com\/news\/national\/internet-gambling-firm-charged-100000\/article25445706\/\" target=\"_blank\" rel=\"noopener\">Ils ont par la suite \u00e9t\u00e9 condamn\u00e9s \u00e0 une amende de $100 000 et \u00e0 verser $6 000 000 \u00e0 la province de la Colombie-Britannique<\/a>.<\/p>\n<p>Selon le <a href=\"http:\/\/laws-lois.justice.gc.ca\/eng\/acts\/C-46\/page-46.html#docCont\" target=\"_blank\" rel=\"noopener\">Article 202, paragraphe 1, point d)<\/a> du code p\u00e9nal canadien, <em>Si les serveurs de base de donn\u00e9es d'une soci\u00e9t\u00e9 de jeux en ligne qui enregistrent les paris sont situ\u00e9s au Canada, cela pourrait contrevenir \u00e0 cette section du code.<\/em>.<\/p>\n<p>La base de donn\u00e9es et les serveurs de Starnet \u00e9taient donc situ\u00e9s en dehors du Canada, ce qui permettait d'enregistrer et de parier depuis l'\u00e9tranger, mais la justice a estim\u00e9 qu'il existait de nombreux autres liens permettant de rattacher l'entreprise \u00e0 des activit\u00e9s au Canada et l'a donc oblig\u00e9e \u00e0 acqu\u00e9rir une licence si elle devait garder son bureau canadien ouvert.<\/p>\n<h2><strong>Le Canada ne parvient pas \u00e0 adopter une loi autorisant les paris sportifs individuels<\/strong><\/h2>\n<p><img loading=\"lazy\" decoding=\"async\" class=\"alignright size-medium wp-image-4700\" src=\"\/files\/canada_fail_to_pass_a_law_allowing_single_sports_bets-300x214.png\" alt=\"canada_fail_to_pass_a_law_allowing_single_sports_bets\" width=\"300\" height=\"214\" srcset=\"https:\/\/www.blackjackinfo.com\/files\/canada_fail_to_pass_a_law_allowing_single_sports_bets-300x214.png 300w, https:\/\/www.blackjackinfo.com\/files\/canada_fail_to_pass_a_law_allowing_single_sports_bets.png 350w\" sizes=\"auto, (max-width: 300px) 100vw, 300px\" data-no-auto-translation=\"\" \/>En <a href=\"https:\/\/www.cbc.ca\/news\/canada\/windsor\/single-sports-betting-quashed-1.3773417\" target=\"_blank\" rel=\"noopener\">Septembre 2016<\/a>Les amateurs de paris sportifs canadiens ont eu le c\u0153ur bris\u00e9 apr\u00e8s que le gouvernement a d\u00e9clar\u00e9 qu'il n'allait pas adopter le projet de loi sur les paris sportifs. <a href=\"https:\/\/openparliament.ca\/bills\/42-1\/C-221\/\" target=\"_blank\" rel=\"noopener\">C-221 Loi sur la s\u00e9curit\u00e9 et la r\u00e9glementation des paris sportifs<\/a> qui a \u00e9t\u00e9 adopt\u00e9e par Brian Masse, d\u00e9put\u00e9 de Windsor West.<\/p>\n<p>Comme les \u00c9tats-Unis, le Canada a des lois tr\u00e8s strictes qui r\u00e9glementent les jeux d'argent en ligne, les paris sportifs et les casinos. Toutefois, les paris sportifs peuvent s'av\u00e9rer un peu difficiles, car les parieurs doivent placer des paris accumulateurs plut\u00f4t que des paris simples. La l\u00e9gislation en vigueur, telle qu'elle figure dans le code p\u00e9nal, implique que tous les bookmakers canadiens ne sont autoris\u00e9s qu'\u00e0 proposer des paris de type \"parlay\", c'est-\u00e0-dire des paris multiples.<\/p>\n<p>Le projet de loi de Brian Masse visait \u00e0 abroger cette disposition et \u00e0 l\u00e9galiser tous les paris sportifs individuels, de sorte que les Canadiens soient autoris\u00e9s \u00e0 placer des paris individuels plut\u00f4t que des paris par accumulation.<\/p>\n<p>Ainsi, alors que la<strong> Les bookmakers canadiens ne sont autoris\u00e9s \u00e0 proposer que des paris par accumulation sur des \u00e9v\u00e9nements sportifs. Les bookmakers situ\u00e9s \u00e0 l'\u00e9tranger ne sont pas concern\u00e9s par ces r\u00e8gles.<\/strong>. C'est peut-\u00eatre la raison pour laquelle la plupart des Canadiens semblent opter pour les bookmakers internationaux, car il est beaucoup plus facile de parier avec eux et d'obtenir de meilleures cotes. Ils peuvent \u00e9galement placer des paris accumulateurs sans enfreindre la loi.<\/p>\n<p>Il convient de noter que ce n'est pas la premi\u00e8re fois que ce projet de loi est d\u00e9pos\u00e9 au Parlement. En 2012, le <a href=\"https:\/\/sencanada.ca\/en\/Content\/Sen\/Committee\/411\/LCJC\/23ev-49738-e\" target=\"_blank\" rel=\"noopener\">C-290 Loi sur la s\u00e9curit\u00e9 et la r\u00e9glementation des paris sportifs<\/a> a r\u00e9ussi \u00e0 passer devant la Chambre des communes, mais a \u00e9t\u00e9 rejet\u00e9e par le S\u00e9nat. En raison du fonctionnement du Parlement canadien, ce projet de loi ne pourra pas \u00eatre soumis au Parlement avant le d\u00e9but du mois d'octobre 2019, date \u00e0 laquelle se tiendront les prochaines \u00e9lections f\u00e9d\u00e9rales. Cela signifie que les amateurs de paris sportifs canadiens devront s'en tenir \u00e0 des paris sportifs individuels jusqu'\u00e0 cette date.<\/p>\n<h2><strong>Lois am\u00e9ricaines affectant les m\u00e9thodes de d\u00e9p\u00f4t au Canada<\/strong><\/h2>\n<p><img loading=\"lazy\" decoding=\"async\" class=\"alignright size-medium wp-image-4694\" src=\"\/files\/how_would_i_deposit_and_withdraw_money-300x214.png\" alt=\"how_would_i_deposit_and_withdraw_money\" width=\"300\" height=\"214\" srcset=\"https:\/\/www.blackjackinfo.com\/files\/how_would_i_deposit_and_withdraw_money-300x214.png 300w, https:\/\/www.blackjackinfo.com\/files\/how_would_i_deposit_and_withdraw_money.png 350w\" sizes=\"auto, (max-width: 300px) 100vw, 300px\" data-no-auto-translation=\"\" \/>Les lois r\u00e9gissant l'industrie canadienne des casinos en ligne sont progressives, <a href=\"https:\/\/www.blackjackinfo.com\/online-blackjack\/is-it-legal-to-play-online-blackjack-in-the-us\/\" target=\"_blank\" rel=\"noopener\">la situation juridique aux \u00c9tats-Unis n'est plus aussi claire depuis l'introduction de l'UIGEA<\/a>. Malheureusement, cela n'affecte pas seulement les joueurs am\u00e9ricains mais aussi les joueurs canadiens et a eu un effet d'entra\u00eenement sur la fa\u00e7on dont les joueurs canadiens effectuent des d\u00e9p\u00f4ts en ligne.<\/p>\n<p>Les banques, en particulier celles qui ont des liens \u00e9troits avec les \u00c9tats-Unis, sont tr\u00e8s pr\u00e9occup\u00e9es par les lois am\u00e9ricaines, notamment lorsqu'elles effectuent des transactions financi\u00e8res avec des plates-formes de casino en ligne. C'est ainsi que certaines banques ont bloqu\u00e9 des options de d\u00e9p\u00f4t canadiennes l\u00e9gales. Cela a \u00e9galement conduit Skrill - un portefeuille \u00e9lectronique populaire aupr\u00e8s de nombreux bookmakers et casinos en ligne - \u00e0 suspendre tous ses services au Canada.<\/p>\n<h3>Les deux m\u00e9thodes bancaires les plus populaires en 2018 pour les joueurs au Canada sont les suivantes :<\/h3>\n<ol>\n<li><strong>Interac,<\/strong> qui est hautement s\u00e9curis\u00e9 et permet de transf\u00e9rer des fonds d'un compte bancaire canadien \u00e0 un compte bancaire am\u00e9ricain. <a href=\"https:\/\/www.bestcasinoscanada.com\/interac-casinos\/\" target=\"_blank\" rel=\"noopener\">un casino<\/a> sans r\u00e9v\u00e9ler d'informations financi\u00e8res sensibles.<\/li>\n<li>Et <strong>iDebit,<\/strong> Il s'agit d'un portefeuille \u00e9lectronique bas\u00e9 au Canada qui relie votre banque \u00e0 votre compte bancaire. <a href=\"https:\/\/www.bestcasinoscanada.com\/idebit-casinos\/\" target=\"_blank\" rel=\"noopener\">compte casino<\/a> ce qui rend les transactions entre les deux parties rapides et s\u00fbres.<\/li>\n<\/ol>\n<p>Cette distinction entre la fa\u00e7on dont les lois am\u00e9ricaines affectent le Canada est expliqu\u00e9e plus en d\u00e9tail dans cet article. <a href=\"https:\/\/www.bestcasinoscanada.com\/legal\/\" target=\"_blank\" rel=\"noopener\">ici<\/a>.<\/p>\n<h2><strong>Conclusion<\/strong><\/h2>\n<p><strong>Jouer au blackjack en ligne est donc l\u00e9gal au Canada<\/strong>Les casinos en ligne du Canada sont autoris\u00e9s \u00e0 proposer des jeux d'argent en ligne, \u00e0 condition que le site Web du casino en ligne op\u00e8re \u00e0 partir d'un autre pays. Cela signifie que si vous devez visiter un casino en ligne au Canada, vous devez vous assurer qu'il jouit d'une excellente r\u00e9putation, qu'il est titulaire d'une licence et qu'il a prouv\u00e9 qu'il n'offrait que des services s\u00fbrs et s\u00e9curis\u00e9s.<\/p>\n<h2>Casinos en ligne canadiens recommand\u00e9s<\/h2>\n<ul>\n<li><a href=\"https:\/\/www.blackjackinfo.com\/casino\/bodog\/\">Bodog<\/a><\/li>\n<li><a href=\"https:\/\/www.blackjackinfo.com\/casino\/888-casino\/\">888<\/a><\/li>\n<li><a href=\"https:\/\/www.blackjackinfo.com\/casino\/casino-cruise\/\">Croisi\u00e8re Casino<\/a><\/li>\n<\/ul>\n<h2>Pour en savoir plus<\/h2>\n<ul>\n<li><a href=\"https:\/\/uk.practicallaw.thomsonreuters.com\/6-635-9706?transitionType=Default&amp;contextData=(sc.Default)&amp;firstPage=true&amp;comp=pluk&amp;bhcp=1\" target=\"_blank\" rel=\"noopener\">Les jeux d'argent au Canada : vue d'ensemble<\/a><\/li>\n<li><a href=\"https:\/\/lcb.org\/casinos\/canada\" target=\"_blank\" rel=\"noopener\">Casinos en ligne canadiens<\/a><\/li>\n<li><a href=\"https:\/\/thebulletin.ca\/legal-online-casino-gambling-canada\/\" target=\"_blank\" rel=\"noopener\">A propos de la l\u00e9galit\u00e9 des jeux d'argent en ligne au Canada<\/a><\/li>\n<\/ul>","protected":false},"excerpt":{"rendered":"<p>Legality of Casinos in Canada \u2013 The Current Situation Canada is split into three territories and 10 provinces. Each one of these provinces has been tasked with the important responsibility of overseeing gambling within their boundaries \u2013 gambling both at the land-based and online casinos falls under the local jurisdiction. It\u2019s up to the provincial [&hellip;]<\/p>\n","protected":false},"author":4,"featured_media":4696,"parent":1928,"menu_order":0,"comment_status":"closed","ping_status":"closed","template":"","meta":{"_acf_changed":false,"footnotes":""},"tags":[],"class_list":["post-4273","page","type-page","status-publish","has-post-thumbnail","hentry"],"acf":[],"yoast_head":"<!-- This site is optimized with the Yoast SEO plugin v26.6 - https:\/\/yoast.com\/wordpress\/plugins\/seo\/ -->\n<title>Is it Legal to Play Online Blackjack in Canada?<\/title>\n<meta name=\"description\" content=\"Legality of Casinos in Canada \u2013 The Current Situation Canada is split into three territories and 10 provinces. Each one of these provinces has been tasked\" \/>\n<meta name=\"robots\" content=\"index, follow, max-snippet:-1, max-image-preview:large, max-video-preview:-1\" \/>\n<link rel=\"canonical\" href=\"https:\/\/www.blackjackinfo.com\/fr\/blackjack-en-ligne\/est-il-legal-de-jouer-au-blackjack-en-ligne-au-canada\/\" \/>\n<meta property=\"og:locale\" content=\"fr_FR\" \/>\n<meta property=\"og:type\" content=\"article\" \/>\n<meta property=\"og:title\" content=\"Is it Legal to Play Online Blackjack in Canada?\" \/>\n<meta property=\"og:description\" content=\"Legality of Casinos in Canada \u2013 The Current Situation Canada is split into three territories and 10 provinces. Each one of these provinces has been tasked\" \/>\n<meta property=\"og:url\" content=\"https:\/\/www.blackjackinfo.com\/fr\/blackjack-en-ligne\/est-il-legal-de-jouer-au-blackjack-en-ligne-au-canada\/\" \/>\n<meta property=\"og:site_name\" content=\"BlackjackInfo.com\" \/>\n<meta property=\"article:modified_time\" content=\"2018-11-02T06:52:14+00:00\" \/>\n<meta property=\"og:image\" content=\"https:\/\/www.blackjackinfo.com\/files\/is_it_legal_to_play_online_blackjack_in_canada.png\" \/>\n\t<meta property=\"og:image:width\" content=\"350\" \/>\n\t<meta property=\"og:image:height\" content=\"250\" \/>\n\t<meta property=\"og:image:type\" content=\"image\/png\" \/>\n<meta name=\"twitter:label1\" content=\"Dur\u00e9e de lecture estim\u00e9e\" \/>\n\t<meta name=\"twitter:data1\" content=\"5 minutes\" \/>\n<script type=\"application\/ld+json\" class=\"yoast-schema-graph\">{\"@context\":\"https:\/\/schema.org\",\"@graph\":[{\"@type\":\"WebPage\",\"@id\":\"https:\/\/www.blackjackinfo.com\/online-blackjack\/is-it-legal-to-play-online-blackjack-in-canada\/\",\"url\":\"https:\/\/www.blackjackinfo.com\/online-blackjack\/is-it-legal-to-play-online-blackjack-in-canada\/\",\"name\":\"Is it Legal to Play Online Blackjack in Canada?\",\"isPartOf\":{\"@id\":\"https:\/\/www.blackjackinfo.com\/#website\"},\"primaryImageOfPage\":{\"@id\":\"https:\/\/www.blackjackinfo.com\/online-blackjack\/is-it-legal-to-play-online-blackjack-in-canada\/#primaryimage\"},\"image\":{\"@id\":\"https:\/\/www.blackjackinfo.com\/online-blackjack\/is-it-legal-to-play-online-blackjack-in-canada\/#primaryimage\"},\"thumbnailUrl\":\"https:\/\/www.blackjackinfo.com\/files\/is_it_legal_to_play_online_blackjack_in_canada.png\",\"datePublished\":\"2018-07-28T00:38:54+00:00\",\"dateModified\":\"2018-11-02T06:52:14+00:00\",\"description\":\"Legality of Casinos in Canada \u2013 The Current Situation Canada is split into three territories and 10 provinces. Each one of these provinces has been tasked\",\"breadcrumb\":{\"@id\":\"https:\/\/www.blackjackinfo.com\/online-blackjack\/is-it-legal-to-play-online-blackjack-in-canada\/#breadcrumb\"},\"inLanguage\":\"fr-FR\",\"potentialAction\":[{\"@type\":\"ReadAction\",\"target\":[\"https:\/\/www.blackjackinfo.com\/online-blackjack\/is-it-legal-to-play-online-blackjack-in-canada\/\"]}]},{\"@type\":\"ImageObject\",\"inLanguage\":\"fr-FR\",\"@id\":\"https:\/\/www.blackjackinfo.com\/online-blackjack\/is-it-legal-to-play-online-blackjack-in-canada\/#primaryimage\",\"url\":\"https:\/\/www.blackjackinfo.com\/files\/is_it_legal_to_play_online_blackjack_in_canada.png\",\"contentUrl\":\"https:\/\/www.blackjackinfo.com\/files\/is_it_legal_to_play_online_blackjack_in_canada.png\",\"width\":350,\"height\":250,\"caption\":\"is_it_legal_to_play_online_blackjack_in_canada\"},{\"@type\":\"BreadcrumbList\",\"@id\":\"https:\/\/www.blackjackinfo.com\/online-blackjack\/is-it-legal-to-play-online-blackjack-in-canada\/#breadcrumb\",\"itemListElement\":[{\"@type\":\"ListItem\",\"position\":1,\"name\":\"Home\",\"item\":\"https:\/\/www.blackjackinfo.com\/\"},{\"@type\":\"ListItem\",\"position\":2,\"name\":\"Online Blackjack for Real Money\",\"item\":\"https:\/\/www.blackjackinfo.com\/online-blackjack\/\"},{\"@type\":\"ListItem\",\"position\":3,\"name\":\"Is it Legal to Play Online Blackjack in Canada?\"}]},{\"@type\":\"WebSite\",\"@id\":\"https:\/\/www.blackjackinfo.com\/#website\",\"url\":\"https:\/\/www.blackjackinfo.com\/\",\"name\":\"BlackjackInfo.com\",\"description\":\"Because Winning is More Fun!\",\"potentialAction\":[{\"@type\":\"SearchAction\",\"target\":{\"@type\":\"EntryPoint\",\"urlTemplate\":\"https:\/\/www.blackjackinfo.com\/?s={search_term_string}\"},\"query-input\":{\"@type\":\"PropertyValueSpecification\",\"valueRequired\":true,\"valueName\":\"search_term_string\"}}],\"inLanguage\":\"fr-FR\"}]}<\/script>\n<!-- \/ Yoast SEO plugin. -->","yoast_head_json":{"title":"Est-il l\u00e9gal de jouer au Blackjack en ligne au Canada ?","description":"L\u00e9galit\u00e9 des casinos au Canada - La situation actuelle Le Canada est divis\u00e9 en trois territoires et dix provinces. Chacune de ces provinces a \u00e9t\u00e9 charg\u00e9e","robots":{"index":"index","follow":"follow","max-snippet":"max-snippet:-1","max-image-preview":"max-image-preview:large","max-video-preview":"max-video-preview:-1"},"canonical":"https:\/\/www.blackjackinfo.com\/fr\/blackjack-en-ligne\/est-il-legal-de-jouer-au-blackjack-en-ligne-au-canada\/","og_locale":"fr_FR","og_type":"article","og_title":"Is it Legal to Play Online Blackjack in Canada?","og_description":"Legality of Casinos in Canada \u2013 The Current Situation Canada is split into three territories and 10 provinces. Each one of these provinces has been tasked","og_url":"https:\/\/www.blackjackinfo.com\/fr\/blackjack-en-ligne\/est-il-legal-de-jouer-au-blackjack-en-ligne-au-canada\/","og_site_name":"BlackjackInfo.com","article_modified_time":"2018-11-02T06:52:14+00:00","og_image":[{"width":350,"height":250,"url":"https:\/\/www.blackjackinfo.com\/files\/is_it_legal_to_play_online_blackjack_in_canada.png","type":"image\/png"}],"twitter_misc":{"Dur\u00e9e de lecture estim\u00e9e":"5 minutes"},"schema":{"@context":"https:\/\/schema.org","@graph":[{"@type":"WebPage","@id":"https:\/\/www.blackjackinfo.com\/online-blackjack\/is-it-legal-to-play-online-blackjack-in-canada\/","url":"https:\/\/www.blackjackinfo.com\/online-blackjack\/is-it-legal-to-play-online-blackjack-in-canada\/","name":"Est-il l\u00e9gal de jouer au Blackjack en ligne au Canada ?","isPartOf":{"@id":"https:\/\/www.blackjackinfo.com\/#website"},"primaryImageOfPage":{"@id":"https:\/\/www.blackjackinfo.com\/online-blackjack\/is-it-legal-to-play-online-blackjack-in-canada\/#primaryimage"},"image":{"@id":"https:\/\/www.blackjackinfo.com\/online-blackjack\/is-it-legal-to-play-online-blackjack-in-canada\/#primaryimage"},"thumbnailUrl":"https:\/\/www.blackjackinfo.com\/files\/is_it_legal_to_play_online_blackjack_in_canada.png","datePublished":"2018-07-28T00:38:54+00:00","dateModified":"2018-11-02T06:52:14+00:00","description":"L\u00e9galit\u00e9 des casinos au Canada - La situation actuelle Le Canada est divis\u00e9 en trois territoires et dix provinces. Chacune de ces provinces a \u00e9t\u00e9 charg\u00e9e","breadcrumb":{"@id":"https:\/\/www.blackjackinfo.com\/online-blackjack\/is-it-legal-to-play-online-blackjack-in-canada\/#breadcrumb"},"inLanguage":"fr-FR","potentialAction":[{"@type":"ReadAction","target":["https:\/\/www.blackjackinfo.com\/online-blackjack\/is-it-legal-to-play-online-blackjack-in-canada\/"]}]},{"@type":"ImageObject","inLanguage":"fr-FR","@id":"https:\/\/www.blackjackinfo.com\/online-blackjack\/is-it-legal-to-play-online-blackjack-in-canada\/#primaryimage","url":"https:\/\/www.blackjackinfo.com\/files\/is_it_legal_to_play_online_blackjack_in_canada.png","contentUrl":"https:\/\/www.blackjackinfo.com\/files\/is_it_legal_to_play_online_blackjack_in_canada.png","width":350,"height":250,"caption":"is_it_legal_to_play_online_blackjack_in_canada"},{"@type":"BreadcrumbList","@id":"https:\/\/www.blackjackinfo.com\/online-blackjack\/is-it-legal-to-play-online-blackjack-in-canada\/#breadcrumb","itemListElement":[{"@type":"ListItem","position":1,"name":"Home","item":"https:\/\/www.blackjackinfo.com\/"},{"@type":"ListItem","position":2,"name":"Online Blackjack for Real Money","item":"https:\/\/www.blackjackinfo.com\/online-blackjack\/"},{"@type":"ListItem","position":3,"name":"Is it Legal to Play Online Blackjack in Canada?"}]},{"@type":"WebSite","@id":"https:\/\/www.blackjackinfo.com\/#website","url":"https:\/\/www.blackjackinfo.com\/","name":"BlackjackInfo.com","description":"Parce que gagner, c'est plus amusant !","potentialAction":[{"@type":"SearchAction","target":{"@type":"EntryPoint","urlTemplate":"https:\/\/www.blackjackinfo.com\/?s={search_term_string}"},"query-input":{"@type":"PropertyValueSpecification","valueRequired":true,"valueName":"search_term_string"}}],"inLanguage":"fr-FR"}]}},"_links":{"self":[{"href":"https:\/\/www.blackjackinfo.com\/fr\/wp-json\/wp\/v2\/pages\/4273","targetHints":{"allow":["GET"]}}],"collection":[{"href":"https:\/\/www.blackjackinfo.com\/fr\/wp-json\/wp\/v2\/pages"}],"about":[{"href":"https:\/\/www.blackjackinfo.com\/fr\/wp-json\/wp\/v2\/types\/page"}],"author":[{"embeddable":true,"href":"https:\/\/www.blackjackinfo.com\/fr\/wp-json\/wp\/v2\/users\/4"}],"replies":[{"embeddable":true,"href":"https:\/\/www.blackjackinfo.com\/fr\/wp-json\/wp\/v2\/comments?post=4273"}],"version-history":[{"count":8,"href":"https:\/\/www.blackjackinfo.com\/fr\/wp-json\/wp\/v2\/pages\/4273\/revisions"}],"predecessor-version":[{"id":4708,"href":"https:\/\/www.blackjackinfo.com\/fr\/wp-json\/wp\/v2\/pages\/4273\/revisions\/4708"}],"up":[{"embeddable":true,"href":"https:\/\/www.blackjackinfo.com\/fr\/wp-json\/wp\/v2\/pages\/1928"}],"wp:featuredmedia":[{"embeddable":true,"href":"https:\/\/www.blackjackinfo.com\/fr\/wp-json\/wp\/v2\/media\/4696"}],"wp:attachment":[{"href":"https:\/\/www.blackjackinfo.com\/fr\/wp-json\/wp\/v2\/media?parent=4273"}],"wp:term":[{"taxonomy":"post_tag","embeddable":true,"href":"https:\/\/www.blackjackinfo.com\/fr\/wp-json\/wp\/v2\/tags?post=4273"}],"curies":[{"name":"wp","href":"https:\/\/api.w.org\/{rel}","templated":true}]}}