{"id":4874,"date":"2018-10-04T03:59:35","date_gmt":"2018-10-04T08:59:35","guid":{"rendered":"https:\/\/www.blackjackinfo.com\/?page_id=4874"},"modified":"2024-05-18T03:08:16","modified_gmt":"2024-05-18T08:08:16","slug":"a-propos-de","status":"publish","type":"page","link":"https:\/\/www.blackjackinfo.com\/fr\/about\/","title":{"rendered":"A propos de"},"content":{"rendered":"<p>BlackjackInfo a \u00e9t\u00e9 cr\u00e9\u00e9 en 1999 par Ken Smith pour fournir des conseils d'experts sur la meilleure fa\u00e7on de jouer au blackjack. Alors qu'il existe de nombreux sites sur le blackjack sur Internet, Ken a cr\u00e9\u00e9 cette ressource pour donner un aper\u00e7u cr\u00e9dible de la fa\u00e7on d'aborder le gain au blackjack et de la fa\u00e7on dont il a r\u00e9ussi \u00e0 en faire une carri\u00e8re professionnelle.<\/p>\n<p>L'un des premiers sites \u00e0 proposer <a href=\"https:\/\/www.blackjackinfo.com\/blackjack-basic-strategy-engine\/\">tableaux de strat\u00e9gie au blackjack<\/a> et un <a href=\"https:\/\/www.blackjackinfo.com\/blackjack-strategy-trainer\/\">formateur en strat\u00e9gie interactive<\/a>BlackjackInfo a toujours \u00e9t\u00e9 \u00e0 l'avant-garde pour fournir les meilleures informations sur le blackjack.<\/p>\n<p>En 2016, Ken a vendu le site au r\u00e9seau d'affiliation de jeux d'argent en ligne <a href=\"https:\/\/lcb.org\">LCB<\/a> (anciennement connu sous le nom de Latest Casino Bonuses) et est maintenant maintenu par LV Bear, un autre expert et poids lourd parmi les joueurs de blackjack.<\/p>\n<h2 class=\"purple-underline\">Contributeurs de BlackjackInfo<\/h2>\n<h3 id=\"who-is-ken-smith\">Qui est Ken Smith ?<\/h3>\n<p><img loading=\"lazy\" decoding=\"async\" class=\"alignright size-full wp-image-600\" src=\"\/files\/kensmith.jpg\" alt=\"ken smith\" width=\"252\" height=\"190\" data-no-auto-translation=\"\" \/>Apr\u00e8s avoir commenc\u00e9 son premier tournoi de blackjack en 1990, Ken a rapidement commenc\u00e9 \u00e0 se faire un nom gr\u00e2ce \u00e0 ses nombreuses ann\u00e9es d'exp\u00e9rience et d'analyse strat\u00e9gique qui lui ont permis de gagner r\u00e9guli\u00e8rement de nombreux tournois. Connu pour \u00eatre un expert en strat\u00e9gie de tournoi, il a rapidement \u00e9t\u00e9 pr\u00e9sent\u00e9 dans plusieurs \u00e9missions de t\u00e9l\u00e9vision et a \u00e9crit des colonnes pour de nombreux magazines et sites Internet.<\/p>\n<p>M\u00eame si Ken n'est plus propri\u00e9taire de Blackjackinfo.com, vous verrez qu'il prend toujours le temps de r\u00e9pondre aux commentaires et de contribuer \u00e0 l'\u00e9laboration du site Blackjackinfo.com. <a href=\"https:\/\/www.blackjacktournaments.com\">blackjacktournaments.com<\/a> \u00e9galement.<\/p>\n<p>Parmi ses r\u00e9alisations notables, on peut citer<\/p>\n<ul>\n<li><a href=\"https:\/\/en.wikipedia.org\/wiki\/World_Series_of_Blackjack#Season_1_results\">Participation \u00e0 la table finale des World Series of Blackjack t\u00e9l\u00e9vis\u00e9es<\/a><\/li>\n<li>Il a ensuite fait des apparitions dans les saisons 2, 3 et 4 de WSOB<\/li>\n<li>Remporter le premier tournoi de la s\u00e9rie t\u00e9l\u00e9vis\u00e9e <a href=\"https:\/\/en.wikipedia.org\/wiki\/Ultimate_Blackjack_Tour\">Tourn\u00e9e de l'Ultimate Blackjack<\/a> ainsi qu'une participation au tournoi des l\u00e9gendes de l'UBT<\/li>\n<li>Auteur de 2 livres de strat\u00e9gie de tournoi de blackjack : <a href=\"http:\/\/www.deepnettech.com\/estore\/index.php?main_page=product_info&amp;products_id=59\">Comment gagner plus de tournois de blackjack<\/a> et <a href=\"http:\/\/deepnettech.com\/estore\/index.php?main_page=product_info&amp;products_id=84\">Comment gagner encore plus de tournois de blackjack<\/a><\/li>\n<\/ul>\n<p>Entretiens avec Ken Smith :<\/p>\n<ul>\n<li><a href=\"https:\/\/youtu.be\/oPw0ba7_TgI\">Jouer avec un avantage - invit\u00e9 Ken Smith<\/a> - Youtube.com<\/li>\n<li><a href=\"http:\/\/www.blackjack-vegas.de\/index.php\/blackjack-tricks\/268-blackjack-interview-ken-smith-original-english.html\">Ken Smith, auteur de Blackjack : Compter les cartes, c'est encore de l'argent !<\/a> - blackjack-vegas.de<\/li>\n<li><a href=\"https:\/\/thepogg.com\/thepogg-interviews-ken-smith-blackjack-tournament-expert\/\">ThePOGG Interviews - Ken Smith, expert en tournois de blackjack<\/a> - thepogg.com<\/li>\n<li><a href=\"https:\/\/www.onlineblackjack.com\/blog\/ken-smith-blackjackinfo-interview\/\">INTERVIEW DE KEN SMITH BLACKJACKINFO<\/a> - onlineblackjack.com<\/li>\n<li><a href=\"https:\/\/lcb.org\/news\/interviews\/interview-with-ken-of-blackjackinfo-com\">Entretien avec Ken Smith de BlackjackInfo.com<\/a> - lcb.org<\/li>\n<li><a href=\"http:\/\/www.smartgaming.com\/html\/articles\/interview_with_bj_pros.htm\">ENTRETIEN AVEC LES PROS DU BLACKJACK TOURNAMENT KEN SMITH et JOE PANE<\/a> - smartgaming.com<\/li>\n<\/ul>\n<p>Pour en savoir plus sur Ken <a href=\"https:\/\/www.blackjackinfo.com\/ken-smith\/\">ici<\/a>.<\/p>\n<h3 id=\"who-is-lv-bear\">Qui est LV Bear<\/h3>\n<p><img loading=\"lazy\" decoding=\"async\" class=\"alignright size-full wp-image-600\" src=\"\/files\/lv_bear.png\" alt=\"ken smith\" width=\"252\" height=\"190\" data-no-auto-translation=\"\" \/>Joueur d'avantage prestigieux qui a commenc\u00e9 \u00e0 affiner son art au milieu des ann\u00e9es 1990, LV bear est maintenant l'expert r\u00e9sident de BlackjackInfo et apporte une \u00e9norme richesse d'exp\u00e9rience, \u00e9tant \u00e9galement un contributeur \u00e0 <a href=\"https:\/\/www.bj21.com\">BJ21.com<\/a><\/p>\n<p>Responsable de la cr\u00e9ation de la tr\u00e8s convoit\u00e9e newsletter de BJ21, qui est utilis\u00e9e par de nombreux joueurs d'avantage, LV Bear est l'un des joueurs d'avantage les plus \u00e9tablis et contribue \u00e0 la communaut\u00e9 du blackjack depuis de nombreuses ann\u00e9es.<\/p>\n<p>Il tient \u00e9galement un blog que l'on peut consulter \u00e0 l'adresse suivante <a href=\"http:\/\/www.thebeargrowls.com\/\">http:\/\/www.thebeargrowls.com\/<\/a><\/p>\n<p>Entretiens avec LV Bear :<\/p>\n<ul>\n<li><a href=\"https:\/\/www.casinoonline.co.uk\/interviews\/las-vegas-bear\/\">Entretien avec LV Bear<\/a> - casinoonline.co.uk<\/li>\n<li><a href=\"https:\/\/www.blackjackinfo.com\/interviews\/lv-bear\/\">Entretien avec LV Bear<\/a> - blackjackinfo.com<\/li>\n<\/ul>\n<p>Vous pouvez en savoir plus sur LV Bear <a href=\"https:\/\/www.blackjackinfo.com\/about-lv-bear\/\">ici<\/a><\/p>\n<h3>Qui sont les LCB ?<\/h3>\n<p><img loading=\"lazy\" decoding=\"async\" class=\"alignright size-thumbnail wp-image-4915\" src=\"\/files\/lcb-logo-150x150.png\" alt=\"\" width=\"150\" height=\"150\" srcset=\"https:\/\/www.blackjackinfo.com\/files\/lcb-logo-150x150.png 150w, https:\/\/www.blackjackinfo.com\/files\/lcb-logo-300x300.png 300w, https:\/\/www.blackjackinfo.com\/files\/lcb-logo.png 400w\" sizes=\"auto, (max-width: 150px) 100vw, 150px\" data-no-auto-translation=\"\" \/>Les <a href=\"https:\/\/lcb.org\/network\">R\u00e9seau LCB<\/a> a \u00e9t\u00e9 cr\u00e9\u00e9 en 2006 afin de fournir des ressources pour \u00e9duquer les joueurs souhaitant jouer en ligne. Depuis lors, ils se sont impos\u00e9s comme des leaders de l'industrie au cours des 12 derni\u00e8res ann\u00e9es en fournissant aux utilisateurs des informations que tr\u00e8s peu d'entre eux peuvent rivaliser.<\/p>\n<p>Depuis l'acquisition de BlackjackInfo.com, LCB a \u00e9largi le site pour y inclure des ressources et des guides pour <a href=\"https:\/\/www.blackjackinfo.com\/online-blackjack\/\">jouer au blackjack en ligne<\/a>.<\/p>\n<h3>Autres contributeurs<\/h3>\n<p><a href=\"https:\/\/www.hirequarters.com\/\">LES QUARTIERS D'EMBAUCHE<\/a> - Ces personnes nous ont aid\u00e9s \u00e0 d\u00e9velopper le contenu de blackjackinfo.com et du r\u00e9seau LCB.<\/p>\n<h2>Chronologie de BlackjackInfo<\/h2>\n<div class=\"container\">\n<div class=\"row\">\n<div class=\"col-sm-8\">\n<div class=\"timeline-item\">\n<div class=\"row\">\n<div class=\"col-sm-6\">BlackjackInfo est cr\u00e9\u00e9<\/div>\n<div class=\"col-sm-6\">\n<div class=\"pull-right\">Janvier 1999<\/div>\n<\/div>\n<\/div>\n<p>Ken Smith lance Blackjackinfo.com et est l'un des premiers sites \u00e0 fournir des tableaux de strat\u00e9gie.<\/p>\n<\/div>\n<div class=\"timeline-item\">\n<div class=\"row\">\n<div class=\"col-sm-6\">Blackjackinfo.com est vendu \u00e0 LCB<\/div>\n<div class=\"col-sm-6\">\n<div class=\"pull-right\">Sep, 2016<\/div>\n<\/div>\n<\/div>\n<p>Ken Smith vend BlackjackInfo.com au r\u00e9seau LCB<\/p>\n<\/div>\n<div class=\"timeline-item\">\n<div class=\"row\">\n<div class=\"col-sm-6\">LV Bear rejoint l'IJB<\/div>\n<div class=\"col-sm-6\">\n<div class=\"pull-right\">Sep, 2016<\/div>\n<\/div>\n<\/div>\n<p><a href=\"https:\/\/www.blackjackinfo.com\/lv-bear-joins-blackjackinfo-com\/\">LV Bear devient l'expert r\u00e9sident du blackjack pour BlackjackInfo.com<\/a><\/p>\n<\/div>\n<\/div>\n<\/div>\n<\/div>","protected":false},"excerpt":{"rendered":"<p>BlackjackInfo was originally created in 1999 by Ken Smith as a means to provide expert advice on the best way to play blackjack. While there are many sites about blackjack on the internet, Ken created this resource to give credible insight into how to approach winning blackjack and how he managed to turn it into [&hellip;]<\/p>\n","protected":false},"author":4,"featured_media":0,"parent":0,"menu_order":0,"comment_status":"closed","ping_status":"closed","template":"","meta":{"_acf_changed":false,"footnotes":""},"tags":[],"class_list":["post-4874","page","type-page","status-publish","hentry"],"acf":[],"yoast_head":"<!-- This site is optimized with the Yoast SEO plugin v26.6 - https:\/\/yoast.com\/wordpress\/plugins\/seo\/ -->\n<title>About<\/title>\n<meta name=\"description\" content=\"BlackjackInfo was originally created in 1999 by Ken Smith as a means to provide expert advice on the best way to play blackjack. While there are many\" \/>\n<meta name=\"robots\" content=\"index, follow, max-snippet:-1, max-image-preview:large, max-video-preview:-1\" \/>\n<link rel=\"canonical\" href=\"https:\/\/www.blackjackinfo.com\/fr\/a-propos-de\/\" \/>\n<meta property=\"og:locale\" content=\"fr_FR\" \/>\n<meta property=\"og:type\" content=\"article\" \/>\n<meta property=\"og:title\" content=\"About\" \/>\n<meta property=\"og:description\" content=\"BlackjackInfo was originally created in 1999 by Ken Smith as a means to provide expert advice on the best way to play blackjack. While there are many\" \/>\n<meta property=\"og:url\" content=\"https:\/\/www.blackjackinfo.com\/fr\/a-propos-de\/\" \/>\n<meta property=\"og:site_name\" content=\"BlackjackInfo.com\" \/>\n<meta property=\"article:modified_time\" content=\"2024-05-18T08:08:16+00:00\" \/>\n<meta name=\"twitter:label1\" content=\"Dur\u00e9e de lecture estim\u00e9e\" \/>\n\t<meta name=\"twitter:data1\" content=\"3 minutes\" \/>\n<script type=\"application\/ld+json\" class=\"yoast-schema-graph\">{\"@context\":\"https:\/\/schema.org\",\"@graph\":[{\"@type\":\"WebPage\",\"@id\":\"https:\/\/www.blackjackinfo.com\/about\/\",\"url\":\"https:\/\/www.blackjackinfo.com\/about\/\",\"name\":\"About\",\"isPartOf\":{\"@id\":\"https:\/\/www.blackjackinfo.com\/#website\"},\"datePublished\":\"2018-10-04T08:59:35+00:00\",\"dateModified\":\"2024-05-18T08:08:16+00:00\",\"description\":\"BlackjackInfo was originally created in 1999 by Ken Smith as a means to provide expert advice on the best way to play blackjack. While there are many\",\"breadcrumb\":{\"@id\":\"https:\/\/www.blackjackinfo.com\/about\/#breadcrumb\"},\"inLanguage\":\"fr-FR\",\"potentialAction\":[{\"@type\":\"ReadAction\",\"target\":[\"https:\/\/www.blackjackinfo.com\/about\/\"]}]},{\"@type\":\"BreadcrumbList\",\"@id\":\"https:\/\/www.blackjackinfo.com\/about\/#breadcrumb\",\"itemListElement\":[{\"@type\":\"ListItem\",\"position\":1,\"name\":\"Home\",\"item\":\"https:\/\/www.blackjackinfo.com\/\"},{\"@type\":\"ListItem\",\"position\":2,\"name\":\"About\"}]},{\"@type\":\"WebSite\",\"@id\":\"https:\/\/www.blackjackinfo.com\/#website\",\"url\":\"https:\/\/www.blackjackinfo.com\/\",\"name\":\"BlackjackInfo.com\",\"description\":\"Because Winning is More Fun!\",\"potentialAction\":[{\"@type\":\"SearchAction\",\"target\":{\"@type\":\"EntryPoint\",\"urlTemplate\":\"https:\/\/www.blackjackinfo.com\/?s={search_term_string}\"},\"query-input\":{\"@type\":\"PropertyValueSpecification\",\"valueRequired\":true,\"valueName\":\"search_term_string\"}}],\"inLanguage\":\"fr-FR\"}]}<\/script>\n<!-- \/ Yoast SEO plugin. -->","yoast_head_json":{"title":"A propos de","description":"BlackjackInfo a \u00e9t\u00e9 cr\u00e9\u00e9 en 1999 par Ken Smith pour fournir des conseils d'experts sur la meilleure fa\u00e7on de jouer au blackjack. Bien qu'il y ait de nombreux","robots":{"index":"index","follow":"follow","max-snippet":"max-snippet:-1","max-image-preview":"max-image-preview:large","max-video-preview":"max-video-preview:-1"},"canonical":"https:\/\/www.blackjackinfo.com\/fr\/a-propos-de\/","og_locale":"fr_FR","og_type":"article","og_title":"About","og_description":"BlackjackInfo was originally created in 1999 by Ken Smith as a means to provide expert advice on the best way to play blackjack. While there are many","og_url":"https:\/\/www.blackjackinfo.com\/fr\/a-propos-de\/","og_site_name":"BlackjackInfo.com","article_modified_time":"2024-05-18T08:08:16+00:00","twitter_misc":{"Dur\u00e9e de lecture estim\u00e9e":"3 minutes"},"schema":{"@context":"https:\/\/schema.org","@graph":[{"@type":"WebPage","@id":"https:\/\/www.blackjackinfo.com\/about\/","url":"https:\/\/www.blackjackinfo.com\/about\/","name":"A propos de","isPartOf":{"@id":"https:\/\/www.blackjackinfo.com\/#website"},"datePublished":"2018-10-04T08:59:35+00:00","dateModified":"2024-05-18T08:08:16+00:00","description":"BlackjackInfo a \u00e9t\u00e9 cr\u00e9\u00e9 en 1999 par Ken Smith pour fournir des conseils d'experts sur la meilleure fa\u00e7on de jouer au blackjack. Bien qu'il y ait de nombreux","breadcrumb":{"@id":"https:\/\/www.blackjackinfo.com\/about\/#breadcrumb"},"inLanguage":"fr-FR","potentialAction":[{"@type":"ReadAction","target":["https:\/\/www.blackjackinfo.com\/about\/"]}]},{"@type":"BreadcrumbList","@id":"https:\/\/www.blackjackinfo.com\/about\/#breadcrumb","itemListElement":[{"@type":"ListItem","position":1,"name":"Home","item":"https:\/\/www.blackjackinfo.com\/"},{"@type":"ListItem","position":2,"name":"About"}]},{"@type":"WebSite","@id":"https:\/\/www.blackjackinfo.com\/#website","url":"https:\/\/www.blackjackinfo.com\/","name":"BlackjackInfo.com","description":"Parce que gagner, c'est plus amusant !","potentialAction":[{"@type":"SearchAction","target":{"@type":"EntryPoint","urlTemplate":"https:\/\/www.blackjackinfo.com\/?s={search_term_string}"},"query-input":{"@type":"PropertyValueSpecification","valueRequired":true,"valueName":"search_term_string"}}],"inLanguage":"fr-FR"}]}},"_links":{"self":[{"href":"https:\/\/www.blackjackinfo.com\/fr\/wp-json\/wp\/v2\/pages\/4874","targetHints":{"allow":["GET"]}}],"collection":[{"href":"https:\/\/www.blackjackinfo.com\/fr\/wp-json\/wp\/v2\/pages"}],"about":[{"href":"https:\/\/www.blackjackinfo.com\/fr\/wp-json\/wp\/v2\/types\/page"}],"author":[{"embeddable":true,"href":"https:\/\/www.blackjackinfo.com\/fr\/wp-json\/wp\/v2\/users\/4"}],"replies":[{"embeddable":true,"href":"https:\/\/www.blackjackinfo.com\/fr\/wp-json\/wp\/v2\/comments?post=4874"}],"version-history":[{"count":51,"href":"https:\/\/www.blackjackinfo.com\/fr\/wp-json\/wp\/v2\/pages\/4874\/revisions"}],"predecessor-version":[{"id":5948,"href":"https:\/\/www.blackjackinfo.com\/fr\/wp-json\/wp\/v2\/pages\/4874\/revisions\/5948"}],"wp:attachment":[{"href":"https:\/\/www.blackjackinfo.com\/fr\/wp-json\/wp\/v2\/media?parent=4874"}],"wp:term":[{"taxonomy":"post_tag","embeddable":true,"href":"https:\/\/www.blackjackinfo.com\/fr\/wp-json\/wp\/v2\/tags?post=4874"}],"curies":[{"name":"wp","href":"https:\/\/api.w.org\/{rel}","templated":true}]}}