{"id":5052,"date":"2018-11-11T18:31:55","date_gmt":"2018-11-12T00:31:55","guid":{"rendered":"https:\/\/www.blackjackinfo.com\/?page_id=5052"},"modified":"2020-02-18T18:27:05","modified_gmt":"2020-02-19T00:27:05","slug":"quest-ce-que-le-wonging-au-blackjack","status":"publish","type":"page","link":"https:\/\/www.blackjackinfo.com\/fr\/what-is-wonging-in-blackjack\/","title":{"rendered":"Qu'est-ce que le Wonging (au Blackjack) ?"},"content":{"rendered":"<h2>Introduction \u00e0 Wonging<\/h2>\n<p>La strat\u00e9gie de jeu connue sous le nom de \"Wonging\" a une application large et vari\u00e9e, mais elle est plus \u00e9troitement li\u00e9e au jeu de blackjack. Fondamentalement, elle est pratiqu\u00e9e par les joueurs qui comptent les cartes \u00e0 une ou plusieurs tables de blackjack sur le sol du casino, et qui choisissent le meilleur moment, en fonction de leur compte, pour entrer dans le jeu.<\/p>\n<h2>Qui a invent\u00e9 Wonging ?<\/h2>\n<p>Il est impossible de savoir qui a invent\u00e9 la strat\u00e9gie Wonging, car les joueurs sont connus depuis longtemps pour passer d'une table \u00e0 l'autre en cours de partie. Cependant, l'auteur de blackjack <a href=\"https:\/\/en.wikipedia.org\/wiki\/Stanford_Wong\">Jack Ferguson<\/a>Plus connu sous le pseudonyme de Stanford Wong, Stanford Wong a largement propag\u00e9 et d\u00e9velopp\u00e9 cette strat\u00e9gie dans ses publications, ce qui a incit\u00e9 les gens \u00e0 la nommer d'apr\u00e8s son nom de plume.\n<\/p>\n<p><a href=\"\/interviews\/stanford-wong\/\">En 2014, BlackjackInfo a r\u00e9alis\u00e9 une interview de Stanford Wong que vous pouvez retrouver ici. <\/a><br \/>\n<div class=\"row\" style=\"margin-bottom:20px\">\n    <div class=\"col-sm-12\">\n                <h2>Les meilleurs casinos en ligne des Etats-Unis <span\n                class=\"flag-icon flag-icon-us\"><\/span><\/h2>\n\n        \n                \n        <div class=\"ranking-table text-center\">\n            <div class=\"row flex ad-row\">\n                <div class=\"col-sm-3\">\n                    <div class=\"row flex\">\n\n                        <div class=\"col-sm-3\">\n                            <div class=\"ranking-number text-center\">\n\n                                1                                \n                            <\/div>\n                        <\/div>\n                        <div class=\"col-sm-9\">\n                            <img decoding=\"async\" src=\"https:\/\/www.blackjackinfo.com\/files\/bovada.png\" data-no-auto-translation=\"\">\n                        <\/div>\n                    <\/div>\n                <\/div>\n                <div class=\"col-sm-4\">\n                    <div class=\"bonus-text text-center\"><span class=\"red\">100% jusqu'\u00e0 $1 000<\/span><\/div>\n\t\t\t\t\t\n\n                <\/div>\n                <div class=\"col-sm-2\">\n                    <a class=\"btn btn-wire\" href=\"\/fr\/casino\/bovada\/\">R\u00e9vision<\/a>\n\n                <\/div>\n                <div class=\"col-sm-3\">\n                    <a rel=\"nofollow\" target=\"_blank\" class=\"btn btn-blue\" href=\"\/goto\/goto\/\">Jouer\n                        Maintenant<\/a>\n\t\t\t\t\t\t\n\n                <\/div>\n            <\/div>\n        <\/div>\n\n\n\n        \n                \n        <div class=\"ranking-table text-center\">\n            <div class=\"row flex ad-row\">\n                <div class=\"col-sm-3\">\n                    <div class=\"row flex\">\n\n                        <div class=\"col-sm-3\">\n                            <div class=\"ranking-number text-center\">\n\n                                2                                \n                            <\/div>\n                        <\/div>\n                        <div class=\"col-sm-9\">\n                            <img decoding=\"async\" src=\"https:\/\/www.blackjackinfo.com\/files\/ignition-casino-logo.png\" data-no-auto-translation=\"\">\n                        <\/div>\n                    <\/div>\n                <\/div>\n                <div class=\"col-sm-4\">\n                    <div class=\"bonus-text text-center\"><span class=\"red\">100% jusqu'\u00e0 $1 000<\/span><\/div>\n\t\t\t\t\t\n\n                <\/div>\n                <div class=\"col-sm-2\">\n                    <a class=\"btn btn-wire\" href=\"\/fr\/casino\/ignition-casino\/\">R\u00e9vision<\/a>\n\n                <\/div>\n                <div class=\"col-sm-3\">\n                    <a rel=\"nofollow\" target=\"_blank\" class=\"btn btn-blue\" href=\"\/goto\/goto\/\">Jouer\n                        Maintenant<\/a>\n\t\t\t\t\t\t\n\n                <\/div>\n            <\/div>\n        <\/div>\n\n\n\n        \n                \n        <div class=\"ranking-table text-center\">\n            <div class=\"row flex ad-row\">\n                <div class=\"col-sm-3\">\n                    <div class=\"row flex\">\n\n                        <div class=\"col-sm-3\">\n                            <div class=\"ranking-number text-center\">\n\n                                3                                \n                            <\/div>\n                        <\/div>\n                        <div class=\"col-sm-9\">\n                            <img decoding=\"async\" src=\"https:\/\/www.blackjackinfo.com\/files\/VipSlots-500x250_dark.svg\" data-no-auto-translation=\"\">\n                        <\/div>\n                    <\/div>\n                <\/div>\n                <div class=\"col-sm-4\">\n                    <div class=\"bonus-text text-center\"><span class=\"red\">100 SPINS GRATUITS sur Secret Life of Cats<\/span><\/div>\n\t\t\t\t\t\n\n                <\/div>\n                <div class=\"col-sm-2\">\n                    <a class=\"btn btn-wire\" href=\"\/fr\/casino\/vipslots-casino\/\">R\u00e9vision<\/a>\n\n                <\/div>\n                <div class=\"col-sm-3\">\n                    <a rel=\"nofollow\" target=\"_blank\" class=\"btn btn-blue\" href=\"\/goto\/goto\/\">Jouer\n                        Maintenant<\/a>\n\t\t\t\t\t\t\n\n                <\/div>\n            <\/div>\n        <\/div>\n\n\n\n        \n                \n        <div class=\"ranking-table text-center\">\n            <div class=\"row flex ad-row\">\n                <div class=\"col-sm-3\">\n                    <div class=\"row flex\">\n\n                        <div class=\"col-sm-3\">\n                            <div class=\"ranking-number text-center\">\n\n                                4                                \n                            <\/div>\n                        <\/div>\n                        <div class=\"col-sm-9\">\n                            <img decoding=\"async\" src=\"https:\/\/www.blackjackinfo.com\/files\/vegas_casino_online.png\" data-no-auto-translation=\"\">\n                        <\/div>\n                    <\/div>\n                <\/div>\n                <div class=\"col-sm-4\">\n                    <div class=\"bonus-text text-center\"><span class=\"red\">300% jusqu'\u00e0 $3,000<\/span><\/div>\n\t\t\t\t\t\n\n                <\/div>\n                <div class=\"col-sm-2\">\n                    <a class=\"btn btn-wire\" href=\"\/fr\/casino\/vegas-casino-online-2\/\">R\u00e9vision<\/a>\n\n                <\/div>\n                <div class=\"col-sm-3\">\n                    <a rel=\"nofollow\" target=\"_blank\" class=\"btn btn-blue\" href=\"\/goto\/goto\/\">Jouer\n                        Maintenant<\/a>\n\t\t\t\t\t\t\n\n                <\/div>\n            <\/div>\n        <\/div>\n\n\n\n        \n                \n        <div class=\"ranking-table text-center\">\n            <div class=\"row flex ad-row\">\n                <div class=\"col-sm-3\">\n                    <div class=\"row flex\">\n\n                        <div class=\"col-sm-3\">\n                            <div class=\"ranking-number text-center\">\n\n                                5                                \n                            <\/div>\n                        <\/div>\n                        <div class=\"col-sm-9\">\n                            <img decoding=\"async\" src=\"https:\/\/www.blackjackinfo.com\/files\/cafe-casino-logo.svg\" data-no-auto-translation=\"\">\n                        <\/div>\n                    <\/div>\n                <\/div>\n                <div class=\"col-sm-4\">\n                    <div class=\"bonus-text text-center\"><span class=\"red\">250% jusqu'\u00e0 $1,500<\/span><\/div>\n\t\t\t\t\t\n\n                <\/div>\n                <div class=\"col-sm-2\">\n                    <a class=\"btn btn-wire\" href=\"\/fr\/casino\/cafe-casino\/\">R\u00e9vision<\/a>\n\n                <\/div>\n                <div class=\"col-sm-3\">\n                    <a rel=\"nofollow\" target=\"_blank\" class=\"btn btn-blue\" href=\"\/goto\/goto\/\">Jouer\n                        Maintenant<\/a>\n\t\t\t\t\t\t\n\n                <\/div>\n            <\/div>\n        <\/div>\n\n\n\n            <\/div>\n<\/div><\/p>\n<h2>Les bases<\/h2>\n<p>La strat\u00e9gie du wonging peut \u00eatre consid\u00e9r\u00e9e comme une sorte de sous-type du comptage des cartes, car les joueurs comptent les cartes \u00e0 la (aux) table(s) de blackjack qu'ils ont choisie(s), mais sans participer \u00e0 l'action. Cela permet aux joueurs de suivre le d\u00e9roulement du jeu et de ne s'asseoir \u00e0 la table que lorsque le d\u00e9compte est favorable. Normalement, ils occupent une position moins visible qui leur permet d'avoir un aper\u00e7u complet des cartes distribu\u00e9es, et restent l\u00e0 jusqu'\u00e0 ce que le moment soit venu.<\/p>\n<p>Une fois le d\u00e9compte favorable...<\/p>\n<p>... les joueurs s'assoient \u00e0 la table afin d'en tirer le meilleur parti pendant que l'action est chaude. Ils \u00e9conomisent ainsi le temps et la part de bankroll qu'ils auraient autrement d\u00e9pens\u00e9s s'ils \u00e9taient entr\u00e9s dans l'action d\u00e8s le d\u00e9but. Les p\u00e9riodes froides avec des comptes n\u00e9gatifs alternent avec les p\u00e9riodes positives et maintiennent un certain \u00e9quilibre, mais cette strat\u00e9gie particuli\u00e8re \u00e9limine pratiquement toute possibilit\u00e9 de miser son argent durement gagn\u00e9 sans obtenir de paiement.<\/p>\n<p>Attention toutefois...<\/p>\n<p>... d'appara\u00eetre trop ostensiblement sur le sol du casino. Le comptage de cartes en tant qu'activit\u00e9 \u00e0 part enti\u00e8re est mal vu et la direction du casino est constamment \u00e0 l'aff\u00fbt de tout comportement apparent - fluctuations du montant des mises, d\u00e9parts soudains de la table ou signaux de transfert d'informations. En ce qui concerne le wonging, les joueurs doivent en outre \u00eatre attentifs \u00e0 la fa\u00e7on dont ils se positionnent pendant la surveillance de la table.<\/p>\n<h2>Diff\u00e9rentes approches<\/h2>\n<p>Dans l'ensemble de l'Union europ\u00e9enne, les <a href=\"https:\/\/wizardofodds.com\/gambling\/book-reviews\/blackjack\/\" target=\"_blank\" rel=\"noopener noreferrer\" data-saferedirecturl=\"https:\/\/www.google.com\/url?q=https:\/\/wizardofodds.com\/gambling\/book-reviews\/blackjack\/&amp;source=gmail&amp;ust=1542067350043000&amp;usg=AFQjCNHf7lTAemVEgyCCV6dickfaMrmHlg\">de livres \u00e9crits sur le sujet<\/a>Dans le cadre de l'\u00e9tude de Ferguson et d'autres, les experts ont partag\u00e9 diverses approches pour une strat\u00e9gie de wonging r\u00e9ussie.<\/p>\n<p>Certains \"wongers\" ont tendance \u00e0...<\/p>\n<p>...se montrent occup\u00e9s et agit\u00e9s d\u00e8s qu'ils entrent dans le casino, comme s'ils avaient un avion \u00e0 prendre et que le casino n'\u00e9tait qu'une escale en attendant l'heure de l'embarquement. Ils ont tendance \u00e0 rester occup\u00e9s tout au long de la p\u00e9riode de surveillance et pendant le jeu proprement dit \u00e0 la table de blackjack.<\/p>\n<p>Mais d'autres se trompent...<\/p>\n<p>... appliquer une sorte d'auto-sabotage. Cela doit \u00eatre fait avec pr\u00e9caution, afin de ne pas donner l'impression d'\u00eatre fait expr\u00e8s et d'\u00eatre utilis\u00e9 contre l'int\u00e9r\u00eat du joueur. La plupart du temps, les wongers entrent \u00e0 la table \u00e0 une heure de pointe, jouent quelques mains pendant que le jeu leur convient et s'en vont, non sans avoir risqu\u00e9 une partie de leurs gains pour sauver les apparences. Ils peuvent doubler leurs mises apr\u00e8s un gain, ou simplement les augmenter lors d'un d\u00e9compte moins avantageux - dans tous les cas, ils d\u00e9stabilisent la direction juste assez longtemps pour pouvoir s'enfuir.<\/p>\n<h2>Faire \u00e9quipe<\/h2>\n<p>Le wonging en \u00e9quipe est une troisi\u00e8me option pour mieux pratiquer cette strat\u00e9gie de blackjack. Cela peut se faire avec l'approche wonger - big player, ou simplement avec un ami qui peut jouer le jeu juste assez pour que le wonger puisse compter. Dans le premier cas, le wonger est d\u00e9j\u00e0 \u00e0 la table, sacrifiant une partie de son bankroll pendant les p\u00e9riodes moins favorables, afin de pouvoir compter les cartes avec la plus grande pr\u00e9cision. Une fois qu'il s'y pr\u00eate, il signale le \"grand joueur\" et, une fois que celui-ci entre dans le jeu, le wonger lui transmet le d\u00e9compte exact de la table, normalement \u00e0 l'aide d'un code ou d'une association.<\/p>\n<p>Cette derni\u00e8re \u00e9quipe joue l'option...<\/p>\n<p>... n\u00e9cessiterait toujours le wonger <a href=\"https:\/\/www.blackjackinfo.com\/card-counting\/\" target=\"_blank\" rel=\"noopener noreferrer\" data-saferedirecturl=\"https:\/\/www.google.com\/url?q=https:\/\/www.blackjackinfo.com\/card-counting\/&amp;source=gmail&amp;ust=1542067350043000&amp;usg=AFQjCNEfenYzg4T0vO4KAidhpAk0ciDeIA\">pour compter les cartes<\/a> Les strat\u00e9gies de blackjack peuvent \u00eatre utilis\u00e9es seules, mais elles sont beaucoup moins visibles aux yeux de la direction du casino. Lorsque le blackjack est apparu sur le grand \u00e9cran, les strat\u00e9gies pertinentes qui y \u00e9taient pr\u00e9sent\u00e9es ont \u00e9t\u00e9 commercialis\u00e9es et appliqu\u00e9es plus largement, ce qui s'est traduit par des taux de r\u00e9ussite plus faibles.<\/p>\n<p><a href=\"https:\/\/www.imdb.com\/title\/tt0478087\/\">Le film de l'\u00e9quipe du MIT, 21...<\/a><\/p>\n<p>... soutient fortement cette th\u00e9orie, car les personnages qui comptent les cartes travailleraient avec succ\u00e8s dans des \u00e9quipes de wonger - structures de grands joueurs. Cependant, m\u00eame leur disparition opportune indique la n\u00e9cessit\u00e9 d'\u00eatre extr\u00eamement attentif lors de ces intrigues strat\u00e9giques.<\/p>\n<h2>Avantages du Wonging au Blackjack<\/h2>\n<p>L'utilisation de la strat\u00e9gie wonging dans votre jeu de blackjack a ses avantages et ses inconv\u00e9nients. Cependant, le fait qu'elle soit encore pratiqu\u00e9e des d\u00e9cennies apr\u00e8s avoir \u00e9t\u00e9 expliqu\u00e9e publiquement est une preuve suffisante de son caract\u00e8re b\u00e9n\u00e9fique.<\/p>\n<p>Un avantage...<\/p>\n<p>... est le fait qu'il permet aux joueurs de m\u00e9nager leur bankroll. Le wonging est appliqu\u00e9 \u00e0 des moments optimaux, lorsque le compte de la table de blackjack est positif. Cela signifie pratiquement que les wongers vont directement vers les gains sans passer leur journ\u00e9e \u00e0 attendre que le compte de la table augmente.<\/p>\n<p>Deuxi\u00e8mement...<\/p>\n<p>... les joueurs qui pratiquent le wonging pratiquent aussi indirectement la gestion de leur bankroll, l'une des strat\u00e9gies les plus recommand\u00e9es pour r\u00e9ussir \u00e0 jouer en g\u00e9n\u00e9ral. Elle limite le risque impos\u00e9 au bankroll des joueurs et leur permet en outre d'adapter la taille de leurs mises. En r\u00e9sum\u00e9, le wonging est synonyme d'avantages li\u00e9s \u00e0 la pratique du jeu. <a href=\"https:\/\/www.blackjackinfo.com\/blackjack-betting-strategies-debunked\/\" target=\"_blank\" rel=\"noopener noreferrer\" data-saferedirecturl=\"https:\/\/www.google.com\/url?q=https:\/\/www.blackjackinfo.com\/blackjack-betting-strategies-debunked\/&amp;source=gmail&amp;ust=1542067350043000&amp;usg=AFQjCNEf1bg25seibfPn2URCoyoDhzkL7Q\">strat\u00e9gies de paris correctes<\/a>.<\/p>\n<h2>Wonging appropri\u00e9<\/h2>\n<p>Le comptage des cartes, qui fait partie de cette strat\u00e9gie appropri\u00e9e, est d'autant plus facile, m\u00eame s'il ne n\u00e9cessite pas de savoir-faire particulier en g\u00e9n\u00e9ral. Le fait que, dans le cas du wonging, il soit en outre effectu\u00e9 \u00e0 l'endroit de votre choix sur le sol du casino en fait une comp\u00e9tence encore plus attrayante \u00e0 acqu\u00e9rir.<\/p>\n<p>Inconv\u00e9nients<\/p>\n<p>Naturellement, comme cette strat\u00e9gie fait pencher la balance en faveur des joueurs, elle est forc\u00e9ment mal vue par les \u00e9tablissements de casino. Ainsi, les joueurs peuvent l\u00e9gitimement supposer que l'un des principaux inconv\u00e9nients est le fait qu'ils pourraient facilement \u00eatre bannis de leurs casinos pr\u00e9f\u00e9r\u00e9s s'ils pratiquent cette strat\u00e9gie.<\/p>\n<p>En plus de cela...<\/p>\n<p>... la plupart des amateurs de blackjack ont aujourd'hui tendance \u00e0 se tourner vers les sites de casinos en ligne qui offrent une plus grande accessibilit\u00e9 et une plus grande convivialit\u00e9 pour les joueurs. <a href=\"https:\/\/wizardofodds.com\/games\/blackjack\/calculator\/\" target=\"_blank\" rel=\"noopener noreferrer\" data-saferedirecturl=\"https:\/\/www.google.com\/url?q=https:\/\/wizardofodds.com\/games\/blackjack\/calculator\/&amp;source=gmail&amp;ust=1542067350043000&amp;usg=AFQjCNF9l5KJqqwiLUJ7m0nD-KZxib6bRA\">maison<\/a> bord. Ces services utilisent toutefois un logiciel de blackjack qui n'est pas soumis au wonging et \u00e0 d'autres pratiques similaires.<span style=\"color: #000000;\"> les strat\u00e9gies de blackjack.<\/span><\/p>\n<h2>Discussions connexes sur le forum<\/h2>\n<ul>\n<li><a href=\"https:\/\/www.blackjackinfo.com\/community\/threads\/wonging-out-and-got-cussed-out.56016\/\">Wonging out et s'est fait engueuler.<\/a><\/li>\n<li><a href=\"https:\/\/www.blackjackinfo.com\/community\/threads\/wonging-and-how-to-abuse-it.55644\/\">Wonging et comment en abuser ?<\/a><\/li>\n<li><a href=\"https:\/\/www.blackjackinfo.com\/community\/threads\/wonging-vs-play-all-an-overview.54880\/\">wonging vs play all, une vue d'ensemble<\/a><\/li>\n<li><a href=\"https:\/\/www.blackjackinfo.com\/community\/threads\/wonging-in.23895\/\">Wonging In<\/a><\/li>\n<\/ul>","protected":false},"excerpt":{"rendered":"<p>Introduction to Wonging The gambling strategy known as \u2018Wonging\u2019 has a wide and varied application, but it is most tightly related to the game of blackjack. Basically, it is practiced by players counting cards at one or several blackjack tables on the casino floor, and choosing the prime moment, based on their count, to enter [&hellip;]<\/p>\n","protected":false},"author":4,"featured_media":0,"parent":0,"menu_order":0,"comment_status":"open","ping_status":"closed","template":"","meta":{"_acf_changed":false,"footnotes":""},"tags":[],"class_list":["post-5052","page","type-page","status-publish","hentry"],"acf":[],"yoast_head":"<!-- This site is optimized with the Yoast SEO plugin v26.6 - https:\/\/yoast.com\/wordpress\/plugins\/seo\/ -->\n<title>What is Wonging (in Blackjack) ?<\/title>\n<meta name=\"description\" content=\"Wonging is a largely successful blackjack strategy allowing players to enjoy gameplay at the most favorable table counts, at live and online casinos alike.\" \/>\n<meta name=\"robots\" content=\"index, follow, max-snippet:-1, max-image-preview:large, max-video-preview:-1\" \/>\n<link rel=\"canonical\" href=\"https:\/\/www.blackjackinfo.com\/fr\/quest-ce-que-le-wonging-au-blackjack\/\" \/>\n<meta property=\"og:locale\" content=\"fr_FR\" \/>\n<meta property=\"og:type\" content=\"article\" \/>\n<meta property=\"og:title\" content=\"What is Wonging (in Blackjack) ?\" \/>\n<meta property=\"og:description\" content=\"Wonging is a largely successful blackjack strategy allowing players to enjoy gameplay at the most favorable table counts, at live and online casinos alike.\" \/>\n<meta property=\"og:url\" content=\"https:\/\/www.blackjackinfo.com\/fr\/quest-ce-que-le-wonging-au-blackjack\/\" \/>\n<meta property=\"og:site_name\" content=\"BlackjackInfo.com\" \/>\n<meta property=\"article:modified_time\" content=\"2020-02-19T00:27:05+00:00\" \/>\n<meta name=\"twitter:label1\" content=\"Dur\u00e9e de lecture estim\u00e9e\" \/>\n\t<meta name=\"twitter:data1\" content=\"5 minutes\" \/>\n<script type=\"application\/ld+json\" class=\"yoast-schema-graph\">{\"@context\":\"https:\/\/schema.org\",\"@graph\":[{\"@type\":\"WebPage\",\"@id\":\"https:\/\/www.blackjackinfo.com\/what-is-wonging-in-blackjack\/\",\"url\":\"https:\/\/www.blackjackinfo.com\/what-is-wonging-in-blackjack\/\",\"name\":\"What is Wonging (in Blackjack) ?\",\"isPartOf\":{\"@id\":\"https:\/\/www.blackjackinfo.com\/#website\"},\"datePublished\":\"2018-11-12T00:31:55+00:00\",\"dateModified\":\"2020-02-19T00:27:05+00:00\",\"description\":\"Wonging is a largely successful blackjack strategy allowing players to enjoy gameplay at the most favorable table counts, at live and online casinos alike.\",\"breadcrumb\":{\"@id\":\"https:\/\/www.blackjackinfo.com\/what-is-wonging-in-blackjack\/#breadcrumb\"},\"inLanguage\":\"fr-FR\",\"potentialAction\":[{\"@type\":\"ReadAction\",\"target\":[\"https:\/\/www.blackjackinfo.com\/what-is-wonging-in-blackjack\/\"]}]},{\"@type\":\"BreadcrumbList\",\"@id\":\"https:\/\/www.blackjackinfo.com\/what-is-wonging-in-blackjack\/#breadcrumb\",\"itemListElement\":[{\"@type\":\"ListItem\",\"position\":1,\"name\":\"Home\",\"item\":\"https:\/\/www.blackjackinfo.com\/\"},{\"@type\":\"ListItem\",\"position\":2,\"name\":\"What is Wonging (in Blackjack) ?\"}]},{\"@type\":\"WebSite\",\"@id\":\"https:\/\/www.blackjackinfo.com\/#website\",\"url\":\"https:\/\/www.blackjackinfo.com\/\",\"name\":\"BlackjackInfo.com\",\"description\":\"Because Winning is More Fun!\",\"potentialAction\":[{\"@type\":\"SearchAction\",\"target\":{\"@type\":\"EntryPoint\",\"urlTemplate\":\"https:\/\/www.blackjackinfo.com\/?s={search_term_string}\"},\"query-input\":{\"@type\":\"PropertyValueSpecification\",\"valueRequired\":true,\"valueName\":\"search_term_string\"}}],\"inLanguage\":\"fr-FR\"}]}<\/script>\n<!-- \/ Yoast SEO plugin. -->","yoast_head_json":{"title":"Qu'est-ce que le Wonging (au Blackjack) ?","description":"Le Wonging est une strat\u00e9gie de blackjack largement couronn\u00e9e de succ\u00e8s qui permet aux joueurs de profiter des tables les plus favorables, que ce soit dans les casinos en ligne ou en direct.","robots":{"index":"index","follow":"follow","max-snippet":"max-snippet:-1","max-image-preview":"max-image-preview:large","max-video-preview":"max-video-preview:-1"},"canonical":"https:\/\/www.blackjackinfo.com\/fr\/quest-ce-que-le-wonging-au-blackjack\/","og_locale":"fr_FR","og_type":"article","og_title":"What is Wonging (in Blackjack) ?","og_description":"Wonging is a largely successful blackjack strategy allowing players to enjoy gameplay at the most favorable table counts, at live and online casinos alike.","og_url":"https:\/\/www.blackjackinfo.com\/fr\/quest-ce-que-le-wonging-au-blackjack\/","og_site_name":"BlackjackInfo.com","article_modified_time":"2020-02-19T00:27:05+00:00","twitter_misc":{"Dur\u00e9e de lecture estim\u00e9e":"5 minutes"},"schema":{"@context":"https:\/\/schema.org","@graph":[{"@type":"WebPage","@id":"https:\/\/www.blackjackinfo.com\/what-is-wonging-in-blackjack\/","url":"https:\/\/www.blackjackinfo.com\/what-is-wonging-in-blackjack\/","name":"Qu'est-ce que le Wonging (au Blackjack) ?","isPartOf":{"@id":"https:\/\/www.blackjackinfo.com\/#website"},"datePublished":"2018-11-12T00:31:55+00:00","dateModified":"2020-02-19T00:27:05+00:00","description":"Le Wonging est une strat\u00e9gie de blackjack largement couronn\u00e9e de succ\u00e8s qui permet aux joueurs de profiter des tables les plus favorables, que ce soit dans les casinos en ligne ou en direct.","breadcrumb":{"@id":"https:\/\/www.blackjackinfo.com\/what-is-wonging-in-blackjack\/#breadcrumb"},"inLanguage":"fr-FR","potentialAction":[{"@type":"ReadAction","target":["https:\/\/www.blackjackinfo.com\/what-is-wonging-in-blackjack\/"]}]},{"@type":"BreadcrumbList","@id":"https:\/\/www.blackjackinfo.com\/what-is-wonging-in-blackjack\/#breadcrumb","itemListElement":[{"@type":"ListItem","position":1,"name":"Home","item":"https:\/\/www.blackjackinfo.com\/"},{"@type":"ListItem","position":2,"name":"What is Wonging (in Blackjack) ?"}]},{"@type":"WebSite","@id":"https:\/\/www.blackjackinfo.com\/#website","url":"https:\/\/www.blackjackinfo.com\/","name":"BlackjackInfo.com","description":"Parce que gagner, c'est plus amusant !","potentialAction":[{"@type":"SearchAction","target":{"@type":"EntryPoint","urlTemplate":"https:\/\/www.blackjackinfo.com\/?s={search_term_string}"},"query-input":{"@type":"PropertyValueSpecification","valueRequired":true,"valueName":"search_term_string"}}],"inLanguage":"fr-FR"}]}},"_links":{"self":[{"href":"https:\/\/www.blackjackinfo.com\/fr\/wp-json\/wp\/v2\/pages\/5052","targetHints":{"allow":["GET"]}}],"collection":[{"href":"https:\/\/www.blackjackinfo.com\/fr\/wp-json\/wp\/v2\/pages"}],"about":[{"href":"https:\/\/www.blackjackinfo.com\/fr\/wp-json\/wp\/v2\/types\/page"}],"author":[{"embeddable":true,"href":"https:\/\/www.blackjackinfo.com\/fr\/wp-json\/wp\/v2\/users\/4"}],"replies":[{"embeddable":true,"href":"https:\/\/www.blackjackinfo.com\/fr\/wp-json\/wp\/v2\/comments?post=5052"}],"version-history":[{"count":6,"href":"https:\/\/www.blackjackinfo.com\/fr\/wp-json\/wp\/v2\/pages\/5052\/revisions"}],"predecessor-version":[{"id":5478,"href":"https:\/\/www.blackjackinfo.com\/fr\/wp-json\/wp\/v2\/pages\/5052\/revisions\/5478"}],"wp:attachment":[{"href":"https:\/\/www.blackjackinfo.com\/fr\/wp-json\/wp\/v2\/media?parent=5052"}],"wp:term":[{"taxonomy":"post_tag","embeddable":true,"href":"https:\/\/www.blackjackinfo.com\/fr\/wp-json\/wp\/v2\/tags?post=5052"}],"curies":[{"name":"wp","href":"https:\/\/api.w.org\/{rel}","templated":true}]}}