{"id":5245,"date":"2019-02-26T11:18:30","date_gmt":"2019-02-26T17:18:30","guid":{"rendered":"https:\/\/www.blackjackinfo.com\/?page_id=5245"},"modified":"2019-05-03T02:05:40","modified_gmt":"2019-05-03T07:05:40","slug":"jeu-de-blackjack-multijoueurs","status":"publish","type":"page","link":"https:\/\/www.blackjackinfo.com\/fr\/online-blackjack\/multiplayer-blackjack-game\/","title":{"rendered":"Jeu de Blackjack multijoueurs"},"content":{"rendered":"<p>Ce jeu de blackjack gratuit est une excellente source de divertissement gratuit o\u00f9 vous pouvez vous entra\u00eener et apprendre le jeu avant d'opter pour le jeu de blackjack. <a href=\"https:\/\/www.blackjackinfo.com\/online-blackjack\/\">blackjack en argent r\u00e9el<\/a> version. <\/p>\n\n\n\n<p>Mais vous\nde jouer au blackjack multijoueur en ligne pour vous entra\u00eener \u00e0 votre jeu r\u00e9el.\npour vous entra\u00eener \u00e0 votre jeu r\u00e9el, c'est un excellent jeu \u00e0 jouer \u00e0 tout moment. Le jeu est facile \u00e0\nLe jeu est facile \u00e0 apprendre et facile \u00e0 jouer \u00e0 la maison ou m\u00eame sur votre appareil mobile.<\/p>\n\n\n\n<h2 class=\"wp-block-heading\">Disposition de la table de blackjack multijoueur en ligne<\/h2>\n\n\n\n<p>Apprendre \u00e0\nLa connaissance de la disposition de la table de blackjack multijoueur est tr\u00e8s importante pour comprendre le fonctionnement du jeu et pour appr\u00e9cier le plaisir de jouer.\ncompr\u00e9hension du fonctionnement du jeu, ainsi que pour votre plaisir de jouer.\njeu. <\/p>\n\n\n\n<p>Jusqu'\u00e0 cinq\njoueurs peuvent s'asseoir \u00e0 la fois \u00e0 la table virtuelle, chacun disposant de sa propre\no\u00f9 ils peuvent placer leurs jetons et recevoir leurs cartes. En bas de l'\u00e9cran\nen bas de l'\u00e9cran se trouve une s\u00e9rie de tailles de jetons, allant du minimum de la table \u00e0 1, 5, 10, 20 et 50 jetons,\n20 et 50 jetons. <\/p>\n\n\n\n<p>Un simple bouton\nvous permet de placer rapidement et facilement votre mise dans la case correspondante.\nsur la case correspondante. La position du croupier de blackjack se trouve en haut au centre de l'\u00e9cran.\ncentre de l'\u00e9cran, et les cartes sont distribu\u00e9es \u00e0 partir d'un sabot situ\u00e9 en haut \u00e0 droite de l'\u00e9cran.\nen haut \u00e0 droite de l'\u00e9cran. <\/p>\n\n\n\n<h2 class=\"wp-block-heading\">L'objectif du Blackjack<\/h2>\n\n\n\n<p>Les <a href=\"https:\/\/www.blackjackinfo.com\/blackjack-rules\/\">objectif du blackjack<\/a> est assez simple \u00e0 comprendre. Chaque joueur joue contre le croupier du blackjack en tant qu'individu, et non pas l'un contre l'autre comme au poker. L'id\u00e9e est d'obtenir un score de 21 ou de s'en approcher le plus possible sans d\u00e9passer ce score (appel\u00e9 bust). L'objectif est \u00e9galement de battre le croupier, soit en r\u00e9alisant un blackjack, soit en faisant perdre le croupier. <\/p>\n\n\n\n<h2 class=\"wp-block-heading\">Comment jouer au Blackjack multijoueurs gratuit en ligne ?<\/h2>\n\n\n\n<p>Jouer\nblackjack multijoueur en ligne est facile et, m\u00eame si vous n'avez jamais jou\u00e9 au blackjack\navant, il vous suffit de suivre les \u00e9tapes suivantes.<\/p>\n\n\n\n<h3 class=\"wp-block-heading\">Premi\u00e8re \u00e9tape : s'asseoir<\/h3>\n\n\n\n<p>Il vous suffit de cliquer sur l'une des cases du joueur sur le bouton \"S'asseoir\". Cr\u00e9ez rapidement un nom d'utilisateur et pr\u00e9parez-vous \u00e0 placer votre premi\u00e8re mise. <\/p>\n\n\n\n<h3 class=\"wp-block-heading\">\u00c9tape 2 : Placez votre mise<\/h3>\n\n\n\n<p>Si vous jouez gratuitement, vous verrez que le jeu vous a d\u00e9j\u00e0 allou\u00e9 un bankroll affich\u00e9 dans le coin sup\u00e9rieur droit de l'\u00e9cran. Gardez un \u0153il sur ce chiffre car il fluctuera en fonction de vos gains ou de vos pertes. <\/p>\n\n\n\n<p>Ensuite, d\u00e9cidez du montant que vous souhaitez miser en s\u00e9lectionnant la taille de jeton appropri\u00e9e en bas de votre \u00e9cran. Une fois ce choix effectu\u00e9, un nouveau bouton \"Pr\u00eat\" appara\u00eet. Cliquez sur ce bouton pour placer votre mise. Vous remarquerez une fen\u00eatre de compte \u00e0 rebours qui vous donne une limite de temps pour placer votre mise. Si vous n'avez pas plac\u00e9 votre mise \u00e0 la fin du compte \u00e0 rebours, votre pari sera annul\u00e9 et vous devrez recommencer.<\/p>\n\n\n\n<h3 class=\"wp-block-heading\">Troisi\u00e8me \u00e9tape : Jouer sa main<\/h3>\n\n\n\n<p>Une fois que vous avez\ncliqu\u00e9 sur le bouton \"pr\u00eat\", le croupier vous remettra vos deux premi\u00e8res cartes.\nUne nouvelle fen\u00eatre s'affiche et vous propose trois options :<\/p>\n\n\n\n<ul class=\"wp-block-list\"><li>Touch\u00e9 = Recevoir une autre carte<\/li><li>Double = Doublez votre mise et recevez\nune autre carte<\/li><li>Stand = Aucune carte suppl\u00e9mentaire n'est\najout\u00e9es \u00e0 votre main actuelle<\/li><\/ul>\n\n\n\n<p>L\u00e0 encore, vous disposerez d'un compte \u00e0 rebours pour prendre votre d\u00e9cision. C'est ici que la connaissance d'un peu de <a href=\"https:\/\/www.blackjackinfo.com\/blackjack-basic-strategy-engine\/\">strat\u00e9gie de base du blackjack<\/a> vous sera utile car il vous permet de faire le meilleur choix en fonction de la carte visible du croupier.<\/p>\n\n\n\n<h3 class=\"wp-block-heading\">Quatri\u00e8me \u00e9tape : Options de paris suppl\u00e9mentaires<\/h3>\n\n\n\n<p>En fonction\nEn fonction de vos deux premi\u00e8res cartes, le croupier vous offrira des options de mise suppl\u00e9mentaires.\nsuppl\u00e9mentaires. Ces options sont les suivantes :<\/p>\n\n\n\n<ul class=\"wp-block-list\"><li>Split = Si vos deux premi\u00e8res cartes sont\nde la m\u00eame valeur, comme deux 8 ou deux As, etc. Vous pouvez alors\ndiviser votre main en deux paris distincts, chacun avec une mise \u00e9quivalente. Le croupier\nLe croupier jouera alors chaque main s\u00e9par\u00e9ment, en vous demandant de faire des choix pour chacune d'entre elles en fonction des options de mise standard.\nsur la base des options de mise standard. <\/li><li>Assurance = Parfois, le croupier\nvous demandera si vous voulez prendre une assurance sur certaines mains, g\u00e9n\u00e9ralement lorsque la carte du croupier est un as.\nlorsque la carte visible du croupier est un as. L'assurance vous rembourse la moiti\u00e9 de votre\nsur un pari perdant. <\/li><\/ul>","protected":false},"excerpt":{"rendered":"<p>This free blackjack game is a great free source of entertainment where you can enjoy practicing and learning the game prior to opting for the real money blackjack version. But you don\u2019t just have to play online multiplayer blackjack as a way to practice for your real game, this is a great game to play [&hellip;]<\/p>\n","protected":false},"author":4,"featured_media":0,"parent":1928,"menu_order":0,"comment_status":"open","ping_status":"closed","template":"page-multiplayer-blackjack.php","meta":{"_acf_changed":false,"footnotes":""},"tags":[],"class_list":["post-5245","page","type-page","status-publish","hentry"],"acf":[],"yoast_head":"<!-- This site is optimized with the Yoast SEO plugin v26.6 - https:\/\/yoast.com\/wordpress\/plugins\/seo\/ -->\n<title>Free Online Multiplayer Blackjack Game - Up to 5 Players at Once<\/title>\n<meta name=\"description\" content=\"Fancy a game of blackjack? Try our multiplayer version where you get to play alongisde 4 other players!\" \/>\n<meta name=\"robots\" content=\"index, follow, max-snippet:-1, max-image-preview:large, max-video-preview:-1\" \/>\n<link rel=\"canonical\" href=\"https:\/\/www.blackjackinfo.com\/fr\/blackjack-en-ligne\/jeu-de-blackjack-multijoueurs\/\" \/>\n<meta property=\"og:locale\" content=\"fr_FR\" \/>\n<meta property=\"og:type\" content=\"article\" \/>\n<meta property=\"og:title\" content=\"Free Online Multiplayer Blackjack Game - Up to 5 Players at Once\" \/>\n<meta property=\"og:description\" content=\"Fancy a game of blackjack? Try our multiplayer version where you get to play alongisde 4 other players!\" \/>\n<meta property=\"og:url\" content=\"https:\/\/www.blackjackinfo.com\/fr\/blackjack-en-ligne\/jeu-de-blackjack-multijoueurs\/\" \/>\n<meta property=\"og:site_name\" content=\"BlackjackInfo.com\" \/>\n<meta property=\"article:modified_time\" content=\"2019-05-03T07:05:40+00:00\" \/>\n<meta name=\"twitter:label1\" content=\"Dur\u00e9e de lecture estim\u00e9e\" \/>\n\t<meta name=\"twitter:data1\" content=\"3 minutes\" \/>\n<script type=\"application\/ld+json\" class=\"yoast-schema-graph\">{\"@context\":\"https:\/\/schema.org\",\"@graph\":[{\"@type\":\"WebPage\",\"@id\":\"https:\/\/www.blackjackinfo.com\/online-blackjack\/multiplayer-blackjack-game\/\",\"url\":\"https:\/\/www.blackjackinfo.com\/online-blackjack\/multiplayer-blackjack-game\/\",\"name\":\"Free Online Multiplayer Blackjack Game - Up to 5 Players at Once\",\"isPartOf\":{\"@id\":\"https:\/\/www.blackjackinfo.com\/#website\"},\"datePublished\":\"2019-02-26T17:18:30+00:00\",\"dateModified\":\"2019-05-03T07:05:40+00:00\",\"description\":\"Fancy a game of blackjack? Try our multiplayer version where you get to play alongisde 4 other players!\",\"breadcrumb\":{\"@id\":\"https:\/\/www.blackjackinfo.com\/online-blackjack\/multiplayer-blackjack-game\/#breadcrumb\"},\"inLanguage\":\"fr-FR\",\"potentialAction\":[{\"@type\":\"ReadAction\",\"target\":[\"https:\/\/www.blackjackinfo.com\/online-blackjack\/multiplayer-blackjack-game\/\"]}]},{\"@type\":\"BreadcrumbList\",\"@id\":\"https:\/\/www.blackjackinfo.com\/online-blackjack\/multiplayer-blackjack-game\/#breadcrumb\",\"itemListElement\":[{\"@type\":\"ListItem\",\"position\":1,\"name\":\"Home\",\"item\":\"https:\/\/www.blackjackinfo.com\/\"},{\"@type\":\"ListItem\",\"position\":2,\"name\":\"Online Blackjack for Real Money\",\"item\":\"https:\/\/www.blackjackinfo.com\/online-blackjack\/\"},{\"@type\":\"ListItem\",\"position\":3,\"name\":\"Multiplayer Blackjack Game\"}]},{\"@type\":\"WebSite\",\"@id\":\"https:\/\/www.blackjackinfo.com\/#website\",\"url\":\"https:\/\/www.blackjackinfo.com\/\",\"name\":\"BlackjackInfo.com\",\"description\":\"Because Winning is More Fun!\",\"potentialAction\":[{\"@type\":\"SearchAction\",\"target\":{\"@type\":\"EntryPoint\",\"urlTemplate\":\"https:\/\/www.blackjackinfo.com\/?s={search_term_string}\"},\"query-input\":{\"@type\":\"PropertyValueSpecification\",\"valueRequired\":true,\"valueName\":\"search_term_string\"}}],\"inLanguage\":\"fr-FR\"}]}<\/script>\n<!-- \/ Yoast SEO plugin. -->","yoast_head_json":{"title":"Jeu de Blackjack multijoueurs gratuit en ligne - jusqu'\u00e0 5 joueurs en m\u00eame temps","description":"Envie d'une partie de blackjack ? Essayez notre version multijoueur o\u00f9 vous pouvez jouer avec 4 autres joueurs !","robots":{"index":"index","follow":"follow","max-snippet":"max-snippet:-1","max-image-preview":"max-image-preview:large","max-video-preview":"max-video-preview:-1"},"canonical":"https:\/\/www.blackjackinfo.com\/fr\/blackjack-en-ligne\/jeu-de-blackjack-multijoueurs\/","og_locale":"fr_FR","og_type":"article","og_title":"Free Online Multiplayer Blackjack Game - Up to 5 Players at Once","og_description":"Fancy a game of blackjack? Try our multiplayer version where you get to play alongisde 4 other players!","og_url":"https:\/\/www.blackjackinfo.com\/fr\/blackjack-en-ligne\/jeu-de-blackjack-multijoueurs\/","og_site_name":"BlackjackInfo.com","article_modified_time":"2019-05-03T07:05:40+00:00","twitter_misc":{"Dur\u00e9e de lecture estim\u00e9e":"3 minutes"},"schema":{"@context":"https:\/\/schema.org","@graph":[{"@type":"WebPage","@id":"https:\/\/www.blackjackinfo.com\/online-blackjack\/multiplayer-blackjack-game\/","url":"https:\/\/www.blackjackinfo.com\/online-blackjack\/multiplayer-blackjack-game\/","name":"Jeu de Blackjack multijoueurs gratuit en ligne - jusqu'\u00e0 5 joueurs en m\u00eame temps","isPartOf":{"@id":"https:\/\/www.blackjackinfo.com\/#website"},"datePublished":"2019-02-26T17:18:30+00:00","dateModified":"2019-05-03T07:05:40+00:00","description":"Envie d'une partie de blackjack ? Essayez notre version multijoueur o\u00f9 vous pouvez jouer avec 4 autres joueurs !","breadcrumb":{"@id":"https:\/\/www.blackjackinfo.com\/online-blackjack\/multiplayer-blackjack-game\/#breadcrumb"},"inLanguage":"fr-FR","potentialAction":[{"@type":"ReadAction","target":["https:\/\/www.blackjackinfo.com\/online-blackjack\/multiplayer-blackjack-game\/"]}]},{"@type":"BreadcrumbList","@id":"https:\/\/www.blackjackinfo.com\/online-blackjack\/multiplayer-blackjack-game\/#breadcrumb","itemListElement":[{"@type":"ListItem","position":1,"name":"Home","item":"https:\/\/www.blackjackinfo.com\/"},{"@type":"ListItem","position":2,"name":"Online Blackjack for Real Money","item":"https:\/\/www.blackjackinfo.com\/online-blackjack\/"},{"@type":"ListItem","position":3,"name":"Multiplayer Blackjack Game"}]},{"@type":"WebSite","@id":"https:\/\/www.blackjackinfo.com\/#website","url":"https:\/\/www.blackjackinfo.com\/","name":"BlackjackInfo.com","description":"Parce que gagner, c'est plus amusant !","potentialAction":[{"@type":"SearchAction","target":{"@type":"EntryPoint","urlTemplate":"https:\/\/www.blackjackinfo.com\/?s={search_term_string}"},"query-input":{"@type":"PropertyValueSpecification","valueRequired":true,"valueName":"search_term_string"}}],"inLanguage":"fr-FR"}]}},"_links":{"self":[{"href":"https:\/\/www.blackjackinfo.com\/fr\/wp-json\/wp\/v2\/pages\/5245","targetHints":{"allow":["GET"]}}],"collection":[{"href":"https:\/\/www.blackjackinfo.com\/fr\/wp-json\/wp\/v2\/pages"}],"about":[{"href":"https:\/\/www.blackjackinfo.com\/fr\/wp-json\/wp\/v2\/types\/page"}],"author":[{"embeddable":true,"href":"https:\/\/www.blackjackinfo.com\/fr\/wp-json\/wp\/v2\/users\/4"}],"replies":[{"embeddable":true,"href":"https:\/\/www.blackjackinfo.com\/fr\/wp-json\/wp\/v2\/comments?post=5245"}],"version-history":[{"count":12,"href":"https:\/\/www.blackjackinfo.com\/fr\/wp-json\/wp\/v2\/pages\/5245\/revisions"}],"predecessor-version":[{"id":5344,"href":"https:\/\/www.blackjackinfo.com\/fr\/wp-json\/wp\/v2\/pages\/5245\/revisions\/5344"}],"up":[{"embeddable":true,"href":"https:\/\/www.blackjackinfo.com\/fr\/wp-json\/wp\/v2\/pages\/1928"}],"wp:attachment":[{"href":"https:\/\/www.blackjackinfo.com\/fr\/wp-json\/wp\/v2\/media?parent=5245"}],"wp:term":[{"taxonomy":"post_tag","embeddable":true,"href":"https:\/\/www.blackjackinfo.com\/fr\/wp-json\/wp\/v2\/tags?post=5245"}],"curies":[{"name":"wp","href":"https:\/\/api.w.org\/{rel}","templated":true}]}}