{"id":5641,"date":"2020-06-18T03:05:45","date_gmt":"2020-06-18T08:05:45","guid":{"rendered":"https:\/\/www.blackjackinfo.com\/?page_id=5641"},"modified":"2025-01-28T02:03:52","modified_gmt":"2025-01-28T08:03:52","slug":"les-casinos-en-ligne-sont-ils-truques","status":"publish","type":"page","link":"https:\/\/www.blackjackinfo.com\/fr\/are-online-casinos-rigged\/","title":{"rendered":"Les casinos en ligne sont-ils truqu\u00e9s ?"},"content":{"rendered":"<p>Il est tout \u00e0 fait naturel d'\u00eatre anxieux avant de rejoindre votre premier casino en ligne. Apr\u00e8s tout, vous devrez effectuer un d\u00e9p\u00f4t en argent r\u00e9el sur une plateforme en ligne et lui confier vos fonds. Si vous vous demandez si les casinos en ligne sont truqu\u00e9s, nous allons vous donner une r\u00e9ponse courte et longue \u00e0 cette question. <strong>En bref, non, ils ne le sont pas, tant que vous vous en tenez \u00e0 ceux qui sont agr\u00e9\u00e9s et r\u00e9glement\u00e9s.<\/strong><\/p>\n<p>Si cela ne vous convainc pas, lisez cet article pour en savoir plus sur les diff\u00e9rentes fa\u00e7ons dont les casinos en ligne peuvent \u00eatre truqu\u00e9s et sur la mani\u00e8re de rester \u00e0 l'\u00e9cart de ces plateformes.<\/p>\n<h2>Comment un casino en ligne peut-il \u00eatre truqu\u00e9 ?<\/h2>\n<p>Il existe de nombreuses fa\u00e7ons de truquer un casino en ligne. Pour faire simple, tous les jeux de casino auxquels vous jouez en ligne utilisent un logiciel sous-jacent sophistiqu\u00e9. Les d\u00e9veloppeurs qui travaillent pour des casinos en ligne et des fournisseurs de contenu r\u00e9put\u00e9s veillent \u00e0 \u00e9crire un code qui ne puisse pas \u00eatre modifi\u00e9.<\/p>\n<p>Pour truquer un jeu de casino en ligne, il suffit de modifier son code de mani\u00e8re \u00e0 ce que le jeu ne soit plus \u00e9quitable. Les casinos en ligne truqu\u00e9s proposent g\u00e9n\u00e9ralement des jeux identiques \u00e0 ceux des casinos \u00e9quitables et agr\u00e9\u00e9s, \u00e0 la seule diff\u00e9rence que vous n'avez pas vraiment la possibilit\u00e9 de gagner de l'argent. En d'autres termes, vous payez sans rien recevoir en retour.<\/p>\n<p>La probabilit\u00e9 de gagner un prix dans un casino truqu\u00e9 est g\u00e9n\u00e9ralement beaucoup plus faible en raison des faibles pourcentages RTP.<\/p>\n<h3>Abaisser le RTP<\/h3>\n<p>Le RTP est l'abr\u00e9viation de Return to Player (retour au joueur) et c'est un chiffre qui indique combien d'argent est retourn\u00e9 aux joueurs lorsqu'ils font des paris. Si le RTP est de 95%, les joueurs devraient recevoir $95 pour chaque $100 qu'ils investissent dans les machines \u00e0 sous en ligne. Les casinos en ligne et les d\u00e9veloppeurs prendront les $5 restants comme b\u00e9n\u00e9fice. Naturellement, certains joueurs seront plus chanceux que d'autres et gagneront des prix plus importants, tandis que les moins chanceux repartiront les mains vides.<\/p>\n<p>N\u00e9anmoins, la distribution globale des prix est telle que les casinos ne devraient prendre qu'une petite partie de l'argent investi et distribuer le reste aux joueurs.<\/p>\n<p>Les casinos truqu\u00e9s abaissent souvent le RTP \u00e0 un point tel qu'il n'est pas rentable de jouer. Si le RTP est faible, le casino prendra la majeure partie de l'argent que vous investissez et vos chances de gagner un prix seront extr\u00eamement faibles.<\/p>\n<p>Comment ces casinos fixent-ils le RTP ? La r\u00e9ponse est simple : ils modifient le code et n'incluent pas le RNG.<\/p>\n<h3>Le RNG ne fonctionne pas dans les casinos truqu\u00e9s<\/h3>\n<p>Tous les jeux de hasard disponibles dans les casinos en ligne doivent \u00eatre dot\u00e9s d'un g\u00e9n\u00e9rateur de nombres al\u00e9atoires (RNG). Il s'agit d'un \u00e9l\u00e9ment de code inclus dans les jeux de casino qui garantit qu'ils sont r\u00e9ellement al\u00e9atoires.<\/p>\n<p>Pour expliquer davantage le RNG, nous devons d'abord vous poser la question suivante : <em>Comment fonctionne la chance ?<\/em><\/p>\n<p>Personne ne le sait. C'est un myst\u00e8re complet pour nous. La seule r\u00e9ponse l\u00e9gitime est de dire que la chance est un produit de l'univers al\u00e9atoire. Certaines personnes sont plus chanceuses que d'autres lorsqu'elles jouent au casino. On peut consid\u00e9rer le r\u00e9sultat des jeux de hasard comme une fa\u00e7on de mesurer la chance d'une personne.<\/p>\n<p>Mais comment savoir si les jeux sont al\u00e9atoires ? La r\u00e9ponse est le RNG. Les d\u00e9veloppeurs ont mis au point un programme qui produit toujours des r\u00e9sultats enti\u00e8rement al\u00e9atoires dans les jeux. Par cons\u00e9quent, une fois qu'ils ont d\u00e9fini les param\u00e8tres et ins\u00e9r\u00e9 le RNG dans le jeu, vous pouvez \u00eatre certain qu'il n'y a personne de l'autre c\u00f4t\u00e9 qui ajuste le r\u00e9sultat - \u00e0 moins que vous ne jouiez dans un casino truqu\u00e9.<\/p>\n<p>Les jeux des casinos truqu\u00e9s ne sont pas al\u00e9atoires car ils ne disposent pas de l'un des \u00e9l\u00e9ments essentiels du logiciel, \u00e0 savoir le g\u00e9n\u00e9rateur de nombres al\u00e9atoires.<\/p>\n<h2>Comment puis-je m'assurer que le casino est digne de confiance ?<\/h2>\n<p>L'un des moyens les plus s\u00fbrs de s'assurer qu'un casino n'est pas truqu\u00e9 est de faire des recherches sur Internet et de trouver des informations suppl\u00e9mentaires sur la plateforme. De nombreuses revues professionnelles vous informeront de tous les inconv\u00e9nients et d\u00e9savantages li\u00e9s \u00e0 la plateforme que vous souhaitez rejoindre.<\/p>\n<p>Vous pouvez \u00e9galement consulter les avis d'utilisateurs sur des sites sp\u00e9cifiques et obtenir plus d'informations sur leur fiabilit\u00e9. Veuillez noter que les utilisateurs laissent parfois des avis n\u00e9gatifs sur les casinos et les qualifient de truqu\u00e9s simplement parce qu'ils n'ont pas eu assez de chance. Cependant, si tous les avis d'utilisateurs s'accordent \u00e0 dire qu'un certain casino est truqu\u00e9, vous devriez certainement y r\u00e9fl\u00e9chir \u00e0 deux fois avant d'ouvrir un compte.<\/p>\n<p>L'avantage du secteur des jeux d'argent en ligne est que les plateformes truqu\u00e9es ont une dur\u00e9e de vie courte. En d'autres termes, si quelqu'un prouve qu'elles sont truqu\u00e9es, d'autres joueurs trouveront cette information assez rapidement. Ces sites sont g\u00e9n\u00e9ralement ajout\u00e9s \u00e0 des listes noires sur l'ensemble du web et les joueurs commencent \u00e0 les \u00e9viter imm\u00e9diatement. Une fois d\u00e9masqu\u00e9s, les casinos en ligne truqu\u00e9s cessent d'op\u00e9rer car ils ne sont plus en mesure d'escroquer les joueurs.<\/p>\n<p>Il convient toutefois de rester prudent, car les escrocs en ligne n'abandonnent pas facilement. Si leur plateforme truqu\u00e9e est ferm\u00e9e, ils n'h\u00e9sitent souvent pas \u00e0 recommencer tout le processus et \u00e0 inciter les nouveaux venus \u00e0 leur donner de l'argent.<\/p>\n<h3>Des auditeurs ind\u00e9pendants garantissent l'\u00e9quit\u00e9 et la fiabilit\u00e9<\/h3>\n<p>Si un casino en ligne affirme qu'il est \u00e9quitable et digne de confiance, pourquoi devriez-vous lui faire confiance ? Apr\u00e8s tout, il pourrait mentir \u00e0 ce sujet et continuer \u00e0 mener des op\u00e9rations ill\u00e9gales. C'est pourquoi il existe des soci\u00e9t\u00e9s d'audit ind\u00e9pendantes.<\/p>\n<p>Il s'agit g\u00e9n\u00e9ralement de soci\u00e9t\u00e9s r\u00e9put\u00e9es pour leur ind\u00e9pendance et l'honn\u00eatet\u00e9 de leurs rapports. Ils v\u00e9rifient souvent l'\u00e9quit\u00e9 des casinos en ligne et d'autres plateformes de jeu, apr\u00e8s quoi ils publient les r\u00e9sultats. Pour s'assurer de l'\u00e9quit\u00e9 d'un casino, les auditeurs v\u00e9rifient les g\u00e9n\u00e9rateurs de nombres al\u00e9atoires et bien d'autres \u00e9l\u00e9ments qui les aident \u00e0 d\u00e9terminer si un casino est \u00e9quitable et digne de confiance.<\/p>\n<p>Les soci\u00e9t\u00e9s qui sont actuellement consid\u00e9r\u00e9es comme des leaders dans le secteur des jeux d'argent en ligne sont eCogra, GLI et iTechLabs. Si vous trouvez des certificats de ces soci\u00e9t\u00e9s d'audit dans un casino en ligne, vous n'avez pas \u00e0 vous inqui\u00e9ter.<\/p>\n<h2>Quels sont les avantages d'une licence en ligne ?<\/h2>\n<p>Si un casino en ligne ne dispose pas d'une licence d\u00e9livr\u00e9e par un organisme de r\u00e9glementation officiel, nous vous conseillons de ne pas vous en approcher. Il n'est peut-\u00eatre pas truqu\u00e9, mais l'absence de licence n'est pas un bon signe. Les fournisseurs de licences r\u00e9put\u00e9s ne compromettront jamais leur r\u00e9putation en accordant une licence \u00e0 un casino truqu\u00e9. Bien s\u00fbr, certains casinos deviennent truqu\u00e9s avec le temps, mais d\u00e8s que les r\u00e9gulateurs le d\u00e9couvrent, ils r\u00e9voquent leurs licences pour cette plateforme.<\/p>\n<p>Qui sont ces r\u00e9gulateurs ? Dans la plupart des cas, il s'agit de commissions officielles qui d\u00e9cident de l'octroi d'une licence. Au Royaume-Uni, par exemple, l'autorit\u00e9 de r\u00e9gulation des jeux la plus connue est la United Kingdom Gambling Commission (Commission des jeux du Royaume-Uni). Les casinos titulaires d'une licence d\u00e9livr\u00e9e par l'UKGC doivent passer un test strict pour s'assurer qu'aucune op\u00e9ration ill\u00e9gale n'a lieu.<\/p>\n<p>Il existe \u00e9galement quelques r\u00e9gulateurs \"mondiaux\" qui octroient des licences aux plateformes de jeux en ligne, comme la Malta Gaming Authority (MGA), tr\u00e8s respect\u00e9e dans le secteur des jeux en ligne. Par cons\u00e9quent, si vous acc\u00e9dez \u00e0 un site et constatez qu'il est agr\u00e9\u00e9 par la MGA, vous pouvez \u00eatre s\u00fbr que le casino est \u00e9quitable et digne de confiance.<\/p>\n<p>Pour savoir si un casino en ligne poss\u00e8de une licence ou non, vous devez faire d\u00e9filer l'\u00e9cran jusqu'au pied de page du site, o\u00f9 des informations sur les licences sont g\u00e9n\u00e9ralement fournies. Vous pouvez ensuite v\u00e9rifier le num\u00e9ro de licence pour vous assurer que les informations ne sont pas fausses.<\/p>\n<p>Outre les licences, il est \u00e9galement important de v\u00e9rifier qui est le propri\u00e9taire du casino. Les soci\u00e9t\u00e9s qui poss\u00e8dent des casinos en ligne ont soit une bonne, soit une mauvaise r\u00e9putation, et vous ne voulez absolument pas jouer dans des casinos appartenant \u00e0 des soci\u00e9t\u00e9s qui ont l'habitude de g\u00e9rer des casinos sur liste noire.<\/p>\n<h2>Les casinos utilisent des m\u00e9thodes de s\u00e9curit\u00e9 de pointe pour se prot\u00e9ger et prot\u00e9ger leurs utilisateurs<\/h2>\n<p>M\u00eame les casinos en ligne l\u00e9gitimes peuvent \u00eatre truqu\u00e9s s'ils tombent entre de mauvaises mains. Par exemple, ils pourraient subir une cyberattaque et les pirates pourraient truquer les jeux d'une mani\u00e8re ou d'une autre. Heureusement, cela n'arrive pratiquement plus de nos jours.<\/p>\n<p>Tous les casinos en ligne r\u00e9put\u00e9s utilisent des technologies de pointe qui garantissent que personne ne peut alt\u00e9rer les jeux. En outre, ces technologies prot\u00e8gent les utilisateurs, leurs donn\u00e9es sensibles et leurs fonds contre toutes sortes de cyberattaques. Par exemple, chaque casino doit utiliser le cryptage SSL (Secure Socket Layer) pour garantir une communication s\u00e9curis\u00e9e.<\/p>\n<h2>Conclusion - Faites des recherches avant de vous inscrire<\/h2>\n<p>Nous vivons \u00e0 une \u00e9poque o\u00f9 les informations circulent vite, c'est pourquoi il est assez facile de rep\u00e9rer un casino en ligne truqu\u00e9. Ils ne disposent d'aucune mesure de s\u00e9curit\u00e9, d'aucune licence, d'aucun RNG et de bien d'autres \u00e9l\u00e9ments n\u00e9cessaires \u00e0 leur bon fonctionnement.<\/p>\n<p>Cependant, les casinos sophistiqu\u00e9s et truqu\u00e9s sont assez faciles \u00e0 d\u00e9masquer, et c'est pourquoi nous vous conseillons vivement d'explorer le site avant de le rejoindre. Si vous n'\u00eates toujours pas s\u00fbr de vous, n'h\u00e9sitez pas \u00e0 lire les commentaires des experts et des utilisateurs de casinos. Ils vous fourniront des informations vitales sur le site que vous envisagez de rejoindre, et vous indiqueront s'il est truqu\u00e9 ou non.<\/p>\n<h2>Articles connexes<\/h2>\n<ul>\n<li><a href=\"https:\/\/www.blackjackinfo.com\/us\/\">Casinos en ligne aux \u00c9tats-Unis<\/a><\/li>\n<li><a href=\"https:\/\/www.blackjackinfo.com\/us\/us-offshore-online-casinos\/\">Les casinos offshore am\u00e9ricains expliqu\u00e9s<\/a><\/li>\n<li><a href=\"https:\/\/www.blackjackinfo.com\/online-blackjack\/is-online-blackjack-rigged\/\">Le blackjack en ligne est-il truqu\u00e9 ?<\/a><\/li>\n<\/ul>","protected":false},"excerpt":{"rendered":"<p>It\u2019s completely natural to be anxious before joining your first online casino. After all, you\u2019ll have to make a real-money deposit on an online platform and trust it with your funds. If you are wondering whether online casinos are rigged, we\u2019ll provide both a short and a long answer to that question. The short one [&hellip;]<\/p>\n","protected":false},"author":4,"featured_media":8100,"parent":0,"menu_order":0,"comment_status":"closed","ping_status":"closed","template":"","meta":{"_acf_changed":false,"footnotes":""},"tags":[1796],"class_list":["post-5641","page","type-page","status-publish","has-post-thumbnail","hentry","tag-rigged"],"acf":[],"yoast_head":"<!-- This site is optimized with the Yoast SEO plugin v26.6 - https:\/\/yoast.com\/wordpress\/plugins\/seo\/ -->\n<title>Are Online Casinos Rigged?<\/title>\n<meta name=\"description\" content=\"It\u2019s completely natural to be anxious before joining your first online casino. After all, you\u2019ll have to make a real-money deposit on an online platform\" \/>\n<meta name=\"robots\" content=\"index, follow, max-snippet:-1, max-image-preview:large, max-video-preview:-1\" \/>\n<link rel=\"canonical\" href=\"https:\/\/www.blackjackinfo.com\/fr\/les-casinos-en-ligne-sont-ils-truques\/\" \/>\n<meta property=\"og:locale\" content=\"fr_FR\" \/>\n<meta property=\"og:type\" content=\"article\" \/>\n<meta property=\"og:title\" content=\"Are Online Casinos Rigged?\" \/>\n<meta property=\"og:description\" content=\"It\u2019s completely natural to be anxious before joining your first online casino. After all, you\u2019ll have to make a real-money deposit on an online platform\" \/>\n<meta property=\"og:url\" content=\"https:\/\/www.blackjackinfo.com\/fr\/les-casinos-en-ligne-sont-ils-truques\/\" \/>\n<meta property=\"og:site_name\" content=\"BlackjackInfo.com\" \/>\n<meta property=\"article:modified_time\" content=\"2025-01-28T08:03:52+00:00\" \/>\n<meta property=\"og:image\" content=\"https:\/\/www.blackjackinfo.com\/files\/img-eVXoX85a9EuqRqe2lnHFc.jpeg\" \/>\n\t<meta property=\"og:image:width\" content=\"1536\" \/>\n\t<meta property=\"og:image:height\" content=\"1536\" \/>\n\t<meta property=\"og:image:type\" content=\"image\/jpeg\" \/>\n<meta name=\"twitter:label1\" content=\"Dur\u00e9e de lecture estim\u00e9e\" \/>\n\t<meta name=\"twitter:data1\" content=\"7 minutes\" \/>\n<script type=\"application\/ld+json\" class=\"yoast-schema-graph\">{\"@context\":\"https:\/\/schema.org\",\"@graph\":[{\"@type\":\"WebPage\",\"@id\":\"https:\/\/www.blackjackinfo.com\/are-online-casinos-rigged\/\",\"url\":\"https:\/\/www.blackjackinfo.com\/are-online-casinos-rigged\/\",\"name\":\"Are Online Casinos Rigged?\",\"isPartOf\":{\"@id\":\"https:\/\/www.blackjackinfo.com\/#website\"},\"primaryImageOfPage\":{\"@id\":\"https:\/\/www.blackjackinfo.com\/are-online-casinos-rigged\/#primaryimage\"},\"image\":{\"@id\":\"https:\/\/www.blackjackinfo.com\/are-online-casinos-rigged\/#primaryimage\"},\"thumbnailUrl\":\"https:\/\/www.blackjackinfo.com\/files\/img-eVXoX85a9EuqRqe2lnHFc.jpeg\",\"datePublished\":\"2020-06-18T08:05:45+00:00\",\"dateModified\":\"2025-01-28T08:03:52+00:00\",\"description\":\"It\u2019s completely natural to be anxious before joining your first online casino. After all, you\u2019ll have to make a real-money deposit on an online platform\",\"breadcrumb\":{\"@id\":\"https:\/\/www.blackjackinfo.com\/are-online-casinos-rigged\/#breadcrumb\"},\"inLanguage\":\"fr-FR\",\"potentialAction\":[{\"@type\":\"ReadAction\",\"target\":[\"https:\/\/www.blackjackinfo.com\/are-online-casinos-rigged\/\"]}]},{\"@type\":\"ImageObject\",\"inLanguage\":\"fr-FR\",\"@id\":\"https:\/\/www.blackjackinfo.com\/are-online-casinos-rigged\/#primaryimage\",\"url\":\"https:\/\/www.blackjackinfo.com\/files\/img-eVXoX85a9EuqRqe2lnHFc.jpeg\",\"contentUrl\":\"https:\/\/www.blackjackinfo.com\/files\/img-eVXoX85a9EuqRqe2lnHFc.jpeg\",\"width\":1536,\"height\":1536},{\"@type\":\"BreadcrumbList\",\"@id\":\"https:\/\/www.blackjackinfo.com\/are-online-casinos-rigged\/#breadcrumb\",\"itemListElement\":[{\"@type\":\"ListItem\",\"position\":1,\"name\":\"Home\",\"item\":\"https:\/\/www.blackjackinfo.com\/\"},{\"@type\":\"ListItem\",\"position\":2,\"name\":\"Are Online Casinos Rigged?\"}]},{\"@type\":\"WebSite\",\"@id\":\"https:\/\/www.blackjackinfo.com\/#website\",\"url\":\"https:\/\/www.blackjackinfo.com\/\",\"name\":\"BlackjackInfo.com\",\"description\":\"Because Winning is More Fun!\",\"potentialAction\":[{\"@type\":\"SearchAction\",\"target\":{\"@type\":\"EntryPoint\",\"urlTemplate\":\"https:\/\/www.blackjackinfo.com\/?s={search_term_string}\"},\"query-input\":{\"@type\":\"PropertyValueSpecification\",\"valueRequired\":true,\"valueName\":\"search_term_string\"}}],\"inLanguage\":\"fr-FR\"}]}<\/script>\n<!-- \/ Yoast SEO plugin. -->","yoast_head_json":{"title":"Les casinos en ligne sont-ils truqu\u00e9s ?","description":"Il est tout \u00e0 fait naturel d'\u00eatre anxieux avant de rejoindre votre premier casino en ligne. Apr\u00e8s tout, vous devrez effectuer un d\u00e9p\u00f4t d'argent r\u00e9el sur une plateforme en ligne","robots":{"index":"index","follow":"follow","max-snippet":"max-snippet:-1","max-image-preview":"max-image-preview:large","max-video-preview":"max-video-preview:-1"},"canonical":"https:\/\/www.blackjackinfo.com\/fr\/les-casinos-en-ligne-sont-ils-truques\/","og_locale":"fr_FR","og_type":"article","og_title":"Are Online Casinos Rigged?","og_description":"It\u2019s completely natural to be anxious before joining your first online casino. After all, you\u2019ll have to make a real-money deposit on an online platform","og_url":"https:\/\/www.blackjackinfo.com\/fr\/les-casinos-en-ligne-sont-ils-truques\/","og_site_name":"BlackjackInfo.com","article_modified_time":"2025-01-28T08:03:52+00:00","og_image":[{"width":1536,"height":1536,"url":"https:\/\/www.blackjackinfo.com\/files\/img-eVXoX85a9EuqRqe2lnHFc.jpeg","type":"image\/jpeg"}],"twitter_misc":{"Dur\u00e9e de lecture estim\u00e9e":"7 minutes"},"schema":{"@context":"https:\/\/schema.org","@graph":[{"@type":"WebPage","@id":"https:\/\/www.blackjackinfo.com\/are-online-casinos-rigged\/","url":"https:\/\/www.blackjackinfo.com\/are-online-casinos-rigged\/","name":"Les casinos en ligne sont-ils truqu\u00e9s ?","isPartOf":{"@id":"https:\/\/www.blackjackinfo.com\/#website"},"primaryImageOfPage":{"@id":"https:\/\/www.blackjackinfo.com\/are-online-casinos-rigged\/#primaryimage"},"image":{"@id":"https:\/\/www.blackjackinfo.com\/are-online-casinos-rigged\/#primaryimage"},"thumbnailUrl":"https:\/\/www.blackjackinfo.com\/files\/img-eVXoX85a9EuqRqe2lnHFc.jpeg","datePublished":"2020-06-18T08:05:45+00:00","dateModified":"2025-01-28T08:03:52+00:00","description":"Il est tout \u00e0 fait naturel d'\u00eatre anxieux avant de rejoindre votre premier casino en ligne. Apr\u00e8s tout, vous devrez effectuer un d\u00e9p\u00f4t d'argent r\u00e9el sur une plateforme en ligne","breadcrumb":{"@id":"https:\/\/www.blackjackinfo.com\/are-online-casinos-rigged\/#breadcrumb"},"inLanguage":"fr-FR","potentialAction":[{"@type":"ReadAction","target":["https:\/\/www.blackjackinfo.com\/are-online-casinos-rigged\/"]}]},{"@type":"ImageObject","inLanguage":"fr-FR","@id":"https:\/\/www.blackjackinfo.com\/are-online-casinos-rigged\/#primaryimage","url":"https:\/\/www.blackjackinfo.com\/files\/img-eVXoX85a9EuqRqe2lnHFc.jpeg","contentUrl":"https:\/\/www.blackjackinfo.com\/files\/img-eVXoX85a9EuqRqe2lnHFc.jpeg","width":1536,"height":1536},{"@type":"BreadcrumbList","@id":"https:\/\/www.blackjackinfo.com\/are-online-casinos-rigged\/#breadcrumb","itemListElement":[{"@type":"ListItem","position":1,"name":"Home","item":"https:\/\/www.blackjackinfo.com\/"},{"@type":"ListItem","position":2,"name":"Are Online Casinos Rigged?"}]},{"@type":"WebSite","@id":"https:\/\/www.blackjackinfo.com\/#website","url":"https:\/\/www.blackjackinfo.com\/","name":"BlackjackInfo.com","description":"Parce que gagner, c'est plus amusant !","potentialAction":[{"@type":"SearchAction","target":{"@type":"EntryPoint","urlTemplate":"https:\/\/www.blackjackinfo.com\/?s={search_term_string}"},"query-input":{"@type":"PropertyValueSpecification","valueRequired":true,"valueName":"search_term_string"}}],"inLanguage":"fr-FR"}]}},"_links":{"self":[{"href":"https:\/\/www.blackjackinfo.com\/fr\/wp-json\/wp\/v2\/pages\/5641","targetHints":{"allow":["GET"]}}],"collection":[{"href":"https:\/\/www.blackjackinfo.com\/fr\/wp-json\/wp\/v2\/pages"}],"about":[{"href":"https:\/\/www.blackjackinfo.com\/fr\/wp-json\/wp\/v2\/types\/page"}],"author":[{"embeddable":true,"href":"https:\/\/www.blackjackinfo.com\/fr\/wp-json\/wp\/v2\/users\/4"}],"replies":[{"embeddable":true,"href":"https:\/\/www.blackjackinfo.com\/fr\/wp-json\/wp\/v2\/comments?post=5641"}],"version-history":[{"count":3,"href":"https:\/\/www.blackjackinfo.com\/fr\/wp-json\/wp\/v2\/pages\/5641\/revisions"}],"predecessor-version":[{"id":5647,"href":"https:\/\/www.blackjackinfo.com\/fr\/wp-json\/wp\/v2\/pages\/5641\/revisions\/5647"}],"wp:featuredmedia":[{"embeddable":true,"href":"https:\/\/www.blackjackinfo.com\/fr\/wp-json\/wp\/v2\/media\/8100"}],"wp:attachment":[{"href":"https:\/\/www.blackjackinfo.com\/fr\/wp-json\/wp\/v2\/media?parent=5641"}],"wp:term":[{"taxonomy":"post_tag","embeddable":true,"href":"https:\/\/www.blackjackinfo.com\/fr\/wp-json\/wp\/v2\/tags?post=5641"}],"curies":[{"name":"wp","href":"https:\/\/api.w.org\/{rel}","templated":true}]}}