{"id":5645,"date":"2020-06-18T03:12:46","date_gmt":"2020-06-18T08:12:46","guid":{"rendered":"https:\/\/www.blackjackinfo.com\/?page_id=5645"},"modified":"2020-06-18T03:12:46","modified_gmt":"2020-06-18T08:12:46","slug":"le-blackjack-en-ligne-est-il-truque","status":"publish","type":"page","link":"https:\/\/www.blackjackinfo.com\/fr\/online-blackjack\/is-online-blackjack-rigged\/","title":{"rendered":"Le Blackjack en ligne est-il truqu\u00e9 ?"},"content":{"rendered":"<p>C'est l'une des questions que se posent de nombreux joueurs de blackjack. Elle est li\u00e9e au probl\u00e8me de longue date de savoir si les casinos en ligne sont truqu\u00e9s ou non. Nous pouvons vous donner une r\u00e9ponse rapide : le blackjack en ligne n'est g\u00e9n\u00e9ralement pas truqu\u00e9, mais il peut l'\u00eatre.<\/p>\n<p>Comme il ne s'agit pas d'une question \u00e0 laquelle nous pouvons simplement r\u00e9pondre et en finir, nous devons encore pr\u00e9ciser ce que cela signifie exactement. Restez avec nous si vous voulez apprendre pourquoi le blackjack en ligne n'est g\u00e9n\u00e9ralement pas truqu\u00e9, et comment il peut l'\u00eatre. Jetons un coup d'\u0153il.<\/p>\n<h2>Les casinos en ligne sont-ils truqu\u00e9s ?<\/h2>\n<p>Avant d'expliquer ce qu'est le blackjack en ligne et si vous devez vous inqui\u00e9ter qu'il soit truqu\u00e9, nous devons parler des endroits o\u00f9 l'on peut jouer au blackjack en ligne - les casinos en ligne.<\/p>\n<p>En toute honn\u00eatet\u00e9, les casinos en ligne peuvent toujours \u00eatre truqu\u00e9s tr\u00e8s facilement. Mais cela ne veut pas dire qu'ils le sont. En outre, la grande majorit\u00e9 d'entre eux ne le sont pas. Et la chose la plus importante \u00e0 comprendre ici est qu'il y a des choses qui garantissent que les casinos en ligne et les jeux qu'ils offrent ne sont pas truqu\u00e9s.<\/p>\n<p>Tout d'abord, les d\u00e9veloppeurs de jeux de casino de qualit\u00e9 ne veulent pas \u00eatre associ\u00e9s \u00e0 des jeux et des casinos truqu\u00e9s. C'est pourquoi ils ne cr\u00e9ent m\u00eame pas de jeux truqu\u00e9s, y compris le blackjack. Tout bon d\u00e9veloppeur cr\u00e9e des jeux de casino int\u00e9grant des g\u00e9n\u00e9rateurs de nombres al\u00e9atoires afin de s'assurer que ce qui se passe dans les jeux est enti\u00e8rement al\u00e9atoire.<\/p>\n<p>Naturellement, tous les jeux de casino sont con\u00e7us pour favoriser l\u00e9g\u00e8rement le casino afin que le site puisse faire des b\u00e9n\u00e9fices. Cependant, cet avantage du casino est toujours tr\u00e8s faible et, quelle que soit son importance, cela ne signifie pas que vous ne pouvez pas gagner gros \u00e0 chaque jeu.<\/p>\n<p>Outre les pr\u00e9cautions prises par les d\u00e9veloppeurs de logiciels eux-m\u00eames, chaque casino en ligne est soumis aux lois du pays dans lequel il op\u00e8re. S'ils sont internationaux, ils sont toujours soumis \u00e0 des r\u00e8gles qui garantissent le fair-play et la s\u00e9curit\u00e9 des joueurs.<\/p>\n<p>De plus, tous les casinos certifi\u00e9s \u00e9quitables d\u00e9tiennent les licences ad\u00e9quates. Les meilleures licences dans le monde des jeux d'argent en ligne sont celles accord\u00e9es par la Malta Gaming Authority (MGA) et la United Kingdom Gambling Commission (UKGC). Ainsi, si un casino poss\u00e8de l'une de ces licences, vous pouvez \u00eatre certain qu'il est \u00e9quitable et qu'il n'est pas plus truqu\u00e9 que la vie elle-m\u00eame !<\/p>\n<p>Il est important de mentionner que de nombreux casinos en ligne autorisent des auditeurs ind\u00e9pendants \u00e0 v\u00e9rifier occasionnellement leur niveau d'\u00e9quit\u00e9 et d'honn\u00eatet\u00e9.<\/p>\n<h2>Pourquoi et comment le Blackjack en ligne peut-il \u00eatre truqu\u00e9 ?<\/h2>\n<p>Les joueurs sont tr\u00e8s m\u00e9fiants \u00e0 l'\u00e9gard des jeux d'argent en ligne, et ils ont bien raison de l'\u00eatre. Il est facile de penser que le jeu est truqu\u00e9, car un casino en ligne peut facilement truquer un jeu de blackjack. Le casino contr\u00f4le le logiciel et peut donc contr\u00f4ler le d\u00e9roulement du jeu. De plus, compte tenu de la fa\u00e7on dont le blackjack fonctionne, le casino peut facilement faire pencher la balance en sa faveur sans que personne ne s'en aper\u00e7oive.<\/p>\n<p>Pour ces raisons, il est compr\u00e9hensible que vous vous inqui\u00e9tiez que le jeu de blackjack en ligne auquel vous jouez soit truqu\u00e9. Pire encore, ce n'est pas comme si ces choses ne s'\u00e9taient jamais produites auparavant. Par exemple, il y a eu le fameux scandale Potripper, dans lequel le propri\u00e9taire du site avait la possibilit\u00e9 de voir les cartes des joueurs.<\/p>\n<p>Les cas de ce genre sont rares, mais ils ne sont pas in\u00e9dits. Au blackjack, il existe de nombreuses fa\u00e7ons pour un casino de truquer le jeu. La m\u00e9thode la plus courante qu'un mauvais casino peut utiliser est de supprimer compl\u00e8tement les as ou les cartes faciales. On pourrait penser que cela est facile \u00e0 remarquer, mais le fait est que la plupart des jeux de blackjack utilisent moins de 50% de cartes disponibles par partie, il est donc probable que personne ne s'en aper\u00e7oive.<\/p>\n<p>Il existe d'autres m\u00e9thodes pour truquer un jeu de blackjack en ligne, mais en r\u00e9alit\u00e9, la plupart des casinos ne les utilisent pas. Cela s'explique principalement par les raisons que nous avons d\u00e9j\u00e0 expliqu\u00e9es et par les r\u00e8gles qui les emp\u00eachent de truquer les jeux. Cependant, la plupart des casinos en ligne ne veulent m\u00eame pas truquer leurs jeux. Cela n'en vaut tout simplement pas la peine. Si quelqu'un se rend compte qu'un jeu de blackjack est truqu\u00e9, la mauvaise r\u00e9putation qui s'ensuivrait pourrait facilement ruiner le casino.<\/p>\n<p>En toute honn\u00eatet\u00e9, seul un propri\u00e9taire de casino tr\u00e8s stupide voudrait truquer le blackjack, car les gains potentiels sont tr\u00e8s faibles, alors que les risques sont extr\u00eamement \u00e9lev\u00e9s.<\/p>\n<h2>Comment puis-je savoir si mon jeu de Blackjack en ligne est truqu\u00e9 ?<\/h2>\n<p>Pour savoir si votre jeu de blackjack en ligne est truqu\u00e9, il faut toujours s'assurer de la fiabilit\u00e9 de la plateforme sur laquelle vous jouez. Tant que la plateforme elle-m\u00eame est \u00e9quitable et l\u00e9gitime, les chances que le jeu de blackjack soit truqu\u00e9 sont minimes.<\/p>\n<p>L'une des choses les plus importantes \u00e0 v\u00e9rifier est que le casino d\u00e9tient une licence de l'une des organisations dont nous avons parl\u00e9 (MGA et UKGC) ou d'une autre agence bien reconnue. Assurez-vous \u00e9galement que le jeu de blackjack provient d'un d\u00e9veloppeur de logiciel l\u00e9gitime et populaire comme Microgaming, Playtech, Evolution Gaming, NetEnt, etc.<\/p>\n<p>En ce qui concerne le jeu lui-m\u00eame, vous pouvez \u00e9galement jouer \u00e0 des jeux de blackjack avec croupier en direct. Les jeux en direct sont plus faciles \u00e0 suivre, et tout probl\u00e8me potentiel est moins susceptible de se produire et plus facile \u00e0 rep\u00e9rer. Cependant, cela ne signifie pas que vous ne devriez pas jouer \u00e0 des jeux de blackjack ordinaires en ligne. Tous les meilleurs jeux de blackjack sont con\u00e7us avec des algorithmes qui m\u00e9langent les cartes de mani\u00e8re totalement al\u00e9atoire. Et bien s\u00fbr, tant que le casino est bon, la possibilit\u00e9 que le jeu soit truqu\u00e9 est pratiquement inexistante.<\/p>\n<p>Si vous commencez \u00e0 perdre souvent, il est bon d'examiner attentivement votre fa\u00e7on de jouer. Malheureusement, la raison la plus probable de vos pertes constantes a quelque chose \u00e0 voir avec vous, et non avec le jeu lui-m\u00eame.<\/p>\n<p>La plupart des joueurs ont tendance \u00e0 bl\u00e2mer le jeu pour leurs pertes, au lieu d'examiner leurs m\u00e9thodes et strat\u00e9gies de jeu. Dans la plupart des cas, lorsque les joueurs accusent le casino d'avoir truqu\u00e9 leur jeu de blackjack, ils le font parce qu'il ne leur vient pas \u00e0 l'esprit qu'ils ont fait quelque chose de mal. Il est donc important de tenir compte de cet aspect lorsque vous examinez l'\u00e9quit\u00e9 du jeu.<\/p>\n<h2>Le bilan<\/h2>\n<p>Dans l'ensemble, le blackjack en ligne n'est presque jamais truqu\u00e9, m\u00eame s'il peut l'\u00eatre. La plupart des casinos o\u00f9 vous jouerez sont l\u00e9gitimes et \u00e9quitables, et leurs jeux de blackjack le sont donc aussi.<\/p>\n<p>En outre, m\u00eame si un jeu de blackjack peut \u00eatre truqu\u00e9 de plusieurs fa\u00e7ons, il n'y a aucune raison ou n\u00e9cessit\u00e9 pour un casino de le faire. Les r\u00e9compenses sont faibles et les risques \u00e9lev\u00e9s, vous pouvez donc \u00eatre certain qu'un casino en ligne n'aura jamais besoin de truquer un jeu de blackjack.<\/p>\n<p>En conclusion, vous pouvez vous d\u00e9tendre et commencer \u00e0 jouer au blackjack en ligne dans votre casino en ligne pr\u00e9f\u00e9r\u00e9 et l\u00e9gitime sans vous soucier d'un quelconque trucage.<\/p>\n<h2>Articles connexes<\/h2>\n<ul>\n<li><a href=\"https:\/\/www.blackjackinfo.com\/are-online-casinos-rigged\/\">Les casinos en ligne sont-ils truqu\u00e9s ?<\/a><\/li>\n<li><a href=\"https:\/\/www.blackjackinfo.com\/us\/\">Casinos en ligne aux \u00c9tats-Unis<\/a><\/li>\n<li><a href=\"https:\/\/www.blackjackinfo.com\/us\/us-offshore-online-casinos\/\">Les casinos offshore am\u00e9ricains expliqu\u00e9s<\/a><\/li>\n<\/ul>","protected":false},"excerpt":{"rendered":"<p>This is one of those questions many blackjack players have. It ties into the age-long problem of whether or not online casinos are rigged. We can give you a quick answer \u2014 online blackjack is usually not rigged, but it can be. As this is not a question that we can merely answer and be [&hellip;]<\/p>\n","protected":false},"author":4,"featured_media":0,"parent":1928,"menu_order":0,"comment_status":"closed","ping_status":"closed","template":"","meta":{"_acf_changed":false,"footnotes":""},"tags":[],"class_list":["post-5645","page","type-page","status-publish","hentry"],"acf":[],"yoast_head":"<!-- This site is optimized with the Yoast SEO plugin v26.6 - https:\/\/yoast.com\/wordpress\/plugins\/seo\/ -->\n<title>Is Online Blackjack Rigged?<\/title>\n<meta name=\"description\" content=\"This is one of those questions many blackjack players have. It ties into the age-long problem of whether or not online casinos are rigged. We can give you\" \/>\n<meta name=\"robots\" content=\"index, follow, max-snippet:-1, max-image-preview:large, max-video-preview:-1\" \/>\n<link rel=\"canonical\" href=\"https:\/\/www.blackjackinfo.com\/fr\/blackjack-en-ligne\/le-blackjack-en-ligne-est-il-truque\/\" \/>\n<meta property=\"og:locale\" content=\"fr_FR\" \/>\n<meta property=\"og:type\" content=\"article\" \/>\n<meta property=\"og:title\" content=\"Is Online Blackjack Rigged?\" \/>\n<meta property=\"og:description\" content=\"This is one of those questions many blackjack players have. It ties into the age-long problem of whether or not online casinos are rigged. We can give you\" \/>\n<meta property=\"og:url\" content=\"https:\/\/www.blackjackinfo.com\/fr\/blackjack-en-ligne\/le-blackjack-en-ligne-est-il-truque\/\" \/>\n<meta property=\"og:site_name\" content=\"BlackjackInfo.com\" \/>\n<meta name=\"twitter:label1\" content=\"Dur\u00e9e de lecture estim\u00e9e\" \/>\n\t<meta name=\"twitter:data1\" content=\"6 minutes\" \/>\n<script type=\"application\/ld+json\" class=\"yoast-schema-graph\">{\"@context\":\"https:\/\/schema.org\",\"@graph\":[{\"@type\":\"WebPage\",\"@id\":\"https:\/\/www.blackjackinfo.com\/online-blackjack\/is-online-blackjack-rigged\/\",\"url\":\"https:\/\/www.blackjackinfo.com\/online-blackjack\/is-online-blackjack-rigged\/\",\"name\":\"Is Online Blackjack Rigged?\",\"isPartOf\":{\"@id\":\"https:\/\/www.blackjackinfo.com\/#website\"},\"datePublished\":\"2020-06-18T08:12:46+00:00\",\"description\":\"This is one of those questions many blackjack players have. It ties into the age-long problem of whether or not online casinos are rigged. We can give you\",\"breadcrumb\":{\"@id\":\"https:\/\/www.blackjackinfo.com\/online-blackjack\/is-online-blackjack-rigged\/#breadcrumb\"},\"inLanguage\":\"fr-FR\",\"potentialAction\":[{\"@type\":\"ReadAction\",\"target\":[\"https:\/\/www.blackjackinfo.com\/online-blackjack\/is-online-blackjack-rigged\/\"]}]},{\"@type\":\"BreadcrumbList\",\"@id\":\"https:\/\/www.blackjackinfo.com\/online-blackjack\/is-online-blackjack-rigged\/#breadcrumb\",\"itemListElement\":[{\"@type\":\"ListItem\",\"position\":1,\"name\":\"Home\",\"item\":\"https:\/\/www.blackjackinfo.com\/\"},{\"@type\":\"ListItem\",\"position\":2,\"name\":\"Online Blackjack for Real Money\",\"item\":\"https:\/\/www.blackjackinfo.com\/online-blackjack\/\"},{\"@type\":\"ListItem\",\"position\":3,\"name\":\"Is Online Blackjack Rigged?\"}]},{\"@type\":\"WebSite\",\"@id\":\"https:\/\/www.blackjackinfo.com\/#website\",\"url\":\"https:\/\/www.blackjackinfo.com\/\",\"name\":\"BlackjackInfo.com\",\"description\":\"Because Winning is More Fun!\",\"potentialAction\":[{\"@type\":\"SearchAction\",\"target\":{\"@type\":\"EntryPoint\",\"urlTemplate\":\"https:\/\/www.blackjackinfo.com\/?s={search_term_string}\"},\"query-input\":{\"@type\":\"PropertyValueSpecification\",\"valueRequired\":true,\"valueName\":\"search_term_string\"}}],\"inLanguage\":\"fr-FR\"}]}<\/script>\n<!-- \/ Yoast SEO plugin. -->","yoast_head_json":{"title":"Le Blackjack en ligne est-il truqu\u00e9 ?","description":"C'est l'une des questions que se posent de nombreux joueurs de blackjack. Elle est li\u00e9e au probl\u00e8me de longue date de savoir si les casinos en ligne sont truqu\u00e9s ou non. Nous pouvons vous donner","robots":{"index":"index","follow":"follow","max-snippet":"max-snippet:-1","max-image-preview":"max-image-preview:large","max-video-preview":"max-video-preview:-1"},"canonical":"https:\/\/www.blackjackinfo.com\/fr\/blackjack-en-ligne\/le-blackjack-en-ligne-est-il-truque\/","og_locale":"fr_FR","og_type":"article","og_title":"Is Online Blackjack Rigged?","og_description":"This is one of those questions many blackjack players have. It ties into the age-long problem of whether or not online casinos are rigged. We can give you","og_url":"https:\/\/www.blackjackinfo.com\/fr\/blackjack-en-ligne\/le-blackjack-en-ligne-est-il-truque\/","og_site_name":"BlackjackInfo.com","twitter_misc":{"Dur\u00e9e de lecture estim\u00e9e":"6 minutes"},"schema":{"@context":"https:\/\/schema.org","@graph":[{"@type":"WebPage","@id":"https:\/\/www.blackjackinfo.com\/online-blackjack\/is-online-blackjack-rigged\/","url":"https:\/\/www.blackjackinfo.com\/online-blackjack\/is-online-blackjack-rigged\/","name":"Le Blackjack en ligne est-il truqu\u00e9 ?","isPartOf":{"@id":"https:\/\/www.blackjackinfo.com\/#website"},"datePublished":"2020-06-18T08:12:46+00:00","description":"C'est l'une des questions que se posent de nombreux joueurs de blackjack. Elle est li\u00e9e au probl\u00e8me de longue date de savoir si les casinos en ligne sont truqu\u00e9s ou non. Nous pouvons vous donner","breadcrumb":{"@id":"https:\/\/www.blackjackinfo.com\/online-blackjack\/is-online-blackjack-rigged\/#breadcrumb"},"inLanguage":"fr-FR","potentialAction":[{"@type":"ReadAction","target":["https:\/\/www.blackjackinfo.com\/online-blackjack\/is-online-blackjack-rigged\/"]}]},{"@type":"BreadcrumbList","@id":"https:\/\/www.blackjackinfo.com\/online-blackjack\/is-online-blackjack-rigged\/#breadcrumb","itemListElement":[{"@type":"ListItem","position":1,"name":"Home","item":"https:\/\/www.blackjackinfo.com\/"},{"@type":"ListItem","position":2,"name":"Online Blackjack for Real Money","item":"https:\/\/www.blackjackinfo.com\/online-blackjack\/"},{"@type":"ListItem","position":3,"name":"Is Online Blackjack Rigged?"}]},{"@type":"WebSite","@id":"https:\/\/www.blackjackinfo.com\/#website","url":"https:\/\/www.blackjackinfo.com\/","name":"BlackjackInfo.com","description":"Parce que gagner, c'est plus amusant !","potentialAction":[{"@type":"SearchAction","target":{"@type":"EntryPoint","urlTemplate":"https:\/\/www.blackjackinfo.com\/?s={search_term_string}"},"query-input":{"@type":"PropertyValueSpecification","valueRequired":true,"valueName":"search_term_string"}}],"inLanguage":"fr-FR"}]}},"_links":{"self":[{"href":"https:\/\/www.blackjackinfo.com\/fr\/wp-json\/wp\/v2\/pages\/5645","targetHints":{"allow":["GET"]}}],"collection":[{"href":"https:\/\/www.blackjackinfo.com\/fr\/wp-json\/wp\/v2\/pages"}],"about":[{"href":"https:\/\/www.blackjackinfo.com\/fr\/wp-json\/wp\/v2\/types\/page"}],"author":[{"embeddable":true,"href":"https:\/\/www.blackjackinfo.com\/fr\/wp-json\/wp\/v2\/users\/4"}],"replies":[{"embeddable":true,"href":"https:\/\/www.blackjackinfo.com\/fr\/wp-json\/wp\/v2\/comments?post=5645"}],"version-history":[{"count":1,"href":"https:\/\/www.blackjackinfo.com\/fr\/wp-json\/wp\/v2\/pages\/5645\/revisions"}],"predecessor-version":[{"id":5646,"href":"https:\/\/www.blackjackinfo.com\/fr\/wp-json\/wp\/v2\/pages\/5645\/revisions\/5646"}],"up":[{"embeddable":true,"href":"https:\/\/www.blackjackinfo.com\/fr\/wp-json\/wp\/v2\/pages\/1928"}],"wp:attachment":[{"href":"https:\/\/www.blackjackinfo.com\/fr\/wp-json\/wp\/v2\/media?parent=5645"}],"wp:term":[{"taxonomy":"post_tag","embeddable":true,"href":"https:\/\/www.blackjackinfo.com\/fr\/wp-json\/wp\/v2\/tags?post=5645"}],"curies":[{"name":"wp","href":"https:\/\/api.w.org\/{rel}","templated":true}]}}