{"id":5740,"date":"2020-07-10T00:55:27","date_gmt":"2020-07-10T05:55:27","guid":{"rendered":"https:\/\/www.blackjackinfo.com\/?page_id=5740"},"modified":"2024-07-04T20:37:39","modified_gmt":"2024-07-05T01:37:39","slug":"casinos-en-ligne-du-nouveau-jersey","status":"publish","type":"page","link":"https:\/\/www.blackjackinfo.com\/fr\/us\/new-jersey-online-casinos\/","title":{"rendered":"Casinos en ligne du New Jersey"},"content":{"rendered":"<p>Le New Jersey est un \u00c9tat o\u00f9 toutes les formes de jeux d'argent sont non seulement l\u00e9galis\u00e9es, mais aussi bien r\u00e9glement\u00e9es. Atlantic City \u00e9tant situ\u00e9 dans le New Jersey, les l\u00e9gislateurs n'ont pas tard\u00e9 \u00e0 l\u00e9galiser toutes les options de jeux d'argent en ligne. On peut dire sans risque de se tromper que l'\u00c9tat du jardin poss\u00e8de les lois les plus lib\u00e9rales en mati\u00e8re de jeux d'argent. Le seul \u00c9tat \u00e0 avoir fait de tels progr\u00e8s est le Nevada.<\/p>\n<p>Par cons\u00e9quent, si vous souhaitez jouer \u00e0 des jeux de casino l\u00e9gaux en ligne dans le New Jersey, lisez notre guide.<\/p>\n<h2>Les jeux d'argent en ligne sont-ils l\u00e9gaux dans le New Jersey ?<\/h2>\n<p>Oui, toutes les formes de jeux d'argent sont l\u00e9gales dans cet \u00c9tat. Tous les casinos en ligne (ainsi que les autres plateformes de jeux) doivent \u00eatre agr\u00e9\u00e9s et r\u00e9glement\u00e9s par un organisme officiel, la Division of Gaming Enforcement (DGE) du New Jersey. Que fait la DGE ?<\/p>\n<p>Tout d'abord, il fournit des licences pour tous les sites de jeux d'argent exploit\u00e9s par les casinos d'Atlantic City. En outre, elle s'assure que tous ces sites sont s\u00fbrs, s\u00e9curis\u00e9s et l\u00e9gaux. Enfin, la DGE veille \u00e0 ce que le march\u00e9 soit \u00e9quitable et \u00e0 ce que tous les casinos d'Atlantic City aient la possibilit\u00e9 d'offrir leurs services en ligne.<\/p>\n<p>Chaque casino qui re\u00e7oit une licence peut exploiter jusqu'\u00e0 cinq casinos en ligne. Pour \u00eatre pr\u00e9cis, ils peuvent exploiter cinq marques diff\u00e9rentes sur le web, et c'est pourquoi les joueurs du New Jersey peuvent encore acc\u00e9der \u00e0 certaines marques qui ne sont pas disponibles en tant que casinos terrestres dans l'\u00c9tat.<\/p>\n<p>Outre les casinos en ligne, les op\u00e9rateurs terrestres peuvent \u00e9galement proposer des services de paris sportifs sur le web. Les op\u00e9rateurs de casinos ne sont pas les seuls \u00e0 pouvoir demander une licence de paris sportifs en ligne, puisque les hippodromes du New Jersey peuvent \u00e9galement le faire.<\/p>\n<p>Les casinos en ligne du New Jersey sont \u00e9galement tax\u00e9s. L'\u00c9tat pr\u00e9l\u00e8ve 17,5% sur l'ensemble des revenus des casinos en ligne et du poker, ce qui est identique au montant des taxes pr\u00e9lev\u00e9es sur les \u00e9tablissements terrestres. Le New Jersey gagne environ $35 millions de dollars gr\u00e2ce aux taxes sur les casinos en ligne, soit environ $400 millions de dollars par an.<\/p>\n<h2>Casinos en ligne agr\u00e9\u00e9s par la DGE<\/h2>\n<p>Plusieurs casinos d'Atlantic City sont actuellement autoris\u00e9s \u00e0 exploiter des plates-formes de jeu en ligne. Voyons donc quelles sont les options disponibles pour les amateurs de casinos du New Jersey qui cherchent un moyen de jouer en ligne.<\/p>\n<h3>Casinos en ligne Borgata<\/h3>\n<p>Borgata est probablement le casino terrestre le plus important d'Atlantic City, et plusieurs plateformes de jeu en ligne y sont associ\u00e9es.<\/p>\n<p>Tout d'abord, il exploite les plateformes du casino en ligne Borgata et du poker en ligne Borgata. La salle de poker fait partie du m\u00eame r\u00e9seau que PartyPoker, ce qui signifie que les joueurs qui ouvrent un compte sur Borgata online poker auront un vaste choix de jeux.<\/p>\n<p>Borgata est \u00e9galement partenaire du Pala Casino, une soci\u00e9t\u00e9 tribale de Californie. Les joueurs du New Jersey peuvent ouvrir un compte au casino en ligne Pala et \u00e0 la salle de poker en ligne Pala. La salle de poker ne fait pas partie du m\u00eame r\u00e9seau que PartyPoker et Borgata.<\/p>\n<p>Le c\u00e9l\u00e8bre casino terrestre appartient \u00e0 MGM, ce qui signifie que les amateurs de casino peuvent \u00e9galement acc\u00e9der \u00e0 des plateformes telles que BetMGM, qui propose du poker et du casino.<\/p>\n<h3>Casinos en ligne de Caesars<\/h3>\n<p>Caesars Entertainment a joint ses forces \u00e0 celles de 888, de sorte que les joueurs du New Jersey peuvent choisir parmi de nombreuses options li\u00e9es \u00e0 cet op\u00e9rateur. Tout d'abord, vous pouvez rejoindre 888 qui propose un casino en ligne et une plateforme de poker en ligne. De plus, le casino en ligne Caesars est \u00e9galement disponible dans le New Jersey, tout comme l'homologue en ligne Harrah's.<\/p>\n<p>Le WSOP est \u00e9galement l'un des principaux partenaires de Caesars, de sorte que les amateurs de poker du New Jersey peuvent participer aux jeux d'argent et aux tournois de poker en ligne qui sont disponibles sur la plate-forme officielle de poker en ligne du WSOP.<\/p>\n<h3>Golden Nugget Sites de jeux en ligne<\/h3>\n<p>Golden Nugget n'a peut-\u00eatre pas une pr\u00e9sence aussi importante sur le march\u00e9 des casinos terrestres dans le New Jersey, c'est pourquoi il s'est tourn\u00e9 vers l'industrie en ligne. Il s'agit actuellement de la plateforme en ligne qui g\u00e9n\u00e8re le plus de recettes dans les Garden States, et elle propose plus de 600 jeux en ligne originaux provenant d'une grande vari\u00e9t\u00e9 de fournisseurs.<\/p>\n<p>Le casino s'est associ\u00e9 \u00e0 Betfair, SugarHouse et Churchill Downs Interactive. Par cons\u00e9quent, outre le casino en ligne Golden Nugget, les joueurs peuvent \u00e9galement rejoindre les casinos Betfair, SugarHouse et BetAmerica.<\/p>\n<h3>Casinos en ligne de Hard Rock AC<\/h3>\n<p>Hard Rock AC est l'un des casinos les plus r\u00e9cents d'Atlantic City, ouvert sur le site de l'ancien Trump Taj Mahal. Le casino terrestre a du mal \u00e0 se maintenir au niveau de ses concurrents, mais il propose toujours un excellent casino en ligne nomm\u00e9 Hard Rock.<\/p>\n<p>L'op\u00e9rateur s'est associ\u00e9 \u00e0 Bet365 et Unibet, de sorte que les amateurs de casino du New Jersey peuvent d\u00e9sormais acc\u00e9der aux services de jeu en ligne de ces deux op\u00e9rateurs.<\/p>\n<h3>Casinos en ligne de Ocean Casino Resort<\/h3>\n<p>Ocean Casino Resort a \u00e9galement ouvert ses portes en 2018, tout comme Hard Rock AC. \u00c0 l'heure actuelle, ce casino exploite deux plateformes en ligne : Ocean Resort et Parx Casino NJ. GAN alimente ces deux plateformes.<\/p>\n<h3>Options de jeu en ligne dans les centres de vill\u00e9giature<\/h3>\n<p>Le casino Resorts d'Atlantic City est exploit\u00e9 par Mohegan Sun, et les deux soci\u00e9t\u00e9s proposent leurs services sur le web. En d'autres termes, vous pouvez acc\u00e9der au casino en ligne Resorts et au casino en ligne Mohegan Sun depuis le New Jersey.<\/p>\n<p>La soci\u00e9t\u00e9 a conclu un partenariat avec PokerStars qui a \u00e9t\u00e9 int\u00e9gr\u00e9 \u00e0 sa licence interactive en 2016. Vous \u00eates donc libre de rejoindre PokerStars New Jersey si vous aimez le poker en ligne.<\/p>\n<p>Enfin, Resorts a \u00e9galement conclu un partenariat avec DraftKings en 2018. Si vous \u00eates int\u00e9ress\u00e9 par les paris sportifs et les sports de fantaisie quotidiens, vous aurez l'occasion de rejoindre cette plateforme et m\u00eame d'explorer son casino en ligne.<\/p>\n<h3>Options du casino en ligne Tropicana<\/h3>\n<p>Tropicana est un partenaire de Gamesys, et c'est pourquoi vous pouvez acc\u00e9der \u00e0 deux casinos en ligne de cet op\u00e9rateur - Tropicana et Virgin Casino.<\/p>\n<h2>Casinos en ligne dans le New Jersey - S\u00fbret\u00e9 et s\u00e9curit\u00e9<\/h2>\n<p>\u00c9tant donn\u00e9 que toutes les plateformes de jeux d'argent en ligne sont autoris\u00e9es et r\u00e9glement\u00e9es par la commission des jeux d'argent de l'\u00c9tat, on peut affirmer sans risque que tous ces sites disposent des meilleures mesures de s\u00fbret\u00e9 et de s\u00e9curit\u00e9 possibles.<\/p>\n<p>La Division of Gaming Enforcement du New Jersey est l'une des meilleures dans le domaine, et beaucoup la consid\u00e8rent comme \"la plus exp\u00e9riment\u00e9e au monde\". Le simple fait qu'aucun probl\u00e8me majeur ne soit survenu sur les sites de jeux d'argent en ligne du New Jersey t\u00e9moigne du niveau de professionnalisme de la DGE.<\/p>\n<p>En outre, la DGE travaille activement \u00e0 la protection des casinos et de leurs utilisateurs contre toutes sortes de fraudes. Il y a eu des cas o\u00f9 ce r\u00e9gulateur s'est activement engag\u00e9 dans la d\u00e9couverte de fraudes, ce qui a permis d'attraper les criminels.<\/p>\n<h2>Les bonus dans les casinos en ligne<\/h2>\n<p>Le New Jersey a cr\u00e9\u00e9 un march\u00e9 des casinos en ligne tr\u00e8s comp\u00e9titif, et les joueurs sont ceux qui b\u00e9n\u00e9ficient le plus de cette concurrence, car ils peuvent pr\u00e9tendre \u00e0 des bonus lucratifs sur de nombreuses plates-formes en ligne.<\/p>\n<h2>M\u00e9thodes de paiement dans les casinos en ligne de NJ<\/h2>\n<p>Les plateformes de jeux d'argent en ligne r\u00e9glement\u00e9es du New Jersey offrent une grande vari\u00e9t\u00e9 d'options de paiement, notamment<\/p>\n<ul>\n<li>Cartes pr\u00e9pay\u00e9es<\/li>\n<li>Virement bancaire<\/li>\n<li>PayNearMe chez 7-11 (esp\u00e8ces)<\/li>\n<li>De l'argent via la cage d'un Atlantic City<\/li>\n<\/ul>\n<p>Toutes les m\u00e9thodes de paiement sont rapides et s\u00fbres. Plus important encore, il n'y a pas de frais lors des d\u00e9p\u00f4ts dans les casinos en ligne.<\/p>\n<h2>Casinos mobiles dans le New Jersey<\/h2>\n<p>Tous les casinos en ligne du New Jersey sont accessibles aux joueurs qui pr\u00e9f\u00e8rent les appareils mobiles. Cependant, certains d'entre eux sont disponibles via des applications mobiles d\u00e9di\u00e9es, tandis que d'autres sont accessibles via votre navigateur mobile. Les versions mobiles ne proposent peut-\u00eatre pas tous les jeux que vous pouvez trouver sur les ordinateurs de bureau, mais la plupart d'entre eux sont toujours disponibles.<\/p>\n<h2>Articles connexes<\/h2>\n<ul>\n<li><a href=\"https:\/\/www.blackjackinfo.com\/online-blackjack\/new-jersey\/\">Blackjack en ligne dans le New Jersey<\/a><\/li>\n<\/ul>","protected":false},"excerpt":{"rendered":"<p>New Jersey is a state where all forms of gambling are not only legalized but also well-regulated. Since Atlantic City is located in NJ, lawmakers were quick to legalize all online gambling options. It&#8217;s safe to say that the Garden State has the most liberal laws related to gambling. The only state that made such [&hellip;]<\/p>\n","protected":false},"author":4,"featured_media":0,"parent":5554,"menu_order":0,"comment_status":"closed","ping_status":"closed","template":"","meta":{"_acf_changed":false,"footnotes":""},"tags":[],"class_list":["post-5740","page","type-page","status-publish","hentry"],"acf":[],"yoast_head":"<!-- This site is optimized with the Yoast SEO plugin v26.6 - https:\/\/yoast.com\/wordpress\/plugins\/seo\/ -->\n<title>Best New Jersey Online Casinos in 2026<\/title>\n<meta name=\"description\" content=\"New Jersey is a state where all forms of gambling are not only legalized but also well-regulated. Since Atlantic City is located in NJ, lawmakers were\" \/>\n<meta name=\"robots\" content=\"index, follow, max-snippet:-1, max-image-preview:large, max-video-preview:-1\" \/>\n<link rel=\"canonical\" href=\"https:\/\/www.blackjackinfo.com\/fr\/nous\/casinos-en-ligne-du-nouveau-jersey\/\" \/>\n<meta property=\"og:locale\" content=\"fr_FR\" \/>\n<meta property=\"og:type\" content=\"article\" \/>\n<meta property=\"og:title\" content=\"Best New Jersey Online Casinos in 2026\" \/>\n<meta property=\"og:description\" content=\"New Jersey is a state where all forms of gambling are not only legalized but also well-regulated. Since Atlantic City is located in NJ, lawmakers were\" \/>\n<meta property=\"og:url\" content=\"https:\/\/www.blackjackinfo.com\/fr\/nous\/casinos-en-ligne-du-nouveau-jersey\/\" \/>\n<meta property=\"og:site_name\" content=\"BlackjackInfo.com\" \/>\n<meta property=\"article:modified_time\" content=\"2024-07-05T01:37:39+00:00\" \/>\n<meta name=\"twitter:label1\" content=\"Dur\u00e9e de lecture estim\u00e9e\" \/>\n\t<meta name=\"twitter:data1\" content=\"6 minutes\" \/>\n<script type=\"application\/ld+json\" class=\"yoast-schema-graph\">{\"@context\":\"https:\/\/schema.org\",\"@graph\":[{\"@type\":\"WebPage\",\"@id\":\"https:\/\/www.blackjackinfo.com\/us\/new-jersey-online-casinos\/\",\"url\":\"https:\/\/www.blackjackinfo.com\/us\/new-jersey-online-casinos\/\",\"name\":\"Best New Jersey Online Casinos in 2026\",\"isPartOf\":{\"@id\":\"https:\/\/www.blackjackinfo.com\/#website\"},\"datePublished\":\"2020-07-10T05:55:27+00:00\",\"dateModified\":\"2024-07-05T01:37:39+00:00\",\"description\":\"New Jersey is a state where all forms of gambling are not only legalized but also well-regulated. Since Atlantic City is located in NJ, lawmakers were\",\"breadcrumb\":{\"@id\":\"https:\/\/www.blackjackinfo.com\/us\/new-jersey-online-casinos\/#breadcrumb\"},\"inLanguage\":\"fr-FR\",\"potentialAction\":[{\"@type\":\"ReadAction\",\"target\":[\"https:\/\/www.blackjackinfo.com\/us\/new-jersey-online-casinos\/\"]}]},{\"@type\":\"BreadcrumbList\",\"@id\":\"https:\/\/www.blackjackinfo.com\/us\/new-jersey-online-casinos\/#breadcrumb\",\"itemListElement\":[{\"@type\":\"ListItem\",\"position\":1,\"name\":\"Home\",\"item\":\"https:\/\/www.blackjackinfo.com\/\"},{\"@type\":\"ListItem\",\"position\":2,\"name\":\"Online Casinos in the US\",\"item\":\"https:\/\/www.blackjackinfo.com\/us\/\"},{\"@type\":\"ListItem\",\"position\":3,\"name\":\"New Jersey Online Casinos\"}]},{\"@type\":\"WebSite\",\"@id\":\"https:\/\/www.blackjackinfo.com\/#website\",\"url\":\"https:\/\/www.blackjackinfo.com\/\",\"name\":\"BlackjackInfo.com\",\"description\":\"Because Winning is More Fun!\",\"potentialAction\":[{\"@type\":\"SearchAction\",\"target\":{\"@type\":\"EntryPoint\",\"urlTemplate\":\"https:\/\/www.blackjackinfo.com\/?s={search_term_string}\"},\"query-input\":{\"@type\":\"PropertyValueSpecification\",\"valueRequired\":true,\"valueName\":\"search_term_string\"}}],\"inLanguage\":\"fr-FR\"}]}<\/script>\n<!-- \/ Yoast SEO plugin. -->","yoast_head_json":{"title":"Les meilleurs casinos en ligne du New Jersey en 2026","description":"Le New Jersey est un \u00c9tat o\u00f9 toutes les formes de jeux d'argent sont non seulement l\u00e9galis\u00e9es, mais aussi bien r\u00e9glement\u00e9es. Atlantic City \u00e9tant situ\u00e9 dans le New Jersey, le l\u00e9gislateur a \u00e9t\u00e9","robots":{"index":"index","follow":"follow","max-snippet":"max-snippet:-1","max-image-preview":"max-image-preview:large","max-video-preview":"max-video-preview:-1"},"canonical":"https:\/\/www.blackjackinfo.com\/fr\/nous\/casinos-en-ligne-du-nouveau-jersey\/","og_locale":"fr_FR","og_type":"article","og_title":"Best New Jersey Online Casinos in 2026","og_description":"New Jersey is a state where all forms of gambling are not only legalized but also well-regulated. Since Atlantic City is located in NJ, lawmakers were","og_url":"https:\/\/www.blackjackinfo.com\/fr\/nous\/casinos-en-ligne-du-nouveau-jersey\/","og_site_name":"BlackjackInfo.com","article_modified_time":"2024-07-05T01:37:39+00:00","twitter_misc":{"Dur\u00e9e de lecture estim\u00e9e":"6 minutes"},"schema":{"@context":"https:\/\/schema.org","@graph":[{"@type":"WebPage","@id":"https:\/\/www.blackjackinfo.com\/us\/new-jersey-online-casinos\/","url":"https:\/\/www.blackjackinfo.com\/us\/new-jersey-online-casinos\/","name":"Les meilleurs casinos en ligne du New Jersey en 2026","isPartOf":{"@id":"https:\/\/www.blackjackinfo.com\/#website"},"datePublished":"2020-07-10T05:55:27+00:00","dateModified":"2024-07-05T01:37:39+00:00","description":"Le New Jersey est un \u00c9tat o\u00f9 toutes les formes de jeux d'argent sont non seulement l\u00e9galis\u00e9es, mais aussi bien r\u00e9glement\u00e9es. Atlantic City \u00e9tant situ\u00e9 dans le New Jersey, le l\u00e9gislateur a \u00e9t\u00e9","breadcrumb":{"@id":"https:\/\/www.blackjackinfo.com\/us\/new-jersey-online-casinos\/#breadcrumb"},"inLanguage":"fr-FR","potentialAction":[{"@type":"ReadAction","target":["https:\/\/www.blackjackinfo.com\/us\/new-jersey-online-casinos\/"]}]},{"@type":"BreadcrumbList","@id":"https:\/\/www.blackjackinfo.com\/us\/new-jersey-online-casinos\/#breadcrumb","itemListElement":[{"@type":"ListItem","position":1,"name":"Home","item":"https:\/\/www.blackjackinfo.com\/"},{"@type":"ListItem","position":2,"name":"Online Casinos in the US","item":"https:\/\/www.blackjackinfo.com\/us\/"},{"@type":"ListItem","position":3,"name":"New Jersey Online Casinos"}]},{"@type":"WebSite","@id":"https:\/\/www.blackjackinfo.com\/#website","url":"https:\/\/www.blackjackinfo.com\/","name":"BlackjackInfo.com","description":"Parce que gagner, c'est plus amusant !","potentialAction":[{"@type":"SearchAction","target":{"@type":"EntryPoint","urlTemplate":"https:\/\/www.blackjackinfo.com\/?s={search_term_string}"},"query-input":{"@type":"PropertyValueSpecification","valueRequired":true,"valueName":"search_term_string"}}],"inLanguage":"fr-FR"}]}},"_links":{"self":[{"href":"https:\/\/www.blackjackinfo.com\/fr\/wp-json\/wp\/v2\/pages\/5740","targetHints":{"allow":["GET"]}}],"collection":[{"href":"https:\/\/www.blackjackinfo.com\/fr\/wp-json\/wp\/v2\/pages"}],"about":[{"href":"https:\/\/www.blackjackinfo.com\/fr\/wp-json\/wp\/v2\/types\/page"}],"author":[{"embeddable":true,"href":"https:\/\/www.blackjackinfo.com\/fr\/wp-json\/wp\/v2\/users\/4"}],"replies":[{"embeddable":true,"href":"https:\/\/www.blackjackinfo.com\/fr\/wp-json\/wp\/v2\/comments?post=5740"}],"version-history":[{"count":3,"href":"https:\/\/www.blackjackinfo.com\/fr\/wp-json\/wp\/v2\/pages\/5740\/revisions"}],"predecessor-version":[{"id":5744,"href":"https:\/\/www.blackjackinfo.com\/fr\/wp-json\/wp\/v2\/pages\/5740\/revisions\/5744"}],"up":[{"embeddable":true,"href":"https:\/\/www.blackjackinfo.com\/fr\/wp-json\/wp\/v2\/pages\/5554"}],"wp:attachment":[{"href":"https:\/\/www.blackjackinfo.com\/fr\/wp-json\/wp\/v2\/media?parent=5740"}],"wp:term":[{"taxonomy":"post_tag","embeddable":true,"href":"https:\/\/www.blackjackinfo.com\/fr\/wp-json\/wp\/v2\/tags?post=5740"}],"curies":[{"name":"wp","href":"https:\/\/api.w.org\/{rel}","templated":true}]}}