{"id":581,"date":"2014-10-07T17:31:38","date_gmt":"2014-10-07T22:31:38","guid":{"rendered":"http:\/\/test.blackjackinfo.com\/?page_id=581"},"modified":"2026-04-02T05:08:33","modified_gmt":"2026-04-02T10:08:33","slug":"moteur-de-strategie-de-base-pour-le-blackjack","status":"publish","type":"page","link":"https:\/\/www.blackjackinfo.com\/fr\/blackjack-basic-strategy-engine\/","title":{"rendered":"Tableaux de strat\u00e9gie de base pour le blackjack"},"content":{"rendered":"<h2 class=\"purple-underline\">Qu'est-ce que la strat\u00e9gie de base ?<\/h2>\n<p>Vous cherchez un moyen de r\u00e9duire l'avantage du casino \u00e0 un montant marginal ? La strat\u00e9gie de base est un ensemble de d\u00e9cisions calcul\u00e9es math\u00e9matiquement qui peuvent vous aider \u00e0 gagner plus au blackjack. <strong>Le moteur de strat\u00e9gie de base du blackjack <\/strong>ci-dessus offre un moyen simple de m\u00e9moriser une vari\u00e9t\u00e9 de d\u00e9cisions rentables, telles que le moment de se s\u00e9parer, de doubler, de se rendre, de frapper ou de rester en l'\u00e9tat.<\/p>\n<p>Un tableau de strat\u00e9gie de base standard ne peut vous fournir que la strat\u00e9gie pour un ensemble de r\u00e8gles, telles que les coups du croupier sur un soft 17, ce qui limite votre ma\u00eetrise \u00e0 un seul jeu. Notre <strong>Moteur de strat\u00e9gie de base pour le blackjack<\/strong> vous permet d'ajuster rapidement les r\u00e8gles en cliquant sur un bouton, en calculant la strat\u00e9gie optimale pour le jeu s\u00e9lectionn\u00e9. Les tableaux faciles \u00e0 lire du moteur d\u00e9taillent la strat\u00e9gie pour tous les totaux durs, les totaux mous et les paires.<\/p>\n<p>Le moteur vous permet de personnaliser instantan\u00e9ment votre strat\u00e9gie en fonction de r\u00e8gles telles que l'abandon, le double sur 9, 10 ou 11 uniquement, les styles de cartes ferm\u00e9es du croupier et le nombre de jeux. Ce syst\u00e8me unique est une ressource incroyable pour tout joueur de blackjack s\u00e9rieux qui a besoin de calculer la strat\u00e9gie pour n'importe quel jeu qu'il rencontre.<\/p>\n<h2>Les limites de la strat\u00e9gie de base<\/h2>\n<p>La strat\u00e9gie de base ne suffira jamais \u00e0 battre le jeu \u00e0 long terme. Bien s\u00fbr, vous pourrez gagner plus souvent, garder votre argent plus longtemps et prendre quelques vacances gratuites en utilisant des cartes de cr\u00e9dit. <a href=\"https:\/\/entertainment.howstuffworks.com\/casino-gambling-basics-ga2.htm\">comps de casino<\/a>mais vous ne gagnerez jamais d'argent sur des milliers d'heures de jeu. Pour cela, vous devez apprendre \u00e0 <a href=\"https:\/\/www.blackjackinfo.com\/card-counting\/\">compter les cartes<\/a> et utiliser les \u00e9carts de strat\u00e9gie pour battre l'avantage de la maison. Si vous cherchez simplement \u00e0 vous amuser et \u00e0 faire durer votre argent plus longtemps, la strat\u00e9gie de base fera l'affaire.<\/p>\n<h2>Comment d\u00e9marrer<\/h2>\n<p>Vous souhaitez donc apprendre les bases de la strat\u00e9gie afin de prendre l'avantage sur les tables de jeu, mais vous ne savez pas par o\u00f9 commencer. Une fois que vous aurez utilis\u00e9 le <strong>Moteur de strat\u00e9gie de base pour le blackjack<\/strong> Pour choisir le jeu auquel vous jouerez le plus souvent, vous pouvez \u00eatre tent\u00e9 de vous plonger directement dans la m\u00e9morisation, mais quelques connaissances de base peuvent vous aider \u00e0 comprendre les concepts qui sous-tendent la strat\u00e9gie. Examinons quelques r\u00e8gles qui vous aideront \u00e0 progresser.<\/p>\n<h2>Vous disposez d'une panoplie d'actions<\/h2>\n<p>Au blackjack, il n'y a pas que le fait de frapper ou de rester debout, et ces d\u00e9cisions suppl\u00e9mentaires d\u00e9termineront si vous \u00eates un grand gagnant ou un grand perdant. Vos options suppl\u00e9mentaires sont de vous rendre, de partager ou de doubler, et leur disponibilit\u00e9 est d\u00e9termin\u00e9e par les r\u00e8gles de votre jeu de blackjack. N'oubliez pas non plus que, m\u00eame dans un m\u00eame casino, les r\u00e8gles peuvent varier d'une table \u00e0 l'autre ; v\u00e9rifiez donc le feutre ou demandez au croupier quelles sont les r\u00e8gles de chaque table. Ne jouez jamais au blackjack 6:5 et essayez de jouer au S17 s'il est disponible.  Lire notre <a href=\"https:\/\/www.blackjackinfo.com\/blackjack-rules\/\">page des r\u00e8gles<\/a> si vous avez besoin d'un cours de rattrapage sur le r\u00f4le de chaque action.<\/p>\n<h2>Quand puis-je me rendre ?<\/h2>\n<p><a href=\"https:\/\/www.blackjackinfo.com\/blackjack-surrender-explained\/\">La reddition<\/a> est une r\u00e8gle qui est de moins en moins propos\u00e9e, car elle est b\u00e9n\u00e9fique pour le joueur. Pour savoir si elle est disponible \u00e0 votre table, vous pouvez demander \u00e0 votre croupier ou consulter un panneau situ\u00e9 sur la table. Avant d'entreprendre toute autre action, vous devez v\u00e9rifier si la strat\u00e9gie de base recommande l'abandon.<\/p>\n<h2>Quand puis-je fractionner ?<\/h2>\n<p>Le fractionnement entre en jeu lorsque vous avez une paire \u00e9gale dans votre main, par exemple deux 8, deux 7, ou un valet et une dame. Lorsque vous vous retrouvez avec une paire, vous devez consulter votre carte de strat\u00e9gie de base pour voir si le splitting est avantageux.<\/p>\n<h2>Quand puis-je doubler ?<\/h2>\n<p>Vous pouvez doubler sur les deux premi\u00e8res cartes. En g\u00e9n\u00e9ral, vous voudrez doubler lorsqu'une carte 10 vous serait b\u00e9n\u00e9fique (avec un 11 ou un 10 dur, par exemple), ou lorsque le croupier a une carte avec une probabilit\u00e9 plus \u00e9lev\u00e9e que la normale de perdre, comme un 5 ou un 6.<\/p>\n<h2>Quand dois-je frapper ou rester debout ?<\/h2>\n<p>Ces deux actions constitueront la majeure partie de votre prise de d\u00e9cision. <strong>Apprendre \u00e0 savoir quand frapper ou rester debout dans chaque sc\u00e9nario est le c\u0153ur de la strat\u00e9gie de base<\/strong>. En m\u00e9morisant la strat\u00e9gie de base, vous m\u00e9morisez l'action optimale, la plus rentable, avec deux cartes donn\u00e9es contre n'importe quelle carte du croupier.<\/p>\n<h2>Comment m\u00e9moriser la strat\u00e9gie de base<\/h2>\n<p>Il peut sembler insurmontable de s'attaquer \u00e0 toutes les diff\u00e9rentes combinaisons de cartes de d\u00e9part avec une strat\u00e9gie de base, mais heureusement, il existe de nombreuses r\u00e8gles empiriques qui peuvent aider \u00e0 simplifier le processus. Voici quelques-unes des strat\u00e9gies les plus importantes, les plus efficaces et les plus faciles \u00e0 retenir pour vous aider \u00e0 jouer un blackjack solide.<\/p>\n<h3>L'abandon<\/h3>\n<p><strong>La reddition<\/strong> <strong>16<\/strong> contre <strong>9<\/strong> \u00e0 travers<strong> As<\/strong>.<\/p>\n<p><strong>La reddition<\/strong> <strong>15<\/strong> contre un <strong>10<\/strong> seulement (\u00e0 moins d'utiliser les r\u00e8gles H17, vous vous rendez alors contre l'As)<\/p>\n<h3>Fractionnement<\/h3>\n<p><strong>Toujours<\/strong> S\u00e9parer <strong>As<\/strong><\/p>\n<p><strong>Jamais<\/strong> S\u00e9parer <strong>Visages<\/strong> (10 cartes de valeur)<\/p>\n<p><strong>Toujours<\/strong> S\u00e9parer <strong>8s <\/strong>(Sauf si vous utilisez les r\u00e8gles H17, vous vous rendez alors contre un As)<\/p>\n<p><strong>Jamais<\/strong> S\u00e9parer <strong>5s<\/strong><\/p>\n<p><strong>S\u00e9parer<\/strong> une paire de <strong>9s<\/strong> contre un croupier <strong>2<\/strong> \u00e0 travers <strong>9<\/strong>sauf un 7 du croupier (puisque votre 18 bat son 17)<\/p>\n<p><strong>S\u00e9parer<\/strong> une paire de <strong>7s<\/strong> contre un croupier <strong>2<\/strong> \u00e0 travers <strong>7<\/strong>, a touch\u00e9 quoi que ce soit d'autre.<\/p>\n<p><strong>S\u00e9parer<\/strong> une paire de <strong>6s<\/strong> contre un croupier <strong>2<\/strong> \u00e0 travers <strong>6<\/strong>, a touch\u00e9 quoi que ce soit d'autre.<\/p>\n<p><strong>S\u00e9parer<\/strong> une paire de <strong>4s<\/strong> contre un croupier <strong>5<\/strong> ou <strong>6<\/strong> lorsque vous pouvez doubler apr\u00e8s, sinon frappez.<\/p>\n<p><strong>S\u00e9parer<\/strong> une paire de <strong>3s<\/strong> contre un croupier <strong>2<\/strong> \u00e0 travers <strong>7<\/strong>, a touch\u00e9 quoi que ce soit d'autre.<\/p>\n<p><strong>S\u00e9parer<\/strong> une paire de <strong>2s<\/strong> contre un croupier <strong>2<\/strong> \u00e0 travers <strong>7<\/strong>, a touch\u00e9 quoi que ce soit d'autre.<\/p>\n<h3>Doublement<\/h3>\n<p><strong>Double<\/strong> un <strong>11<\/strong> contre tout sauf un As (doubler \u00e9galement contre l'As si vous jouez les r\u00e8gles H17)<\/p>\n<p><strong>Double<\/strong> a <strong>10<\/strong> contre tout sauf un 10 ou un As<\/p>\n<p><strong>Double<\/strong> un dur <strong>9<\/strong> contre un croupier <strong>3<\/strong> \u00e0 travers <strong>6<\/strong>.<\/p>\n<p><strong>Jamais<\/strong> double a hard <strong>8<\/strong>.<\/p>\n<p><strong>Double<\/strong> a <strong>doux<\/strong> <strong>13<\/strong> ou <strong>14<\/strong> contre un croupier <strong>5<\/strong> ou <strong>6<\/strong>.<\/p>\n<p><strong>Double<\/strong> a <strong>doux 15<\/strong> ou <strong>16<\/strong> contre un croupier <strong>4<\/strong> \u00e0 travers <strong>6<\/strong>.<\/p>\n<p><strong>Double<\/strong> a <strong>doux<\/strong> <strong>17<\/strong> ou <strong>18<\/strong> contre un croupier <strong>3<\/strong> \u00e0 travers <strong>6<\/strong>.<\/p>\n<p><strong>Double<\/strong> a <strong>doux 19<\/strong> contre un croupier <strong>6<\/strong> si l'on utilise <strong>H17<\/strong> r\u00e8gles.<\/p>\n<h3>Frapper et se tenir debout<\/h3>\n<p><strong>Support<\/strong> sur <strong>17<\/strong> et vers le haut<\/p>\n<p><strong>Support<\/strong> sur un <strong>13<\/strong>, <strong>14<\/strong>, <strong>15<\/strong>ou <strong>16<\/strong> contre un <strong>2<\/strong> \u00e0 travers <strong>6<\/strong>, contre n'importe quelle autre carte<\/p>\n<p><strong>Support<\/strong> sur un <strong>12<\/strong> contre un croupier <strong>4<\/strong> \u00e0 travers <strong>6<\/strong>La carte peut \u00eatre utilis\u00e9e contre n'importe quelle autre carte.<\/p>\n<p><strong>Toujours<\/strong> toucher tout ce qui se trouve en dessous du soft 17.<\/p>\n<p><strong>Support<\/strong> sur <strong>doux 19<\/strong> et plus.<\/p>\n<h2>Quelle est la prochaine \u00e9tape ?<\/h2>\n<p>Vous devez \u00e9tudier les informations ci-dessus en conjonction avec notre <strong>Moteur de strat\u00e9gie de base pour le blackjack<\/strong> pendant que vous vous entra\u00eenez \u00e0 jouer au blackjack. Vous n'\u00eates pas encore pr\u00eat \u00e0 jouer dans un casino, loin s'en faut. M\u00eame si vous avez d\u00e9j\u00e0 jou\u00e9 et obtenu de bons r\u00e9sultats, vous ne devriez pas y retourner tant que vous ne connaissez pas la strat\u00e9gie de base sur le bout des doigts.<\/p>\n<p>La meilleure fa\u00e7on de s'entra\u00eener est d'utiliser un logiciel comme notre <a href=\"https:\/\/www.blackjackinfo.com\/blackjack-strategy-trainer\/\">Entra\u00eeneur Blackjack<\/a>\u00a0ou\u00a0<a href=\"https:\/\/www.blackjackinfo.com\/casino-verite-blackjack-the-ultimate-practice-tool\/\">Casino V\u00e9rit\u00e9 Blackjack<\/a> pour am\u00e9liorer vos comp\u00e9tences et d\u00e9terminer les domaines dans lesquels vous avez des difficult\u00e9s, comme l'abandon ou les mains molles. Une fois que vous pouvez jouer sans erreur dans un large \u00e9ventail de sc\u00e9narios, vous \u00eates pr\u00eat \u00e0 vous entra\u00eener dans l'environnement d'un casino.<\/p>\n<p>N'oubliez pas qu'il peut \u00eatre plus difficile de se souvenir d'une strat\u00e9gie de base parfaite lorsqu'une serveuse crie des commandes de boissons, qu'un chef de fosse vous demande votre carte et que des joueurs essaient de faire la conversation, alors n'allez pas au casino avant d'\u00eatre vraiment pr\u00eat. Ne demandez pas non plus de conseils aux autres joueurs. Ils vont d\u00e9lib\u00e9r\u00e9ment \u00e0 l'encontre de la strat\u00e9gie de base lorsque les math\u00e9matiques ne correspondent pas \u00e0 leurs superstitions sur le cheminement des cartes, et ils vous diront souvent que vous \u00eates fou de frapper un 18 doux contre un 9 ou un 10 du croupier.<\/p>\n<h2>Autres outils d'aide \u00e0 la strat\u00e9gie de base<\/h2>\n<ul>\n<li><a href=\"https:\/\/www.blackjackinfo.com\/blackjack-strategy-trainer\/\">Entra\u00eeneur \u00e0 la strat\u00e9gie du blackjack<\/a> - Notre formateur original de blackjack est un outil de coaching interactif qui vous conseille si vous avez pris la bonne d\u00e9cision ou non.  Nous disposons \u00e9galement d'une version adapt\u00e9e aux t\u00e9l\u00e9phones portables <a href=\"https:\/\/www.blackjackinfo.com\/blackjackinfo-blackjack-strategy-trainer\/\">ici<\/a>.<\/li>\n<li><a href=\"https:\/\/www.blackjackinfo.com\/blackjack-basic-strategy-quiz\/\">Quiz Blackjack<\/a> - Une s\u00e9rie de 20 questions pour d\u00e9terminer si vous connaissez vraiment la strat\u00e9gie de base.<\/li>\n<li>Graphiques de strat\u00e9gie phyisque - Vous pouvez \u00e9galement acheter une version physique des graphiques de strat\u00e9gie, de la taille d'un portefeuille. <a href=\"\/card\/\">ici<\/a>.<\/li>\n<li><a href=\"https:\/\/www.blackjackinfo.com\/goto\/casino-verite\/\">Casino V\u00e9rit\u00e9 Blackjack<\/a>\u00a0- Un outil complet pour tester vos connaissances en mati\u00e8re de strat\u00e9gie de blackjack.  Notre \u00e9valuation de ce logiciel peut \u00eatre consult\u00e9e <a href=\"https:\/\/www.blackjackinfo.com\/casino-verite-blackjack-the-ultimate-practice-tool\/\">ici<\/a>.<\/li>\n<\/ul>\n<p>&nbsp;<\/p>","protected":false},"excerpt":{"rendered":"<p>What is Basic Strategy? Looking for a way to cut the casino\u2019s edge down to a marginal amount? Basic strategy is a mathematically calculated set of decisions that can help you win more at blackjack. The Blackjack Basic Strategy Engine above provides a simple way to memorize a variety of different profitable decisions, such as [&hellip;]<\/p>\n","protected":false},"author":2,"featured_media":0,"parent":0,"menu_order":0,"comment_status":"open","ping_status":"open","template":"","meta":{"_acf_changed":false,"footnotes":""},"tags":[],"class_list":["post-581","page","type-page","status-publish","hentry"],"acf":[],"yoast_head":"<!-- This site is optimized with the Yoast SEO plugin v26.6 - https:\/\/yoast.com\/wordpress\/plugins\/seo\/ -->\n<title>Blackjack Strategy Charts - Generate Charts for 1-8 Decks<\/title>\n<meta name=\"description\" content=\"Founded in 1998, our basic blackjack strategy engine generates optimal strategy charts for 1\/2\/3\/4\/5\/6\/7\/8 decks. Allows custom filters for variations too\" \/>\n<meta name=\"robots\" content=\"index, follow, max-snippet:-1, max-image-preview:large, max-video-preview:-1\" \/>\n<link rel=\"canonical\" href=\"https:\/\/www.blackjackinfo.com\/fr\/moteur-de-strategie-de-base-pour-le-blackjack\/\" \/>\n<meta property=\"og:locale\" content=\"fr_FR\" \/>\n<meta property=\"og:type\" content=\"article\" \/>\n<meta property=\"og:title\" content=\"Blackjack Strategy Charts - Generate Charts for 1-8 Decks\" \/>\n<meta property=\"og:description\" content=\"Founded in 1998, our basic blackjack strategy engine generates optimal strategy charts for 1\/2\/3\/4\/5\/6\/7\/8 decks. Allows custom filters for variations too\" \/>\n<meta property=\"og:url\" content=\"https:\/\/www.blackjackinfo.com\/fr\/moteur-de-strategie-de-base-pour-le-blackjack\/\" \/>\n<meta property=\"og:site_name\" content=\"BlackjackInfo.com\" \/>\n<meta property=\"article:modified_time\" content=\"2026-04-02T10:08:33+00:00\" \/>\n<meta name=\"twitter:label1\" content=\"Dur\u00e9e de lecture estim\u00e9e\" \/>\n\t<meta name=\"twitter:data1\" content=\"6 minutes\" \/>\n<script type=\"application\/ld+json\" class=\"yoast-schema-graph\">{\"@context\":\"https:\/\/schema.org\",\"@graph\":[{\"@type\":\"WebPage\",\"@id\":\"https:\/\/www.blackjackinfo.com\/blackjack-basic-strategy-engine\/\",\"url\":\"https:\/\/www.blackjackinfo.com\/blackjack-basic-strategy-engine\/\",\"name\":\"Blackjack Strategy Charts - Generate Charts for 1-8 Decks\",\"isPartOf\":{\"@id\":\"https:\/\/www.blackjackinfo.com\/#website\"},\"datePublished\":\"2014-10-07T22:31:38+00:00\",\"dateModified\":\"2026-04-02T10:08:33+00:00\",\"description\":\"Founded in 1998, our basic blackjack strategy engine generates optimal strategy charts for 1\/2\/3\/4\/5\/6\/7\/8 decks. Allows custom filters for variations too\",\"breadcrumb\":{\"@id\":\"https:\/\/www.blackjackinfo.com\/blackjack-basic-strategy-engine\/#breadcrumb\"},\"inLanguage\":\"fr-FR\",\"potentialAction\":[{\"@type\":\"ReadAction\",\"target\":[\"https:\/\/www.blackjackinfo.com\/blackjack-basic-strategy-engine\/\"]}]},{\"@type\":\"BreadcrumbList\",\"@id\":\"https:\/\/www.blackjackinfo.com\/blackjack-basic-strategy-engine\/#breadcrumb\",\"itemListElement\":[{\"@type\":\"ListItem\",\"position\":1,\"name\":\"Home\",\"item\":\"https:\/\/www.blackjackinfo.com\/\"},{\"@type\":\"ListItem\",\"position\":2,\"name\":\"Blackjack Basic Strategy Charts\"}]},{\"@type\":\"WebSite\",\"@id\":\"https:\/\/www.blackjackinfo.com\/#website\",\"url\":\"https:\/\/www.blackjackinfo.com\/\",\"name\":\"BlackjackInfo.com\",\"description\":\"Because Winning is More Fun!\",\"potentialAction\":[{\"@type\":\"SearchAction\",\"target\":{\"@type\":\"EntryPoint\",\"urlTemplate\":\"https:\/\/www.blackjackinfo.com\/?s={search_term_string}\"},\"query-input\":{\"@type\":\"PropertyValueSpecification\",\"valueRequired\":true,\"valueName\":\"search_term_string\"}}],\"inLanguage\":\"fr-FR\"}]}<\/script>\n<!-- \/ Yoast SEO plugin. -->","yoast_head_json":{"title":"Tableaux de strat\u00e9gie de blackjack - G\u00e9n\u00e9rer des tableaux pour 1 \u00e0 8 jeux de cartes","description":"Fond\u00e9 en 1998, notre moteur de strat\u00e9gie de base pour le blackjack g\u00e9n\u00e8re des tableaux de strat\u00e9gie optimale pour 1\/2\/3\/4\/5\/6\/7\/8 jeux. Il permet \u00e9galement d'utiliser des filtres personnalis\u00e9s pour les variations.","robots":{"index":"index","follow":"follow","max-snippet":"max-snippet:-1","max-image-preview":"max-image-preview:large","max-video-preview":"max-video-preview:-1"},"canonical":"https:\/\/www.blackjackinfo.com\/fr\/moteur-de-strategie-de-base-pour-le-blackjack\/","og_locale":"fr_FR","og_type":"article","og_title":"Blackjack Strategy Charts - Generate Charts for 1-8 Decks","og_description":"Founded in 1998, our basic blackjack strategy engine generates optimal strategy charts for 1\/2\/3\/4\/5\/6\/7\/8 decks. Allows custom filters for variations too","og_url":"https:\/\/www.blackjackinfo.com\/fr\/moteur-de-strategie-de-base-pour-le-blackjack\/","og_site_name":"BlackjackInfo.com","article_modified_time":"2026-04-02T10:08:33+00:00","twitter_misc":{"Dur\u00e9e de lecture estim\u00e9e":"6 minutes"},"schema":{"@context":"https:\/\/schema.org","@graph":[{"@type":"WebPage","@id":"https:\/\/www.blackjackinfo.com\/blackjack-basic-strategy-engine\/","url":"https:\/\/www.blackjackinfo.com\/blackjack-basic-strategy-engine\/","name":"Tableaux de strat\u00e9gie de blackjack - G\u00e9n\u00e9rer des tableaux pour 1 \u00e0 8 jeux de cartes","isPartOf":{"@id":"https:\/\/www.blackjackinfo.com\/#website"},"datePublished":"2014-10-07T22:31:38+00:00","dateModified":"2026-04-02T10:08:33+00:00","description":"Fond\u00e9 en 1998, notre moteur de strat\u00e9gie de base pour le blackjack g\u00e9n\u00e8re des tableaux de strat\u00e9gie optimale pour 1\/2\/3\/4\/5\/6\/7\/8 jeux. Il permet \u00e9galement d'utiliser des filtres personnalis\u00e9s pour les variations.","breadcrumb":{"@id":"https:\/\/www.blackjackinfo.com\/blackjack-basic-strategy-engine\/#breadcrumb"},"inLanguage":"fr-FR","potentialAction":[{"@type":"ReadAction","target":["https:\/\/www.blackjackinfo.com\/blackjack-basic-strategy-engine\/"]}]},{"@type":"BreadcrumbList","@id":"https:\/\/www.blackjackinfo.com\/blackjack-basic-strategy-engine\/#breadcrumb","itemListElement":[{"@type":"ListItem","position":1,"name":"Home","item":"https:\/\/www.blackjackinfo.com\/"},{"@type":"ListItem","position":2,"name":"Blackjack Basic Strategy Charts"}]},{"@type":"WebSite","@id":"https:\/\/www.blackjackinfo.com\/#website","url":"https:\/\/www.blackjackinfo.com\/","name":"BlackjackInfo.com","description":"Parce que gagner, c'est plus amusant !","potentialAction":[{"@type":"SearchAction","target":{"@type":"EntryPoint","urlTemplate":"https:\/\/www.blackjackinfo.com\/?s={search_term_string}"},"query-input":{"@type":"PropertyValueSpecification","valueRequired":true,"valueName":"search_term_string"}}],"inLanguage":"fr-FR"}]}},"_links":{"self":[{"href":"https:\/\/www.blackjackinfo.com\/fr\/wp-json\/wp\/v2\/pages\/581","targetHints":{"allow":["GET"]}}],"collection":[{"href":"https:\/\/www.blackjackinfo.com\/fr\/wp-json\/wp\/v2\/pages"}],"about":[{"href":"https:\/\/www.blackjackinfo.com\/fr\/wp-json\/wp\/v2\/types\/page"}],"author":[{"embeddable":true,"href":"https:\/\/www.blackjackinfo.com\/fr\/wp-json\/wp\/v2\/users\/2"}],"replies":[{"embeddable":true,"href":"https:\/\/www.blackjackinfo.com\/fr\/wp-json\/wp\/v2\/comments?post=581"}],"version-history":[{"count":23,"href":"https:\/\/www.blackjackinfo.com\/fr\/wp-json\/wp\/v2\/pages\/581\/revisions"}],"predecessor-version":[{"id":10427,"href":"https:\/\/www.blackjackinfo.com\/fr\/wp-json\/wp\/v2\/pages\/581\/revisions\/10427"}],"wp:attachment":[{"href":"https:\/\/www.blackjackinfo.com\/fr\/wp-json\/wp\/v2\/media?parent=581"}],"wp:term":[{"taxonomy":"post_tag","embeddable":true,"href":"https:\/\/www.blackjackinfo.com\/fr\/wp-json\/wp\/v2\/tags?post=581"}],"curies":[{"name":"wp","href":"https:\/\/api.w.org\/{rel}","templated":true}]}}