{"id":585,"date":"2014-10-08T11:17:41","date_gmt":"2014-10-08T16:17:41","guid":{"rendered":"http:\/\/test.blackjackinfo.com\/?page_id=585"},"modified":"2018-06-22T02:43:00","modified_gmt":"2018-06-22T07:43:00","slug":"politique-de-confidentialite","status":"publish","type":"page","link":"https:\/\/www.blackjackinfo.com\/fr\/privacy-policy\/","title":{"rendered":"Politique de confidentialit\u00e9"},"content":{"rendered":"<p>Chez BlackjackInfo, nous nous effor\u00e7ons d'utiliser le principe de la \"r\u00e8gle d'or\" pour guider notre utilisation de toutes les donn\u00e9es que vous nous fournissez.<\/p>\n<p>En d'autres termes, nous traitons vos informations avec la m\u00eame s\u00e9curit\u00e9 et la m\u00eame vigilance que celles que nous attendons nous-m\u00eames.  Dans l'environnement Internet d'aujourd'hui, il est n\u00e9cessaire d'utiliser les informations des visiteurs. Voici donc ce que nous faisons des informations que vous nous fournissez.<\/p>\n<h3>Commentaires<\/h3>\n<p>Lorsque les visiteurs laissent des commentaires sur le site, nous recueillons les donn\u00e9es figurant dans le formulaire de commentaires, ainsi que l'adresse IP du visiteur et la cha\u00eene de l'agent utilisateur du navigateur afin de faciliter la d\u00e9tection des spams.<\/p>\n<p>Une cha\u00eene anonyme cr\u00e9\u00e9e \u00e0 partir de votre adresse \u00e9lectronique (\u00e9galement appel\u00e9e \"hash\") peut \u00eatre fournie au service Gravatar pour v\u00e9rifier si vous l'utilisez. La politique de confidentialit\u00e9 du service Gravatar est disponible ici : https:\/\/automattic.com\/privacy\/. Apr\u00e8s approbation de votre commentaire, votre photo de profil est visible par le public dans le contexte de votre commentaire.<\/p>\n<h3>Si vous choisissez de vous abonner \u00e0 notre lettre d'information gratuite :<\/h3>\n<p>Nous ne voudrions pas que notre adresse \u00e9lectronique soit communiqu\u00e9e \u00e0 qui que ce soit, c'est pourquoi nous sommes tout aussi vigilants avec la v\u00f4tre.<\/p>\n<ul>\n<li>Nous ne partageons pas notre liste avec d'autres sites. Par cons\u00e9quent, tout message que vous recevrez suite \u00e0 votre inscription indiquera clairement qu'il provient de BlackjackInfo.com.<\/li>\n<li>Chaque message que vous recevrez comportera un lien vous permettant de supprimer votre adresse de la liste de diffusion si vous le souhaitez.<\/li>\n<li>Pour plus de protection, chaque ajout ou suppression d'une adresse dans notre liste envoie une confirmation \u00e0 l'adresse, indiquant l'heure et l'adresse IP de l'utilisateur responsable.<\/li>\n<li>Pour la liste d'adresses \u00e9lectroniques, nous utilisons <a href=\"https:\/\/mailchimp.com\/\">MailChimp<\/a> pour stocker et envoyer des bulletins d'information et ne demandent pas d'autres informations vous concernant.  Nous ne disposons que de votre adresse \u00e9lectronique, pas de votre nom ni de votre adresse.<\/li>\n<li>Nous prenons toutes les pr\u00e9cautions raisonnables pour prot\u00e9ger les informations de nos utilisateurs, en maintenant notre serveur et notre logiciel aussi s\u00fbrs que possible.<\/li>\n<\/ul>\n<h3>Enregistrement des activit\u00e9s<\/h3>\n<p>Comme pour tous les sites web, l'interaction de chaque visiteur avec ce site cr\u00e9e une multitude d'entr\u00e9es dans les fichiers journaux de notre serveur.  Ces fichiers comprennent la date et l'heure de votre visite, l'adresse IP \u00e0 partir de laquelle vous visitez le site et tous les d\u00e9tails concernant votre ordinateur ou votre navigateur qui sont fournis par ce dernier.  Ces donn\u00e9es d'acc\u00e8s ne comprennent pas d'informations permettant de vous identifier personnellement, bien que si vous choisissez de fournir de telles informations lors de votre interaction, il serait possible de relier une visite \u00e0 un utilisateur particulier.  Il ne s'agit pas d'une utilisation normale des journaux, mais nous pouvons le faire en cas de fraude ou d'activit\u00e9 malveillante.<\/p>\n<h3>Google Analytics<\/h3>\n<p>Comme la grande majorit\u00e9 des sites web, ce site utilise Google Analytics pour suivre l'\u00e9volution de la recherche et de l'utilisation de notre site par les utilisateurs.  Google Analytics utilise des \"cookies\", qui sont des fichiers texte plac\u00e9s sur votre ordinateur, pour collecter des informations sur le journal et le comportement des visiteurs sous une forme anonyme. Les informations g\u00e9n\u00e9r\u00e9es par le cookie concernant votre utilisation du site sont transmises \u00e0 Google.  Ces informations sont ensuite utilis\u00e9es pour compiler des rapports sur l'utilisation du site web.  Les conditions d'utilisation des donn\u00e9es collect\u00e9es par Google sont disponibles \u00e0 l'adresse suivante\u00a0<a title=\"R\u00e8gles de confidentialit\u00e9 de Google Analytics\" href=\"https:\/\/www.google.com\/intl\/en\/policies\/privacy\/partners\/\">https:\/\/www.google.com\/intl\/en\/policies\/privacy\/partners\/<\/a><\/p>\n<p>Vous pouvez choisir d'accepter ou de refuser les cookies. La plupart des navigateurs Web les acceptent automatiquement par d\u00e9faut, mais vous pouvez modifier les param\u00e8tres de votre navigateur pour les refuser. Si vous refusez les cookies en modifiant les param\u00e8tres de votre navigateur, sachez que cela peut d\u00e9sactiver certaines fonctionnalit\u00e9s de notre site web.<\/p>\n<h3>Notre utilisation des cookies<\/h3>\n<p>En ce qui concerne les \"cookies\", nous pouvons les utiliser sur ce site pour diverses raisons afin d'en faciliter le fonctionnement.  Nous ne les utilisons pas pour suivre vos visites \u00e0 d'autres fins.  Les cookies servent par exemple \u00e0 m\u00e9moriser vos donn\u00e9es de connexion ou \u00e0 g\u00e9rer l'entr\u00e9e d'une commande dans un magasin.<\/p>\n<h3>Relations avec les annonceurs<\/h3>\n<p>Nous pouvons afficher de la publicit\u00e9 pour les visiteurs de ce site et, dans certains cas, les images publicitaires peuvent provenir directement de nos partenaires publicitaires.  Ces annonceurs sont en mesure de voir les informations habituelles du journal Internet pour ces demandes, qui comprennent les informations typiques des fichiers journaux anonymes.  Aucune information personnellement identifiable n'est mise \u00e0 la disposition de nos annonceurs par l'interm\u00e9diaire de notre site, mais tous les param\u00e8tres du navigateur de votre ordinateur qui affectent les donn\u00e9es envoy\u00e9es avec chaque demande seront bien s\u00fbr applicables.  Il s'agit g\u00e9n\u00e9ralement de cookies, d'informations sur l'agent utilisateur et sur la version du logiciel.<\/p>\n<h3>Relations avec les affili\u00e9s<\/h3>\n<p>Certaines de nos relations publicitaires sont des partenariats d'affiliation, qui r\u00e9compensent les \u00e9diteurs sur la base d'une commission pour les affaires qui r\u00e9sultent des publicit\u00e9s sur le site web.  Dans chaque cas, si vous choisissez de faire affaire avec un annonceur qui figure sur notre site, l'entreprise elle-m\u00eame dispose d'une politique de confidentialit\u00e9 qui r\u00e9git l'utilisation de vos informations.  Ces politiques varient consid\u00e9rablement.  Dans de nombreux cas, ces politiques permettent \u00e0 une entreprise de partager des informations sommaires sur les transactions avec ses partenaires publicitaires.  Bien que ces informations ne comprennent g\u00e9n\u00e9ralement pas de donn\u00e9es personnelles identifiables, les limites r\u00e9elles de ce qui peut \u00eatre disponible sont soumises \u00e0 la politique de confidentialit\u00e9 de l'annonceur, que vous pouvez trouver sur son site web.  En tout \u00e9tat de cause, nous n'utiliserons aucune information mise \u00e0 notre disposition d'une mani\u00e8re qui enfreindrait notre politique de \"r\u00e8gle d'or\".<\/p>\n<h3>Divulgation et partage d'informations<\/h3>\n<p>Vos informations personnelles ne seront pas communiqu\u00e9es \u00e0 des tiers, sauf si vous avez demand\u00e9 un produit ou un service :<\/p>\n<p>Nous sommes tenus de fournir ces informations aux partenaires qui ont conclu un accord de confidentialit\u00e9 avec nous ou qui travaillent pour notre compte. Ces soci\u00e9t\u00e9s peuvent utiliser vos informations personnelles pour nous aider \u00e0 vous transmettre nos offres et celles de nos partenaires commerciaux, mais elles n'ont pas le droit de partager ces informations de mani\u00e8re ind\u00e9pendante ;<br \/>\nen r\u00e9ponse \u00e0 des d\u00e9cisions de justice, \u00e0 des citations \u00e0 compara\u00eetre et \u00e0 des proc\u00e9dures judiciaires ;<br \/>\nen cas d'enqu\u00eate, de pr\u00e9vention, de lutte contre les activit\u00e9s ill\u00e9gales, de menaces potentielles pour la s\u00e9curit\u00e9 physique de toute personne, de suspicion de fraude, de violation de nos conditions g\u00e9n\u00e9rales, ou si la loi l'exige ;<\/p>\n<p>en cas d'acquisition ou de fusion, auquel cas vous serez inform\u00e9 avant que vos informations personnelles ne soient transf\u00e9r\u00e9es et soumises \u00e0 une nouvelle politique de confidentialit\u00e9 ;<\/p>\n<p>Vous regardez ou interagissez avec une publicit\u00e9 cibl\u00e9e bas\u00e9e sur des informations personnelles, affich\u00e9e par nous, car dans ce cas vous consentez \u00e0 ce que l'annonceur puisse supposer que vous r\u00e9pondez aux crit\u00e8res de ciblage utilis\u00e9s pour pr\u00e9senter la publicit\u00e9. Toutefois, nous ne fournissons aucune information personnelle \u00e0 l'annonceur. Les annonceurs couvrent un certain nombre de secteurs, notamment les casinos, les commer\u00e7ants et les services de voyage.<\/p>\n<h3>Mises \u00e0 jour et modifications de la politique de confidentialit\u00e9<\/h3>\n<p>Nous pouvons apporter des modifications \u00e0 la pr\u00e9sente politique de confidentialit\u00e9. En cas de mises \u00e0 jour importantes directement li\u00e9es au traitement de vos informations personnelles, vous en serez inform\u00e9 par l'interm\u00e9diaire de votre adresse \u00e9lectronique enregistr\u00e9e et\/ou d'un avis affich\u00e9 sur notre site.<\/p>\n<h3>Un dernier mot<\/h3>\n<p>Quelle quantit\u00e9 de petits caract\u00e8res, n'est-ce pas ?  C'est le monde dans lequel nous vivons aujourd'hui.<\/p>\n<p>Pendant de nombreuses ann\u00e9es, nous avons utilis\u00e9 une politique de protection de la vie priv\u00e9e simple, qui tenait en quelques lignes.  Notre intention n'a jamais chang\u00e9, mais l'obligation de mentionner tous ces d\u00e9tails, elle, a chang\u00e9.<\/p>\n<p>Pour \u00eatre clair, nous voulons traiter vos donn\u00e9es avec le soin qu'elles m\u00e9ritent et les prot\u00e9ger par tous les moyens possibles.<\/p>","protected":false},"excerpt":{"rendered":"<p>Politique de confidentialit\u00e9 de BlackjackInfo.com<\/p>","protected":false},"author":2,"featured_media":0,"parent":0,"menu_order":0,"comment_status":"closed","ping_status":"closed","template":"","meta":{"_acf_changed":false,"footnotes":""},"tags":[],"class_list":["post-585","page","type-page","status-publish","hentry"],"acf":[],"yoast_head":"<!-- This site is optimized with the Yoast SEO plugin v26.6 - https:\/\/yoast.com\/wordpress\/plugins\/seo\/ -->\n<title>Privacy Policy<\/title>\n<meta name=\"description\" content=\"BlackjackInfo.com Privacy Policy\" \/>\n<meta name=\"robots\" content=\"index, follow, max-snippet:-1, max-image-preview:large, max-video-preview:-1\" \/>\n<link rel=\"canonical\" href=\"https:\/\/www.blackjackinfo.com\/fr\/politique-de-confidentialite\/\" \/>\n<meta property=\"og:locale\" content=\"fr_FR\" \/>\n<meta property=\"og:type\" content=\"article\" \/>\n<meta property=\"og:title\" content=\"Privacy Policy\" \/>\n<meta property=\"og:description\" content=\"BlackjackInfo.com Privacy Policy\" \/>\n<meta property=\"og:url\" content=\"https:\/\/www.blackjackinfo.com\/fr\/politique-de-confidentialite\/\" \/>\n<meta property=\"og:site_name\" content=\"BlackjackInfo.com\" \/>\n<meta property=\"article:modified_time\" content=\"2018-06-22T07:43:00+00:00\" \/>\n<meta name=\"twitter:label1\" content=\"Dur\u00e9e de lecture estim\u00e9e\" \/>\n\t<meta name=\"twitter:data1\" content=\"6 minutes\" \/>\n<script type=\"application\/ld+json\" class=\"yoast-schema-graph\">{\"@context\":\"https:\/\/schema.org\",\"@graph\":[{\"@type\":\"WebPage\",\"@id\":\"https:\/\/www.blackjackinfo.com\/privacy-policy\/\",\"url\":\"https:\/\/www.blackjackinfo.com\/privacy-policy\/\",\"name\":\"Privacy Policy\",\"isPartOf\":{\"@id\":\"https:\/\/www.blackjackinfo.com\/#website\"},\"datePublished\":\"2014-10-08T16:17:41+00:00\",\"dateModified\":\"2018-06-22T07:43:00+00:00\",\"description\":\"BlackjackInfo.com Privacy Policy\",\"breadcrumb\":{\"@id\":\"https:\/\/www.blackjackinfo.com\/privacy-policy\/#breadcrumb\"},\"inLanguage\":\"fr-FR\",\"potentialAction\":[{\"@type\":\"ReadAction\",\"target\":[\"https:\/\/www.blackjackinfo.com\/privacy-policy\/\"]}]},{\"@type\":\"BreadcrumbList\",\"@id\":\"https:\/\/www.blackjackinfo.com\/privacy-policy\/#breadcrumb\",\"itemListElement\":[{\"@type\":\"ListItem\",\"position\":1,\"name\":\"Home\",\"item\":\"https:\/\/www.blackjackinfo.com\/\"},{\"@type\":\"ListItem\",\"position\":2,\"name\":\"Privacy Policy\"}]},{\"@type\":\"WebSite\",\"@id\":\"https:\/\/www.blackjackinfo.com\/#website\",\"url\":\"https:\/\/www.blackjackinfo.com\/\",\"name\":\"BlackjackInfo.com\",\"description\":\"Because Winning is More Fun!\",\"potentialAction\":[{\"@type\":\"SearchAction\",\"target\":{\"@type\":\"EntryPoint\",\"urlTemplate\":\"https:\/\/www.blackjackinfo.com\/?s={search_term_string}\"},\"query-input\":{\"@type\":\"PropertyValueSpecification\",\"valueRequired\":true,\"valueName\":\"search_term_string\"}}],\"inLanguage\":\"fr-FR\"}]}<\/script>\n<!-- \/ Yoast SEO plugin. -->","yoast_head_json":{"title":"Politique de confidentialit\u00e9","description":"Politique de confidentialit\u00e9 de BlackjackInfo.com","robots":{"index":"index","follow":"follow","max-snippet":"max-snippet:-1","max-image-preview":"max-image-preview:large","max-video-preview":"max-video-preview:-1"},"canonical":"https:\/\/www.blackjackinfo.com\/fr\/politique-de-confidentialite\/","og_locale":"fr_FR","og_type":"article","og_title":"Privacy Policy","og_description":"BlackjackInfo.com Privacy Policy","og_url":"https:\/\/www.blackjackinfo.com\/fr\/politique-de-confidentialite\/","og_site_name":"BlackjackInfo.com","article_modified_time":"2018-06-22T07:43:00+00:00","twitter_misc":{"Dur\u00e9e de lecture estim\u00e9e":"6 minutes"},"schema":{"@context":"https:\/\/schema.org","@graph":[{"@type":"WebPage","@id":"https:\/\/www.blackjackinfo.com\/privacy-policy\/","url":"https:\/\/www.blackjackinfo.com\/privacy-policy\/","name":"Politique de confidentialit\u00e9","isPartOf":{"@id":"https:\/\/www.blackjackinfo.com\/#website"},"datePublished":"2014-10-08T16:17:41+00:00","dateModified":"2018-06-22T07:43:00+00:00","description":"Politique de confidentialit\u00e9 de BlackjackInfo.com","breadcrumb":{"@id":"https:\/\/www.blackjackinfo.com\/privacy-policy\/#breadcrumb"},"inLanguage":"fr-FR","potentialAction":[{"@type":"ReadAction","target":["https:\/\/www.blackjackinfo.com\/privacy-policy\/"]}]},{"@type":"BreadcrumbList","@id":"https:\/\/www.blackjackinfo.com\/privacy-policy\/#breadcrumb","itemListElement":[{"@type":"ListItem","position":1,"name":"Home","item":"https:\/\/www.blackjackinfo.com\/"},{"@type":"ListItem","position":2,"name":"Privacy Policy"}]},{"@type":"WebSite","@id":"https:\/\/www.blackjackinfo.com\/#website","url":"https:\/\/www.blackjackinfo.com\/","name":"BlackjackInfo.com","description":"Parce que gagner, c'est plus amusant !","potentialAction":[{"@type":"SearchAction","target":{"@type":"EntryPoint","urlTemplate":"https:\/\/www.blackjackinfo.com\/?s={search_term_string}"},"query-input":{"@type":"PropertyValueSpecification","valueRequired":true,"valueName":"search_term_string"}}],"inLanguage":"fr-FR"}]}},"_links":{"self":[{"href":"https:\/\/www.blackjackinfo.com\/fr\/wp-json\/wp\/v2\/pages\/585","targetHints":{"allow":["GET"]}}],"collection":[{"href":"https:\/\/www.blackjackinfo.com\/fr\/wp-json\/wp\/v2\/pages"}],"about":[{"href":"https:\/\/www.blackjackinfo.com\/fr\/wp-json\/wp\/v2\/types\/page"}],"author":[{"embeddable":true,"href":"https:\/\/www.blackjackinfo.com\/fr\/wp-json\/wp\/v2\/users\/2"}],"replies":[{"embeddable":true,"href":"https:\/\/www.blackjackinfo.com\/fr\/wp-json\/wp\/v2\/comments?post=585"}],"version-history":[{"count":8,"href":"https:\/\/www.blackjackinfo.com\/fr\/wp-json\/wp\/v2\/pages\/585\/revisions"}],"predecessor-version":[{"id":3955,"href":"https:\/\/www.blackjackinfo.com\/fr\/wp-json\/wp\/v2\/pages\/585\/revisions\/3955"}],"wp:attachment":[{"href":"https:\/\/www.blackjackinfo.com\/fr\/wp-json\/wp\/v2\/media?parent=585"}],"wp:term":[{"taxonomy":"post_tag","embeddable":true,"href":"https:\/\/www.blackjackinfo.com\/fr\/wp-json\/wp\/v2\/tags?post=585"}],"curies":[{"name":"wp","href":"https:\/\/api.w.org\/{rel}","templated":true}]}}