{"id":590,"date":"2014-10-08T13:54:13","date_gmt":"2014-10-08T18:54:13","guid":{"rendered":"http:\/\/test.blackjackinfo.com\/?page_id=590"},"modified":"2018-06-22T02:26:16","modified_gmt":"2018-06-22T07:26:16","slug":"avis-daffiliation","status":"publish","type":"page","link":"https:\/\/www.blackjackinfo.com\/fr\/affiliate-notice\/","title":{"rendered":"Avis d'affiliation"},"content":{"rendered":"<h3>Qu'est-ce qu'une annonce d'affiliation ?<\/h3>\n<p>La plupart des publicit\u00e9s que vous voyez sur BlackjackInfo sont bas\u00e9es sur un partenariat d'affiliation que nous avons avec le produit ou la marque annonc\u00e9.  Une publicit\u00e9 affili\u00e9e est une publicit\u00e9 o\u00f9 l'\u00e9diteur est r\u00e9mun\u00e9r\u00e9 sur la base d'une commission pour tout produit ou service qu'un visiteur ach\u00e8te \u00e0 l'annonceur apr\u00e8s avoir cliqu\u00e9 sur un lien de ce site.<\/p>\n<h3>L'utilisation d'un lien d'affiliation n'augmente pas vos co\u00fbts<\/h3>\n<p>Si vous visitez l'un de nos annonceurs par l'interm\u00e9diaire d'un de nos liens, vous b\u00e9n\u00e9ficierez des m\u00eames prix et de la m\u00eame proposition de valeur que ceux que vous obtiendriez autrement, et peut-\u00eatre m\u00eame davantage.  En fait, nous concluons souvent des accords exclusifs avec les annonceurs pour le compte de nos visiteurs afin d'obtenir une meilleure offre.  Quoi qu'il en soit, le fait de cliquer sur l'un de nos liens d'affiliation contribue \u00e0 soutenir ce site, <strong>sans aucun frais pour vous<\/strong>.<\/p>\n<h3>Nous sommes tr\u00e8s pointilleux sur les partenaires publicitaires<\/h3>\n<p>En raison de la popularit\u00e9 de ce site, nous recevons un flux constant d'offres de la part de diff\u00e9rentes soci\u00e9t\u00e9s et marques souhaitant travailler avec BlackjackInfo par le biais du marketing d'affiliation.  Cependant, nous refusons presque toutes ces offres.  Avant de choisir de faire des affaires avec un annonceur, celui-ci doit r\u00e9pondre \u00e0 nos normes \u00e9ditoriales et nous convaincre qu'il offrira \u00e0 nos visiteurs un service \u00e9quitable.  Et nous ne cessons jamais d'examiner leurs services pour nous assurer qu'ils sont toujours un partenaire que nous sommes \u00e0 l'aise de promouvoir.<\/p>\n<h3>Lesquelles de nos annonces sont des liens d'affiliation ?<\/h3>\n<p>Bien que toutes nos publicit\u00e9s ne soient pas des publicit\u00e9s d'affiliation, la structure de tout accord publicitaire particulier est susceptible d'\u00eatre modifi\u00e9e.  Par cons\u00e9quent, vous devez supposer que tout lien que vous cliquez sur un autre site peut faire partie d'un accord d'affiliation.<\/p>\n<h3>Pourquoi mentionner tout cela ?<\/h3>\n<p>La transparence permet la confiance, et nous esp\u00e9rons continuer \u00e0 \u00eatre une source d'information fiable pour la communaut\u00e9 du blackjack et des jeux de casino.  Le marketing d'affiliation est vraiment une situation gagnant-gagnant-gagnant :  BlackjackInfo b\u00e9n\u00e9ficie d'une source de revenus, les annonceurs obtiennent de nouveaux clients gr\u00e2ce \u00e0 leur exposition ici, et vous, les visiteurs, b\u00e9n\u00e9ficiez du d\u00e9veloppement continu d'informations et de ressources gratuites.  C'est une bonne affaire pour tout le monde.<\/p>","protected":false},"excerpt":{"rendered":"<p>What is an Affiliate Ad? Many of the advertisements that you see on BlackjackInfo are based on an affiliate partnership we have with the product or brand being advertised.\u00a0 An affiliate ad is one where the publisher is compensated on a commission basis for any products or services that a visitor buys from the advertiser [&hellip;]<\/p>\n","protected":false},"author":2,"featured_media":0,"parent":0,"menu_order":0,"comment_status":"closed","ping_status":"closed","template":"","meta":{"_acf_changed":false,"footnotes":""},"tags":[],"class_list":["post-590","page","type-page","status-publish","hentry"],"acf":[],"yoast_head":"<!-- This site is optimized with the Yoast SEO plugin v26.6 - https:\/\/yoast.com\/wordpress\/plugins\/seo\/ -->\n<title>Affiliate Notice<\/title>\n<meta name=\"description\" content=\"What is an Affiliate Ad? Many of the advertisements that you see on BlackjackInfo are based on an affiliate partnership we have with the product or brand\" \/>\n<meta name=\"robots\" content=\"index, follow, max-snippet:-1, max-image-preview:large, max-video-preview:-1\" \/>\n<link rel=\"canonical\" href=\"https:\/\/www.blackjackinfo.com\/fr\/avis-daffiliation\/\" \/>\n<meta property=\"og:locale\" content=\"fr_FR\" \/>\n<meta property=\"og:type\" content=\"article\" \/>\n<meta property=\"og:title\" content=\"Affiliate Notice\" \/>\n<meta property=\"og:description\" content=\"What is an Affiliate Ad? Many of the advertisements that you see on BlackjackInfo are based on an affiliate partnership we have with the product or brand\" \/>\n<meta property=\"og:url\" content=\"https:\/\/www.blackjackinfo.com\/fr\/avis-daffiliation\/\" \/>\n<meta property=\"og:site_name\" content=\"BlackjackInfo.com\" \/>\n<meta property=\"article:modified_time\" content=\"2018-06-22T07:26:16+00:00\" \/>\n<meta name=\"twitter:label1\" content=\"Dur\u00e9e de lecture estim\u00e9e\" \/>\n\t<meta name=\"twitter:data1\" content=\"2 minutes\" \/>\n<script type=\"application\/ld+json\" class=\"yoast-schema-graph\">{\"@context\":\"https:\/\/schema.org\",\"@graph\":[{\"@type\":\"WebPage\",\"@id\":\"https:\/\/www.blackjackinfo.com\/affiliate-notice\/\",\"url\":\"https:\/\/www.blackjackinfo.com\/affiliate-notice\/\",\"name\":\"Affiliate Notice\",\"isPartOf\":{\"@id\":\"https:\/\/www.blackjackinfo.com\/#website\"},\"datePublished\":\"2014-10-08T18:54:13+00:00\",\"dateModified\":\"2018-06-22T07:26:16+00:00\",\"description\":\"What is an Affiliate Ad? Many of the advertisements that you see on BlackjackInfo are based on an affiliate partnership we have with the product or brand\",\"breadcrumb\":{\"@id\":\"https:\/\/www.blackjackinfo.com\/affiliate-notice\/#breadcrumb\"},\"inLanguage\":\"fr-FR\",\"potentialAction\":[{\"@type\":\"ReadAction\",\"target\":[\"https:\/\/www.blackjackinfo.com\/affiliate-notice\/\"]}]},{\"@type\":\"BreadcrumbList\",\"@id\":\"https:\/\/www.blackjackinfo.com\/affiliate-notice\/#breadcrumb\",\"itemListElement\":[{\"@type\":\"ListItem\",\"position\":1,\"name\":\"Home\",\"item\":\"https:\/\/www.blackjackinfo.com\/\"},{\"@type\":\"ListItem\",\"position\":2,\"name\":\"Affiliate Notice\"}]},{\"@type\":\"WebSite\",\"@id\":\"https:\/\/www.blackjackinfo.com\/#website\",\"url\":\"https:\/\/www.blackjackinfo.com\/\",\"name\":\"BlackjackInfo.com\",\"description\":\"Because Winning is More Fun!\",\"potentialAction\":[{\"@type\":\"SearchAction\",\"target\":{\"@type\":\"EntryPoint\",\"urlTemplate\":\"https:\/\/www.blackjackinfo.com\/?s={search_term_string}\"},\"query-input\":{\"@type\":\"PropertyValueSpecification\",\"valueRequired\":true,\"valueName\":\"search_term_string\"}}],\"inLanguage\":\"fr-FR\"}]}<\/script>\n<!-- \/ Yoast SEO plugin. -->","yoast_head_json":{"title":"Avis d'affiliation","description":"Qu'est-ce qu'une publicit\u00e9 affili\u00e9e ? La plupart des publicit\u00e9s que vous voyez sur BlackjackInfo sont bas\u00e9es sur un partenariat d'affiliation que nous avons avec le produit ou la marque.","robots":{"index":"index","follow":"follow","max-snippet":"max-snippet:-1","max-image-preview":"max-image-preview:large","max-video-preview":"max-video-preview:-1"},"canonical":"https:\/\/www.blackjackinfo.com\/fr\/avis-daffiliation\/","og_locale":"fr_FR","og_type":"article","og_title":"Affiliate Notice","og_description":"What is an Affiliate Ad? Many of the advertisements that you see on BlackjackInfo are based on an affiliate partnership we have with the product or brand","og_url":"https:\/\/www.blackjackinfo.com\/fr\/avis-daffiliation\/","og_site_name":"BlackjackInfo.com","article_modified_time":"2018-06-22T07:26:16+00:00","twitter_misc":{"Dur\u00e9e de lecture estim\u00e9e":"2 minutes"},"schema":{"@context":"https:\/\/schema.org","@graph":[{"@type":"WebPage","@id":"https:\/\/www.blackjackinfo.com\/affiliate-notice\/","url":"https:\/\/www.blackjackinfo.com\/affiliate-notice\/","name":"Avis d'affiliation","isPartOf":{"@id":"https:\/\/www.blackjackinfo.com\/#website"},"datePublished":"2014-10-08T18:54:13+00:00","dateModified":"2018-06-22T07:26:16+00:00","description":"Qu'est-ce qu'une publicit\u00e9 affili\u00e9e ? La plupart des publicit\u00e9s que vous voyez sur BlackjackInfo sont bas\u00e9es sur un partenariat d'affiliation que nous avons avec le produit ou la marque.","breadcrumb":{"@id":"https:\/\/www.blackjackinfo.com\/affiliate-notice\/#breadcrumb"},"inLanguage":"fr-FR","potentialAction":[{"@type":"ReadAction","target":["https:\/\/www.blackjackinfo.com\/affiliate-notice\/"]}]},{"@type":"BreadcrumbList","@id":"https:\/\/www.blackjackinfo.com\/affiliate-notice\/#breadcrumb","itemListElement":[{"@type":"ListItem","position":1,"name":"Home","item":"https:\/\/www.blackjackinfo.com\/"},{"@type":"ListItem","position":2,"name":"Affiliate Notice"}]},{"@type":"WebSite","@id":"https:\/\/www.blackjackinfo.com\/#website","url":"https:\/\/www.blackjackinfo.com\/","name":"BlackjackInfo.com","description":"Parce que gagner, c'est plus amusant !","potentialAction":[{"@type":"SearchAction","target":{"@type":"EntryPoint","urlTemplate":"https:\/\/www.blackjackinfo.com\/?s={search_term_string}"},"query-input":{"@type":"PropertyValueSpecification","valueRequired":true,"valueName":"search_term_string"}}],"inLanguage":"fr-FR"}]}},"_links":{"self":[{"href":"https:\/\/www.blackjackinfo.com\/fr\/wp-json\/wp\/v2\/pages\/590","targetHints":{"allow":["GET"]}}],"collection":[{"href":"https:\/\/www.blackjackinfo.com\/fr\/wp-json\/wp\/v2\/pages"}],"about":[{"href":"https:\/\/www.blackjackinfo.com\/fr\/wp-json\/wp\/v2\/types\/page"}],"author":[{"embeddable":true,"href":"https:\/\/www.blackjackinfo.com\/fr\/wp-json\/wp\/v2\/users\/2"}],"replies":[{"embeddable":true,"href":"https:\/\/www.blackjackinfo.com\/fr\/wp-json\/wp\/v2\/comments?post=590"}],"version-history":[{"count":4,"href":"https:\/\/www.blackjackinfo.com\/fr\/wp-json\/wp\/v2\/pages\/590\/revisions"}],"predecessor-version":[{"id":594,"href":"https:\/\/www.blackjackinfo.com\/fr\/wp-json\/wp\/v2\/pages\/590\/revisions\/594"}],"wp:attachment":[{"href":"https:\/\/www.blackjackinfo.com\/fr\/wp-json\/wp\/v2\/media?parent=590"}],"wp:term":[{"taxonomy":"post_tag","embeddable":true,"href":"https:\/\/www.blackjackinfo.com\/fr\/wp-json\/wp\/v2\/tags?post=590"}],"curies":[{"name":"wp","href":"https:\/\/api.w.org\/{rel}","templated":true}]}}