{"id":5961,"date":"2023-12-11T01:18:34","date_gmt":"2023-12-11T07:18:34","guid":{"rendered":"http:\/\/www.blackjackinfo.com\/?page_id=5961"},"modified":"2023-12-11T01:23:31","modified_gmt":"2023-12-11T07:23:31","slug":"blackjack-en-ligne-legal-dans-le-delaware","status":"publish","type":"page","link":"https:\/\/www.blackjackinfo.com\/fr\/us\/delaware-online-casinos\/legal-online-blackjack-in-delaware\/","title":{"rendered":"Blackjack en ligne l\u00e9gal au Delaware"},"content":{"rendered":"<p>Malgr\u00e9 sa taille, le Delaware est entr\u00e9 dans l'histoire en 2012 en devenant le premier \u00c9tat \u00e0 l\u00e9galiser les jeux d'argent en ligne. L'ann\u00e9e suivante, la Delaware Lottery et 888 Holdings se sont associ\u00e9s aux trois principaux casinos de l'\u00c9tat pour lancer leurs sites de jeux en ligne respectifs. \u00c0 l'heure actuelle, ce sont les seules plateformes autoris\u00e9es \u00e0 fonctionner dans l'\u00c9tat.<\/p>\n<p>Ces sites ne disposent pas d'une vaste collection de jeux de blackjack, mais il y a suffisamment d'options pour satisfaire tous les amateurs de ce classique des casinos. Vous trouverez ci-dessous des conseils et des strat\u00e9gies pour le blackjack, ainsi que les meilleurs sites pour jouer au blackjack dans le Delaware.<\/p>\n<h2>Les meilleurs sites de Blackjack en ligne au Delaware<\/h2>\n\n<div class=\"row\">\n\t\t<div class=\"col-md-12\">\n\t\t\t<div class=\"table-responsive-lg\">\n\t\t\t\t<table cellspacing=\"0\" class=\"casino-table\">\n\t\t\t\t\t<thead>\n\t\t\t\t\t\t<tr class=\"text-secondary hidden-xs\" style=\"height: 54px;\">\n\t\t\t\t\t\t\t<th><span class=\"flag-icon flag-icon-\"><\/th>\n\t\t\t\t\t\t\t<th class=\"text-center\" scope=\"col\">CASINO<\/th>\n\t\t\t\t\t\t\t<th class=\"text-center\" scope=\"col\">NOTATION<\/th>\n                            <th scope=\"col\" class=\"text-center\">BONUS<\/th>\n                            <th scope=\"col\" class=\"text-center\">JOUER<\/th><\/tr>\n\t\t\t\t\t<\/thead>\n\t\t\t\t\t<tbody>\n                <tr>\n                    <td><span class=\"ranking-number\">1<\/span><\/td>\n                    <td class=\"casino-logo\"><a rel=\"nofollow\" target=\"_blank\" href=\"https:\/\/www.blackjackinfo.com\/fr\/goto\/bovada-homepage\/\"><img decoding=\"async\" class=\"mx-auto\" src=\"https:\/\/www.blackjackinfo.com\/files\/bovada.png\" data-no-auto-translation=\"\"><\/a>\n                    <span class=\"casino-name\"><a href=\"https:\/\/www.blackjackinfo.com\/fr\/casino\/bovada\/\">Bovada<\/a><\/span>\n                    <\/td>\n                    <td class=\"star-rating\">\n                    <i class=\"fa fa-star\" aria-hidden=\"true\"><\/i><i class=\"fa fa-star\" aria-hidden=\"true\"><\/i><i class=\"fa fa-star\" aria-hidden=\"true\"><\/i><i class=\"fa fa-star\" aria-hidden=\"true\"><\/i><i class=\"fa fa-star-half-o\" aria-hidden=\"true\"><\/i><\/td>\n                    <td class=\"bonus-details\">\n                        <div class=\"bonus-text\">100% jusqu'\u00e0 $1 000<\/div> <span class=\"bonus-text-type\">Bonus d'inscription<\/span><\/td>\n                    <td class=\"play text-center\">\n                        <a rel=\"nofollow\" target=\"_blank\" class=\"btn btn-lg btn-success\" href=\"https:\/\/www.blackjackinfo.com\/fr\/goto\/bovada-homepage\/\">Jouer maintenant<\/a>\n                        \n\t\t\t\t\t\t\t\t\t\t\t\t\t\t\t\t\t\t\t\t<\/td>\n\t\t\t\t\t\t\t\t\t\t\t\t\t\t\t\t\t\t\t<\/tr>\n                <tr>\n                    <td><span class=\"ranking-number\">2<\/span><\/td>\n                    <td class=\"casino-logo\"><a rel=\"nofollow\" target=\"_blank\" href=\"https:\/\/www.blackjackinfo.com\/fr\/goto\/ignition-casino-live-dealer\/\"><img decoding=\"async\" class=\"mx-auto\" src=\"https:\/\/www.blackjackinfo.com\/files\/ignition-casino-logo.png\" data-no-auto-translation=\"\"><\/a>\n                    <span class=\"casino-name\"><a href=\"https:\/\/www.blackjackinfo.com\/fr\/casino\/ignition-casino\/\">Ignition Casino<\/a><\/span>\n                    <\/td>\n                    <td class=\"star-rating\">\n                    <i class=\"fa fa-star\" aria-hidden=\"true\"><\/i><i class=\"fa fa-star\" aria-hidden=\"true\"><\/i><i class=\"fa fa-star\" aria-hidden=\"true\"><\/i><i class=\"fa fa-star\" aria-hidden=\"true\"><\/i><i class=\"fa fa-star-half-o\" aria-hidden=\"true\"><\/i><\/td>\n                    <td class=\"bonus-details\">\n                        <div class=\"bonus-text\">100% jusqu'\u00e0 $1 000<\/div> <span class=\"bonus-text-type\">Bonus d'inscription<\/span><\/td>\n                    <td class=\"play text-center\">\n                        <a rel=\"nofollow\" target=\"_blank\" class=\"btn btn-lg btn-success\" href=\"https:\/\/www.blackjackinfo.com\/fr\/goto\/ignition-casino-live-dealer\/\">Jouer maintenant<\/a>\n                        \n\t\t\t\t\t\t\t\t\t\t\t\t\t\t\t\t\t\t\t\t<\/td>\n\t\t\t\t\t\t\t\t\t\t\t\t\t\t\t\t\t\t\t<\/tr>\n                <tr>\n                    <td><span class=\"ranking-number\">3<\/span><\/td>\n                    <td class=\"casino-logo\"><a rel=\"nofollow\" target=\"_blank\" href=\"https:\/\/www.blackjackinfo.com\/fr\/goto\/vipslots-homepage\/\"><img decoding=\"async\" class=\"mx-auto\" src=\"https:\/\/www.blackjackinfo.com\/files\/VipSlots-500x250_dark.svg\" data-no-auto-translation=\"\"><\/a>\n                    <span class=\"casino-name\"><a href=\"https:\/\/www.blackjackinfo.com\/fr\/casino\/vipslots-casino\/\">VipSlots Casino<\/a><\/span>\n                    <\/td>\n                    <td class=\"star-rating\">\n                    <i class=\"fa fa-star\" aria-hidden=\"true\"><\/i><i class=\"fa fa-star\" aria-hidden=\"true\"><\/i><i class=\"fa fa-star\" aria-hidden=\"true\"><\/i><i class=\"fa fa-star\" aria-hidden=\"true\"><\/i><i class=\"fa fa-star-half-o\" aria-hidden=\"true\"><\/i><\/td>\n                    <td class=\"bonus-details\">\n                        <div class=\"bonus-text\">100 SPINS GRATUITS sur Secret Life of Cats<\/div> <span class=\"bonus-text-type\">Bonus sans d\u00e9p\u00f4t<\/span><\/td>\n                    <td class=\"play text-center\">\n                        <a rel=\"nofollow\" target=\"_blank\" class=\"btn btn-lg btn-success\" href=\"https:\/\/www.blackjackinfo.com\/fr\/goto\/vipslots-homepage\/\">Jouer maintenant<\/a>\n                        \n\t\t\t\t\t\t\t\t\t\t\t\t\t\t\t\t\t\t\t\t<\/td>\n\t\t\t\t\t\t\t\t\t\t\t\t\t\t\t\t\t\t\t<\/tr>\n                <tr>\n                    <td><span class=\"ranking-number\">4<\/span><\/td>\n                    <td class=\"casino-logo\"><a rel=\"nofollow\" target=\"_blank\" href=\"https:\/\/www.blackjackinfo.com\/fr\/goto\/vegas-casino-online-default\/\"><img decoding=\"async\" class=\"mx-auto\" src=\"https:\/\/www.blackjackinfo.com\/files\/vegas_casino_online.png\" data-no-auto-translation=\"\"><\/a>\n                    <span class=\"casino-name\"><a href=\"https:\/\/www.blackjackinfo.com\/fr\/casino\/vegas-casino-online-2\/\">Casino en ligne de Vegas<\/a><\/span>\n                    <\/td>\n                    <td class=\"star-rating\">\n                    <i class=\"fa fa-star\" aria-hidden=\"true\"><\/i><i class=\"fa fa-star\" aria-hidden=\"true\"><\/i><i class=\"fa fa-star\" aria-hidden=\"true\"><\/i><i class=\"fa fa-star\" aria-hidden=\"true\"><\/i><i class=\"fa fa-star-half-o\" aria-hidden=\"true\"><\/i><\/td>\n                    <td class=\"bonus-details\">\n                        <div class=\"bonus-text\">300% jusqu'\u00e0 $3,000<\/div> <span class=\"bonus-text-type\">Bonus d'inscription<\/span><\/td>\n                    <td class=\"play text-center\">\n                        <a rel=\"nofollow\" target=\"_blank\" class=\"btn btn-lg btn-success\" href=\"https:\/\/www.blackjackinfo.com\/fr\/goto\/vegas-casino-online-default\/\">Jouer maintenant<\/a>\n                        \n\t\t\t\t\t\t\t\t\t\t\t\t\t\t\t\t\t\t\t\t<\/td>\n\t\t\t\t\t\t\t\t\t\t\t\t\t\t\t\t\t\t\t<\/tr>\n                <tr>\n                    <td><span class=\"ranking-number\">5<\/span><\/td>\n                    <td class=\"casino-logo\"><a rel=\"nofollow\" target=\"_blank\" href=\"https:\/\/www.blackjackinfo.com\/fr\/goto\/cafe-casino\/\"><img decoding=\"async\" class=\"mx-auto\" src=\"https:\/\/www.blackjackinfo.com\/files\/cafe-casino-logo.svg\" data-no-auto-translation=\"\"><\/a>\n                    <span class=\"casino-name\"><a href=\"https:\/\/www.blackjackinfo.com\/fr\/casino\/cafe-casino\/\">Caf\u00e9 Casino<\/a><\/span>\n                    <\/td>\n                    <td class=\"star-rating\">\n                    <i class=\"fa fa-star\" aria-hidden=\"true\"><\/i><i class=\"fa fa-star\" aria-hidden=\"true\"><\/i><i class=\"fa fa-star\" aria-hidden=\"true\"><\/i><i class=\"fa fa-star\" aria-hidden=\"true\"><\/i><i class=\"fa fa-star-half-o\" aria-hidden=\"true\"><\/i><\/td>\n                    <td class=\"bonus-details\">\n                        <div class=\"bonus-text\">250% jusqu'\u00e0 $1,500<\/div> <span class=\"bonus-text-type\">Bonus d'inscription<\/span><\/td>\n                    <td class=\"play text-center\">\n                        <a rel=\"nofollow\" target=\"_blank\" class=\"btn btn-lg btn-success\" href=\"https:\/\/www.blackjackinfo.com\/fr\/goto\/cafe-casino\/\">Jouer maintenant<\/a>\n                        \n\t\t\t\t\t\t\t\t\t\t\t\t\t\t\t\t\t\t\t\t<\/td>\n\t\t\t\t\t\t\t\t\t\t\t\t\t\t\t\t\t\t\t<\/tr><\/tbody>\n\t\t<\/table>\n\t<\/div>\n<\/div>\n<\/div>\n\n<h2>O\u00f9 puis-je jouer au Blackjack en ligne au Delaware ?<\/h2>\n<p>Comme nous l'avons d\u00e9j\u00e0 mentionn\u00e9, il n'y a que trois casinos en ligne l\u00e9gaux au Delaware, et ils proposent tous des jeux de blackjack de qualit\u00e9. Ces sites sont g\u00e9r\u00e9s par des casinos terrestres r\u00e9put\u00e9s, vous pouvez donc vous attendre \u00e0 un service de qualit\u00e9. Voici tout ce que vous devez savoir sur ces plateformes.<\/p>\n<h3>1.    Casino en ligne Bally's Dover<\/h3>\n<p>Le casino en ligne Bally's Dover a \u00e9t\u00e9 mis en service en 2013 en tant que filiale virtuelle du plus grand casino terrestre de l'\u00c9tat. La plateforme pr\u00e9sente un th\u00e8me simple rouge et noir avec plus de 90 machines \u00e0 sous et seulement 8 jeux de table. Vous pouvez jouer au Blackjack classique sur le site pour de l'argent r\u00e9el, \u00e0 condition d'\u00eatre domicili\u00e9 dans l'\u00c9tat et d'avoir au moins 21 ans.<\/p>\n<p>Les nouveaux joueurs du casino en ligne Bally's Dover recevront un bonus sans d\u00e9p\u00f4t de $10 apr\u00e8s avoir cr\u00e9\u00e9 un compte. Par la suite, ils pourront profiter d'un bonus de 100% pour leurs premiers d\u00e9p\u00f4ts entre $20 et $100.<\/p>\n<h3>2.    Casino Delaware Park<\/h3>\n<p>Delaware Park est une autre plateforme de jeux en ligne qui a \u00e9t\u00e9 lanc\u00e9e en 2013 gr\u00e2ce au partenariat entre le casino terrestre de Wilmington et la loterie de l'\u00c9tat.<\/p>\n<p>Le syst\u00e8me en ligne du casino est \u00e9galement une gracieuset\u00e9 de 888 Holdings. Il pr\u00e9sente donc un design similaire \u00e0 celui de Bally's Dover et une biblioth\u00e8que de jeux presque identique. Les joueurs peuvent choisir parmi les 107 machines \u00e0 sous et jackpots disponibles. Pendant ce temps, les amateurs de blackjack doivent se contenter du Classic Blackjack de Microgaming, qui a un RTP de 99,41% et un mod\u00e8le de paiement de 3:2.<\/p>\n<p>L'offre de bienvenue du Casino Delaware Park comprend 20 tours gratuits et un bonus instantan\u00e9 de 100% pouvant atteindre $100. D'autres offres sont \u00e9galement propos\u00e9es apr\u00e8s l'inscription, notamment un bonus de cashback de 10% le mardi et des bons de jeu gratuits hebdomadaires.<\/p>\n<h3>3.    Harrington Raceway &amp; Casino<\/h3>\n<p>Harrington Raceway &amp; Casino est le troisi\u00e8me et dernier site de jeux en ligne de l'\u00c9tat et un autre produit du partenariat entre 888 Holdings et la loterie de l'\u00c9tat. Le casino dispose d'une application mobile qui peut \u00eatre t\u00e9l\u00e9charg\u00e9e sur les appareils Android et iOS. Il propose plus de 90 machines \u00e0 sous et une seule option de blackjack.<\/p>\n<p>Comme les autres casinos de blackjack en ligne de DE, il n'y a pas d'options en direct, et vous devez \u00eatre \u00e2g\u00e9 d'au moins 21 ans et r\u00e9sider dans l'\u00e9tat pour jouer. Il y a \u00e9galement un bonus sans d\u00e9p\u00f4t de $10 et un bonus de correspondance de 100% jusqu'\u00e0 $100.<\/p>\n<h2>Comment jouer au Blackjack<\/h2>\n<p>La simplicit\u00e9 du blackjack en ligne contribue \u00e0 sa popularit\u00e9 dans le premier \u00c9tat. Vous pouvez apprendre \u00e0 jouer et gagner en quelques minutes.<\/p>\n<p>Le but du jeu est de se rapprocher le plus possible de 21 sans le d\u00e9passer et d'avoir une main sup\u00e9rieure \u00e0 celle du croupier. Si vous obtenez une main sup\u00e9rieure \u00e0 21, on appelle cela un bust et vous perdez. Si vous et le croupier avez le m\u00eame nombre, on consid\u00e8re qu'il s'agit d'un push, et votre mise est rembours\u00e9e.<\/p>\n<p>Au d\u00e9but du jeu, vous recevez deux cartes ferm\u00e9es. Pendant ce temps, le croupier re\u00e7oit une carte face cach\u00e9e et l'autre face visible. Si vos deux premi\u00e8res cartes ne forment pas un blackjack instantan\u00e9, vous devrez effectuer l'un des mouvements suivants :<\/p>\n<ul>\n<li><strong>Support<\/strong>: Ici, vous choisissez de ne pas prendre de carte suppl\u00e9mentaire, soit parce que vous \u00eates convaincu que votre main est meilleure que celle du croupier, soit parce que vous craignez qu'une carte suppl\u00e9mentaire ne vous mette hors jeu.<\/li>\n<li><strong>Frapper<\/strong>: Vous demandez une carte suppl\u00e9mentaire au croupier, soit parce que votre main actuelle est trop faible, soit parce que vous voulez simplement am\u00e9liorer votre position.<\/li>\n<li><strong>Doubler la mise<\/strong>: Si vous avez confiance en votre main, ce mouvement vous permet de doubler la taille de votre mise avant que le croupier ne r\u00e9v\u00e8le la deuxi\u00e8me carte.<\/li>\n<li><strong>S\u00e9parer<\/strong>: Vous pouvez s\u00e9parer vos deux cartes en deux mains distinctes si elles ont des valeurs identiques. Chaque main est alors oppos\u00e9e au croupier, et le r\u00e9sultat de l'une n'affecte pas l'autre.<\/li>\n<li><strong>La reddition<\/strong>: Si vous estimez que vous ne pouvez pas gagner apr\u00e8s la distribution des cartes, vous pouvez hisser le drapeau blanc et perdre la moiti\u00e9 de votre mise.<\/li>\n<\/ul>\n<h2>Conseils de base pour le Blackjack<\/h2>\n<p>Bien que le hasard soit le facteur d\u00e9terminant de l'issue des parties de blackjack, votre strat\u00e9gie joue \u00e9galement un r\u00f4le important. Certains mouvements bas\u00e9s sur votre main ou sur la carte sup\u00e9rieure du croupier peuvent faire pencher la balance en votre faveur.<\/p>\n<p>Voici quelques conseils \u00e0 prendre en compte lorsque vous jouez sur un site de blackjack en ligne du Delaware.<\/p>\n<ul>\n<li>Doublez la mise si la carte du croupier est 4-6, et que vous avez un as et un 4.<\/li>\n<li>Rendez-vous toujours lorsque vous avez un 16 et que le croupier a un 9-A.<\/li>\n<li>Restez debout si la carte du croupier est un 7 et que vous avez une paire de 9.<\/li>\n<li>Si vous avez une paire de 8 ou d'as, divisez toujours pour gagner plus d'argent.<\/li>\n<li>Restez \u00e0 l'\u00e9cart des paris sur l'assurance.<\/li>\n<li>\u00c9vitez les tables de blackjack avec un rapport de 6:5, car cela augmente l'avantage de la maison de 1,45%.<\/li>\n<li>Choisissez toujours des tables qui rapportent 3:2.<\/li>\n<\/ul>","protected":false},"excerpt":{"rendered":"<p>Despite its size, Delaware made history in 2012 by becoming the first state to legalize online gambling. The following year, the Delaware Lottery and 888 Holdings partnered with the three major casinos in the state to launch their respective online gambling sites. At the moment, those are the only platforms allowed to run in the [&hellip;]<\/p>\n","protected":false},"author":4,"featured_media":0,"parent":5570,"menu_order":0,"comment_status":"closed","ping_status":"closed","template":"","meta":{"_acf_changed":false,"footnotes":""},"tags":[],"class_list":["post-5961","page","type-page","status-publish","hentry"],"acf":[],"yoast_head":"<!-- This site is optimized with the Yoast SEO plugin v26.6 - https:\/\/yoast.com\/wordpress\/plugins\/seo\/ -->\n<title>Legal Online Blackjack in Delaware<\/title>\n<meta name=\"description\" content=\"Despite its size, Delaware made history in 2012 by becoming the first state to legalize online gambling. The following year, the Delaware Lottery and 888\" \/>\n<meta name=\"robots\" content=\"index, follow, max-snippet:-1, max-image-preview:large, max-video-preview:-1\" \/>\n<link rel=\"canonical\" href=\"https:\/\/www.blackjackinfo.com\/fr\/nous\/casinos-en-ligne-delaware\/blackjack-en-ligne-legal-dans-le-delaware\/\" \/>\n<meta property=\"og:locale\" content=\"fr_FR\" \/>\n<meta property=\"og:type\" content=\"article\" \/>\n<meta property=\"og:title\" content=\"Legal Online Blackjack in Delaware\" \/>\n<meta property=\"og:description\" content=\"Despite its size, Delaware made history in 2012 by becoming the first state to legalize online gambling. The following year, the Delaware Lottery and 888\" \/>\n<meta property=\"og:url\" content=\"https:\/\/www.blackjackinfo.com\/fr\/nous\/casinos-en-ligne-delaware\/blackjack-en-ligne-legal-dans-le-delaware\/\" \/>\n<meta property=\"og:site_name\" content=\"BlackjackInfo.com\" \/>\n<meta property=\"article:modified_time\" content=\"2023-12-11T07:23:31+00:00\" \/>\n<meta name=\"twitter:label1\" content=\"Dur\u00e9e de lecture estim\u00e9e\" \/>\n\t<meta name=\"twitter:data1\" content=\"4 minutes\" \/>\n<script type=\"application\/ld+json\" class=\"yoast-schema-graph\">{\"@context\":\"https:\/\/schema.org\",\"@graph\":[{\"@type\":\"WebPage\",\"@id\":\"https:\/\/www.blackjackinfo.com\/us\/delaware-online-casinos\/legal-online-blackjack-in-delaware\/\",\"url\":\"https:\/\/www.blackjackinfo.com\/us\/delaware-online-casinos\/legal-online-blackjack-in-delaware\/\",\"name\":\"Legal Online Blackjack in Delaware\",\"isPartOf\":{\"@id\":\"https:\/\/www.blackjackinfo.com\/#website\"},\"datePublished\":\"2023-12-11T07:18:34+00:00\",\"dateModified\":\"2023-12-11T07:23:31+00:00\",\"description\":\"Despite its size, Delaware made history in 2012 by becoming the first state to legalize online gambling. The following year, the Delaware Lottery and 888\",\"breadcrumb\":{\"@id\":\"https:\/\/www.blackjackinfo.com\/us\/delaware-online-casinos\/legal-online-blackjack-in-delaware\/#breadcrumb\"},\"inLanguage\":\"fr-FR\",\"potentialAction\":[{\"@type\":\"ReadAction\",\"target\":[\"https:\/\/www.blackjackinfo.com\/us\/delaware-online-casinos\/legal-online-blackjack-in-delaware\/\"]}]},{\"@type\":\"BreadcrumbList\",\"@id\":\"https:\/\/www.blackjackinfo.com\/us\/delaware-online-casinos\/legal-online-blackjack-in-delaware\/#breadcrumb\",\"itemListElement\":[{\"@type\":\"ListItem\",\"position\":1,\"name\":\"Home\",\"item\":\"https:\/\/www.blackjackinfo.com\/\"},{\"@type\":\"ListItem\",\"position\":2,\"name\":\"Online Casinos in the US\",\"item\":\"https:\/\/www.blackjackinfo.com\/us\/\"},{\"@type\":\"ListItem\",\"position\":3,\"name\":\"Delaware Online Casinos\",\"item\":\"https:\/\/www.blackjackinfo.com\/us\/delaware-online-casinos\/\"},{\"@type\":\"ListItem\",\"position\":4,\"name\":\"Legal Online Blackjack in Delaware\"}]},{\"@type\":\"WebSite\",\"@id\":\"https:\/\/www.blackjackinfo.com\/#website\",\"url\":\"https:\/\/www.blackjackinfo.com\/\",\"name\":\"BlackjackInfo.com\",\"description\":\"Because Winning is More Fun!\",\"potentialAction\":[{\"@type\":\"SearchAction\",\"target\":{\"@type\":\"EntryPoint\",\"urlTemplate\":\"https:\/\/www.blackjackinfo.com\/?s={search_term_string}\"},\"query-input\":{\"@type\":\"PropertyValueSpecification\",\"valueRequired\":true,\"valueName\":\"search_term_string\"}}],\"inLanguage\":\"fr-FR\"}]}<\/script>\n<!-- \/ Yoast SEO plugin. -->","yoast_head_json":{"title":"Blackjack en ligne l\u00e9gal au Delaware","description":"Malgr\u00e9 sa taille, le Delaware est entr\u00e9 dans l'histoire en 2012 en devenant le premier \u00c9tat \u00e0 l\u00e9galiser les jeux d'argent en ligne. L'ann\u00e9e suivante, la loterie du Delaware et 888","robots":{"index":"index","follow":"follow","max-snippet":"max-snippet:-1","max-image-preview":"max-image-preview:large","max-video-preview":"max-video-preview:-1"},"canonical":"https:\/\/www.blackjackinfo.com\/fr\/nous\/casinos-en-ligne-delaware\/blackjack-en-ligne-legal-dans-le-delaware\/","og_locale":"fr_FR","og_type":"article","og_title":"Legal Online Blackjack in Delaware","og_description":"Despite its size, Delaware made history in 2012 by becoming the first state to legalize online gambling. The following year, the Delaware Lottery and 888","og_url":"https:\/\/www.blackjackinfo.com\/fr\/nous\/casinos-en-ligne-delaware\/blackjack-en-ligne-legal-dans-le-delaware\/","og_site_name":"BlackjackInfo.com","article_modified_time":"2023-12-11T07:23:31+00:00","twitter_misc":{"Dur\u00e9e de lecture estim\u00e9e":"4 minutes"},"schema":{"@context":"https:\/\/schema.org","@graph":[{"@type":"WebPage","@id":"https:\/\/www.blackjackinfo.com\/us\/delaware-online-casinos\/legal-online-blackjack-in-delaware\/","url":"https:\/\/www.blackjackinfo.com\/us\/delaware-online-casinos\/legal-online-blackjack-in-delaware\/","name":"Blackjack en ligne l\u00e9gal au Delaware","isPartOf":{"@id":"https:\/\/www.blackjackinfo.com\/#website"},"datePublished":"2023-12-11T07:18:34+00:00","dateModified":"2023-12-11T07:23:31+00:00","description":"Malgr\u00e9 sa taille, le Delaware est entr\u00e9 dans l'histoire en 2012 en devenant le premier \u00c9tat \u00e0 l\u00e9galiser les jeux d'argent en ligne. L'ann\u00e9e suivante, la loterie du Delaware et 888","breadcrumb":{"@id":"https:\/\/www.blackjackinfo.com\/us\/delaware-online-casinos\/legal-online-blackjack-in-delaware\/#breadcrumb"},"inLanguage":"fr-FR","potentialAction":[{"@type":"ReadAction","target":["https:\/\/www.blackjackinfo.com\/us\/delaware-online-casinos\/legal-online-blackjack-in-delaware\/"]}]},{"@type":"BreadcrumbList","@id":"https:\/\/www.blackjackinfo.com\/us\/delaware-online-casinos\/legal-online-blackjack-in-delaware\/#breadcrumb","itemListElement":[{"@type":"ListItem","position":1,"name":"Home","item":"https:\/\/www.blackjackinfo.com\/"},{"@type":"ListItem","position":2,"name":"Online Casinos in the US","item":"https:\/\/www.blackjackinfo.com\/us\/"},{"@type":"ListItem","position":3,"name":"Delaware Online Casinos","item":"https:\/\/www.blackjackinfo.com\/us\/delaware-online-casinos\/"},{"@type":"ListItem","position":4,"name":"Legal Online Blackjack in Delaware"}]},{"@type":"WebSite","@id":"https:\/\/www.blackjackinfo.com\/#website","url":"https:\/\/www.blackjackinfo.com\/","name":"BlackjackInfo.com","description":"Parce que gagner, c'est plus amusant !","potentialAction":[{"@type":"SearchAction","target":{"@type":"EntryPoint","urlTemplate":"https:\/\/www.blackjackinfo.com\/?s={search_term_string}"},"query-input":{"@type":"PropertyValueSpecification","valueRequired":true,"valueName":"search_term_string"}}],"inLanguage":"fr-FR"}]}},"_links":{"self":[{"href":"https:\/\/www.blackjackinfo.com\/fr\/wp-json\/wp\/v2\/pages\/5961","targetHints":{"allow":["GET"]}}],"collection":[{"href":"https:\/\/www.blackjackinfo.com\/fr\/wp-json\/wp\/v2\/pages"}],"about":[{"href":"https:\/\/www.blackjackinfo.com\/fr\/wp-json\/wp\/v2\/types\/page"}],"author":[{"embeddable":true,"href":"https:\/\/www.blackjackinfo.com\/fr\/wp-json\/wp\/v2\/users\/4"}],"replies":[{"embeddable":true,"href":"https:\/\/www.blackjackinfo.com\/fr\/wp-json\/wp\/v2\/comments?post=5961"}],"version-history":[{"count":3,"href":"https:\/\/www.blackjackinfo.com\/fr\/wp-json\/wp\/v2\/pages\/5961\/revisions"}],"predecessor-version":[{"id":5964,"href":"https:\/\/www.blackjackinfo.com\/fr\/wp-json\/wp\/v2\/pages\/5961\/revisions\/5964"}],"up":[{"embeddable":true,"href":"https:\/\/www.blackjackinfo.com\/fr\/wp-json\/wp\/v2\/pages\/5570"}],"wp:attachment":[{"href":"https:\/\/www.blackjackinfo.com\/fr\/wp-json\/wp\/v2\/media?parent=5961"}],"wp:term":[{"taxonomy":"post_tag","embeddable":true,"href":"https:\/\/www.blackjackinfo.com\/fr\/wp-json\/wp\/v2\/tags?post=5961"}],"curies":[{"name":"wp","href":"https:\/\/api.w.org\/{rel}","templated":true}]}}