{"id":598,"date":"2014-10-08T21:57:13","date_gmt":"2014-10-09T02:57:13","guid":{"rendered":"http:\/\/test.blackjackinfo.com\/?page_id=598"},"modified":"2018-06-22T02:21:24","modified_gmt":"2018-06-22T07:21:24","slug":"ken-smith","status":"publish","type":"page","link":"https:\/\/www.blackjackinfo.com\/fr\/ken-smith\/","title":{"rendered":"\u00c0 propos de Ken Smith"},"content":{"rendered":"<p><img loading=\"lazy\" decoding=\"async\" class=\"alignleft size-full wp-image-600\" src=\"\/files\/kensmith.jpg\" alt=\"kensmith\" width=\"252\" height=\"190\" data-no-auto-translation=\"\" \/><\/p>\n<p class=\"intro\">Je suis Kenneth R Smith, le cr\u00e9ateur de <a href=\"\/\">BlackjackInfo.com<\/a>. Joueur passionn\u00e9 de blackjack depuis de nombreuses ann\u00e9es, j'ai commenc\u00e9 \u00e0 jouer s\u00e9rieusement au d\u00e9but des ann\u00e9es 1990, lorsque les jeux de casino sont apparus dans mon \u00c9tat natal du Mississippi. En 1994, j'ai particip\u00e9 pour la premi\u00e8re fois \u00e0 un tournoi de blackjack ; depuis, je n'ai jamais cess\u00e9 de participer \u00e0 des tournois et j'ai remport\u00e9 de nombreux gains importants au fil des ans. J'ai particip\u00e9 \u00e0 des milliers de tournois et je continue \u00e0 jouer r\u00e9guli\u00e8rement. Les amateurs de tournois de blackjack devraient \u00e9galement visiter mon site Internet consacr\u00e9 aux tournois <a href=\"https:\/\/www.blackjacktournaments.com\">BlackjackTournaments.com<\/a>o\u00f9 l'on discute des \u00e9v\u00e9nements \u00e0 venir et de la strat\u00e9gie des tournois.<\/p>\n<p>\nJe vis dans le Mississippi, mais j'adore voyager. Parmi les voyages m\u00e9morables de ces deux derni\u00e8res ann\u00e9es, on peut citer une semaine \u00e0 Istanbul, en Turquie, et trois semaines en \u00c9quateur et au P\u00e9rou. Je publie tr\u00e8s occasionnellement des articles sur mes voyages sur mon blog personnel <a href=\"http:\/\/www.sweet-tea-no-lemon.com\">Th\u00e9 sucr\u00e9, sans citron<\/a>.\n<\/p>\n<h3>Apparitions \u00e0 la t\u00e9l\u00e9vision<\/h3>\n<figure id=\"attachment_606\" aria-describedby=\"caption-attachment-606\" style=\"width: 300px\" class=\"wp-caption alignright\"><a href=\"\/files\/Ken-Smith-and-Penn-on-WSOBJ-800x531.jpg\"><img loading=\"lazy\" decoding=\"async\" class=\"size-medium wp-image-606\" src=\"\/files\/Ken-Smith-and-Penn-on-WSOBJ-800x531-300x199.jpg\" alt=\"Ken with Penn Jillette on WSOB\" width=\"300\" height=\"199\" data-no-auto-translation=\"\" \/><\/a><figcaption id=\"caption-attachment-606\" class=\"wp-caption-text\">Ken avec <a href=\"https:\/\/en.wikipedia.org\/wiki\/Penn_Jillette\">Penn Jillette<\/a> sur WSOB<\/figcaption><\/figure>\n<p>\nLes tournois de blackjack ont fait leur entr\u00e9e \u00e0 la t\u00e9l\u00e9vision en 2004, et j'ai particip\u00e9 \u00e0 de nombreuses \u00e9missions. Dans la toute premi\u00e8re s\u00e9rie de tournois de blackjack t\u00e9l\u00e9vis\u00e9s (<a href=\"https:\/\/en.wikipedia.org\/wiki\/World_Series_of_Blackjack\">Les World Series of Blackjack de GSN<\/a>), j'ai atteint la table finale de la premi\u00e8re saison en terminant \u00e0 la sixi\u00e8me place. J'ai ensuite particip\u00e9 \u00e0 WSOB II, III et IV au cours des ann\u00e9es suivantes, \u00e9tant l'un des trois seuls joueurs \u00e0 avoir particip\u00e9 \u00e0 toutes les saisons de diffusion de l'\u00e9mission sur GSN. Apr\u00e8s quatre saisons, GSN a annul\u00e9 la s\u00e9rie. \u00c0 l'heure actuelle, il n'y a plus de comp\u00e9tition de World Series of Blackjack.\n<\/p>\n<p>\nJe suis \u00e9galement apparu sur Travel Channel en 2004, participant au Million Dollar Blackjack Tournament II du Las Vegas Hilton. Lors de la demi-finale, il me fallait une derni\u00e8re main gagnante pour acc\u00e9der \u00e0 la table finale de sept joueurs, o\u00f9 le vainqueur recevait un million en esp\u00e8ces. Malheureusement, ma chance a tourn\u00e9 \u00e0 une main de la fin, et j'ai manqu\u00e9 la table finale.\n<\/p>\n<p>\nApr\u00e8s les \u00e9missions de Travel Channel et de GSN, les tournois de blackjack t\u00e9l\u00e9vis\u00e9s sont pass\u00e9s dans la cour des grands en septembre 2006 lorsque l'Ultimate Blackjack Tour a \u00e9t\u00e9 diffus\u00e9 sur CBS. Dans le premier \u00e9pisode de cette \u00e9mission, j'ai remport\u00e9 l'\u00e9v\u00e9nement en terminant \u00e0 la premi\u00e8re place pour une valeur de $50 000. J'ai \u00e9galement particip\u00e9 \u00e0 l'\u00e9v\u00e9nement sp\u00e9cial \"Legends of Blackjack\" de l'UBT, m\u00eame si ma sixi\u00e8me place \u00e0 une table de sept joueurs \u00e9tait loin d'\u00eatre l\u00e9gendaire !\n<\/p>\n<p>\nLe blackjack t\u00e9l\u00e9vis\u00e9 a \u00e9t\u00e9 un v\u00e9ritable plaisir pour moi. En plus de la nouveaut\u00e9 d'appara\u00eetre dans tant d'\u00e9missions, les \u00e9v\u00e9nements de l'UBT nous ont donn\u00e9 la chance de voyager vers des destinations agr\u00e9ables. Nous avons film\u00e9 un \u00e9v\u00e9nement \u00e0 Aruba et un autre \u00e0 Saint-Kitts, par exemple.\n<\/p>\n<h3>R\u00e9daction<\/h3>\n<p>\nApr\u00e8s avoir acquis une r\u00e9putation d'expert en strat\u00e9gie de tournoi, j'ai r\u00e9dig\u00e9 des articles mensuels dans les magazines suivants <i>Blackjack confidentiel<\/i> et <i>All In Blackjack<\/i> pendant la dur\u00e9e de vie de ces publications.\n<\/p>\n<p><a href=\"http:\/\/www.bjinsider.com\/BuyHowToWin\"><img loading=\"lazy\" decoding=\"async\" src=\"\/files\/Ebook125.jpg\" alt=\"Ken&#039;s Tournament eBook\" width=\"125\" height=\"125\" class=\"alignright size-full wp-image-613\" data-no-auto-translation=\"\" \/><\/a><\/p>\n<p>\nJ'ai \u00e9crit deux livres \u00e9lectroniques sur la strat\u00e9gie des tournois de blackjack : <a href=\"http:\/\/www.bjinsider.com\/BuyHowToWin\">\"Comment gagner plus de tournois de blackjack ?<\/a> et <a href=\"http:\/\/deepnettech.com\/estore\/index.php?main_page=product_info&amp;products_id=84\">\"Comment gagner encore plus de tournois de blackjack - Volume II\"<\/a>. Les deux livres regorgent de conseils strat\u00e9giques pour les joueurs de tout niveau, du d\u00e9butant au professionnel, y compris plusieurs id\u00e9es novatrices qui n'ont jamais \u00e9t\u00e9 publi\u00e9es auparavant. Cliquez ici <a href=\"http:\/\/deepnettech.com\/estore\/index.php?main_page=product_info&amp;products_id=85\">ici<\/a> pour un forfait sp\u00e9cial comprenant les deux livres.\n<\/p>\n<p>\nLa plupart de mes \u00e9crits sur le blackjack se trouvent ici, sur BlackjackInfo, mais j'\u00e9cris aussi de temps en temps pour le bulletin \u00e9lectronique d'Henry Tamburin. <a href=\"http:\/\/www.bjinsider.com\">Blackjack Insider<\/a>.\n<\/p>\n<h3>Cartes de strat\u00e9gie<\/h3>\n<p>\nEn 2008, j'ai publi\u00e9 un ensemble de cartes strat\u00e9giques en plastique pour le blackjack, disponibles en anglais. <a href=\"http:\/\/www.amazon.com\/dp\/098211916X\/?tag=theblackjacbasic\">sur Amazon.com<\/a>.<br \/>\nPuis, en 2013, j'ai d\u00e9velopp\u00e9 ce produit en introduisant un jeu de cartes de strat\u00e9gie avanc\u00e9e qui ajoute aux cartes de strat\u00e9gie habituelles des d\u00e9tails sur le comptage des cartes et les num\u00e9ros d'index.  Ce produit est \u00e9galement disponible \u00e0 l'adresse suivante <a href=\"http:\/\/www.amazon.com\/dp\/0982119178\/?tag=theblackjacbasic\">Amazon<\/a>.\n<\/p>\n<h3>Coordonn\u00e9es<\/h3>\n<p>\nEn septembre 2016, j'ai quitt\u00e9 BlackjackInfo.com, le laissant entre les mains d'un nouveau propri\u00e9taire enthousiaste.<\/p>","protected":false},"excerpt":{"rendered":"<p>I am Kenneth R Smith, the creator of BlackjackInfo.com. As an avid blackjack player for many years, I began playing seriously in the early 1990s when casino gambling arrived in my home state of Mississippi. In 1994, I participated in a blackjack tournament for the first time; I have been on the tournament trail ever [&hellip;]<\/p>\n","protected":false},"author":2,"featured_media":0,"parent":0,"menu_order":0,"comment_status":"open","ping_status":"closed","template":"","meta":{"_acf_changed":false,"footnotes":""},"tags":[],"class_list":["post-598","page","type-page","status-publish","hentry"],"acf":[],"yoast_head":"<!-- This site is optimized with the Yoast SEO plugin v26.6 - https:\/\/yoast.com\/wordpress\/plugins\/seo\/ -->\n<title>About Ken Smith<\/title>\n<meta name=\"description\" content=\"Ken Smith is the creator of BlackjackInfo.com, an avid player and author, as well as a leading expert on blackjack tournament strategy.\" \/>\n<meta name=\"robots\" content=\"index, follow, max-snippet:-1, max-image-preview:large, max-video-preview:-1\" \/>\n<link rel=\"canonical\" href=\"https:\/\/www.blackjackinfo.com\/fr\/ken-smith\/\" \/>\n<meta property=\"og:locale\" content=\"fr_FR\" \/>\n<meta property=\"og:type\" content=\"article\" \/>\n<meta property=\"og:title\" content=\"About Ken Smith\" \/>\n<meta property=\"og:description\" content=\"Ken Smith is the creator of BlackjackInfo.com, an avid player and author, as well as a leading expert on blackjack tournament strategy.\" \/>\n<meta property=\"og:url\" content=\"https:\/\/www.blackjackinfo.com\/fr\/ken-smith\/\" \/>\n<meta property=\"og:site_name\" content=\"BlackjackInfo.com\" \/>\n<meta property=\"article:modified_time\" content=\"2018-06-22T07:21:24+00:00\" \/>\n<meta name=\"twitter:label1\" content=\"Dur\u00e9e de lecture estim\u00e9e\" \/>\n\t<meta name=\"twitter:data1\" content=\"3 minutes\" \/>\n<script type=\"application\/ld+json\" class=\"yoast-schema-graph\">{\"@context\":\"https:\/\/schema.org\",\"@graph\":[{\"@type\":\"WebPage\",\"@id\":\"https:\/\/www.blackjackinfo.com\/ken-smith\/\",\"url\":\"https:\/\/www.blackjackinfo.com\/ken-smith\/\",\"name\":\"About Ken Smith\",\"isPartOf\":{\"@id\":\"https:\/\/www.blackjackinfo.com\/#website\"},\"datePublished\":\"2014-10-09T02:57:13+00:00\",\"dateModified\":\"2018-06-22T07:21:24+00:00\",\"description\":\"Ken Smith is the creator of BlackjackInfo.com, an avid player and author, as well as a leading expert on blackjack tournament strategy.\",\"breadcrumb\":{\"@id\":\"https:\/\/www.blackjackinfo.com\/ken-smith\/#breadcrumb\"},\"inLanguage\":\"fr-FR\",\"potentialAction\":[{\"@type\":\"ReadAction\",\"target\":[\"https:\/\/www.blackjackinfo.com\/ken-smith\/\"]}]},{\"@type\":\"BreadcrumbList\",\"@id\":\"https:\/\/www.blackjackinfo.com\/ken-smith\/#breadcrumb\",\"itemListElement\":[{\"@type\":\"ListItem\",\"position\":1,\"name\":\"Home\",\"item\":\"https:\/\/www.blackjackinfo.com\/\"},{\"@type\":\"ListItem\",\"position\":2,\"name\":\"About Ken Smith\"}]},{\"@type\":\"WebSite\",\"@id\":\"https:\/\/www.blackjackinfo.com\/#website\",\"url\":\"https:\/\/www.blackjackinfo.com\/\",\"name\":\"BlackjackInfo.com\",\"description\":\"Because Winning is More Fun!\",\"potentialAction\":[{\"@type\":\"SearchAction\",\"target\":{\"@type\":\"EntryPoint\",\"urlTemplate\":\"https:\/\/www.blackjackinfo.com\/?s={search_term_string}\"},\"query-input\":{\"@type\":\"PropertyValueSpecification\",\"valueRequired\":true,\"valueName\":\"search_term_string\"}}],\"inLanguage\":\"fr-FR\"}]}<\/script>\n<!-- \/ Yoast SEO plugin. -->","yoast_head_json":{"title":"\u00c0 propos de Ken Smith","description":"Ken Smith est le cr\u00e9ateur de BlackjackInfo.com, un joueur passionn\u00e9 et un auteur, ainsi qu'un expert de premier plan en mati\u00e8re de strat\u00e9gie de tournoi de blackjack.","robots":{"index":"index","follow":"follow","max-snippet":"max-snippet:-1","max-image-preview":"max-image-preview:large","max-video-preview":"max-video-preview:-1"},"canonical":"https:\/\/www.blackjackinfo.com\/fr\/ken-smith\/","og_locale":"fr_FR","og_type":"article","og_title":"About Ken Smith","og_description":"Ken Smith is the creator of BlackjackInfo.com, an avid player and author, as well as a leading expert on blackjack tournament strategy.","og_url":"https:\/\/www.blackjackinfo.com\/fr\/ken-smith\/","og_site_name":"BlackjackInfo.com","article_modified_time":"2018-06-22T07:21:24+00:00","twitter_misc":{"Dur\u00e9e de lecture estim\u00e9e":"3 minutes"},"schema":{"@context":"https:\/\/schema.org","@graph":[{"@type":"WebPage","@id":"https:\/\/www.blackjackinfo.com\/ken-smith\/","url":"https:\/\/www.blackjackinfo.com\/ken-smith\/","name":"\u00c0 propos de Ken Smith","isPartOf":{"@id":"https:\/\/www.blackjackinfo.com\/#website"},"datePublished":"2014-10-09T02:57:13+00:00","dateModified":"2018-06-22T07:21:24+00:00","description":"Ken Smith est le cr\u00e9ateur de BlackjackInfo.com, un joueur passionn\u00e9 et un auteur, ainsi qu'un expert de premier plan en mati\u00e8re de strat\u00e9gie de tournoi de blackjack.","breadcrumb":{"@id":"https:\/\/www.blackjackinfo.com\/ken-smith\/#breadcrumb"},"inLanguage":"fr-FR","potentialAction":[{"@type":"ReadAction","target":["https:\/\/www.blackjackinfo.com\/ken-smith\/"]}]},{"@type":"BreadcrumbList","@id":"https:\/\/www.blackjackinfo.com\/ken-smith\/#breadcrumb","itemListElement":[{"@type":"ListItem","position":1,"name":"Home","item":"https:\/\/www.blackjackinfo.com\/"},{"@type":"ListItem","position":2,"name":"About Ken Smith"}]},{"@type":"WebSite","@id":"https:\/\/www.blackjackinfo.com\/#website","url":"https:\/\/www.blackjackinfo.com\/","name":"BlackjackInfo.com","description":"Parce que gagner, c'est plus amusant !","potentialAction":[{"@type":"SearchAction","target":{"@type":"EntryPoint","urlTemplate":"https:\/\/www.blackjackinfo.com\/?s={search_term_string}"},"query-input":{"@type":"PropertyValueSpecification","valueRequired":true,"valueName":"search_term_string"}}],"inLanguage":"fr-FR"}]}},"_links":{"self":[{"href":"https:\/\/www.blackjackinfo.com\/fr\/wp-json\/wp\/v2\/pages\/598","targetHints":{"allow":["GET"]}}],"collection":[{"href":"https:\/\/www.blackjackinfo.com\/fr\/wp-json\/wp\/v2\/pages"}],"about":[{"href":"https:\/\/www.blackjackinfo.com\/fr\/wp-json\/wp\/v2\/types\/page"}],"author":[{"embeddable":true,"href":"https:\/\/www.blackjackinfo.com\/fr\/wp-json\/wp\/v2\/users\/2"}],"replies":[{"embeddable":true,"href":"https:\/\/www.blackjackinfo.com\/fr\/wp-json\/wp\/v2\/comments?post=598"}],"version-history":[{"count":24,"href":"https:\/\/www.blackjackinfo.com\/fr\/wp-json\/wp\/v2\/pages\/598\/revisions"}],"predecessor-version":[{"id":3558,"href":"https:\/\/www.blackjackinfo.com\/fr\/wp-json\/wp\/v2\/pages\/598\/revisions\/3558"}],"wp:attachment":[{"href":"https:\/\/www.blackjackinfo.com\/fr\/wp-json\/wp\/v2\/media?parent=598"}],"wp:term":[{"taxonomy":"post_tag","embeddable":true,"href":"https:\/\/www.blackjackinfo.com\/fr\/wp-json\/wp\/v2\/tags?post=598"}],"curies":[{"name":"wp","href":"https:\/\/api.w.org\/{rel}","templated":true}]}}