{"id":6176,"date":"2023-12-29T23:32:20","date_gmt":"2023-12-30T05:32:20","guid":{"rendered":"http:\/\/www.blackjackinfo.com\/?page_id=6176"},"modified":"2023-12-29T23:32:20","modified_gmt":"2023-12-30T05:32:20","slug":"blackjack-en-ligne-legal-en-virginie-occidentale","status":"publish","type":"page","link":"https:\/\/www.blackjackinfo.com\/fr\/us\/west-virginia-online-casinos\/legal-online-blackjack-in-west-virginia\/","title":{"rendered":"Blackjack en ligne l\u00e9gal en Virginie Occidentale"},"content":{"rendered":"<p>Apr\u00e8s avoir pass\u00e9 <a href=\"https:\/\/www.wvlegislature.gov\/Bill_Status\/bills_history.cfm?INPUT=2934&amp;year=2019&amp;sessiontype=RS\">HB2934<\/a> (West Virginia Lottery Interactive Wagering Act) en mars 2019, la Virginie-Occidentale est devenue l'un des six \u00c9tats am\u00e9ricains qui ont l\u00e9galis\u00e9 les jeux de casino en ligne. Cela a ouvert la voie \u00e0 l'\u00c9tat des montagnes pour int\u00e9grer les paris interactifs dans son profil de jeu et a permis \u00e0 certains des plus grands op\u00e9rateurs de commencer \u00e0 offrir leurs services aux joueurs de WV.<\/p>\n<p>Depuis juillet 2020, la Virginie-Occidentale en a accueilli un peu moins d'une douzaine, tous supervis\u00e9s par la West Virginia Lottery Commission. En outre, chaque op\u00e9rateur de jeux de casino en ligne devait s'associer \u00e0 l'un des casinos terrestres pour obtenir une licence de jeu en ligne. Une autre limitation en place est que ceux qui veulent rejoindre l'une des plateformes et jouer \u00e0 des jeux tels que le blackjack doivent \u00eatre \u00e2g\u00e9s d'au moins 21 ans.<\/p>\n<p>Ces sites sont devenus de v\u00e9ritables plaques tournantes du jeu, car ils fonctionnent 24 heures sur 24 et 7 jours sur 7 et alimentent r\u00e9guli\u00e8rement leurs biblioth\u00e8ques de jeux. Si vous souhaitez essayer le blackjack et d'autres jeux passionnants, restez dans les parages pour d\u00e9couvrir les meilleures plates-formes de casino en ligne disponibles en Virginie-Occidentale.<\/p>\n<h2>O\u00f9 puis-je jouer au Blackjack en ligne en Virginie Occidentale ?<\/h2>\n<p>La Virginie Occidentale compte actuellement neuf op\u00e9rateurs de casinos en ligne, tous r\u00e9put\u00e9s pour offrir des exp\u00e9riences de jeu de premier ordre. Avec un tel nombre d'op\u00e9rateurs, choisir le bon casino de blackjack en ligne peut s'av\u00e9rer difficile. La plupart d'entre eux ont des portefeuilles riches avec de nombreux titres de blackjack, et ils se vantent de proposer des bonus lucratifs et des retraits rapides. Voici la liste compl\u00e8te :<\/p>\n<h3>1.    BetMGM Casino WV<\/h3>\n<p>BetMGM est une coentreprise de MGM Resorts et Entain Holdings, et c'est l'un des premiers op\u00e9rateurs \u00e0 s'installer dans l'\u00c9tat de Mountain State. Ce titan de l'industrie s'est impos\u00e9 d'embl\u00e9e gr\u00e2ce \u00e0 sa plateforme intuitive, \u00e0 ses offres promotionnelles et \u00e0 ses jeux de premier ordre. De plus, il dispose d'un paris sportif et d'une salle de poker.<\/p>\n<p>BetMGM propose plus de 500 jeux, tandis que le lobby des jeux de table compte plusieurs douzaines d'options, dont plus de 10 sont des jeux de blackjack. Des jeux tels que BetMGM Blackjack Player's Choice, Blackjack Stud Poker Pro, Blackjack Millionaire Pro et BetMGM Blackjack Pro sont quelques-uns des jeux dont vous pouvez profiter uniquement dans ce casino. Si vous vous rendez dans la section Live Dealer, vous trouverez quelques jeux de blackjack aliment\u00e9s principalement par Evolution.<\/p>\n<p>En vous inscrivant sur BetMGM et en approvisionnant votre compte avec au moins $10, vous \u00eates \u00e9ligible au bonus de correspondance de 100% jusqu'\u00e0 $2 500. De plus, vous recevrez 50 tours gratuits et un bonus de casino de $50 sur la maison.<\/p>\n<h3>2.    Caesars Palace Casino WV<\/h3>\n<p>Caesars Palace est l'une des plus grandes marques de casino en ligne et a fait ses d\u00e9buts \u00e0 WV en avril 2021. Cette marque est tr\u00e8s appr\u00e9ci\u00e9e pour ses programmes de r\u00e9compenses, ses bonus r\u00e9guliers, son paris sportif et son \u00e9norme portefeuille de jeux. Avec un catalogue de 400 titres, Caesars Palace regroupe tous les classiques, y compris les machines \u00e0 sous, les jeux de table, les croupiers en direct et les options de la marque Caesars.<\/p>\n<p>Il est int\u00e9ressant de noter que le Caesars Palace h\u00e9berge plus de titres de blackjack en direct que de titres de blackjack RNG, vous offrant les choix les plus populaires comme le Blackjack classique, le Lightning Blackjack et le First Person Blackjack. Les jeux sont fournis par Ezugi et diffus\u00e9s \u00e0 partir de studios professionnels.<\/p>\n<p>Tous les joueurs WV \u00e2g\u00e9s de plus de 21 ans peuvent b\u00e9n\u00e9ficier du bonus de d\u00e9p\u00f4t de 100% pouvant atteindre $2 500. De plus, si vous misez $25 ou plus au cours des sept premiers jours, le casino vous offrira 2 500 cr\u00e9dits de r\u00e9compense.<\/p>\n<h3>3.    DraftKings Casino WV<\/h3>\n<p>DraftKings a \u00e9t\u00e9 la premi\u00e8re marque de casino en ligne \u00e0 lancer ses activit\u00e9s en Virginie-Occidentale en juillet 2020. L'op\u00e9rateur poss\u00e8de l'une des applications les plus accrocheuses, et son sch\u00e9ma de couleurs est devenu embl\u00e9matique dans le monde du jeu. Une fois connect\u00e9 au site, vous trouverez une grande s\u00e9lection de machines \u00e0 sous, de jeux de table, de titres de croupiers en direct et plusieurs douzaines d'options d'arcade. DraftKings dispose \u00e9galement d'un livre de sport et compte parmi les plus grandes plateformes de sports quotidiens.<\/p>\n<p>Avec pr\u00e8s de 40 titres de blackjack disponibles, vous pouvez choisir parmi les variantes classiques comme Spanish 21, Single Hand Blackjack, Unlimited Blackjack, ou Blackjack With Surrender et les jeux de la marque DK, comme DraftKings Bingo Blackjack et DraftKings Down Under Blackjack. L'avantage est que la plupart de ces jeux ont des montants de mise minimum de $1, ce qui signifie que le Casino DraftKings est l'endroit id\u00e9al si vous voulez commencer modestement.<\/p>\n<h3>4.    FanDuel Casino WV<\/h3>\n<p>Bien qu'il soit surtout connu comme op\u00e9rateur de sports de fantaisie quotidiens, FanDuel poss\u00e8de \u00e9galement un casino en ligne et un paris sportif. Apr\u00e8s avoir conclu un accord avec le casino Greenbrier, il a lanc\u00e9 ses op\u00e9rations dans l'\u00c9tat des montagnes en 2021. La premi\u00e8re chose que vous remarquerez en entrant sur le site de FanDuel est l'abondance d'offres de bonus disponibles pour les nouveaux joueurs et les joueurs enregistr\u00e9s du WV. Si vous \u00eates membre pour la premi\u00e8re fois, vous pouvez obtenir un remboursement allant jusqu'\u00e0 $1,000 au cas o\u00f9 vous perdriez la totalit\u00e9 du montant que vous avez d\u00e9pos\u00e9 dans les 24 heures.<\/p>\n<p>La plateforme FanDuel poss\u00e8de l'un des plus grands lobbies de jeux aux \u00c9tats-Unis, vous permettant de profiter des machines \u00e0 sous, des jeux de table, des options de casino en direct et du vid\u00e9o poker, tous aliment\u00e9s par les plus grands noms de l'industrie, tels que Net Ent, GAN et IGT. Si le blackjack est votre jeu pr\u00e9f\u00e9r\u00e9, vous serez ravi d'apprendre que c'est ici que vous pourrez vous essayer \u00e0 deux douzaines de titres, tels que Blackjack Classic, Blackjack X-Change, Zappit Blackjack, Platinum Blackjack SideBets, Blackjack Blazing 7s, Power Blackjack, et bien d'autres options.<\/p>\n<h3>5.    BetRivers Casino WV<\/h3>\n<p>BetRivers Casino a \u00e9t\u00e9 lanc\u00e9 dans l'\u00c9tat des montagnes en 2021 et est rapidement devenu une destination de jeu en ligne populaire. La plateforme est surtout connue pour son nombre croissant de jeux de casino et ses programmes de r\u00e9compenses, ce qui en fait une excellente destination pour les joueurs chevronn\u00e9s comme pour les novices. En outre, BetRivers Casino dispose d'un livre de sport complet et organise des tournois de machines \u00e0 sous lucratifs.<\/p>\n<p>N\u00e9anmoins, de nombreux joueurs sont attir\u00e9s par ce casino gr\u00e2ce \u00e0 sa promotion de bienvenue imbattable - un bonus de remboursement de $500 sur lequel vous pouvez compter si vous perdez tout votre argent au cours de la p\u00e9riode de promotion de 24 heures. Mieux encore, l'exigence de playthrough que cette offre implique est de seulement 1x.<\/p>\n<p>En ce qui concerne le blackjack, le site propose pr\u00e8s de deux douzaines de jeux, couvrant tous les incontournables. Cela inclut Infinite Blackjack, Free Bet Blackjack, Lightning Blackjack First Person, et Multihand Blackjack Surrender, pour n'en citer que quelques-uns. Si vous souhaitez exp\u00e9rimenter d'autres options de blackjack, ne manquez pas les titres exclusifs du casino - Blackjack Player's Choice ou Poker &amp; Pairs Blackjack.<\/p>\n<h3>6.    Casino Golden Nugget WV<\/h3>\n<p>Apr\u00e8s avoir obtenu une licence gr\u00e2ce \u00e0 une collaboration avec le Greenbrier, le casino prim\u00e9 Golden Nugget a fait son entr\u00e9e sur la sc\u00e8ne du WV en d\u00e9cembre 2020. Les joueurs sont attir\u00e9s par ses fantastiques promotions, ses excellentes options bancaires, ses jeux de haute qualit\u00e9 et son Players Club qui vous offre des cr\u00e9dits de casino (Crowns).<\/p>\n<p>Golden Nugget dispose d'un hall de blackjack impressionnant avec plus de deux douzaines de titres modernes et traditionnels. En fait, les autres casinos WV ne peuvent pas rivaliser avec lui dans ce domaine. Si vous \u00eates novice en mati\u00e8re de blackjack, il est pr\u00e9f\u00e9rable de commencer par le Blackjack Classic, car les mises commencent \u00e0 $1 et vont jusqu'\u00e0 $1,000. Parmi les autres titres populaires, citons le Blackjack \u00e0 plusieurs mains, le Blackjack \u00e0 une main, le Blackjack avec le croupier, ainsi que de nombreux titres portant la marque DraftKings, \u00e9tant donn\u00e9 que ce casino appartient \u00e0 DK.<\/p>\n<h3>7.    PointsBet Casino WV<\/h3>\n<p>Le casino PointsBet est apparu sur la sc\u00e8ne des jeux d'argent en 2022 gr\u00e2ce \u00e0 un partenariat avec le Hollywood Casino. Il s'agit d'une plateforme de jeu relativement petite avec des d\u00e9p\u00f4ts et des retraits minimums peu \u00e9lev\u00e9s, ce qui signifie que son public cible n'est pas constitu\u00e9 de gros joueurs, mais de joueurs qui jouent avec un budget limit\u00e9. L'op\u00e9rateur est connu pour son livre de sport, ce qui explique probablement pourquoi il n'y a pas de bonus de bienvenue destin\u00e9 aux joueurs de casino.<\/p>\n<p>Il propose n\u00e9anmoins une bonne part de jeux de casino, enti\u00e8rement fournis par IGT. La biblioth\u00e8que comprend des machines \u00e0 sous, des jeux de table, des titres de croupiers en direct et du vid\u00e9o poker. La s\u00e9lection de blackjack est restreinte, avec seulement deux variantes - Blackjack With Surrender et Multihand Blackjack With Surrender.<\/p>\n<h3>8.    Barstool Casino WV<\/h3>\n<p>Cr\u00e9\u00e9 par Penn Entertainment et Barstool Sports, Barstool Casino est un op\u00e9rateur de jeux en ligne proposant des jeux de casino et un paris sportif. En vous inscrivant sur la plateforme, vous b\u00e9n\u00e9ficiez d'un bonus de bienvenue sans risque de 24 heures d'une valeur de $1 000 en cr\u00e9dits bonus, tandis que les habitu\u00e9s peuvent profiter de nombreuses autres promotions en cours.<\/p>\n<p>Sur le plan des jeux, Barstool propose plus de 300 titres de machines \u00e0 sous, mais aussi une collection d\u00e9cente de jeux de table et de jeux avec croupier en direct. Le casino propose des jeux de blackjack avec RNG et avec croupier en direct, chacun avec ses propres mises et limites. Blackjack With Surrender, First Person Blackjack et Infinite Blackjack font partie des titres disponibles.<\/p>\n<h3>9.    Betly Casino WV<\/h3>\n<p>D\u00e9tenu et g\u00e9r\u00e9 par Delaware North, Betly est un casino et un site de paris sportifs en ligne dot\u00e9 d'une plate-forme conviviale. Bien qu'il soit davantage ax\u00e9 sur les paris sportifs, cet op\u00e9rateur propose une solide collection de jeux de casino, notamment des machines \u00e0 sous, des jackpots, des jeux de table et des options de casino en direct. De nombreux joueurs s'inscrivent aupr\u00e8s de la marque pour ses promotions all\u00e9chantes, notamment le bonus de match 200% pouvant atteindre $200 sur votre premier d\u00e9p\u00f4t.<\/p>\n<p>En naviguant vers la section des jeux de table, vous d\u00e9couvrirez une pl\u00e9thore de jeux de blackjack, notamment Free Bet Blackjack, Lightning Blackjack First Person, Infinite Blackjack et Classic Blackjack. Si vous voulez sortir de votre zone de confort et essayer quelque chose de nouveau, nous vous recommandons Blackjack Touch - Single Deck. Tous les titres conviennent aux d\u00e9butants, car les mises commencent \u00e0 $0,5 ou $1 et vont jusqu'\u00e0 $5,000.<\/p>\n<p><strong>Remarque : <\/strong>Il convient de mentionner que la West Virginia Lottery Commission a approuv\u00e9 deux nouvelles licences de casino en ligne pour Play'n Go Casino et Hacksaw Gaming Casino. Les deux op\u00e9rateurs devraient lancer leurs activit\u00e9s en Virginie-Occidentale dans un avenir proche.<\/p>","protected":false},"excerpt":{"rendered":"<p>After passing HB2934 (the West Virginia Lottery Interactive Wagering Act) in March 2019, West Virginia became one of the six US states that have legalized online casino gaming. This has paved the way for the Mountain State to incorporate interactive betting into its gambling profile and allowed some of the biggest operators to start offering [&hellip;]<\/p>\n","protected":false},"author":4,"featured_media":0,"parent":5729,"menu_order":0,"comment_status":"closed","ping_status":"closed","template":"","meta":{"_acf_changed":false,"footnotes":""},"tags":[],"class_list":["post-6176","page","type-page","status-publish","hentry"],"acf":[],"yoast_head":"<!-- This site is optimized with the Yoast SEO plugin v26.6 - https:\/\/yoast.com\/wordpress\/plugins\/seo\/ -->\n<title>Legal Online Blackjack in West Virginia<\/title>\n<meta name=\"description\" content=\"After passing HB2934 (the West Virginia Lottery Interactive Wagering Act) in March 2019, West Virginia became one of the six US states that have legalized\" \/>\n<meta name=\"robots\" content=\"index, follow, max-snippet:-1, max-image-preview:large, max-video-preview:-1\" \/>\n<link rel=\"canonical\" href=\"https:\/\/www.blackjackinfo.com\/fr\/nous\/west-virginia-online-casinos\/blackjack-en-ligne-legal-en-virginie-occidentale\/\" \/>\n<meta property=\"og:locale\" content=\"fr_FR\" \/>\n<meta property=\"og:type\" content=\"article\" \/>\n<meta property=\"og:title\" content=\"Legal Online Blackjack in West Virginia\" \/>\n<meta property=\"og:description\" content=\"After passing HB2934 (the West Virginia Lottery Interactive Wagering Act) in March 2019, West Virginia became one of the six US states that have legalized\" \/>\n<meta property=\"og:url\" content=\"https:\/\/www.blackjackinfo.com\/fr\/nous\/west-virginia-online-casinos\/blackjack-en-ligne-legal-en-virginie-occidentale\/\" \/>\n<meta property=\"og:site_name\" content=\"BlackjackInfo.com\" \/>\n<meta name=\"twitter:label1\" content=\"Dur\u00e9e de lecture estim\u00e9e\" \/>\n\t<meta name=\"twitter:data1\" content=\"8 minutes\" \/>\n<script type=\"application\/ld+json\" class=\"yoast-schema-graph\">{\"@context\":\"https:\/\/schema.org\",\"@graph\":[{\"@type\":\"WebPage\",\"@id\":\"https:\/\/www.blackjackinfo.com\/us\/west-virginia-online-casinos\/legal-online-blackjack-in-west-virginia\/\",\"url\":\"https:\/\/www.blackjackinfo.com\/us\/west-virginia-online-casinos\/legal-online-blackjack-in-west-virginia\/\",\"name\":\"Legal Online Blackjack in West Virginia\",\"isPartOf\":{\"@id\":\"https:\/\/www.blackjackinfo.com\/#website\"},\"datePublished\":\"2023-12-30T05:32:20+00:00\",\"description\":\"After passing HB2934 (the West Virginia Lottery Interactive Wagering Act) in March 2019, West Virginia became one of the six US states that have legalized\",\"breadcrumb\":{\"@id\":\"https:\/\/www.blackjackinfo.com\/us\/west-virginia-online-casinos\/legal-online-blackjack-in-west-virginia\/#breadcrumb\"},\"inLanguage\":\"fr-FR\",\"potentialAction\":[{\"@type\":\"ReadAction\",\"target\":[\"https:\/\/www.blackjackinfo.com\/us\/west-virginia-online-casinos\/legal-online-blackjack-in-west-virginia\/\"]}]},{\"@type\":\"BreadcrumbList\",\"@id\":\"https:\/\/www.blackjackinfo.com\/us\/west-virginia-online-casinos\/legal-online-blackjack-in-west-virginia\/#breadcrumb\",\"itemListElement\":[{\"@type\":\"ListItem\",\"position\":1,\"name\":\"Home\",\"item\":\"https:\/\/www.blackjackinfo.com\/\"},{\"@type\":\"ListItem\",\"position\":2,\"name\":\"Online Casinos in the US\",\"item\":\"https:\/\/www.blackjackinfo.com\/us\/\"},{\"@type\":\"ListItem\",\"position\":3,\"name\":\"West Virginia Online Casinos\",\"item\":\"https:\/\/www.blackjackinfo.com\/us\/west-virginia-online-casinos\/\"},{\"@type\":\"ListItem\",\"position\":4,\"name\":\"Legal Online Blackjack in West Virginia\"}]},{\"@type\":\"WebSite\",\"@id\":\"https:\/\/www.blackjackinfo.com\/#website\",\"url\":\"https:\/\/www.blackjackinfo.com\/\",\"name\":\"BlackjackInfo.com\",\"description\":\"Because Winning is More Fun!\",\"potentialAction\":[{\"@type\":\"SearchAction\",\"target\":{\"@type\":\"EntryPoint\",\"urlTemplate\":\"https:\/\/www.blackjackinfo.com\/?s={search_term_string}\"},\"query-input\":{\"@type\":\"PropertyValueSpecification\",\"valueRequired\":true,\"valueName\":\"search_term_string\"}}],\"inLanguage\":\"fr-FR\"}]}<\/script>\n<!-- \/ Yoast SEO plugin. -->","yoast_head_json":{"title":"Blackjack en ligne l\u00e9gal en Virginie Occidentale","description":"Apr\u00e8s l'adoption de la loi HB2934 (West Virginia Lottery Interactive Wagering Act) en mars 2019, la Virginie-Occidentale est devenue l'un des six \u00c9tats am\u00e9ricains \u00e0 avoir l\u00e9galis\u00e9 les jeux d'argent interactifs.","robots":{"index":"index","follow":"follow","max-snippet":"max-snippet:-1","max-image-preview":"max-image-preview:large","max-video-preview":"max-video-preview:-1"},"canonical":"https:\/\/www.blackjackinfo.com\/fr\/nous\/west-virginia-online-casinos\/blackjack-en-ligne-legal-en-virginie-occidentale\/","og_locale":"fr_FR","og_type":"article","og_title":"Legal Online Blackjack in West Virginia","og_description":"After passing HB2934 (the West Virginia Lottery Interactive Wagering Act) in March 2019, West Virginia became one of the six US states that have legalized","og_url":"https:\/\/www.blackjackinfo.com\/fr\/nous\/west-virginia-online-casinos\/blackjack-en-ligne-legal-en-virginie-occidentale\/","og_site_name":"BlackjackInfo.com","twitter_misc":{"Dur\u00e9e de lecture estim\u00e9e":"8 minutes"},"schema":{"@context":"https:\/\/schema.org","@graph":[{"@type":"WebPage","@id":"https:\/\/www.blackjackinfo.com\/us\/west-virginia-online-casinos\/legal-online-blackjack-in-west-virginia\/","url":"https:\/\/www.blackjackinfo.com\/us\/west-virginia-online-casinos\/legal-online-blackjack-in-west-virginia\/","name":"Blackjack en ligne l\u00e9gal en Virginie Occidentale","isPartOf":{"@id":"https:\/\/www.blackjackinfo.com\/#website"},"datePublished":"2023-12-30T05:32:20+00:00","description":"Apr\u00e8s l'adoption de la loi HB2934 (West Virginia Lottery Interactive Wagering Act) en mars 2019, la Virginie-Occidentale est devenue l'un des six \u00c9tats am\u00e9ricains \u00e0 avoir l\u00e9galis\u00e9 les jeux d'argent interactifs.","breadcrumb":{"@id":"https:\/\/www.blackjackinfo.com\/us\/west-virginia-online-casinos\/legal-online-blackjack-in-west-virginia\/#breadcrumb"},"inLanguage":"fr-FR","potentialAction":[{"@type":"ReadAction","target":["https:\/\/www.blackjackinfo.com\/us\/west-virginia-online-casinos\/legal-online-blackjack-in-west-virginia\/"]}]},{"@type":"BreadcrumbList","@id":"https:\/\/www.blackjackinfo.com\/us\/west-virginia-online-casinos\/legal-online-blackjack-in-west-virginia\/#breadcrumb","itemListElement":[{"@type":"ListItem","position":1,"name":"Home","item":"https:\/\/www.blackjackinfo.com\/"},{"@type":"ListItem","position":2,"name":"Online Casinos in the US","item":"https:\/\/www.blackjackinfo.com\/us\/"},{"@type":"ListItem","position":3,"name":"West Virginia Online Casinos","item":"https:\/\/www.blackjackinfo.com\/us\/west-virginia-online-casinos\/"},{"@type":"ListItem","position":4,"name":"Legal Online Blackjack in West Virginia"}]},{"@type":"WebSite","@id":"https:\/\/www.blackjackinfo.com\/#website","url":"https:\/\/www.blackjackinfo.com\/","name":"BlackjackInfo.com","description":"Parce que gagner, c'est plus amusant !","potentialAction":[{"@type":"SearchAction","target":{"@type":"EntryPoint","urlTemplate":"https:\/\/www.blackjackinfo.com\/?s={search_term_string}"},"query-input":{"@type":"PropertyValueSpecification","valueRequired":true,"valueName":"search_term_string"}}],"inLanguage":"fr-FR"}]}},"_links":{"self":[{"href":"https:\/\/www.blackjackinfo.com\/fr\/wp-json\/wp\/v2\/pages\/6176","targetHints":{"allow":["GET"]}}],"collection":[{"href":"https:\/\/www.blackjackinfo.com\/fr\/wp-json\/wp\/v2\/pages"}],"about":[{"href":"https:\/\/www.blackjackinfo.com\/fr\/wp-json\/wp\/v2\/types\/page"}],"author":[{"embeddable":true,"href":"https:\/\/www.blackjackinfo.com\/fr\/wp-json\/wp\/v2\/users\/4"}],"replies":[{"embeddable":true,"href":"https:\/\/www.blackjackinfo.com\/fr\/wp-json\/wp\/v2\/comments?post=6176"}],"version-history":[{"count":1,"href":"https:\/\/www.blackjackinfo.com\/fr\/wp-json\/wp\/v2\/pages\/6176\/revisions"}],"predecessor-version":[{"id":6177,"href":"https:\/\/www.blackjackinfo.com\/fr\/wp-json\/wp\/v2\/pages\/6176\/revisions\/6177"}],"up":[{"embeddable":true,"href":"https:\/\/www.blackjackinfo.com\/fr\/wp-json\/wp\/v2\/pages\/5729"}],"wp:attachment":[{"href":"https:\/\/www.blackjackinfo.com\/fr\/wp-json\/wp\/v2\/media?parent=6176"}],"wp:term":[{"taxonomy":"post_tag","embeddable":true,"href":"https:\/\/www.blackjackinfo.com\/fr\/wp-json\/wp\/v2\/tags?post=6176"}],"curies":[{"name":"wp","href":"https:\/\/api.w.org\/{rel}","templated":true}]}}