{"id":6458,"date":"2024-09-15T01:42:20","date_gmt":"2024-09-15T06:42:20","guid":{"rendered":"https:\/\/www.blackjackinfo.com\/?page_id=6458"},"modified":"2024-09-15T01:53:35","modified_gmt":"2024-09-15T06:53:35","slug":"quen-est-il-du-kyc-et-des-casinos-en-ligne","status":"publish","type":"page","link":"https:\/\/www.blackjackinfo.com\/fr\/whats-the-deal-with-kyc-and-online-casinos\/","title":{"rendered":"Qu'en est-il de KYC et des casinos en ligne ?"},"content":{"rendered":"<p>Vous \u00eates-vous d\u00e9j\u00e0 demand\u00e9 pourquoi les casinos en ligne vous demandent votre carte d'identit\u00e9 et d'autres informations personnelles avant de vous laisser jouer ? C'est la raison pour laquelle les casinos en ligne <strong>Conna\u00eetre son client (KYC)<\/strong> entre en jeu. Aussi ennuyeux que cela puisse para\u00eetre, les plateformes doivent v\u00e9rifier votre identit\u00e9 pour garantir la conformit\u00e9 r\u00e9glementaire et se pr\u00e9munir contre les d\u00e9lits financiers.<\/p>\n\n\n\n<p>Dans le monde des jeux d'argent en ligne, le KYC est extr\u00eamement important. Il contribue \u00e0 cr\u00e9er un environnement s\u00fbr et digne de confiance en mettant fin \u00e0 des probl\u00e8mes tels que le blanchiment d'argent, l'usurpation d'identit\u00e9 et le jeu des mineurs. Les op\u00e9rateurs et les joueurs doivent comprendre les processus KYC. Cela permet non seulement de s\u00e9curiser la plateforme, mais aussi de renforcer la confiance des utilisateurs, ce qui rend l'exp\u00e9rience de jeu plus agr\u00e9able et plus fiable.<\/p>\n\n\n\n<h2 class=\"wp-block-heading\" id=\"heading-1-understanding-kyc-in-online-casinos\">Comprendre le KYC dans les casinos en ligne<\/h2>\n\n\n\n<p><strong>Conna\u00eetre son client (KYC)<\/strong> est un processus obligatoire utilis\u00e9 par les casinos en ligne pour v\u00e9rifier l'identit\u00e9 de leurs joueurs. Il ne s'agit pas seulement de cocher des cases r\u00e9glementaires, mais aussi de cr\u00e9er un environnement s\u00fbr et fiable pour toutes les personnes concern\u00e9es.<\/p>\n\n\n\n<h3 class=\"wp-block-heading\" id=\"heading-2-key-components-of-the-kyc-process\">Principaux \u00e9l\u00e9ments du processus KYC<\/h3>\n\n\n\n<ol class=\"wp-block-list\">\n<li><strong>V\u00e9rification de l'identit\u00e9<\/strong>: Au c\u0153ur du KYC se trouve la confirmation qu'un joueur est bien celui qu'il pr\u00e9tend \u00eatre. Il s'agit de recueillir des informations personnelles telles que le nom, la date de naissance et l'adresse, g\u00e9n\u00e9ralement au moyen d'une pi\u00e8ce d'identit\u00e9 d\u00e9livr\u00e9e par l'\u00c9tat ou d'une facture d'\u00e9lectricit\u00e9 ou de gaz.<\/li>\n\n\n\n<li><strong>Diligence raisonnable \u00e0 l'\u00e9gard de la client\u00e8le (CDD)<\/strong>: Au-del\u00e0 de la simple identification d'un joueur, le CDD \u00e9value le niveau de risque associ\u00e9 \u00e0 chaque client. Il s'agit d'examiner leurs ant\u00e9c\u00e9dents financiers et l'historique de leurs transactions pour s'assurer qu'ils ne sont pas impliqu\u00e9s dans des activit\u00e9s ill\u00e9gales.<\/li>\n<\/ol>\n\n\n\n<h3 class=\"wp-block-heading\" id=\"heading-3-kyc-vs-aml-processes\">Processus KYC vs. AML<\/h3>\n\n\n\n<p>Alors que le KYC se concentre sur la v\u00e9rification des identit\u00e9s et l'\u00e9valuation des risques, <strong>Lutte contre le blanchiment d'argent (AML)<\/strong> Les processus de lutte contre le blanchiment d'argent sont plus larges. La lutte contre le blanchiment d'argent comprend le contr\u00f4le permanent des transactions afin de d\u00e9tecter et de pr\u00e9venir les activit\u00e9s de blanchiment d'argent. Le KYC est le contr\u00f4le de s\u00e9curit\u00e9 initial, tandis que l'AML est le syst\u00e8me de surveillance continue qui garde un \u0153il sur les comportements suspects.<\/p>\n\n\n\n<p>La compr\u00e9hension de ces \u00e9l\u00e9ments permet aux op\u00e9rateurs et aux joueurs de comprendre pourquoi ces contr\u00f4les sont essentiels. Il ne s'agit pas de simples formalit\u00e9s r\u00e9glementaires, mais d'\u00e9tapes cruciales dans le maintien d'un espace de jeu en ligne s\u00e9curis\u00e9.<\/p>\n\n\n\n<h2 class=\"wp-block-heading\" id=\"heading-4-the-importance-of-kyc-for-online-gambling-platforms\">L'importance du KYC pour les plateformes de jeux d'argent en ligne<\/h2>\n\n\n\n<p><strong>Conformit\u00e9 r\u00e9glementaire<\/strong> et <strong>pr\u00e9vention de la fraude<\/strong> sont essentiels \u00e0 l'int\u00e9grit\u00e9 des plateformes de jeux en ligne. Les processus KYC (Know Your Customer) jouent un r\u00f4le crucial dans la pr\u00e9vention des d\u00e9lits financiers tels que le blanchiment d'argent et l'usurpation d'identit\u00e9.<\/p>\n\n\n\n<h3 class=\"wp-block-heading\" id=\"heading-5-key-benefits-of-kyc\">Principaux avantages de KYC :<\/h3>\n\n\n\n<ol class=\"wp-block-list\">\n<li><strong>Pr\u00e9vention de la criminalit\u00e9 financi\u00e8re<\/strong>: En v\u00e9rifiant l'identit\u00e9 des clients, les protocoles KYC permettent de d\u00e9tecter et de pr\u00e9venir les activit\u00e9s frauduleuses, notamment le blanchiment d'argent et l'usurpation d'identit\u00e9.<\/li>\n\n\n\n<li><strong>Renforcer la l\u00e9gitimit\u00e9 des plateformes<\/strong>: Un processus KYC solide indique aux utilisateurs que la plateforme est digne de confiance. La confiance des utilisateurs s'en trouve renforc\u00e9e, ce qui incite davantage de personnes \u00e0 s'inscrire et \u00e0 jouer.<\/li>\n\n\n\n<li><strong>Renforcer la confiance des utilisateurs<\/strong>: Lorsque les joueurs savent que leurs donn\u00e9es sont s\u00e9curis\u00e9es et que la plateforme est conforme aux r\u00e9glementations, ils se sentent plus en s\u00e9curit\u00e9. Cette confiance se traduit par des taux de fid\u00e9lisation plus \u00e9lev\u00e9s.<\/li>\n<\/ol>\n\n\n\n<h3 class=\"wp-block-heading\" id=\"heading-6-real-world-consequences-of-non-compliance\">Cons\u00e9quences de la non-conformit\u00e9 dans le monde r\u00e9el :<\/h3>\n\n\n\n<p>Les entreprises qui ne respectent pas les exigences KYC s'exposent \u00e0 des sanctions s\u00e9v\u00e8res. A titre d'exemple :<\/p>\n\n\n\n<ul class=\"wp-block-list\">\n<li><strong>Stations baln\u00e9aires de la Couronne<\/strong>: <a href=\"https:\/\/ministers.ag.gov.au\/media-centre\/crown-ordered-pay-450-million-penalty-its-breaches-amlctf-act-11-07-2023\">En 2023, Crown Resorts a \u00e9t\u00e9 condamn\u00e9 \u00e0 une amende de 450 millions de dollars australiens pour avoir enfreint la loi australienne sur la lutte contre le blanchiment d'argent et le financement du terrorisme. Le non-respect des r\u00e8gles de connaissance du client a entra\u00een\u00e9 des pertes financi\u00e8res massives et une atteinte \u00e0 la r\u00e9putation de l'entreprise.<\/a><\/li>\n\n\n\n<li><strong>Groupe Entain<\/strong>: <a href=\"https:\/\/www.gamblingcommission.gov.uk\/news\/article\/entain-to-pay-gbp17-million-for-regulatory-failures\">Amendes de 17 millions de livres sterling en 2022 en raison de manquements en mati\u00e8re de responsabilit\u00e9 sociale et de lutte contre le blanchiment d'argent. La non-conformit\u00e9 n'a pas seulement entra\u00een\u00e9 des p\u00e9nalit\u00e9s financi\u00e8res, mais a \u00e9galement port\u00e9 atteinte \u00e0 la cr\u00e9dibilit\u00e9 de l'entreprise sur le march\u00e9.<\/a><\/li>\n\n\n\n<li><strong>Betway (Royaume-Uni)<\/strong> - <a href=\"https:\/\/www.gamblingcommission.gov.uk\/public-and-players\/guide\/page\/betway-to-pay-gbp11-6m-for-failings-linked-to-vip-customers\">Condamn\u00e9 \u00e0 une amende de 11,6 millions de livres en 2020. La Commission britannique des jeux de hasard a constat\u00e9 que Betway n'avait pas effectu\u00e9 de contr\u00f4les KYC appropri\u00e9s sur des clients tr\u00e8s d\u00e9pensiers, dont certains avaient d\u00e9pos\u00e9 d'importantes sommes d'argent sans prouver la l\u00e9gitimit\u00e9 de leurs fonds. Cette situation a suscit\u00e9 des inqui\u00e9tudes quant au risque de blanchiment d'argent et au pr\u00e9judice caus\u00e9 aux joueurs compulsifs.<\/a><\/li>\n\n\n\n<li><strong>Groupe William Hill<\/strong> (ROYAUME-UNI) - <a href=\"https:\/\/www.gamblingcommission.gov.uk\/news\/article\/william-hill-group-businesses-to-pay-record-gbp19-2m-for-failures\">En 2023, William Hill s'est vu infliger une amende record de 19,2 millions de livres sterling par la Commission britannique des jeux de hasard. Il a \u00e9t\u00e9 constat\u00e9 que la soci\u00e9t\u00e9 n'effectuait pas de contr\u00f4les suffisants sur les d\u00e9p\u00f4ts importants des clients, l'un d'entre eux ayant \u00e9t\u00e9 autoris\u00e9 \u00e0 perdre 23 000 livres sterling en seulement 20 minutes sans aucune diligence raisonnable ni v\u00e9rification de l'origine des fonds.<\/a><\/li>\n<\/ul>\n\n\n\n<p>En soulignant l'importance du KYC, les plateformes de jeux d'argent en ligne peuvent se prot\u00e9ger contre les d\u00e9lits financiers, respecter les normes r\u00e9glementaires et cr\u00e9er un environnement digne de confiance pour leurs utilisateurs.<\/p>\n\n\n\n<h2 class=\"wp-block-heading\" id=\"heading-7-kyc-procedures-required-by-online-casinos\">Proc\u00e9dures KYC exig\u00e9es par les casinos en ligne<\/h2>\n\n\n\n<p>Le processus KYC des casinos en ligne peut sembler fastidieux, mais il est en fait con\u00e7u pour cr\u00e9er un environnement de jeu s\u00fbr. Voici un aper\u00e7u des principales \u00e9tapes de ce processus :<\/p>\n\n\n\n<h3 class=\"wp-block-heading\" id=\"heading-8-steps-involved-in-the-kyc-process-for-online-casinos\">\u00c9tapes du processus KYC pour les casinos en ligne<\/h3>\n\n\n\n<ol class=\"wp-block-list\">\n<li><strong>Enregistrement du compte<\/strong>:<\/li>\n<\/ol>\n\n\n\n<ul class=\"wp-block-list\">\n<li>Les joueurs doivent fournir des informations personnelles de base telles que leur nom, leur adresse et leur date de naissance.<\/li>\n<\/ul>\n\n\n\n<ol class=\"wp-block-list\">\n<li><strong>V\u00e9rification des documents<\/strong>:<\/li>\n<\/ol>\n\n\n\n<ul class=\"wp-block-list\">\n<li>Pr\u00e9sentation d'une pi\u00e8ce d'identit\u00e9 d\u00e9livr\u00e9e par le gouvernement (passeport, permis de conduire) pour prouver l'identit\u00e9.<\/li>\n\n\n\n<li>Des factures de services publics ou des relev\u00e9s bancaires peuvent \u00eatre demand\u00e9s pour v\u00e9rifier l'adresse.<\/li>\n<\/ul>\n\n\n\n<ol class=\"wp-block-list\">\n<li><strong>V\u00e9rification de l'\u00e2ge dans les jeux de hasard<\/strong>:<\/li>\n<\/ol>\n\n\n\n<ul class=\"wp-block-list\">\n<li>Une \u00e9tape cruciale pour s'assurer que les joueurs ont l'\u00e2ge l\u00e9gal pour jouer, afin de pr\u00e9venir le jeu des mineurs.<\/li>\n<\/ul>\n\n\n\n<ol class=\"wp-block-list\">\n<li><strong>V\u00e9rification du mode de paiement<\/strong>:<\/li>\n<\/ol>\n\n\n\n<ul class=\"wp-block-list\">\n<li>La v\u00e9rification des m\u00e9thodes de paiement telles que les cartes de cr\u00e9dit ou les portefeuilles \u00e9lectroniques ajoute une couche suppl\u00e9mentaire de s\u00e9curit\u00e9 contre la fraude.<\/li>\n<\/ul>\n\n\n\n<ol class=\"wp-block-list\">\n<li><strong>Pratiques de surveillance continue (diligence raisonnable renforc\u00e9e)<\/strong>:<\/li>\n<\/ol>\n\n\n\n<ul class=\"wp-block-list\">\n<li>Contr\u00f4le r\u00e9gulier de l'activit\u00e9 des joueurs afin de d\u00e9tecter tout comportement suspect.<\/li>\n\n\n\n<li>une diligence raisonnable renforc\u00e9e pour les acteurs \u00e0 haut risque ou les transactions importantes, garantissant une conformit\u00e9 continue avec les r\u00e9glementations.<\/li>\n<\/ul>\n\n\n\n<h3 class=\"wp-block-heading\" id=\"heading-9-importance-of-age-verification-and-payment-method-verification\">Importance de la v\u00e9rification de l'\u00e2ge et du mode de paiement<\/h3>\n\n\n\n<p>La v\u00e9rification de l'\u00e2ge est essentielle pour maintenir l'int\u00e9grit\u00e9 de la plateforme et respecter les exigences l\u00e9gales. La v\u00e9rification des m\u00e9thodes de paiement permet non seulement de s\u00e9curiser les transactions, mais aussi d'identifier les fraudes potentielles ou les activit\u00e9s de blanchiment d'argent.<\/p>\n\n\n\n<p>La compr\u00e9hension de ces proc\u00e9dures peut renforcer la confiance entre les joueurs et les plateformes, favorisant ainsi une exp\u00e9rience de jeu en ligne plus s\u00fbre.<\/p>\n\n\n\n<h2 class=\"wp-block-heading\" id=\"heading-10-risks-associated-with-no-kyc-casinos\">Risques associ\u00e9s aux casinos sans KYC<\/h2>\n\n\n\n<p>L'omission des contr\u00f4les KYC peut entra\u00eener de graves probl\u00e8mes, tant pour les op\u00e9rateurs que pour les joueurs. Voici quelques dangers potentiels :<\/p>\n\n\n\n<h3 class=\"wp-block-heading\" id=\"heading-11-1-fake-identities-and-fraudulent-activities\"><strong>1. Fausses identit\u00e9s et activit\u00e9s frauduleuses<\/strong><\/h3>\n\n\n\n<p>Sans v\u00e9rification appropri\u00e9e, les casinos deviennent un terrain de jeu pour les fraudeurs. De fausses identit\u00e9s peuvent \u00eatre utilis\u00e9es pour exploiter des promotions ou blanchir de l'argent par le biais de comptes multiples.<\/p>\n\n\n\n<h3 class=\"wp-block-heading\" id=\"heading-12-2-underage-gambling-risks\"><strong>2. Risques li\u00e9s au jeu chez les mineurs<\/strong><\/h3>\n\n\n\n<p>Sans v\u00e9rification de l'\u00e2ge, les mineurs pourraient acc\u00e9der aux plateformes de jeux d'argent, ce qui entra\u00eenerait des probl\u00e8mes juridiques pour les op\u00e9rateurs et des pr\u00e9judices potentiels pour les jeunes.<\/p>\n\n\n\n<h3 class=\"wp-block-heading\" id=\"heading-13-3-legal-implications\"><strong>3. Implications juridiques<\/strong><\/h3>\n\n\n\n<p>Le fait d'op\u00e9rer sans contr\u00f4le KYC ouvre la porte \u00e0 des risques juridiques importants. Les organismes de r\u00e9glementation imposent de lourdes amendes aux op\u00e9rateurs qui ne respectent pas les r\u00e8gles KYC.<\/p>\n\n\n\n<p>La compr\u00e9hension de ces risques souligne la n\u00e9cessit\u00e9 de mettre en place des processus KYC robustes pour prot\u00e9ger \u00e0 la fois la plateforme et ses utilisateurs.<\/p>\n\n\n\n<h2 class=\"wp-block-heading\" id=\"heading-18-regulatory-requirements-and-compliance-challenges-faced-by-online-casinos-with-kyc-implementation\">Exigences r\u00e9glementaires et d\u00e9fis de conformit\u00e9 rencontr\u00e9s par les casinos en ligne lors de la mise en \u0153uvre de KYC<\/h2>\n\n\n\n<h3 class=\"wp-block-heading\" id=\"heading-19-global-gambling-regulations-regarding-kyc-requirements\">R\u00e9glementation mondiale des jeux d'argent concernant les exigences en mati\u00e8re de connaissance du client (KYC)<\/h3>\n\n\n\n<p>Les r\u00e9glementations relatives aux jeux d'argent en ligne varient consid\u00e9rablement d'un pays \u00e0 l'autre. Des juridictions telles que le Royaume-Uni, Malte et l'Australie ont des exigences strictes en mati\u00e8re de connaissance du client afin de lutter contre le blanchiment d'argent et de garantir des environnements de jeu s\u00fbrs. La UK Gambling Commission oblige les op\u00e9rateurs \u00e0 v\u00e9rifier l'identit\u00e9 de leurs clients avant d'autoriser toute activit\u00e9 de jeu. De m\u00eame, la Gaming Authority de Malte impose des contr\u00f4les KYC rigoureux \u00e0 tous les op\u00e9rateurs titulaires d'une licence.<\/p>\n\n\n\n<h3 class=\"wp-block-heading\" id=\"heading-20-variations-in-compliance-obligations-across-jurisdictions\">Variations des obligations de conformit\u00e9 d'une juridiction \u00e0 l'autre<\/h3>\n\n\n\n<p>Les obligations de conformit\u00e9 peuvent varier consid\u00e9rablement :<\/p>\n\n\n\n<ul class=\"wp-block-list\">\n<li><strong>L'Europe<\/strong>: La cinqui\u00e8me directive anti-blanchiment (AMLD5) s'applique \u00e0 tous les \u00c9tats membres de l'UE et place la barre tr\u00e8s haut en mati\u00e8re de conformit\u00e9 KYC.<\/li>\n\n\n\n<li><strong>\u00c9tats-Unis<\/strong>: Les r\u00e9glementations varient d'un \u00c9tat \u00e0 l'autre. Certains \u00c9tats imposent des contr\u00f4les KYC complets, tandis que d'autres ont des exigences plus souples.<\/li>\n\n\n\n<li><strong>Asie<\/strong>: Des pays comme le Japon et Singapour introduisent des lois plus strictes en mati\u00e8re de connaissance du client, m\u00eame si l'application de ces lois peut \u00eatre incoh\u00e9rente.<\/li>\n<\/ul>\n\n\n\n<h2 class=\"wp-block-heading\">Recommandations de lectures compl\u00e9mentaires<\/h2>\n\n\n\n<ul class=\"wp-block-list\">\n<li><a href=\"https:\/\/sumsub.com\/blog\/kyc-in-gambling\">https:\/\/sumsub.com\/blog\/kyc-in-gambling<\/a><\/li>\n<\/ul>","protected":false},"excerpt":{"rendered":"<p>Ever wondered why online casinos ask for your ID and other personal details before letting you play? This is where Know Your Customer (KYC) comes into play. As annoying as it is, platforms need to verify your identity to ensure regulatory compliance and safeguard against financial crimes. In the world of online gambling, KYC is [&hellip;]<\/p>\n","protected":false},"author":4,"featured_media":0,"parent":0,"menu_order":0,"comment_status":"closed","ping_status":"closed","template":"","meta":{"_acf_changed":false,"footnotes":""},"tags":[],"class_list":["post-6458","page","type-page","status-publish","hentry"],"acf":[],"yoast_head":"<!-- This site is optimized with the Yoast SEO plugin v26.6 - https:\/\/yoast.com\/wordpress\/plugins\/seo\/ -->\n<title>What&#039;s the Deal with KYC and Online Casinos?<\/title>\n<meta name=\"description\" content=\"Ever wondered why online casinos ask for your ID and other personal details before letting you play? This is where Know Your Customer (KYC) comes into\" \/>\n<meta name=\"robots\" content=\"index, follow, max-snippet:-1, max-image-preview:large, max-video-preview:-1\" \/>\n<link rel=\"canonical\" href=\"https:\/\/www.blackjackinfo.com\/fr\/quen-est-il-du-kyc-et-des-casinos-en-ligne\/\" \/>\n<meta property=\"og:locale\" content=\"fr_FR\" \/>\n<meta property=\"og:type\" content=\"article\" \/>\n<meta property=\"og:title\" content=\"What&#039;s the Deal with KYC and Online Casinos?\" \/>\n<meta property=\"og:description\" content=\"Ever wondered why online casinos ask for your ID and other personal details before letting you play? This is where Know Your Customer (KYC) comes into\" \/>\n<meta property=\"og:url\" content=\"https:\/\/www.blackjackinfo.com\/fr\/quen-est-il-du-kyc-et-des-casinos-en-ligne\/\" \/>\n<meta property=\"og:site_name\" content=\"BlackjackInfo.com\" \/>\n<meta property=\"article:modified_time\" content=\"2024-09-15T06:53:35+00:00\" \/>\n<meta name=\"twitter:label1\" content=\"Dur\u00e9e de lecture estim\u00e9e\" \/>\n\t<meta name=\"twitter:data1\" content=\"5 minutes\" \/>\n<script type=\"application\/ld+json\" class=\"yoast-schema-graph\">{\"@context\":\"https:\/\/schema.org\",\"@graph\":[{\"@type\":\"WebPage\",\"@id\":\"https:\/\/www.blackjackinfo.com\/whats-the-deal-with-kyc-and-online-casinos\/\",\"url\":\"https:\/\/www.blackjackinfo.com\/whats-the-deal-with-kyc-and-online-casinos\/\",\"name\":\"What's the Deal with KYC and Online Casinos?\",\"isPartOf\":{\"@id\":\"https:\/\/www.blackjackinfo.com\/#website\"},\"datePublished\":\"2024-09-15T06:42:20+00:00\",\"dateModified\":\"2024-09-15T06:53:35+00:00\",\"description\":\"Ever wondered why online casinos ask for your ID and other personal details before letting you play? This is where Know Your Customer (KYC) comes into\",\"breadcrumb\":{\"@id\":\"https:\/\/www.blackjackinfo.com\/whats-the-deal-with-kyc-and-online-casinos\/#breadcrumb\"},\"inLanguage\":\"fr-FR\",\"potentialAction\":[{\"@type\":\"ReadAction\",\"target\":[\"https:\/\/www.blackjackinfo.com\/whats-the-deal-with-kyc-and-online-casinos\/\"]}]},{\"@type\":\"BreadcrumbList\",\"@id\":\"https:\/\/www.blackjackinfo.com\/whats-the-deal-with-kyc-and-online-casinos\/#breadcrumb\",\"itemListElement\":[{\"@type\":\"ListItem\",\"position\":1,\"name\":\"Home\",\"item\":\"https:\/\/www.blackjackinfo.com\/\"},{\"@type\":\"ListItem\",\"position\":2,\"name\":\"What&#8217;s the Deal with KYC and Online Casinos?\"}]},{\"@type\":\"WebSite\",\"@id\":\"https:\/\/www.blackjackinfo.com\/#website\",\"url\":\"https:\/\/www.blackjackinfo.com\/\",\"name\":\"BlackjackInfo.com\",\"description\":\"Because Winning is More Fun!\",\"potentialAction\":[{\"@type\":\"SearchAction\",\"target\":{\"@type\":\"EntryPoint\",\"urlTemplate\":\"https:\/\/www.blackjackinfo.com\/?s={search_term_string}\"},\"query-input\":{\"@type\":\"PropertyValueSpecification\",\"valueRequired\":true,\"valueName\":\"search_term_string\"}}],\"inLanguage\":\"fr-FR\"}]}<\/script>\n<!-- \/ Yoast SEO plugin. -->","yoast_head_json":{"title":"Qu'en est-il de KYC et des casinos en ligne ?","description":"Vous \u00eates-vous d\u00e9j\u00e0 demand\u00e9 pourquoi les casinos en ligne vous demandent votre carte d'identit\u00e9 et d'autres informations personnelles avant de vous laisser jouer ? C'est l\u00e0 que la connaissance du client (KYC) entre en jeu","robots":{"index":"index","follow":"follow","max-snippet":"max-snippet:-1","max-image-preview":"max-image-preview:large","max-video-preview":"max-video-preview:-1"},"canonical":"https:\/\/www.blackjackinfo.com\/fr\/quen-est-il-du-kyc-et-des-casinos-en-ligne\/","og_locale":"fr_FR","og_type":"article","og_title":"What's the Deal with KYC and Online Casinos?","og_description":"Ever wondered why online casinos ask for your ID and other personal details before letting you play? This is where Know Your Customer (KYC) comes into","og_url":"https:\/\/www.blackjackinfo.com\/fr\/quen-est-il-du-kyc-et-des-casinos-en-ligne\/","og_site_name":"BlackjackInfo.com","article_modified_time":"2024-09-15T06:53:35+00:00","twitter_misc":{"Dur\u00e9e de lecture estim\u00e9e":"5 minutes"},"schema":{"@context":"https:\/\/schema.org","@graph":[{"@type":"WebPage","@id":"https:\/\/www.blackjackinfo.com\/whats-the-deal-with-kyc-and-online-casinos\/","url":"https:\/\/www.blackjackinfo.com\/whats-the-deal-with-kyc-and-online-casinos\/","name":"Qu'en est-il de KYC et des casinos en ligne ?","isPartOf":{"@id":"https:\/\/www.blackjackinfo.com\/#website"},"datePublished":"2024-09-15T06:42:20+00:00","dateModified":"2024-09-15T06:53:35+00:00","description":"Vous \u00eates-vous d\u00e9j\u00e0 demand\u00e9 pourquoi les casinos en ligne vous demandent votre carte d'identit\u00e9 et d'autres informations personnelles avant de vous laisser jouer ? C'est l\u00e0 que la connaissance du client (KYC) entre en jeu","breadcrumb":{"@id":"https:\/\/www.blackjackinfo.com\/whats-the-deal-with-kyc-and-online-casinos\/#breadcrumb"},"inLanguage":"fr-FR","potentialAction":[{"@type":"ReadAction","target":["https:\/\/www.blackjackinfo.com\/whats-the-deal-with-kyc-and-online-casinos\/"]}]},{"@type":"BreadcrumbList","@id":"https:\/\/www.blackjackinfo.com\/whats-the-deal-with-kyc-and-online-casinos\/#breadcrumb","itemListElement":[{"@type":"ListItem","position":1,"name":"Home","item":"https:\/\/www.blackjackinfo.com\/"},{"@type":"ListItem","position":2,"name":"What&#8217;s the Deal with KYC and Online Casinos?"}]},{"@type":"WebSite","@id":"https:\/\/www.blackjackinfo.com\/#website","url":"https:\/\/www.blackjackinfo.com\/","name":"BlackjackInfo.com","description":"Parce que gagner, c'est plus amusant !","potentialAction":[{"@type":"SearchAction","target":{"@type":"EntryPoint","urlTemplate":"https:\/\/www.blackjackinfo.com\/?s={search_term_string}"},"query-input":{"@type":"PropertyValueSpecification","valueRequired":true,"valueName":"search_term_string"}}],"inLanguage":"fr-FR"}]}},"_links":{"self":[{"href":"https:\/\/www.blackjackinfo.com\/fr\/wp-json\/wp\/v2\/pages\/6458","targetHints":{"allow":["GET"]}}],"collection":[{"href":"https:\/\/www.blackjackinfo.com\/fr\/wp-json\/wp\/v2\/pages"}],"about":[{"href":"https:\/\/www.blackjackinfo.com\/fr\/wp-json\/wp\/v2\/types\/page"}],"author":[{"embeddable":true,"href":"https:\/\/www.blackjackinfo.com\/fr\/wp-json\/wp\/v2\/users\/4"}],"replies":[{"embeddable":true,"href":"https:\/\/www.blackjackinfo.com\/fr\/wp-json\/wp\/v2\/comments?post=6458"}],"version-history":[{"count":4,"href":"https:\/\/www.blackjackinfo.com\/fr\/wp-json\/wp\/v2\/pages\/6458\/revisions"}],"predecessor-version":[{"id":6466,"href":"https:\/\/www.blackjackinfo.com\/fr\/wp-json\/wp\/v2\/pages\/6458\/revisions\/6466"}],"wp:attachment":[{"href":"https:\/\/www.blackjackinfo.com\/fr\/wp-json\/wp\/v2\/media?parent=6458"}],"wp:term":[{"taxonomy":"post_tag","embeddable":true,"href":"https:\/\/www.blackjackinfo.com\/fr\/wp-json\/wp\/v2\/tags?post=6458"}],"curies":[{"name":"wp","href":"https:\/\/api.w.org\/{rel}","templated":true}]}}