{"id":6460,"date":"2024-09-15T01:22:26","date_gmt":"2024-09-15T06:22:26","guid":{"rendered":"https:\/\/www.blackjackinfo.com\/?page_id=6460"},"modified":"2024-11-01T04:23:58","modified_gmt":"2024-11-01T09:23:58","slug":"casinos-en-ligne","status":"publish","type":"page","link":"https:\/\/www.blackjackinfo.com\/fr\/online-casinos\/","title":{"rendered":"Casinos en ligne - Comment fonctionnent-ils ?"},"content":{"rendered":"<p>Vous souhaitez jouer dans un casino en ligne, mais comment \u00eatre s\u00fbr qu'il est digne de confiance ? Le secteur des jeux d'argent en ligne repr\u00e9sente aujourd'hui plus de $60 milliards d'euros au niveau mondial et devrait cro\u00eetre de 11% suppl\u00e9mentaires chaque ann\u00e9e ; vous n'\u00eates certainement pas le seul ! Des millions de personnes profitent chaque jour de la commodit\u00e9 et de l'excitation des casinos en ligne. Mais la question de l'\u00e9quit\u00e9 se pose naturellement : apr\u00e8s tout, tout le monde veut avoir une chance \u00e9quitable de gagner ! <\/p>\n\n\n\n<p>Voyons comment les casinos en ligne garantissent l'\u00e9quit\u00e9 du jeu et comment vous pouvez commencer, si vous le souhaitez.<\/p>\n\n\n\n<h2 class=\"wp-block-heading\">Comment les casinos en ligne assurent-ils l'\u00e9quit\u00e9 des jeux ?<\/h2>\n\n\n\n<p>L'un des principaux moyens utilis\u00e9s par les casinos en ligne pour garantir l'\u00e9quit\u00e9 du jeu est la technologie appel\u00e9e <strong><a href=\"https:\/\/www.youtube.com\/watch?v=MNNcn5_K78k\">G\u00e9n\u00e9rateur de nombres al\u00e9atoires (RNG)<\/a><\/strong>. Un RNG est un logiciel sophistiqu\u00e9 con\u00e7u pour produire des r\u00e9sultats al\u00e9atoires chaque fois que vous faites tourner une machine \u00e0 sous, que vous tirez une carte ou que vous lancez des d\u00e9s en ligne. <\/p>\n\n\n\n<p>Ce logiciel, d\u00e9velopp\u00e9 par des fournisseurs renomm\u00e9s tels que <strong>Microgaming<\/strong>, <strong>NetEnt<\/strong>et <strong>Playtech<\/strong>Le RNG garantit que le r\u00e9sultat de chaque jeu est enti\u00e8rement impr\u00e9visible et ne peut pas \u00eatre modifi\u00e9. En utilisant un logiciel RNG fiable, les casinos en ligne peuvent reproduire le caract\u00e8re al\u00e9atoire des jeux physiques, ce qui donne aux joueurs une v\u00e9ritable chance de gagner.<\/p>\n\n\n\n<h2 class=\"wp-block-heading\">Vari\u00e9t\u00e9 des jeux : Qui se cache vraiment derri\u00e8re vos machines \u00e0 sous et jeux de table pr\u00e9f\u00e9r\u00e9s ?<\/h2>\n\n\n\n<p>Les casinos en ligne d\u00e9pendent en grande partie des fournisseurs de logiciels avec lesquels ils travaillent en partenariat. Ces fournisseurs sont des soci\u00e9t\u00e9s sp\u00e9cialis\u00e9es charg\u00e9es de cr\u00e9er les machines \u00e0 sous, les jeux de table et les options de croupiers en direct que vous voyez sur le site. Par exemple, des soci\u00e9t\u00e9s comme <strong>NetEnt<\/strong> se concentrent sur les machines \u00e0 sous, connues pour leurs th\u00e8mes attrayants et leurs visuels de haute qualit\u00e9, tandis que les <strong>Evolution Gaming<\/strong> est r\u00e9put\u00e9 pour d\u00e9velopper des jeux avec croupier en direct qui visent \u00e0 recr\u00e9er l'ambiance d'un vrai casino. Chaque fournisseur a son propre style et ses propres atouts, ce qui signifie que les casinos ayant conclu des partenariats diff\u00e9rents proposeront des biblioth\u00e8ques de jeux uniques.<\/p>\n\n\n\n<p>Si un casino s'associe \u00e0 plusieurs fournisseurs, il peut offrir un large \u00e9ventail de types et de styles de jeux, r\u00e9pondant ainsi aux diff\u00e9rentes pr\u00e9f\u00e9rences des joueurs. Ainsi, lorsque vous explorez la s\u00e9lection de jeux d'un casino, il est utile d'examiner les fournisseurs de logiciels qui se cachent derri\u00e8re les jeux. Leur implication peut vous donner une id\u00e9e du type d'exp\u00e9rience et de la qualit\u00e9 \u00e0 laquelle vous pouvez vous attendre. Cela permet \u00e9galement de s'assurer que les jeux sont l\u00e9gitimes, car les fournisseurs de logiciels r\u00e9put\u00e9s font l'objet d'un audit d'\u00e9quit\u00e9. <\/p>\n\n\n\n<h2 class=\"wp-block-heading\">Comment ces syst\u00e8mes sont-ils contr\u00f4l\u00e9s ?<\/h2>\n\n\n\n<p>Pour renforcer la confiance des joueurs, les casinos r\u00e9put\u00e9s se soumettent r\u00e9guli\u00e8rement \u00e0 des contr\u00f4les de qualit\u00e9. <strong>audits de tiers<\/strong> pour v\u00e9rifier que leurs RNG fonctionnent correctement. Des agences de test ind\u00e9pendantes, telles que <strong>eCOGRA<\/strong>, <strong>iTech Labs<\/strong>et <strong>GLI (Gaming Laboratories International)<\/strong>Ils effectuent des tests approfondis sur le logiciel. Ces audits permettent de s'assurer que les RNG produisent des r\u00e9sultats v\u00e9ritablement al\u00e9atoires et que ni le casino ni les joueurs ne b\u00e9n\u00e9ficient d'un avantage d\u00e9loyal.<\/p>\n\n\n\n<p>Lorsqu'un casino affiche une certification ou un sceau de ces agences, cela signifie que les jeux ont pass\u00e9 des tests stricts d'\u00e9quit\u00e9 et de transparence. Les auditeurs testent des aspects tels que les pourcentages de paiement et la coh\u00e9rence du hasard pour s'assurer que tout est en ordre.<\/p>\n\n\n\n<h2 class=\"wp-block-heading\">Qui veille \u00e0 ce que les casinos respectent les r\u00e8gles ?<\/h2>\n\n\n\n<p>Pour gagner la confiance des joueurs, les casinos de bonne r\u00e9putation sont agr\u00e9\u00e9s et r\u00e9glement\u00e9s par des autorit\u00e9s de jeu de confiance. Ces autorit\u00e9s, par exemple la <strong>Autorit\u00e9 des jeux de Malte<\/strong> ou <strong>Commission des jeux de hasard du Royaume-Uni<\/strong>Ces organismes appliquent des r\u00e8gles strictes pour s'assurer que les casinos sont \u00e9quitables et s\u00fbrs. Lorsqu'un casino est titulaire d'une licence d\u00e9livr\u00e9e par l'une de ces organisations, cela signifie qu'il a fait l'objet de v\u00e9rifications approfondies et qu'il est r\u00e9guli\u00e8rement contr\u00f4l\u00e9.<\/p>\n\n\n\n<h2 class=\"wp-block-heading\">Est-ce l\u00e9gal ?<\/h2>\n\n\n\n<p>La l\u00e9galit\u00e9 des jeux d'argent en ligne varie consid\u00e9rablement en fonction de l'endroit o\u00f9 vous vous trouvez, car chaque pays ou r\u00e9gion a ses propres lois r\u00e9gissant cette activit\u00e9. Dans certains pays, les jeux d'argent en ligne sont enti\u00e8rement l\u00e9galis\u00e9s et r\u00e9glement\u00e9s, ce qui offre un large \u00e9ventail d'options aux joueurs. <\/p>\n\n\n\n<p>En revanche, d'autres r\u00e9gions peuvent imposer des restrictions strictes ou une interdiction pure et simple des casinos en ligne, rendant leur participation ill\u00e9gale pour les r\u00e9sidents. En outre, m\u00eame dans les pays o\u00f9 les jeux d'argent en ligne sont l\u00e9gaux, des r\u00e9glementations sp\u00e9cifiques peuvent dicter les types de jeux autoris\u00e9s, les personnes autoris\u00e9es \u00e0 exploiter un casino et les modalit\u00e9s d'octroi des licences. <\/p>\n\n\n\n<p>Il est donc essentiel que les joueurs comprennent leur l\u00e9gislation locale avant de s'engager dans des jeux d'argent en ligne afin de garantir la conformit\u00e9 et d'\u00e9viter d'\u00e9ventuels probl\u00e8mes juridiques.<\/p>\n\n\n\n<h2 class=\"wp-block-heading\">Le r\u00e9sultat : Le fair-play est essentiel pour gagner la confiance<\/h2>\n\n\n\n<p>Pour les casinos, la confiance des joueurs est primordiale, c'est pourquoi ils investissent massivement dans la technologie et la conformit\u00e9 afin de maintenir un environnement \u00e9quitable. Si vous d\u00e9butez, choisissez des casinos sous licence, certifi\u00e9s par des autorit\u00e9s r\u00e9put\u00e9es et ayant fait l'objet d'audits ind\u00e9pendants. <\/p>\n\n\n\n<p>Nous faisons de notre mieux pour ne r\u00e9pertorier sur notre site que des casinos de bonne r\u00e9putation. Cependant, comme pour tout achat en ligne, nous vous recommandons de faire vos recherches et de toujours lire attentivement les conditions g\u00e9n\u00e9rales avant de jouer en ligne.<\/p>\n\n\n\n<h2 class=\"wp-block-heading\">Articles connexes<\/h2>\n\n\n\n<ul class=\"wp-block-list\">\n<li><a href=\"https:\/\/www.blackjackinfo.com\/are-online-casinos-rigged\/\">Les casinos en ligne sont-ils truqu\u00e9s ?<\/a><\/li>\n<\/ul>","protected":false},"excerpt":{"rendered":"<p>So, you\u2019re interested in playing at a casino online, but how can you be sure they\u2019re trustworthy? With the online gambling industry now worth over $60 billion globally and expected to grow by another 11% each year, you\u2019re certainly not alone! Millions of people are enjoying the convenience and excitement of online casinos every day. [&hellip;]<\/p>\n","protected":false},"author":4,"featured_media":0,"parent":0,"menu_order":0,"comment_status":"closed","ping_status":"closed","template":"","meta":{"_acf_changed":false,"footnotes":""},"tags":[],"class_list":["post-6460","page","type-page","status-publish","hentry"],"acf":[],"yoast_head":"<!-- This site is optimized with the Yoast SEO plugin v26.6 - https:\/\/yoast.com\/wordpress\/plugins\/seo\/ -->\n<title>Online Casinos - How do they Work?<\/title>\n<meta name=\"description\" content=\"So, you\u2019re interested in playing at a casino online, but how can you be sure they\u2019re trustworthy? With the online gambling industry now worth over $60\" \/>\n<meta name=\"robots\" content=\"index, follow, max-snippet:-1, max-image-preview:large, max-video-preview:-1\" \/>\n<link rel=\"canonical\" href=\"https:\/\/www.blackjackinfo.com\/fr\/casinos-en-ligne\/\" \/>\n<meta property=\"og:locale\" content=\"fr_FR\" \/>\n<meta property=\"og:type\" content=\"article\" \/>\n<meta property=\"og:title\" content=\"Online Casinos - How do they Work?\" \/>\n<meta property=\"og:description\" content=\"So, you\u2019re interested in playing at a casino online, but how can you be sure they\u2019re trustworthy? With the online gambling industry now worth over $60\" \/>\n<meta property=\"og:url\" content=\"https:\/\/www.blackjackinfo.com\/fr\/casinos-en-ligne\/\" \/>\n<meta property=\"og:site_name\" content=\"BlackjackInfo.com\" \/>\n<meta property=\"article:modified_time\" content=\"2024-11-01T09:23:58+00:00\" \/>\n<meta name=\"twitter:label1\" content=\"Dur\u00e9e de lecture estim\u00e9e\" \/>\n\t<meta name=\"twitter:data1\" content=\"4 minutes\" \/>\n<script type=\"application\/ld+json\" class=\"yoast-schema-graph\">{\"@context\":\"https:\/\/schema.org\",\"@graph\":[{\"@type\":\"WebPage\",\"@id\":\"https:\/\/www.blackjackinfo.com\/online-casinos\/\",\"url\":\"https:\/\/www.blackjackinfo.com\/online-casinos\/\",\"name\":\"Online Casinos - How do they Work?\",\"isPartOf\":{\"@id\":\"https:\/\/www.blackjackinfo.com\/#website\"},\"datePublished\":\"2024-09-15T06:22:26+00:00\",\"dateModified\":\"2024-11-01T09:23:58+00:00\",\"description\":\"So, you\u2019re interested in playing at a casino online, but how can you be sure they\u2019re trustworthy? With the online gambling industry now worth over $60\",\"breadcrumb\":{\"@id\":\"https:\/\/www.blackjackinfo.com\/online-casinos\/#breadcrumb\"},\"inLanguage\":\"fr-FR\",\"potentialAction\":[{\"@type\":\"ReadAction\",\"target\":[\"https:\/\/www.blackjackinfo.com\/online-casinos\/\"]}]},{\"@type\":\"BreadcrumbList\",\"@id\":\"https:\/\/www.blackjackinfo.com\/online-casinos\/#breadcrumb\",\"itemListElement\":[{\"@type\":\"ListItem\",\"position\":1,\"name\":\"Home\",\"item\":\"https:\/\/www.blackjackinfo.com\/\"},{\"@type\":\"ListItem\",\"position\":2,\"name\":\"Online Casinos &#8211; How do they Work?\"}]},{\"@type\":\"WebSite\",\"@id\":\"https:\/\/www.blackjackinfo.com\/#website\",\"url\":\"https:\/\/www.blackjackinfo.com\/\",\"name\":\"BlackjackInfo.com\",\"description\":\"Because Winning is More Fun!\",\"potentialAction\":[{\"@type\":\"SearchAction\",\"target\":{\"@type\":\"EntryPoint\",\"urlTemplate\":\"https:\/\/www.blackjackinfo.com\/?s={search_term_string}\"},\"query-input\":{\"@type\":\"PropertyValueSpecification\",\"valueRequired\":true,\"valueName\":\"search_term_string\"}}],\"inLanguage\":\"fr-FR\"}]}<\/script>\n<!-- \/ Yoast SEO plugin. -->","yoast_head_json":{"title":"Casinos en ligne - Comment fonctionnent-ils ?","description":"Vous souhaitez jouer dans un casino en ligne, mais comment \u00eatre s\u00fbr qu'il est digne de confiance ? Le secteur des jeux d'argent en ligne repr\u00e9sente aujourd'hui plus de $60","robots":{"index":"index","follow":"follow","max-snippet":"max-snippet:-1","max-image-preview":"max-image-preview:large","max-video-preview":"max-video-preview:-1"},"canonical":"https:\/\/www.blackjackinfo.com\/fr\/casinos-en-ligne\/","og_locale":"fr_FR","og_type":"article","og_title":"Online Casinos - How do they Work?","og_description":"So, you\u2019re interested in playing at a casino online, but how can you be sure they\u2019re trustworthy? With the online gambling industry now worth over $60","og_url":"https:\/\/www.blackjackinfo.com\/fr\/casinos-en-ligne\/","og_site_name":"BlackjackInfo.com","article_modified_time":"2024-11-01T09:23:58+00:00","twitter_misc":{"Dur\u00e9e de lecture estim\u00e9e":"4 minutes"},"schema":{"@context":"https:\/\/schema.org","@graph":[{"@type":"WebPage","@id":"https:\/\/www.blackjackinfo.com\/online-casinos\/","url":"https:\/\/www.blackjackinfo.com\/online-casinos\/","name":"Casinos en ligne - Comment fonctionnent-ils ?","isPartOf":{"@id":"https:\/\/www.blackjackinfo.com\/#website"},"datePublished":"2024-09-15T06:22:26+00:00","dateModified":"2024-11-01T09:23:58+00:00","description":"Vous souhaitez jouer dans un casino en ligne, mais comment \u00eatre s\u00fbr qu'il est digne de confiance ? Le secteur des jeux d'argent en ligne repr\u00e9sente aujourd'hui plus de $60","breadcrumb":{"@id":"https:\/\/www.blackjackinfo.com\/online-casinos\/#breadcrumb"},"inLanguage":"fr-FR","potentialAction":[{"@type":"ReadAction","target":["https:\/\/www.blackjackinfo.com\/online-casinos\/"]}]},{"@type":"BreadcrumbList","@id":"https:\/\/www.blackjackinfo.com\/online-casinos\/#breadcrumb","itemListElement":[{"@type":"ListItem","position":1,"name":"Home","item":"https:\/\/www.blackjackinfo.com\/"},{"@type":"ListItem","position":2,"name":"Online Casinos &#8211; How do they Work?"}]},{"@type":"WebSite","@id":"https:\/\/www.blackjackinfo.com\/#website","url":"https:\/\/www.blackjackinfo.com\/","name":"BlackjackInfo.com","description":"Parce que gagner, c'est plus amusant !","potentialAction":[{"@type":"SearchAction","target":{"@type":"EntryPoint","urlTemplate":"https:\/\/www.blackjackinfo.com\/?s={search_term_string}"},"query-input":{"@type":"PropertyValueSpecification","valueRequired":true,"valueName":"search_term_string"}}],"inLanguage":"fr-FR"}]}},"_links":{"self":[{"href":"https:\/\/www.blackjackinfo.com\/fr\/wp-json\/wp\/v2\/pages\/6460","targetHints":{"allow":["GET"]}}],"collection":[{"href":"https:\/\/www.blackjackinfo.com\/fr\/wp-json\/wp\/v2\/pages"}],"about":[{"href":"https:\/\/www.blackjackinfo.com\/fr\/wp-json\/wp\/v2\/types\/page"}],"author":[{"embeddable":true,"href":"https:\/\/www.blackjackinfo.com\/fr\/wp-json\/wp\/v2\/users\/4"}],"replies":[{"embeddable":true,"href":"https:\/\/www.blackjackinfo.com\/fr\/wp-json\/wp\/v2\/comments?post=6460"}],"version-history":[{"count":5,"href":"https:\/\/www.blackjackinfo.com\/fr\/wp-json\/wp\/v2\/pages\/6460\/revisions"}],"predecessor-version":[{"id":7500,"href":"https:\/\/www.blackjackinfo.com\/fr\/wp-json\/wp\/v2\/pages\/6460\/revisions\/7500"}],"wp:attachment":[{"href":"https:\/\/www.blackjackinfo.com\/fr\/wp-json\/wp\/v2\/media?parent=6460"}],"wp:term":[{"taxonomy":"post_tag","embeddable":true,"href":"https:\/\/www.blackjackinfo.com\/fr\/wp-json\/wp\/v2\/tags?post=6460"}],"curies":[{"name":"wp","href":"https:\/\/api.w.org\/{rel}","templated":true}]}}