{"id":655,"date":"2014-10-13T20:14:31","date_gmt":"2014-10-14T01:14:31","guid":{"rendered":"http:\/\/test.blackjackinfo.com\/?page_id=655"},"modified":"2018-06-22T02:45:35","modified_gmt":"2018-06-22T07:45:35","slug":"maitre-du-jeu","status":"publish","type":"page","link":"https:\/\/www.blackjackinfo.com\/fr\/gamemaster\/","title":{"rendered":"Qui est le \"ma\u00eetre du jeu\" ?"},"content":{"rendered":"<p class=\"intro\">L'excellent programme de 24 le\u00e7ons <a title=\"L&#039;\u00e9cole du blackjack\" href=\"\/blackjack-school\/\">L'\u00e9cole du blackjack<\/a> h\u00e9berg\u00e9 ici \u00e0 BlackjackInfo.com a \u00e9t\u00e9 cr\u00e9\u00e9 par un de mes amis nomm\u00e9 Bill Channels qui \u00e9crit sous le nom de \"The GameMaster\".  Son site GameMasterOnline.com contenait un grand nombre d'articles perspicaces sur le blackjack et d'autres jeux d'argent jusqu'\u00e0 ce qu'il disparaisse \u00e0 la fin de l'ann\u00e9e 2014.<\/p>\n<p>Lorsque j'ai rencontr\u00e9 le GameMaster pour la premi\u00e8re fois, j'ai imm\u00e9diatement ressenti un lien de parent\u00e9.  Nous avons beaucoup de choses en commun.  Nous sommes tous les deux des joueurs gagnants exp\u00e9riment\u00e9s et nous h\u00e9bergeons tous les deux des sites de jeu qui remontent aux tout premiers jours de l'Internet.  Son domaine GameMasterOnline.com a \u00e9t\u00e9 enregistr\u00e9 en mai 1997, tandis que mon BlackjackInfo.com a \u00e9t\u00e9 cr\u00e9\u00e9 en janvier 1998.  En fait, ce ne sont pas nos premiers sites.  Il a d'abord travaill\u00e9 avec \"Rolling Good Times Online\", qui date de 1996, et mon site a d\u00e9marr\u00e9 \u00e0 une adresse fournie par mon fournisseur d'acc\u00e8s \u00e0 peu pr\u00e8s \u00e0 la m\u00eame \u00e9poque.  \u00c0 l'\u00e9poque, le meilleur moteur de recherche \u00e9tait AltaVista et personne n'avait encore entendu parler de Google !<\/p>\n<p>Bill est un v\u00e9ritable bon vivant.  Selon ses propres termes :<\/p>\n<blockquote><p>Profitez de la vie ! Mais faites-le avec mod\u00e9ration. Ne donnez pas trop d'avantages aux casinos lorsque vous jouez, et lorsque vous buvez, buvez de bonnes choses. Mangez un petit steak et terminez votre d\u00eener par un bon porto ou un brandy et un tr\u00e8s bon cigare.  Tirer le meilleur parti de la vie n'a pas grand-chose \u00e0 voir avec l'argent, mais tout \u00e0 voir avec le go\u00fbt.<cite>Le ma\u00eetre du jeu<\/cite><\/p><\/blockquote>\n<p>Pendant un certain temps, il a \u00e9t\u00e9 l'importateur exclusif aux \u00c9tats-Unis d'une vodka polonaise de seigle triple distillation.  Sa connaissance des spiritueux et des vins est \u00e9tonnante, et un d\u00eener avec lui est toujours une v\u00e9ritable aventure.  Il a \u00e9t\u00e9 un joueur prosp\u00e8re pendant de nombreuses ann\u00e9es, gagnant de l'argent \u00e0 divers jeux de casino.  De temps en temps, il a \u00e9t\u00e9 impliqu\u00e9 dans le mentorat et l'enseignement du blackjack, et c'est \u00e0 partir de son exp\u00e9rience de travail avec les \u00e9tudiants qu'il a cr\u00e9\u00e9 son \u00e9cole de blackjack.<\/p>\n<p>Le ma\u00eetre de jeu a mis son \u00e9cole de blackjack de 24 le\u00e7ons \u00e0 la disposition de tout site Internet de jeux d'argent qui r\u00e9pondait \u00e0 ses exigences \u00e9ditoriales, en \u00e9change de liens vers son DVD de mat\u00e9riel de cours.  C'est ainsi que j'ai commenc\u00e9 \u00e0 h\u00e9berger l'\u00e9cole sur BlackjackInfo.  La s\u00e9rie a \u00e9t\u00e9 si populaire aupr\u00e8s de mes visiteurs que j'ai ensuite pay\u00e9 pour que les le\u00e7ons soient traduites en fran\u00e7ais et en italien.<\/p>\n<p><a href=\"http:\/\/www.amazon.com\/dp\/1477594663\/?tag=theblackjacbasic\"><img loading=\"lazy\" decoding=\"async\" class=\"alignright size-full wp-image-661\" src=\"\/files\/GameMaster-Darn-Near-Complete-Book-Of-Winning-At-Blackjack.jpg\" alt=\"The (Darn Near) Complete Book Of Winning At Blackjack\" width=\"175\" height=\"250\" data-no-auto-translation=\"\" \/><\/a>En 2012, Bill a rassembl\u00e9 ses r\u00e9flexions sur le blackjack et a publi\u00e9 un livre :<br \/>\n<a href=\"http:\/\/www.amazon.com\/dp\/1477594663\/?tag=theblackjacbasic\">Le livre complet (ou presque) pour gagner au Blackjack<\/a><br \/>\n(Le lien renvoie directement \u00e0 son livre sur Amazon).<\/p>\n<p>En mettant son vrai nom sur la couverture de son livre, c'est la premi\u00e8re fois qu'il r\u00e9v\u00e8le publiquement l'identit\u00e9 qui se cache derri\u00e8re le ma\u00eetre de jeu.  Il \u00e9tait nerveux \u00e0 ce sujet et craignait que cela ne lui fasse perdre du temps de jeu dans les casinos.  Mais la derni\u00e8re fois que nous en avons parl\u00e9, il avait toujours autant de succ\u00e8s aux tables.<\/p>\n<p>Malheureusement, \u00e0 l'heure o\u00f9 j'\u00e9cris ces lignes, fin 2014, je n'ai pas pu contacter Bill depuis plusieurs mois.  Son site web a \u00e9t\u00e9 n\u00e9glig\u00e9 et, en septembre, il a compl\u00e8tement cess\u00e9 de r\u00e9pondre.  Mes efforts pour le contacter par courriel ont \u00e9chou\u00e9 ; un ancien num\u00e9ro de t\u00e9l\u00e9phone n'est plus valide ; et je n'ai re\u00e7u aucune r\u00e9ponse lorsque j'ai post\u00e9 une lettre \u00e0 une adresse que j'avais.  Il a eu plusieurs probl\u00e8mes de sant\u00e9 graves au cours des derni\u00e8res ann\u00e9es, et il a publi\u00e9 sur Facebook en d\u00e9cembre 2013 qu'il avait d\u00e9m\u00e9nag\u00e9 dans une maison de repos en raison de son \u00e9tat physique.<\/p>\n<p>Pour l'instant, tous les liens de ce site qui menaient auparavant \u00e0 GameMasterOnline renvoient d\u00e9sormais \u00e0 cette page.<\/p>\n<p>Je suis s\u00fbr que lorsque j'aurai des nouvelles de Bill, il sourira et nous dira de continuer, de profiter de la vie et d'aller gagner un peu d'argent.<\/p>","protected":false},"excerpt":{"rendered":"<p>The excellent 24-lesson Blackjack School hosted here at BlackjackInfo.com was created by a friend of mine named Bill Channels who writes as &#8220;The GameMaster&#8221;.\u00a0 His website GameMasterOnline.com held a huge array of insightful articles about blackjack and other gambling games until it went dark in late 2014. When I first met the GameMaster, I felt [&hellip;]<\/p>\n","protected":false},"author":2,"featured_media":0,"parent":0,"menu_order":0,"comment_status":"open","ping_status":"closed","template":"","meta":{"_acf_changed":false,"footnotes":""},"tags":[],"class_list":["post-655","page","type-page","status-publish","hentry"],"acf":[],"yoast_head":"<!-- This site is optimized with the Yoast SEO plugin v26.6 - https:\/\/yoast.com\/wordpress\/plugins\/seo\/ -->\n<title>Who is the &quot;GameMaster&quot;?<\/title>\n<meta name=\"description\" content=\"Among many other talents, the GameMaster developed the Blackjack School which is one of our most popular features at BlackjackInfo. Learn more here.\" \/>\n<meta name=\"robots\" content=\"index, follow, max-snippet:-1, max-image-preview:large, max-video-preview:-1\" \/>\n<link rel=\"canonical\" href=\"https:\/\/www.blackjackinfo.com\/fr\/maitre-du-jeu\/\" \/>\n<meta property=\"og:locale\" content=\"fr_FR\" \/>\n<meta property=\"og:type\" content=\"article\" \/>\n<meta property=\"og:title\" content=\"Who is the &quot;GameMaster&quot;?\" \/>\n<meta property=\"og:description\" content=\"Among many other talents, the GameMaster developed the Blackjack School which is one of our most popular features at BlackjackInfo. Learn more here.\" \/>\n<meta property=\"og:url\" content=\"https:\/\/www.blackjackinfo.com\/fr\/maitre-du-jeu\/\" \/>\n<meta property=\"og:site_name\" content=\"BlackjackInfo.com\" \/>\n<meta property=\"article:modified_time\" content=\"2018-06-22T07:45:35+00:00\" \/>\n<meta name=\"twitter:label1\" content=\"Dur\u00e9e de lecture estim\u00e9e\" \/>\n\t<meta name=\"twitter:data1\" content=\"3 minutes\" \/>\n<script type=\"application\/ld+json\" class=\"yoast-schema-graph\">{\"@context\":\"https:\/\/schema.org\",\"@graph\":[{\"@type\":\"WebPage\",\"@id\":\"https:\/\/www.blackjackinfo.com\/gamemaster\/\",\"url\":\"https:\/\/www.blackjackinfo.com\/gamemaster\/\",\"name\":\"Who is the \\\"GameMaster\\\"?\",\"isPartOf\":{\"@id\":\"https:\/\/www.blackjackinfo.com\/#website\"},\"datePublished\":\"2014-10-14T01:14:31+00:00\",\"dateModified\":\"2018-06-22T07:45:35+00:00\",\"description\":\"Among many other talents, the GameMaster developed the Blackjack School which is one of our most popular features at BlackjackInfo. Learn more here.\",\"breadcrumb\":{\"@id\":\"https:\/\/www.blackjackinfo.com\/gamemaster\/#breadcrumb\"},\"inLanguage\":\"fr-FR\",\"potentialAction\":[{\"@type\":\"ReadAction\",\"target\":[\"https:\/\/www.blackjackinfo.com\/gamemaster\/\"]}]},{\"@type\":\"BreadcrumbList\",\"@id\":\"https:\/\/www.blackjackinfo.com\/gamemaster\/#breadcrumb\",\"itemListElement\":[{\"@type\":\"ListItem\",\"position\":1,\"name\":\"Home\",\"item\":\"https:\/\/www.blackjackinfo.com\/\"},{\"@type\":\"ListItem\",\"position\":2,\"name\":\"Who is the &#8220;GameMaster&#8221;?\"}]},{\"@type\":\"WebSite\",\"@id\":\"https:\/\/www.blackjackinfo.com\/#website\",\"url\":\"https:\/\/www.blackjackinfo.com\/\",\"name\":\"BlackjackInfo.com\",\"description\":\"Because Winning is More Fun!\",\"potentialAction\":[{\"@type\":\"SearchAction\",\"target\":{\"@type\":\"EntryPoint\",\"urlTemplate\":\"https:\/\/www.blackjackinfo.com\/?s={search_term_string}\"},\"query-input\":{\"@type\":\"PropertyValueSpecification\",\"valueRequired\":true,\"valueName\":\"search_term_string\"}}],\"inLanguage\":\"fr-FR\"}]}<\/script>\n<!-- \/ Yoast SEO plugin. -->","yoast_head_json":{"title":"Qui est le \"ma\u00eetre du jeu\" ?","description":"Parmi ses nombreux talents, le ma\u00eetre de jeu a d\u00e9velopp\u00e9 l'\u00e9cole de blackjack qui est l'une de nos fonctions les plus populaires sur BlackjackInfo. Pour en savoir plus, cliquez ici.","robots":{"index":"index","follow":"follow","max-snippet":"max-snippet:-1","max-image-preview":"max-image-preview:large","max-video-preview":"max-video-preview:-1"},"canonical":"https:\/\/www.blackjackinfo.com\/fr\/maitre-du-jeu\/","og_locale":"fr_FR","og_type":"article","og_title":"Who is the \"GameMaster\"?","og_description":"Among many other talents, the GameMaster developed the Blackjack School which is one of our most popular features at BlackjackInfo. Learn more here.","og_url":"https:\/\/www.blackjackinfo.com\/fr\/maitre-du-jeu\/","og_site_name":"BlackjackInfo.com","article_modified_time":"2018-06-22T07:45:35+00:00","twitter_misc":{"Dur\u00e9e de lecture estim\u00e9e":"3 minutes"},"schema":{"@context":"https:\/\/schema.org","@graph":[{"@type":"WebPage","@id":"https:\/\/www.blackjackinfo.com\/gamemaster\/","url":"https:\/\/www.blackjackinfo.com\/gamemaster\/","name":"Qui est le \"ma\u00eetre du jeu\" ?","isPartOf":{"@id":"https:\/\/www.blackjackinfo.com\/#website"},"datePublished":"2014-10-14T01:14:31+00:00","dateModified":"2018-06-22T07:45:35+00:00","description":"Parmi ses nombreux talents, le ma\u00eetre de jeu a d\u00e9velopp\u00e9 l'\u00e9cole de blackjack qui est l'une de nos fonctions les plus populaires sur BlackjackInfo. Pour en savoir plus, cliquez ici.","breadcrumb":{"@id":"https:\/\/www.blackjackinfo.com\/gamemaster\/#breadcrumb"},"inLanguage":"fr-FR","potentialAction":[{"@type":"ReadAction","target":["https:\/\/www.blackjackinfo.com\/gamemaster\/"]}]},{"@type":"BreadcrumbList","@id":"https:\/\/www.blackjackinfo.com\/gamemaster\/#breadcrumb","itemListElement":[{"@type":"ListItem","position":1,"name":"Home","item":"https:\/\/www.blackjackinfo.com\/"},{"@type":"ListItem","position":2,"name":"Who is the &#8220;GameMaster&#8221;?"}]},{"@type":"WebSite","@id":"https:\/\/www.blackjackinfo.com\/#website","url":"https:\/\/www.blackjackinfo.com\/","name":"BlackjackInfo.com","description":"Parce que gagner, c'est plus amusant !","potentialAction":[{"@type":"SearchAction","target":{"@type":"EntryPoint","urlTemplate":"https:\/\/www.blackjackinfo.com\/?s={search_term_string}"},"query-input":{"@type":"PropertyValueSpecification","valueRequired":true,"valueName":"search_term_string"}}],"inLanguage":"fr-FR"}]}},"_links":{"self":[{"href":"https:\/\/www.blackjackinfo.com\/fr\/wp-json\/wp\/v2\/pages\/655","targetHints":{"allow":["GET"]}}],"collection":[{"href":"https:\/\/www.blackjackinfo.com\/fr\/wp-json\/wp\/v2\/pages"}],"about":[{"href":"https:\/\/www.blackjackinfo.com\/fr\/wp-json\/wp\/v2\/types\/page"}],"author":[{"embeddable":true,"href":"https:\/\/www.blackjackinfo.com\/fr\/wp-json\/wp\/v2\/users\/2"}],"replies":[{"embeddable":true,"href":"https:\/\/www.blackjackinfo.com\/fr\/wp-json\/wp\/v2\/comments?post=655"}],"version-history":[{"count":19,"href":"https:\/\/www.blackjackinfo.com\/fr\/wp-json\/wp\/v2\/pages\/655\/revisions"}],"predecessor-version":[{"id":1505,"href":"https:\/\/www.blackjackinfo.com\/fr\/wp-json\/wp\/v2\/pages\/655\/revisions\/1505"}],"wp:attachment":[{"href":"https:\/\/www.blackjackinfo.com\/fr\/wp-json\/wp\/v2\/media?parent=655"}],"wp:term":[{"taxonomy":"post_tag","embeddable":true,"href":"https:\/\/www.blackjackinfo.com\/fr\/wp-json\/wp\/v2\/tags?post=655"}],"curies":[{"name":"wp","href":"https:\/\/api.w.org\/{rel}","templated":true}]}}