{"id":697,"date":"2014-10-18T14:58:40","date_gmt":"2014-10-18T19:58:40","guid":{"rendered":"http:\/\/test.blackjackinfo.com\/?page_id=697"},"modified":"2020-02-18T17:53:25","modified_gmt":"2020-02-18T23:53:25","slug":"lecon-03-compter-les-cartes-les-bases","status":"publish","type":"page","link":"https:\/\/www.blackjackinfo.com\/fr\/blackjack-school\/lesson-03-counting-cards-the-basics\/","title":{"rendered":"Le\u00e7on 3 - Compter les cartes, les bases"},"content":{"rendered":"<p class=\"intro\">\n<b>Dans cette le\u00e7on, je vais lever le voile de myst\u00e8re qui semble entourer le concept de comptage des cartes.<\/b>  Vous d\u00e9couvrirez ici qu'il n'est pas n\u00e9cessaire d'\u00eatre un g\u00e9nie pour suivre toutes les cartes d'un sabot \u00e0 six jeux ; il suffit de conna\u00eetre quelques secrets des compteurs de cartes.<\/p>\n<p><b>Le premier \"secret\" est que nous ne m\u00e9morisons pas les cartes d'un jeu.<\/b>  Au lieu de cela, chaque carte se voit attribuer une valeur en points et tout ce que nous faisons en r\u00e9alit\u00e9, c'est d'additionner ces valeurs en points et de convertir cette information en une forme utilisable.  La valeur de ces points d\u00e9pend du syst\u00e8me de comptage que le joueur d\u00e9cide d'utiliser.  Dans cette \u00e9cole, j'enseignerai le syst\u00e8me \"Haut \/ Bas\" ou \"Plus \/ Moins\" mais si vous choisissez d'en apprendre un autre, tout ce que je vais vous enseigner reste valable.<\/p>\n<p><b>L'autre grand \"secret\" du comptage des cartes est la fa\u00e7on dont nous proc\u00e9dons \u00e0 la table de Blackjack.<\/b>  Je pense que la plupart des personnes qui ont flirt\u00e9 avec le comptage peuvent en avoir une bonne compr\u00e9hension \u00e0 la maison, mais une fois qu'elles sont confront\u00e9es aux distractions d'un casino, leur capacit\u00e9 \u00e0 suivre les cartes, \u00e0 jouer leur main correctement et \u00e0 placer une mise dans le cercle \u00e0 temps s'effondre.  Vous vous souvenez quand je vous ai dit qu'il \u00e9tait IMP\u00c9RATIF que vous connaissiez la strat\u00e9gie de base aussi bien que votre propre nom ?  Maintenant, vous commencez \u00e0 comprendre pourquoi c'est n\u00e9cessaire ; vous n'avez pas besoin de penser \u00e0 plus de choses quand vous \u00eates \"sur le green\".<\/p>\n<div class=\"row\" style=\"margin-bottom:20px\">\n    <div class=\"col-sm-12\">\n                <h2>Les meilleurs casinos en ligne des Etats-Unis <span\n                class=\"flag-icon flag-icon-us\"><\/span><\/h2>\n\n        \n                \n        <div class=\"ranking-table text-center\">\n            <div class=\"row flex ad-row\">\n                <div class=\"col-sm-3\">\n                    <div class=\"row flex\">\n\n                        <div class=\"col-sm-3\">\n                            <div class=\"ranking-number text-center\">\n\n                                1                                \n                            <\/div>\n                        <\/div>\n                        <div class=\"col-sm-9\">\n                            <img decoding=\"async\" src=\"https:\/\/www.blackjackinfo.com\/files\/bovada.png\" data-no-auto-translation=\"\">\n                        <\/div>\n                    <\/div>\n                <\/div>\n                <div class=\"col-sm-4\">\n                    <div class=\"bonus-text text-center\"><span class=\"red\">100% jusqu'\u00e0 $1 000<\/span><\/div>\n\t\t\t\t\t\n\n                <\/div>\n                <div class=\"col-sm-2\">\n                    <a class=\"btn btn-wire\" href=\"\/fr\/casino\/bovada\/\">R\u00e9vision<\/a>\n\n                <\/div>\n                <div class=\"col-sm-3\">\n                    <a rel=\"nofollow\" target=\"_blank\" class=\"btn btn-blue\" href=\"\/goto\/goto\/\">Jouer\n                        Maintenant<\/a>\n\t\t\t\t\t\t\n\n                <\/div>\n            <\/div>\n        <\/div>\n\n\n\n        \n                \n        <div class=\"ranking-table text-center\">\n            <div class=\"row flex ad-row\">\n                <div class=\"col-sm-3\">\n                    <div class=\"row flex\">\n\n                        <div class=\"col-sm-3\">\n                            <div class=\"ranking-number text-center\">\n\n                                2                                \n                            <\/div>\n                        <\/div>\n                        <div class=\"col-sm-9\">\n                            <img decoding=\"async\" src=\"https:\/\/www.blackjackinfo.com\/files\/ignition-casino-logo.png\" data-no-auto-translation=\"\">\n                        <\/div>\n                    <\/div>\n                <\/div>\n                <div class=\"col-sm-4\">\n                    <div class=\"bonus-text text-center\"><span class=\"red\">100% jusqu'\u00e0 $1 000<\/span><\/div>\n\t\t\t\t\t\n\n                <\/div>\n                <div class=\"col-sm-2\">\n                    <a class=\"btn btn-wire\" href=\"\/fr\/casino\/ignition-casino\/\">R\u00e9vision<\/a>\n\n                <\/div>\n                <div class=\"col-sm-3\">\n                    <a rel=\"nofollow\" target=\"_blank\" class=\"btn btn-blue\" href=\"\/goto\/goto\/\">Jouer\n                        Maintenant<\/a>\n\t\t\t\t\t\t\n\n                <\/div>\n            <\/div>\n        <\/div>\n\n\n\n        \n                \n        <div class=\"ranking-table text-center\">\n            <div class=\"row flex ad-row\">\n                <div class=\"col-sm-3\">\n                    <div class=\"row flex\">\n\n                        <div class=\"col-sm-3\">\n                            <div class=\"ranking-number text-center\">\n\n                                3                                \n                            <\/div>\n                        <\/div>\n                        <div class=\"col-sm-9\">\n                            <img decoding=\"async\" src=\"https:\/\/www.blackjackinfo.com\/files\/VipSlots-500x250_dark.svg\" data-no-auto-translation=\"\">\n                        <\/div>\n                    <\/div>\n                <\/div>\n                <div class=\"col-sm-4\">\n                    <div class=\"bonus-text text-center\"><span class=\"red\">100 SPINS GRATUITS sur Secret Life of Cats<\/span><\/div>\n\t\t\t\t\t\n\n                <\/div>\n                <div class=\"col-sm-2\">\n                    <a class=\"btn btn-wire\" href=\"\/fr\/casino\/vipslots-casino\/\">R\u00e9vision<\/a>\n\n                <\/div>\n                <div class=\"col-sm-3\">\n                    <a rel=\"nofollow\" target=\"_blank\" class=\"btn btn-blue\" href=\"\/goto\/goto\/\">Jouer\n                        Maintenant<\/a>\n\t\t\t\t\t\t\n\n                <\/div>\n            <\/div>\n        <\/div>\n\n\n\n        \n                \n        <div class=\"ranking-table text-center\">\n            <div class=\"row flex ad-row\">\n                <div class=\"col-sm-3\">\n                    <div class=\"row flex\">\n\n                        <div class=\"col-sm-3\">\n                            <div class=\"ranking-number text-center\">\n\n                                4                                \n                            <\/div>\n                        <\/div>\n                        <div class=\"col-sm-9\">\n                            <img decoding=\"async\" src=\"https:\/\/www.blackjackinfo.com\/files\/vegas_casino_online.png\" data-no-auto-translation=\"\">\n                        <\/div>\n                    <\/div>\n                <\/div>\n                <div class=\"col-sm-4\">\n                    <div class=\"bonus-text text-center\"><span class=\"red\">300% jusqu'\u00e0 $3,000<\/span><\/div>\n\t\t\t\t\t\n\n                <\/div>\n                <div class=\"col-sm-2\">\n                    <a class=\"btn btn-wire\" href=\"\/fr\/casino\/vegas-casino-online-2\/\">R\u00e9vision<\/a>\n\n                <\/div>\n                <div class=\"col-sm-3\">\n                    <a rel=\"nofollow\" target=\"_blank\" class=\"btn btn-blue\" href=\"\/goto\/goto\/\">Jouer\n                        Maintenant<\/a>\n\t\t\t\t\t\t\n\n                <\/div>\n            <\/div>\n        <\/div>\n\n\n\n        \n                \n        <div class=\"ranking-table text-center\">\n            <div class=\"row flex ad-row\">\n                <div class=\"col-sm-3\">\n                    <div class=\"row flex\">\n\n                        <div class=\"col-sm-3\">\n                            <div class=\"ranking-number text-center\">\n\n                                5                                \n                            <\/div>\n                        <\/div>\n                        <div class=\"col-sm-9\">\n                            <img decoding=\"async\" src=\"https:\/\/www.blackjackinfo.com\/files\/cafe-casino-logo.svg\" data-no-auto-translation=\"\">\n                        <\/div>\n                    <\/div>\n                <\/div>\n                <div class=\"col-sm-4\">\n                    <div class=\"bonus-text text-center\"><span class=\"red\">250% jusqu'\u00e0 $1,500<\/span><\/div>\n\t\t\t\t\t\n\n                <\/div>\n                <div class=\"col-sm-2\">\n                    <a class=\"btn btn-wire\" href=\"\/fr\/casino\/cafe-casino\/\">R\u00e9vision<\/a>\n\n                <\/div>\n                <div class=\"col-sm-3\">\n                    <a rel=\"nofollow\" target=\"_blank\" class=\"btn btn-blue\" href=\"\/goto\/goto\/\">Jouer\n                        Maintenant<\/a>\n\t\t\t\t\t\t\n\n                <\/div>\n            <\/div>\n        <\/div>\n\n\n\n            <\/div>\n<\/div>\n<h3>Choisir un syst\u00e8me<\/h3>\n<p><b>Il existe un grand nombre de syst\u00e8mes de comptage de cartes diff\u00e9rents et, comme pour la plupart des choses dans la vie, chacun a ses avantages et ses inconv\u00e9nients.<\/b>  Je vais essayer de faire le tri parmi les plus populaires et de vous aider \u00e0 choisir celui qui vous convient le mieux.  Le facteur le plus important dans le choix d'un syst\u00e8me est probablement le type de jeu auquel vous jouerez la plupart du temps.  Par exemple, si vous jouez principalement dans la r\u00e9gion de Reno\/Tahoe, vous devriez apprendre un syst\u00e8me qui fonctionne bien contre les jeux \u00e0 un seul jeu.  Si vous jouez dans mon ancienne r\u00e9gion, Atlantic City, vous voudrez apprendre un syst\u00e8me qui est puissant dans les jeux \u00e0 plusieurs jeux.<\/p>\n<p><b>Un autre facteur important dans le choix d'un syst\u00e8me est le temps que vous passez \u00e0 jouer au Blackjack.<\/b>  Cela va vous surprendre, mais un joueur qui a l'intention de passer beaucoup de temps aux tables devrait apprendre un syst\u00e8me tr\u00e8s simple.  Je dis cela parce que, m\u00eame si c'est tr\u00e8s facile, cela demande une certaine concentration et plus le syst\u00e8me est simple, plus il est facile de se concentrer pendant de longues p\u00e9riodes.  D'un autre c\u00f4t\u00e9, si vous ne jouez que 3 ou 4 heures par semaine, un syst\u00e8me plus difficile peut vous convenir car un syst\u00e8me difficile est g\u00e9n\u00e9ralement plus puissant et il optimisera le temps que vous passez aux tables.  Certains d'entre vous, les \"Type A\", pensent qu'ils passeront beaucoup de temps aux tables et qu'ils utiliseront un syst\u00e8me tr\u00e8s puissant (et compliqu\u00e9) pour tirer le maximum de $$$ de leur jeu.  Le probl\u00e8me, c'est que dans ces conditions, les erreurs commencent \u00e0 se glisser et peuvent vous faire perdre votre avantage.  Le principe KISS s'applique : <b>\"La simplicit\u00e9, c'est stupide<\/b>.  Si vous voulez vraiment tirer le meilleur parti du jeu, faites ce que j'ai fait, apprenez deux syst\u00e8mes de comptage.  J'en utilise un pour les jeux \u00e0 plusieurs jeux et un autre pour les jeux \u00e0 un seul jeu.  Ce n'est pas si difficile et, au fil des le\u00e7ons sur l'apprentissage du comptage, vous verrez comment les exercices que je vais vous enseigner permettent de mettre en \u0153uvre une telle strat\u00e9gie.<\/p>\n<p><b>Les syst\u00e8mes de comptage de cartes sont \u00e9valu\u00e9s en fonction de deux facteurs principaux : l'efficacit\u00e9 des paris (BE) et l'efficacit\u00e9 du jeu (PE).<\/b>.  L'anomalie des syst\u00e8mes de comptage est que si vous augmentez le BE, vous diminuez en m\u00eame temps le PE.  Cela s'explique par le r\u00f4le inhabituel que joue l'As dans le jeu.  Pour les mises, l'As est une carte tr\u00e8s puissante ; c'est le composant principal d'un \"naturel\" qui rapporte 3 contre 2. Mais pour jouer une main, l'As a une valeur quelque peu limit\u00e9e.  Combien de fois avez-vous doubl\u00e9 un 11 et obtenu un As ?  Vous avez maintenant un total de 12... excitant, non ?  Si vous doublez un 14, que vous obtenez un As et que vous avez 15, il n'y a pas de quoi s'extasier, n'est-ce pas ?  Bien s\u00fbr, c'est g\u00e9nial de doubler un 10 et d'obtenir un As, mais c'est l'une des rares fois o\u00f9 l'As aide \u00e0 jouer une main.<\/p>\n<p><b>La fa\u00e7on dont un syst\u00e8me de comptage traite l'As d\u00e9termine en grande partie le BE et le PE de ce syst\u00e8me.<\/b>  Si vous avez besoin d'une grande efficacit\u00e9 de mise - comme dans un jeu \u00e0 plusieurs jeux - choisissez un syst\u00e8me qui compte l'As comme une \"grosse\" carte ; si votre jeu pr\u00e9f\u00e9r\u00e9 est \u00e0 un seul jeu, choisissez un syst\u00e8me qui traite l'As comme une carte \"neutre\" (et gardez une trace des As dans un \"d\u00e9compte lat\u00e9ral\", une astuce que je vous montrerai plus tard).<\/p>\n<p><b>Les jeux \u00e0 plusieurs \u00e9tages sont battus principalement par un \u00e9cart de mise important.<\/b>  En d'autres termes, vous misez peu lorsque la maison a l'avantage et beaucoup plus lorsque vous avez l'avantage.  Un syst\u00e8me de comptage avec un facteur BE \u00e9lev\u00e9 vous indique quand miser gros.  Dans un jeu \u00e0 un seul jeu, o\u00f9 la maison sait qu'un gros \u00e9cart fera gagner le $$$, un PE \u00e9lev\u00e9 vous permet de miser moins et de gagner quand m\u00eame.  N'oubliez pas que les casinos savent que leurs jeux sont vuln\u00e9rables et qu'ils sont \u00e0 la recherche de personnes capables de les battre.  Un \u00e9cart de mise important est un indice qu'ils utilisent pour d\u00e9tecter les compteurs et, selon l'endroit o\u00f9 vous jouez, le fait d'\u00eatre d\u00e9tect\u00e9 comme un compteur peut entra\u00eener votre expulsion (\"barring\") du casino.  Permettez-moi d'insister sur le fait que ce que je vous enseigne est tout \u00e0 fait l\u00e9gal, mais tout le monde dans le secteur des casinos n'est pas du m\u00eame avis que moi.  Il n'y a pas de loi contre le comptage des cartes et vous pouvez \u00eatre le meilleur compteur du monde, mais si les casinos ne vous laissent pas jouer, votre talent ne sert \u00e0 rien.<\/p>\n<p><b>Pour vous aider \u00e0 choisir un d\u00e9compte \u00e0 utiliser, consultez la s\u00e9rie d'articles intitul\u00e9e \"Syst\u00e8mes de d\u00e9compte\" sur la page de menu Blackjack de <a href=\"\/gamemaster\/\">GameMaster OnLine<\/a>  et examiner les syst\u00e8mes qui y sont examin\u00e9s.<\/b>  Comme mentionn\u00e9 pr\u00e9c\u00e9demment, je parlerai sp\u00e9cifiquement du compte \"High \/ Low\", mais vous pouvez apprendre n'importe quel compte gr\u00e2ce aux m\u00e9thodes que j'utiliserai.  Si vous jouez \u00e0 des jeux \u00e0 un seul jeu, le syst\u00e8me Hi-Opt 1 est probablement le meilleur pour commencer ; optez pour le syst\u00e8me High \/ Low si vous jouez \u00e0 plusieurs jeux.  Puisque j'enseignerai le \"vrai compte\", l'un ou l'autre de ces syst\u00e8mes fonctionnera bien, quel que soit l'endroit o\u00f9 vous jouez.  La plupart des comptes \"d\u00e9s\u00e9quilibr\u00e9s\" n'exigent pas que vous appreniez le d\u00e9compte r\u00e9el, mais ce n'est pas tr\u00e8s important, alors tenez-vous en \u00e0 l'un des comptes \"\u00e9quilibr\u00e9s\".  Pour ceux qui veulent vraiment s'y mettre, choisissez le d\u00e9compte \"Zen\" d'Arnold Snyder, mais vous devriez acheter son livre, \"Blackbelt in Blackjack\" pour compl\u00e9ter ce que j'enseigne.<\/p>\n<p><b>Dans la le\u00e7on suivante<\/b> Je vais vous montrer comment apprendre un syst\u00e8me de comptage avec les valeurs de \"points\" suivantes :<\/p>\n<p>2, 3, 4, 5, 6 = +1<br \/>\n7, 8, 9 = 0<br \/>\n10, J, Q, K, A = -1<\/p>\n<p><b>Ce syst\u00e8me a une efficacit\u00e9 de pari de 97% et une efficacit\u00e9 de jeu de 51%.<\/b>  Le meilleur syst\u00e8me au monde obtiendrait environ 98% BE et 70% PE, ce qui signifie que ce que vous apprendrez est facile \u00e0 utiliser pendant de longues p\u00e9riodes, qu'il permet d'estimer votre avantage pour les mises et qu'il est tout juste \"correct\" pour jouer la main correctement.  (Mais ne vous inqui\u00e9tez pas, il obtient le $$$.) Au fait, il y a une troisi\u00e8me note pour les syst\u00e8mes de comptage et c'est l'efficacit\u00e9 de l'assurance.  Alors que la strat\u00e9gie de base veut que l'on ne prenne jamais d'assurance, une fois que la proportion de dizaines dans le(s) jeu(x) restant(s) atteint un certain point, il devient rentable de faire une mise d'assurance.  Le syst\u00e8me de comptage Haut\/Bas a une efficacit\u00e9 d'assurance de 0,76, ce qui signifie qu'environ 3\/4 des fois o\u00f9 vous prenez une assurance (comme d\u00e9termin\u00e9 par le \"vrai compte\"), ce sera la bonne d\u00e9cision.  Mais... nous allons trop loin, alors copiez vos devoirs et sortez d'ici.<\/p>\n<h3>Devoirs<\/h3>\n<ul>\n<li>Continuez \u00e0 travailler avec votre <b>cartes flash<\/b> au moins une demi-heure par jour.<\/li>\n<li>Faire au moins un <b>\"Exercice de reconstruction de la strat\u00e9gie de base<\/b> chaque jour et continuez \u00e0 travailler votre vitesse.<\/li>\n<li>Faire au moins un <b>\"Exercice de d\u00e9cision strat\u00e9gique de base <\/b>chaque jour et de se concentrer sur la r\u00e9alisation de la t\u00e2che en moins de 2 minutes.<\/li>\n<li>Travailler avec les trois <b>\"Exercices sur cartes\"<\/b> et concentrez-vous sur l'addition de votre main en jouant une strat\u00e9gie de base correcte.<\/li>\n<\/ul>\n<p>L'\u00e9cole est termin\u00e9e pour l'instant.  A la prochaine fois.<\/p>","protected":false},"excerpt":{"rendered":"<p>With this lesson, I&#8217;m going to unwrap the veil of mystery which seems to surround the concept of card counting. Here you will discover that you don&#8217;t have to be a genius to keep track of all the cards in a six-deck shoe; you just have to know a few card-counter secrets. The first &#8220;secret&#8221; [&hellip;]<\/p>\n","protected":false},"author":2,"featured_media":0,"parent":634,"menu_order":0,"comment_status":"open","ping_status":"open","template":"page-blackjack-school.php","meta":{"_acf_changed":false,"footnotes":""},"tags":[],"class_list":["post-697","page","type-page","status-publish","hentry"],"acf":[],"yoast_head":"<!-- This site is optimized with the Yoast SEO plugin v26.6 - https:\/\/yoast.com\/wordpress\/plugins\/seo\/ -->\n<title>Blackjack School \u1408 Lesson 3 - Counting Cards, The Basics<\/title>\n<meta name=\"description\" content=\"Lesson 3 in the GameMaster&#039;s Free Blackjack School - How and why card counting works.\" \/>\n<meta name=\"robots\" content=\"index, follow, max-snippet:-1, max-image-preview:large, max-video-preview:-1\" \/>\n<link rel=\"canonical\" href=\"https:\/\/www.blackjackinfo.com\/fr\/ecole-de-blackjack\/lecon-03-compter-les-cartes-les-bases\/\" \/>\n<meta property=\"og:locale\" content=\"fr_FR\" \/>\n<meta property=\"og:type\" content=\"article\" \/>\n<meta property=\"og:title\" content=\"Blackjack School \u1408 Lesson 3 - Counting Cards, The Basics\" \/>\n<meta property=\"og:description\" content=\"Lesson 3 in the GameMaster&#039;s Free Blackjack School - How and why card counting works.\" \/>\n<meta property=\"og:url\" content=\"https:\/\/www.blackjackinfo.com\/fr\/ecole-de-blackjack\/lecon-03-compter-les-cartes-les-bases\/\" \/>\n<meta property=\"og:site_name\" content=\"BlackjackInfo.com\" \/>\n<meta property=\"article:modified_time\" content=\"2020-02-18T23:53:25+00:00\" \/>\n<meta name=\"twitter:label1\" content=\"Dur\u00e9e de lecture estim\u00e9e\" \/>\n\t<meta name=\"twitter:data1\" content=\"7 minutes\" \/>\n<script type=\"application\/ld+json\" class=\"yoast-schema-graph\">{\"@context\":\"https:\/\/schema.org\",\"@graph\":[{\"@type\":\"WebPage\",\"@id\":\"https:\/\/www.blackjackinfo.com\/blackjack-school\/lesson-03-counting-cards-the-basics\/\",\"url\":\"https:\/\/www.blackjackinfo.com\/blackjack-school\/lesson-03-counting-cards-the-basics\/\",\"name\":\"Blackjack School \u1408 Lesson 3 - Counting Cards, The Basics\",\"isPartOf\":{\"@id\":\"https:\/\/www.blackjackinfo.com\/#website\"},\"datePublished\":\"2014-10-18T19:58:40+00:00\",\"dateModified\":\"2020-02-18T23:53:25+00:00\",\"description\":\"Lesson 3 in the GameMaster's Free Blackjack School - How and why card counting works.\",\"breadcrumb\":{\"@id\":\"https:\/\/www.blackjackinfo.com\/blackjack-school\/lesson-03-counting-cards-the-basics\/#breadcrumb\"},\"inLanguage\":\"fr-FR\",\"potentialAction\":[{\"@type\":\"ReadAction\",\"target\":[\"https:\/\/www.blackjackinfo.com\/blackjack-school\/lesson-03-counting-cards-the-basics\/\"]}]},{\"@type\":\"BreadcrumbList\",\"@id\":\"https:\/\/www.blackjackinfo.com\/blackjack-school\/lesson-03-counting-cards-the-basics\/#breadcrumb\",\"itemListElement\":[{\"@type\":\"ListItem\",\"position\":1,\"name\":\"Home\",\"item\":\"https:\/\/www.blackjackinfo.com\/\"},{\"@type\":\"ListItem\",\"position\":2,\"name\":\"Blackjack School &#8211; A Free 24-Lesson Class on Card Counting\",\"item\":\"https:\/\/www.blackjackinfo.com\/blackjack-school\/\"},{\"@type\":\"ListItem\",\"position\":3,\"name\":\"Lesson 3 &#8211; Counting Cards, The Basics\"}]},{\"@type\":\"WebSite\",\"@id\":\"https:\/\/www.blackjackinfo.com\/#website\",\"url\":\"https:\/\/www.blackjackinfo.com\/\",\"name\":\"BlackjackInfo.com\",\"description\":\"Because Winning is More Fun!\",\"potentialAction\":[{\"@type\":\"SearchAction\",\"target\":{\"@type\":\"EntryPoint\",\"urlTemplate\":\"https:\/\/www.blackjackinfo.com\/?s={search_term_string}\"},\"query-input\":{\"@type\":\"PropertyValueSpecification\",\"valueRequired\":true,\"valueName\":\"search_term_string\"}}],\"inLanguage\":\"fr-FR\"}]}<\/script>\n<!-- \/ Yoast SEO plugin. -->","yoast_head_json":{"title":"Ecole de Blackjack \u1408 Le\u00e7on 3 - Compter les cartes, les bases","description":"Le\u00e7on 3 de la GameMaster's Free Blackjack School - Comment et pourquoi le comptage des cartes fonctionne.","robots":{"index":"index","follow":"follow","max-snippet":"max-snippet:-1","max-image-preview":"max-image-preview:large","max-video-preview":"max-video-preview:-1"},"canonical":"https:\/\/www.blackjackinfo.com\/fr\/ecole-de-blackjack\/lecon-03-compter-les-cartes-les-bases\/","og_locale":"fr_FR","og_type":"article","og_title":"Blackjack School \u1408 Lesson 3 - Counting Cards, The Basics","og_description":"Lesson 3 in the GameMaster's Free Blackjack School - How and why card counting works.","og_url":"https:\/\/www.blackjackinfo.com\/fr\/ecole-de-blackjack\/lecon-03-compter-les-cartes-les-bases\/","og_site_name":"BlackjackInfo.com","article_modified_time":"2020-02-18T23:53:25+00:00","twitter_misc":{"Dur\u00e9e de lecture estim\u00e9e":"7 minutes"},"schema":{"@context":"https:\/\/schema.org","@graph":[{"@type":"WebPage","@id":"https:\/\/www.blackjackinfo.com\/blackjack-school\/lesson-03-counting-cards-the-basics\/","url":"https:\/\/www.blackjackinfo.com\/blackjack-school\/lesson-03-counting-cards-the-basics\/","name":"Ecole de Blackjack \u1408 Le\u00e7on 3 - Compter les cartes, les bases","isPartOf":{"@id":"https:\/\/www.blackjackinfo.com\/#website"},"datePublished":"2014-10-18T19:58:40+00:00","dateModified":"2020-02-18T23:53:25+00:00","description":"Le\u00e7on 3 de la GameMaster's Free Blackjack School - Comment et pourquoi le comptage des cartes fonctionne.","breadcrumb":{"@id":"https:\/\/www.blackjackinfo.com\/blackjack-school\/lesson-03-counting-cards-the-basics\/#breadcrumb"},"inLanguage":"fr-FR","potentialAction":[{"@type":"ReadAction","target":["https:\/\/www.blackjackinfo.com\/blackjack-school\/lesson-03-counting-cards-the-basics\/"]}]},{"@type":"BreadcrumbList","@id":"https:\/\/www.blackjackinfo.com\/blackjack-school\/lesson-03-counting-cards-the-basics\/#breadcrumb","itemListElement":[{"@type":"ListItem","position":1,"name":"Home","item":"https:\/\/www.blackjackinfo.com\/"},{"@type":"ListItem","position":2,"name":"Blackjack School &#8211; A Free 24-Lesson Class on Card Counting","item":"https:\/\/www.blackjackinfo.com\/blackjack-school\/"},{"@type":"ListItem","position":3,"name":"Lesson 3 &#8211; Counting Cards, The Basics"}]},{"@type":"WebSite","@id":"https:\/\/www.blackjackinfo.com\/#website","url":"https:\/\/www.blackjackinfo.com\/","name":"BlackjackInfo.com","description":"Parce que gagner, c'est plus amusant !","potentialAction":[{"@type":"SearchAction","target":{"@type":"EntryPoint","urlTemplate":"https:\/\/www.blackjackinfo.com\/?s={search_term_string}"},"query-input":{"@type":"PropertyValueSpecification","valueRequired":true,"valueName":"search_term_string"}}],"inLanguage":"fr-FR"}]}},"_links":{"self":[{"href":"https:\/\/www.blackjackinfo.com\/fr\/wp-json\/wp\/v2\/pages\/697","targetHints":{"allow":["GET"]}}],"collection":[{"href":"https:\/\/www.blackjackinfo.com\/fr\/wp-json\/wp\/v2\/pages"}],"about":[{"href":"https:\/\/www.blackjackinfo.com\/fr\/wp-json\/wp\/v2\/types\/page"}],"author":[{"embeddable":true,"href":"https:\/\/www.blackjackinfo.com\/fr\/wp-json\/wp\/v2\/users\/2"}],"replies":[{"embeddable":true,"href":"https:\/\/www.blackjackinfo.com\/fr\/wp-json\/wp\/v2\/comments?post=697"}],"version-history":[{"count":4,"href":"https:\/\/www.blackjackinfo.com\/fr\/wp-json\/wp\/v2\/pages\/697\/revisions"}],"predecessor-version":[{"id":5453,"href":"https:\/\/www.blackjackinfo.com\/fr\/wp-json\/wp\/v2\/pages\/697\/revisions\/5453"}],"up":[{"embeddable":true,"href":"https:\/\/www.blackjackinfo.com\/fr\/wp-json\/wp\/v2\/pages\/634"}],"wp:attachment":[{"href":"https:\/\/www.blackjackinfo.com\/fr\/wp-json\/wp\/v2\/media?parent=697"}],"wp:term":[{"taxonomy":"post_tag","embeddable":true,"href":"https:\/\/www.blackjackinfo.com\/fr\/wp-json\/wp\/v2\/tags?post=697"}],"curies":[{"name":"wp","href":"https:\/\/api.w.org\/{rel}","templated":true}]}}