{"id":701,"date":"2014-10-18T15:02:55","date_gmt":"2014-10-18T20:02:55","guid":{"rendered":"http:\/\/test.blackjackinfo.com\/?page_id=701"},"modified":"2020-02-18T17:54:11","modified_gmt":"2020-02-18T23:54:11","slug":"lecon-04-compter-les-cartes-comment-faire","status":"publish","type":"page","link":"https:\/\/www.blackjackinfo.com\/fr\/blackjack-school\/lesson-04-card-counting-how-to-do-it\/","title":{"rendered":"Le\u00e7on 4 - Comment compter les cartes ?"},"content":{"rendered":"<p class=\"intro\">\nVous avez maintenant choisi un syst\u00e8me de comptage que vous voulez apprendre et m\u00eame s'il est diff\u00e9rent du comptage Hi \/ Lo dont je vais parler ici, les m\u00e9thodes utilis\u00e9es pour l'apprendre sont les m\u00eames.  Il vous suffit de faire les ajustements n\u00e9cessaires et vous vous en sortirez tr\u00e8s bien.<\/p>\n<p><b>Le syst\u00e8me de comptage Hi \/ Lo attribue une valeur \"point\" \u00e0 chaque type de carte dans un jeu. <\/b> La premi\u00e8re \u00e9tape du comptage des cartes consiste \u00e0 m\u00e9moriser ces valeurs.  Les voici<\/p>\n<div class=\"col-sm-4 col-center\">\n<table class=\"data-table\">\n<tbody>\n<tr>\n<th>Carte<\/th>\n<th>Valeur du point<\/th>\n<\/tr>\n<tr>\n<td>2<\/td>\n<td>+1<\/td>\n<\/tr>\n<tr>\n<td>3<\/td>\n<td>+1<\/td>\n<\/tr>\n<tr>\n<td>4<\/td>\n<td>+1<\/td>\n<\/tr>\n<tr>\n<td>5<\/td>\n<td>+1<\/td>\n<\/tr>\n<tr>\n<td>6<\/td>\n<td>+1<\/td>\n<\/tr>\n<tr>\n<td>7<\/td>\n<td>0<\/td>\n<\/tr>\n<tr>\n<td>8<\/td>\n<td>0<\/td>\n<\/tr>\n<tr>\n<td>9<\/td>\n<td>0<\/td>\n<\/tr>\n<tr>\n<td>10<\/td>\n<td>-1<\/td>\n<\/tr>\n<tr>\n<td>J<\/td>\n<td>-1<\/td>\n<\/tr>\n<tr>\n<td>Q<\/td>\n<td>-1<\/td>\n<\/tr>\n<tr>\n<td>K<\/td>\n<td>-1<\/td>\n<\/tr>\n<tr>\n<td>A<\/td>\n<td>-1<\/td>\n<\/tr>\n<\/tbody>\n<\/table>\n<\/div>\n<p>Un peu de math\u00e9matiques simples vous montrera qu'il y a, dans un jeu complet, un nombre \u00e9gal de cartes avec une valeur \"plus\" et de cartes avec une valeur \"moins\".  C'est ce qu'on appelle un comptage \"\u00e9quilibr\u00e9\" et, comme toutes les cartes ont une valeur de 1 ou de 0, il s'agit \u00e9galement d'un comptage \"\u00e0 un seul niveau\".<br \/>\n<div class=\"row\" style=\"margin-bottom:20px\">\n    <div class=\"col-sm-12\">\n                <h2>Les meilleurs casinos en ligne des Etats-Unis <span\n                class=\"flag-icon flag-icon-us\"><\/span><\/h2>\n\n        \n                \n        <div class=\"ranking-table text-center\">\n            <div class=\"row flex ad-row\">\n                <div class=\"col-sm-3\">\n                    <div class=\"row flex\">\n\n                        <div class=\"col-sm-3\">\n                            <div class=\"ranking-number text-center\">\n\n                                1                                \n                            <\/div>\n                        <\/div>\n                        <div class=\"col-sm-9\">\n                            <img decoding=\"async\" src=\"https:\/\/www.blackjackinfo.com\/files\/bovada.png\" data-no-auto-translation=\"\">\n                        <\/div>\n                    <\/div>\n                <\/div>\n                <div class=\"col-sm-4\">\n                    <div class=\"bonus-text text-center\"><span class=\"red\">100% jusqu'\u00e0 $1 000<\/span><\/div>\n\t\t\t\t\t\n\n                <\/div>\n                <div class=\"col-sm-2\">\n                    <a class=\"btn btn-wire\" href=\"\/fr\/casino\/bovada\/\">R\u00e9vision<\/a>\n\n                <\/div>\n                <div class=\"col-sm-3\">\n                    <a rel=\"nofollow\" target=\"_blank\" class=\"btn btn-blue\" href=\"\/goto\/goto\/\">Jouer\n                        Maintenant<\/a>\n\t\t\t\t\t\t\n\n                <\/div>\n            <\/div>\n        <\/div>\n\n\n\n        \n                \n        <div class=\"ranking-table text-center\">\n            <div class=\"row flex ad-row\">\n                <div class=\"col-sm-3\">\n                    <div class=\"row flex\">\n\n                        <div class=\"col-sm-3\">\n                            <div class=\"ranking-number text-center\">\n\n                                2                                \n                            <\/div>\n                        <\/div>\n                        <div class=\"col-sm-9\">\n                            <img decoding=\"async\" src=\"https:\/\/www.blackjackinfo.com\/files\/ignition-casino-logo.png\" data-no-auto-translation=\"\">\n                        <\/div>\n                    <\/div>\n                <\/div>\n                <div class=\"col-sm-4\">\n                    <div class=\"bonus-text text-center\"><span class=\"red\">100% jusqu'\u00e0 $1 000<\/span><\/div>\n\t\t\t\t\t\n\n                <\/div>\n                <div class=\"col-sm-2\">\n                    <a class=\"btn btn-wire\" href=\"\/fr\/casino\/ignition-casino\/\">R\u00e9vision<\/a>\n\n                <\/div>\n                <div class=\"col-sm-3\">\n                    <a rel=\"nofollow\" target=\"_blank\" class=\"btn btn-blue\" href=\"\/goto\/goto\/\">Jouer\n                        Maintenant<\/a>\n\t\t\t\t\t\t\n\n                <\/div>\n            <\/div>\n        <\/div>\n\n\n\n        \n                \n        <div class=\"ranking-table text-center\">\n            <div class=\"row flex ad-row\">\n                <div class=\"col-sm-3\">\n                    <div class=\"row flex\">\n\n                        <div class=\"col-sm-3\">\n                            <div class=\"ranking-number text-center\">\n\n                                3                                \n                            <\/div>\n                        <\/div>\n                        <div class=\"col-sm-9\">\n                            <img decoding=\"async\" src=\"https:\/\/www.blackjackinfo.com\/files\/VipSlots-500x250_dark.svg\" data-no-auto-translation=\"\">\n                        <\/div>\n                    <\/div>\n                <\/div>\n                <div class=\"col-sm-4\">\n                    <div class=\"bonus-text text-center\"><span class=\"red\">100 SPINS GRATUITS sur Secret Life of Cats<\/span><\/div>\n\t\t\t\t\t\n\n                <\/div>\n                <div class=\"col-sm-2\">\n                    <a class=\"btn btn-wire\" href=\"\/fr\/casino\/vipslots-casino\/\">R\u00e9vision<\/a>\n\n                <\/div>\n                <div class=\"col-sm-3\">\n                    <a rel=\"nofollow\" target=\"_blank\" class=\"btn btn-blue\" href=\"\/goto\/goto\/\">Jouer\n                        Maintenant<\/a>\n\t\t\t\t\t\t\n\n                <\/div>\n            <\/div>\n        <\/div>\n\n\n\n        \n                \n        <div class=\"ranking-table text-center\">\n            <div class=\"row flex ad-row\">\n                <div class=\"col-sm-3\">\n                    <div class=\"row flex\">\n\n                        <div class=\"col-sm-3\">\n                            <div class=\"ranking-number text-center\">\n\n                                4                                \n                            <\/div>\n                        <\/div>\n                        <div class=\"col-sm-9\">\n                            <img decoding=\"async\" src=\"https:\/\/www.blackjackinfo.com\/files\/vegas_casino_online.png\" data-no-auto-translation=\"\">\n                        <\/div>\n                    <\/div>\n                <\/div>\n                <div class=\"col-sm-4\">\n                    <div class=\"bonus-text text-center\"><span class=\"red\">300% jusqu'\u00e0 $3,000<\/span><\/div>\n\t\t\t\t\t\n\n                <\/div>\n                <div class=\"col-sm-2\">\n                    <a class=\"btn btn-wire\" href=\"\/fr\/casino\/vegas-casino-online-2\/\">R\u00e9vision<\/a>\n\n                <\/div>\n                <div class=\"col-sm-3\">\n                    <a rel=\"nofollow\" target=\"_blank\" class=\"btn btn-blue\" href=\"\/goto\/goto\/\">Jouer\n                        Maintenant<\/a>\n\t\t\t\t\t\t\n\n                <\/div>\n            <\/div>\n        <\/div>\n\n\n\n        \n                \n        <div class=\"ranking-table text-center\">\n            <div class=\"row flex ad-row\">\n                <div class=\"col-sm-3\">\n                    <div class=\"row flex\">\n\n                        <div class=\"col-sm-3\">\n                            <div class=\"ranking-number text-center\">\n\n                                5                                \n                            <\/div>\n                        <\/div>\n                        <div class=\"col-sm-9\">\n                            <img decoding=\"async\" src=\"https:\/\/www.blackjackinfo.com\/files\/cafe-casino-logo.svg\" data-no-auto-translation=\"\">\n                        <\/div>\n                    <\/div>\n                <\/div>\n                <div class=\"col-sm-4\">\n                    <div class=\"bonus-text text-center\"><span class=\"red\">250% jusqu'\u00e0 $1,500<\/span><\/div>\n\t\t\t\t\t\n\n                <\/div>\n                <div class=\"col-sm-2\">\n                    <a class=\"btn btn-wire\" href=\"\/fr\/casino\/cafe-casino\/\">R\u00e9vision<\/a>\n\n                <\/div>\n                <div class=\"col-sm-3\">\n                    <a rel=\"nofollow\" target=\"_blank\" class=\"btn btn-blue\" href=\"\/goto\/goto\/\">Jouer\n                        Maintenant<\/a>\n\t\t\t\t\t\t\n\n                <\/div>\n            <\/div>\n        <\/div>\n\n\n\n            <\/div>\n<\/div><\/p>\n<h3>La puissance du comptage des cartes<\/h3>\n<p>Le d\u00e9compte Hi \/ Lo reconna\u00eet que les cartes 2 \u00e0 6 ont la plus grande valeur pour le croupier, car ces cartes transforment les mains \"rigides\" du croupier (12 - 16) qu'il doit toucher en bonnes mains.  Par exemple, un 5 transforme les 12-16 du croupier en 17-21, c'est donc la carte la plus importante pour le croupier.  D'un autre c\u00f4t\u00e9, un as est le plus important pour un joueur, car c'est l'\u00e9l\u00e9ment cl\u00e9 d'un \"blackjack\" qui rapporte 3 contre 2. Ainsi, lorsque les \"petites\" cartes sont jou\u00e9es, elles ne sont plus disponibles pour le croupier et comme il y a un nombre \u00e9gal de cartes \u00e0 valeur positive et n\u00e9gative dans le jeu, un compte \"plus\" nous indique qu'il reste une plus grande proportion de dizaines et d'as dans la partie non jou\u00e9e du jeu.  Cette situation est favorable au joueur car les chances d'obtenir un blackjack ont augment\u00e9 et les situations de doublement ou de division ont plus de chances de recevoir une carte \u00e9lev\u00e9e.<\/p>\n<p>Bien entendu, le croupier a les m\u00eames chances que vous de recevoir des cartes hautes.  Mais n'oubliez pas que le croupier ne re\u00e7oit pas 3 contre 2 pour un blackjack, qu'il ne peut pas doubler ou partager et qu'il doit toucher 16 ou moins.  En outre, comme vous l'apprendrez dans une le\u00e7on ult\u00e9rieure, le fait de conna\u00eetre la proportion de cartes de valeur 10 dans les jeux de cartes vous permet de faire des paris d'assurance rentables.<\/p>\n<h3>Apprendre la valeur des points<\/h3>\n<p><b>C'est le seul exercice dont vous aurez besoin pour apprendre les valeurs en points de votre syst\u00e8me de comptage.<\/b>  C'est celui que j'utilise lorsque je change de compte pour un jeu \u00e0 un seul paquet ou que je reviens \u00e0 celui que j'utilise pour les jeux \u00e0 plusieurs paquets.  Il suffit de prendre un jeu de cartes et de commencer \u00e0 les retourner une par une en r\u00e9citant la valeur de chaque carte.  Si une carte a une valeur sup\u00e9rieure, je ne dis pas \"Plus 1\" ; je dis simplement \"un\", car cela implique de toute fa\u00e7on \"plus\".  Si une carte a une valeur n\u00e9gative, je dis \"M 1\", et non \"moins 1\", car cela permet d'\u00e9conomiser une syllabe.  Pour les cartes \"neutres\" ou \u00e0 valeur nulle, je ne dis rien - elles sont compl\u00e8tement ignor\u00e9es pour le comptage avec le syst\u00e8me Hi \/ Lo.<\/p>\n<p><b>Alors, \u00e0 quoi cela ressemble-t-il ?  Voici un exemple rapide<\/b><\/p>\n<div class=\"col-sm-4 col-center\">\n<table class=\"data-table\">\n<tbody>\n<tr>\n<td>As<\/td>\n<td>(M-one)<\/td>\n<\/tr>\n<tr>\n<td>9<\/td>\n<td><\/td>\n<\/tr>\n<tr>\n<td>5<\/td>\n<td>(Un)<\/td>\n<\/tr>\n<tr>\n<td>6<\/td>\n<td>(Un)<\/td>\n<\/tr>\n<tr>\n<td>7<\/td>\n<td><\/td>\n<\/tr>\n<tr>\n<td>Roi<\/td>\n<td>(M-one)<\/td>\n<\/tr>\n<tr>\n<td>2<\/td>\n<td>(Un)<\/td>\n<\/tr>\n<tr>\n<td>10<\/td>\n<td>(M-one)<\/td>\n<\/tr>\n<\/tbody>\n<\/table>\n<\/div>\n<p><b>Notez que je ne comptabilise pas les cartes, mais que j'indique simplement la valeur en points de chacune d'entre elles.<\/b>  Vous devez vous entra\u00eener jusqu'\u00e0 ce que la valeur des points soit fermement ancr\u00e9e dans votre esprit, mais ne vous inqui\u00e9tez pas, cela ne prendra pas longtemps.<\/p>\n<h3>Compte \u00e0 rebours \u00e0 carte unique<\/h3>\n<p><b>Si vous pensez conna\u00eetre par c\u0153ur la valeur en points de chaque carte dans le syst\u00e8me de votre choix, vous pouvez maintenant commencer \u00e0 compter les cartes d'un seul jeu. <\/b> Retirez simplement trois cartes sans les regarder (pour v\u00e9rifier votre exactitude) et mettez-les de c\u00f4t\u00e9.  Retournez ensuite les cartes une \u00e0 une et faites le total de leurs valeurs.  Vous souvenez-vous de vos anciens cours d'alg\u00e8bre ?  Si vous ajoutez +1 \u00e0 -1, le r\u00e9sultat est 0. Cela s'applique ici, alors gardez-le \u00e0 l'esprit pendant que vous parcourez le jeu.<\/p>\n<p>En voici un exemple :<\/p>\n<div class=\"col-sm-4 col-center\">\n<table class=\"data-table\">\n<tbody>\n<tr>\n<td>1\u00e8re carte<\/td>\n<td>As<\/td>\n<td>Le compte : M-one<\/td>\n<\/tr>\n<tr>\n<td>2\u00e8me<\/td>\n<td>Roi<\/td>\n<td>M-deux<\/td>\n<\/tr>\n<tr>\n<td>3\u00e8me<\/td>\n<td>10<\/td>\n<td>M-trois<\/td>\n<\/tr>\n<tr>\n<td>4\u00e8me<\/td>\n<td>6<\/td>\n<td>M-deux (assurez-vous de savoir pourquoi)<\/td>\n<\/tr>\n<tr>\n<td>5\u00e8me<\/td>\n<td>Reine<\/td>\n<td>M-trois<\/td>\n<\/tr>\n<tr>\n<td>6\u00e8me<\/td>\n<td>5<\/td>\n<td>M-deux<\/td>\n<\/tr>\n<tr>\n<td>7\u00e8me<\/td>\n<td>3<\/td>\n<td>M-one<\/td>\n<\/tr>\n<tr>\n<td>8\u00e8me<\/td>\n<td>6<\/td>\n<td>M\u00eame (je n'utilise pas \"z\u00e9ro\")<\/td>\n<\/tr>\n<tr>\n<td>9\u00e8me<\/td>\n<td>4<\/td>\n<td>Un (encore une fois, pas de \"plus\")<\/td>\n<\/tr>\n<\/tbody>\n<\/table>\n<\/div>\n<p><b>Vous l'avez ?  C'est bien.  Tu n'es pas encore tr\u00e8s rapide, n'est-ce pas ?<\/b>  Ne vous inqui\u00e9tez pas pour cela ; nous travaillerons sur la vitesse plus tard.  Lorsque vous avez termin\u00e9 le jeu, le compte devrait \u00eatre inf\u00e9rieur \u00e0 la valeur des trois cartes que nous avons mises de c\u00f4t\u00e9 au d\u00e9but.  Regardez ces cartes, v\u00e9rifiez votre exactitude, m\u00e9langez les cartes et recommencez.  Prenez l'habitude d'enlever trois cartes chaque fois que vous faites un exercice de comptage, car elles vous emp\u00eacheront de vous tromper lorsque vous ferez une erreur.<\/p>\n<p><b>Pour l'instant, la cl\u00e9 est la pr\u00e9cision ; continuez jusqu'\u00e0 ce que vous puissiez parcourir un jeu trois ou quatre fois de suite sans faire d'erreur.<\/b>  Ce que vous avez appris ici s'appelle le \"comptage courant\".  La prochaine fois, nous travaillerons sur l'acc\u00e9l\u00e9ration de votre capacit\u00e9 \u00e0 compter ; pouvez-vous croire que je vous ferai parcourir un jeu en moins de 20 secondes ?  Les filles adorent \u00e7a dans les f\u00eates...<\/p>\n<h3>Devoirs<\/h3>\n<ul>\n<li>Continuez \u00e0 vous tester sur la strat\u00e9gie de base en faisant le <b>Reconstruction de la strat\u00e9gie de base<\/b> et <b>Exercices sur les d\u00e9cisions strat\u00e9giques de base<\/b>.  Vous ne gagnerez pas si vous n'\u00eates pas capable d'appliquer une strat\u00e9gie de base correcte.<\/li>\n<li><b>Commencez \u00e0 apprendre les valeurs en points du syst\u00e8me que vous avez choisi<\/b> et lorsque vous les conna\u00eetrez par c\u0153ur - et seulement \u00e0 ce moment-l\u00e0 - commencez \u00e0 faire des comptes \u00e0 rebours d'une seule carte d'un jeu.<\/li>\n<\/ul>\n<p>A la prochaine fois.<br \/>\n<b>Pratique !<\/b><\/p>","protected":false},"excerpt":{"rendered":"<p>By now you&#8217;ve chosen a counting system that you want to learn and even though it may be different than the Hi \/ Lo Count which I&#8217;m going to discuss here, the methods used to learn it are the same. Just make adjustments where appropriate and you&#8217;ll do fine. The Hi \/ Lo counting system [&hellip;]<\/p>\n","protected":false},"author":2,"featured_media":0,"parent":634,"menu_order":0,"comment_status":"open","ping_status":"open","template":"page-blackjack-school.php","meta":{"_acf_changed":false,"footnotes":""},"tags":[],"class_list":["post-701","page","type-page","status-publish","hentry"],"acf":[],"yoast_head":"<!-- This site is optimized with the Yoast SEO plugin v26.6 - https:\/\/yoast.com\/wordpress\/plugins\/seo\/ -->\n<title>Blackjack School \u1408 Lesson 4 - Card Counting - How to Do It<\/title>\n<meta name=\"description\" content=\"Lesson 4 in the GameMaster&#039;s Free Blackjack School - Learning the basic techniques of card counting.\" \/>\n<meta name=\"robots\" content=\"index, follow, max-snippet:-1, max-image-preview:large, max-video-preview:-1\" \/>\n<link rel=\"canonical\" href=\"https:\/\/www.blackjackinfo.com\/fr\/ecole-de-blackjack\/lecon-04-compter-les-cartes-comment-faire\/\" \/>\n<meta property=\"og:locale\" content=\"fr_FR\" \/>\n<meta property=\"og:type\" content=\"article\" \/>\n<meta property=\"og:title\" content=\"Blackjack School \u1408 Lesson 4 - Card Counting - How to Do It\" \/>\n<meta property=\"og:description\" content=\"Lesson 4 in the GameMaster&#039;s Free Blackjack School - Learning the basic techniques of card counting.\" \/>\n<meta property=\"og:url\" content=\"https:\/\/www.blackjackinfo.com\/fr\/ecole-de-blackjack\/lecon-04-compter-les-cartes-comment-faire\/\" \/>\n<meta property=\"og:site_name\" content=\"BlackjackInfo.com\" \/>\n<meta property=\"article:modified_time\" content=\"2020-02-18T23:54:11+00:00\" \/>\n<meta name=\"twitter:label1\" content=\"Dur\u00e9e de lecture estim\u00e9e\" \/>\n\t<meta name=\"twitter:data1\" content=\"4 minutes\" \/>\n<script type=\"application\/ld+json\" class=\"yoast-schema-graph\">{\"@context\":\"https:\/\/schema.org\",\"@graph\":[{\"@type\":\"WebPage\",\"@id\":\"https:\/\/www.blackjackinfo.com\/blackjack-school\/lesson-04-card-counting-how-to-do-it\/\",\"url\":\"https:\/\/www.blackjackinfo.com\/blackjack-school\/lesson-04-card-counting-how-to-do-it\/\",\"name\":\"Blackjack School \u1408 Lesson 4 - Card Counting - How to Do It\",\"isPartOf\":{\"@id\":\"https:\/\/www.blackjackinfo.com\/#website\"},\"datePublished\":\"2014-10-18T20:02:55+00:00\",\"dateModified\":\"2020-02-18T23:54:11+00:00\",\"description\":\"Lesson 4 in the GameMaster's Free Blackjack School - Learning the basic techniques of card counting.\",\"breadcrumb\":{\"@id\":\"https:\/\/www.blackjackinfo.com\/blackjack-school\/lesson-04-card-counting-how-to-do-it\/#breadcrumb\"},\"inLanguage\":\"fr-FR\",\"potentialAction\":[{\"@type\":\"ReadAction\",\"target\":[\"https:\/\/www.blackjackinfo.com\/blackjack-school\/lesson-04-card-counting-how-to-do-it\/\"]}]},{\"@type\":\"BreadcrumbList\",\"@id\":\"https:\/\/www.blackjackinfo.com\/blackjack-school\/lesson-04-card-counting-how-to-do-it\/#breadcrumb\",\"itemListElement\":[{\"@type\":\"ListItem\",\"position\":1,\"name\":\"Home\",\"item\":\"https:\/\/www.blackjackinfo.com\/\"},{\"@type\":\"ListItem\",\"position\":2,\"name\":\"Blackjack School &#8211; A Free 24-Lesson Class on Card Counting\",\"item\":\"https:\/\/www.blackjackinfo.com\/blackjack-school\/\"},{\"@type\":\"ListItem\",\"position\":3,\"name\":\"Lesson 4 &#8211; Card Counting &#8211; How to Do It\"}]},{\"@type\":\"WebSite\",\"@id\":\"https:\/\/www.blackjackinfo.com\/#website\",\"url\":\"https:\/\/www.blackjackinfo.com\/\",\"name\":\"BlackjackInfo.com\",\"description\":\"Because Winning is More Fun!\",\"potentialAction\":[{\"@type\":\"SearchAction\",\"target\":{\"@type\":\"EntryPoint\",\"urlTemplate\":\"https:\/\/www.blackjackinfo.com\/?s={search_term_string}\"},\"query-input\":{\"@type\":\"PropertyValueSpecification\",\"valueRequired\":true,\"valueName\":\"search_term_string\"}}],\"inLanguage\":\"fr-FR\"}]}<\/script>\n<!-- \/ Yoast SEO plugin. -->","yoast_head_json":{"title":"Blackjack School \u1408 Le\u00e7on 4 - Comptage des cartes - Comment le faire","description":"Le\u00e7on 4 de la GameMaster's Free Blackjack School - Apprendre les techniques de base du comptage des cartes.","robots":{"index":"index","follow":"follow","max-snippet":"max-snippet:-1","max-image-preview":"max-image-preview:large","max-video-preview":"max-video-preview:-1"},"canonical":"https:\/\/www.blackjackinfo.com\/fr\/ecole-de-blackjack\/lecon-04-compter-les-cartes-comment-faire\/","og_locale":"fr_FR","og_type":"article","og_title":"Blackjack School \u1408 Lesson 4 - Card Counting - How to Do It","og_description":"Lesson 4 in the GameMaster's Free Blackjack School - Learning the basic techniques of card counting.","og_url":"https:\/\/www.blackjackinfo.com\/fr\/ecole-de-blackjack\/lecon-04-compter-les-cartes-comment-faire\/","og_site_name":"BlackjackInfo.com","article_modified_time":"2020-02-18T23:54:11+00:00","twitter_misc":{"Dur\u00e9e de lecture estim\u00e9e":"4 minutes"},"schema":{"@context":"https:\/\/schema.org","@graph":[{"@type":"WebPage","@id":"https:\/\/www.blackjackinfo.com\/blackjack-school\/lesson-04-card-counting-how-to-do-it\/","url":"https:\/\/www.blackjackinfo.com\/blackjack-school\/lesson-04-card-counting-how-to-do-it\/","name":"Blackjack School \u1408 Le\u00e7on 4 - Comptage des cartes - Comment le faire","isPartOf":{"@id":"https:\/\/www.blackjackinfo.com\/#website"},"datePublished":"2014-10-18T20:02:55+00:00","dateModified":"2020-02-18T23:54:11+00:00","description":"Le\u00e7on 4 de la GameMaster's Free Blackjack School - Apprendre les techniques de base du comptage des cartes.","breadcrumb":{"@id":"https:\/\/www.blackjackinfo.com\/blackjack-school\/lesson-04-card-counting-how-to-do-it\/#breadcrumb"},"inLanguage":"fr-FR","potentialAction":[{"@type":"ReadAction","target":["https:\/\/www.blackjackinfo.com\/blackjack-school\/lesson-04-card-counting-how-to-do-it\/"]}]},{"@type":"BreadcrumbList","@id":"https:\/\/www.blackjackinfo.com\/blackjack-school\/lesson-04-card-counting-how-to-do-it\/#breadcrumb","itemListElement":[{"@type":"ListItem","position":1,"name":"Home","item":"https:\/\/www.blackjackinfo.com\/"},{"@type":"ListItem","position":2,"name":"Blackjack School &#8211; A Free 24-Lesson Class on Card Counting","item":"https:\/\/www.blackjackinfo.com\/blackjack-school\/"},{"@type":"ListItem","position":3,"name":"Lesson 4 &#8211; Card Counting &#8211; How to Do It"}]},{"@type":"WebSite","@id":"https:\/\/www.blackjackinfo.com\/#website","url":"https:\/\/www.blackjackinfo.com\/","name":"BlackjackInfo.com","description":"Parce que gagner, c'est plus amusant !","potentialAction":[{"@type":"SearchAction","target":{"@type":"EntryPoint","urlTemplate":"https:\/\/www.blackjackinfo.com\/?s={search_term_string}"},"query-input":{"@type":"PropertyValueSpecification","valueRequired":true,"valueName":"search_term_string"}}],"inLanguage":"fr-FR"}]}},"_links":{"self":[{"href":"https:\/\/www.blackjackinfo.com\/fr\/wp-json\/wp\/v2\/pages\/701","targetHints":{"allow":["GET"]}}],"collection":[{"href":"https:\/\/www.blackjackinfo.com\/fr\/wp-json\/wp\/v2\/pages"}],"about":[{"href":"https:\/\/www.blackjackinfo.com\/fr\/wp-json\/wp\/v2\/types\/page"}],"author":[{"embeddable":true,"href":"https:\/\/www.blackjackinfo.com\/fr\/wp-json\/wp\/v2\/users\/2"}],"replies":[{"embeddable":true,"href":"https:\/\/www.blackjackinfo.com\/fr\/wp-json\/wp\/v2\/comments?post=701"}],"version-history":[{"count":6,"href":"https:\/\/www.blackjackinfo.com\/fr\/wp-json\/wp\/v2\/pages\/701\/revisions"}],"predecessor-version":[{"id":5454,"href":"https:\/\/www.blackjackinfo.com\/fr\/wp-json\/wp\/v2\/pages\/701\/revisions\/5454"}],"up":[{"embeddable":true,"href":"https:\/\/www.blackjackinfo.com\/fr\/wp-json\/wp\/v2\/pages\/634"}],"wp:attachment":[{"href":"https:\/\/www.blackjackinfo.com\/fr\/wp-json\/wp\/v2\/media?parent=701"}],"wp:term":[{"taxonomy":"post_tag","embeddable":true,"href":"https:\/\/www.blackjackinfo.com\/fr\/wp-json\/wp\/v2\/tags?post=701"}],"curies":[{"name":"wp","href":"https:\/\/api.w.org\/{rel}","templated":true}]}}