{"id":709,"date":"2014-10-19T17:12:34","date_gmt":"2014-10-19T22:12:34","guid":{"rendered":"http:\/\/test.blackjackinfo.com\/?page_id=709"},"modified":"2020-02-18T17:55:23","modified_gmt":"2020-02-18T23:55:23","slug":"lecon-06-comptage-des-cartes-jeu-a-un-seul-jeu","status":"publish","type":"page","link":"https:\/\/www.blackjackinfo.com\/fr\/blackjack-school\/lesson-06-card-counting-single-deck-play\/","title":{"rendered":"Le\u00e7on 6 - Comptage des cartes - Jeu \u00e0 un seul paquet"},"content":{"rendered":"<p class=\"intro\">\n<b>Tout joueur s\u00e9rieux devrait avoir une bonne connaissance de la fa\u00e7on de jouer au Blackjack \u00e0 un seul jeu,<\/b> m\u00eame si vous passez 90% de votre temps \u00e0 des jeux \u00e0 plusieurs jeux, car lorsque vous parvenez \u00e0 jouer \u00e0 un jeu \u00e0 un seul jeu, cela peut \u00eatre une exp\u00e9rience tr\u00e8s enrichissante. <b>tr\u00e8s<\/b> rentable.  L'attrait principal du jeu deviendra plus \u00e9vident lorsque nous aborderons les strat\u00e9gies de mise, mais croyez-moi d\u00e8s \u00e0 pr\u00e9sent : les \"gros\" gains que vous ferez au Blackjack proviendront probablement d'un jeu \u00e0 un seul jeu.<\/p>\n<p><b>La plupart d'entre vous - en particulier ceux qui sont proches d'Atlantic City - devraient passer leur temps \u00e0 s'entra\u00eener plut\u00f4t qu'\u00e0 jouer, tout cela dans l'id\u00e9e de faire 5 ou 6 voyages par an dans des r\u00e9gions telles que Reno ou Laughlin.<\/b>  Vous feriez bien mieux de jouer 60 ou 70 heures par an aux jeux \u00e0 un seul plateau que de jouer plusieurs centaines d'heures aux jeux lamentables qu'A.C. propose actuellement.  La plupart de mes \u00e9tudiants de la r\u00e9gion de St. Louis peuvent se rendre \u00e0 Reno pour un voyage de 3 ou 4 jours pour moins de $300, ce qui comprend le billet d'avion aller-retour et l'h\u00f4tel, et comme ils font g\u00e9n\u00e9ralement autant de b\u00e9n\u00e9fices au blackjack par jour, ils rentrent souvent chez eux avec $1000 ou plus de gains nets.  Vous, les \"Eastcoasters\", pouvez trouver des activit\u00e9s similaires \u00e0 Tunica, dans le Massachusetts.<br \/>\n<div class=\"row\" style=\"margin-bottom:20px\">\n    <div class=\"col-sm-12\">\n                <h2>Les meilleurs casinos en ligne des Etats-Unis <span\n                class=\"flag-icon flag-icon-us\"><\/span><\/h2>\n\n        \n                \n        <div class=\"ranking-table text-center\">\n            <div class=\"row flex ad-row\">\n                <div class=\"col-sm-3\">\n                    <div class=\"row flex\">\n\n                        <div class=\"col-sm-3\">\n                            <div class=\"ranking-number text-center\">\n\n                                1                                \n                            <\/div>\n                        <\/div>\n                        <div class=\"col-sm-9\">\n                            <img decoding=\"async\" src=\"https:\/\/www.blackjackinfo.com\/files\/bovada.png\" data-no-auto-translation=\"\">\n                        <\/div>\n                    <\/div>\n                <\/div>\n                <div class=\"col-sm-4\">\n                    <div class=\"bonus-text text-center\"><span class=\"red\">100% jusqu'\u00e0 $1 000<\/span><\/div>\n\t\t\t\t\t\n\n                <\/div>\n                <div class=\"col-sm-2\">\n                    <a class=\"btn btn-wire\" href=\"\/fr\/casino\/bovada\/\">R\u00e9vision<\/a>\n\n                <\/div>\n                <div class=\"col-sm-3\">\n                    <a rel=\"nofollow\" target=\"_blank\" class=\"btn btn-blue\" href=\"\/goto\/goto\/\">Jouer\n                        Maintenant<\/a>\n\t\t\t\t\t\t\n\n                <\/div>\n            <\/div>\n        <\/div>\n\n\n\n        \n                \n        <div class=\"ranking-table text-center\">\n            <div class=\"row flex ad-row\">\n                <div class=\"col-sm-3\">\n                    <div class=\"row flex\">\n\n                        <div class=\"col-sm-3\">\n                            <div class=\"ranking-number text-center\">\n\n                                2                                \n                            <\/div>\n                        <\/div>\n                        <div class=\"col-sm-9\">\n                            <img decoding=\"async\" src=\"https:\/\/www.blackjackinfo.com\/files\/ignition-casino-logo.png\" data-no-auto-translation=\"\">\n                        <\/div>\n                    <\/div>\n                <\/div>\n                <div class=\"col-sm-4\">\n                    <div class=\"bonus-text text-center\"><span class=\"red\">100% jusqu'\u00e0 $1 000<\/span><\/div>\n\t\t\t\t\t\n\n                <\/div>\n                <div class=\"col-sm-2\">\n                    <a class=\"btn btn-wire\" href=\"\/fr\/casino\/ignition-casino\/\">R\u00e9vision<\/a>\n\n                <\/div>\n                <div class=\"col-sm-3\">\n                    <a rel=\"nofollow\" target=\"_blank\" class=\"btn btn-blue\" href=\"\/goto\/goto\/\">Jouer\n                        Maintenant<\/a>\n\t\t\t\t\t\t\n\n                <\/div>\n            <\/div>\n        <\/div>\n\n\n\n        \n                \n        <div class=\"ranking-table text-center\">\n            <div class=\"row flex ad-row\">\n                <div class=\"col-sm-3\">\n                    <div class=\"row flex\">\n\n                        <div class=\"col-sm-3\">\n                            <div class=\"ranking-number text-center\">\n\n                                3                                \n                            <\/div>\n                        <\/div>\n                        <div class=\"col-sm-9\">\n                            <img decoding=\"async\" src=\"https:\/\/www.blackjackinfo.com\/files\/VipSlots-500x250_dark.svg\" data-no-auto-translation=\"\">\n                        <\/div>\n                    <\/div>\n                <\/div>\n                <div class=\"col-sm-4\">\n                    <div class=\"bonus-text text-center\"><span class=\"red\">100 SPINS GRATUITS sur Secret Life of Cats<\/span><\/div>\n\t\t\t\t\t\n\n                <\/div>\n                <div class=\"col-sm-2\">\n                    <a class=\"btn btn-wire\" href=\"\/fr\/casino\/vipslots-casino\/\">R\u00e9vision<\/a>\n\n                <\/div>\n                <div class=\"col-sm-3\">\n                    <a rel=\"nofollow\" target=\"_blank\" class=\"btn btn-blue\" href=\"\/goto\/goto\/\">Jouer\n                        Maintenant<\/a>\n\t\t\t\t\t\t\n\n                <\/div>\n            <\/div>\n        <\/div>\n\n\n\n        \n                \n        <div class=\"ranking-table text-center\">\n            <div class=\"row flex ad-row\">\n                <div class=\"col-sm-3\">\n                    <div class=\"row flex\">\n\n                        <div class=\"col-sm-3\">\n                            <div class=\"ranking-number text-center\">\n\n                                4                                \n                            <\/div>\n                        <\/div>\n                        <div class=\"col-sm-9\">\n                            <img decoding=\"async\" src=\"https:\/\/www.blackjackinfo.com\/files\/vegas_casino_online.png\" data-no-auto-translation=\"\">\n                        <\/div>\n                    <\/div>\n                <\/div>\n                <div class=\"col-sm-4\">\n                    <div class=\"bonus-text text-center\"><span class=\"red\">300% jusqu'\u00e0 $3,000<\/span><\/div>\n\t\t\t\t\t\n\n                <\/div>\n                <div class=\"col-sm-2\">\n                    <a class=\"btn btn-wire\" href=\"\/fr\/casino\/vegas-casino-online-2\/\">R\u00e9vision<\/a>\n\n                <\/div>\n                <div class=\"col-sm-3\">\n                    <a rel=\"nofollow\" target=\"_blank\" class=\"btn btn-blue\" href=\"\/goto\/goto\/\">Jouer\n                        Maintenant<\/a>\n\t\t\t\t\t\t\n\n                <\/div>\n            <\/div>\n        <\/div>\n\n\n\n        \n                \n        <div class=\"ranking-table text-center\">\n            <div class=\"row flex ad-row\">\n                <div class=\"col-sm-3\">\n                    <div class=\"row flex\">\n\n                        <div class=\"col-sm-3\">\n                            <div class=\"ranking-number text-center\">\n\n                                5                                \n                            <\/div>\n                        <\/div>\n                        <div class=\"col-sm-9\">\n                            <img decoding=\"async\" src=\"https:\/\/www.blackjackinfo.com\/files\/cafe-casino-logo.svg\" data-no-auto-translation=\"\">\n                        <\/div>\n                    <\/div>\n                <\/div>\n                <div class=\"col-sm-4\">\n                    <div class=\"bonus-text text-center\"><span class=\"red\">250% jusqu'\u00e0 $1,500<\/span><\/div>\n\t\t\t\t\t\n\n                <\/div>\n                <div class=\"col-sm-2\">\n                    <a class=\"btn btn-wire\" href=\"\/fr\/casino\/cafe-casino\/\">R\u00e9vision<\/a>\n\n                <\/div>\n                <div class=\"col-sm-3\">\n                    <a rel=\"nofollow\" target=\"_blank\" class=\"btn btn-blue\" href=\"\/goto\/goto\/\">Jouer\n                        Maintenant<\/a>\n\t\t\t\t\t\t\n\n                <\/div>\n            <\/div>\n        <\/div>\n\n\n\n            <\/div>\n<\/div><\/p>\n<h3>Compter \u00e0 table<\/h3>\n<p><b>Pour gagner aux jeux \u00e0 un seul jeu, vous devez d'abord apprendre une autre m\u00e9thode de comptage \u00e0 une table o\u00f9 les cartes sont distribu\u00e9es face cach\u00e9e.<\/b>  Comme vous vous en souvenez dans la le\u00e7on 5, il faut une approche tr\u00e8s structur\u00e9e pour compter afin de s'assurer que vous le faites avec pr\u00e9cision.  Je n'oublierai jamais la premi\u00e8re fois que j'ai jou\u00e9 \u00e0 un seul jeu ; c'\u00e9tait \u00e0 Vegas et j'\u00e9tais habitu\u00e9 au jeu \u00e0 quatre jeux d'Atlantic City.  \u00c0 la deuxi\u00e8me ou troisi\u00e8me main, le croupier a fait un \"Blackjack\" et tout le monde a jet\u00e9 ses cartes, face visible.  Mon entra\u00eenement \u00e0 la vitesse a \u00e9t\u00e9 mis \u00e0 rude \u00e9preuve, mais j'ai r\u00e9ussi \u00e0 compter les cartes avant que la main suivante ne soit distribu\u00e9e.  C'est une situation \u00e0 laquelle vous devez \u00eatre pr\u00eat et seule la pratique vous permettra d'y parvenir.<\/p>\n<p><b>Les cartes sont retourn\u00e9es face visible pour diverses raisons dans un jeu \u00e0 un seul paquet, alors examinons une main et voyons quand vous les compterez. <\/b> Commencez par compter vos deux cartes, puis la carte du croupier.  Comptez toutes les cartes touch\u00e9es par les joueurs, car elles seront retourn\u00e9es.  Si un joueur double, il retournera ses deux premi\u00e8res cartes face visible, vous les compterez donc.  Cependant, la carte \"double\" sera g\u00e9n\u00e9ralement distribu\u00e9e face cach\u00e9e, vous ne la compterez donc pas encore.  Si un joueur divise une paire, celle-ci sera retourn\u00e9e face visible, vous devez donc la compter, puis compter les cartes \"touch\u00e9es\" au fur et \u00e0 mesure qu'elles sortent.  Dans un jeu \u00e0 un seul paquet, un joueur signifie qu'il \"reste\" en pla\u00e7ant les cartes sous la mise de fa\u00e7on \u00e0 ce que vous ne les voyiez pas, et donc que vous ne puissiez pas les compter - pour l'instant.  Si un joueur perd ses cartes, il les remet \u00e0 la banque, ce qui signifie que vous devez les compter d\u00e8s que vous les voyez.  Le jeu se termine avec la main du croupier, comptez donc la carte cach\u00e9e du croupier lorsqu'elle est retourn\u00e9e et toutes les cartes touch\u00e9es pour cette main.<\/p>\n<p><b> C'est maintenant qu'intervient la partie la plus d\u00e9licate. <\/b> Le croupier commence par le c\u00f4t\u00e9 \"troisi\u00e8me base\" et retourne toutes les cartes \"ferm\u00e9es\" (ainsi que les cartes doublement ferm\u00e9es) de dessous la mise et les place au-dessus de toutes les autres cartes de la main.  Ces cartes seront les deux cartes les plus proches du donneur ; comptez-les au fur et \u00e0 mesure qu'elles sont d\u00e9voil\u00e9es.  Une main typique se pr\u00e9sente comme suit :<\/p>\n<p class=\"text-center\">\n<img loading=\"lazy\" decoding=\"async\" class=\"center\" src=\"\/files\/Blackjack-School\/Hand-Example-Before-400x400.gif\" width=\"400\" height=\"400\" alt=\"Hand Example Before\" data-no-auto-translation=\"\"><br \/>\nMain avant que le croupier ne retourne les cartes<\/p>\n<p class=\"text-center\">\n<img loading=\"lazy\" decoding=\"async\" class=\"center\" src=\"\/files\/Blackjack-School\/Hand-Example-After-400x400.gif\" width=\"400\" height=\"400\" alt=\"Hand Example After\" data-no-auto-translation=\"\"><br \/>\nMain apr\u00e8s que le croupier ait retourn\u00e9 les cartes<\/p>\n<p>Comme vous pouvez le voir, ce joueur avait une main totalisant 7 et a pris un coup.  Le croupier a retir\u00e9 les cartes du dessus et va maintenant le payer en tant que gagnant.  Comptez ces deux cartes lorsqu'elles sont expos\u00e9es, mais NE COMPTEZ PAS le Valet \u00e0 nouveau, puisque vous l'auriez compt\u00e9 lorsque le joueur a \"gratt\u00e9\" pour obtenir un r\u00e9sultat.<\/p>\n<p>Cela peut encore \u00eatre un peu d\u00e9routant, mais une fois que vous aurez int\u00e9gr\u00e9 l'id\u00e9e dans votre esprit, vous comprendrez rapidement le sch\u00e9ma lorsque vous regarderez un vrai jeu en action.  Vous devez rester derri\u00e8re et observer jusqu'\u00e0 ce que vous soyez s\u00fbr de ma\u00eetriser la technique, mais cela ne prendra pas beaucoup de temps.  L'id\u00e9al pour s'entra\u00eener est de demander \u00e0 quelqu'un de distribuer \u00e0 votre place, mais veillez \u00e0 ce qu'il utilise les proc\u00e9dures indiqu\u00e9es ci-dessus.<\/p>\n<h3>D\u00e9velopper sa vitesse et son endurance<\/h3>\n<p><b>J'utilise souvent l'analogie d'un boxeur lorsque je parle de l'entra\u00eenement au comptage ; un boxeur s'entra\u00eene \u00e0 la fois \u00e0 la vitesse et \u00e0 l'endurance.<\/b>  Ils utilisent un \"sac de vitesse\" pour les coups courts et rapides et un grand sac lourd pour les coups durs.  Un compte \u00e0 rebours \u00e0 un seul jeu est votre \"sac de vitesse\" ; essayez de le parcourir aussi rapidement que possible tout en conservant votre pr\u00e9cision.  Pour d\u00e9velopper votre endurance, commencez par compter deux jeux m\u00e9lang\u00e9s ensemble (n'oubliez pas de retirer trois cartes pour v\u00e9rifier votre pr\u00e9cision).  Une fois que vous aurez r\u00e9ussi \u00e0 compter deux jeux en moins de 40 secondes, passez \u00e0 six jeux.  M\u00e9langez les six jeux ensemble, puis r\u00e9partissez-les en 5 ou 6 piles distinctes sur une table et comptez-les le plus rapidement possible.  L'objectif est d'arriver \u00e0 un r\u00e9sultat en moins de 2 minutes, l'id\u00e9al \u00e9tant de ne pas d\u00e9passer 1 minute 30.  La raison pour laquelle nous comptons autant de jeux, que nous nous entra\u00eenions pour un jeu \u00e0 un seul jeu ou \u00e0 plusieurs jeux, est que nous nous habituons non seulement \u00e0 retenir le compte pendant une longue p\u00e9riode de temps, mais aussi \u00e0 nous habituer \u00e0 des variations importantes du compte.  Le compte courant d'un jeu \u00e0 une platine sera rarement sup\u00e9rieur ou inf\u00e9rieur \u00e0 10, mais vous obtiendrez souvent de tels comptes lors d'un d\u00e9compte \u00e0 six platines et vous devez vous y habituer.  Il est bon de s'entra\u00eener ainsi avec beaucoup de distractions.  Faites-le avec les enfants qui vous emb\u00eatent, avec la t\u00e9l\u00e9vision allum\u00e9e ou avec Fido qui aboie et vous d\u00e9velopperez votre capacit\u00e9 \u00e0 garder le fil lorsque vous \u00eates dans un casino.<\/p>\n<h3>Quelques astuces suppl\u00e9mentaires<\/h3>\n<p><b>Apprendre \u00e0 compter \u00e0 rebours par 2 \u00e0 partir d'un nombre impair.<\/b>  Nous savons tous compter \"2, 4, 6\", etc., mais peu d'entre nous peuvent compter \"11, 9, 7, 5, 3\" tr\u00e8s rapidement.  C'est un bon exercice \u00e0 faire en conduisant.  Commencez \u00e0 25 et allez jusqu'\u00e0 M5, encore et encore ; cela s'imprimera dans votre esprit et vous sera utile \u00e0 une table pleine lorsque le compte est \u00e9lev\u00e9 et que tous ces 20 et Blackjacks sortent.  Lorsque vous vous ennuyez, faites-le \u00e0 l'envers \u00e0 partir d'un nombre pair, juste pour vous maintenir en forme.<\/p>\n<p><b>Lorsque votre comptage est interrompu pour une raison quelconque, r\u00e9citez le compte pour vous-m\u00eame, encore et encore.<\/b>  Imaginons que vous vous entra\u00eeniez \u00e0 la maison et que la petite Margaux ou votre fils Corky (tous les compteurs de cartes ne sont-ils pas aussi des passionn\u00e9s de vin ?) vous pose une question de vie ou de mort.  Si le compte \u00e0 ce moment-l\u00e0 est M6, r\u00e9p\u00e9tez simplement \"M6, M6, M6\" dans votre esprit pendant que vous les \u00e9coutez.  Vous saurez que vous faites de r\u00e9els progr\u00e8s lorsque vous pourrez leur PARLER et vous souvenir du d\u00e9compte !  C'est la pratique qui permet cela.<\/p>\n<h3>Devoirs<\/h3>\n<p>Continuez \u00e0 travailler votre vitesse avec un compte \u00e0 rebours \u00e0 un jeu, mais faites aussi quelques exercices \u00e0 deux jeux.  Lorsque vous pouvez faire deux jeux avec pr\u00e9cision en moins de 40 secondes, passez \u00e0 un compte \u00e0 rebours \u00e0 six jeux.<\/p>\n<p><b>Important :<\/b>  Tout ce que je vous ai montr\u00e9 ici s'applique \u00e9galement \u00e0 la plupart des jeux \u00e0 deux jeux, mais vous devez vous rappeler que la strat\u00e9gie de base change un peu lorsque vous jouez un jeu avec moins de quatre jeux.  Reportez-vous \u00e0 la le\u00e7on 1 pour apprendre la strat\u00e9gie de base pour les jeux \u00e0 un seul jeu.<\/p>\n<p>Ensuite, nous aborderons la seule raison de jouer au Blackjack : l'argent.<\/p>\n<p>D'ici l\u00e0, l'\u00e9cole est ferm\u00e9e.<\/p>","protected":false},"excerpt":{"rendered":"<p>Every serious counter should have a good knowledge of how to play single-deck Blackjack, even if you spend 90% of your time at multi-deck games, because when you are able to get to a single deck game, it can be very profitable. The primary lure of the game will become more evident as we get [&hellip;]<\/p>\n","protected":false},"author":2,"featured_media":0,"parent":634,"menu_order":0,"comment_status":"open","ping_status":"open","template":"page-blackjack-school.php","meta":{"_acf_changed":false,"footnotes":""},"tags":[],"class_list":["post-709","page","type-page","status-publish","hentry"],"acf":[],"yoast_head":"<!-- This site is optimized with the Yoast SEO plugin v26.6 - https:\/\/yoast.com\/wordpress\/plugins\/seo\/ -->\n<title>Blackjack School \u1408 Lesson 6 - Card Counting - Single-deck Play<\/title>\n<meta name=\"description\" content=\"Lesson 6 in the GameMaster&#039;s Free Blackjack School - Card counting in a face-down game.\" \/>\n<meta name=\"robots\" content=\"index, follow, max-snippet:-1, max-image-preview:large, max-video-preview:-1\" \/>\n<link rel=\"canonical\" href=\"https:\/\/www.blackjackinfo.com\/fr\/ecole-de-blackjack\/lecon-06-comptage-des-cartes-jeu-a-un-seul-jeu\/\" \/>\n<meta property=\"og:locale\" content=\"fr_FR\" \/>\n<meta property=\"og:type\" content=\"article\" \/>\n<meta property=\"og:title\" content=\"Blackjack School \u1408 Lesson 6 - Card Counting - Single-deck Play\" \/>\n<meta property=\"og:description\" content=\"Lesson 6 in the GameMaster&#039;s Free Blackjack School - Card counting in a face-down game.\" \/>\n<meta property=\"og:url\" content=\"https:\/\/www.blackjackinfo.com\/fr\/ecole-de-blackjack\/lecon-06-comptage-des-cartes-jeu-a-un-seul-jeu\/\" \/>\n<meta property=\"og:site_name\" content=\"BlackjackInfo.com\" \/>\n<meta property=\"article:modified_time\" content=\"2020-02-18T23:55:23+00:00\" \/>\n<meta name=\"twitter:label1\" content=\"Dur\u00e9e de lecture estim\u00e9e\" \/>\n\t<meta name=\"twitter:data1\" content=\"6 minutes\" \/>\n<script type=\"application\/ld+json\" class=\"yoast-schema-graph\">{\"@context\":\"https:\/\/schema.org\",\"@graph\":[{\"@type\":\"WebPage\",\"@id\":\"https:\/\/www.blackjackinfo.com\/blackjack-school\/lesson-06-card-counting-single-deck-play\/\",\"url\":\"https:\/\/www.blackjackinfo.com\/blackjack-school\/lesson-06-card-counting-single-deck-play\/\",\"name\":\"Blackjack School \u1408 Lesson 6 - Card Counting - Single-deck Play\",\"isPartOf\":{\"@id\":\"https:\/\/www.blackjackinfo.com\/#website\"},\"datePublished\":\"2014-10-19T22:12:34+00:00\",\"dateModified\":\"2020-02-18T23:55:23+00:00\",\"description\":\"Lesson 6 in the GameMaster's Free Blackjack School - Card counting in a face-down game.\",\"breadcrumb\":{\"@id\":\"https:\/\/www.blackjackinfo.com\/blackjack-school\/lesson-06-card-counting-single-deck-play\/#breadcrumb\"},\"inLanguage\":\"fr-FR\",\"potentialAction\":[{\"@type\":\"ReadAction\",\"target\":[\"https:\/\/www.blackjackinfo.com\/blackjack-school\/lesson-06-card-counting-single-deck-play\/\"]}]},{\"@type\":\"BreadcrumbList\",\"@id\":\"https:\/\/www.blackjackinfo.com\/blackjack-school\/lesson-06-card-counting-single-deck-play\/#breadcrumb\",\"itemListElement\":[{\"@type\":\"ListItem\",\"position\":1,\"name\":\"Home\",\"item\":\"https:\/\/www.blackjackinfo.com\/\"},{\"@type\":\"ListItem\",\"position\":2,\"name\":\"Blackjack School &#8211; A Free 24-Lesson Class on Card Counting\",\"item\":\"https:\/\/www.blackjackinfo.com\/blackjack-school\/\"},{\"@type\":\"ListItem\",\"position\":3,\"name\":\"Lesson 6 &#8211; Card Counting &#8211; Single-deck Play\"}]},{\"@type\":\"WebSite\",\"@id\":\"https:\/\/www.blackjackinfo.com\/#website\",\"url\":\"https:\/\/www.blackjackinfo.com\/\",\"name\":\"BlackjackInfo.com\",\"description\":\"Because Winning is More Fun!\",\"potentialAction\":[{\"@type\":\"SearchAction\",\"target\":{\"@type\":\"EntryPoint\",\"urlTemplate\":\"https:\/\/www.blackjackinfo.com\/?s={search_term_string}\"},\"query-input\":{\"@type\":\"PropertyValueSpecification\",\"valueRequired\":true,\"valueName\":\"search_term_string\"}}],\"inLanguage\":\"fr-FR\"}]}<\/script>\n<!-- \/ Yoast SEO plugin. -->","yoast_head_json":{"title":"Blackjack School \u1408 Le\u00e7on 6 - Comptage des cartes - Jeu \u00e0 un seul paquet","description":"Le\u00e7on 6 de l'\u00e9cole gratuite de blackjack du ma\u00eetre de jeu - Comptage des cartes dans un jeu face cach\u00e9e.","robots":{"index":"index","follow":"follow","max-snippet":"max-snippet:-1","max-image-preview":"max-image-preview:large","max-video-preview":"max-video-preview:-1"},"canonical":"https:\/\/www.blackjackinfo.com\/fr\/ecole-de-blackjack\/lecon-06-comptage-des-cartes-jeu-a-un-seul-jeu\/","og_locale":"fr_FR","og_type":"article","og_title":"Blackjack School \u1408 Lesson 6 - Card Counting - Single-deck Play","og_description":"Lesson 6 in the GameMaster's Free Blackjack School - Card counting in a face-down game.","og_url":"https:\/\/www.blackjackinfo.com\/fr\/ecole-de-blackjack\/lecon-06-comptage-des-cartes-jeu-a-un-seul-jeu\/","og_site_name":"BlackjackInfo.com","article_modified_time":"2020-02-18T23:55:23+00:00","twitter_misc":{"Dur\u00e9e de lecture estim\u00e9e":"6 minutes"},"schema":{"@context":"https:\/\/schema.org","@graph":[{"@type":"WebPage","@id":"https:\/\/www.blackjackinfo.com\/blackjack-school\/lesson-06-card-counting-single-deck-play\/","url":"https:\/\/www.blackjackinfo.com\/blackjack-school\/lesson-06-card-counting-single-deck-play\/","name":"Blackjack School \u1408 Le\u00e7on 6 - Comptage des cartes - Jeu \u00e0 un seul paquet","isPartOf":{"@id":"https:\/\/www.blackjackinfo.com\/#website"},"datePublished":"2014-10-19T22:12:34+00:00","dateModified":"2020-02-18T23:55:23+00:00","description":"Le\u00e7on 6 de l'\u00e9cole gratuite de blackjack du ma\u00eetre de jeu - Comptage des cartes dans un jeu face cach\u00e9e.","breadcrumb":{"@id":"https:\/\/www.blackjackinfo.com\/blackjack-school\/lesson-06-card-counting-single-deck-play\/#breadcrumb"},"inLanguage":"fr-FR","potentialAction":[{"@type":"ReadAction","target":["https:\/\/www.blackjackinfo.com\/blackjack-school\/lesson-06-card-counting-single-deck-play\/"]}]},{"@type":"BreadcrumbList","@id":"https:\/\/www.blackjackinfo.com\/blackjack-school\/lesson-06-card-counting-single-deck-play\/#breadcrumb","itemListElement":[{"@type":"ListItem","position":1,"name":"Home","item":"https:\/\/www.blackjackinfo.com\/"},{"@type":"ListItem","position":2,"name":"Blackjack School &#8211; A Free 24-Lesson Class on Card Counting","item":"https:\/\/www.blackjackinfo.com\/blackjack-school\/"},{"@type":"ListItem","position":3,"name":"Lesson 6 &#8211; Card Counting &#8211; Single-deck Play"}]},{"@type":"WebSite","@id":"https:\/\/www.blackjackinfo.com\/#website","url":"https:\/\/www.blackjackinfo.com\/","name":"BlackjackInfo.com","description":"Parce que gagner, c'est plus amusant !","potentialAction":[{"@type":"SearchAction","target":{"@type":"EntryPoint","urlTemplate":"https:\/\/www.blackjackinfo.com\/?s={search_term_string}"},"query-input":{"@type":"PropertyValueSpecification","valueRequired":true,"valueName":"search_term_string"}}],"inLanguage":"fr-FR"}]}},"_links":{"self":[{"href":"https:\/\/www.blackjackinfo.com\/fr\/wp-json\/wp\/v2\/pages\/709","targetHints":{"allow":["GET"]}}],"collection":[{"href":"https:\/\/www.blackjackinfo.com\/fr\/wp-json\/wp\/v2\/pages"}],"about":[{"href":"https:\/\/www.blackjackinfo.com\/fr\/wp-json\/wp\/v2\/types\/page"}],"author":[{"embeddable":true,"href":"https:\/\/www.blackjackinfo.com\/fr\/wp-json\/wp\/v2\/users\/2"}],"replies":[{"embeddable":true,"href":"https:\/\/www.blackjackinfo.com\/fr\/wp-json\/wp\/v2\/comments?post=709"}],"version-history":[{"count":8,"href":"https:\/\/www.blackjackinfo.com\/fr\/wp-json\/wp\/v2\/pages\/709\/revisions"}],"predecessor-version":[{"id":5456,"href":"https:\/\/www.blackjackinfo.com\/fr\/wp-json\/wp\/v2\/pages\/709\/revisions\/5456"}],"up":[{"embeddable":true,"href":"https:\/\/www.blackjackinfo.com\/fr\/wp-json\/wp\/v2\/pages\/634"}],"wp:attachment":[{"href":"https:\/\/www.blackjackinfo.com\/fr\/wp-json\/wp\/v2\/media?parent=709"}],"wp:term":[{"taxonomy":"post_tag","embeddable":true,"href":"https:\/\/www.blackjackinfo.com\/fr\/wp-json\/wp\/v2\/tags?post=709"}],"curies":[{"name":"wp","href":"https:\/\/api.w.org\/{rel}","templated":true}]}}