{"id":720,"date":"2014-10-19T20:00:00","date_gmt":"2014-10-20T01:00:00","guid":{"rendered":"http:\/\/test.blackjackinfo.com\/?page_id=720"},"modified":"2020-02-18T17:55:54","modified_gmt":"2020-02-18T23:55:54","slug":"lecon-07-gestion-de-largent-partie-1","status":"publish","type":"page","link":"https:\/\/www.blackjackinfo.com\/fr\/blackjack-school\/lesson-07-money-management-part-1\/","title":{"rendered":"Le\u00e7on 7 - Gestion de l'argent - Partie 1"},"content":{"rendered":"<h3>Sermon<\/h3>\n<p><b>Je pr\u00eache de temps en temps dans les pages du GameMaster Online, principalement parce que je d\u00e9teste l'id\u00e9e que les gens donnent leur argent aux casinos.<\/b>  Je ne dis pas que je ne perds pas, car j'ai aussi mes mauvais jours, mais ce que je dis, c'est que les casinos doivent se battre pour chaque centime qu'ils obtiennent.  Vous devez d\u00e9velopper ce genre d'attitude et le simple fait que vous lisiez ceci me montre que vous \u00eates pr\u00eat \u00e0 apprendre, vous avez donc un bon d\u00e9but.  Les casinos gagnent de l'argent parce que les joueurs leur permettent d'en gagner.  M\u00eame si vous avez appris tout ce que je vous ai enseign\u00e9 jusqu'\u00e0 pr\u00e9sent, vous n'\u00eates toujours pas pr\u00eat \u00e0 jouer, alors oubliez cela et commencez \u00e0 construire votre bankroll en vue du jour o\u00f9 vous serez pr\u00eat.  Vous ne pouvez pas esp\u00e9rer gagner au Blackjack si vous misez l'argent du loyer.  Vous devez mettre de c\u00f4t\u00e9 une somme d'argent \"suppl\u00e9mentaire\" - de l'argent qui, si vous le perdez, n'affectera en rien votre mode de vie.   En proc\u00e9dant ainsi, vous miserez ce qui doit \u00eatre mis\u00e9 et jouerez les mains comme elles doivent \u00eatre jou\u00e9es.  C'est ce qui permet d'obtenir le $$$ au casino.  J'en ai assez dit.<br \/>\n<div class=\"row\" style=\"margin-bottom:20px\">\n    <div class=\"col-sm-12\">\n                <h2>Les meilleurs casinos en ligne des Etats-Unis <span\n                class=\"flag-icon flag-icon-us\"><\/span><\/h2>\n\n        \n                \n        <div class=\"ranking-table text-center\">\n            <div class=\"row flex ad-row\">\n                <div class=\"col-sm-3\">\n                    <div class=\"row flex\">\n\n                        <div class=\"col-sm-3\">\n                            <div class=\"ranking-number text-center\">\n\n                                1                                \n                            <\/div>\n                        <\/div>\n                        <div class=\"col-sm-9\">\n                            <img decoding=\"async\" src=\"https:\/\/www.blackjackinfo.com\/files\/bovada.png\" data-no-auto-translation=\"\">\n                        <\/div>\n                    <\/div>\n                <\/div>\n                <div class=\"col-sm-4\">\n                    <div class=\"bonus-text text-center\"><span class=\"red\">100% jusqu'\u00e0 $1 000<\/span><\/div>\n\t\t\t\t\t\n\n                <\/div>\n                <div class=\"col-sm-2\">\n                    <a class=\"btn btn-wire\" href=\"\/fr\/casino\/bovada\/\">R\u00e9vision<\/a>\n\n                <\/div>\n                <div class=\"col-sm-3\">\n                    <a rel=\"nofollow\" target=\"_blank\" class=\"btn btn-blue\" href=\"\/goto\/goto\/\">Jouer\n                        Maintenant<\/a>\n\t\t\t\t\t\t\n\n                <\/div>\n            <\/div>\n        <\/div>\n\n\n\n        \n                \n        <div class=\"ranking-table text-center\">\n            <div class=\"row flex ad-row\">\n                <div class=\"col-sm-3\">\n                    <div class=\"row flex\">\n\n                        <div class=\"col-sm-3\">\n                            <div class=\"ranking-number text-center\">\n\n                                2                                \n                            <\/div>\n                        <\/div>\n                        <div class=\"col-sm-9\">\n                            <img decoding=\"async\" src=\"https:\/\/www.blackjackinfo.com\/files\/ignition-casino-logo.png\" data-no-auto-translation=\"\">\n                        <\/div>\n                    <\/div>\n                <\/div>\n                <div class=\"col-sm-4\">\n                    <div class=\"bonus-text text-center\"><span class=\"red\">100% jusqu'\u00e0 $1 000<\/span><\/div>\n\t\t\t\t\t\n\n                <\/div>\n                <div class=\"col-sm-2\">\n                    <a class=\"btn btn-wire\" href=\"\/fr\/casino\/ignition-casino\/\">R\u00e9vision<\/a>\n\n                <\/div>\n                <div class=\"col-sm-3\">\n                    <a rel=\"nofollow\" target=\"_blank\" class=\"btn btn-blue\" href=\"\/goto\/goto\/\">Jouer\n                        Maintenant<\/a>\n\t\t\t\t\t\t\n\n                <\/div>\n            <\/div>\n        <\/div>\n\n\n\n        \n                \n        <div class=\"ranking-table text-center\">\n            <div class=\"row flex ad-row\">\n                <div class=\"col-sm-3\">\n                    <div class=\"row flex\">\n\n                        <div class=\"col-sm-3\">\n                            <div class=\"ranking-number text-center\">\n\n                                3                                \n                            <\/div>\n                        <\/div>\n                        <div class=\"col-sm-9\">\n                            <img decoding=\"async\" src=\"https:\/\/www.blackjackinfo.com\/files\/VipSlots-500x250_dark.svg\" data-no-auto-translation=\"\">\n                        <\/div>\n                    <\/div>\n                <\/div>\n                <div class=\"col-sm-4\">\n                    <div class=\"bonus-text text-center\"><span class=\"red\">100 SPINS GRATUITS sur Secret Life of Cats<\/span><\/div>\n\t\t\t\t\t\n\n                <\/div>\n                <div class=\"col-sm-2\">\n                    <a class=\"btn btn-wire\" href=\"\/fr\/casino\/vipslots-casino\/\">R\u00e9vision<\/a>\n\n                <\/div>\n                <div class=\"col-sm-3\">\n                    <a rel=\"nofollow\" target=\"_blank\" class=\"btn btn-blue\" href=\"\/goto\/goto\/\">Jouer\n                        Maintenant<\/a>\n\t\t\t\t\t\t\n\n                <\/div>\n            <\/div>\n        <\/div>\n\n\n\n        \n                \n        <div class=\"ranking-table text-center\">\n            <div class=\"row flex ad-row\">\n                <div class=\"col-sm-3\">\n                    <div class=\"row flex\">\n\n                        <div class=\"col-sm-3\">\n                            <div class=\"ranking-number text-center\">\n\n                                4                                \n                            <\/div>\n                        <\/div>\n                        <div class=\"col-sm-9\">\n                            <img decoding=\"async\" src=\"https:\/\/www.blackjackinfo.com\/files\/vegas_casino_online.png\" data-no-auto-translation=\"\">\n                        <\/div>\n                    <\/div>\n                <\/div>\n                <div class=\"col-sm-4\">\n                    <div class=\"bonus-text text-center\"><span class=\"red\">300% jusqu'\u00e0 $3,000<\/span><\/div>\n\t\t\t\t\t\n\n                <\/div>\n                <div class=\"col-sm-2\">\n                    <a class=\"btn btn-wire\" href=\"\/fr\/casino\/vegas-casino-online-2\/\">R\u00e9vision<\/a>\n\n                <\/div>\n                <div class=\"col-sm-3\">\n                    <a rel=\"nofollow\" target=\"_blank\" class=\"btn btn-blue\" href=\"\/goto\/goto\/\">Jouer\n                        Maintenant<\/a>\n\t\t\t\t\t\t\n\n                <\/div>\n            <\/div>\n        <\/div>\n\n\n\n        \n                \n        <div class=\"ranking-table text-center\">\n            <div class=\"row flex ad-row\">\n                <div class=\"col-sm-3\">\n                    <div class=\"row flex\">\n\n                        <div class=\"col-sm-3\">\n                            <div class=\"ranking-number text-center\">\n\n                                5                                \n                            <\/div>\n                        <\/div>\n                        <div class=\"col-sm-9\">\n                            <img decoding=\"async\" src=\"https:\/\/www.blackjackinfo.com\/files\/cafe-casino-logo.svg\" data-no-auto-translation=\"\">\n                        <\/div>\n                    <\/div>\n                <\/div>\n                <div class=\"col-sm-4\">\n                    <div class=\"bonus-text text-center\"><span class=\"red\">250% jusqu'\u00e0 $1,500<\/span><\/div>\n\t\t\t\t\t\n\n                <\/div>\n                <div class=\"col-sm-2\">\n                    <a class=\"btn btn-wire\" href=\"\/fr\/casino\/cafe-casino\/\">R\u00e9vision<\/a>\n\n                <\/div>\n                <div class=\"col-sm-3\">\n                    <a rel=\"nofollow\" target=\"_blank\" class=\"btn btn-blue\" href=\"\/goto\/goto\/\">Jouer\n                        Maintenant<\/a>\n\t\t\t\t\t\t\n\n                <\/div>\n            <\/div>\n        <\/div>\n\n\n\n            <\/div>\n<\/div><\/p>\n<h3>Qu'est-ce que la gestion financi\u00e8re ?<\/h3>\n<p><b>Lorsqu'il s'agit de jouer au Blackjack en tant que compteur de cartes, le money management est une m\u00e9thode de mise qui permet de minimiser vos pertes et de maximiser vos gains.<\/b>  Jouer au Blackjack comporte un risque de perte.  L'avantage d'un joueur sur le casino est minime et les fluctuations de la tr\u00e9sorerie d'un joueur peuvent survenir \u00e0 une vitesse effrayante.  Une bonne gestion de vos fonds est n\u00e9cessaire dans tous les aspects du jeu pour vous donner la meilleure chance possible d'atteindre cet insaisissable \"long terme\".  Certains d'entre vous commenceront leur carri\u00e8re de compteur par un gros gain et ne reviendront jamais en arri\u00e8re.  La plupart d'entre vous, cependant, commencera avec une perte et il faudra plus d'heures de jeu avant que vous ne commenciez \u00e0 faire des b\u00e9n\u00e9fices ; c'est juste la r\u00e9alit\u00e9 de la situation.  Ce que je vais vous apprendre dans les quatre ou cinq prochaines le\u00e7ons, c'est comment survivre au jeu jusqu'\u00e0 ce que votre avantage \u00e0 long terme commence \u00e0 faire son effet, puis comment conserver les profits que vous faites.<\/p>\n<h3>Le vrai compte<\/h3>\n<p><b>Toutes nos d\u00e9cisions de mise seront prises sur la base de ce que l'on appelle le \"d\u00e9compte r\u00e9el\" ou, plus pr\u00e9cis\u00e9ment, le \"d\u00e9compte par jeu restant\". <\/b> Bien que la plupart de ces informations s'appliquent \u00e0 ceux qui jouent \u00e0 des jeux \u00e0 plusieurs \u00e9tages, les joueurs \u00e0 un seul \u00e9tage doivent aussi faire attention - ils ont besoin de les conna\u00eetre.     Si six petites cartes sortent lors de la premi\u00e8re main d'une partie, nous aurons un compte courant de 6. Pour les joueurs \u00e0 un seul jeu, vous aurez un compte r\u00e9el d'un peu plus de 6, puisqu'il reste un peu moins d'un jeu \u00e0 jouer.  Si vous participez \u00e0 une partie \u00e0 six jeux, le d\u00e9compte par jeu restant (le d\u00e9compte r\u00e9el) est l\u00e9g\u00e8rement sup\u00e9rieur \u00e0 1, puisqu'il reste un peu moins de 6 jeux \u00e0 jouer.  Vous voyez comment cela fonctionne ?  Nous \"normalisons\" le d\u00e9compte en divisant le d\u00e9compte en cours par le nombre total de jeux restants.  Essayons un autre exemple pour voir si vous comprenez le concept.  Dans une partie \u00e0 un seul jeu, un compte courant de 2 (n'oubliez pas que je n'utilise pas le signe \"+\" pour indiquer un nombre positif) est converti en un compte r\u00e9el de 2, une fois arrondi.  Dans une partie \u00e0 six jeux et un compte courant de 12 apr\u00e8s la premi\u00e8re main, le compte r\u00e9el est de 2. Les deux comptes r\u00e9els sont de 2 , mais il faut un compte courant beaucoup plus \u00e9lev\u00e9 pour obtenir ce r\u00e9sultat dans la partie \u00e0 six jeux.<\/p>\n<p><b>POUR D\u00c9TERMINER LE D\u00c9COMPTE R\u00c9EL, DIVISEZ LE D\u00c9COMPTE \"EN COURS\" PAR LE NOMBRE DE JEUX RESTANT \u00c0 JOUER. <\/b><\/p>\n<p><b>Ne vous laissez pas d\u00e9concerter par cette affirmation.  Il s'agit du nombre de jeux restants, qu'ils soient jou\u00e9s ou non.<\/b>  Dans un jeu \u00e0 six jeux, un jeu ou plus peut \u00eatre coup\u00e9 par le croupier, mais cela ne signifie rien dans le calcul du compte r\u00e9el.  La base du calcul est le nombre total de jeux dans le jeu qui est ajust\u00e9 par le nombre de jeux qui ont \u00e9t\u00e9 jou\u00e9s.  Exemple : dans un jeu \u00e0 six jeux o\u00f9 deux jeux ont \u00e9t\u00e9 jou\u00e9s et plac\u00e9s dans le casier de d\u00e9fausse sur le c\u00f4t\u00e9, un compte courant de 8 se traduit par un compte r\u00e9el de 2 parce qu'il reste quatre jeux dans le sabot.  Le croupier peut m\u00e9langer les cartes avant que les quatre cartes restantes n'aient \u00e9t\u00e9 jou\u00e9es, mais cela n'a pas d'importance pour la conversion du compte r\u00e9el.<\/p>\n<p>Faites ce petit test avec moi pour voir si vous comprenez le principe.<\/p>\n<div class=\"col-sm-6 col-center\">\n<table class=\"data-table text-center\">\n<tbody>\n<tr>\n<th><\/th>\n<th>Pont restant<\/th>\n<th>Compte courant<\/th>\n<th>Compte r\u00e9el<\/th>\n<\/tr>\n<tr>\n<td>1.<\/td>\n<td>4<\/td>\n<td>8<\/td>\n<td>2<\/td>\n<\/tr>\n<tr>\n<td>2.<\/td>\n<td>2<\/td>\n<td>10<\/td>\n<td>5<\/td>\n<\/tr>\n<tr>\n<td>3.<\/td>\n<td>5<\/td>\n<td>5<\/td>\n<td>1<\/td>\n<\/tr>\n<tr>\n<td>4.<\/td>\n<td>3<\/td>\n<td>12<\/td>\n<td>4<\/td>\n<\/tr>\n<\/tbody>\n<\/table>\n<\/div>\n<h3>Estimation du nombre de ponts restants<\/h3>\n<p><b>Les casinos sont tr\u00e8s gentils et nous fournissent un appareil pour d\u00e9terminer le nombre de jeux restant \u00e0 jouer dans le sabot.  Non, ce dispositif n'est pas le sabot, mais le plateau de d\u00e9fausse.<\/b> que l'on trouve sur pratiquement toutes les tables o\u00f9 l'on joue \u00e0 plusieurs jeux.  Au fur et \u00e0 mesure que les cartes sont utilis\u00e9es, le croupier les place tr\u00e8s proprement dans le bac de d\u00e9fausse, \u00e0 la vue de tous. Les compteurs utilisent donc ce bac, ainsi qu'un peu de soustraction, pour d\u00e9terminer le nombre de jeux restant \u00e0 jouer.  Lors d'une partie \u00e0 six jeux, s'il y a deux jeux dans le plateau de d\u00e9fausse, il doit en rester quatre dans le sabot, en supposant qu'aucune carte ne se trouve sur la table.  Nous nous effor\u00e7ons d'\u00eatre pr\u00e9cis \u00e0 un demi-pont pr\u00e8s pour notre estimation.  La mani\u00e8re exacte de s'entra\u00eener \u00e0 cela est l'un de vos devoirs, alors ne vous en pr\u00e9occupez pas pour l'instant.  Ce qui est plus important \u00e0 ce stade, ce sont les m\u00e9canismes utilis\u00e9s pour calculer le nombre r\u00e9el par cette m\u00e9thode.  Voyons ensemble une explication simple.<\/p>\n<p>Nous sommes dans une partie \u00e0 six jeux, le compte courant est M-6 et trois jeux sont dans le plateau de d\u00e9fausse.  Cela signifie qu'il reste trois jeux, nous divisons donc le compte courant par 3 et notre vrai compte est M-2.  Oui, cela fonctionne \u00e9galement pour les jeux n\u00e9gatifs, exactement de la m\u00eame mani\u00e8re.  Vous avez compris ?  Essayez ce test pour voir si c'est le cas.<\/p>\n<p>Supposons qu'il s'agisse d'une partie \u00e0 six jeux. Je ne vais vous donner que les jeux qui se trouvent dans le plateau de d\u00e9fausse, alors faites le calcul pour d\u00e9terminer le nombre de jeux restants dans le sabot.<\/p>\n<div class=\"col-sm-6 col-center\">\n<table class=\"data-table text-center\">\n<tbody>\n<tr>\n<th><\/th>\n<th>Jeux jou\u00e9s<\/th>\n<th>Compte courant<\/th>\n<th>Compte r\u00e9el<\/th>\n<\/tr>\n<tr>\n<td><b>1.<\/b><\/td>\n<td>2<\/td>\n<td>4<\/td>\n<td>?<\/td>\n<\/tr>\n<tr>\n<td><b>2.<\/b><\/td>\n<td>4<\/td>\n<td>8<\/td>\n<td>?<\/td>\n<\/tr>\n<tr>\n<td><b>3.<\/b><\/td>\n<td>5<\/td>\n<td>5<\/td>\n<td>?<\/td>\n<\/tr>\n<tr>\n<td><b>4.<\/b><\/td>\n<td>1<\/td>\n<td>5<\/td>\n<td>?<\/td>\n<\/tr>\n<tr>\n<td><b>5.<\/b><\/td>\n<td>2.5<\/td>\n<td>7<\/td>\n<td>?<\/td>\n<\/tr>\n<tr>\n<td><b>6.<\/b><\/td>\n<td>2<\/td>\n<td>0<\/td>\n<td>?<\/td>\n<\/tr>\n<tr>\n<td><b>7.<\/b><\/td>\n<td>3.5<\/td>\n<td>M-5<\/td>\n<td>?<\/td>\n<\/tr>\n<tr>\n<td><b>8.<\/b><\/td>\n<td>1.5<\/td>\n<td>9<\/td>\n<td>?<\/td>\n<\/tr>\n<tr>\n<td><b>9.<\/b><\/td>\n<td>3<\/td>\n<td>M-3<\/td>\n<td>?<\/td>\n<\/tr>\n<tr>\n<td><b>10.<\/b><\/td>\n<td>4.5<\/td>\n<td>2<\/td>\n<td>?<\/td>\n<\/tr>\n<\/tbody>\n<\/table>\n<\/div>\n<p><b>Les r\u00e9ponses<\/b><\/p>\n<p><b>1.<\/b> Un (2 jeux jou\u00e9s, 4 jeux restants, 4 divis\u00e9 par 4 = 1)<\/p>\n<p><b>2.<\/b> Quatre (4 jeux jou\u00e9s, 2 jeux restants, 8 divis\u00e9 par 2 = 4)<\/p>\n<p><b>3.<\/b> Cinq (Tu te d\u00e9brouilles tout seul maintenant, petit.)<\/p>\n<p><b>4.<\/b> Un<\/p>\n<p><b>5.<\/b> Deux<\/p>\n<p><b>6.<\/b> Z\u00e9ro<\/p>\n<p><b>7.<\/b> M-deux<\/p>\n<p><b>8.<\/b> Deux<\/p>\n<p><b>9.<\/b>M-one<\/p>\n<p><b>10.<\/b> Un peu plus d'un (mais nous arrondissons toujours \u00e0 l'unit\u00e9 inf\u00e9rieure par souci de prudence, nous dirons donc \"un\").<\/p>\n<p><b>Je vois que certains yeux s'\u00e9carquillent, alors nous ferions mieux d'arr\u00eater pour cette semaine.<\/b>  Mais ne vous d\u00e9couragez pas, vous pouvez apprendre, il suffit de vous entra\u00eener.  En parlant d'entra\u00eenement, prenez votre devoir et entra\u00eenez-vous \u00e0 \"calibrer\" vos yeux.<\/p>\n<h3>Devoirs<\/h3>\n<p>L'estimation du nombre de jeux restant dans un plateau de d\u00e9fausse n'est en fait qu'un exercice de regard r\u00e9p\u00e9titif.  Si vous regardez un jeu de 52 cartes suffisamment longtemps, vous pouvez dire si 10 ou 12 cartes ont \u00e9t\u00e9 ajout\u00e9es.  C'est ainsi que nous calibrons nos yeux.  Commencez par un seul jeu de cartes et regardez-le pendant un certain temps.  Ensuite, mettez un autre jeu de cartes par-dessus et regardez-le pendant un moment.  Placez ensuite un troisi\u00e8me jeu par-dessus et regardez-le pendant un certain temps.  Enfin, retirez un jeu de cartes - ne comptez pas les cartes - estimez simplement la taille d'un jeu de cartes, retirez-le et comptez les cartes pour voir si vous \u00e9tiez proche du but.  Maintenant, remettez ce paquet sur le dessus et retirez deux paquets, comptez-les pour vous assurer de leur exactitude et remettez-les sur le dessus.  Maintenant, augmentez votre pile jusqu'\u00e0 cinq jeux et retirez un jeu et demi, puis trois jeux et ainsi de suite.  Vous serez \u00e9tonn\u00e9 de voir \u00e0 quelle vitesse vous commencez \u00e0 reconna\u00eetre le nombre de jeux que contient une pile.  Une variante int\u00e9ressante de cet exercice consiste \u00e0 demander \u00e0 un ami de constituer des piles de diff\u00e9rentes tailles (\u00e0 un demi-deck pr\u00e8s) pendant que vous n'\u00eates pas dans la pi\u00e8ce, puis de revenir et de r\u00e9citer la taille de chaque pile.<\/p>\n<p>Continuez \u00e0 travailler, car vous devez \u00eatre pr\u00e9cis dans ce domaine.  Votre argent en d\u00e9pendra.<\/p>\n<p>Nous vous donnons rendez-vous la semaine prochaine pour discuter de la mani\u00e8re de parier en utilisant le d\u00e9compte r\u00e9el.<\/p>","protected":false},"excerpt":{"rendered":"<p>A Sermon I do a little bit of preaching on the pages of The GameMaster Online every so often, primarily because I hate to think of people handing their money to casinos. I&#8217;m not saying I don&#8217;t lose, because I have my bad days as well, but what I am saying is that the casinos [&hellip;]<\/p>\n","protected":false},"author":2,"featured_media":0,"parent":634,"menu_order":0,"comment_status":"open","ping_status":"open","template":"page-blackjack-school.php","meta":{"_acf_changed":false,"footnotes":""},"tags":[],"class_list":["post-720","page","type-page","status-publish","hentry"],"acf":[],"yoast_head":"<!-- This site is optimized with the Yoast SEO plugin v26.6 - https:\/\/yoast.com\/wordpress\/plugins\/seo\/ -->\n<title>Blackjack School \u1408 Lesson 7 - Money Management - Part 1<\/title>\n<meta name=\"description\" content=\"Lesson 7 in the GameMaster&#039;s Free Blackjack School - Understanding the true count, and what it means for bet sizing.\" \/>\n<meta name=\"robots\" content=\"index, follow, max-snippet:-1, max-image-preview:large, max-video-preview:-1\" \/>\n<link rel=\"canonical\" href=\"https:\/\/www.blackjackinfo.com\/fr\/ecole-de-blackjack\/lecon-07-gestion-de-largent-partie-1\/\" \/>\n<meta property=\"og:locale\" content=\"fr_FR\" \/>\n<meta property=\"og:type\" content=\"article\" \/>\n<meta property=\"og:title\" content=\"Blackjack School \u1408 Lesson 7 - Money Management - Part 1\" \/>\n<meta property=\"og:description\" content=\"Lesson 7 in the GameMaster&#039;s Free Blackjack School - Understanding the true count, and what it means for bet sizing.\" \/>\n<meta property=\"og:url\" content=\"https:\/\/www.blackjackinfo.com\/fr\/ecole-de-blackjack\/lecon-07-gestion-de-largent-partie-1\/\" \/>\n<meta property=\"og:site_name\" content=\"BlackjackInfo.com\" \/>\n<meta property=\"article:modified_time\" content=\"2020-02-18T23:55:54+00:00\" \/>\n<meta name=\"twitter:label1\" content=\"Dur\u00e9e de lecture estim\u00e9e\" \/>\n\t<meta name=\"twitter:data1\" content=\"7 minutes\" \/>\n<script type=\"application\/ld+json\" class=\"yoast-schema-graph\">{\"@context\":\"https:\/\/schema.org\",\"@graph\":[{\"@type\":\"WebPage\",\"@id\":\"https:\/\/www.blackjackinfo.com\/blackjack-school\/lesson-07-money-management-part-1\/\",\"url\":\"https:\/\/www.blackjackinfo.com\/blackjack-school\/lesson-07-money-management-part-1\/\",\"name\":\"Blackjack School \u1408 Lesson 7 - Money Management - Part 1\",\"isPartOf\":{\"@id\":\"https:\/\/www.blackjackinfo.com\/#website\"},\"datePublished\":\"2014-10-20T01:00:00+00:00\",\"dateModified\":\"2020-02-18T23:55:54+00:00\",\"description\":\"Lesson 7 in the GameMaster's Free Blackjack School - Understanding the true count, and what it means for bet sizing.\",\"breadcrumb\":{\"@id\":\"https:\/\/www.blackjackinfo.com\/blackjack-school\/lesson-07-money-management-part-1\/#breadcrumb\"},\"inLanguage\":\"fr-FR\",\"potentialAction\":[{\"@type\":\"ReadAction\",\"target\":[\"https:\/\/www.blackjackinfo.com\/blackjack-school\/lesson-07-money-management-part-1\/\"]}]},{\"@type\":\"BreadcrumbList\",\"@id\":\"https:\/\/www.blackjackinfo.com\/blackjack-school\/lesson-07-money-management-part-1\/#breadcrumb\",\"itemListElement\":[{\"@type\":\"ListItem\",\"position\":1,\"name\":\"Home\",\"item\":\"https:\/\/www.blackjackinfo.com\/\"},{\"@type\":\"ListItem\",\"position\":2,\"name\":\"Blackjack School &#8211; A Free 24-Lesson Class on Card Counting\",\"item\":\"https:\/\/www.blackjackinfo.com\/blackjack-school\/\"},{\"@type\":\"ListItem\",\"position\":3,\"name\":\"Lesson 7 &#8211; Money Management &#8211; Part 1\"}]},{\"@type\":\"WebSite\",\"@id\":\"https:\/\/www.blackjackinfo.com\/#website\",\"url\":\"https:\/\/www.blackjackinfo.com\/\",\"name\":\"BlackjackInfo.com\",\"description\":\"Because Winning is More Fun!\",\"potentialAction\":[{\"@type\":\"SearchAction\",\"target\":{\"@type\":\"EntryPoint\",\"urlTemplate\":\"https:\/\/www.blackjackinfo.com\/?s={search_term_string}\"},\"query-input\":{\"@type\":\"PropertyValueSpecification\",\"valueRequired\":true,\"valueName\":\"search_term_string\"}}],\"inLanguage\":\"fr-FR\"}]}<\/script>\n<!-- \/ Yoast SEO plugin. -->","yoast_head_json":{"title":"Ecole de Blackjack \u1408 Le\u00e7on 7 - Gestion de l'argent - Partie 1","description":"Le\u00e7on 7 de l'\u00e9cole gratuite de blackjack du ma\u00eetre de jeu - Comprendre le d\u00e9compte r\u00e9el et ce qu'il signifie pour la taille des mises.","robots":{"index":"index","follow":"follow","max-snippet":"max-snippet:-1","max-image-preview":"max-image-preview:large","max-video-preview":"max-video-preview:-1"},"canonical":"https:\/\/www.blackjackinfo.com\/fr\/ecole-de-blackjack\/lecon-07-gestion-de-largent-partie-1\/","og_locale":"fr_FR","og_type":"article","og_title":"Blackjack School \u1408 Lesson 7 - Money Management - Part 1","og_description":"Lesson 7 in the GameMaster's Free Blackjack School - Understanding the true count, and what it means for bet sizing.","og_url":"https:\/\/www.blackjackinfo.com\/fr\/ecole-de-blackjack\/lecon-07-gestion-de-largent-partie-1\/","og_site_name":"BlackjackInfo.com","article_modified_time":"2020-02-18T23:55:54+00:00","twitter_misc":{"Dur\u00e9e de lecture estim\u00e9e":"7 minutes"},"schema":{"@context":"https:\/\/schema.org","@graph":[{"@type":"WebPage","@id":"https:\/\/www.blackjackinfo.com\/blackjack-school\/lesson-07-money-management-part-1\/","url":"https:\/\/www.blackjackinfo.com\/blackjack-school\/lesson-07-money-management-part-1\/","name":"Ecole de Blackjack \u1408 Le\u00e7on 7 - Gestion de l'argent - Partie 1","isPartOf":{"@id":"https:\/\/www.blackjackinfo.com\/#website"},"datePublished":"2014-10-20T01:00:00+00:00","dateModified":"2020-02-18T23:55:54+00:00","description":"Le\u00e7on 7 de l'\u00e9cole gratuite de blackjack du ma\u00eetre de jeu - Comprendre le d\u00e9compte r\u00e9el et ce qu'il signifie pour la taille des mises.","breadcrumb":{"@id":"https:\/\/www.blackjackinfo.com\/blackjack-school\/lesson-07-money-management-part-1\/#breadcrumb"},"inLanguage":"fr-FR","potentialAction":[{"@type":"ReadAction","target":["https:\/\/www.blackjackinfo.com\/blackjack-school\/lesson-07-money-management-part-1\/"]}]},{"@type":"BreadcrumbList","@id":"https:\/\/www.blackjackinfo.com\/blackjack-school\/lesson-07-money-management-part-1\/#breadcrumb","itemListElement":[{"@type":"ListItem","position":1,"name":"Home","item":"https:\/\/www.blackjackinfo.com\/"},{"@type":"ListItem","position":2,"name":"Blackjack School &#8211; A Free 24-Lesson Class on Card Counting","item":"https:\/\/www.blackjackinfo.com\/blackjack-school\/"},{"@type":"ListItem","position":3,"name":"Lesson 7 &#8211; Money Management &#8211; Part 1"}]},{"@type":"WebSite","@id":"https:\/\/www.blackjackinfo.com\/#website","url":"https:\/\/www.blackjackinfo.com\/","name":"BlackjackInfo.com","description":"Parce que gagner, c'est plus amusant !","potentialAction":[{"@type":"SearchAction","target":{"@type":"EntryPoint","urlTemplate":"https:\/\/www.blackjackinfo.com\/?s={search_term_string}"},"query-input":{"@type":"PropertyValueSpecification","valueRequired":true,"valueName":"search_term_string"}}],"inLanguage":"fr-FR"}]}},"_links":{"self":[{"href":"https:\/\/www.blackjackinfo.com\/fr\/wp-json\/wp\/v2\/pages\/720","targetHints":{"allow":["GET"]}}],"collection":[{"href":"https:\/\/www.blackjackinfo.com\/fr\/wp-json\/wp\/v2\/pages"}],"about":[{"href":"https:\/\/www.blackjackinfo.com\/fr\/wp-json\/wp\/v2\/types\/page"}],"author":[{"embeddable":true,"href":"https:\/\/www.blackjackinfo.com\/fr\/wp-json\/wp\/v2\/users\/2"}],"replies":[{"embeddable":true,"href":"https:\/\/www.blackjackinfo.com\/fr\/wp-json\/wp\/v2\/comments?post=720"}],"version-history":[{"count":10,"href":"https:\/\/www.blackjackinfo.com\/fr\/wp-json\/wp\/v2\/pages\/720\/revisions"}],"predecessor-version":[{"id":5457,"href":"https:\/\/www.blackjackinfo.com\/fr\/wp-json\/wp\/v2\/pages\/720\/revisions\/5457"}],"up":[{"embeddable":true,"href":"https:\/\/www.blackjackinfo.com\/fr\/wp-json\/wp\/v2\/pages\/634"}],"wp:attachment":[{"href":"https:\/\/www.blackjackinfo.com\/fr\/wp-json\/wp\/v2\/media?parent=720"}],"wp:term":[{"taxonomy":"post_tag","embeddable":true,"href":"https:\/\/www.blackjackinfo.com\/fr\/wp-json\/wp\/v2\/tags?post=720"}],"curies":[{"name":"wp","href":"https:\/\/api.w.org\/{rel}","templated":true}]}}