{"id":722,"date":"2014-10-19T20:05:26","date_gmt":"2014-10-20T01:05:26","guid":{"rendered":"http:\/\/test.blackjackinfo.com\/?page_id=722"},"modified":"2020-02-18T17:56:35","modified_gmt":"2020-02-18T23:56:35","slug":"lecon-08-gestion-de-largent-partie-2","status":"publish","type":"page","link":"https:\/\/www.blackjackinfo.com\/fr\/blackjack-school\/lesson-08-money-management-part-2\/","title":{"rendered":"Le\u00e7on 8 - Gestion de l'argent - Partie 2"},"content":{"rendered":"<h3>Quelques mots sur le pont unique<\/h3>\n<p><b>Dans la le\u00e7on pr\u00e9c\u00e9dente, je vous ai montr\u00e9 comment calculer le \"d\u00e9compte r\u00e9el\" pour un jeu \u00e0 plusieurs jeux, mais je tiens \u00e0 souligner que le concept de d\u00e9compte r\u00e9el s'applique \u00e9galement aux jeux \u00e0 un seul jeu.<\/b>  La conversion se fait un peu diff\u00e9remment, mais le r\u00e9sultat est le m\u00eame : vous obtenez un d\u00e9compte normalis\u00e9 pour chaque jeu restant.  Si vous ne voyez qu'une seule carte dans un jeu \u00e0 un seul paquet, un 5 par exemple, vous avez maintenant un \"compte courant\" de 1 et un compte r\u00e9el de 1.  Cela s'explique bien s\u00fbr par le fait qu'il n'y a qu'un seul jeu au d\u00e9part et que nous d\u00e9terminons le compte r\u00e9el en divisant le compte courant par le nombre de jeux restants.  Si, apr\u00e8s avoir jou\u00e9 plusieurs mains, le compte courant est de 6 et qu'il reste trois quarts de paquet \u00e0 jouer, nous devons diviser le compte courant par 0,75 afin de d\u00e9terminer le vrai compte.  Dans ce cas, le compte r\u00e9el est de 8. Si nous \u00e9tions \u00e0 la moiti\u00e9 du jeu, le compte r\u00e9el serait 6 divis\u00e9 par 0,50 = 12.  Vous comprenez ?  Dans un jeu \u00e0 un seul jeu, vous devez diviser par des fractions, et ce n'est pas facile \u00e0 faire, donc tous les compteurs \u00e0 un seul jeu doivent s'entra\u00eener afin de calculer correctement lorsque vous jouez.<br \/>\n<div class=\"row\" style=\"margin-bottom:20px\">\n    <div class=\"col-sm-12\">\n                <h2>Les meilleurs casinos en ligne des Etats-Unis <span\n                class=\"flag-icon flag-icon-us\"><\/span><\/h2>\n\n        \n                \n        <div class=\"ranking-table text-center\">\n            <div class=\"row flex ad-row\">\n                <div class=\"col-sm-3\">\n                    <div class=\"row flex\">\n\n                        <div class=\"col-sm-3\">\n                            <div class=\"ranking-number text-center\">\n\n                                1                                \n                            <\/div>\n                        <\/div>\n                        <div class=\"col-sm-9\">\n                            <img decoding=\"async\" src=\"https:\/\/www.blackjackinfo.com\/files\/bovada.png\" data-no-auto-translation=\"\">\n                        <\/div>\n                    <\/div>\n                <\/div>\n                <div class=\"col-sm-4\">\n                    <div class=\"bonus-text text-center\"><span class=\"red\">100% jusqu'\u00e0 $1 000<\/span><\/div>\n\t\t\t\t\t\n\n                <\/div>\n                <div class=\"col-sm-2\">\n                    <a class=\"btn btn-wire\" href=\"\/fr\/casino\/bovada\/\">R\u00e9vision<\/a>\n\n                <\/div>\n                <div class=\"col-sm-3\">\n                    <a rel=\"nofollow\" target=\"_blank\" class=\"btn btn-blue\" href=\"\/goto\/goto\/\">Jouer\n                        Maintenant<\/a>\n\t\t\t\t\t\t\n\n                <\/div>\n            <\/div>\n        <\/div>\n\n\n\n        \n                \n        <div class=\"ranking-table text-center\">\n            <div class=\"row flex ad-row\">\n                <div class=\"col-sm-3\">\n                    <div class=\"row flex\">\n\n                        <div class=\"col-sm-3\">\n                            <div class=\"ranking-number text-center\">\n\n                                2                                \n                            <\/div>\n                        <\/div>\n                        <div class=\"col-sm-9\">\n                            <img decoding=\"async\" src=\"https:\/\/www.blackjackinfo.com\/files\/ignition-casino-logo.png\" data-no-auto-translation=\"\">\n                        <\/div>\n                    <\/div>\n                <\/div>\n                <div class=\"col-sm-4\">\n                    <div class=\"bonus-text text-center\"><span class=\"red\">100% jusqu'\u00e0 $1 000<\/span><\/div>\n\t\t\t\t\t\n\n                <\/div>\n                <div class=\"col-sm-2\">\n                    <a class=\"btn btn-wire\" href=\"\/fr\/casino\/ignition-casino\/\">R\u00e9vision<\/a>\n\n                <\/div>\n                <div class=\"col-sm-3\">\n                    <a rel=\"nofollow\" target=\"_blank\" class=\"btn btn-blue\" href=\"\/goto\/goto\/\">Jouer\n                        Maintenant<\/a>\n\t\t\t\t\t\t\n\n                <\/div>\n            <\/div>\n        <\/div>\n\n\n\n        \n                \n        <div class=\"ranking-table text-center\">\n            <div class=\"row flex ad-row\">\n                <div class=\"col-sm-3\">\n                    <div class=\"row flex\">\n\n                        <div class=\"col-sm-3\">\n                            <div class=\"ranking-number text-center\">\n\n                                3                                \n                            <\/div>\n                        <\/div>\n                        <div class=\"col-sm-9\">\n                            <img decoding=\"async\" src=\"https:\/\/www.blackjackinfo.com\/files\/VipSlots-500x250_dark.svg\" data-no-auto-translation=\"\">\n                        <\/div>\n                    <\/div>\n                <\/div>\n                <div class=\"col-sm-4\">\n                    <div class=\"bonus-text text-center\"><span class=\"red\">100 SPINS GRATUITS sur Secret Life of Cats<\/span><\/div>\n\t\t\t\t\t\n\n                <\/div>\n                <div class=\"col-sm-2\">\n                    <a class=\"btn btn-wire\" href=\"\/fr\/casino\/vipslots-casino\/\">R\u00e9vision<\/a>\n\n                <\/div>\n                <div class=\"col-sm-3\">\n                    <a rel=\"nofollow\" target=\"_blank\" class=\"btn btn-blue\" href=\"\/goto\/goto\/\">Jouer\n                        Maintenant<\/a>\n\t\t\t\t\t\t\n\n                <\/div>\n            <\/div>\n        <\/div>\n\n\n\n        \n                \n        <div class=\"ranking-table text-center\">\n            <div class=\"row flex ad-row\">\n                <div class=\"col-sm-3\">\n                    <div class=\"row flex\">\n\n                        <div class=\"col-sm-3\">\n                            <div class=\"ranking-number text-center\">\n\n                                4                                \n                            <\/div>\n                        <\/div>\n                        <div class=\"col-sm-9\">\n                            <img decoding=\"async\" src=\"https:\/\/www.blackjackinfo.com\/files\/vegas_casino_online.png\" data-no-auto-translation=\"\">\n                        <\/div>\n                    <\/div>\n                <\/div>\n                <div class=\"col-sm-4\">\n                    <div class=\"bonus-text text-center\"><span class=\"red\">300% jusqu'\u00e0 $3,000<\/span><\/div>\n\t\t\t\t\t\n\n                <\/div>\n                <div class=\"col-sm-2\">\n                    <a class=\"btn btn-wire\" href=\"\/fr\/casino\/vegas-casino-online-2\/\">R\u00e9vision<\/a>\n\n                <\/div>\n                <div class=\"col-sm-3\">\n                    <a rel=\"nofollow\" target=\"_blank\" class=\"btn btn-blue\" href=\"\/goto\/goto\/\">Jouer\n                        Maintenant<\/a>\n\t\t\t\t\t\t\n\n                <\/div>\n            <\/div>\n        <\/div>\n\n\n\n        \n                \n        <div class=\"ranking-table text-center\">\n            <div class=\"row flex ad-row\">\n                <div class=\"col-sm-3\">\n                    <div class=\"row flex\">\n\n                        <div class=\"col-sm-3\">\n                            <div class=\"ranking-number text-center\">\n\n                                5                                \n                            <\/div>\n                        <\/div>\n                        <div class=\"col-sm-9\">\n                            <img decoding=\"async\" src=\"https:\/\/www.blackjackinfo.com\/files\/cafe-casino-logo.svg\" data-no-auto-translation=\"\">\n                        <\/div>\n                    <\/div>\n                <\/div>\n                <div class=\"col-sm-4\">\n                    <div class=\"bonus-text text-center\"><span class=\"red\">250% jusqu'\u00e0 $1,500<\/span><\/div>\n\t\t\t\t\t\n\n                <\/div>\n                <div class=\"col-sm-2\">\n                    <a class=\"btn btn-wire\" href=\"\/fr\/casino\/cafe-casino\/\">R\u00e9vision<\/a>\n\n                <\/div>\n                <div class=\"col-sm-3\">\n                    <a rel=\"nofollow\" target=\"_blank\" class=\"btn btn-blue\" href=\"\/goto\/goto\/\">Jouer\n                        Maintenant<\/a>\n\t\t\t\t\t\t\n\n                <\/div>\n            <\/div>\n        <\/div>\n\n\n\n            <\/div>\n<\/div><\/p>\n<h3>Parier avec le vrai compte<\/h3>\n<p><b>Pour chaque augmentation de 1 dans le compte r\u00e9el tel que calcul\u00e9 par la m\u00e9thode de comptage Hi \/ Lo, l'avantage du joueur augmente d'environ .5% dans le jeu de Blackjack moyen. <\/b> Si le casino dispose d'un avantage de 0,40% sur le joueur qui applique une strat\u00e9gie de base (6 jeux, double sur les deux premi\u00e8res cartes, double apr\u00e8s avoir divis\u00e9 les paires, le croupier s'arr\u00eate sur A-6), il faut un compte r\u00e9el d'environ 1 pour \u00eatre \"\u00e0 \u00e9galit\u00e9\" avec la maison.  \u00catre \u00e0 \u00e9galit\u00e9 signifie que le joueur qui utilise une strat\u00e9gie de base appropri\u00e9e gagnera autant qu'il perdra - \u00e0 long terme - avec un compte r\u00e9el de 1.  Un compte r\u00e9el de 2 donne au joueur un avantage de .5% sur la maison ; un compte r\u00e9el de 3 donne au joueur un avantage de 1% et ainsi de suite.<\/p>\n<p><b>C'est l'avantage qu'un joueur a sur la main \u00e0 venir qui d\u00e9termine sa mise.<\/b>  Les compteurs ne misent qu'une petite partie de leur capital sur une main donn\u00e9e, car m\u00eame s'ils gagnent \u00e0 long terme, ils peuvent perdre n'importe quelle main.  En misant un montant proportionnel \u00e0 leur avantage (appel\u00e9 \"crit\u00e8re de Kelly\"), ils maximisent leur potentiel tout en minimisant le risque.  Beaucoup de gens interpr\u00e8tent mal le crit\u00e8re Kelly en supposant que le montant mis\u00e9 est directement proportionnel \u00e0 l'avantage.  Ils pensent que si vous avez un avantage de 1%, vous devriez miser 1% de votre \"bankroll\", ce qui est faux.  Ce qu'ils oublient, c'est le doublement et le partage des paires qui se produisent au cours d'une partie et qui augmentent le risque ou la \"variance\" d'une main.  Pour un jeu avec des r\u00e8gles comme celles \u00e9num\u00e9r\u00e9es ci-dessus, la mise optimale est de 76% de l'avantage du joueur.  Voici un tableau des mises optimales qui conviendra \u00e0 la plupart des jeux \u00e0 plusieurs \u00e9tages :<\/p>\n<div class=\"col-sm-6 col-center\">\n<table class=\"data-table text-center\">\n<tbody>\n<tr>\n<td><b>Compte r\u00e9el<\/b><\/td>\n<td><b>Avantage<\/b><\/td>\n<td><b>% Mise optimale<\/b><\/td>\n<\/tr>\n<tr>\n<td>-1 ou moins<\/td>\n<td>-1,00% ou plus<\/td>\n<td>0%<\/td>\n<\/tr>\n<tr>\n<td>0<\/td>\n<td>-0.50%<\/td>\n<td>0%<\/td>\n<\/tr>\n<tr>\n<td>1<\/td>\n<td>0%<\/td>\n<td>0%<\/td>\n<\/tr>\n<tr>\n<td>2<\/td>\n<td>0,5%x76%<\/td>\n<td>.38%<\/td>\n<\/tr>\n<tr>\n<td>3<\/td>\n<td>1.0%x76%<\/td>\n<td>.76%<\/td>\n<\/tr>\n<tr>\n<td>4<\/td>\n<td>1.5%x76%<\/td>\n<td>1.14%<\/td>\n<\/tr>\n<tr>\n<td>5<\/td>\n<td>2.0%x76%<\/td>\n<td>1.52%<\/td>\n<\/tr>\n<tr>\n<td>6<\/td>\n<td>2.5%x76%<\/td>\n<td>1.90%<\/td>\n<\/tr>\n<tr>\n<td>7<\/td>\n<td>3.0%x76%<\/td>\n<td>2.28%<\/td>\n<\/tr>\n<\/tbody>\n<\/table>\n<\/div>\n<p>En utilisant ce tableau, vous pouvez d\u00e9terminer la mise optimale pour n'importe quel bankroll ; il suffit de multiplier le chiffre de la derni\u00e8re colonne par le montant du bankroll.  Ainsi, pour un bankroll de $3000, la mise optimale pour un vrai compte de 2 est 0,0038 X $3000 = $11,40.<\/p>\n<h3>Quelques consid\u00e9rations pratiques<\/h3>\n<p><b>Tout d'abord, il n'est pas pratique de parier en unit\u00e9s inf\u00e9rieures \u00e0 $1, de sorte qu'un programme de paris doit \u00eatre arrondi.  Deuxi\u00e8mement, il est plus appropri\u00e9 de parier en unit\u00e9s de $5 afin de ressembler \u00e0 un joueur moyen et de r\u00e9duire les calculs \u00e0 effectuer.<\/b>  De plus, il est impossible de recalculer votre mise optimale lorsque vous \u00eates assis \u00e0 la table, alors qu'elle devrait \u00eatre recalcul\u00e9e au fur et \u00e0 mesure que votre bankroll augmente ou diminue.  Enfin, il n'est tout simplement pas possible de ne jouer qu'avec des chaussures dont le nombre r\u00e9el est de 2 ou plus ; vous devrez parfois faire des paris lorsque la maison a un avantage.  Tous ces arrondis et jeux de cartes n\u00e9gatifs r\u00e9duisent votre taux de r\u00e9ussite, mais en connaissant les conditions qui peuvent vous co\u00fbter de l'argent, vous pouvez prendre des mesures pour minimiser leur impact sur vos gains.<\/p>\n<h3>La marge de fluctuation des paris<\/h3>\n<p><b>Un jeu \u00e0 un seul paquet avec des r\u00e8gles d\u00e9centes dans lequel trente-six cartes ou plus sont utilis\u00e9es avant un m\u00e9lange peut \u00eatre battu par un \u00e9cart de 1 \u00e0 4.<\/b>  Un jeu \u00e0 deux paquets dans lequel soixante-dix cartes ou plus sont utilis\u00e9es avant le m\u00e9lange peut g\u00e9n\u00e9ralement \u00eatre battu par un \u00e9cart de 1 \u00e0 6.  Un jeu \u00e0 quatre paquets ou plus n\u00e9cessitera un \u00e9cart de 1 \u00e0 12 pour obtenir un avantage.  Nous discuterons de l'\u00e9valuation des jeux dans une le\u00e7on ult\u00e9rieure, mais je voulais poser les bases de votre gestion de l'argent en vous donnant une id\u00e9e de ce qu'il faut pour jouer un Blackjack gagnant.  L'\u00e9cart est exprim\u00e9 en unit\u00e9s de mise, donc si vous jouez avec des jetons de $5, vous aurez un \u00e9cart de $5 \u00e0 $60 dans une partie \u00e0 six jeux.  \u00c9tant donn\u00e9 qu'un compteur doit disposer d'un bankroll compos\u00e9 d'un minimum de 50 top bets, un tel \u00e9cart n\u00e9cessitera un bankroll de $3000.<\/p>\n<p>Avec un bankroll de $3000, un programme de paris pourrait ressembler \u00e0 ceci :<\/p>\n<div class=\"col-sm-6 col-center\">\n<table class=\"data-table text-center\">\n<tbody>\n<tr>\n<td><b>Compte r\u00e9el <\/b><\/td>\n<td><b>Mise du joueur<\/b><\/td>\n<td><b>Pari optimal<\/b><\/td>\n<\/tr>\n<tr>\n<td>0 ou moins<\/td>\n<td>$5<\/td>\n<td>$0<\/td>\n<\/tr>\n<tr>\n<td>1<\/td>\n<td>$5<\/td>\n<td>$0<\/td>\n<\/tr>\n<tr>\n<td>2<\/td>\n<td>$10<\/td>\n<td>$11.20<\/td>\n<\/tr>\n<tr>\n<td>3<\/td>\n<td>$20<\/td>\n<td>$22.80<\/td>\n<\/tr>\n<tr>\n<td>4<\/td>\n<td>$40<\/td>\n<td>$34.20<\/td>\n<\/tr>\n<tr>\n<td>5<\/td>\n<td>$50<\/td>\n<td>$45.60<\/td>\n<\/tr>\n<tr>\n<td>6<\/td>\n<td>$60<\/td>\n<td>$57.00<\/td>\n<\/tr>\n<\/tbody>\n<\/table>\n<\/div>\n<p>Un tel calendrier de paris vous permet de \"parier\" au fur et \u00e0 mesure que le compte augmente, ce qui vous donne l'impression d'\u00eatre un \"joueur\".<\/p>\n<p><b>VOUS \u00c9CONOMISEREZ BEAUCOUP D'ARGENT ET TROUVEREZ DES SITUATIONS PLUS RENTABLES SI VOUS QUITTEZ UNE TABLE LORSQUE LE COMPTE EST DESCENDU \u00c0 UN VRAI - 1.  MAIS NE QUITTEZ LA TABLE QU'APR\u00c8S AVOIR PERDU UNE MAIN ; AUCUN JOUEUR NE QUITTERAIT UNE TABLE APR\u00c8S AVOIR GAGN\u00c9.<br \/>\n<\/b><\/p>\n<p>Alors, je vous ai fait tourner la t\u00eate ?  Si c'est le cas, accrochez-vous, car je vais vous pr\u00e9senter tout cela sous une forme agr\u00e9able et facile \u00e0 comprendre dans les semaines \u00e0 venir.  Comme d'habitude, faites vos devoirs, et vous partirez d'ici.<\/p>\n<h3>Devoirs<\/h3>\n<p>Aucune.  Que pensez-vous de cette pause ?<\/p>","protected":false},"excerpt":{"rendered":"<p>A Few Words on Single Deck In the previous lesson, I taught you how to figure the &#8220;true count&#8221; for a multi-deck game, but I want to emphasize that the concept of true count also applies to single-deck games as well. The conversion is done a bit differently, but the result is the same; you [&hellip;]<\/p>\n","protected":false},"author":2,"featured_media":0,"parent":634,"menu_order":0,"comment_status":"open","ping_status":"open","template":"page-blackjack-school.php","meta":{"_acf_changed":false,"footnotes":""},"tags":[],"class_list":["post-722","page","type-page","status-publish","hentry"],"acf":[],"yoast_head":"<!-- This site is optimized with the Yoast SEO plugin v26.6 - https:\/\/yoast.com\/wordpress\/plugins\/seo\/ -->\n<title>Blackjack School \u1408 Lesson 8 - Money Management - Part 2<\/title>\n<meta name=\"description\" content=\"Lesson 8 in the GameMaster&#039;s Free Blackjack School - Betting with the true count.\" \/>\n<meta name=\"robots\" content=\"index, follow, max-snippet:-1, max-image-preview:large, max-video-preview:-1\" \/>\n<link rel=\"canonical\" href=\"https:\/\/www.blackjackinfo.com\/fr\/ecole-de-blackjack\/lecon-08-gestion-de-largent-partie-2\/\" \/>\n<meta property=\"og:locale\" content=\"fr_FR\" \/>\n<meta property=\"og:type\" content=\"article\" \/>\n<meta property=\"og:title\" content=\"Blackjack School \u1408 Lesson 8 - Money Management - Part 2\" \/>\n<meta property=\"og:description\" content=\"Lesson 8 in the GameMaster&#039;s Free Blackjack School - Betting with the true count.\" \/>\n<meta property=\"og:url\" content=\"https:\/\/www.blackjackinfo.com\/fr\/ecole-de-blackjack\/lecon-08-gestion-de-largent-partie-2\/\" \/>\n<meta property=\"og:site_name\" content=\"BlackjackInfo.com\" \/>\n<meta property=\"article:modified_time\" content=\"2020-02-18T23:56:35+00:00\" \/>\n<meta name=\"twitter:label1\" content=\"Dur\u00e9e de lecture estim\u00e9e\" \/>\n\t<meta name=\"twitter:data1\" content=\"5 minutes\" \/>\n<script type=\"application\/ld+json\" class=\"yoast-schema-graph\">{\"@context\":\"https:\/\/schema.org\",\"@graph\":[{\"@type\":\"WebPage\",\"@id\":\"https:\/\/www.blackjackinfo.com\/blackjack-school\/lesson-08-money-management-part-2\/\",\"url\":\"https:\/\/www.blackjackinfo.com\/blackjack-school\/lesson-08-money-management-part-2\/\",\"name\":\"Blackjack School \u1408 Lesson 8 - Money Management - Part 2\",\"isPartOf\":{\"@id\":\"https:\/\/www.blackjackinfo.com\/#website\"},\"datePublished\":\"2014-10-20T01:05:26+00:00\",\"dateModified\":\"2020-02-18T23:56:35+00:00\",\"description\":\"Lesson 8 in the GameMaster's Free Blackjack School - Betting with the true count.\",\"breadcrumb\":{\"@id\":\"https:\/\/www.blackjackinfo.com\/blackjack-school\/lesson-08-money-management-part-2\/#breadcrumb\"},\"inLanguage\":\"fr-FR\",\"potentialAction\":[{\"@type\":\"ReadAction\",\"target\":[\"https:\/\/www.blackjackinfo.com\/blackjack-school\/lesson-08-money-management-part-2\/\"]}]},{\"@type\":\"BreadcrumbList\",\"@id\":\"https:\/\/www.blackjackinfo.com\/blackjack-school\/lesson-08-money-management-part-2\/#breadcrumb\",\"itemListElement\":[{\"@type\":\"ListItem\",\"position\":1,\"name\":\"Home\",\"item\":\"https:\/\/www.blackjackinfo.com\/\"},{\"@type\":\"ListItem\",\"position\":2,\"name\":\"Blackjack School &#8211; A Free 24-Lesson Class on Card Counting\",\"item\":\"https:\/\/www.blackjackinfo.com\/blackjack-school\/\"},{\"@type\":\"ListItem\",\"position\":3,\"name\":\"Lesson 8 &#8211; Money Management &#8211; Part 2\"}]},{\"@type\":\"WebSite\",\"@id\":\"https:\/\/www.blackjackinfo.com\/#website\",\"url\":\"https:\/\/www.blackjackinfo.com\/\",\"name\":\"BlackjackInfo.com\",\"description\":\"Because Winning is More Fun!\",\"potentialAction\":[{\"@type\":\"SearchAction\",\"target\":{\"@type\":\"EntryPoint\",\"urlTemplate\":\"https:\/\/www.blackjackinfo.com\/?s={search_term_string}\"},\"query-input\":{\"@type\":\"PropertyValueSpecification\",\"valueRequired\":true,\"valueName\":\"search_term_string\"}}],\"inLanguage\":\"fr-FR\"}]}<\/script>\n<!-- \/ Yoast SEO plugin. -->","yoast_head_json":{"title":"Ecole de Blackjack \u1408 Le\u00e7on 8 - Gestion de l'argent - Partie 2","description":"Le\u00e7on 8 de l'\u00e9cole gratuite de blackjack du ma\u00eetre de jeu - Miser avec le vrai compte.","robots":{"index":"index","follow":"follow","max-snippet":"max-snippet:-1","max-image-preview":"max-image-preview:large","max-video-preview":"max-video-preview:-1"},"canonical":"https:\/\/www.blackjackinfo.com\/fr\/ecole-de-blackjack\/lecon-08-gestion-de-largent-partie-2\/","og_locale":"fr_FR","og_type":"article","og_title":"Blackjack School \u1408 Lesson 8 - Money Management - Part 2","og_description":"Lesson 8 in the GameMaster's Free Blackjack School - Betting with the true count.","og_url":"https:\/\/www.blackjackinfo.com\/fr\/ecole-de-blackjack\/lecon-08-gestion-de-largent-partie-2\/","og_site_name":"BlackjackInfo.com","article_modified_time":"2020-02-18T23:56:35+00:00","twitter_misc":{"Dur\u00e9e de lecture estim\u00e9e":"5 minutes"},"schema":{"@context":"https:\/\/schema.org","@graph":[{"@type":"WebPage","@id":"https:\/\/www.blackjackinfo.com\/blackjack-school\/lesson-08-money-management-part-2\/","url":"https:\/\/www.blackjackinfo.com\/blackjack-school\/lesson-08-money-management-part-2\/","name":"Ecole de Blackjack \u1408 Le\u00e7on 8 - Gestion de l'argent - Partie 2","isPartOf":{"@id":"https:\/\/www.blackjackinfo.com\/#website"},"datePublished":"2014-10-20T01:05:26+00:00","dateModified":"2020-02-18T23:56:35+00:00","description":"Le\u00e7on 8 de l'\u00e9cole gratuite de blackjack du ma\u00eetre de jeu - Miser avec le vrai compte.","breadcrumb":{"@id":"https:\/\/www.blackjackinfo.com\/blackjack-school\/lesson-08-money-management-part-2\/#breadcrumb"},"inLanguage":"fr-FR","potentialAction":[{"@type":"ReadAction","target":["https:\/\/www.blackjackinfo.com\/blackjack-school\/lesson-08-money-management-part-2\/"]}]},{"@type":"BreadcrumbList","@id":"https:\/\/www.blackjackinfo.com\/blackjack-school\/lesson-08-money-management-part-2\/#breadcrumb","itemListElement":[{"@type":"ListItem","position":1,"name":"Home","item":"https:\/\/www.blackjackinfo.com\/"},{"@type":"ListItem","position":2,"name":"Blackjack School &#8211; A Free 24-Lesson Class on Card Counting","item":"https:\/\/www.blackjackinfo.com\/blackjack-school\/"},{"@type":"ListItem","position":3,"name":"Lesson 8 &#8211; Money Management &#8211; Part 2"}]},{"@type":"WebSite","@id":"https:\/\/www.blackjackinfo.com\/#website","url":"https:\/\/www.blackjackinfo.com\/","name":"BlackjackInfo.com","description":"Parce que gagner, c'est plus amusant !","potentialAction":[{"@type":"SearchAction","target":{"@type":"EntryPoint","urlTemplate":"https:\/\/www.blackjackinfo.com\/?s={search_term_string}"},"query-input":{"@type":"PropertyValueSpecification","valueRequired":true,"valueName":"search_term_string"}}],"inLanguage":"fr-FR"}]}},"_links":{"self":[{"href":"https:\/\/www.blackjackinfo.com\/fr\/wp-json\/wp\/v2\/pages\/722","targetHints":{"allow":["GET"]}}],"collection":[{"href":"https:\/\/www.blackjackinfo.com\/fr\/wp-json\/wp\/v2\/pages"}],"about":[{"href":"https:\/\/www.blackjackinfo.com\/fr\/wp-json\/wp\/v2\/types\/page"}],"author":[{"embeddable":true,"href":"https:\/\/www.blackjackinfo.com\/fr\/wp-json\/wp\/v2\/users\/2"}],"replies":[{"embeddable":true,"href":"https:\/\/www.blackjackinfo.com\/fr\/wp-json\/wp\/v2\/comments?post=722"}],"version-history":[{"count":5,"href":"https:\/\/www.blackjackinfo.com\/fr\/wp-json\/wp\/v2\/pages\/722\/revisions"}],"predecessor-version":[{"id":5458,"href":"https:\/\/www.blackjackinfo.com\/fr\/wp-json\/wp\/v2\/pages\/722\/revisions\/5458"}],"up":[{"embeddable":true,"href":"https:\/\/www.blackjackinfo.com\/fr\/wp-json\/wp\/v2\/pages\/634"}],"wp:attachment":[{"href":"https:\/\/www.blackjackinfo.com\/fr\/wp-json\/wp\/v2\/media?parent=722"}],"wp:term":[{"taxonomy":"post_tag","embeddable":true,"href":"https:\/\/www.blackjackinfo.com\/fr\/wp-json\/wp\/v2\/tags?post=722"}],"curies":[{"name":"wp","href":"https:\/\/api.w.org\/{rel}","templated":true}]}}