{"id":724,"date":"2014-10-19T20:18:29","date_gmt":"2014-10-20T01:18:29","guid":{"rendered":"http:\/\/test.blackjackinfo.com\/?page_id=724"},"modified":"2020-02-18T17:56:51","modified_gmt":"2020-02-18T23:56:51","slug":"lecon-09-gestion-de-largent-partie-3","status":"publish","type":"page","link":"https:\/\/www.blackjackinfo.com\/fr\/blackjack-school\/lesson-09-money-management-part-3\/","title":{"rendered":"Le\u00e7on 9 - Gestion de l'argent - Partie 3"},"content":{"rendered":"<h3>Esp\u00e9rance et \u00e9cart-type<\/h3>\n<p class=\"intro\">\nSi vous jouez 100 fois \u00e0 pile ou face, votre<b> attente<\/b> est de recevoir 50 fois pile et 50 fois face.      Mais la r\u00e9alit\u00e9 peut \u00eatre diff\u00e9rente ; la mesure de cette r\u00e9alit\u00e9 est appel\u00e9e \"\u00e9cart-type\".<\/p>\n<p><b>L'\u00e9cart-type est un terme math\u00e9matique utilis\u00e9 pour pr\u00e9dire le r\u00e9sultat d'une situation.<\/b>  Dans notre exercice de pile ou face, nous nous attendons \u00e0 ce qu'il y ait 50 fois pile et 50 fois face, mais les deux tiers du temps, le r\u00e9sultat r\u00e9el se situera quelque part entre 45 et 55 dans les deux sens.  En d'autres termes, un r\u00e9sultat de 55 face et 45 pile, ou quelque chose entre les deux, n'est pas inhabituel ; il se produira 68,3% fois.  Cette mesure correspond \u00e0 un \u00e9cart type par rapport \u00e0 l'attente et si nous devions effectuer des centaines d'\"essais\" de 100 lancers, nous pourrions tracer nos r\u00e9sultats sur une courbe en cloche et la grande majorit\u00e9 des r\u00e9sultats se situeraient entre 55 et 45 dans les deux sens.  Ce qui serait inhabituel, ce serait d'avoir un grand nombre d'essais o\u00f9 le r\u00e9sultat serait en fait 50-50 !  Vous avez cette id\u00e9e en t\u00eate ? C'est une bonne chose.  Vous devrez le comprendre pour survivre \u00e0 l'agitation mentale caus\u00e9e par les pertes qui sont in\u00e9vitables dans ce jeu.<\/p>\n<p><b>Rien n'a plus incit\u00e9 les compteurs \u00e0 abandonner le Blackjack qu'un manque de compr\u00e9hension de l'\u00e9cart-type normal et quotidien.<\/b>  Les compteurs qui se sont entra\u00een\u00e9s dur s'attendent de mani\u00e8re irr\u00e9aliste \u00e0 gagner \u00e0 chaque fois qu'ils jouent, de sorte que lorsqu'ils perdent plusieurs fois, ils oublient ce qu'ils ont appris.  L'instant d'apr\u00e8s, ils misent trop sur leur bankroll et ne jouent pas leurs mains correctement, et lorsqu'ils se r\u00e9veillent, leur argent s'est envol\u00e9.<br \/>\n<div class=\"row\" style=\"margin-bottom:20px\">\n    <div class=\"col-sm-12\">\n                <h2>Les meilleurs casinos en ligne des Etats-Unis <span\n                class=\"flag-icon flag-icon-us\"><\/span><\/h2>\n\n        \n                \n        <div class=\"ranking-table text-center\">\n            <div class=\"row flex ad-row\">\n                <div class=\"col-sm-3\">\n                    <div class=\"row flex\">\n\n                        <div class=\"col-sm-3\">\n                            <div class=\"ranking-number text-center\">\n\n                                1                                \n                            <\/div>\n                        <\/div>\n                        <div class=\"col-sm-9\">\n                            <img decoding=\"async\" src=\"https:\/\/www.blackjackinfo.com\/files\/bovada.png\" data-no-auto-translation=\"\">\n                        <\/div>\n                    <\/div>\n                <\/div>\n                <div class=\"col-sm-4\">\n                    <div class=\"bonus-text text-center\"><span class=\"red\">100% jusqu'\u00e0 $1 000<\/span><\/div>\n\t\t\t\t\t\n\n                <\/div>\n                <div class=\"col-sm-2\">\n                    <a class=\"btn btn-wire\" href=\"\/fr\/casino\/bovada\/\">R\u00e9vision<\/a>\n\n                <\/div>\n                <div class=\"col-sm-3\">\n                    <a rel=\"nofollow\" target=\"_blank\" class=\"btn btn-blue\" href=\"\/goto\/goto\/\">Jouer\n                        Maintenant<\/a>\n\t\t\t\t\t\t\n\n                <\/div>\n            <\/div>\n        <\/div>\n\n\n\n        \n                \n        <div class=\"ranking-table text-center\">\n            <div class=\"row flex ad-row\">\n                <div class=\"col-sm-3\">\n                    <div class=\"row flex\">\n\n                        <div class=\"col-sm-3\">\n                            <div class=\"ranking-number text-center\">\n\n                                2                                \n                            <\/div>\n                        <\/div>\n                        <div class=\"col-sm-9\">\n                            <img decoding=\"async\" src=\"https:\/\/www.blackjackinfo.com\/files\/ignition-casino-logo.png\" data-no-auto-translation=\"\">\n                        <\/div>\n                    <\/div>\n                <\/div>\n                <div class=\"col-sm-4\">\n                    <div class=\"bonus-text text-center\"><span class=\"red\">100% jusqu'\u00e0 $1 000<\/span><\/div>\n\t\t\t\t\t\n\n                <\/div>\n                <div class=\"col-sm-2\">\n                    <a class=\"btn btn-wire\" href=\"\/fr\/casino\/ignition-casino\/\">R\u00e9vision<\/a>\n\n                <\/div>\n                <div class=\"col-sm-3\">\n                    <a rel=\"nofollow\" target=\"_blank\" class=\"btn btn-blue\" href=\"\/goto\/goto\/\">Jouer\n                        Maintenant<\/a>\n\t\t\t\t\t\t\n\n                <\/div>\n            <\/div>\n        <\/div>\n\n\n\n        \n                \n        <div class=\"ranking-table text-center\">\n            <div class=\"row flex ad-row\">\n                <div class=\"col-sm-3\">\n                    <div class=\"row flex\">\n\n                        <div class=\"col-sm-3\">\n                            <div class=\"ranking-number text-center\">\n\n                                3                                \n                            <\/div>\n                        <\/div>\n                        <div class=\"col-sm-9\">\n                            <img decoding=\"async\" src=\"https:\/\/www.blackjackinfo.com\/files\/VipSlots-500x250_dark.svg\" data-no-auto-translation=\"\">\n                        <\/div>\n                    <\/div>\n                <\/div>\n                <div class=\"col-sm-4\">\n                    <div class=\"bonus-text text-center\"><span class=\"red\">100 SPINS GRATUITS sur Secret Life of Cats<\/span><\/div>\n\t\t\t\t\t\n\n                <\/div>\n                <div class=\"col-sm-2\">\n                    <a class=\"btn btn-wire\" href=\"\/fr\/casino\/vipslots-casino\/\">R\u00e9vision<\/a>\n\n                <\/div>\n                <div class=\"col-sm-3\">\n                    <a rel=\"nofollow\" target=\"_blank\" class=\"btn btn-blue\" href=\"\/goto\/goto\/\">Jouer\n                        Maintenant<\/a>\n\t\t\t\t\t\t\n\n                <\/div>\n            <\/div>\n        <\/div>\n\n\n\n        \n                \n        <div class=\"ranking-table text-center\">\n            <div class=\"row flex ad-row\">\n                <div class=\"col-sm-3\">\n                    <div class=\"row flex\">\n\n                        <div class=\"col-sm-3\">\n                            <div class=\"ranking-number text-center\">\n\n                                4                                \n                            <\/div>\n                        <\/div>\n                        <div class=\"col-sm-9\">\n                            <img decoding=\"async\" src=\"https:\/\/www.blackjackinfo.com\/files\/vegas_casino_online.png\" data-no-auto-translation=\"\">\n                        <\/div>\n                    <\/div>\n                <\/div>\n                <div class=\"col-sm-4\">\n                    <div class=\"bonus-text text-center\"><span class=\"red\">300% jusqu'\u00e0 $3,000<\/span><\/div>\n\t\t\t\t\t\n\n                <\/div>\n                <div class=\"col-sm-2\">\n                    <a class=\"btn btn-wire\" href=\"\/fr\/casino\/vegas-casino-online-2\/\">R\u00e9vision<\/a>\n\n                <\/div>\n                <div class=\"col-sm-3\">\n                    <a rel=\"nofollow\" target=\"_blank\" class=\"btn btn-blue\" href=\"\/goto\/goto\/\">Jouer\n                        Maintenant<\/a>\n\t\t\t\t\t\t\n\n                <\/div>\n            <\/div>\n        <\/div>\n\n\n\n        \n                \n        <div class=\"ranking-table text-center\">\n            <div class=\"row flex ad-row\">\n                <div class=\"col-sm-3\">\n                    <div class=\"row flex\">\n\n                        <div class=\"col-sm-3\">\n                            <div class=\"ranking-number text-center\">\n\n                                5                                \n                            <\/div>\n                        <\/div>\n                        <div class=\"col-sm-9\">\n                            <img decoding=\"async\" src=\"https:\/\/www.blackjackinfo.com\/files\/cafe-casino-logo.svg\" data-no-auto-translation=\"\">\n                        <\/div>\n                    <\/div>\n                <\/div>\n                <div class=\"col-sm-4\">\n                    <div class=\"bonus-text text-center\"><span class=\"red\">250% jusqu'\u00e0 $1,500<\/span><\/div>\n\t\t\t\t\t\n\n                <\/div>\n                <div class=\"col-sm-2\">\n                    <a class=\"btn btn-wire\" href=\"\/fr\/casino\/cafe-casino\/\">R\u00e9vision<\/a>\n\n                <\/div>\n                <div class=\"col-sm-3\">\n                    <a rel=\"nofollow\" target=\"_blank\" class=\"btn btn-blue\" href=\"\/goto\/goto\/\">Jouer\n                        Maintenant<\/a>\n\t\t\t\t\t\t\n\n                <\/div>\n            <\/div>\n        <\/div>\n\n\n\n            <\/div>\n<\/div><\/p>\n<h3>LA PATIENCE ET L'HABILET\u00c9 GAGNENT - LES INTUITIONS ET LES SOUHAITS NE GAGNENT PAS.  LA PRI\u00c8RE NE FONCTIONNE PAS AU BLACKJACK.<\/h3>\n<p><b>Alors, \u00e0 quoi peut-on s'attendre - quel est le pire qui puisse arriver ? <\/b> Vous pouvez perdre tout votre argent, mais si vous \u00e9tablissez un bankroll d'au moins 50 paris \"sup\u00e9rieurs\", que vous jouez une strat\u00e9gie de base correcte \u00e0 tout moment et que vous ne pariez pas trop, vous avez de bonnes chances de faire $$$ au Blackjack - si le jeu de votre casino local est un jeu qui peut \u00eatre battu.  Ai-je jamais dit que c'\u00e9tait facile ?<\/p>\n<p><b>Le tableau ci-dessous illustre les r\u00e9sultats possibles de diff\u00e9rentes heures de jeu pour une partie assez typique.<\/b>  Les r\u00e9sultats possibles en dollars, mesur\u00e9s par 1 \u00e9cart-type (68,31 TTP3T dans le temps) et 2 \u00e9carts-types qui couvrent ce qui se passera 951 TTP3T dans le temps, sont indiqu\u00e9s avec l'esp\u00e9rance.  Trois \u00e9carts types couvrent ce qui se produira 99,71 fois sur trois.<\/p>\n<hr>\n<p class=\"text-center\">\n<b>Victoire attendue \/ \u00c9cart-type<\/b><br \/>\nHypoth\u00e8ses : $12 mise moyenne, 50 mains par heure,<br \/>\n1.25% avantage moyen.<\/p>\n<div class=\"col-sm-6 col-center\">\n<table class=\"data-table text-center\">\n<tbody>\n<tr>\n<th><\/th>\n<th><\/th>\n<th colspan=\"2\" align=\"center\">R\u00e9sultats<\/th>\n<\/tr>\n<tr>\n<th>L'heure<\/th>\n<th>Victoire attendue<\/th>\n<th>68,3% du temps<\/th>\n<th>95% de l'\u00e9poque<\/th>\n<\/tr>\n<tr>\n<td>3 heures<\/td>\n<td>$22.50<\/td>\n<td>+$191 \u00e0 -$147<\/td>\n<td>+$360 \u00e0 -$316<\/td>\n<\/tr>\n<tr>\n<td>12 heures<\/td>\n<td>$90.00<\/td>\n<td>+$428 \u00e0 -$248<\/td>\n<td>+$766 \u00e0 -$586<\/td>\n<\/tr>\n<tr>\n<td>48 heures<\/td>\n<td>$360.00<\/td>\n<td>+$1,036 \u00e0 -$316<\/td>\n<td>+$1,710 \u00e0 -$992<\/td>\n<\/tr>\n<tr>\n<td>90 heures<\/td>\n<td>$675.00<\/td>\n<td>+$1,600 \u00e0 -$250<\/td>\n<td>+$2,525 \u00e0 -$1,175<\/td>\n<\/tr>\n<\/tbody>\n<\/table>\n<\/div>\n<hr>\n<p><b>Penchons-nous un peu sur cette question.  Si vous jouez plusieurs centaines de \"sessions\" de 3 heures chacune, le gain moyen pour ces sessions sera d'environ $22.50.<\/b>  (Cela provient de l'utilisation d'un \u00e9cart de pari de $5 \u00e0 $60, dont nous avons parl\u00e9 dans les le\u00e7ons pr\u00e9c\u00e9dentes).  Mais peu de sessions se solderont par un gain d'exactement $22.50 ; environ deux tiers se situeront entre un gain de $191 et une perte de $147.  La plupart des autres sessions pourraient vous faire gagner jusqu'\u00e0 $360 ou perdre jusqu'\u00e0 $316 et quelques-unes vous feraient gagner ou perdre encore plus que cela !<\/p>\n<p>Vous comprenez maintenant pourquoi il faut un bankroll de $3000 pour supporter un \u00e9cart de $5 \u00e0 $60 ?  Pour r\u00e9ussir, vous devez \u00eatre capable d'absorber des pertes plusieurs fois sup\u00e9rieures \u00e0 vos \"attentes\".  Ces fluctuations sont r\u00e9elles ; elles vous arriveront \u00e0 un moment ou \u00e0 un autre et si vous n'y \u00eates pas pr\u00e9par\u00e9, vous serez soit frustr\u00e9 et abandonnerez, soit vous perdrez votre sang-froid et ferez exploser votre bankroll.<\/p>\n<p><b>Maintenant, regardez les r\u00e9sultats pour 90 heures de jeu.  La plupart d'entre vous seront - au pire - \u00e0 peu pr\u00e8s \u00e0 l'\u00e9quilibre apr\u00e8s ce nombre d'heures.<\/b>  Quelques-uns d'entre vous pourraient \u00eatre en haut \u00e0 $2500, mais d'autres pourraient \u00eatre en bas \u00e0 $1175 ou plus.  Je n'ose pas imaginer les noms que vous donnerez alors \u00e0 l'ancien ma\u00eetre du jeu !  Mais cela peut arriver et ce ne sera pas inhabituel si cela se produit, alors demandez-vous tout de suite si vous \u00eates capable de jouer \u00e0 un jeu disciplin\u00e9 pendant 90 heures, d'\u00eatre toujours en perte et de continuer \u00e0 jouer et \u00e0 parier comme je vous l'ai montr\u00e9.  C'est triste, mais la plupart d'entre vous ne seront pas capables de faire face \u00e0 cela et vous serez une autre victime de l'\u00e9cart-type.  C'est pourquoi je ne crains pas que les casinos fassent faillite, m\u00eame si tous les joueurs du monde apprennent \u00e0 compter les cartes - peu d'entre eux ont la patience de tenir le coup.  Je ne veux pas \u00eatre trop n\u00e9gatif, mais c'est la r\u00e9alit\u00e9.  Cependant, si vous pers\u00e9v\u00e9rez, les pourcentages finiront par jouer en votre faveur.  Comme je le dis \u00e0 tous mes \u00e9tudiants, \"l'argent vient par 'morceaux' au Blackjack\".  Il ne s'agit pas d'un moyen lent et constant de gagner de l'argent ; votre bankroll ressemblera parfois \u00e0 des montagnes russes et il est difficile de g\u00e9rer cela d'un point de vue \u00e9motionnel.<\/p>\n<p><b>Essayez simplement de comprendre le concept d'\u00e9cart-type et continuez \u00e0 \"calibrer\" vos yeux en faisant des exercices d'estimation avec six jeux.<\/b>  Comme je l'ai d\u00e9j\u00e0 dit, vous devez \u00eatre pr\u00e9cis \u00e0 un demi-pont pr\u00e8s pour calculer le compte r\u00e9el.<\/p>\n<h3>Devoirs<\/h3>\n<p>Jetez un coup d'\u0153il sur le site <a href=\"\/knowledge-base\/\">base de connaissances sur le blackjack<\/a> sur ce site.  Avec plus de 200 000 articles sur le blackjack, cela devrait vous occuper \ud83d\ude42 .<\/p>","protected":false},"excerpt":{"rendered":"<p>Expectation and Standard Deviation If you flip a coin 100 times, your expectation is to receive 50 heads and 50 tails. But the reality may well be different; the measurement of that reality is called &#8220;standard deviation&#8221;. Standard deviation is a mathematical term used to predict the outcome of a situation. In our coin-flipping exercise, [&hellip;]<\/p>\n","protected":false},"author":2,"featured_media":0,"parent":634,"menu_order":0,"comment_status":"open","ping_status":"open","template":"page-blackjack-school.php","meta":{"_acf_changed":false,"footnotes":""},"tags":[],"class_list":["post-724","page","type-page","status-publish","hentry"],"acf":[],"yoast_head":"<!-- This site is optimized with the Yoast SEO plugin v26.6 - https:\/\/yoast.com\/wordpress\/plugins\/seo\/ -->\n<title>Blackjack School \u1408 Lesson 9 - Money Management - Part 3<\/title>\n<meta name=\"description\" content=\"Lesson 9 in the GameMaster&#039;s Free Blackjack School - Expectation and standard deviation.\" \/>\n<meta name=\"robots\" content=\"index, follow, max-snippet:-1, max-image-preview:large, max-video-preview:-1\" \/>\n<link rel=\"canonical\" href=\"https:\/\/www.blackjackinfo.com\/fr\/ecole-de-blackjack\/lecon-09-gestion-de-largent-partie-3\/\" \/>\n<meta property=\"og:locale\" content=\"fr_FR\" \/>\n<meta property=\"og:type\" content=\"article\" \/>\n<meta property=\"og:title\" content=\"Blackjack School \u1408 Lesson 9 - Money Management - Part 3\" \/>\n<meta property=\"og:description\" content=\"Lesson 9 in the GameMaster&#039;s Free Blackjack School - Expectation and standard deviation.\" \/>\n<meta property=\"og:url\" content=\"https:\/\/www.blackjackinfo.com\/fr\/ecole-de-blackjack\/lecon-09-gestion-de-largent-partie-3\/\" \/>\n<meta property=\"og:site_name\" content=\"BlackjackInfo.com\" \/>\n<meta property=\"article:modified_time\" content=\"2020-02-18T23:56:51+00:00\" \/>\n<meta name=\"twitter:label1\" content=\"Dur\u00e9e de lecture estim\u00e9e\" \/>\n\t<meta name=\"twitter:data1\" content=\"4 minutes\" \/>\n<script type=\"application\/ld+json\" class=\"yoast-schema-graph\">{\"@context\":\"https:\/\/schema.org\",\"@graph\":[{\"@type\":\"WebPage\",\"@id\":\"https:\/\/www.blackjackinfo.com\/blackjack-school\/lesson-09-money-management-part-3\/\",\"url\":\"https:\/\/www.blackjackinfo.com\/blackjack-school\/lesson-09-money-management-part-3\/\",\"name\":\"Blackjack School \u1408 Lesson 9 - Money Management - Part 3\",\"isPartOf\":{\"@id\":\"https:\/\/www.blackjackinfo.com\/#website\"},\"datePublished\":\"2014-10-20T01:18:29+00:00\",\"dateModified\":\"2020-02-18T23:56:51+00:00\",\"description\":\"Lesson 9 in the GameMaster's Free Blackjack School - Expectation and standard deviation.\",\"breadcrumb\":{\"@id\":\"https:\/\/www.blackjackinfo.com\/blackjack-school\/lesson-09-money-management-part-3\/#breadcrumb\"},\"inLanguage\":\"fr-FR\",\"potentialAction\":[{\"@type\":\"ReadAction\",\"target\":[\"https:\/\/www.blackjackinfo.com\/blackjack-school\/lesson-09-money-management-part-3\/\"]}]},{\"@type\":\"BreadcrumbList\",\"@id\":\"https:\/\/www.blackjackinfo.com\/blackjack-school\/lesson-09-money-management-part-3\/#breadcrumb\",\"itemListElement\":[{\"@type\":\"ListItem\",\"position\":1,\"name\":\"Home\",\"item\":\"https:\/\/www.blackjackinfo.com\/\"},{\"@type\":\"ListItem\",\"position\":2,\"name\":\"Blackjack School &#8211; A Free 24-Lesson Class on Card Counting\",\"item\":\"https:\/\/www.blackjackinfo.com\/blackjack-school\/\"},{\"@type\":\"ListItem\",\"position\":3,\"name\":\"Lesson 9 &#8211; Money Management &#8211; Part 3\"}]},{\"@type\":\"WebSite\",\"@id\":\"https:\/\/www.blackjackinfo.com\/#website\",\"url\":\"https:\/\/www.blackjackinfo.com\/\",\"name\":\"BlackjackInfo.com\",\"description\":\"Because Winning is More Fun!\",\"potentialAction\":[{\"@type\":\"SearchAction\",\"target\":{\"@type\":\"EntryPoint\",\"urlTemplate\":\"https:\/\/www.blackjackinfo.com\/?s={search_term_string}\"},\"query-input\":{\"@type\":\"PropertyValueSpecification\",\"valueRequired\":true,\"valueName\":\"search_term_string\"}}],\"inLanguage\":\"fr-FR\"}]}<\/script>\n<!-- \/ Yoast SEO plugin. -->","yoast_head_json":{"title":"Ecole de Blackjack \u1408 Le\u00e7on 9 - Gestion de l'argent - Partie 3","description":"Le\u00e7on 9 de l'\u00e9cole gratuite de blackjack du ma\u00eetre de jeu - Esp\u00e9rance et \u00e9cart-type.","robots":{"index":"index","follow":"follow","max-snippet":"max-snippet:-1","max-image-preview":"max-image-preview:large","max-video-preview":"max-video-preview:-1"},"canonical":"https:\/\/www.blackjackinfo.com\/fr\/ecole-de-blackjack\/lecon-09-gestion-de-largent-partie-3\/","og_locale":"fr_FR","og_type":"article","og_title":"Blackjack School \u1408 Lesson 9 - Money Management - Part 3","og_description":"Lesson 9 in the GameMaster's Free Blackjack School - Expectation and standard deviation.","og_url":"https:\/\/www.blackjackinfo.com\/fr\/ecole-de-blackjack\/lecon-09-gestion-de-largent-partie-3\/","og_site_name":"BlackjackInfo.com","article_modified_time":"2020-02-18T23:56:51+00:00","twitter_misc":{"Dur\u00e9e de lecture estim\u00e9e":"4 minutes"},"schema":{"@context":"https:\/\/schema.org","@graph":[{"@type":"WebPage","@id":"https:\/\/www.blackjackinfo.com\/blackjack-school\/lesson-09-money-management-part-3\/","url":"https:\/\/www.blackjackinfo.com\/blackjack-school\/lesson-09-money-management-part-3\/","name":"Ecole de Blackjack \u1408 Le\u00e7on 9 - Gestion de l'argent - Partie 3","isPartOf":{"@id":"https:\/\/www.blackjackinfo.com\/#website"},"datePublished":"2014-10-20T01:18:29+00:00","dateModified":"2020-02-18T23:56:51+00:00","description":"Le\u00e7on 9 de l'\u00e9cole gratuite de blackjack du ma\u00eetre de jeu - Esp\u00e9rance et \u00e9cart-type.","breadcrumb":{"@id":"https:\/\/www.blackjackinfo.com\/blackjack-school\/lesson-09-money-management-part-3\/#breadcrumb"},"inLanguage":"fr-FR","potentialAction":[{"@type":"ReadAction","target":["https:\/\/www.blackjackinfo.com\/blackjack-school\/lesson-09-money-management-part-3\/"]}]},{"@type":"BreadcrumbList","@id":"https:\/\/www.blackjackinfo.com\/blackjack-school\/lesson-09-money-management-part-3\/#breadcrumb","itemListElement":[{"@type":"ListItem","position":1,"name":"Home","item":"https:\/\/www.blackjackinfo.com\/"},{"@type":"ListItem","position":2,"name":"Blackjack School &#8211; A Free 24-Lesson Class on Card Counting","item":"https:\/\/www.blackjackinfo.com\/blackjack-school\/"},{"@type":"ListItem","position":3,"name":"Lesson 9 &#8211; Money Management &#8211; Part 3"}]},{"@type":"WebSite","@id":"https:\/\/www.blackjackinfo.com\/#website","url":"https:\/\/www.blackjackinfo.com\/","name":"BlackjackInfo.com","description":"Parce que gagner, c'est plus amusant !","potentialAction":[{"@type":"SearchAction","target":{"@type":"EntryPoint","urlTemplate":"https:\/\/www.blackjackinfo.com\/?s={search_term_string}"},"query-input":{"@type":"PropertyValueSpecification","valueRequired":true,"valueName":"search_term_string"}}],"inLanguage":"fr-FR"}]}},"_links":{"self":[{"href":"https:\/\/www.blackjackinfo.com\/fr\/wp-json\/wp\/v2\/pages\/724","targetHints":{"allow":["GET"]}}],"collection":[{"href":"https:\/\/www.blackjackinfo.com\/fr\/wp-json\/wp\/v2\/pages"}],"about":[{"href":"https:\/\/www.blackjackinfo.com\/fr\/wp-json\/wp\/v2\/types\/page"}],"author":[{"embeddable":true,"href":"https:\/\/www.blackjackinfo.com\/fr\/wp-json\/wp\/v2\/users\/2"}],"replies":[{"embeddable":true,"href":"https:\/\/www.blackjackinfo.com\/fr\/wp-json\/wp\/v2\/comments?post=724"}],"version-history":[{"count":7,"href":"https:\/\/www.blackjackinfo.com\/fr\/wp-json\/wp\/v2\/pages\/724\/revisions"}],"predecessor-version":[{"id":5459,"href":"https:\/\/www.blackjackinfo.com\/fr\/wp-json\/wp\/v2\/pages\/724\/revisions\/5459"}],"up":[{"embeddable":true,"href":"https:\/\/www.blackjackinfo.com\/fr\/wp-json\/wp\/v2\/pages\/634"}],"wp:attachment":[{"href":"https:\/\/www.blackjackinfo.com\/fr\/wp-json\/wp\/v2\/media?parent=724"}],"wp:term":[{"taxonomy":"post_tag","embeddable":true,"href":"https:\/\/www.blackjackinfo.com\/fr\/wp-json\/wp\/v2\/tags?post=724"}],"curies":[{"name":"wp","href":"https:\/\/api.w.org\/{rel}","templated":true}]}}