{"id":726,"date":"2014-10-19T20:22:30","date_gmt":"2014-10-20T01:22:30","guid":{"rendered":"http:\/\/test.blackjackinfo.com\/?page_id=726"},"modified":"2020-02-18T17:57:07","modified_gmt":"2020-02-18T23:57:07","slug":"lecon-10-lattitude-mentale-appropriee","status":"publish","type":"page","link":"https:\/\/www.blackjackinfo.com\/fr\/blackjack-school\/lesson-10-the-proper-mental-attitude\/","title":{"rendered":"Le\u00e7on 10 - L'attitude mentale appropri\u00e9e"},"content":{"rendered":"<p><b>J'insiste toujours sur la notion d'\"attente\" dans le cadre des jeux de casino, car la compr\u00e9hension de ce concept vous aidera \u00e0 arr\u00eater de jouer et, avec un peu de chance, \u00e0 devenir un investisseur aux tables de jeu.<\/b>  Par d\u00e9finition, un investisseur s'attend \u00e0 faire un profit. Vous ne pouvez donc pas \u00eatre un investisseur si vous jouez \u00e0 des jeux o\u00f9 les attentes sont n\u00e9gatives.  Si vous misez $10 sur la ligne Passe au craps, vous gagnerez $10 ou perdrez $10, mais votre \"attente\" est de perdre 14 cents \u00e0 chaque main.  En effet, la maison dispose d'un avantage de 1,4% sur ce pari et si vous le jouez fr\u00e9quemment, votre perte moyenne sera de 14 cents par d\u00e9cision.  \u00c0 court terme, vous pouvez gagner beaucoup d'argent, mais si vous jouez suffisamment longtemps, l'avantage de la maison finira par faire son effet.  \u00c9tant donn\u00e9 qu'une table de craps moyenne produit environ 60 d\u00e9cisions par heure, le co\u00fbt horaire d'une mise de $10 sur la ligne de passe s'\u00e9l\u00e8vera - \u00e0 long terme - \u00e0 environ 60 X 14 cents = $8.40.<\/p>\n<p><b>Examinons maintenant ce concept du point de vue d'une situation d'attente positive, comme le comptage des cartes au Blackjack.<\/b>  Si votre mise moyenne est de $12 et que l'avantage moyen que vous avez sur la maison est de 1,25%, vous vous attendez \u00e0 gagner $12 X 0,0125 = $.15 par main.  Oui, c'est 15 cents par main.   \u00c0 raison de 60 mains par heure, vous pouvez vous attendre \u00e0 gagner - \u00e0 long terme - environ 60 X 15 cents = $9.00 par heure.  Mais si vous pouvez augmenter le nombre de mains que vous jouez par heure \u00e0, disons, 80 mains, vous augmentez votre esp\u00e9rance \u00e0 80 X 15 cents = $12.00 par heure.   Le seul autre moyen de gagner plus d'argent est d'augmenter le montant de votre mise moyenne ou d'accro\u00eetre votre avantage sur le casino.  Le montant de la mise est fonction de votre bankroll (et de votre capacit\u00e9 \u00e0 continuer \u00e0 \" tromper \" le casino en lui faisant croire que vous \u00eates un joueur comme les autres et non un compteur de cartes) et l'avantage est principalement fonction des r\u00e8gles du casino pour leur jeu de Blackjack.  J'aborderai ces deux questions dans les prochaines le\u00e7ons, mais pour l'instant, concentrons-nous sur l'augmentation du nombre de mains que vous jouez en une heure.<br \/>\n<div class=\"row\" style=\"margin-bottom:20px\">\n    <div class=\"col-sm-12\">\n                <h2>Les meilleurs casinos en ligne des Etats-Unis <span\n                class=\"flag-icon flag-icon-us\"><\/span><\/h2>\n\n        \n                \n        <div class=\"ranking-table text-center\">\n            <div class=\"row flex ad-row\">\n                <div class=\"col-sm-3\">\n                    <div class=\"row flex\">\n\n                        <div class=\"col-sm-3\">\n                            <div class=\"ranking-number text-center\">\n\n                                1                                \n                            <\/div>\n                        <\/div>\n                        <div class=\"col-sm-9\">\n                            <img decoding=\"async\" src=\"https:\/\/www.blackjackinfo.com\/files\/bovada.png\" data-no-auto-translation=\"\">\n                        <\/div>\n                    <\/div>\n                <\/div>\n                <div class=\"col-sm-4\">\n                    <div class=\"bonus-text text-center\"><span class=\"red\">100% jusqu'\u00e0 $1 000<\/span><\/div>\n\t\t\t\t\t\n\n                <\/div>\n                <div class=\"col-sm-2\">\n                    <a class=\"btn btn-wire\" href=\"\/fr\/casino\/bovada\/\">R\u00e9vision<\/a>\n\n                <\/div>\n                <div class=\"col-sm-3\">\n                    <a rel=\"nofollow\" target=\"_blank\" class=\"btn btn-blue\" href=\"\/goto\/goto\/\">Jouer\n                        Maintenant<\/a>\n\t\t\t\t\t\t\n\n                <\/div>\n            <\/div>\n        <\/div>\n\n\n\n        \n                \n        <div class=\"ranking-table text-center\">\n            <div class=\"row flex ad-row\">\n                <div class=\"col-sm-3\">\n                    <div class=\"row flex\">\n\n                        <div class=\"col-sm-3\">\n                            <div class=\"ranking-number text-center\">\n\n                                2                                \n                            <\/div>\n                        <\/div>\n                        <div class=\"col-sm-9\">\n                            <img decoding=\"async\" src=\"https:\/\/www.blackjackinfo.com\/files\/ignition-casino-logo.png\" data-no-auto-translation=\"\">\n                        <\/div>\n                    <\/div>\n                <\/div>\n                <div class=\"col-sm-4\">\n                    <div class=\"bonus-text text-center\"><span class=\"red\">100% jusqu'\u00e0 $1 000<\/span><\/div>\n\t\t\t\t\t\n\n                <\/div>\n                <div class=\"col-sm-2\">\n                    <a class=\"btn btn-wire\" href=\"\/fr\/casino\/ignition-casino\/\">R\u00e9vision<\/a>\n\n                <\/div>\n                <div class=\"col-sm-3\">\n                    <a rel=\"nofollow\" target=\"_blank\" class=\"btn btn-blue\" href=\"\/goto\/goto\/\">Jouer\n                        Maintenant<\/a>\n\t\t\t\t\t\t\n\n                <\/div>\n            <\/div>\n        <\/div>\n\n\n\n        \n                \n        <div class=\"ranking-table text-center\">\n            <div class=\"row flex ad-row\">\n                <div class=\"col-sm-3\">\n                    <div class=\"row flex\">\n\n                        <div class=\"col-sm-3\">\n                            <div class=\"ranking-number text-center\">\n\n                                3                                \n                            <\/div>\n                        <\/div>\n                        <div class=\"col-sm-9\">\n                            <img decoding=\"async\" src=\"https:\/\/www.blackjackinfo.com\/files\/VipSlots-500x250_dark.svg\" data-no-auto-translation=\"\">\n                        <\/div>\n                    <\/div>\n                <\/div>\n                <div class=\"col-sm-4\">\n                    <div class=\"bonus-text text-center\"><span class=\"red\">100 SPINS GRATUITS sur Secret Life of Cats<\/span><\/div>\n\t\t\t\t\t\n\n                <\/div>\n                <div class=\"col-sm-2\">\n                    <a class=\"btn btn-wire\" href=\"\/fr\/casino\/vipslots-casino\/\">R\u00e9vision<\/a>\n\n                <\/div>\n                <div class=\"col-sm-3\">\n                    <a rel=\"nofollow\" target=\"_blank\" class=\"btn btn-blue\" href=\"\/goto\/goto\/\">Jouer\n                        Maintenant<\/a>\n\t\t\t\t\t\t\n\n                <\/div>\n            <\/div>\n        <\/div>\n\n\n\n        \n                \n        <div class=\"ranking-table text-center\">\n            <div class=\"row flex ad-row\">\n                <div class=\"col-sm-3\">\n                    <div class=\"row flex\">\n\n                        <div class=\"col-sm-3\">\n                            <div class=\"ranking-number text-center\">\n\n                                4                                \n                            <\/div>\n                        <\/div>\n                        <div class=\"col-sm-9\">\n                            <img decoding=\"async\" src=\"https:\/\/www.blackjackinfo.com\/files\/vegas_casino_online.png\" data-no-auto-translation=\"\">\n                        <\/div>\n                    <\/div>\n                <\/div>\n                <div class=\"col-sm-4\">\n                    <div class=\"bonus-text text-center\"><span class=\"red\">300% jusqu'\u00e0 $3,000<\/span><\/div>\n\t\t\t\t\t\n\n                <\/div>\n                <div class=\"col-sm-2\">\n                    <a class=\"btn btn-wire\" href=\"\/fr\/casino\/vegas-casino-online-2\/\">R\u00e9vision<\/a>\n\n                <\/div>\n                <div class=\"col-sm-3\">\n                    <a rel=\"nofollow\" target=\"_blank\" class=\"btn btn-blue\" href=\"\/goto\/goto\/\">Jouer\n                        Maintenant<\/a>\n\t\t\t\t\t\t\n\n                <\/div>\n            <\/div>\n        <\/div>\n\n\n\n        \n                \n        <div class=\"ranking-table text-center\">\n            <div class=\"row flex ad-row\">\n                <div class=\"col-sm-3\">\n                    <div class=\"row flex\">\n\n                        <div class=\"col-sm-3\">\n                            <div class=\"ranking-number text-center\">\n\n                                5                                \n                            <\/div>\n                        <\/div>\n                        <div class=\"col-sm-9\">\n                            <img decoding=\"async\" src=\"https:\/\/www.blackjackinfo.com\/files\/cafe-casino-logo.svg\" data-no-auto-translation=\"\">\n                        <\/div>\n                    <\/div>\n                <\/div>\n                <div class=\"col-sm-4\">\n                    <div class=\"bonus-text text-center\"><span class=\"red\">250% jusqu'\u00e0 $1,500<\/span><\/div>\n\t\t\t\t\t\n\n                <\/div>\n                <div class=\"col-sm-2\">\n                    <a class=\"btn btn-wire\" href=\"\/fr\/casino\/cafe-casino\/\">R\u00e9vision<\/a>\n\n                <\/div>\n                <div class=\"col-sm-3\">\n                    <a rel=\"nofollow\" target=\"_blank\" class=\"btn btn-blue\" href=\"\/goto\/goto\/\">Jouer\n                        Maintenant<\/a>\n\t\t\t\t\t\t\n\n                <\/div>\n            <\/div>\n        <\/div>\n\n\n\n            <\/div>\n<\/div><\/p>\n<h3>Plus de mains, c'est plus d'argent<\/h3>\n<p><b>Si vous \u00eates le seul joueur d'une partie \u00e0 six jeux, vous pouvez jouer environ 200 mains par heure.<\/b>  Toutes choses \u00e9tant \u00e9gales par ailleurs, cela portera votre esp\u00e9rance \u00e0 200 X 15 cents = $30 par heure - une augmentation tr\u00e8s saine.  Le probl\u00e8me est que je veux que vous vous leviez et que vous partiez d\u00e8s que le compte r\u00e9el tombe en dessous de M1, donc 200 mains par heure n'est possible que si vous obtenez une de ces chaussures o\u00f9 le compte reste positif ET si vous \u00eates assez rapide pour maintenir le compte pendant que vous jouez \u00e0 ce rythme.  Il est indispensable de se d\u00e9placer lorsque le jeu devient mauvais, car il est moins cher de ne pas jouer du tout plut\u00f4t que de jouer \u00e0 un jeu o\u00f9 la maison a un avantage sur vous.<\/p>\n<p><b>Mais 200 mains par heure est un objectif louable, alors continuez \u00e0 vous entra\u00eener avec votre compte \u00e0 rebours d'un seul jeu afin d'augmenter votre vitesse jusqu'\u00e0 ce que vous puissiez passer un jeu en moins de 20 secondes. <\/b> Lorsque vous pouvez faire cela, calculer le compte r\u00e9el et jouer une strat\u00e9gie de base parfaite, vous devriez jouer en t\u00eate-\u00e0-t\u00eate chaque fois que c'est possible.  Cela peut signifier que vous devrez aller au casino \u00e0 2 heures du matin un lundi, mais cela en vaut la peine.  N'oubliez pas qu'en augmentant votre rythme de jeu, vous augmenterez votre \u00e9cart-type horaire. Ne soyez donc pas surpris si vous perdez $400 ou plus en une heure de jeu ; votre risque n'a pas augment\u00e9, mais vous avez - en fait - \"comprim\u00e9\" votre facteur temps.  Les croupiers me disent souvent qu'un joueur \"ne peut pas gagner\" en t\u00eate-\u00e0-t\u00eate, mais ils se trompent.  Leur id\u00e9e fausse \u00e0 cet \u00e9gard vient du fait qu'\u00e9tant donn\u00e9 qu'un plus grand nombre de mains sont jou\u00e9es, les fluctuations sont plus importantes et les croupiers se souviennent g\u00e9n\u00e9ralement des grands perdants et oublient les grands gagnants.  En tant qu'investisseur, vous avez tout int\u00e9r\u00eat \u00e0 jouer le plus grand nombre de mains possible par heure, puisque vous esp\u00e9rez gagner 15 cents par main.<\/p>\n<p class=\"gbs-big\">\n<b>L'OBJECTIF DU JOUEUR PROFESSIONNEL EST D'ACCUMULER LE PLUS DE TEMPS DE JEU DE QUALIT\u00c9 POSSIBLE ; LES MONTANTS DES GAINS OU DES PERTES SONT SECONDAIRES.  EN JOUANT ET EN PARIANT CORRECTEMENT, LES $$$ VIENDRONT AVEC LE TEMPS.<\/b><\/p>\n<h3>Une attitude gagnante<\/h3>\n<p>Comme je l'ai d\u00e9j\u00e0 dit, les gains au Blackjack se font par \"morceaux\", vous ne devez donc pas vous inqui\u00e9ter lorsque vous avez une session perdante, ni vous sentir invincible lorsque vous gagnez.  <b>Une bonne attitude mentale \u00e9limine les hauts et les bas du jeu (ce qui le rend tr\u00e8s ennuyeux, du moins \u00e0 mon avis), mais elle vous permet de jouer un jeu solide et sans \u00e9motion.<\/b>  Lorsque j'ai une session perdante (en moyenne, 35% du temps), je m'en vais en sachant que le casino prendra bien soin de l'argent et que je finirai par revenir le chercher.   600 mains de jeu signifient que j'ai \" gagn\u00e9 \" 600 fois mon esp\u00e9rance par main. Il me suffit donc de continuer \u00e0 travailler et mon salaire finira par refl\u00e9ter mes gains.  En d'autres termes, si vous jouez \u00e0 un jeu gagnant, la question n'est pas de savoir si vous gagnerez, mais quand vous gagnerez.<\/p>\n<p>Laissez donc l'eau glac\u00e9e couler dans vos veines - comme l'a dit un auteur, \"des yeux bleus comme de l'acier feront l'affaire\".  L'\u00e9motion n'a pas sa place dans le comptage des cartes ; la pr\u00e9cision et la patience sont les seules conditions pour obtenir le $$$.<\/p>\n<h3>Devoirs<\/h3>\n<p><b>Prenez un vieux jeu de cartes et un marqueur.<\/b>  Pour ceux qui jouent \u00e0 des jeux \u00e0 6 jeux, \u00e9crivez le nombre \"1\/2\" au dos d'une carte, \"1\" sur la carte suivante, \"1 1\/2\" sur la troisi\u00e8me carte et continuez jusqu'\u00e0 5 par incr\u00e9ments d'une moiti\u00e9.  Maintenant, num\u00e9rotez le dos de 20 autres cartes individuellement de 1 \u00e0 20.  M\u00e9langez les deux piles (s\u00e9par\u00e9ment) face visible de mani\u00e8re \u00e0 ce que vous ne puissiez pas voir les num\u00e9ros et retournez la carte sup\u00e9rieure de la premi\u00e8re pile.    Cela repr\u00e9sentera le nombre de jeux de cartes dans le plateau de d\u00e9fausse.  Par exemple, s'il s'agit de la carte \"2 1\/2\", elle repr\u00e9sente 2 jeux et demi dans le bac \u00e0 cartes, ce qui signifie qu'il reste 3 jeux et demi dans le sabot.  Commencez maintenant \u00e0 retourner les cartes de la deuxi\u00e8me pile.  Si la premi\u00e8re carte est \"8\", le compte r\u00e9el est 8 divis\u00e9 par 3 1\/2 = 2 (rappelez-vous que nous arrondissons \u00e0 l'inf\u00e9rieur pour \u00eatre prudents).  Continuez \u00e0 passer en revue les cartes de comptage courant tout en gardant la m\u00eame carte \"jeux\".  Lorsque vous avez parcouru toutes les cartes de comptage, changez la carte \"jeux\" et recommencez.<\/p>\n<p><b>Cet exercice vous aidera \u00e0 acc\u00e9l\u00e9rer votre capacit\u00e9 \u00e0 calculer le nombre r\u00e9el avec pr\u00e9cision.<\/b>  Ceux d'entre vous qui joueront avec un seul jeu de cartes n'auront qu'\u00e0 cr\u00e9er une carte pour 1\/4, 1\/2 et 3\/4 de jeu et \u00e0 compter les cartes de 1 \u00e0 10, mais vous vous entra\u00eenerez de la m\u00eame mani\u00e8re.<\/p>\n<p>Au cours de cet exercice, concentrez-vous sur la pr\u00e9cision et n'oubliez pas d'\u00eatre prudent dans le calcul du nombre r\u00e9el.<\/p>","protected":false},"excerpt":{"rendered":"<p>I always stress the idea of &#8216;expectation&#8217; as it applies to casino gaming because understanding the concept will help you stop gambling and hopefully turn you into an investor at the tables. By definition, an investor expects to make a profit so you cannot be an investor if you play at games where there is [&hellip;]<\/p>\n","protected":false},"author":2,"featured_media":0,"parent":634,"menu_order":0,"comment_status":"open","ping_status":"open","template":"page-blackjack-school.php","meta":{"_acf_changed":false,"footnotes":""},"tags":[],"class_list":["post-726","page","type-page","status-publish","hentry"],"acf":[],"yoast_head":"<!-- This site is optimized with the Yoast SEO plugin v26.6 - https:\/\/yoast.com\/wordpress\/plugins\/seo\/ -->\n<title>Blackjack School \u1408 Lesson 10 - The Proper Mental Attitude<\/title>\n<meta name=\"description\" content=\"Lesson 10 in the GameMaster&#039;s Free Blackjack School - Developing a Winning Attitude\" \/>\n<meta name=\"robots\" content=\"index, follow, max-snippet:-1, max-image-preview:large, max-video-preview:-1\" \/>\n<link rel=\"canonical\" href=\"https:\/\/www.blackjackinfo.com\/fr\/ecole-de-blackjack\/lecon-10-lattitude-mentale-appropriee\/\" \/>\n<meta property=\"og:locale\" content=\"fr_FR\" \/>\n<meta property=\"og:type\" content=\"article\" \/>\n<meta property=\"og:title\" content=\"Blackjack School \u1408 Lesson 10 - The Proper Mental Attitude\" \/>\n<meta property=\"og:description\" content=\"Lesson 10 in the GameMaster&#039;s Free Blackjack School - Developing a Winning Attitude\" \/>\n<meta property=\"og:url\" content=\"https:\/\/www.blackjackinfo.com\/fr\/ecole-de-blackjack\/lecon-10-lattitude-mentale-appropriee\/\" \/>\n<meta property=\"og:site_name\" content=\"BlackjackInfo.com\" \/>\n<meta property=\"article:modified_time\" content=\"2020-02-18T23:57:07+00:00\" \/>\n<meta name=\"twitter:label1\" content=\"Dur\u00e9e de lecture estim\u00e9e\" \/>\n\t<meta name=\"twitter:data1\" content=\"6 minutes\" \/>\n<script type=\"application\/ld+json\" class=\"yoast-schema-graph\">{\"@context\":\"https:\/\/schema.org\",\"@graph\":[{\"@type\":\"WebPage\",\"@id\":\"https:\/\/www.blackjackinfo.com\/blackjack-school\/lesson-10-the-proper-mental-attitude\/\",\"url\":\"https:\/\/www.blackjackinfo.com\/blackjack-school\/lesson-10-the-proper-mental-attitude\/\",\"name\":\"Blackjack School \u1408 Lesson 10 - The Proper Mental Attitude\",\"isPartOf\":{\"@id\":\"https:\/\/www.blackjackinfo.com\/#website\"},\"datePublished\":\"2014-10-20T01:22:30+00:00\",\"dateModified\":\"2020-02-18T23:57:07+00:00\",\"description\":\"Lesson 10 in the GameMaster's Free Blackjack School - Developing a Winning Attitude\",\"breadcrumb\":{\"@id\":\"https:\/\/www.blackjackinfo.com\/blackjack-school\/lesson-10-the-proper-mental-attitude\/#breadcrumb\"},\"inLanguage\":\"fr-FR\",\"potentialAction\":[{\"@type\":\"ReadAction\",\"target\":[\"https:\/\/www.blackjackinfo.com\/blackjack-school\/lesson-10-the-proper-mental-attitude\/\"]}]},{\"@type\":\"BreadcrumbList\",\"@id\":\"https:\/\/www.blackjackinfo.com\/blackjack-school\/lesson-10-the-proper-mental-attitude\/#breadcrumb\",\"itemListElement\":[{\"@type\":\"ListItem\",\"position\":1,\"name\":\"Home\",\"item\":\"https:\/\/www.blackjackinfo.com\/\"},{\"@type\":\"ListItem\",\"position\":2,\"name\":\"Blackjack School &#8211; A Free 24-Lesson Class on Card Counting\",\"item\":\"https:\/\/www.blackjackinfo.com\/blackjack-school\/\"},{\"@type\":\"ListItem\",\"position\":3,\"name\":\"Lesson 10 &#8211; The Proper Mental Attitude\"}]},{\"@type\":\"WebSite\",\"@id\":\"https:\/\/www.blackjackinfo.com\/#website\",\"url\":\"https:\/\/www.blackjackinfo.com\/\",\"name\":\"BlackjackInfo.com\",\"description\":\"Because Winning is More Fun!\",\"potentialAction\":[{\"@type\":\"SearchAction\",\"target\":{\"@type\":\"EntryPoint\",\"urlTemplate\":\"https:\/\/www.blackjackinfo.com\/?s={search_term_string}\"},\"query-input\":{\"@type\":\"PropertyValueSpecification\",\"valueRequired\":true,\"valueName\":\"search_term_string\"}}],\"inLanguage\":\"fr-FR\"}]}<\/script>\n<!-- \/ Yoast SEO plugin. -->","yoast_head_json":{"title":"Ecole de Blackjack \u1408 Le\u00e7on 10 - L'attitude mentale appropri\u00e9e","description":"Le\u00e7on 10 de l'\u00e9cole gratuite de blackjack du ma\u00eetre de jeu - D\u00e9velopper une attitude gagnante","robots":{"index":"index","follow":"follow","max-snippet":"max-snippet:-1","max-image-preview":"max-image-preview:large","max-video-preview":"max-video-preview:-1"},"canonical":"https:\/\/www.blackjackinfo.com\/fr\/ecole-de-blackjack\/lecon-10-lattitude-mentale-appropriee\/","og_locale":"fr_FR","og_type":"article","og_title":"Blackjack School \u1408 Lesson 10 - The Proper Mental Attitude","og_description":"Lesson 10 in the GameMaster's Free Blackjack School - Developing a Winning Attitude","og_url":"https:\/\/www.blackjackinfo.com\/fr\/ecole-de-blackjack\/lecon-10-lattitude-mentale-appropriee\/","og_site_name":"BlackjackInfo.com","article_modified_time":"2020-02-18T23:57:07+00:00","twitter_misc":{"Dur\u00e9e de lecture estim\u00e9e":"6 minutes"},"schema":{"@context":"https:\/\/schema.org","@graph":[{"@type":"WebPage","@id":"https:\/\/www.blackjackinfo.com\/blackjack-school\/lesson-10-the-proper-mental-attitude\/","url":"https:\/\/www.blackjackinfo.com\/blackjack-school\/lesson-10-the-proper-mental-attitude\/","name":"Ecole de Blackjack \u1408 Le\u00e7on 10 - L'attitude mentale appropri\u00e9e","isPartOf":{"@id":"https:\/\/www.blackjackinfo.com\/#website"},"datePublished":"2014-10-20T01:22:30+00:00","dateModified":"2020-02-18T23:57:07+00:00","description":"Le\u00e7on 10 de l'\u00e9cole gratuite de blackjack du ma\u00eetre de jeu - D\u00e9velopper une attitude gagnante","breadcrumb":{"@id":"https:\/\/www.blackjackinfo.com\/blackjack-school\/lesson-10-the-proper-mental-attitude\/#breadcrumb"},"inLanguage":"fr-FR","potentialAction":[{"@type":"ReadAction","target":["https:\/\/www.blackjackinfo.com\/blackjack-school\/lesson-10-the-proper-mental-attitude\/"]}]},{"@type":"BreadcrumbList","@id":"https:\/\/www.blackjackinfo.com\/blackjack-school\/lesson-10-the-proper-mental-attitude\/#breadcrumb","itemListElement":[{"@type":"ListItem","position":1,"name":"Home","item":"https:\/\/www.blackjackinfo.com\/"},{"@type":"ListItem","position":2,"name":"Blackjack School &#8211; A Free 24-Lesson Class on Card Counting","item":"https:\/\/www.blackjackinfo.com\/blackjack-school\/"},{"@type":"ListItem","position":3,"name":"Lesson 10 &#8211; The Proper Mental Attitude"}]},{"@type":"WebSite","@id":"https:\/\/www.blackjackinfo.com\/#website","url":"https:\/\/www.blackjackinfo.com\/","name":"BlackjackInfo.com","description":"Parce que gagner, c'est plus amusant !","potentialAction":[{"@type":"SearchAction","target":{"@type":"EntryPoint","urlTemplate":"https:\/\/www.blackjackinfo.com\/?s={search_term_string}"},"query-input":{"@type":"PropertyValueSpecification","valueRequired":true,"valueName":"search_term_string"}}],"inLanguage":"fr-FR"}]}},"_links":{"self":[{"href":"https:\/\/www.blackjackinfo.com\/fr\/wp-json\/wp\/v2\/pages\/726","targetHints":{"allow":["GET"]}}],"collection":[{"href":"https:\/\/www.blackjackinfo.com\/fr\/wp-json\/wp\/v2\/pages"}],"about":[{"href":"https:\/\/www.blackjackinfo.com\/fr\/wp-json\/wp\/v2\/types\/page"}],"author":[{"embeddable":true,"href":"https:\/\/www.blackjackinfo.com\/fr\/wp-json\/wp\/v2\/users\/2"}],"replies":[{"embeddable":true,"href":"https:\/\/www.blackjackinfo.com\/fr\/wp-json\/wp\/v2\/comments?post=726"}],"version-history":[{"count":5,"href":"https:\/\/www.blackjackinfo.com\/fr\/wp-json\/wp\/v2\/pages\/726\/revisions"}],"predecessor-version":[{"id":5460,"href":"https:\/\/www.blackjackinfo.com\/fr\/wp-json\/wp\/v2\/pages\/726\/revisions\/5460"}],"up":[{"embeddable":true,"href":"https:\/\/www.blackjackinfo.com\/fr\/wp-json\/wp\/v2\/pages\/634"}],"wp:attachment":[{"href":"https:\/\/www.blackjackinfo.com\/fr\/wp-json\/wp\/v2\/media?parent=726"}],"wp:term":[{"taxonomy":"post_tag","embeddable":true,"href":"https:\/\/www.blackjackinfo.com\/fr\/wp-json\/wp\/v2\/tags?post=726"}],"curies":[{"name":"wp","href":"https:\/\/api.w.org\/{rel}","templated":true}]}}