{"id":729,"date":"2014-10-19T20:37:05","date_gmt":"2014-10-20T01:37:05","guid":{"rendered":"http:\/\/test.blackjackinfo.com\/?page_id=729"},"modified":"2020-02-18T17:57:23","modified_gmt":"2020-02-18T23:57:23","slug":"lecon-11-evaluation-des-jeux","status":"publish","type":"page","link":"https:\/\/www.blackjackinfo.com\/fr\/blackjack-school\/lesson-11-evaluating-games\/","title":{"rendered":"Le\u00e7on 11 - \u00c9valuer les jeux"},"content":{"rendered":"<p class=\"intro\">\n<b>Bien que presque tous les jeux de Blackjack soient battables en fin de compte, les r\u00e9compenses obtenues dans des situations marginales ne vous d\u00e9dommagent pas suffisamment pour le temps et les risques que vous avez pris.<\/b>  Par cons\u00e9quent, vous devez \u00e9valuer un jeu de plusieurs fa\u00e7ons avant d'y jouer.  Les r\u00e8gles du jeu, notamment le nombre de jeux utilis\u00e9s et l'emplacement de la carte coup\u00e9e, ce que nous appelons la \"p\u00e9n\u00e9tration\", sont les deux principaux sujets de pr\u00e9occupation.<\/p>\n<p>De nombreux changements de r\u00e8gles n\u00e9cessitent une modification de votre strat\u00e9gie de base. <a href=\"\/blackjack-basic-strategy-engine\/\">\"Moteur de strat\u00e9gie de base<\/a>.  N'oubliez pas que les changements de r\u00e8gles peuvent \u00e9galement affecter votre programme de paris.<br \/>\n<div class=\"row\" style=\"margin-bottom:20px\">\n    <div class=\"col-sm-12\">\n                <h2>Les meilleurs casinos en ligne des Etats-Unis <span\n                class=\"flag-icon flag-icon-us\"><\/span><\/h2>\n\n        \n                \n        <div class=\"ranking-table text-center\">\n            <div class=\"row flex ad-row\">\n                <div class=\"col-sm-3\">\n                    <div class=\"row flex\">\n\n                        <div class=\"col-sm-3\">\n                            <div class=\"ranking-number text-center\">\n\n                                1                                \n                            <\/div>\n                        <\/div>\n                        <div class=\"col-sm-9\">\n                            <img decoding=\"async\" src=\"https:\/\/www.blackjackinfo.com\/files\/bovada.png\" data-no-auto-translation=\"\">\n                        <\/div>\n                    <\/div>\n                <\/div>\n                <div class=\"col-sm-4\">\n                    <div class=\"bonus-text text-center\"><span class=\"red\">100% jusqu'\u00e0 $1 000<\/span><\/div>\n\t\t\t\t\t\n\n                <\/div>\n                <div class=\"col-sm-2\">\n                    <a class=\"btn btn-wire\" href=\"\/fr\/casino\/bovada\/\">R\u00e9vision<\/a>\n\n                <\/div>\n                <div class=\"col-sm-3\">\n                    <a rel=\"nofollow\" target=\"_blank\" class=\"btn btn-blue\" href=\"\/goto\/goto\/\">Jouer\n                        Maintenant<\/a>\n\t\t\t\t\t\t\n\n                <\/div>\n            <\/div>\n        <\/div>\n\n\n\n        \n                \n        <div class=\"ranking-table text-center\">\n            <div class=\"row flex ad-row\">\n                <div class=\"col-sm-3\">\n                    <div class=\"row flex\">\n\n                        <div class=\"col-sm-3\">\n                            <div class=\"ranking-number text-center\">\n\n                                2                                \n                            <\/div>\n                        <\/div>\n                        <div class=\"col-sm-9\">\n                            <img decoding=\"async\" src=\"https:\/\/www.blackjackinfo.com\/files\/ignition-casino-logo.png\" data-no-auto-translation=\"\">\n                        <\/div>\n                    <\/div>\n                <\/div>\n                <div class=\"col-sm-4\">\n                    <div class=\"bonus-text text-center\"><span class=\"red\">100% jusqu'\u00e0 $1 000<\/span><\/div>\n\t\t\t\t\t\n\n                <\/div>\n                <div class=\"col-sm-2\">\n                    <a class=\"btn btn-wire\" href=\"\/fr\/casino\/ignition-casino\/\">R\u00e9vision<\/a>\n\n                <\/div>\n                <div class=\"col-sm-3\">\n                    <a rel=\"nofollow\" target=\"_blank\" class=\"btn btn-blue\" href=\"\/goto\/goto\/\">Jouer\n                        Maintenant<\/a>\n\t\t\t\t\t\t\n\n                <\/div>\n            <\/div>\n        <\/div>\n\n\n\n        \n                \n        <div class=\"ranking-table text-center\">\n            <div class=\"row flex ad-row\">\n                <div class=\"col-sm-3\">\n                    <div class=\"row flex\">\n\n                        <div class=\"col-sm-3\">\n                            <div class=\"ranking-number text-center\">\n\n                                3                                \n                            <\/div>\n                        <\/div>\n                        <div class=\"col-sm-9\">\n                            <img decoding=\"async\" src=\"https:\/\/www.blackjackinfo.com\/files\/VipSlots-500x250_dark.svg\" data-no-auto-translation=\"\">\n                        <\/div>\n                    <\/div>\n                <\/div>\n                <div class=\"col-sm-4\">\n                    <div class=\"bonus-text text-center\"><span class=\"red\">100 SPINS GRATUITS sur Secret Life of Cats<\/span><\/div>\n\t\t\t\t\t\n\n                <\/div>\n                <div class=\"col-sm-2\">\n                    <a class=\"btn btn-wire\" href=\"\/fr\/casino\/vipslots-casino\/\">R\u00e9vision<\/a>\n\n                <\/div>\n                <div class=\"col-sm-3\">\n                    <a rel=\"nofollow\" target=\"_blank\" class=\"btn btn-blue\" href=\"\/goto\/goto\/\">Jouer\n                        Maintenant<\/a>\n\t\t\t\t\t\t\n\n                <\/div>\n            <\/div>\n        <\/div>\n\n\n\n        \n                \n        <div class=\"ranking-table text-center\">\n            <div class=\"row flex ad-row\">\n                <div class=\"col-sm-3\">\n                    <div class=\"row flex\">\n\n                        <div class=\"col-sm-3\">\n                            <div class=\"ranking-number text-center\">\n\n                                4                                \n                            <\/div>\n                        <\/div>\n                        <div class=\"col-sm-9\">\n                            <img decoding=\"async\" src=\"https:\/\/www.blackjackinfo.com\/files\/vegas_casino_online.png\" data-no-auto-translation=\"\">\n                        <\/div>\n                    <\/div>\n                <\/div>\n                <div class=\"col-sm-4\">\n                    <div class=\"bonus-text text-center\"><span class=\"red\">300% jusqu'\u00e0 $3,000<\/span><\/div>\n\t\t\t\t\t\n\n                <\/div>\n                <div class=\"col-sm-2\">\n                    <a class=\"btn btn-wire\" href=\"\/fr\/casino\/vegas-casino-online-2\/\">R\u00e9vision<\/a>\n\n                <\/div>\n                <div class=\"col-sm-3\">\n                    <a rel=\"nofollow\" target=\"_blank\" class=\"btn btn-blue\" href=\"\/goto\/goto\/\">Jouer\n                        Maintenant<\/a>\n\t\t\t\t\t\t\n\n                <\/div>\n            <\/div>\n        <\/div>\n\n\n\n        \n                \n        <div class=\"ranking-table text-center\">\n            <div class=\"row flex ad-row\">\n                <div class=\"col-sm-3\">\n                    <div class=\"row flex\">\n\n                        <div class=\"col-sm-3\">\n                            <div class=\"ranking-number text-center\">\n\n                                5                                \n                            <\/div>\n                        <\/div>\n                        <div class=\"col-sm-9\">\n                            <img decoding=\"async\" src=\"https:\/\/www.blackjackinfo.com\/files\/cafe-casino-logo.svg\" data-no-auto-translation=\"\">\n                        <\/div>\n                    <\/div>\n                <\/div>\n                <div class=\"col-sm-4\">\n                    <div class=\"bonus-text text-center\"><span class=\"red\">250% jusqu'\u00e0 $1,500<\/span><\/div>\n\t\t\t\t\t\n\n                <\/div>\n                <div class=\"col-sm-2\">\n                    <a class=\"btn btn-wire\" href=\"\/fr\/casino\/cafe-casino\/\">R\u00e9vision<\/a>\n\n                <\/div>\n                <div class=\"col-sm-3\">\n                    <a rel=\"nofollow\" target=\"_blank\" class=\"btn btn-blue\" href=\"\/goto\/goto\/\">Jouer\n                        Maintenant<\/a>\n\t\t\t\t\t\t\n\n                <\/div>\n            <\/div>\n        <\/div>\n\n\n\n            <\/div>\n<\/div><\/p>\n<h3>Effet des variations des r\u00e8gles sur l'avantage du joueur<\/h3>\n<p>(Supposons 6 jeux, un double sur les deux premi\u00e8res cartes, pas de double apr\u00e8s le partage, un nouveau partage de toutes les paires, \u00e0 l'exception des As, une assurance est disponible et le croupier s'arr\u00eate sur l'As-6.  Cela donne un avantage de -.54% pour le joueur).<\/p>\n<div class=\"col-sm-6 col-center\">\n<table class=\"data-table text-center\">\n<tbody>\n<tr>\n<th>Changements qui aident le joueur<\/th>\n<th>Changement de bord<\/th>\n<\/tr>\n<tr>\n<td>Double apr\u00e8s fractionnement<\/td>\n<td>+.14%<\/td>\n<\/tr>\n<tr>\n<td>As en deux parties<\/td>\n<td>+.07%<\/td>\n<\/tr>\n<tr>\n<td>Remise anticip\u00e9e contre tous<\/td>\n<td>+.70%<\/td>\n<\/tr>\n<tr>\n<td>Remise anticip\u00e9e vs 10 0nly<\/td>\n<td>+.30%<\/td>\n<\/tr>\n<tr>\n<td>Reddition tardive<\/td>\n<td>+.08%<\/td>\n<\/tr>\n<tr>\n<td>Pont unique<\/td>\n<td>+.50%<\/td>\n<\/tr>\n<tr>\n<td>Deux ponts<\/td>\n<td>+.20%<\/td>\n<\/tr>\n<tr>\n<td>Quatre ponts<\/td>\n<td>+.05%<\/td>\n<\/tr>\n<\/tbody>\n<\/table>\n<\/div>\n<div class=\"col-sm-6 col-center\">\n<table class=\"data-table text-center\">\n<tbody>\n<tr>\n<th>Changements qui nuisent au joueur<\/th>\n<th>Changements de bord<\/th>\n<\/tr>\n<tr>\n<td>Le croupier touche A-6<\/td>\n<td>-.20%<\/td>\n<\/tr>\n<tr>\n<td>Double seulement le 11<\/td>\n<td>-.46%<\/td>\n<\/tr>\n<tr>\n<td>Double seulement les 10,11<\/td>\n<td>-.09%<\/td>\n<\/tr>\n<tr>\n<td>Double seulement 9, 10,11<\/td>\n<td>-.09%<\/td>\n<\/tr>\n<tr>\n<td>Pas de recomposition de paires<\/td>\n<td>-.04%<\/td>\n<\/tr>\n<tr>\n<td>Pas d'assurance (si vous comptez les cartes)<\/td>\n<td>-.40%<\/td>\n<\/tr>\n<\/tbody>\n<\/table>\n<\/div>\n<p><b>Pour d\u00e9terminer l'avantage du casino sur vous au d\u00e9but d'un sabot, il suffit d'ajouter ou de soustraire les variations des r\u00e8gles du jeu de base \u00e9num\u00e9r\u00e9es ci-dessus. <\/b> Par exemple, si vous jouez \u00e0 un jeu \u00e0 double jeu dont les r\u00e8gles sont identiques \u00e0 celles du jeu de base, l'avantage du casino est calcul\u00e9 comme suit.<\/p>\n<p class=\"text-center gbs-big\">\nJeu de base -.54%<br \/>\nDeux jeux +.20%<br \/>\n_____________________<br \/>\nBord du joueur -.34%<\/p>\n<h3>Effet de la p\u00e9n\u00e9tration du tablier<\/h3>\n<p><b>La distance parcourue par le croupier dans le(s) jeu(x) de cartes avant de le(s) m\u00e9langer peut avoir un effet majeur sur vos gains. <\/b> La raison en est qu'avec une faible p\u00e9n\u00e9tration, les d\u00e9comptes \"\u00e9lev\u00e9s\" qui vous permettent de miser plus se produisent moins souvent dans les jeux o\u00f9 le m\u00e9lange se fait t\u00f4t.  Le tableau ci-dessous indique la fr\u00e9quence des d\u00e9comptes en pourcentage pour diff\u00e9rents degr\u00e9s de p\u00e9n\u00e9tration.<\/p>\n<div class=\"col-sm-6 col-center\">\n<table class=\"data-table text-center\">\n<tbody>\n<tr>\n<th colspan=\"6\">Pourcentage d'occurrence \u00e0...<\/th>\n<\/tr>\n<tr>\n<td>Compte r\u00e9el<\/td>\n<td>50%<\/td>\n<td>65%<\/td>\n<td>75%<\/td>\n<td>85% p\u00e9n\u00e9tration<\/td>\n<\/tr>\n<tr>\n<td>+1<\/td>\n<td>15<\/td>\n<td>15<\/td>\n<td>13<\/td>\n<td>13<\/td>\n<\/tr>\n<tr>\n<td>+2<\/td>\n<td>8<\/td>\n<td>7<\/td>\n<td>8<\/td>\n<td>8<\/td>\n<\/tr>\n<tr>\n<td>+3<\/td>\n<td>3<\/td>\n<td>4<\/td>\n<td>4<\/td>\n<td>5<\/td>\n<\/tr>\n<tr>\n<td>+4<\/td>\n<td>1.5<\/td>\n<td>2.5<\/td>\n<td>3<\/td>\n<td>4<\/td>\n<\/tr>\n<tr>\n<td>+5<\/td>\n<td>1<\/td>\n<td>1<\/td>\n<td>2<\/td>\n<td>2<\/td>\n<\/tr>\n<tr>\n<td>+6<\/td>\n<td>.5<\/td>\n<td>1<\/td>\n<td>2<\/td>\n<td>2<\/td>\n<\/tr>\n<tr>\n<td>+7<\/td>\n<td>0<\/td>\n<td>.5<\/td>\n<td>1<\/td>\n<td>1.5<\/td>\n<\/tr>\n<tr>\n<td>+8<\/td>\n<td>0<\/td>\n<td>0<\/td>\n<td>.5<\/td>\n<td>1<\/td>\n<\/tr>\n<tr>\n<td>+9<\/td>\n<td>0<\/td>\n<td>0<\/td>\n<td>0<\/td>\n<td>.5<\/td>\n<\/tr>\n<tr>\n<td>+10<\/td>\n<td>0<\/td>\n<td>0<\/td>\n<td>0<\/td>\n<td>.5<\/td>\n<\/tr>\n<\/tbody>\n<\/table>\n<\/div>\n<p><b>Examinons ce que j'essaie de dire ici.<\/b>  Si vous jouez \u00e0 un jeu avec seulement 50% de p\u00e9n\u00e9tration, sur 100 mains, seules 29 auront, en moyenne, un compte r\u00e9el de 1 ou plus.  Puisqu'il faut un compte r\u00e9el de 1 pour \u00eatre \u00e0 \u00e9galit\u00e9 avec la maison, seules 14 mains seront des mains sur lesquelles vous avez un avantage.  Regardez maintenant les statistiques d'un jeu avec 85% de p\u00e9n\u00e9tration.  Ici, environ 37,5% des mains seront au seuil de rentabilit\u00e9 ou mieux et pr\u00e8s d'un quart seront des mains sur lesquelles vous avez un avantage.<\/p>\n<h3>VOUS PERDEZ VOTRE TEMPS ET VOTRE ARGENT SI VOUS JOUEZ \u00c0 UN JEU AVEC UNE P\u00c9N\u00c9TRATION INF\u00c9RIEURE \u00c0 65%.<\/h3>\n<p><b>M\u00eame si un jeu n'offre pas les meilleures r\u00e8gles, il peut toujours \u00eatre battu si l'on dispose d'une bonne p\u00e9n\u00e9tration. <\/b> Rappelez-vous que vous devez quitter une partie lorsque le compte descend en dessous d'un vrai moins 1, de sorte que vous passiez la majeure partie de votre temps de jeu \u00e0 faire des paris dans ce que j'appelle la \"zone de profit\".<\/p>\n<h3>Devoirs<\/h3>\n<p>Calculez l'avantage de d\u00e9part du joueur pour le jeu suivant :<\/p>\n<ul>\n<li>Jeu simple, double seulement sur 10 et 11 et le croupier touche A-6.  Les resplits (sauf les As) sont autoris\u00e9s et l'assurance est disponible.<\/li>\n<li>Six jeux, le croupier s'arr\u00eate sur A-6, il double les deux premi\u00e8res cartes, le double apr\u00e8s le split est autoris\u00e9, le resplitting est autoris\u00e9, y compris les As et l'assurance est disponible.<\/li>\n<li>Deux jeux, double sur les deux premi\u00e8res cartes, pas de re-s\u00e9paration des paires, pas de double apr\u00e8s la s\u00e9paration, possibilit\u00e9 de se rendre tardivement et de s'assurer.<\/li>\n<\/ul>\n<p>Je publierai les r\u00e9ponses correctes \u00e0 ce quiz dans la prochaine le\u00e7on.<\/p>","protected":false},"excerpt":{"rendered":"<p>While almost all Blackjack games are ultimately beatable, the rewards to be gained from marginal situations do not adequately compensate you for your time and risk. Therefore, you must evaluate a game in several ways before playing it. Two primary areas of concern are the house rules of the game, including the number of decks [&hellip;]<\/p>\n","protected":false},"author":2,"featured_media":0,"parent":634,"menu_order":0,"comment_status":"open","ping_status":"open","template":"page-blackjack-school.php","meta":{"_acf_changed":false,"footnotes":""},"tags":[],"class_list":["post-729","page","type-page","status-publish","hentry"],"acf":[],"yoast_head":"<!-- This site is optimized with the Yoast SEO plugin v26.6 - https:\/\/yoast.com\/wordpress\/plugins\/seo\/ -->\n<title>Blackjack School \u1408 Lesson 11 - Evaluating Games<\/title>\n<meta name=\"description\" content=\"Lesson 11 in the GameMaster&#039;s Free Blackjack School - How to Evaluate and Choose the Best Games\" \/>\n<meta name=\"robots\" content=\"index, follow, max-snippet:-1, max-image-preview:large, max-video-preview:-1\" \/>\n<link rel=\"canonical\" href=\"https:\/\/www.blackjackinfo.com\/fr\/ecole-de-blackjack\/lecon-11-evaluation-des-jeux\/\" \/>\n<meta property=\"og:locale\" content=\"fr_FR\" \/>\n<meta property=\"og:type\" content=\"article\" \/>\n<meta property=\"og:title\" content=\"Blackjack School \u1408 Lesson 11 - Evaluating Games\" \/>\n<meta property=\"og:description\" content=\"Lesson 11 in the GameMaster&#039;s Free Blackjack School - How to Evaluate and Choose the Best Games\" \/>\n<meta property=\"og:url\" content=\"https:\/\/www.blackjackinfo.com\/fr\/ecole-de-blackjack\/lecon-11-evaluation-des-jeux\/\" \/>\n<meta property=\"og:site_name\" content=\"BlackjackInfo.com\" \/>\n<meta property=\"article:modified_time\" content=\"2020-02-18T23:57:23+00:00\" \/>\n<meta name=\"twitter:label1\" content=\"Dur\u00e9e de lecture estim\u00e9e\" \/>\n\t<meta name=\"twitter:data1\" content=\"3 minutes\" \/>\n<script type=\"application\/ld+json\" class=\"yoast-schema-graph\">{\"@context\":\"https:\/\/schema.org\",\"@graph\":[{\"@type\":\"WebPage\",\"@id\":\"https:\/\/www.blackjackinfo.com\/blackjack-school\/lesson-11-evaluating-games\/\",\"url\":\"https:\/\/www.blackjackinfo.com\/blackjack-school\/lesson-11-evaluating-games\/\",\"name\":\"Blackjack School \u1408 Lesson 11 - Evaluating Games\",\"isPartOf\":{\"@id\":\"https:\/\/www.blackjackinfo.com\/#website\"},\"datePublished\":\"2014-10-20T01:37:05+00:00\",\"dateModified\":\"2020-02-18T23:57:23+00:00\",\"description\":\"Lesson 11 in the GameMaster's Free Blackjack School - How to Evaluate and Choose the Best Games\",\"breadcrumb\":{\"@id\":\"https:\/\/www.blackjackinfo.com\/blackjack-school\/lesson-11-evaluating-games\/#breadcrumb\"},\"inLanguage\":\"fr-FR\",\"potentialAction\":[{\"@type\":\"ReadAction\",\"target\":[\"https:\/\/www.blackjackinfo.com\/blackjack-school\/lesson-11-evaluating-games\/\"]}]},{\"@type\":\"BreadcrumbList\",\"@id\":\"https:\/\/www.blackjackinfo.com\/blackjack-school\/lesson-11-evaluating-games\/#breadcrumb\",\"itemListElement\":[{\"@type\":\"ListItem\",\"position\":1,\"name\":\"Home\",\"item\":\"https:\/\/www.blackjackinfo.com\/\"},{\"@type\":\"ListItem\",\"position\":2,\"name\":\"Blackjack School &#8211; A Free 24-Lesson Class on Card Counting\",\"item\":\"https:\/\/www.blackjackinfo.com\/blackjack-school\/\"},{\"@type\":\"ListItem\",\"position\":3,\"name\":\"Lesson 11 &#8211; Evaluating Games\"}]},{\"@type\":\"WebSite\",\"@id\":\"https:\/\/www.blackjackinfo.com\/#website\",\"url\":\"https:\/\/www.blackjackinfo.com\/\",\"name\":\"BlackjackInfo.com\",\"description\":\"Because Winning is More Fun!\",\"potentialAction\":[{\"@type\":\"SearchAction\",\"target\":{\"@type\":\"EntryPoint\",\"urlTemplate\":\"https:\/\/www.blackjackinfo.com\/?s={search_term_string}\"},\"query-input\":{\"@type\":\"PropertyValueSpecification\",\"valueRequired\":true,\"valueName\":\"search_term_string\"}}],\"inLanguage\":\"fr-FR\"}]}<\/script>\n<!-- \/ Yoast SEO plugin. -->","yoast_head_json":{"title":"Ecole de Blackjack \u1408 Le\u00e7on 11 - Evaluer les jeux","description":"Le\u00e7on 11 de l'\u00e9cole gratuite de blackjack du ma\u00eetre de jeu - Comment \u00e9valuer et choisir les meilleurs jeux","robots":{"index":"index","follow":"follow","max-snippet":"max-snippet:-1","max-image-preview":"max-image-preview:large","max-video-preview":"max-video-preview:-1"},"canonical":"https:\/\/www.blackjackinfo.com\/fr\/ecole-de-blackjack\/lecon-11-evaluation-des-jeux\/","og_locale":"fr_FR","og_type":"article","og_title":"Blackjack School \u1408 Lesson 11 - Evaluating Games","og_description":"Lesson 11 in the GameMaster's Free Blackjack School - How to Evaluate and Choose the Best Games","og_url":"https:\/\/www.blackjackinfo.com\/fr\/ecole-de-blackjack\/lecon-11-evaluation-des-jeux\/","og_site_name":"BlackjackInfo.com","article_modified_time":"2020-02-18T23:57:23+00:00","twitter_misc":{"Dur\u00e9e de lecture estim\u00e9e":"3 minutes"},"schema":{"@context":"https:\/\/schema.org","@graph":[{"@type":"WebPage","@id":"https:\/\/www.blackjackinfo.com\/blackjack-school\/lesson-11-evaluating-games\/","url":"https:\/\/www.blackjackinfo.com\/blackjack-school\/lesson-11-evaluating-games\/","name":"Ecole de Blackjack \u1408 Le\u00e7on 11 - Evaluer les jeux","isPartOf":{"@id":"https:\/\/www.blackjackinfo.com\/#website"},"datePublished":"2014-10-20T01:37:05+00:00","dateModified":"2020-02-18T23:57:23+00:00","description":"Le\u00e7on 11 de l'\u00e9cole gratuite de blackjack du ma\u00eetre de jeu - Comment \u00e9valuer et choisir les meilleurs jeux","breadcrumb":{"@id":"https:\/\/www.blackjackinfo.com\/blackjack-school\/lesson-11-evaluating-games\/#breadcrumb"},"inLanguage":"fr-FR","potentialAction":[{"@type":"ReadAction","target":["https:\/\/www.blackjackinfo.com\/blackjack-school\/lesson-11-evaluating-games\/"]}]},{"@type":"BreadcrumbList","@id":"https:\/\/www.blackjackinfo.com\/blackjack-school\/lesson-11-evaluating-games\/#breadcrumb","itemListElement":[{"@type":"ListItem","position":1,"name":"Home","item":"https:\/\/www.blackjackinfo.com\/"},{"@type":"ListItem","position":2,"name":"Blackjack School &#8211; A Free 24-Lesson Class on Card Counting","item":"https:\/\/www.blackjackinfo.com\/blackjack-school\/"},{"@type":"ListItem","position":3,"name":"Lesson 11 &#8211; Evaluating Games"}]},{"@type":"WebSite","@id":"https:\/\/www.blackjackinfo.com\/#website","url":"https:\/\/www.blackjackinfo.com\/","name":"BlackjackInfo.com","description":"Parce que gagner, c'est plus amusant !","potentialAction":[{"@type":"SearchAction","target":{"@type":"EntryPoint","urlTemplate":"https:\/\/www.blackjackinfo.com\/?s={search_term_string}"},"query-input":{"@type":"PropertyValueSpecification","valueRequired":true,"valueName":"search_term_string"}}],"inLanguage":"fr-FR"}]}},"_links":{"self":[{"href":"https:\/\/www.blackjackinfo.com\/fr\/wp-json\/wp\/v2\/pages\/729","targetHints":{"allow":["GET"]}}],"collection":[{"href":"https:\/\/www.blackjackinfo.com\/fr\/wp-json\/wp\/v2\/pages"}],"about":[{"href":"https:\/\/www.blackjackinfo.com\/fr\/wp-json\/wp\/v2\/types\/page"}],"author":[{"embeddable":true,"href":"https:\/\/www.blackjackinfo.com\/fr\/wp-json\/wp\/v2\/users\/2"}],"replies":[{"embeddable":true,"href":"https:\/\/www.blackjackinfo.com\/fr\/wp-json\/wp\/v2\/comments?post=729"}],"version-history":[{"count":7,"href":"https:\/\/www.blackjackinfo.com\/fr\/wp-json\/wp\/v2\/pages\/729\/revisions"}],"predecessor-version":[{"id":5461,"href":"https:\/\/www.blackjackinfo.com\/fr\/wp-json\/wp\/v2\/pages\/729\/revisions\/5461"}],"up":[{"embeddable":true,"href":"https:\/\/www.blackjackinfo.com\/fr\/wp-json\/wp\/v2\/pages\/634"}],"wp:attachment":[{"href":"https:\/\/www.blackjackinfo.com\/fr\/wp-json\/wp\/v2\/media?parent=729"}],"wp:term":[{"taxonomy":"post_tag","embeddable":true,"href":"https:\/\/www.blackjackinfo.com\/fr\/wp-json\/wp\/v2\/tags?post=729"}],"curies":[{"name":"wp","href":"https:\/\/api.w.org\/{rel}","templated":true}]}}