{"id":731,"date":"2014-10-19T20:41:43","date_gmt":"2014-10-20T01:41:43","guid":{"rendered":"http:\/\/test.blackjackinfo.com\/?page_id=731"},"modified":"2020-02-18T17:57:34","modified_gmt":"2020-02-18T23:57:34","slug":"lecon-12-tactiques-de-jeu-de-casino","status":"publish","type":"page","link":"https:\/\/www.blackjackinfo.com\/fr\/blackjack-school\/lesson-12-casino-playing-tactics\/","title":{"rendered":"Le\u00e7on 12 - Tactiques de jeu au casino"},"content":{"rendered":"<h3>Qu'est-ce qu'une tactique de jeu de casino ?<\/h3>\n<p class=\"intro\">\n<b>C'est une triste r\u00e9alit\u00e9 que le personnel des casinos, en particulier les chefs de salle et les chefs de fosse, n'aiment pas que des compteurs de cartes jouent \u00e0 leurs jeux de Blackjack.<\/b>  Ils savent que le jeu peut \u00eatre battu par un joueur habile et, selon la profondeur de leur parano\u00efa, leur r\u00e9action \u00e0 l'\u00e9gard d'un joueur qui gagne et qui est soup\u00e7onn\u00e9 d'\u00eatre un pion peut varier d'un examen minutieux (\"heat\") \u00e0 l'exclusion pure et simple de ce joueur.  Par cons\u00e9quent, un joueur habile doit dissimuler ses capacit\u00e9s et appara\u00eetre comme un \"perdant\" parmi d'autres tout en gagnant au jeu.  Une bonne tactique de jeu au casino permet de dissimuler vos comp\u00e9tences, ce qui vous permet de continuer \u00e0 jouer.<\/p>\n<h3>Profil d'un comptoir de casino<\/h3>\n<p>Les superviseurs des casinos croient qu'ils ont \u00e9tabli le profil des compteurs de cartes et qu'ils peuvent les rep\u00e9rer par leurs actions.  La liste est longue, mais voici quelques-uns de leurs pr\u00e9jug\u00e9s :<\/p>\n<ol>\n<li>Les compteurs de cartes sont g\u00e9n\u00e9ralement de jeunes hommes blancs (probablement barbus) qui s'habillent de mani\u00e8re trop d\u00e9contract\u00e9e par rapport \u00e0 la somme d'argent qu'ils brassent.<\/li>\n<li>Les compteurs de cartes \"explorent\" les tables dans une fosse, \u00e0 la recherche d'un bon compte avant de s'asseoir.<\/li>\n<li>Un compteur changera $200-300 en jetons mais ne misera que $5 ou $10 sur la premi\u00e8re main.<\/li>\n<li>Les compteurs ne parlent \u00e0 personne ; ils fixent le plateau de d\u00e9fausse et balayent \u00e0 nouveau la table, en v\u00e9rifiant le d\u00e9compte.<\/li>\n<li>Les guichetiers ne fument pas et ne boivent pas d'alcool.<\/li>\n<li>Un compteur r\u00e9fl\u00e9chit un moment avant de placer sa mise.<\/li>\n<li>Un compteur n'h\u00e9site pas \u00e0 jouer une main \"raide\".<\/li>\n<li>Un compteur ne prend jamais d'assurance lorsqu'une mise minimale est sortie, mais prend une assurance lorsqu'une grosse mise est sortie, quelle que soit sa main.<\/li>\n<li>Un compteur varie sa mise au-del\u00e0 d'un \"parlay\".<\/li>\n<li>Les guichetiers ne donnent pas de pourboire aux croupiers.<\/li>\n<li>Un compteur retire une grosse mise et l'abaisse lors d'un \"push\" ou lorsque le sabot se termine.<\/li>\n<li>Un compteur effectue toujours une mise minimale sur la premi\u00e8re main d'un sabot qui vient d'\u00eatre m\u00e9lang\u00e9.<\/li>\n<\/ol>\n<div class=\"row\" style=\"margin-bottom:20px\">\n    <div class=\"col-sm-12\">\n                <h2>Les meilleurs casinos en ligne des Etats-Unis <span\n                class=\"flag-icon flag-icon-us\"><\/span><\/h2>\n\n        \n                \n        <div class=\"ranking-table text-center\">\n            <div class=\"row flex ad-row\">\n                <div class=\"col-sm-3\">\n                    <div class=\"row flex\">\n\n                        <div class=\"col-sm-3\">\n                            <div class=\"ranking-number text-center\">\n\n                                1                                \n                            <\/div>\n                        <\/div>\n                        <div class=\"col-sm-9\">\n                            <img decoding=\"async\" src=\"https:\/\/www.blackjackinfo.com\/files\/bovada.png\" data-no-auto-translation=\"\">\n                        <\/div>\n                    <\/div>\n                <\/div>\n                <div class=\"col-sm-4\">\n                    <div class=\"bonus-text text-center\"><span class=\"red\">100% jusqu'\u00e0 $1 000<\/span><\/div>\n\t\t\t\t\t\n\n                <\/div>\n                <div class=\"col-sm-2\">\n                    <a class=\"btn btn-wire\" href=\"\/fr\/casino\/bovada\/\">R\u00e9vision<\/a>\n\n                <\/div>\n                <div class=\"col-sm-3\">\n                    <a rel=\"nofollow\" target=\"_blank\" class=\"btn btn-blue\" href=\"\/goto\/goto\/\">Jouer\n                        Maintenant<\/a>\n\t\t\t\t\t\t\n\n                <\/div>\n            <\/div>\n        <\/div>\n\n\n\n        \n                \n        <div class=\"ranking-table text-center\">\n            <div class=\"row flex ad-row\">\n                <div class=\"col-sm-3\">\n                    <div class=\"row flex\">\n\n                        <div class=\"col-sm-3\">\n                            <div class=\"ranking-number text-center\">\n\n                                2                                \n                            <\/div>\n                        <\/div>\n                        <div class=\"col-sm-9\">\n                            <img decoding=\"async\" src=\"https:\/\/www.blackjackinfo.com\/files\/ignition-casino-logo.png\" data-no-auto-translation=\"\">\n                        <\/div>\n                    <\/div>\n                <\/div>\n                <div class=\"col-sm-4\">\n                    <div class=\"bonus-text text-center\"><span class=\"red\">100% jusqu'\u00e0 $1 000<\/span><\/div>\n\t\t\t\t\t\n\n                <\/div>\n                <div class=\"col-sm-2\">\n                    <a class=\"btn btn-wire\" href=\"\/fr\/casino\/ignition-casino\/\">R\u00e9vision<\/a>\n\n                <\/div>\n                <div class=\"col-sm-3\">\n                    <a rel=\"nofollow\" target=\"_blank\" class=\"btn btn-blue\" href=\"\/goto\/goto\/\">Jouer\n                        Maintenant<\/a>\n\t\t\t\t\t\t\n\n                <\/div>\n            <\/div>\n        <\/div>\n\n\n\n        \n                \n        <div class=\"ranking-table text-center\">\n            <div class=\"row flex ad-row\">\n                <div class=\"col-sm-3\">\n                    <div class=\"row flex\">\n\n                        <div class=\"col-sm-3\">\n                            <div class=\"ranking-number text-center\">\n\n                                3                                \n                            <\/div>\n                        <\/div>\n                        <div class=\"col-sm-9\">\n                            <img decoding=\"async\" src=\"https:\/\/www.blackjackinfo.com\/files\/VipSlots-500x250_dark.svg\" data-no-auto-translation=\"\">\n                        <\/div>\n                    <\/div>\n                <\/div>\n                <div class=\"col-sm-4\">\n                    <div class=\"bonus-text text-center\"><span class=\"red\">100 SPINS GRATUITS sur Secret Life of Cats<\/span><\/div>\n\t\t\t\t\t\n\n                <\/div>\n                <div class=\"col-sm-2\">\n                    <a class=\"btn btn-wire\" href=\"\/fr\/casino\/vipslots-casino\/\">R\u00e9vision<\/a>\n\n                <\/div>\n                <div class=\"col-sm-3\">\n                    <a rel=\"nofollow\" target=\"_blank\" class=\"btn btn-blue\" href=\"\/goto\/goto\/\">Jouer\n                        Maintenant<\/a>\n\t\t\t\t\t\t\n\n                <\/div>\n            <\/div>\n        <\/div>\n\n\n\n        \n                \n        <div class=\"ranking-table text-center\">\n            <div class=\"row flex ad-row\">\n                <div class=\"col-sm-3\">\n                    <div class=\"row flex\">\n\n                        <div class=\"col-sm-3\">\n                            <div class=\"ranking-number text-center\">\n\n                                4                                \n                            <\/div>\n                        <\/div>\n                        <div class=\"col-sm-9\">\n                            <img decoding=\"async\" src=\"https:\/\/www.blackjackinfo.com\/files\/vegas_casino_online.png\" data-no-auto-translation=\"\">\n                        <\/div>\n                    <\/div>\n                <\/div>\n                <div class=\"col-sm-4\">\n                    <div class=\"bonus-text text-center\"><span class=\"red\">300% jusqu'\u00e0 $3,000<\/span><\/div>\n\t\t\t\t\t\n\n                <\/div>\n                <div class=\"col-sm-2\">\n                    <a class=\"btn btn-wire\" href=\"\/fr\/casino\/vegas-casino-online-2\/\">R\u00e9vision<\/a>\n\n                <\/div>\n                <div class=\"col-sm-3\">\n                    <a rel=\"nofollow\" target=\"_blank\" class=\"btn btn-blue\" href=\"\/goto\/goto\/\">Jouer\n                        Maintenant<\/a>\n\t\t\t\t\t\t\n\n                <\/div>\n            <\/div>\n        <\/div>\n\n\n\n        \n                \n        <div class=\"ranking-table text-center\">\n            <div class=\"row flex ad-row\">\n                <div class=\"col-sm-3\">\n                    <div class=\"row flex\">\n\n                        <div class=\"col-sm-3\">\n                            <div class=\"ranking-number text-center\">\n\n                                5                                \n                            <\/div>\n                        <\/div>\n                        <div class=\"col-sm-9\">\n                            <img decoding=\"async\" src=\"https:\/\/www.blackjackinfo.com\/files\/cafe-casino-logo.svg\" data-no-auto-translation=\"\">\n                        <\/div>\n                    <\/div>\n                <\/div>\n                <div class=\"col-sm-4\">\n                    <div class=\"bonus-text text-center\"><span class=\"red\">250% jusqu'\u00e0 $1,500<\/span><\/div>\n\t\t\t\t\t\n\n                <\/div>\n                <div class=\"col-sm-2\">\n                    <a class=\"btn btn-wire\" href=\"\/fr\/casino\/cafe-casino\/\">R\u00e9vision<\/a>\n\n                <\/div>\n                <div class=\"col-sm-3\">\n                    <a rel=\"nofollow\" target=\"_blank\" class=\"btn btn-blue\" href=\"\/goto\/goto\/\">Jouer\n                        Maintenant<\/a>\n\t\t\t\t\t\t\n\n                <\/div>\n            <\/div>\n        <\/div>\n\n\n\n            <\/div>\n<\/div>\n<h3>Compteur de cartes Camouflage<\/h3>\n<p><b>Pour gagner de l'argent au Blackjack, vous devez rester le bienvenu dans les casinos.<\/b>  Mais m\u00eame si vous avez l'impression d'avoir un grand \"C\" rouge sur le front les premi\u00e8res fois que vous jouez au comptoir, ce n'est pas le cas et si vous \u00e9vitez quelques erreurs de \"d\u00e9butant\", les superviseurs du casino ne feront probablement pas attention \u00e0 vous.<\/p>\n<p><b>Si vous jouez pour des enjeux \u00e9lev\u00e9s, vous serez remarqu\u00e9, que vous gagniez ou que vous perdiez ; les joueurs qui jouent pour des enjeux \u00e9lev\u00e9s sont toujours remarqu\u00e9s.<\/b>  Mais si vous commencez avec l'\u00e9cart de $5 \u00e0 $60 que je recommande, vous ne serez probablement pas du tout remarqu\u00e9.  La fr\u00e9quence \u00e0 laquelle vous jouez dans un casino particulier a beaucoup \u00e0 voir avec cela.  Rappelez-vous que la plupart des casinos ont au moins deux \u00e9quipes, alors essayez de r\u00e9partir vos jeux entre les casinos et les \u00e9quipes.<b> \u00c9VITER DE PASSER D'UN POSTE \u00c0 L'AUTRE<\/b>.  Gardez vos sessions assez courtes et il leur faudra beaucoup de temps pour commencer \u00e0 comprendre ce que vous faites.<\/p>\n<p>La v\u00e9ritable cl\u00e9 pour tromper le personnel du casino est de donner l'impression d'\u00eatre un joueur comme les autres.  Voici quelques techniques que j'utilise.<\/p>\n<ol>\n<li>Habillez-vous en fonction de votre niveau de mise.  Un \"gros joueur\" doit avoir l'air d'une personne prosp\u00e8re et non, comme l'a dit un auteur, \"d'un instituteur rempla\u00e7ant au ch\u00f4mage\".  Si vous vous rendez dans un casino local pendant l'\u00e9quipe de jour, en semaine, habillez-vous comme un homme d'affaires qui fait l'\u00e9cole buissonni\u00e8re.  Ne vous habillez PAS en touriste (un d\u00e9guisement tr\u00e8s efficace) si l'on doit vous revoir la semaine prochaine.<\/li>\n<li>Lorsque vous entrez dans un casino, dirigez-vous directement vers une table o\u00f9 le croupier m\u00e9lange les cartes et asseyez-vous.  Parlez au croupier, ou au moins dites-lui \"bonjour\".<\/li>\n<li>Si vous jouez une mise minimale de $5, achetez pour moins de $100, mais plus de $40.  N'utilisez pas de termes tels que \"rouge\" ou \"vert\", \"pi\u00e8ces de cinq cents\" ou \"pi\u00e8ces de vingt-cinq cents\".  Appelez les jetons $5 ou $25.<\/li>\n<li>Ne commandez rien aux serveurs de cocktails ; ils sont trop lents et le fait d'attendre une boisson peut vous amener \u00e0 jouer \u00e0 un jeu n\u00e9gatif pendant que vous attendez.  Commandez plut\u00f4t des boissons non alcoolis\u00e9es au bar (O'Doul's, jus d'orange, tout ce qui contient du citron vert) et emportez-les avec vous.<\/li>\n<li>Essayez de toujours avoir une mise dans votre cercle de pari.  Rappelez-vous que seuls les compteurs r\u00e9fl\u00e9chissent au montant de leur mise ; les joueurs, eux, se contentent de miser.  Si vous avez perdu votre main ou obtenu un Blackjack, placez votre prochaine mise pendant que le croupier joue sa main.  Avec de l'entra\u00eenement, votre mise sera correcte, mais vous n'aurez pas l'impression d'avoir beaucoup r\u00e9fl\u00e9chi au montant \u00e0 miser.<\/li>\n<li>Les joueurs ne quittent JAMAIS une table apr\u00e8s avoir gagn\u00e9.  Si le compte est tomb\u00e9 en dessous de -1, continuez \u00e0 jouer avec la mise minimale jusqu'\u00e0 ce que vous perdiez une main.<\/li>\n<li>H\u00e9sitez avant de toucher une main \"raide\".  Il est utile de parler aux cartes.<\/li>\n<li>Occasionnellement, assurez votre Blackjack contre l'As du croupier lorsque vous avez la mise minimale.  Ne demandez pas une mise \u00e9gale ; faites comme si vous ne saviez pas comment cela fonctionne.  Cela incitera \u00e9galement le croupier \u00e0 ralentir ses appels d'assurance \u00e0 l'avenir, ce qui vous donnera plus de temps pour calculer le vrai compte.  Il est pr\u00e9f\u00e9rable d'effectuer ce pari d'assurance \"minimum\" lorsqu'un superviseur de salle est \u00e0 l'aff\u00fbt.<\/li>\n<li>Si vous comptez donner un pourboire au croupier (ce que vous devriez faire avec parcimonie), attendez que le compte soit \u00e9lev\u00e9 et que vous ayez mis\u00e9 gros.  En pla\u00e7ant une mise pour le croupier \u00e0 ce moment-l\u00e0, vous donnerez l'impression que vous voulez qu'il vous aide \u00e0 gagner.<\/li>\n<li>Une ou deux fois par session, commencez un nouveau sabot avec une mise de 2 ou 3 fois le minimum.<\/li>\n<li>Ne vous \u00e9cartez pas de la strat\u00e9gie de base appropri\u00e9e pour vous camoufler ; la plupart des employ\u00e9s des casinos ne conna\u00eetraient pas le bon jeu de toute fa\u00e7on.  En fait, les joueurs qui suivent une strat\u00e9gie de base parfaite ont l'air d'idiots - toucher un 12 contre un 2 ou un 3 ou doubler un A-7 contre un 4, c'est de la folie ! (Pour eux).<\/li>\n<li>Ne parlez pas de vos capacit\u00e9s aux autres \u00e0 la table ; n'aidez pas les autres \u00e0 jouer leurs mains correctement.  N'admettez jamais que vous avez compris un livre sur le blackjack.  N'ayez pas l'air confiant, mais n'agissez pas comme un perdant lorsque vous \u00eates manifestement en train de gagner - les joueurs aiment gagner !<\/li>\n<li>Je ne peux pas me r\u00e9soudre \u00e0 en porter un, mais un \"sac banane\" doit \u00eatre l'un des objets les plus d\u00e9sarmants qu'un guichetier puisse porter.  Avec \u00e7a et une paire de lunettes, peu de superviseurs penseront que vous \u00eates un destructeur de casinos au sang froid, qui compte les cartes et au regard d'acier.  Mais je suppose que si mon comportement habituel commence \u00e0 s'essouffler, j'en ach\u00e8terai une et je la mettrai.  Je pr\u00e9f\u00e8re \u00eatre riche que cool.<\/li>\n<\/ol>\n<h3>Devoirs<\/h3>\n<p>Voici les r\u00e9ponses \u00e0 l'exercice de la semaine derni\u00e8re.<\/p>\n<p>Calculez l'avantage de d\u00e9part du casino pour les jeux suivants :<\/p>\n<ul>\n<li>Jeu simple, double seulement 10 ou 11, le croupier touche A-6. <b>R\u00e9ponse : .33%<\/b><\/li>\n<li>Six jeux, double sur les deux premi\u00e8res cartes, le croupier reste sur A-6, resplit les paires, y compris les As, double apr\u00e8s le split autoris\u00e9. <b>R\u00e9ponse : .33%<\/b><\/li>\n<li>Deux jeux, double sur les deux premi\u00e8res cartes, pas de resplit pour les paires, pas de double apr\u00e8s le split, le croupier reste sur A-6, abandon tardif.<b> R\u00e9ponse : .30% (Je n'ai pas pr\u00e9cis\u00e9 si le croupier reste ou frappe sur A-6 ; ce chiffre est pour un jeu o\u00f9 il reste).<\/b><\/li>\n<\/ul>","protected":false},"excerpt":{"rendered":"<p>What Are Casino Playing Tactics? It&#8217;s a sad fact of life that casino personnel, especially floor supervisors and pit bosses do not like card counters playing at their Blackjack games. They know the game can be beaten by a skilled player, so depending upon how deep their paranoia runs, their reaction to a player who [&hellip;]<\/p>\n","protected":false},"author":2,"featured_media":0,"parent":634,"menu_order":0,"comment_status":"open","ping_status":"open","template":"page-blackjack-school.php","meta":{"_acf_changed":false,"footnotes":""},"tags":[],"class_list":["post-731","page","type-page","status-publish","hentry"],"acf":[],"yoast_head":"<!-- This site is optimized with the Yoast SEO plugin v26.6 - https:\/\/yoast.com\/wordpress\/plugins\/seo\/ -->\n<title>Blackjack School \u1408 Lesson 12 - Casino Playing Tactics<\/title>\n<meta name=\"description\" content=\"Lesson 12 in the GameMaster&#039;s Free Blackjack School - How to behave in the casino to stay welcome.\" \/>\n<meta name=\"robots\" content=\"index, follow, max-snippet:-1, max-image-preview:large, max-video-preview:-1\" \/>\n<link rel=\"canonical\" href=\"https:\/\/www.blackjackinfo.com\/fr\/ecole-de-blackjack\/lecon-12-tactiques-de-jeu-de-casino\/\" \/>\n<meta property=\"og:locale\" content=\"fr_FR\" \/>\n<meta property=\"og:type\" content=\"article\" \/>\n<meta property=\"og:title\" content=\"Blackjack School \u1408 Lesson 12 - Casino Playing Tactics\" \/>\n<meta property=\"og:description\" content=\"Lesson 12 in the GameMaster&#039;s Free Blackjack School - How to behave in the casino to stay welcome.\" \/>\n<meta property=\"og:url\" content=\"https:\/\/www.blackjackinfo.com\/fr\/ecole-de-blackjack\/lecon-12-tactiques-de-jeu-de-casino\/\" \/>\n<meta property=\"og:site_name\" content=\"BlackjackInfo.com\" \/>\n<meta property=\"article:modified_time\" content=\"2020-02-18T23:57:34+00:00\" \/>\n<meta name=\"twitter:label1\" content=\"Dur\u00e9e de lecture estim\u00e9e\" \/>\n\t<meta name=\"twitter:data1\" content=\"6 minutes\" \/>\n<script type=\"application\/ld+json\" class=\"yoast-schema-graph\">{\"@context\":\"https:\/\/schema.org\",\"@graph\":[{\"@type\":\"WebPage\",\"@id\":\"https:\/\/www.blackjackinfo.com\/blackjack-school\/lesson-12-casino-playing-tactics\/\",\"url\":\"https:\/\/www.blackjackinfo.com\/blackjack-school\/lesson-12-casino-playing-tactics\/\",\"name\":\"Blackjack School \u1408 Lesson 12 - Casino Playing Tactics\",\"isPartOf\":{\"@id\":\"https:\/\/www.blackjackinfo.com\/#website\"},\"datePublished\":\"2014-10-20T01:41:43+00:00\",\"dateModified\":\"2020-02-18T23:57:34+00:00\",\"description\":\"Lesson 12 in the GameMaster's Free Blackjack School - How to behave in the casino to stay welcome.\",\"breadcrumb\":{\"@id\":\"https:\/\/www.blackjackinfo.com\/blackjack-school\/lesson-12-casino-playing-tactics\/#breadcrumb\"},\"inLanguage\":\"fr-FR\",\"potentialAction\":[{\"@type\":\"ReadAction\",\"target\":[\"https:\/\/www.blackjackinfo.com\/blackjack-school\/lesson-12-casino-playing-tactics\/\"]}]},{\"@type\":\"BreadcrumbList\",\"@id\":\"https:\/\/www.blackjackinfo.com\/blackjack-school\/lesson-12-casino-playing-tactics\/#breadcrumb\",\"itemListElement\":[{\"@type\":\"ListItem\",\"position\":1,\"name\":\"Home\",\"item\":\"https:\/\/www.blackjackinfo.com\/\"},{\"@type\":\"ListItem\",\"position\":2,\"name\":\"Blackjack School &#8211; A Free 24-Lesson Class on Card Counting\",\"item\":\"https:\/\/www.blackjackinfo.com\/blackjack-school\/\"},{\"@type\":\"ListItem\",\"position\":3,\"name\":\"Lesson 12 &#8211; Casino Playing Tactics\"}]},{\"@type\":\"WebSite\",\"@id\":\"https:\/\/www.blackjackinfo.com\/#website\",\"url\":\"https:\/\/www.blackjackinfo.com\/\",\"name\":\"BlackjackInfo.com\",\"description\":\"Because Winning is More Fun!\",\"potentialAction\":[{\"@type\":\"SearchAction\",\"target\":{\"@type\":\"EntryPoint\",\"urlTemplate\":\"https:\/\/www.blackjackinfo.com\/?s={search_term_string}\"},\"query-input\":{\"@type\":\"PropertyValueSpecification\",\"valueRequired\":true,\"valueName\":\"search_term_string\"}}],\"inLanguage\":\"fr-FR\"}]}<\/script>\n<!-- \/ Yoast SEO plugin. -->","yoast_head_json":{"title":"Blackjack School \u1408 Le\u00e7on 12 - Tactiques de jeu au casino","description":"Le\u00e7on 12 de l'\u00e9cole gratuite de blackjack du ma\u00eetre de jeu - Comment se comporter dans le casino pour rester le bienvenu.","robots":{"index":"index","follow":"follow","max-snippet":"max-snippet:-1","max-image-preview":"max-image-preview:large","max-video-preview":"max-video-preview:-1"},"canonical":"https:\/\/www.blackjackinfo.com\/fr\/ecole-de-blackjack\/lecon-12-tactiques-de-jeu-de-casino\/","og_locale":"fr_FR","og_type":"article","og_title":"Blackjack School \u1408 Lesson 12 - Casino Playing Tactics","og_description":"Lesson 12 in the GameMaster's Free Blackjack School - How to behave in the casino to stay welcome.","og_url":"https:\/\/www.blackjackinfo.com\/fr\/ecole-de-blackjack\/lecon-12-tactiques-de-jeu-de-casino\/","og_site_name":"BlackjackInfo.com","article_modified_time":"2020-02-18T23:57:34+00:00","twitter_misc":{"Dur\u00e9e de lecture estim\u00e9e":"6 minutes"},"schema":{"@context":"https:\/\/schema.org","@graph":[{"@type":"WebPage","@id":"https:\/\/www.blackjackinfo.com\/blackjack-school\/lesson-12-casino-playing-tactics\/","url":"https:\/\/www.blackjackinfo.com\/blackjack-school\/lesson-12-casino-playing-tactics\/","name":"Blackjack School \u1408 Le\u00e7on 12 - Tactiques de jeu au casino","isPartOf":{"@id":"https:\/\/www.blackjackinfo.com\/#website"},"datePublished":"2014-10-20T01:41:43+00:00","dateModified":"2020-02-18T23:57:34+00:00","description":"Le\u00e7on 12 de l'\u00e9cole gratuite de blackjack du ma\u00eetre de jeu - Comment se comporter dans le casino pour rester le bienvenu.","breadcrumb":{"@id":"https:\/\/www.blackjackinfo.com\/blackjack-school\/lesson-12-casino-playing-tactics\/#breadcrumb"},"inLanguage":"fr-FR","potentialAction":[{"@type":"ReadAction","target":["https:\/\/www.blackjackinfo.com\/blackjack-school\/lesson-12-casino-playing-tactics\/"]}]},{"@type":"BreadcrumbList","@id":"https:\/\/www.blackjackinfo.com\/blackjack-school\/lesson-12-casino-playing-tactics\/#breadcrumb","itemListElement":[{"@type":"ListItem","position":1,"name":"Home","item":"https:\/\/www.blackjackinfo.com\/"},{"@type":"ListItem","position":2,"name":"Blackjack School &#8211; A Free 24-Lesson Class on Card Counting","item":"https:\/\/www.blackjackinfo.com\/blackjack-school\/"},{"@type":"ListItem","position":3,"name":"Lesson 12 &#8211; Casino Playing Tactics"}]},{"@type":"WebSite","@id":"https:\/\/www.blackjackinfo.com\/#website","url":"https:\/\/www.blackjackinfo.com\/","name":"BlackjackInfo.com","description":"Parce que gagner, c'est plus amusant !","potentialAction":[{"@type":"SearchAction","target":{"@type":"EntryPoint","urlTemplate":"https:\/\/www.blackjackinfo.com\/?s={search_term_string}"},"query-input":{"@type":"PropertyValueSpecification","valueRequired":true,"valueName":"search_term_string"}}],"inLanguage":"fr-FR"}]}},"_links":{"self":[{"href":"https:\/\/www.blackjackinfo.com\/fr\/wp-json\/wp\/v2\/pages\/731","targetHints":{"allow":["GET"]}}],"collection":[{"href":"https:\/\/www.blackjackinfo.com\/fr\/wp-json\/wp\/v2\/pages"}],"about":[{"href":"https:\/\/www.blackjackinfo.com\/fr\/wp-json\/wp\/v2\/types\/page"}],"author":[{"embeddable":true,"href":"https:\/\/www.blackjackinfo.com\/fr\/wp-json\/wp\/v2\/users\/2"}],"replies":[{"embeddable":true,"href":"https:\/\/www.blackjackinfo.com\/fr\/wp-json\/wp\/v2\/comments?post=731"}],"version-history":[{"count":3,"href":"https:\/\/www.blackjackinfo.com\/fr\/wp-json\/wp\/v2\/pages\/731\/revisions"}],"predecessor-version":[{"id":5462,"href":"https:\/\/www.blackjackinfo.com\/fr\/wp-json\/wp\/v2\/pages\/731\/revisions\/5462"}],"up":[{"embeddable":true,"href":"https:\/\/www.blackjackinfo.com\/fr\/wp-json\/wp\/v2\/pages\/634"}],"wp:attachment":[{"href":"https:\/\/www.blackjackinfo.com\/fr\/wp-json\/wp\/v2\/media?parent=731"}],"wp:term":[{"taxonomy":"post_tag","embeddable":true,"href":"https:\/\/www.blackjackinfo.com\/fr\/wp-json\/wp\/v2\/tags?post=731"}],"curies":[{"name":"wp","href":"https:\/\/api.w.org\/{rel}","templated":true}]}}