{"id":733,"date":"2014-10-19T20:46:28","date_gmt":"2014-10-20T01:46:28","guid":{"rendered":"http:\/\/test.blackjackinfo.com\/?page_id=733"},"modified":"2020-02-18T17:57:47","modified_gmt":"2020-02-18T23:57:47","slug":"lecon-13-cours-avance-partie-1","status":"publish","type":"page","link":"https:\/\/www.blackjackinfo.com\/fr\/blackjack-school\/lesson-13-advanced-course-part-1\/","title":{"rendered":"Le\u00e7on 13 - Le cours avanc\u00e9 - Partie 1"},"content":{"rendered":"<p class=\"intro\">\n<b>Le moyen le plus puissant (l\u00e9gal) de surmonter l'avantage du casino au Blackjack est de varier vos mises en fonction du d\u00e9compte r\u00e9el.<\/b>  Des gains suppl\u00e9mentaires de .2 \u00e0 .3% sont disponibles pour ceux qui varient \u00e9galement le jeu de leurs mains en fonction du d\u00e9compte r\u00e9el.  Vous avez sans doute d\u00e9j\u00e0 eu des situations o\u00f9 le compte \u00e9tait tr\u00e8s \u00e9lev\u00e9 et o\u00f9 vous saviez qu'en frappant ce 12 contre le 3 du croupier, vous alliez obtenir une carte visible.  Il existe un point, mesur\u00e9 par le compte r\u00e9el, o\u00f9 rester avec un 12 contre un 3 est plus rentable que de frapper.  C'est ce qu'on appelle une \"variation de la strat\u00e9gie de base\" et vous en apprendrez beaucoup dans cette s\u00e9rie.<\/p>\n<h3>Variations de la strat\u00e9gie de base<\/h3>\n<p><b>Modifier le jeu de votre main en fonction du d\u00e9compte r\u00e9el se produira environ 10% du temps.  Si le compte baisse, vous doublerez moins, toucherez davantage les mains \"raides\" et s\u00e9parerez moins souvent les paires.<\/b>  Au fur et \u00e0 mesure que le compte augmente, vous doublerez plus souvent, vous toucherez moins de \"stiffs\" et vous s\u00e9parerez davantage les paires.  Pour chaque strat\u00e9gie de base, il n'existe qu'une seule variante.  Par exemple, la variante pour la main 10, 6 contre 10 est de rester debout au lieu de toucher ; vous ne doublerez jamais et vous ne pourrez \u00e9videmment pas partager.  Un autre exemple est 5,4 contre 2.  La strat\u00e9gie de base veut que l'on frappe, mais si le compte est suffisamment \u00e9lev\u00e9, on peut doubler cette main.  Un bon exemple du c\u00f4t\u00e9 n\u00e9gatif est A-2 contre 5 ; la strat\u00e9gie de base dit de doubler, mais si le compte est inf\u00e9rieur \u00e0 0, vous devriez simplement suivre.  La fa\u00e7on la plus simple de se souvenir d'une telle situation est de dire : \"Doublez As-2 contre 5 \u00e0 0 ou plus\".  Si l'on utilise la \"st\u00e9nographie\" d'une carte flash, on obtient A-2 contre 5 = 0. (Oui, nous allons revenir \u00e0 nos vieux amis, les cartes flash).<\/p>\n<h3>La puissance des variations de la strat\u00e9gie de base<\/h3>\n<p><b>La valeur d'une variation est d\u00e9termin\u00e9e par la fr\u00e9quence \u00e0 laquelle elle sera, en moyenne, utilis\u00e9e. <\/b> Si vous jouez 100 000 mains de Blackjack par an (environ 20 heures par semaine, toute l'ann\u00e9e), vous pouvez vous attendre \u00e0 voir une main de 16 contre 10 environ 3500 fois (3,5%).  C'est en fait la premi\u00e8re situation de non-assurance.  Toute variation dans ce cas a une valeur consid\u00e9rable, simplement parce que vous l'utiliserez relativement souvent.  \u00c0 l'inverse, vous ne recevrez 9,9 contre 2 que 43 fois dans cet \u00e9chantillon de 100 000 mains, de sorte que la variation ici a peu de valeur, car vous l'utiliserez rarement.  La fr\u00e9quence des mains nous permet de donner la priorit\u00e9 \u00e0 l'apprentissage des variantes de la strat\u00e9gie de base.<\/p>\n<p><b>L'une des variantes les plus importantes de la strat\u00e9gie de base est la mise d'assurance.<\/b>  \u00c9tant donn\u00e9 que le croupier montrera un As comme carte sup\u00e9rieure dans environ 7,5% des cas, il est tr\u00e8s important de savoir quand il est rentable de prendre une assurance.  Si vous jouez \u00e0 un jeu \u00e0 six cartes, l'assurance est rentable lorsque le compte r\u00e9el est de 3 ou plus.  Vous devez toujours prendre une assurance \u00e0 ce moment-l\u00e0, quelles que soient les cartes que vous avez en main, car cela n'a aucun rapport avec votre main.  Le syst\u00e8me de comptage High\/Low a une \" efficacit\u00e9 d'assurance \" de 80%, ce qui signifie que 8 fois sur 10, vous ferez le bon choix en faisant une mise d'assurance bas\u00e9e sur le compte r\u00e9el.<\/p>\n<p>Comme je l'ai d\u00e9j\u00e0 mentionn\u00e9, <b>Il est tr\u00e8s utile d'apprendre les variantes qui impliquent des mains de d\u00e9part de 12-16 contre n'importe quelle carte, car ce sont les mains que vous verrez le plus souvent.<\/b>.  En fait, 54% de toutes vos mains seront 'stiff' \u00e0 un moment ou \u00e0 un autre du jeu.  C'est le moment de souligner un point important : les variations de la strat\u00e9gie de base ne s'appliquent pas seulement \u00e0 vos mains de d\u00e9part, mais aussi aux mains compos\u00e9es de 3 cartes ou plus.   Vous resterez sur A, 2, 10, 3 contre 10 si le compte est de 0 ou plus, ainsi que sur une main de 10, 6. Doubler (ou ne pas doubler) est la deuxi\u00e8me chose la plus importante et diviser ou ne pas diviser les paires est la moins importante.<br \/>\n<div class=\"row\" style=\"margin-bottom:20px\">\n    <div class=\"col-sm-12\">\n                <h2>Les meilleurs casinos en ligne des Etats-Unis <span\n                class=\"flag-icon flag-icon-us\"><\/span><\/h2>\n\n        \n                \n        <div class=\"ranking-table text-center\">\n            <div class=\"row flex ad-row\">\n                <div class=\"col-sm-3\">\n                    <div class=\"row flex\">\n\n                        <div class=\"col-sm-3\">\n                            <div class=\"ranking-number text-center\">\n\n                                1                                \n                            <\/div>\n                        <\/div>\n                        <div class=\"col-sm-9\">\n                            <img decoding=\"async\" src=\"https:\/\/www.blackjackinfo.com\/files\/bovada.png\" data-no-auto-translation=\"\">\n                        <\/div>\n                    <\/div>\n                <\/div>\n                <div class=\"col-sm-4\">\n                    <div class=\"bonus-text text-center\"><span class=\"red\">100% jusqu'\u00e0 $1 000<\/span><\/div>\n\t\t\t\t\t\n\n                <\/div>\n                <div class=\"col-sm-2\">\n                    <a class=\"btn btn-wire\" href=\"\/fr\/casino\/bovada\/\">R\u00e9vision<\/a>\n\n                <\/div>\n                <div class=\"col-sm-3\">\n                    <a rel=\"nofollow\" target=\"_blank\" class=\"btn btn-blue\" href=\"\/goto\/goto\/\">Jouer\n                        Maintenant<\/a>\n\t\t\t\t\t\t\n\n                <\/div>\n            <\/div>\n        <\/div>\n\n\n\n        \n                \n        <div class=\"ranking-table text-center\">\n            <div class=\"row flex ad-row\">\n                <div class=\"col-sm-3\">\n                    <div class=\"row flex\">\n\n                        <div class=\"col-sm-3\">\n                            <div class=\"ranking-number text-center\">\n\n                                2                                \n                            <\/div>\n                        <\/div>\n                        <div class=\"col-sm-9\">\n                            <img decoding=\"async\" src=\"https:\/\/www.blackjackinfo.com\/files\/ignition-casino-logo.png\" data-no-auto-translation=\"\">\n                        <\/div>\n                    <\/div>\n                <\/div>\n                <div class=\"col-sm-4\">\n                    <div class=\"bonus-text text-center\"><span class=\"red\">100% jusqu'\u00e0 $1 000<\/span><\/div>\n\t\t\t\t\t\n\n                <\/div>\n                <div class=\"col-sm-2\">\n                    <a class=\"btn btn-wire\" href=\"\/fr\/casino\/ignition-casino\/\">R\u00e9vision<\/a>\n\n                <\/div>\n                <div class=\"col-sm-3\">\n                    <a rel=\"nofollow\" target=\"_blank\" class=\"btn btn-blue\" href=\"\/goto\/goto\/\">Jouer\n                        Maintenant<\/a>\n\t\t\t\t\t\t\n\n                <\/div>\n            <\/div>\n        <\/div>\n\n\n\n        \n                \n        <div class=\"ranking-table text-center\">\n            <div class=\"row flex ad-row\">\n                <div class=\"col-sm-3\">\n                    <div class=\"row flex\">\n\n                        <div class=\"col-sm-3\">\n                            <div class=\"ranking-number text-center\">\n\n                                3                                \n                            <\/div>\n                        <\/div>\n                        <div class=\"col-sm-9\">\n                            <img decoding=\"async\" src=\"https:\/\/www.blackjackinfo.com\/files\/VipSlots-500x250_dark.svg\" data-no-auto-translation=\"\">\n                        <\/div>\n                    <\/div>\n                <\/div>\n                <div class=\"col-sm-4\">\n                    <div class=\"bonus-text text-center\"><span class=\"red\">100 SPINS GRATUITS sur Secret Life of Cats<\/span><\/div>\n\t\t\t\t\t\n\n                <\/div>\n                <div class=\"col-sm-2\">\n                    <a class=\"btn btn-wire\" href=\"\/fr\/casino\/vipslots-casino\/\">R\u00e9vision<\/a>\n\n                <\/div>\n                <div class=\"col-sm-3\">\n                    <a rel=\"nofollow\" target=\"_blank\" class=\"btn btn-blue\" href=\"\/goto\/goto\/\">Jouer\n                        Maintenant<\/a>\n\t\t\t\t\t\t\n\n                <\/div>\n            <\/div>\n        <\/div>\n\n\n\n        \n                \n        <div class=\"ranking-table text-center\">\n            <div class=\"row flex ad-row\">\n                <div class=\"col-sm-3\">\n                    <div class=\"row flex\">\n\n                        <div class=\"col-sm-3\">\n                            <div class=\"ranking-number text-center\">\n\n                                4                                \n                            <\/div>\n                        <\/div>\n                        <div class=\"col-sm-9\">\n                            <img decoding=\"async\" src=\"https:\/\/www.blackjackinfo.com\/files\/vegas_casino_online.png\" data-no-auto-translation=\"\">\n                        <\/div>\n                    <\/div>\n                <\/div>\n                <div class=\"col-sm-4\">\n                    <div class=\"bonus-text text-center\"><span class=\"red\">300% jusqu'\u00e0 $3,000<\/span><\/div>\n\t\t\t\t\t\n\n                <\/div>\n                <div class=\"col-sm-2\">\n                    <a class=\"btn btn-wire\" href=\"\/fr\/casino\/vegas-casino-online-2\/\">R\u00e9vision<\/a>\n\n                <\/div>\n                <div class=\"col-sm-3\">\n                    <a rel=\"nofollow\" target=\"_blank\" class=\"btn btn-blue\" href=\"\/goto\/goto\/\">Jouer\n                        Maintenant<\/a>\n\t\t\t\t\t\t\n\n                <\/div>\n            <\/div>\n        <\/div>\n\n\n\n        \n                \n        <div class=\"ranking-table text-center\">\n            <div class=\"row flex ad-row\">\n                <div class=\"col-sm-3\">\n                    <div class=\"row flex\">\n\n                        <div class=\"col-sm-3\">\n                            <div class=\"ranking-number text-center\">\n\n                                5                                \n                            <\/div>\n                        <\/div>\n                        <div class=\"col-sm-9\">\n                            <img decoding=\"async\" src=\"https:\/\/www.blackjackinfo.com\/files\/cafe-casino-logo.svg\" data-no-auto-translation=\"\">\n                        <\/div>\n                    <\/div>\n                <\/div>\n                <div class=\"col-sm-4\">\n                    <div class=\"bonus-text text-center\"><span class=\"red\">250% jusqu'\u00e0 $1,500<\/span><\/div>\n\t\t\t\t\t\n\n                <\/div>\n                <div class=\"col-sm-2\">\n                    <a class=\"btn btn-wire\" href=\"\/fr\/casino\/cafe-casino\/\">R\u00e9vision<\/a>\n\n                <\/div>\n                <div class=\"col-sm-3\">\n                    <a rel=\"nofollow\" target=\"_blank\" class=\"btn btn-blue\" href=\"\/goto\/goto\/\">Jouer\n                        Maintenant<\/a>\n\t\t\t\t\t\t\n\n                <\/div>\n            <\/div>\n        <\/div>\n\n\n\n            <\/div>\n<\/div><\/p>\n<h3>L'int\u00e9r\u00eat des variantes de la strat\u00e9gie de base<\/h3>\n<p><b>On peut dire sans risque de se tromper que l'utilisation de ces variantes augmentera vos gains de 10% dans le jeu \u00e0 six plateaux. <\/b> Mais elles pr\u00e9sentent \u00e9galement un avantage majeur.  En utilisant ces variantes, vous ressemblerez davantage \u00e0 un \"joueur\" dans le casino.  Frapper 16 contre 10 une partie du temps et rester sur ses positions \u00e0 d'autres moments est le comportement typique d'un joueur.   Pour les superviseurs de casino qui connaissent la bonne strat\u00e9gie de base (tr\u00e8s peu !), vous voir doubler A,7 contre 2 est une folie, tout comme rester avec 15 contre 10 est un comportement de \"poule mouill\u00e9e\".  Pourtant, toutes ces situations sont - \u00e0 certains moments - des jeux corrects.<\/p>\n<p>Si vous jouez \u00e0 un jeu \u00e0 un seul paquet, la valeur des variations de la strat\u00e9gie de base s'\u00e9l\u00e8ve \u00e0 25% ou plus.  Si vous passez du temps \u00e0 ces jeux, vous devez les apprendre.<\/p>\n<p>Dans la prochaine le\u00e7on, je vous montrerai comment apprendre ces variations<\/p>","protected":false},"excerpt":{"rendered":"<p>The most powerful (legal) means of overcoming the casino&#8217;s edge in Blackjack is to vary your bets according to the true count. Additional gains of .2 to .3% are available to those who also vary the play of their hands according to the true count. You undoubtedly have had situations where the count was sky-high [&hellip;]<\/p>\n","protected":false},"author":2,"featured_media":0,"parent":634,"menu_order":0,"comment_status":"open","ping_status":"open","template":"page-blackjack-school.php","meta":{"_acf_changed":false,"footnotes":""},"tags":[],"class_list":["post-733","page","type-page","status-publish","hentry"],"acf":[],"yoast_head":"<!-- This site is optimized with the Yoast SEO plugin v26.6 - https:\/\/yoast.com\/wordpress\/plugins\/seo\/ -->\n<title>Blackjack School \u1408 Lesson 13 - The Advanced Course - Part 1<\/title>\n<meta name=\"description\" content=\"Lesson 13 in the GameMaster&#039;s Free Blackjack School - Understanding when to deviate from basic strategy.\" \/>\n<meta name=\"robots\" content=\"index, follow, max-snippet:-1, max-image-preview:large, max-video-preview:-1\" \/>\n<link rel=\"canonical\" href=\"https:\/\/www.blackjackinfo.com\/fr\/ecole-de-blackjack\/lecon-13-cours-avance-partie-1\/\" \/>\n<meta property=\"og:locale\" content=\"fr_FR\" \/>\n<meta property=\"og:type\" content=\"article\" \/>\n<meta property=\"og:title\" content=\"Blackjack School \u1408 Lesson 13 - The Advanced Course - Part 1\" \/>\n<meta property=\"og:description\" content=\"Lesson 13 in the GameMaster&#039;s Free Blackjack School - Understanding when to deviate from basic strategy.\" \/>\n<meta property=\"og:url\" content=\"https:\/\/www.blackjackinfo.com\/fr\/ecole-de-blackjack\/lecon-13-cours-avance-partie-1\/\" \/>\n<meta property=\"og:site_name\" content=\"BlackjackInfo.com\" \/>\n<meta property=\"article:modified_time\" content=\"2020-02-18T23:57:47+00:00\" \/>\n<meta name=\"twitter:label1\" content=\"Dur\u00e9e de lecture estim\u00e9e\" \/>\n\t<meta name=\"twitter:data1\" content=\"4 minutes\" \/>\n<script type=\"application\/ld+json\" class=\"yoast-schema-graph\">{\"@context\":\"https:\/\/schema.org\",\"@graph\":[{\"@type\":\"WebPage\",\"@id\":\"https:\/\/www.blackjackinfo.com\/blackjack-school\/lesson-13-advanced-course-part-1\/\",\"url\":\"https:\/\/www.blackjackinfo.com\/blackjack-school\/lesson-13-advanced-course-part-1\/\",\"name\":\"Blackjack School \u1408 Lesson 13 - The Advanced Course - Part 1\",\"isPartOf\":{\"@id\":\"https:\/\/www.blackjackinfo.com\/#website\"},\"datePublished\":\"2014-10-20T01:46:28+00:00\",\"dateModified\":\"2020-02-18T23:57:47+00:00\",\"description\":\"Lesson 13 in the GameMaster's Free Blackjack School - Understanding when to deviate from basic strategy.\",\"breadcrumb\":{\"@id\":\"https:\/\/www.blackjackinfo.com\/blackjack-school\/lesson-13-advanced-course-part-1\/#breadcrumb\"},\"inLanguage\":\"fr-FR\",\"potentialAction\":[{\"@type\":\"ReadAction\",\"target\":[\"https:\/\/www.blackjackinfo.com\/blackjack-school\/lesson-13-advanced-course-part-1\/\"]}]},{\"@type\":\"BreadcrumbList\",\"@id\":\"https:\/\/www.blackjackinfo.com\/blackjack-school\/lesson-13-advanced-course-part-1\/#breadcrumb\",\"itemListElement\":[{\"@type\":\"ListItem\",\"position\":1,\"name\":\"Home\",\"item\":\"https:\/\/www.blackjackinfo.com\/\"},{\"@type\":\"ListItem\",\"position\":2,\"name\":\"Blackjack School &#8211; A Free 24-Lesson Class on Card Counting\",\"item\":\"https:\/\/www.blackjackinfo.com\/blackjack-school\/\"},{\"@type\":\"ListItem\",\"position\":3,\"name\":\"Lesson 13 &#8211; The Advanced Course &#8211; Part 1\"}]},{\"@type\":\"WebSite\",\"@id\":\"https:\/\/www.blackjackinfo.com\/#website\",\"url\":\"https:\/\/www.blackjackinfo.com\/\",\"name\":\"BlackjackInfo.com\",\"description\":\"Because Winning is More Fun!\",\"potentialAction\":[{\"@type\":\"SearchAction\",\"target\":{\"@type\":\"EntryPoint\",\"urlTemplate\":\"https:\/\/www.blackjackinfo.com\/?s={search_term_string}\"},\"query-input\":{\"@type\":\"PropertyValueSpecification\",\"valueRequired\":true,\"valueName\":\"search_term_string\"}}],\"inLanguage\":\"fr-FR\"}]}<\/script>\n<!-- \/ Yoast SEO plugin. -->","yoast_head_json":{"title":"Ecole de Blackjack \u1408 Le\u00e7on 13 - Le cours avanc\u00e9 - Partie 1","description":"Le\u00e7on 13 de la GameMaster's Free Blackjack School - Comprendre quand s'\u00e9carter de la strat\u00e9gie de base.","robots":{"index":"index","follow":"follow","max-snippet":"max-snippet:-1","max-image-preview":"max-image-preview:large","max-video-preview":"max-video-preview:-1"},"canonical":"https:\/\/www.blackjackinfo.com\/fr\/ecole-de-blackjack\/lecon-13-cours-avance-partie-1\/","og_locale":"fr_FR","og_type":"article","og_title":"Blackjack School \u1408 Lesson 13 - The Advanced Course - Part 1","og_description":"Lesson 13 in the GameMaster's Free Blackjack School - Understanding when to deviate from basic strategy.","og_url":"https:\/\/www.blackjackinfo.com\/fr\/ecole-de-blackjack\/lecon-13-cours-avance-partie-1\/","og_site_name":"BlackjackInfo.com","article_modified_time":"2020-02-18T23:57:47+00:00","twitter_misc":{"Dur\u00e9e de lecture estim\u00e9e":"4 minutes"},"schema":{"@context":"https:\/\/schema.org","@graph":[{"@type":"WebPage","@id":"https:\/\/www.blackjackinfo.com\/blackjack-school\/lesson-13-advanced-course-part-1\/","url":"https:\/\/www.blackjackinfo.com\/blackjack-school\/lesson-13-advanced-course-part-1\/","name":"Ecole de Blackjack \u1408 Le\u00e7on 13 - Le cours avanc\u00e9 - Partie 1","isPartOf":{"@id":"https:\/\/www.blackjackinfo.com\/#website"},"datePublished":"2014-10-20T01:46:28+00:00","dateModified":"2020-02-18T23:57:47+00:00","description":"Le\u00e7on 13 de la GameMaster's Free Blackjack School - Comprendre quand s'\u00e9carter de la strat\u00e9gie de base.","breadcrumb":{"@id":"https:\/\/www.blackjackinfo.com\/blackjack-school\/lesson-13-advanced-course-part-1\/#breadcrumb"},"inLanguage":"fr-FR","potentialAction":[{"@type":"ReadAction","target":["https:\/\/www.blackjackinfo.com\/blackjack-school\/lesson-13-advanced-course-part-1\/"]}]},{"@type":"BreadcrumbList","@id":"https:\/\/www.blackjackinfo.com\/blackjack-school\/lesson-13-advanced-course-part-1\/#breadcrumb","itemListElement":[{"@type":"ListItem","position":1,"name":"Home","item":"https:\/\/www.blackjackinfo.com\/"},{"@type":"ListItem","position":2,"name":"Blackjack School &#8211; A Free 24-Lesson Class on Card Counting","item":"https:\/\/www.blackjackinfo.com\/blackjack-school\/"},{"@type":"ListItem","position":3,"name":"Lesson 13 &#8211; The Advanced Course &#8211; Part 1"}]},{"@type":"WebSite","@id":"https:\/\/www.blackjackinfo.com\/#website","url":"https:\/\/www.blackjackinfo.com\/","name":"BlackjackInfo.com","description":"Parce que gagner, c'est plus amusant !","potentialAction":[{"@type":"SearchAction","target":{"@type":"EntryPoint","urlTemplate":"https:\/\/www.blackjackinfo.com\/?s={search_term_string}"},"query-input":{"@type":"PropertyValueSpecification","valueRequired":true,"valueName":"search_term_string"}}],"inLanguage":"fr-FR"}]}},"_links":{"self":[{"href":"https:\/\/www.blackjackinfo.com\/fr\/wp-json\/wp\/v2\/pages\/733","targetHints":{"allow":["GET"]}}],"collection":[{"href":"https:\/\/www.blackjackinfo.com\/fr\/wp-json\/wp\/v2\/pages"}],"about":[{"href":"https:\/\/www.blackjackinfo.com\/fr\/wp-json\/wp\/v2\/types\/page"}],"author":[{"embeddable":true,"href":"https:\/\/www.blackjackinfo.com\/fr\/wp-json\/wp\/v2\/users\/2"}],"replies":[{"embeddable":true,"href":"https:\/\/www.blackjackinfo.com\/fr\/wp-json\/wp\/v2\/comments?post=733"}],"version-history":[{"count":3,"href":"https:\/\/www.blackjackinfo.com\/fr\/wp-json\/wp\/v2\/pages\/733\/revisions"}],"predecessor-version":[{"id":5463,"href":"https:\/\/www.blackjackinfo.com\/fr\/wp-json\/wp\/v2\/pages\/733\/revisions\/5463"}],"up":[{"embeddable":true,"href":"https:\/\/www.blackjackinfo.com\/fr\/wp-json\/wp\/v2\/pages\/634"}],"wp:attachment":[{"href":"https:\/\/www.blackjackinfo.com\/fr\/wp-json\/wp\/v2\/media?parent=733"}],"wp:term":[{"taxonomy":"post_tag","embeddable":true,"href":"https:\/\/www.blackjackinfo.com\/fr\/wp-json\/wp\/v2\/tags?post=733"}],"curies":[{"name":"wp","href":"https:\/\/api.w.org\/{rel}","templated":true}]}}