{"id":735,"date":"2014-10-19T20:50:58","date_gmt":"2014-10-20T01:50:58","guid":{"rendered":"http:\/\/test.blackjackinfo.com\/?page_id=735"},"modified":"2020-02-18T17:58:06","modified_gmt":"2020-02-18T23:58:06","slug":"lecon-14-cours-avance-partie-2","status":"publish","type":"page","link":"https:\/\/www.blackjackinfo.com\/fr\/blackjack-school\/lesson-14-advanced-course-part-2\/","title":{"rendered":"Le\u00e7on 14 - Le cours avanc\u00e9 - Partie 2"},"content":{"rendered":"<h3>Variations de la strat\u00e9gie de base : Frapper ou rester ?<\/h3>\n<p><b>La d\u00e9cision la plus courante que prend un joueur au Blackjack est de savoir s'il doit frapper ou rester en place. Par cons\u00e9quent, il s'agit de la variante de strat\u00e9gie de base la plus courante et vous devez apprendre toutes les variantes importantes.<\/b>  La premi\u00e8re est une main de 16 contre une carte de 10 du croupier.  Vous devez rester si le compte est \u00e9gal ou sup\u00e9rieur \u00e0 0 et toucher s'il est inf\u00e9rieur \u00e0 0. Cela signifie que si le compte courant est \u00e9gal ou sup\u00e9rieur \u00e0 0, vous devez rester.  \u00c9tant donn\u00e9 que le nombre \"d\u00e9cisionnel\" est 0, il n'est pas n\u00e9cessaire de calculer le v\u00e9ritable compte - le compte courant suffit dans cette situation.  Ne vous m\u00e9prenez pas.  Presque toutes les variantes de la strat\u00e9gie de base reposent sur le d\u00e9compte r\u00e9el, mais pour celles o\u00f9 le nombre de d\u00e9cision est 0, le d\u00e9compte courant suffit.<\/p>\n<p>La main suivante la plus importante est le 15 contre le 10 du croupier.  Le chiffre de d\u00e9cision est un vrai compte de 4, si vous jouez \u00e0 un jeu de quatre jeux ou plus.  Cette variante et les autres peuvent \u00eatre facilement apprises si vous cr\u00e9ez un jeu de cartes flash.  Elles n'ont pas besoin d'\u00eatre fantaisistes ou sophistiqu\u00e9es ; elles doivent simplement \u00eatre pr\u00e9cises.  D\u00e9coupez des carr\u00e9s de 2\u2032\" dans des chemises en papier et ils feront l'affaire.  Une flashcard typique devrait ressembler \u00e0 ceci<\/p>\n<div class=\"text-center\">\n<img loading=\"lazy\" decoding=\"async\" src=\"\/files\/Blackjack-School\/flashcard1.jpg\" width=\"144\" height=\"144\" alt=\"Flash Card 1\" data-no-auto-translation=\"\"><\/div>\n<p>Si vous imaginez que le 10 et le 16 sont plac\u00e9s sur la ligne centrale d'un carr\u00e9 de 2\u2033 X 2\u2033, le 0 est d\u00e9cal\u00e9 de fa\u00e7on \u00e0 ce que votre pouce gauche couvre le chiffre.  Au fur et \u00e0 mesure que vous parcourez la pile, r\u00e9citez \"seize contre 10, restez \u00e0 z\u00e9ro\" (ou plus).  Pour une main de 15 contre 10, une carte ressemblera \u00e0 ceci<\/p>\n<div class=\"text-center\">\n<img loading=\"lazy\" decoding=\"async\" src=\"\/files\/Blackjack-School\/flashcard2.jpg\" width=\"144\" height=\"144\" alt=\"Flash Card 2\" data-no-auto-translation=\"\"><\/div>\n<p>Lorsque vous arriverez \u00e0 cette carte, vous r\u00e9citerez \"15 contre 10 ; restez \u00e0 4\".<\/p>\n<p>Avec le temps, vous n'aurez plus besoin de vous rappeler que vous devez vous ranger du c\u00f4t\u00e9 des 15 contre 10, et vous r\u00e9citerez donc \"15 contre 10, c'est 4\".<\/p>\n<p>Vous avez compris ?<\/p>\n<div class=\"row\" style=\"margin-bottom:20px\">\n    <div class=\"col-sm-12\">\n                <h2>Les meilleurs casinos en ligne des Etats-Unis <span\n                class=\"flag-icon flag-icon-us\"><\/span><\/h2>\n\n        \n                \n        <div class=\"ranking-table text-center\">\n            <div class=\"row flex ad-row\">\n                <div class=\"col-sm-3\">\n                    <div class=\"row flex\">\n\n                        <div class=\"col-sm-3\">\n                            <div class=\"ranking-number text-center\">\n\n                                1                                \n                            <\/div>\n                        <\/div>\n                        <div class=\"col-sm-9\">\n                            <img decoding=\"async\" src=\"https:\/\/www.blackjackinfo.com\/files\/bovada.png\" data-no-auto-translation=\"\">\n                        <\/div>\n                    <\/div>\n                <\/div>\n                <div class=\"col-sm-4\">\n                    <div class=\"bonus-text text-center\"><span class=\"red\">100% jusqu'\u00e0 $1 000<\/span><\/div>\n\t\t\t\t\t\n\n                <\/div>\n                <div class=\"col-sm-2\">\n                    <a class=\"btn btn-wire\" href=\"\/fr\/casino\/bovada\/\">R\u00e9vision<\/a>\n\n                <\/div>\n                <div class=\"col-sm-3\">\n                    <a rel=\"nofollow\" target=\"_blank\" class=\"btn btn-blue\" href=\"\/goto\/goto\/\">Jouer\n                        Maintenant<\/a>\n\t\t\t\t\t\t\n\n                <\/div>\n            <\/div>\n        <\/div>\n\n\n\n        \n                \n        <div class=\"ranking-table text-center\">\n            <div class=\"row flex ad-row\">\n                <div class=\"col-sm-3\">\n                    <div class=\"row flex\">\n\n                        <div class=\"col-sm-3\">\n                            <div class=\"ranking-number text-center\">\n\n                                2                                \n                            <\/div>\n                        <\/div>\n                        <div class=\"col-sm-9\">\n                            <img decoding=\"async\" src=\"https:\/\/www.blackjackinfo.com\/files\/ignition-casino-logo.png\" data-no-auto-translation=\"\">\n                        <\/div>\n                    <\/div>\n                <\/div>\n                <div class=\"col-sm-4\">\n                    <div class=\"bonus-text text-center\"><span class=\"red\">100% jusqu'\u00e0 $1 000<\/span><\/div>\n\t\t\t\t\t\n\n                <\/div>\n                <div class=\"col-sm-2\">\n                    <a class=\"btn btn-wire\" href=\"\/fr\/casino\/ignition-casino\/\">R\u00e9vision<\/a>\n\n                <\/div>\n                <div class=\"col-sm-3\">\n                    <a rel=\"nofollow\" target=\"_blank\" class=\"btn btn-blue\" href=\"\/goto\/goto\/\">Jouer\n                        Maintenant<\/a>\n\t\t\t\t\t\t\n\n                <\/div>\n            <\/div>\n        <\/div>\n\n\n\n        \n                \n        <div class=\"ranking-table text-center\">\n            <div class=\"row flex ad-row\">\n                <div class=\"col-sm-3\">\n                    <div class=\"row flex\">\n\n                        <div class=\"col-sm-3\">\n                            <div class=\"ranking-number text-center\">\n\n                                3                                \n                            <\/div>\n                        <\/div>\n                        <div class=\"col-sm-9\">\n                            <img decoding=\"async\" src=\"https:\/\/www.blackjackinfo.com\/files\/VipSlots-500x250_dark.svg\" data-no-auto-translation=\"\">\n                        <\/div>\n                    <\/div>\n                <\/div>\n                <div class=\"col-sm-4\">\n                    <div class=\"bonus-text text-center\"><span class=\"red\">100 SPINS GRATUITS sur Secret Life of Cats<\/span><\/div>\n\t\t\t\t\t\n\n                <\/div>\n                <div class=\"col-sm-2\">\n                    <a class=\"btn btn-wire\" href=\"\/fr\/casino\/vipslots-casino\/\">R\u00e9vision<\/a>\n\n                <\/div>\n                <div class=\"col-sm-3\">\n                    <a rel=\"nofollow\" target=\"_blank\" class=\"btn btn-blue\" href=\"\/goto\/goto\/\">Jouer\n                        Maintenant<\/a>\n\t\t\t\t\t\t\n\n                <\/div>\n            <\/div>\n        <\/div>\n\n\n\n        \n                \n        <div class=\"ranking-table text-center\">\n            <div class=\"row flex ad-row\">\n                <div class=\"col-sm-3\">\n                    <div class=\"row flex\">\n\n                        <div class=\"col-sm-3\">\n                            <div class=\"ranking-number text-center\">\n\n                                4                                \n                            <\/div>\n                        <\/div>\n                        <div class=\"col-sm-9\">\n                            <img decoding=\"async\" src=\"https:\/\/www.blackjackinfo.com\/files\/vegas_casino_online.png\" data-no-auto-translation=\"\">\n                        <\/div>\n                    <\/div>\n                <\/div>\n                <div class=\"col-sm-4\">\n                    <div class=\"bonus-text text-center\"><span class=\"red\">300% jusqu'\u00e0 $3,000<\/span><\/div>\n\t\t\t\t\t\n\n                <\/div>\n                <div class=\"col-sm-2\">\n                    <a class=\"btn btn-wire\" href=\"\/fr\/casino\/vegas-casino-online-2\/\">R\u00e9vision<\/a>\n\n                <\/div>\n                <div class=\"col-sm-3\">\n                    <a rel=\"nofollow\" target=\"_blank\" class=\"btn btn-blue\" href=\"\/goto\/goto\/\">Jouer\n                        Maintenant<\/a>\n\t\t\t\t\t\t\n\n                <\/div>\n            <\/div>\n        <\/div>\n\n\n\n        \n                \n        <div class=\"ranking-table text-center\">\n            <div class=\"row flex ad-row\">\n                <div class=\"col-sm-3\">\n                    <div class=\"row flex\">\n\n                        <div class=\"col-sm-3\">\n                            <div class=\"ranking-number text-center\">\n\n                                5                                \n                            <\/div>\n                        <\/div>\n                        <div class=\"col-sm-9\">\n                            <img decoding=\"async\" src=\"https:\/\/www.blackjackinfo.com\/files\/cafe-casino-logo.svg\" data-no-auto-translation=\"\">\n                        <\/div>\n                    <\/div>\n                <\/div>\n                <div class=\"col-sm-4\">\n                    <div class=\"bonus-text text-center\"><span class=\"red\">250% jusqu'\u00e0 $1,500<\/span><\/div>\n\t\t\t\t\t\n\n                <\/div>\n                <div class=\"col-sm-2\">\n                    <a class=\"btn btn-wire\" href=\"\/fr\/casino\/cafe-casino\/\">R\u00e9vision<\/a>\n\n                <\/div>\n                <div class=\"col-sm-3\">\n                    <a rel=\"nofollow\" target=\"_blank\" class=\"btn btn-blue\" href=\"\/goto\/goto\/\">Jouer\n                        Maintenant<\/a>\n\t\t\t\t\t\t\n\n                <\/div>\n            <\/div>\n        <\/div>\n\n\n\n            <\/div>\n<\/div>\n<p><b>Voici les chiffres que vous devez conna\u00eetre.<\/b>  Ces chiffres peuvent diff\u00e9rer quelque peu de ceux publi\u00e9s dans des livres tels que \"Professional Blackjack\" de Stanford Wong, car ceux que j'utilise sont sp\u00e9cifiques \u00e0 un jeu \u00e0 six jeux o\u00f9 le croupier s'arr\u00eate sur A-6 et quelques-uns ont \u00e9t\u00e9 modifi\u00e9s sur la base de la th\u00e9orie du jeu \"averse au risque\" qui a \u00e9t\u00e9 d\u00e9velopp\u00e9e il y a environ 15 ans.  Ces chiffres fonctionnent bien ; ils ont \u00e9t\u00e9 prouv\u00e9s par des milliers d'heures de jeu dans les casinos, par moi et mes \u00e9tudiants.  Cependant, ne les utilisez PAS pour les jeux \u00e0 un seul plateau. Les jeux \u00e0 un seul plateau n\u00e9cessitent des chiffres diff\u00e9rents et seront abord\u00e9s dans une prochaine le\u00e7on.<\/p>\n<div class=\"bji-note\">\nNote de l'\u00e9diteur de BlackjackInfo.com :<\/p>\n<p>Il y a de l\u00e9g\u00e8res diff\u00e9rences entre les chiffres de l'index du GameMaster publi\u00e9s ici et les chiffres optimis\u00e9s sur BlackjackInfo <a href=\"http:\/\/www.amazon.com\/dp\/0982119178\/?tag=theblackjacbasic\">Cartes de strat\u00e9gie avanc\u00e9e pour le blackjack<\/a>.<\/p>\n<p>Ces diff\u00e9rences sont g\u00e9n\u00e9ralement dues \u00e0 l'utilisation par le ma\u00eetre de jeu de calculs peu enclins \u00e0 prendre des risques.  Je maintiens que pour la majorit\u00e9 des joueurs (qui ne jouent pas pr\u00e8s du maximum de la fraction Kelly de leur bankroll), les index directs sont pr\u00e9f\u00e9rables aux index ajust\u00e9s au risque. Dans tous les cas o\u00f9 les indices risqu\u00e9s diff\u00e8rent des indices droits, m\u00eame de plusieurs points, les d\u00e9cisions sont assez proches et l'effet du choix d'un style d'indice par rapport \u00e0 un autre est minime.<\/p>\n<\/div>\n<hr>\n<p class=\"text-center\">\n<b>Variations de la strat\u00e9gie de base : 6 jeux, le croupier s'arr\u00eate sur A-6<\/b><\/p>\n<div class=\"row\">\n<div class=\"col-sm-10 col-center\">\n<div class=\"overflow-scroll\">\n<table class=\"data-table\">\n<tbody>\n<tr>\n<td>12 vs. 2<\/td>\n<td>Se tenir \u00e0 3 ou plus<\/td>\n<\/tr>\n<tr>\n<td>12 vs. 3<\/td>\n<td>Se tenir \u00e0 2 ou plus<\/td>\n<\/tr>\n<tr>\n<td>12 vs. 4<\/td>\n<td>Se tenir \u00e0 0 ou plus<\/td>\n<td width=\"50%\">(Oui, si le compte courant est un tant soit peu n\u00e9gatif, vous frappez 12 contre un 4. Cela rend les autres joueurs de la table fous !)<\/td>\n<\/tr>\n<tr>\n<td>12 contre 5<\/td>\n<td>Se situer \u00e0 -1 ou plus<\/td>\n<td>(Cela signifie que vous frappez si le compte est INF\u00c9RIEUR \u00e0 -1).<\/td>\n<\/tr>\n<tr>\n<td>13 vs. 2<\/td>\n<td>Se situer \u00e0 -1 ou plus<\/td>\n<\/tr>\n<tr>\n<td>14 contre As<\/td>\n<td>Stand \u00e0 9 ou plus<\/td>\n<\/tr>\n<tr>\n<td>15 vs. 7<\/td>\n<td>Se tenir \u00e0 10 ou plus<\/td>\n<\/tr>\n<tr>\n<td>15 vs. 8<\/td>\n<td>Se tenir \u00e0 10 ou plus<\/td>\n<\/tr>\n<tr>\n<td>15 vs. 9<\/td>\n<td>Stand \u00e0 8 ou plus<\/td>\n<\/tr>\n<tr>\n<td>15 contre 10<\/td>\n<td>Stand \u00e0 4 ou plus<\/td>\n<\/tr>\n<tr>\n<td>15 contre As<\/td>\n<td>Stand \u00e0 9 ou plus<\/td>\n<\/tr>\n<tr>\n<td>16 vs. 7<\/td>\n<td>Stand \u00e0 9 ou plus<\/td>\n<\/tr>\n<tr>\n<td>16 contre 8<\/td>\n<td>Stand \u00e0 7 ou plus<\/td>\n<\/tr>\n<tr>\n<td>16 vs. 9<\/td>\n<td>Stand \u00e0 5 ou plus<\/td>\n<\/tr>\n<tr>\n<td>16 contre 10<\/td>\n<td>Se tenir \u00e0 0 ou plus<\/td>\n<\/tr>\n<tr>\n<td>16 contre As<\/td>\n<td>Stand \u00e0 8 ou plus<\/td>\n<\/tr>\n<\/tbody>\n<\/table>\n<\/div>\n<\/div>\n<\/div>\n<hr>\n<p>Et pour finir, un jeu bizarre : Se tenir avec A-7 contre un As \u00e0 1 ou plus.<\/p>\n<h3>Devoirs<\/h3>\n<p>Pr\u00e9parez un jeu de flashcards et commencez \u00e0 apprendre ces variations.<\/p>","protected":false},"excerpt":{"rendered":"<p>Basic Strategy Variations: Hit or Stand? The most common decision any player makes at Blackjack is whether to hit or stand, consequently this will be the most common basic strategy variation and you should learn all the important ones. The first is with a hand of 16 against a dealer&#8217;s up card of 10. You [&hellip;]<\/p>\n","protected":false},"author":2,"featured_media":0,"parent":634,"menu_order":0,"comment_status":"open","ping_status":"open","template":"page-blackjack-school.php","meta":{"_acf_changed":false,"footnotes":""},"tags":[],"class_list":["post-735","page","type-page","status-publish","hentry"],"acf":[],"yoast_head":"<!-- This site is optimized with the Yoast SEO plugin v26.6 - https:\/\/yoast.com\/wordpress\/plugins\/seo\/ -->\n<title>Blackjack School \u1408 Lesson 14 - The Advanced Course - Part 2<\/title>\n<meta name=\"description\" content=\"Lesson 14 in the GameMaster&#039;s Free Blackjack School - The most important strategy variations in blackjack.\" \/>\n<meta name=\"robots\" content=\"index, follow, max-snippet:-1, max-image-preview:large, max-video-preview:-1\" \/>\n<link rel=\"canonical\" href=\"https:\/\/www.blackjackinfo.com\/fr\/ecole-de-blackjack\/lecon-14-cours-avance-partie-2\/\" \/>\n<meta property=\"og:locale\" content=\"fr_FR\" \/>\n<meta property=\"og:type\" content=\"article\" \/>\n<meta property=\"og:title\" content=\"Blackjack School \u1408 Lesson 14 - The Advanced Course - Part 2\" \/>\n<meta property=\"og:description\" content=\"Lesson 14 in the GameMaster&#039;s Free Blackjack School - The most important strategy variations in blackjack.\" \/>\n<meta property=\"og:url\" content=\"https:\/\/www.blackjackinfo.com\/fr\/ecole-de-blackjack\/lecon-14-cours-avance-partie-2\/\" \/>\n<meta property=\"og:site_name\" content=\"BlackjackInfo.com\" \/>\n<meta property=\"article:modified_time\" content=\"2020-02-18T23:58:06+00:00\" \/>\n<meta name=\"twitter:label1\" content=\"Dur\u00e9e de lecture estim\u00e9e\" \/>\n\t<meta name=\"twitter:data1\" content=\"3 minutes\" \/>\n<script type=\"application\/ld+json\" class=\"yoast-schema-graph\">{\"@context\":\"https:\/\/schema.org\",\"@graph\":[{\"@type\":\"WebPage\",\"@id\":\"https:\/\/www.blackjackinfo.com\/blackjack-school\/lesson-14-advanced-course-part-2\/\",\"url\":\"https:\/\/www.blackjackinfo.com\/blackjack-school\/lesson-14-advanced-course-part-2\/\",\"name\":\"Blackjack School \u1408 Lesson 14 - The Advanced Course - Part 2\",\"isPartOf\":{\"@id\":\"https:\/\/www.blackjackinfo.com\/#website\"},\"datePublished\":\"2014-10-20T01:50:58+00:00\",\"dateModified\":\"2020-02-18T23:58:06+00:00\",\"description\":\"Lesson 14 in the GameMaster's Free Blackjack School - The most important strategy variations in blackjack.\",\"breadcrumb\":{\"@id\":\"https:\/\/www.blackjackinfo.com\/blackjack-school\/lesson-14-advanced-course-part-2\/#breadcrumb\"},\"inLanguage\":\"fr-FR\",\"potentialAction\":[{\"@type\":\"ReadAction\",\"target\":[\"https:\/\/www.blackjackinfo.com\/blackjack-school\/lesson-14-advanced-course-part-2\/\"]}]},{\"@type\":\"BreadcrumbList\",\"@id\":\"https:\/\/www.blackjackinfo.com\/blackjack-school\/lesson-14-advanced-course-part-2\/#breadcrumb\",\"itemListElement\":[{\"@type\":\"ListItem\",\"position\":1,\"name\":\"Home\",\"item\":\"https:\/\/www.blackjackinfo.com\/\"},{\"@type\":\"ListItem\",\"position\":2,\"name\":\"Blackjack School &#8211; A Free 24-Lesson Class on Card Counting\",\"item\":\"https:\/\/www.blackjackinfo.com\/blackjack-school\/\"},{\"@type\":\"ListItem\",\"position\":3,\"name\":\"Lesson 14 &#8211; The Advanced Course &#8211; Part 2\"}]},{\"@type\":\"WebSite\",\"@id\":\"https:\/\/www.blackjackinfo.com\/#website\",\"url\":\"https:\/\/www.blackjackinfo.com\/\",\"name\":\"BlackjackInfo.com\",\"description\":\"Because Winning is More Fun!\",\"potentialAction\":[{\"@type\":\"SearchAction\",\"target\":{\"@type\":\"EntryPoint\",\"urlTemplate\":\"https:\/\/www.blackjackinfo.com\/?s={search_term_string}\"},\"query-input\":{\"@type\":\"PropertyValueSpecification\",\"valueRequired\":true,\"valueName\":\"search_term_string\"}}],\"inLanguage\":\"fr-FR\"}]}<\/script>\n<!-- \/ Yoast SEO plugin. -->","yoast_head_json":{"title":"Ecole de Blackjack \u1408 Le\u00e7on 14 - Le cours avanc\u00e9 - Partie 2","description":"Le\u00e7on 14 de la GameMaster's Free Blackjack School - Les variations de strat\u00e9gie les plus importantes au blackjack.","robots":{"index":"index","follow":"follow","max-snippet":"max-snippet:-1","max-image-preview":"max-image-preview:large","max-video-preview":"max-video-preview:-1"},"canonical":"https:\/\/www.blackjackinfo.com\/fr\/ecole-de-blackjack\/lecon-14-cours-avance-partie-2\/","og_locale":"fr_FR","og_type":"article","og_title":"Blackjack School \u1408 Lesson 14 - The Advanced Course - Part 2","og_description":"Lesson 14 in the GameMaster's Free Blackjack School - The most important strategy variations in blackjack.","og_url":"https:\/\/www.blackjackinfo.com\/fr\/ecole-de-blackjack\/lecon-14-cours-avance-partie-2\/","og_site_name":"BlackjackInfo.com","article_modified_time":"2020-02-18T23:58:06+00:00","twitter_misc":{"Dur\u00e9e de lecture estim\u00e9e":"3 minutes"},"schema":{"@context":"https:\/\/schema.org","@graph":[{"@type":"WebPage","@id":"https:\/\/www.blackjackinfo.com\/blackjack-school\/lesson-14-advanced-course-part-2\/","url":"https:\/\/www.blackjackinfo.com\/blackjack-school\/lesson-14-advanced-course-part-2\/","name":"Ecole de Blackjack \u1408 Le\u00e7on 14 - Le cours avanc\u00e9 - Partie 2","isPartOf":{"@id":"https:\/\/www.blackjackinfo.com\/#website"},"datePublished":"2014-10-20T01:50:58+00:00","dateModified":"2020-02-18T23:58:06+00:00","description":"Le\u00e7on 14 de la GameMaster's Free Blackjack School - Les variations de strat\u00e9gie les plus importantes au blackjack.","breadcrumb":{"@id":"https:\/\/www.blackjackinfo.com\/blackjack-school\/lesson-14-advanced-course-part-2\/#breadcrumb"},"inLanguage":"fr-FR","potentialAction":[{"@type":"ReadAction","target":["https:\/\/www.blackjackinfo.com\/blackjack-school\/lesson-14-advanced-course-part-2\/"]}]},{"@type":"BreadcrumbList","@id":"https:\/\/www.blackjackinfo.com\/blackjack-school\/lesson-14-advanced-course-part-2\/#breadcrumb","itemListElement":[{"@type":"ListItem","position":1,"name":"Home","item":"https:\/\/www.blackjackinfo.com\/"},{"@type":"ListItem","position":2,"name":"Blackjack School &#8211; A Free 24-Lesson Class on Card Counting","item":"https:\/\/www.blackjackinfo.com\/blackjack-school\/"},{"@type":"ListItem","position":3,"name":"Lesson 14 &#8211; The Advanced Course &#8211; Part 2"}]},{"@type":"WebSite","@id":"https:\/\/www.blackjackinfo.com\/#website","url":"https:\/\/www.blackjackinfo.com\/","name":"BlackjackInfo.com","description":"Parce que gagner, c'est plus amusant !","potentialAction":[{"@type":"SearchAction","target":{"@type":"EntryPoint","urlTemplate":"https:\/\/www.blackjackinfo.com\/?s={search_term_string}"},"query-input":{"@type":"PropertyValueSpecification","valueRequired":true,"valueName":"search_term_string"}}],"inLanguage":"fr-FR"}]}},"_links":{"self":[{"href":"https:\/\/www.blackjackinfo.com\/fr\/wp-json\/wp\/v2\/pages\/735","targetHints":{"allow":["GET"]}}],"collection":[{"href":"https:\/\/www.blackjackinfo.com\/fr\/wp-json\/wp\/v2\/pages"}],"about":[{"href":"https:\/\/www.blackjackinfo.com\/fr\/wp-json\/wp\/v2\/types\/page"}],"author":[{"embeddable":true,"href":"https:\/\/www.blackjackinfo.com\/fr\/wp-json\/wp\/v2\/users\/2"}],"replies":[{"embeddable":true,"href":"https:\/\/www.blackjackinfo.com\/fr\/wp-json\/wp\/v2\/comments?post=735"}],"version-history":[{"count":22,"href":"https:\/\/www.blackjackinfo.com\/fr\/wp-json\/wp\/v2\/pages\/735\/revisions"}],"predecessor-version":[{"id":5464,"href":"https:\/\/www.blackjackinfo.com\/fr\/wp-json\/wp\/v2\/pages\/735\/revisions\/5464"}],"up":[{"embeddable":true,"href":"https:\/\/www.blackjackinfo.com\/fr\/wp-json\/wp\/v2\/pages\/634"}],"wp:attachment":[{"href":"https:\/\/www.blackjackinfo.com\/fr\/wp-json\/wp\/v2\/media?parent=735"}],"wp:term":[{"taxonomy":"post_tag","embeddable":true,"href":"https:\/\/www.blackjackinfo.com\/fr\/wp-json\/wp\/v2\/tags?post=735"}],"curies":[{"name":"wp","href":"https:\/\/api.w.org\/{rel}","templated":true}]}}